{"id":27348,"date":"2020-08-20T13:24:50","date_gmt":"2020-08-20T11:24:50","guid":{"rendered":"https:\/\/www.alarmautomatika.com\/video-analytics-and-artificial-intelligence\/"},"modified":"2023-11-10T09:51:29","modified_gmt":"2023-11-10T08:51:29","slug":"analytika-videa-a-umela-inteligencia","status":"publish","type":"page","link":"https:\/\/www.alarmautomatika.com\/sk\/produkty\/analytika-videa-a-umela-inteligencia\/","title":{"rendered":"Analytika videa a umel\u00e1 inteligencia"},"content":{"rendered":"<p>[et_pb_section fb_built=&#8220;1&#8243; _builder_version=&#8220;4.6.2&#8243; _module_preset=&#8220;default&#8220; background_image=&#8220;https:\/\/www.alarmautomatika.com\/wp-content\/uploads\/2020\/09\/video-analitika-umjetna-inteligencija.jpg&#8220; background_size=&#8220;initial&#8220; background_position=&#8220;top_center&#8220; global_colors_info=&#8220;{}&#8220;][et_pb_row _builder_version=&#8220;4.6.0&#8243; _module_preset=&#8220;default&#8220; width=&#8220;95%&#8220; global_colors_info=&#8220;{}&#8220;][et_pb_column type=&#8220;4_4&#8243; _builder_version=&#8220;4.6.0&#8243; _module_preset=&#8220;default&#8220; global_colors_info=&#8220;{}&#8220;][et_pb_text _builder_version=&#8220;4.6.0&#8243; _dynamic_attributes=&#8220;content&#8220; _module_preset=&#8220;default&#8220; text_font=&#8220;|600|||||||&#8220; text_text_color=&#8220;#ffffff&#8220; text_font_size=&#8220;48px&#8220; text_line_height=&#8220;1.2em&#8220; custom_padding=&#8220;80px|50px||50px|false|true&#8220; text_font_size_tablet=&#8220;40px&#8220; text_font_size_phone=&#8220;32px&#8220; text_font_size_last_edited=&#8220;on|desktop&#8220; text_line_height_tablet=&#8220;&#8220; text_line_height_phone=&#8220;&#8220; text_line_height_last_edited=&#8220;on|phone&#8220; header_font_tablet=&#8220;&#8220; header_font_phone=&#8220;&#8220; header_font_last_edited=&#8220;on|phone&#8220; header_font_size_tablet=&#8220;&#8220; header_font_size_phone=&#8220;&#8220; header_font_size_last_edited=&#8220;on|phone&#8220; header_line_height_tablet=&#8220;&#8220; header_line_height_phone=&#8220;&#8220; header_line_height_last_edited=&#8220;on|desktop&#8220; global_colors_info=&#8220;{}&#8220;]@ET-DC@eyJkeW5hbWljIjp0cnVlLCJjb250ZW50IjoicG9zdF90aXRsZSIsInNldHRpbmdzIjp7ImJlZm9yZSI6IiIsImFmdGVyIjoiIn19@[\/et_pb_text][\/et_pb_column][\/et_pb_row][et_pb_row column_structure=&#8220;3_4,1_4&#8243; _builder_version=&#8220;4.6.0&#8243; _module_preset=&#8220;default&#8220; background_color=&#8220;#ffffff&#8220; width=&#8220;95%&#8220; custom_margin=&#8220;20px||||false|false&#8220; custom_margin_tablet=&#8220;10px||||false|false&#8220; custom_margin_phone=&#8220;10px||||false|false&#8220; custom_margin_last_edited=&#8220;on|desktop&#8220; custom_padding=&#8220;50px|50px|50px|50px|true|true&#8220; box_shadow_style=&#8220;preset2&#8243; global_colors_info=&#8220;{}&#8220;][et_pb_column type=&#8220;3_4&#8243; _builder_version=&#8220;4.6.0&#8243; _module_preset=&#8220;default&#8220; global_colors_info=&#8220;{}&#8220;][et_pb_text _builder_version=&#8220;4.10.2&#8243; _module_preset=&#8220;default&#8220; link_font=&#8220;|600|||||||&#8220; header_2_text_align=&#8220;left&#8220; header_2_font_size=&#8220;30px&#8220; header_2_line_height=&#8220;1.2em&#8220; hover_enabled=&#8220;0&#8243; header_font_size_tablet=&#8220;48px&#8220; header_font_size_phone=&#8220;&#8220; header_font_size_last_edited=&#8220;on|tablet&#8220; header_2_font_size_tablet=&#8220;&#8220; header_2_font_size_phone=&#8220;25px&#8220; header_2_font_size_last_edited=&#8220;on|phone&#8220; global_colors_info=&#8220;{}&#8220; sticky_enabled=&#8220;0&#8243;]<\/p>\n<blockquote>\n<h2>Softv\u00e9r alebo Edge anal\u00fdza videa<\/h2>\n<\/blockquote>\n<p>Anal\u00fdzu videa je mo\u017en\u00e9 zabudova\u0165 do rekord\u00e9ra, ktor\u00fd vy\u017eaduje infra\u0161trukt\u00faru s v\u00e4\u010d\u0161ou \u0161\u00edrkou p\u00e1sma, alebo do v\u00fdkonnej\u0161\u00edch kamier.<\/p>\n<blockquote>\n<h2>Pokro\u010dil\u00e1 priestorov\u00e1 anal\u00fdza<\/h2>\n<\/blockquote>\n<p>Pokro\u010dil\u00e1 priestorov\u00e1 anal\u00fdza sa spolieha na technol\u00f3gie Deep Learning a AI, ktor\u00e9 zais\u0165uj\u00fa vysok\u00fa spo\u013eahlivos\u0165 detekcie bez falo\u0161n\u00fdch poplachov. Umo\u017e\u0148uje presn\u00fa detekciu vstupov a zdr\u017eiavania sa v ur\u010ditej z\u00f3ne, detekciu odlo\u017een\u00e9ho objektu alebo zmiznutie objektu. Vysok\u00e1 presnos\u0165 pri odl\u00ed\u0161en\u00ed \u010dloveka napr\u00edklad od zvierat, da\u017e\u010fa alebo zmeny osvetlenia.<\/p>\n<blockquote>\n<h2>Forenzn\u00e9 vyh\u013ead\u00e1vanie<\/h2>\n<\/blockquote>\n<p>Metad\u00e1ta v\u00e1m umo\u017e\u0148uj\u00fa r\u00fdchlo preh\u013ead\u00e1va\u0165 ulo\u017een\u00e9 video z\u00e1znamy pomocou k\u013e\u00fa\u010dov\u00fdch inform\u00e1ci\u00ed, napr\u00edklad vyh\u013ead\u00e1van\u00edm v\u0161etk\u00fdch \u00e1ut ur\u010ditej farby .<\/p>\n<blockquote>\n<h2>Analytika n\u00e1v\u0161tevnosti<\/h2>\n<\/blockquote>\n<p>Pokro\u010dil\u00e1 dopravn\u00e1 analytika umo\u017e\u0148uje detegova\u0165 situ\u00e1cie, ktor\u00e9 nie s\u00fa na cest\u00e1ch be\u017en\u00e9 \u2013 jazda nespr\u00e1vnym smerom, prekro\u010denie r\u00fdchlosti, udr\u017eiavanie vozidiel na zak\u00e1zan\u00fdch miestach, upozor\u0148ovanie vozidiel, ktor\u00e9 maj\u00fa zak\u00e1zan\u00fd pohyb na cest\u00e1ch alebo ktor\u00e9 s\u00fa na ceste v nepovolen\u00fd \u010das. S t\u00fdm s\u00favis\u00ed aj rozpozn\u00e1vanie a zaznamen\u00e1vanie pozn\u00e1vac\u00edch zna\u010diek vozidiel a spracovanie v\u0161etk\u00fdch \u00fadajov vo video monitorovacom centre .<\/p>\n<blockquote>\n<h2>Rozpozn\u00e1vanie \u0160PZ vozidiel (LPR)<\/h2>\n<\/blockquote>\n<p>\u0160peci\u00e1lne IP kamery umo\u017e\u0148uj\u00fa rozpozn\u00e1vanie \u0160PZ vozidiel (LPR). Zaznamenan\u00e1 registr\u00e1cia sa prevedie do digit\u00e1lneho z\u00e1znamu cez OCR softv\u00e9r a je mo\u017en\u00e9 vyh\u013ead\u00e1va\u0165 v datab\u00e1zach vozidiel. \u010eal\u0161ia integr\u00e1cia prostredn\u00edctvom softv\u00e9ru ABsistemPARK umo\u017e\u0148uje autoriz\u00e1ciu pr\u00edstupu vozidla, automatick\u00e9 ovl\u00e1danie rampy a prepojenie so softv\u00e9rom na riadenie podniku.<\/p>\n<blockquote>\n<h2>Po\u010d\u00edtanie \u013eud\u00ed a n\u00e1v\u0161tevn\u00edkov<\/h2>\n<\/blockquote>\n<p>Po\u010d\u00edtanie z\u00e1kazn\u00edkov a n\u00e1v\u0161tevn\u00edkov v objekte a zaznamen\u00e1vanie po\u010dtu os\u00f4b (vstupuj\u00facich a vych\u00e1dzaj\u00facich z objektu) do datab\u00e1zy je mo\u017en\u00e9 pomocou IP kamier. Na zabezpe\u010denie vysokej presnosti po\u010d\u00edtania a\u017e 98% sa pou\u017e\u00edvaj\u00fa sie\u0165ov\u00e9 stereo po\u010d\u00edtacie kamery Vivotek s implementovanou technol\u00f3giou 3D Depth. Integr\u00e1cia so softv\u00e9rom ABsistemCounter umo\u017e\u0148uje centralizovan\u00fd preh\u013ead zozbieran\u00fdch \u00fadajov v re\u00e1lnom \u010dase a po\u010das n\u00e1sledn\u00fdch anal\u00fdz.<\/p>\n<blockquote>\n<h2>Teplotn\u00e9 mapy<\/h2>\n<\/blockquote>\n<p>Kamery typu rybie oko sa zvy\u010dajne pou\u017e\u00edvaj\u00fa na monitorovanie ve\u013ek\u00fdch pl\u00f4ch. Z\u00e1rove\u0148 umo\u017e\u0148uj\u00fa anal\u00fdzu spr\u00e1vania \u013eud\u00ed vo forme tepeln\u00fdch m\u00e1p. Ukazuje, kde sa \u013eudia najviac zdr\u017euj\u00fa a kde sa vytv\u00e1raj\u00fa davy, \u010do je d\u00f4le\u017eit\u00e1 inform\u00e1cia pre lep\u0161iu organiz\u00e1ciu priestorov a podnikania. Softv\u00e9r ABsistemSmartRetail obsahuje aj funkciu anal\u00fdzy spr\u00e1vania z\u00e1kazn\u00edkov v predajniach prostredn\u00edctvom tepeln\u00fdch m\u00e1p.<\/p>\n<p>[\/et_pb_text][\/et_pb_column][et_pb_column type=&#8220;1_4&#8243; _builder_version=&#8220;4.6.0&#8243; _module_preset=&#8220;default&#8220; custom_padding_tablet=&#8220;&#8220; custom_padding_phone=&#8220;&#8220; custom_padding_last_edited=&#8220;on|phone&#8220; global_colors_info=&#8220;{}&#8220;][et_pb_image src=&#8220;https:\/\/www.alarmautomatika.com\/wp-content\/uploads\/2020\/10\/idea-solution-logo-home-banner.png&#8220; alt=&#8220;iDEA Solution&#8220; title_text=&#8220;iDEA Solution&#8220; align=&#8220;center&#8220; _builder_version=&#8220;4.7.4&#8243; _module_preset=&#8220;default&#8220; global_colors_info=&#8220;{}&#8220;][\/et_pb_image][et_pb_accordion module_class=&#8220;idea-value-propositions&#8220; _builder_version=&#8220;4.9.0&#8243; _module_preset=&#8220;default&#8220; global_module=&#8220;8292&#8243; global_colors_info=&#8220;{}&#8220;][et_pb_accordion_item title=&#8220;Blank&#8220; open=&#8220;on&#8220; _builder_version=&#8220;4.9.0&#8243; _module_preset=&#8220;default&#8220; custom_css_main_element=&#8220;display:none;&#8220; global_colors_info=&#8220;{}&#8220;][\/et_pb_accordion_item][et_pb_accordion_item title=&#8220;Clients&#8220; _builder_version=&#8220;4.9.0&#8243; _module_preset=&#8220;default&#8220; global_colors_info=&#8220;{}&#8220; open=&#8220;off&#8220;]<\/p>\n<p><a href=\"https:\/\/www.alarmautomatika.com\/sk\/clients\/banky-a-financne-institucie\/\">Banke i financijske institucije<\/a><\/p>\n<p><a href=\"https:\/\/www.alarmautomatika.com\/sk\/clients\/hotely\/\">Hoteli<\/a><\/p>\n<p><a href=\"https:\/\/www.alarmautomatika.com\/sk\/clients\/nakupne-centra\/\">Trgova\u010dki centri<\/a><\/p>\n<p><a href=\"https:\/\/www.alarmautomatika.com\/sk\/clients\/verejne-a-obchodne-zariadenia\/\">Javni i poslovni objekti<\/a><\/p>\n<p><a href=\"https:\/\/www.alarmautomatika.com\/sk\/clients\/priemysel-a-velke-infrastrukturne-zariadenia\/\">Industrija i kriti\u010dna infrastruktura<\/a><\/p>\n<p><a href=\"https:\/\/www.alarmautomatika.com\/sk\/clients\/verejne-priestory-a-zariadenia\/\">Javne povr\u0161ine i prostori<\/a><\/p>\n<p>[\/et_pb_accordion_item][et_pb_accordion_item title=&#8220;Products&#8220; _builder_version=&#8220;4.9.0&#8243; _module_preset=&#8220;default&#8220; global_colors_info=&#8220;{}&#8220; open=&#8220;off&#8220;]<\/p>\n<p><a href=\"https:\/\/www.alarmautomatika.com\/sk\/produkty\/analytika-videa-a-umela-inteligencia\/\">Videoanalitika i umjetna inteligencija<\/a><\/p>\n<p><a href=\"https:\/\/www.alarmautomatika.com\/sk\/produkty\/termovizia-a-obvodova-ochrana\/\">Termovizija i za\u0161tita perimetra<\/a><\/p>\n<p><a href=\"https:\/\/www.alarmautomatika.com\/sk\/produkty\/pokrocile-systemy-kontroly-pristupu\/\">Napredni sustavi kontrole pristupa<\/a><\/p>\n<p><a href=\"https:\/\/www.alarmautomatika.com\/en\/products\/electronic-article-surveillance\/\">Elektroni\u010dka za\u0161tita artikala od kra\u0111e<\/a><\/p>\n<p><a href=\"https:\/\/www.alarmautomatika.com\/sk\/produkty\/inteligentne-riadenie-dopravy-a-parkovania\/\">Inteligentno upravljanje prometom i parkingom<\/a><\/p>\n<p><a href=\"https:\/\/www.alarmautomatika.com\/sk\/produkty\/bms-a-systemy-facility-managementu\/\">BMS i upravljanje sustavima na objektu<\/a><\/p>\n<p>[\/et_pb_accordion_item][et_pb_accordion_item title=&#8220;Softwares&#8220; _builder_version=&#8220;4.9.0&#8243; _module_preset=&#8220;default&#8220; global_colors_info=&#8220;{}&#8220; open=&#8220;off&#8220;]<\/p>\n<p><a href=\"https:\/\/www.alarmautomatika.com\/sk\/softwares\/intelligent-management-and-control\/#izdavanje-ulaznica\" data-et-has-event-already=\"true\">Izdavanje ulaznica<\/a><\/p>\n<p><a href=\"https:\/\/www.alarmautomatika.com\/sk\/softwares\/intelligent-management-and-control\/#brojanje-ljudi\" data-et-has-event-already=\"true\">Brojanje ljudi<\/a><\/p>\n<p><a href=\"https:\/\/www.alarmautomatika.com\/sk\/softwares\/intelligent-management-and-control\/#rezervacija-soba\" data-et-has-event-already=\"true\">Rezervacija soba<\/a><\/p>\n<p><a href=\"https:\/\/www.alarmautomatika.com\/sk\/softwares\/intelligent-management-and-control\/#parking-rjesenja\" data-et-has-event-already=\"true\">Parking rje\u0161enja<\/a><\/p>\n<p><a href=\"https:\/\/www.alarmautomatika.com\/sk\/softwares\/intelligent-management-and-control\/#upravljanje-prometom\" data-et-has-event-already=\"true\">Upravljanje prometom<\/a><\/p>\n<p><a href=\"https:\/\/www.alarmautomatika.com\/sk\/softwares\/intelligent-management-and-control\/#upravljanje-posjetiteljima\" data-et-has-event-already=\"true\">Upravljanje posjetiteljima<\/a><\/p>\n<p><a href=\"https:\/\/www.alarmautomatika.com\/sk\/softwares\/intelligent-management-and-control\/#nadzor-na-pretovarnim-stanicama\" data-et-has-event-already=\"true\">Nadzor na pretovarnim stanicama<\/a><\/p>\n<p>[\/et_pb_accordion_item][et_pb_accordion_item title=&#8220;Services&#8220; _builder_version=&#8220;4.9.0&#8243; _module_preset=&#8220;default&#8220; global_colors_info=&#8220;{}&#8220; open=&#8220;off&#8220;]<\/p>\n<p><a href=\"https:\/\/www.alarmautomatika.com\/sk\/services\/professional-services-for-complex-projects\/#projektiranje\" data-et-has-event-already=\"true\">Projektiranje<\/a><\/p>\n<p><a href=\"https:\/\/www.alarmautomatika.com\/sk\/services\/professional-services-for-complex-projects\/#prosudba-ugrozenosti-i-elaborat-mjera-sigurnosti\" data-et-has-event-already=\"true\">Prosudba ugro\u017eenosti i elaborat mjera sigurnosti<\/a><\/p>\n<p><a href=\"https:\/\/www.alarmautomatika.com\/sk\/services\/professional-services-for-complex-projects\/#konzalting\" data-et-has-event-already=\"true\">Konzalting<\/a><\/p>\n<p><a href=\"https:\/\/www.alarmautomatika.com\/sk\/services\/professional-services-for-complex-projects\/#nadzor-nad-izvodjenjem\" data-et-has-event-already=\"true\">Nadzor nad izvo\u0111enjem<\/a><\/p>\n<p><a href=\"https:\/\/www.alarmautomatika.com\/sk\/services\/professional-services-for-complex-projects\/#koordinacija-i-vodjenje-projekata\" data-et-has-event-already=\"true\">Koordinacija i vo\u0111enje projekata<\/a><\/p>\n<p><a href=\"https:\/\/www.alarmautomatika.com\/sk\/services\/professional-services-for-complex-projects\/#softverska-integracija\" data-et-has-event-already=\"true\">Softverska integracija i ukla\u0161anje u IKT<\/a><\/p>\n<p>[\/et_pb_accordion_item][et_pb_accordion_item title=&#8220;Platform&#8220; _builder_version=&#8220;4.9.0&#8243; _module_preset=&#8220;default&#8220; global_colors_info=&#8220;{}&#8220; open=&#8220;off&#8220;]<\/p>\n<p><a href=\"https:\/\/www.alarmautomatika.com\/sk\/platform\/#razmjena-znanja\" data-et-has-event-already=\"true\">Platforma za razmjenu znanja sudionika procesa gra\u0111enja<\/a><\/p>\n<p>[\/et_pb_accordion_item][\/et_pb_accordion][\/et_pb_column][\/et_pb_row][\/et_pb_section]<\/p>\n","protected":false},"excerpt":{"rendered":"<p>Softv\u00e9r alebo Edge anal\u00fdza videa Anal\u00fdzu videa je mo\u017en\u00e9 zabudova\u0165 do rekord\u00e9ra, ktor\u00fd vy\u017eaduje infra\u0161trukt\u00faru s v\u00e4\u010d\u0161ou \u0161\u00edrkou p\u00e1sma, alebo do v\u00fdkonnej\u0161\u00edch kamier. Pokro\u010dil\u00e1 priestorov\u00e1 anal\u00fdza Pokro\u010dil\u00e1 priestorov\u00e1 anal\u00fdza sa spolieha na technol\u00f3gie Deep Learning a AI, ktor\u00e9 zais\u0165uj\u00fa vysok\u00fa spo\u013eahlivos\u0165 detekcie bez falo\u0161n\u00fdch poplachov. Umo\u017e\u0148uje presn\u00fa detekciu vstupov a zdr\u017eiavania sa v ur\u010ditej z\u00f3ne, [&hellip;]<\/p>\n","protected":false},"author":15,"featured_media":0,"parent":41454,"menu_order":0,"comment_status":"closed","ping_status":"closed","template":"","meta":{"_et_pb_use_builder":"on","_et_pb_old_content":"","_et_gb_content_width":"","footnotes":""},"class_list":["post-27348","page","type-page","status-publish","hentry"],"_links":{"self":[{"href":"https:\/\/www.alarmautomatika.com\/sk\/wp-json\/wp\/v2\/pages\/27348","targetHints":{"allow":["GET"]}}],"collection":[{"href":"https:\/\/www.alarmautomatika.com\/sk\/wp-json\/wp\/v2\/pages"}],"about":[{"href":"https:\/\/www.alarmautomatika.com\/sk\/wp-json\/wp\/v2\/types\/page"}],"author":[{"embeddable":true,"href":"https:\/\/www.alarmautomatika.com\/sk\/wp-json\/wp\/v2\/users\/15"}],"replies":[{"embeddable":true,"href":"https:\/\/www.alarmautomatika.com\/sk\/wp-json\/wp\/v2\/comments?post=27348"}],"version-history":[{"count":2,"href":"https:\/\/www.alarmautomatika.com\/sk\/wp-json\/wp\/v2\/pages\/27348\/revisions"}],"predecessor-version":[{"id":50429,"href":"https:\/\/www.alarmautomatika.com\/sk\/wp-json\/wp\/v2\/pages\/27348\/revisions\/50429"}],"up":[{"embeddable":true,"href":"https:\/\/www.alarmautomatika.com\/sk\/wp-json\/wp\/v2\/pages\/41454"}],"wp:attachment":[{"href":"https:\/\/www.alarmautomatika.com\/sk\/wp-json\/wp\/v2\/media?parent=27348"}],"curies":[{"name":"wp","href":"https:\/\/api.w.org\/{rel}","templated":true}]}}