{"id":27351,"date":"2020-08-20T14:32:02","date_gmt":"2020-08-20T12:32:02","guid":{"rendered":"https:\/\/www.alarmautomatika.com\/video-interphones\/"},"modified":"2024-04-22T11:05:59","modified_gmt":"2024-04-22T09:05:59","slug":"video-interkom","status":"publish","type":"page","link":"https:\/\/www.alarmautomatika.com\/sk\/produkty\/video-interkom\/","title":{"rendered":"Video interkom"},"content":{"rendered":"<p>[et_pb_section fb_built=&#8220;1&#8243; _builder_version=&#8220;4.16&#8243; _module_preset=&#8220;default&#8220; background_image=&#8220;https:\/\/www.alarmautomatika.com\/wp-content\/uploads\/2020\/09\/Videointerfoni.jpg&#8220; background_size=&#8220;initial&#8220; background_position=&#8220;top_center&#8220; global_colors_info=&#8220;{}&#8220;][et_pb_row _builder_version=&#8220;4.16&#8243; _module_preset=&#8220;default&#8220; width=&#8220;95%&#8220; global_colors_info=&#8220;{}&#8220;][et_pb_column type=&#8220;4_4&#8243; _builder_version=&#8220;4.16&#8243; _module_preset=&#8220;default&#8220; global_colors_info=&#8220;{}&#8220;][et_pb_text _builder_version=&#8220;4.16&#8243; _dynamic_attributes=&#8220;content&#8220; _module_preset=&#8220;default&#8220; text_font=&#8220;|600|||||||&#8220; text_text_color=&#8220;#ffffff&#8220; text_font_size=&#8220;48px&#8220; text_line_height=&#8220;1.2em&#8220; custom_padding=&#8220;80px|50px||50px|false|true&#8220; text_font_size_tablet=&#8220;40px&#8220; text_font_size_phone=&#8220;32px&#8220; text_font_size_last_edited=&#8220;on|desktop&#8220; text_line_height_tablet=&#8220;&#8220; text_line_height_phone=&#8220;&#8220; text_line_height_last_edited=&#8220;on|phone&#8220; header_font_tablet=&#8220;&#8220; header_font_phone=&#8220;&#8220; header_font_last_edited=&#8220;on|phone&#8220; header_font_size_tablet=&#8220;&#8220; header_font_size_phone=&#8220;&#8220; header_font_size_last_edited=&#8220;on|phone&#8220; header_line_height_tablet=&#8220;&#8220; header_line_height_phone=&#8220;&#8220; header_line_height_last_edited=&#8220;on|desktop&#8220; global_colors_info=&#8220;{}&#8220;]@ET-DC@eyJkeW5hbWljIjp0cnVlLCJjb250ZW50IjoicG9zdF90aXRsZSIsInNldHRpbmdzIjp7ImJlZm9yZSI6IiIsImFmdGVyIjoiIn19@[\/et_pb_text][\/et_pb_column][\/et_pb_row][et_pb_row column_structure=&#8220;3_4,1_4&#8243; _builder_version=&#8220;4.16&#8243; _module_preset=&#8220;default&#8220; background_color=&#8220;#ffffff&#8220; width=&#8220;95%&#8220; custom_margin=&#8220;20px||||false|false&#8220; custom_margin_tablet=&#8220;10px||||false|false&#8220; custom_margin_phone=&#8220;10px||||false|false&#8220; custom_margin_last_edited=&#8220;on|desktop&#8220; custom_padding=&#8220;50px|50px|50px|50px|true|true&#8220; box_shadow_style=&#8220;preset2&#8243; global_colors_info=&#8220;{}&#8220;][et_pb_column type=&#8220;3_4&#8243; _builder_version=&#8220;4.16&#8243; _module_preset=&#8220;default&#8220; global_colors_info=&#8220;{}&#8220;][et_pb_text _builder_version=&#8220;4.24.3&#8243; _module_preset=&#8220;default&#8220; link_font=&#8220;|600|||||||&#8220; header_2_text_align=&#8220;left&#8220; header_2_font_size=&#8220;30px&#8220; header_2_line_height=&#8220;1.2em&#8220; hover_enabled=&#8220;0&#8243; header_font_size_tablet=&#8220;48px&#8220; header_font_size_phone=&#8220;&#8220; header_font_size_last_edited=&#8220;on|tablet&#8220; header_2_font_size_tablet=&#8220;&#8220; header_2_font_size_phone=&#8220;25px&#8220; header_2_font_size_last_edited=&#8220;on|phone&#8220; global_colors_info=&#8220;{}&#8220; sticky_enabled=&#8220;0&#8243;]<\/p>\n<blockquote>\n<h2>Flexibilita DVC monitorov a vstupn\u00fdch panelov<\/h2>\n<\/blockquote>\n<p>Vn\u00fatorn\u00e9 monitory DVC s\u00fa flexibiln\u00e9 vo ve\u013ekosti a v\u00fdkone, prisp\u00f4sobite\u013en\u00e9 r\u00f4znym potreb\u00e1m z\u00e1kazn\u00edkov. Najpokro\u010dilej\u0161ia jednotka pon\u00faka Wi-Fi pr\u00edstup na internet bez potreby \u010fal\u0161ieho zariadenia, ovl\u00e1danie prebieha cez dotykov\u00fa obrazovku, je podporovan\u00e1 prev\u00e1dzka smartf\u00f3nov a mo\u017eno pripoji\u0165 pomocn\u00e9 monitory pre roz\u0161\u00edrenie syst\u00e9mu.<\/p>\n<p>Vstupn\u00e9 panely DVC sa vyzna\u010duj\u00fa kvalitou a dizajnovou dokonalos\u0165ou. S\u00fa vyroben\u00e9 z nehrdzavej\u00facej ocele alebo br\u00fasen\u00e9ho hlin\u00edka, ktor\u00e9 zvy\u0161uj\u00fa odolnos\u0165 proti poveternostn\u00fdm vplyvom. Nov\u0161ie modely sa vyzna\u010duj\u00fa vynikaj\u00facou kvalitou obrazu, ktor\u00fa poskytuje pokro\u010dil\u00e1 farebn\u00e1 kamera typu rybie oko, a ich mal\u00e9 rozmery dod\u00e1vaj\u00fa flexibilitu pri v\u00fdbere miesta mont\u00e1\u017ee.<\/p>\n<blockquote>\n<h2>DVC 2Easy Syst\u00e9my videovr\u00e1tnikov<\/h2>\n<\/blockquote>\n<p>Len 2 vodi\u010de (bez polarity) v celej in\u0161tal\u00e1cii. Syst\u00e9m 2Easy je zjednodu\u0161en\u00fdm in\u0161tala\u010dn\u00fdm syst\u00e9mom, ktor\u00fd umo\u017e\u0148uje, aby existuj\u00face audio syst\u00e9my, najm\u00e4 vo v\u00e4\u010d\u0161\u00edch obytn\u00fdch budov\u00e1ch, mohli by\u0165 jednoducho nahraden\u00e9 modern\u00fdmi DVC video syst\u00e9mami bez dodato\u010dn\u00fdch n\u00e1kladov na in\u0161tal\u00e1ciu.<\/p>\n<blockquote>\n<h2>DVC IP video-interkom syst\u00e9my<\/h2>\n<\/blockquote>\n<p>Syst\u00e9m DVC IP videovr\u00e1tnika je stabiln\u00fd, flexibiln\u00fd, cenovo dostupn\u00fd a \u013eahko sa in\u0161taluje a pou\u017e\u00edva. \u013dahko sa integruje s in\u00fdmi syst\u00e9mami. Na jednu adresu je mo\u017en\u00e9 naprogramova\u0165 a\u017e 32 monitorov s neobmedzenou vzdialenos\u0165ou, r\u00fdchlou a jednoduchou in\u0161tal\u00e1ciou, bez potreby nap\u00e1jac\u00edch zdrojov, distrib\u00fatorov alebo ak\u00fdchko\u013evek in\u00fdch modulov. V\u010faka tomu je ide\u00e1lny pre v\u0161etky typy zariaden\u00ed, mal\u00e9, stredn\u00e9 a ve\u013ek\u00e9. IP syst\u00e9m poskytuje vysokokvalitn\u00e9 obrazov\u00e9 a zvukov\u00e9 sign\u00e1ly, vyu\u017e\u00edva existuj\u00facu sie\u0165ov\u00fa \u0161trukt\u00faru, umo\u017e\u0148uje integr\u00e1ciu s Wi-Fi ant\u00e9nami a 2-vodi\u010dov\u00fdmi syst\u00e9mami, ako aj vyu\u017eitie univerz\u00e1lnych PoE nap\u00e1jac\u00edch zdrojov a monitorovania IP CCTV kamier.<\/p>\n<blockquote>\n<h2>DVC modul\u00e1rne vstupn\u00e9 panely<\/h2>\n<\/blockquote>\n<p>Okrem \u0161tandardn\u00fdch funkci\u00ed ka\u017ed\u00e9ho vstupn\u00e9ho panelu DVC umo\u017e\u0148uje modul\u00e1rny syst\u00e9m maxim\u00e1lne prisp\u00f4sobenie \u0161pecifick\u00fdm potreb\u00e1m objektu. Plne modul\u00e1rny panel d\u00e1va na v\u00fdber kombin\u00e1ciu 4-tla\u010didlov\u00fdch modulov v r\u00e1moch, ktor\u00e9 akceptuj\u00fa 2, 3, 4 alebo 6 tak\u00fdchto modulov. Je mo\u017en\u00e9 nain\u0161talova\u0165 pr\u00e1zdne tla\u010didl\u00e1 pre nepou\u017e\u00edvan\u00e9 poz\u00edcie. Syst\u00e9m je plne flexibiln\u00fd a prisp\u00f4sobite\u013en\u00fd r\u00f4znym potreb\u00e1m klientov a v\u0161etky tieto funkcionality prispievaj\u00fa k celkovej estetike.<\/p>\n<blockquote>\n<h2>DVC 2Jednoduch\u00e1 aplik\u00e1cia pre syst\u00e9my videovr\u00e1tnikov<\/h2>\n<\/blockquote>\n<p>Mobiln\u00e1 aplik\u00e1cia DVC 2Easy sa \u013eahko pou\u017e\u00edva a poskytuje u\u017e\u00edvate\u013esky pr\u00edvetiv\u00fa spr\u00e1vu syst\u00e9mu. Z ponuky aplik\u00e1ci\u00ed m\u00f4\u017ee pou\u017e\u00edvate\u013e odpoveda\u0165 na hovory zo vstupn\u00e9ho panela, rozpr\u00e1va\u0165 sa s n\u00e1v\u0161tevn\u00edkmi cez svoje mobiln\u00e9 zariadenie, prij\u00edma\u0165 videohovory a ude\u013eova\u0165 pr\u00edstup do svojich priestorov cez mobiln\u00fd telef\u00f3n alebo tablet.<\/p>\n<p>[\/et_pb_text][\/et_pb_column][et_pb_column type=&#8220;1_4&#8243; _builder_version=&#8220;4.16&#8243; _module_preset=&#8220;default&#8220; custom_padding_tablet=&#8220;&#8220; custom_padding_phone=&#8220;&#8220; custom_padding_last_edited=&#8220;on|phone&#8220; global_colors_info=&#8220;{}&#8220;][et_pb_image src=&#8220;https:\/\/www.alarmautomatika.com\/wp-content\/uploads\/2020\/10\/idea-classic-logo-home-banner.png&#8220; alt=&#8220;iDEA Classic&#8220; title_text=&#8220;iDEA Classic&#8220; align=&#8220;center&#8220; _builder_version=&#8220;4.16&#8243; _module_preset=&#8220;default&#8220; global_colors_info=&#8220;{}&#8220;][\/et_pb_image][et_pb_accordion module_class=&#8220;idea-value-propositions&#8220; _builder_version=&#8220;4.9.0&#8243; _module_preset=&#8220;default&#8220; global_module=&#8220;8295&#8243; global_colors_info=&#8220;{}&#8220;][et_pb_accordion_item title=&#8220;Blank&#8220; open=&#8220;on&#8220; _builder_version=&#8220;4.16&#8243; _module_preset=&#8220;default&#8220; custom_css_main_element=&#8220;display:none;&#8220; global_colors_info=&#8220;{}&#8220;][\/et_pb_accordion_item][et_pb_accordion_item title=&#8220;Klientov&#8220; _builder_version=&#8220;4.16&#8243; _module_preset=&#8220;default&#8220; global_colors_info=&#8220;{}&#8220; open=&#8220;off&#8220;]<\/p>\n<p><a href=\"https:\/\/www.alarmautomatika.com\/sk\/clients\/montazne-firmy-s-licenciou\/\">Mont\u00e1\u017ene firmy s licenciou<\/a><\/p>\n<p><a href=\"https:\/\/www.alarmautomatika.com\/sk\/clients\/centralna-monitorovacia-stanica-cms\/\">Centr\u00e1lna monitorovacia stanica (CMS)<\/a><\/p>\n<p><a href=\"https:\/\/www.alarmautomatika.com\/sk\/clients\/instalateri\/\">In\u0161talat\u00e9ri<\/a><\/p>\n<p><a href=\"https:\/\/www.alarmautomatika.com\/sk\/clients\/predajne-elektrospotrebicov-a-pocitacov-internetove-obchody\/\">Predajne elektrospotrebi\u010dov a po\u010d\u00edta\u010dov, internetov\u00e9 obchody<\/a><\/p>\n<p>[\/et_pb_accordion_item][et_pb_accordion_item title=&#8220;Produkty&#8220; _builder_version=&#8220;4.16&#8243; _module_preset=&#8220;default&#8220; global_colors_info=&#8220;{}&#8220; open=&#8220;off&#8220;]<\/p>\n<p><a href=\"https:\/\/www.alarmautomatika.com\/sk\/produkty\/video\/\">Video<\/a><\/p>\n<p><a href=\"https:\/\/www.alarmautomatika.com\/sk\/produkty\/systemy-proti-vniknutiu-a-vlamaniu\/\">Anti-intrusion and Anti-burglary systems<\/a><\/p>\n<p><a href=\"https:\/\/www.alarmautomatika.com\/sk\/produkty\/video-interkom\/\">Syst\u00e9my proti vniknutiu a vl\u00e1maniu<\/a><\/p>\n<p><a href=\"https:\/\/www.alarmautomatika.com\/sk\/produkty\/access-and-time-attendance-control\/\">Kontrola pr\u00edstupu a doch\u00e1dzky<\/a><\/p>\n<p><a href=\"https:\/\/www.alarmautomatika.com\/sk\/produkty\/audio-riesenia\/\">Audio rie\u0161enia<\/a><\/p>\n<p><a href=\"https:\/\/www.alarmautomatika.com\/sk\/produkty\/automation-for-gates-doors-and-barriers\/\">Automatiz\u00e1cia br\u00e1n, dver\u00ed a z\u00e1vor<\/a><\/p>\n<p><a href=\"https:\/\/www.alarmautomatika.com\/sk\/produkty\/centralna-monitorovacia-stationica-cms\/\">Centr\u00e1lna Monitorovacia Stationica (CMS)<\/a><\/p>\n<p><a href=\"https:\/\/www.alarmautomatika.com\/sk\/produkty\/poziarne-a-plynove-poplachove-systemy\/\">Po\u017eiarne a plynov\u00e9 poplachov\u00e9 syst\u00e9my<\/a><\/p>\n<p>[\/et_pb_accordion_item][et_pb_accordion_item title=&#8220;Softv\u00e9r&#8220; _builder_version=&#8220;4.16&#8243; _module_preset=&#8220;default&#8220; global_colors_info=&#8220;{}&#8220; open=&#8220;off&#8220;]<\/p>\n<p><a href=\"https:\/\/www.alarmautomatika.com\/sk\/softwares\/softver-centralizacie-alarmov-absistemdcng\/\">Softv\u00e9r centraliz\u00e1cie alarmov ABsistemDC(NG)<\/a><\/p>\n<p>[\/et_pb_accordion_item][et_pb_accordion_item title=&#8220;Slu\u017eby&#8220; _builder_version=&#8220;4.16&#8243; _module_preset=&#8220;default&#8220; global_colors_info=&#8220;{}&#8220; open=&#8220;off&#8220;]<\/p>\n<p><a href=\"https:\/\/www.alarmautomatika.com\/sk\/services\/koncept-jedneho-zdroja\/#prodajna-i-tehnicka-podrska\" data-et-has-event-already=\"true\">Predajn\u00e1 a technick\u00e1 podpora<\/a><\/p>\n<p><a href=\"https:\/\/www.alarmautomatika.com\/sk\/services\/koncept-jedneho-zdroja\/#oprema-na-skladistu\" data-et-has-event-already=\"true\">Produkty na sklade<\/a><\/p>\n<p><a href=\"https:\/\/www.alarmautomatika.com\/sk\/services\/koncept-jedneho-zdroja\/#edukacija-instalatera\" data-et-has-event-already=\"true\">Vzdel\u00e1vanie in\u0161talat\u00e9rov<\/a><\/p>\n<p><a href=\"https:\/\/www.alarmautomatika.com\/sk\/services\/koncept-jedneho-zdroja\/#b2b-online-platforma\" data-et-has-event-already=\"true\">B2B online platforma<\/a><\/p>\n<p><a href=\"https:\/\/www.alarmautomatika.com\/sk\/services\/koncept-jedneho-zdroja\/#servis\" data-et-has-event-already=\"true\">Servis<\/a><\/p>\n<p><a href=\"https:\/\/www.alarmautomatika.com\/sk\/services\/koncept-jedneho-zdroja\/#idea-classic-katalog\" data-et-has-event-already=\"true\">Katal\u00f3g iDEA Classic<\/a><\/p>\n<p>[\/et_pb_accordion_item][et_pb_accordion_item title=&#8220;Plo\u0161ina&#8220; _builder_version=&#8220;4.16&#8243; _module_preset=&#8220;default&#8220; global_colors_info=&#8220;{}&#8220; open=&#8220;off&#8220;]<\/p>\n<p><a href=\"https:\/\/www.alarmautomatika.com\/sk\/services\/koncept-jedneho-zdroja\/\" aria-current=\"page\" data-et-has-event-already=\"true\">Jedine\u010dn\u00e1 B2B platforma, ktor\u00e1 \u0161etr\u00ed \u010das<\/a><\/p>\n<p>[\/et_pb_accordion_item][\/et_pb_accordion][\/et_pb_column][\/et_pb_row][\/et_pb_section]<\/p>\n","protected":false},"excerpt":{"rendered":"<p>Flexibilita DVC monitorov a vstupn\u00fdch panelov Vn\u00fatorn\u00e9 monitory DVC s\u00fa flexibiln\u00e9 vo ve\u013ekosti a v\u00fdkone, prisp\u00f4sobite\u013en\u00e9 r\u00f4znym potreb\u00e1m z\u00e1kazn\u00edkov. Najpokro\u010dilej\u0161ia jednotka pon\u00faka Wi-Fi pr\u00edstup na internet bez potreby \u010fal\u0161ieho zariadenia, ovl\u00e1danie prebieha cez dotykov\u00fa obrazovku, je podporovan\u00e1 prev\u00e1dzka smartf\u00f3nov a mo\u017eno pripoji\u0165 pomocn\u00e9 monitory pre roz\u0161\u00edrenie syst\u00e9mu. Vstupn\u00e9 panely DVC sa vyzna\u010duj\u00fa kvalitou a dizajnovou [&hellip;]<\/p>\n","protected":false},"author":15,"featured_media":0,"parent":41454,"menu_order":0,"comment_status":"closed","ping_status":"closed","template":"","meta":{"_et_pb_use_builder":"on","_et_pb_old_content":"","_et_gb_content_width":"","footnotes":""},"class_list":["post-27351","page","type-page","status-publish","hentry"],"_links":{"self":[{"href":"https:\/\/www.alarmautomatika.com\/sk\/wp-json\/wp\/v2\/pages\/27351","targetHints":{"allow":["GET"]}}],"collection":[{"href":"https:\/\/www.alarmautomatika.com\/sk\/wp-json\/wp\/v2\/pages"}],"about":[{"href":"https:\/\/www.alarmautomatika.com\/sk\/wp-json\/wp\/v2\/types\/page"}],"author":[{"embeddable":true,"href":"https:\/\/www.alarmautomatika.com\/sk\/wp-json\/wp\/v2\/users\/15"}],"replies":[{"embeddable":true,"href":"https:\/\/www.alarmautomatika.com\/sk\/wp-json\/wp\/v2\/comments?post=27351"}],"version-history":[{"count":2,"href":"https:\/\/www.alarmautomatika.com\/sk\/wp-json\/wp\/v2\/pages\/27351\/revisions"}],"predecessor-version":[{"id":53606,"href":"https:\/\/www.alarmautomatika.com\/sk\/wp-json\/wp\/v2\/pages\/27351\/revisions\/53606"}],"up":[{"embeddable":true,"href":"https:\/\/www.alarmautomatika.com\/sk\/wp-json\/wp\/v2\/pages\/41454"}],"wp:attachment":[{"href":"https:\/\/www.alarmautomatika.com\/sk\/wp-json\/wp\/v2\/media?parent=27351"}],"curies":[{"name":"wp","href":"https:\/\/api.w.org\/{rel}","templated":true}]}}