{"id":27354,"date":"2020-08-20T14:31:44","date_gmt":"2020-08-20T12:31:44","guid":{"rendered":"https:\/\/www.alarmautomatika.com\/video-surveillance\/"},"modified":"2023-11-10T09:51:50","modified_gmt":"2023-11-10T08:51:50","slug":"video","status":"publish","type":"page","link":"https:\/\/www.alarmautomatika.com\/sk\/produkty\/video\/","title":{"rendered":"Video"},"content":{"rendered":"<p>[et_pb_section fb_built=&#8220;1&#8243; _builder_version=&#8220;4.6.3&#8243; _module_preset=&#8220;default&#8220; background_image=&#8220;https:\/\/www.alarmautomatika.com\/wp-content\/uploads\/2020\/09\/Videonadzor-dvc-green.jpg&#8220; background_size=&#8220;initial&#8220; background_position=&#8220;top_center&#8220;][et_pb_row _builder_version=&#8220;4.6.0&#8243; _module_preset=&#8220;default&#8220; width=&#8220;95%&#8220;][et_pb_column type=&#8220;4_4&#8243; _builder_version=&#8220;4.6.0&#8243; _module_preset=&#8220;default&#8220;][et_pb_text _builder_version=&#8220;4.6.0&#8243; _dynamic_attributes=&#8220;content&#8220; _module_preset=&#8220;default&#8220; text_font=&#8220;|600|||||||&#8220; text_text_color=&#8220;#ffffff&#8220; text_font_size=&#8220;48px&#8220; text_line_height=&#8220;1.2em&#8220; custom_padding=&#8220;80px|50px||50px|false|true&#8220; text_font_size_tablet=&#8220;40px&#8220; text_font_size_phone=&#8220;32px&#8220; text_font_size_last_edited=&#8220;on|desktop&#8220; text_line_height_tablet=&#8220;&#8220; text_line_height_phone=&#8220;&#8220; text_line_height_last_edited=&#8220;on|phone&#8220; header_font_tablet=&#8220;&#8220; header_font_phone=&#8220;&#8220; header_font_last_edited=&#8220;on|phone&#8220; header_font_size_tablet=&#8220;&#8220; header_font_size_phone=&#8220;&#8220; header_font_size_last_edited=&#8220;on|phone&#8220; header_line_height_tablet=&#8220;&#8220; header_line_height_phone=&#8220;&#8220; header_line_height_last_edited=&#8220;on|desktop&#8220;]@ET-DC@eyJkeW5hbWljIjp0cnVlLCJjb250ZW50IjoicG9zdF90aXRsZSIsInNldHRpbmdzIjp7ImJlZm9yZSI6IiIsImFmdGVyIjoiIn19@[\/et_pb_text][\/et_pb_column][\/et_pb_row][et_pb_row column_structure=&#8220;3_4,1_4&#8243; _builder_version=&#8220;4.6.0&#8243; _module_preset=&#8220;default&#8220; background_color=&#8220;#ffffff&#8220; width=&#8220;95%&#8220; custom_margin=&#8220;20px||||false|false&#8220; custom_margin_tablet=&#8220;10px||||false|false&#8220; custom_margin_phone=&#8220;10px||||false|false&#8220; custom_margin_last_edited=&#8220;on|desktop&#8220; custom_padding=&#8220;50px|50px|50px|50px|true|true&#8220; box_shadow_style=&#8220;preset2&#8243;][et_pb_column type=&#8220;3_4&#8243; _builder_version=&#8220;4.6.0&#8243; _module_preset=&#8220;default&#8220;][et_pb_text _builder_version=&#8220;4.7.4&#8243; _module_preset=&#8220;default&#8220; link_font=&#8220;|600|||||||&#8220; header_2_text_align=&#8220;left&#8220; header_2_font_size=&#8220;30px&#8220; header_2_line_height=&#8220;1.2em&#8220; header_font_size_tablet=&#8220;48px&#8220; header_font_size_phone=&#8220;&#8220; header_font_size_last_edited=&#8220;on|tablet&#8220; header_2_font_size_tablet=&#8220;&#8220; header_2_font_size_phone=&#8220;25px&#8220; header_2_font_size_last_edited=&#8220;on|phone&#8220;]<\/p>\n<blockquote>\n<h2>DVC video kamery &#8211; AHD a IP technol\u00f3gia<\/h2>\n<\/blockquote>\n<p>Alarm automatika vyv\u00edja svoju vlastn\u00fa zna\u010dku DVC od roku 2003 ako reakciu na potrebu region\u00e1lneho trhu po produkte, ktor\u00fd bude flexibiln\u00fd a spo\u013eahliv\u00fd. V\u010faka najpokro\u010dilej\u0161ej technol\u00f3gii a spo\u013eahliv\u00fdm komponentom (kamery, rekord\u00e9ry a pr\u00edslu\u0161enstvo) poskytuj\u00fa produkty DVC najvy\u0161\u0161\u00ed v\u00fdkon v oboch technol\u00f3gi\u00e1ch, AHD aj IP.<\/p>\n<blockquote>\n<h2>DVC IP &#8211; flexibiln\u00fd syst\u00e9m<\/h2>\n<\/blockquote>\n<p>\u0160irok\u00e1 \u0161k\u00e1la a flexibilita produktov umo\u017e\u0148uje ich uplatnenie v budov\u00e1ch r\u00f4znych ve\u013ekost\u00ed a \u00fa\u010delov &#8211; od reziden\u010dn\u00fdch a men\u0161\u00edch obchodn\u00fdch kancel\u00e1ri\u00ed, a\u017e po komplexn\u00e9, vysoko rizikov\u00e9 objekty, ktor\u00e9 vyu\u017e\u00edva ve\u013ek\u00e9 mno\u017estvo \u013eud\u00ed. Zlo\u017eitos\u0165 syst\u00e9mu by mohla dosiahnu\u0165 a\u017e 30 000 kamier. Kamery s\u00fa rozdelen\u00e9 do piatich r\u00f4znych produktov\u00fdch radov \u2013 Special, Supreme, Smart, Start a Speed a dok\u00e1\u017eu splni\u0165 v\u0161etky po\u017eiadavky pou\u017e\u00edvate\u013eov pod\u013ea krit\u00e9ri\u00ed pomeru ceny, kvality a v\u00fdkonu.<\/p>\n<p>V triede Special vynik\u00e1 panoramatick\u00e1 kamera s technol\u00f3giou Starlight. Obsahuje \u0161tyri samostatn\u00e9 kamery, ktor\u00e9 s\u00fa v\u010faka \u0161peci\u00e1lnemu softv\u00e9ru zl\u00fa\u010den\u00e9 do jednej. Senzor Starlight umo\u017e\u0148uje no\u010dn\u00fa farebn\u00fa prev\u00e1dzku s dokonal\u00fdm obrazom aj za ve\u013emi zl\u00fdch sveteln\u00fdch podmienok.<\/p>\n<blockquote>\n<h2>DVC AHD syst\u00e9my<\/h2>\n<\/blockquote>\n<p>Anal\u00f3gov\u00e9 video monitorovacie syst\u00e9my DVC AHD s rozl\u00ed\u0161en\u00edm HD sa naj\u010dastej\u0161ie pou\u017e\u00edvaj\u00fa na ochranu obytn\u00fdch a komer\u010dn\u00fdch budov, kde pou\u017e\u00edvatelia po\u017eaduj\u00fa vysokokvalitn\u00fa technol\u00f3giu anal\u00f3gov\u00e9ho nahr\u00e1vania. V\u00fdhodou je, \u017ee je mo\u017en\u00e9 pou\u017ei\u0165 existuj\u00facu in\u0161tal\u00e1ciu.<\/p>\n<blockquote>\n<h2>DVC video anal\u00fdzy<\/h2>\n<\/blockquote>\n<p>Obvodov\u00e1 ochrana a sledovanie objektov a sc\u00e9n umo\u017e\u0148uj\u00fa funkcie AI video anal\u00fdzy DVC . V z\u00e1vislosti od typu kamery je mo\u017en\u00e9 sledova\u0165 detekciu prekro\u010denia \u010diary, naru\u0161enie priestoru, po\u010d\u00edtanie os\u00f4b, rozpozn\u00e1vanie os\u00f4b a vozidiel, detekciu tv\u00e1re, rozpozn\u00e1vanie \u0160PZ (LPR).<\/p>\n<blockquote>\n<h2>NVMS 2.0. management software<\/h2>\n<\/blockquote>\n<p>Syst\u00e9my DVC je mo\u017en\u00e9 spravova\u0165 na dia\u013eku pomocou softv\u00e9ru DVC NVMS 2.0 (LITE), rekord\u00e9rov DVC, webov\u00fdch prehliada\u010dov a mobiln\u00fdch aplik\u00e1ci\u00ed. Administr\u00e1tor m\u00f4\u017ee s\u00fa\u010dasne spravova\u0165 viacero rekord\u00e9rov (kompatibilita so syst\u00e9mami Hikvison alebo Dahua je zaru\u010den\u00e1) a a\u017e 100 kamier.<\/p>\n<blockquote>\n<h2>Aplik\u00e1cia DVC Connect na sledovanie kamery v re\u00e1lnom \u010dase<\/h2>\n<\/blockquote>\n<p>V\u0161etky rekord\u00e9ry DVC, bez oh\u013eadu na technol\u00f3giu, podporuj\u00fa nov\u00fa, jedine\u010dn\u00fa, bezplatn\u00fa mobiln\u00fa aplik\u00e1ciu DVC Connect. Umo\u017e\u0148uje sledovanie kamier v re\u00e1lnom \u010dase z rekord\u00e9ra, ako aj lok\u00e1lny z\u00e1znam na SD kartu mobiln\u00e9ho telef\u00f3nu a prezeranie nahran\u00e9ho materi\u00e1lu z SD karty. Mo\u017enosti s\u00fa aj upozor\u0148ovanie u\u017e\u00edvate\u013ea na udalosti iniciovan\u00e9 detekciou pohybu alebo alarmov\u00fdmi vstupmi na rekord\u00e9ri.<\/p>\n<blockquote>\n<h2>DVC servery pre monitorovacie stanice<\/h2>\n<\/blockquote>\n<p>Pon\u00fakame \u0161irok\u00fa \u0161k\u00e1lu serverov pre video monitorovacie monitorovacie stanice, \u0161peci\u00e1lne upraven\u00e9 na pr\u00e1cu s DVC video monitorovac\u00edmi syst\u00e9mami a softv\u00e9rom NVMS. M\u00f4\u017eu monitorova\u0165 a\u017e 30 000 kamier a umo\u017e\u0148uj\u00fa overenie poplachov\u00fdch udalost\u00ed videom.<\/p>\n<blockquote>\n<h2>DVC syst\u00e9my na meranie teploty<\/h2>\n<\/blockquote>\n<p>Alarm automatika v s\u00fa\u010dasnosti pon\u00faka p\u00e4\u0165 inovat\u00edvnych rie\u0161en\u00ed DVC na bezkontaktn\u00fa detekciu hor\u00fa\u010dky ako pr\u00edspevok k zodpovedn\u00e9mu spr\u00e1vaniu verejnosti a ochrane zdravia.<\/p>\n<p>Hlavn\u00fdm rozdielom medzi t\u00fdmito rie\u0161eniami je mno\u017estvo \u00fadajov, ktor\u00e9 je mo\u017en\u00e9 spracova\u0165 za ur\u010dit\u00e9 obdobie. Pre vysokofrekven\u010dn\u00e9 pas\u00e1\u017ee s inteligentnou video analytikou je mo\u017en\u00e9 s\u00fa\u010dasne spracova\u0165 a\u017e 30 os\u00f4b a pre stredne frekven\u010dn\u00e9 pas\u00e1\u017ee a\u017e 10 os\u00f4b s\u00fa\u010dasne.<\/p>\n<p>Vynik\u00e1 flexibiln\u00e9 rie\u0161enie DTC-24F, ktor\u00e9 okrem merania teploty dok\u00e1\u017ee rozpozna\u0165, \u010di m\u00e1 \u010dlovek na sebe masku. Rovnak\u00e9 zariadenie m\u00e1 mo\u017enos\u0165 sie\u0165ov\u00e9ho prepojenia so zabezpe\u010dovac\u00edmi syst\u00e9mami (kontrola pr\u00edstupu, videovr\u00e1tnik, doch\u00e1dzka), tak\u017ee jeho aplik\u00e1cia je ve\u013emi flexibiln\u00e1.<\/p>\n<p>[\/et_pb_text][\/et_pb_column][et_pb_column type=&#8220;1_4&#8243; _builder_version=&#8220;4.6.0&#8243; _module_preset=&#8220;default&#8220; custom_padding_tablet=&#8220;&#8220; custom_padding_phone=&#8220;&#8220; custom_padding_last_edited=&#8220;on|phone&#8220;][et_pb_image src=&#8220;https:\/\/www.alarmautomatika.com\/wp-content\/uploads\/2020\/10\/idea-classic-logo-home-banner.png&#8220; alt=&#8220;iDEA Classic&#8220; title_text=&#8220;iDEA Classic&#8220; align=&#8220;center&#8220; _builder_version=&#8220;4.7.4&#8243; _module_preset=&#8220;default&#8220;][\/et_pb_image][et_pb_accordion module_class=&#8220;idea-value-propositions&#8220; _builder_version=&#8220;4.9.0&#8243; _module_preset=&#8220;default&#8220; global_module=&#8220;8295&#8243;][et_pb_accordion_item title=&#8220;Blank&#8220; open=&#8220;on&#8220; _builder_version=&#8220;4.9.0&#8243; _module_preset=&#8220;default&#8220; custom_css_main_element=&#8220;display:none;&#8220;][\/et_pb_accordion_item][et_pb_accordion_item title=&#8220;Clients&#8220; _builder_version=&#8220;4.9.0&#8243; _module_preset=&#8220;default&#8220; open=&#8220;off&#8220;]<\/p>\n<p><a href=\"https:\/\/www.alarmautomatika.com\/sk\/clients\/montazne-firmy-s-licenciou\/\">Instalateri tehni\u010dke za\u0161tite<\/a><\/p>\n<p><a href=\"https:\/\/www.alarmautomatika.com\/sk\/clients\/centralna-monitorovacia-stanica-cms\/\">Dojavni centri<\/a><\/p>\n<p><a href=\"https:\/\/www.alarmautomatika.com\/sk\/clients\/instalateri\/\">Elektri\u010dari<\/a><\/p>\n<p><a href=\"https:\/\/www.alarmautomatika.com\/sk\/clients\/predajne-elektrospotrebicov-a-pocitacov-internetove-obchody\/\">Trgovine elektromaterijalom i IT opremom, internet trgovine<\/a><\/p>\n<p>[\/et_pb_accordion_item][et_pb_accordion_item title=&#8220;Products&#8220; _builder_version=&#8220;4.9.0&#8243; _module_preset=&#8220;default&#8220; open=&#8220;off&#8220;]<\/p>\n<p><a href=\"https:\/\/www.alarmautomatika.com\/sk\/produkty\/video\/\">Videonadzor<\/a><\/p>\n<p><a href=\"https:\/\/www.alarmautomatika.com\/sk\/produkty\/systemy-proti-vniknutiu-a-vlamaniu\/\">Protuprovala i protuprepad<\/a><\/p>\n<p><a href=\"https:\/\/www.alarmautomatika.com\/sk\/produkty\/video-interkom\/\">Videointerfoni<\/a><\/p>\n<p><a href=\"https:\/\/www.alarmautomatika.com\/sk\/produkty\/access-and-time-attendance-control\/\">Kontrola pristupa i evidencija radnog vremena<\/a><\/p>\n<p><a href=\"https:\/\/www.alarmautomatika.com\/sk\/produkty\/audio-riesenia\/\">Audio rje\u0161enja<\/a><\/p>\n<p><a href=\"https:\/\/www.alarmautomatika.com\/sk\/produkty\/automation-for-gates-doors-and-barriers\/\">Automatske rampe i vrata<\/a><\/p>\n<p><a href=\"https:\/\/www.alarmautomatika.com\/sk\/produkty\/centralna-monitorovacia-stationica-cms\/\">Oprema za dojavne centre<\/a><\/p>\n<p><a href=\"https:\/\/www.alarmautomatika.com\/sk\/produkty\/poziarne-a-plynove-poplachove-systemy\/\">Dojava po\u017eara i plina<\/a><\/p>\n<p>[\/et_pb_accordion_item][et_pb_accordion_item title=&#8220;Softwares&#8220; _builder_version=&#8220;4.9.0&#8243; _module_preset=&#8220;default&#8220; open=&#8220;off&#8220;]<\/p>\n<p><a href=\"https:\/\/www.alarmautomatika.com\/sk\/softwares\/reception-and-processing\/\">Prijem i obrada signala alarma<\/a><\/p>\n<p>[\/et_pb_accordion_item][et_pb_accordion_item title=&#8220;Services&#8220; _builder_version=&#8220;4.9.0&#8243; _module_preset=&#8220;default&#8220; open=&#8220;off&#8220;]<\/p>\n<p><a href=\"https:\/\/www.alarmautomatika.com\/sk\/services\/the-one-stop-source-concept\/#prodajna-i-tehnicka-podrska\" data-et-has-event-already=\"true\">Prodajna i tehni\u010dka podr\u0161ka<\/a><\/p>\n<p><a href=\"https:\/\/www.alarmautomatika.com\/sk\/services\/the-one-stop-source-concept\/#oprema-na-skladistu\" data-et-has-event-already=\"true\">Oprema na skladi\u0161tu<\/a><\/p>\n<p><a href=\"https:\/\/www.alarmautomatika.com\/sk\/services\/the-one-stop-source-concept\/#edukacija-instalatera\" data-et-has-event-already=\"true\">Edukacija instalatera<\/a><\/p>\n<p><a href=\"https:\/\/www.alarmautomatika.com\/sk\/services\/the-one-stop-source-concept\/#b2b-online-platforma\" data-et-has-event-already=\"true\">B2B online platforma<\/a><\/p>\n<p><a href=\"https:\/\/www.alarmautomatika.com\/sk\/services\/the-one-stop-source-concept\/#servis\" data-et-has-event-already=\"true\">Servis<\/a><\/p>\n<p><a href=\"https:\/\/www.alarmautomatika.com\/sk\/services\/the-one-stop-source-concept\/#idea-classic-katalog\" data-et-has-event-already=\"true\">iDEA Classic katalog<\/a><\/p>\n<p>[\/et_pb_accordion_item][et_pb_accordion_item title=&#8220;Platform&#8220; _builder_version=&#8220;4.9.0&#8243; _module_preset=&#8220;default&#8220; open=&#8220;off&#8220;]<\/p>\n<p><a href=\"https:\/\/www.alarmautomatika.com\/sk\/platforma\/#b2b-platforma\" data-et-has-event-already=\"true\">Jedinstvena B2B platforma koja \u0161tedi vrijeme<\/a><\/p>\n<p>[\/et_pb_accordion_item][\/et_pb_accordion][\/et_pb_column][\/et_pb_row][\/et_pb_section]<\/p>\n","protected":false},"excerpt":{"rendered":"<p>DVC video kamery &#8211; AHD a IP technol\u00f3gia Alarm automatika vyv\u00edja svoju vlastn\u00fa zna\u010dku DVC od roku 2003 ako reakciu na potrebu region\u00e1lneho trhu po produkte, ktor\u00fd bude flexibiln\u00fd a spo\u013eahliv\u00fd. V\u010faka najpokro\u010dilej\u0161ej technol\u00f3gii a spo\u013eahliv\u00fdm komponentom (kamery, rekord\u00e9ry a pr\u00edslu\u0161enstvo) poskytuj\u00fa produkty DVC najvy\u0161\u0161\u00ed v\u00fdkon v oboch technol\u00f3gi\u00e1ch, AHD aj IP. DVC IP &#8211; [&hellip;]<\/p>\n","protected":false},"author":15,"featured_media":0,"parent":41454,"menu_order":0,"comment_status":"closed","ping_status":"closed","template":"","meta":{"_et_pb_use_builder":"on","_et_pb_old_content":"","_et_gb_content_width":"","footnotes":""},"class_list":["post-27354","page","type-page","status-publish","hentry"],"_links":{"self":[{"href":"https:\/\/www.alarmautomatika.com\/sk\/wp-json\/wp\/v2\/pages\/27354","targetHints":{"allow":["GET"]}}],"collection":[{"href":"https:\/\/www.alarmautomatika.com\/sk\/wp-json\/wp\/v2\/pages"}],"about":[{"href":"https:\/\/www.alarmautomatika.com\/sk\/wp-json\/wp\/v2\/types\/page"}],"author":[{"embeddable":true,"href":"https:\/\/www.alarmautomatika.com\/sk\/wp-json\/wp\/v2\/users\/15"}],"replies":[{"embeddable":true,"href":"https:\/\/www.alarmautomatika.com\/sk\/wp-json\/wp\/v2\/comments?post=27354"}],"version-history":[{"count":2,"href":"https:\/\/www.alarmautomatika.com\/sk\/wp-json\/wp\/v2\/pages\/27354\/revisions"}],"predecessor-version":[{"id":50440,"href":"https:\/\/www.alarmautomatika.com\/sk\/wp-json\/wp\/v2\/pages\/27354\/revisions\/50440"}],"up":[{"embeddable":true,"href":"https:\/\/www.alarmautomatika.com\/sk\/wp-json\/wp\/v2\/pages\/41454"}],"wp:attachment":[{"href":"https:\/\/www.alarmautomatika.com\/sk\/wp-json\/wp\/v2\/media?parent=27354"}],"curies":[{"name":"wp","href":"https:\/\/api.w.org\/{rel}","templated":true}]}}