{"id":27371,"date":"2020-09-11T15:32:20","date_gmt":"2020-09-11T13:32:20","guid":{"rendered":"https:\/\/www.alarmautomatika.com\/services\/tailored-to-the-user\/"},"modified":"2023-11-10T09:43:44","modified_gmt":"2023-11-10T08:43:44","slug":"prisposobene-pouzivatelovi","status":"publish","type":"page","link":"https:\/\/www.alarmautomatika.com\/sk\/services\/prisposobene-pouzivatelovi\/","title":{"rendered":"Prisp\u00f4soben\u00e9 pou\u017e\u00edvate\u013eovi"},"content":{"rendered":"<p>[et_pb_section fb_built=&#8220;1&#8243; _builder_version=&#8220;4.6.2&#8243; _module_preset=&#8220;default&#8220; background_image=&#8220;https:\/\/www.alarmautomatika.com\/wp-content\/uploads\/2020\/09\/Po-mjeri-korisnika.jpg&#8220; background_size=&#8220;initial&#8220; background_position=&#8220;top_center&#8220;][et_pb_row _builder_version=&#8220;4.6.0&#8243; _module_preset=&#8220;default&#8220; width=&#8220;95%&#8220;][et_pb_column type=&#8220;4_4&#8243; _builder_version=&#8220;4.6.0&#8243; _module_preset=&#8220;default&#8220;][et_pb_text _builder_version=&#8220;4.6.0&#8243; _dynamic_attributes=&#8220;content&#8220; _module_preset=&#8220;default&#8220; text_font=&#8220;|600|||||||&#8220; text_text_color=&#8220;#ffffff&#8220; text_font_size=&#8220;48px&#8220; text_line_height=&#8220;1.2em&#8220; custom_padding=&#8220;80px|50px||50px|false|true&#8220; text_font_size_tablet=&#8220;40px&#8220; text_font_size_phone=&#8220;32px&#8220; text_font_size_last_edited=&#8220;on|desktop&#8220; text_line_height_tablet=&#8220;&#8220; text_line_height_phone=&#8220;&#8220; text_line_height_last_edited=&#8220;on|phone&#8220; header_font_tablet=&#8220;&#8220; header_font_phone=&#8220;&#8220; header_font_last_edited=&#8220;on|phone&#8220; header_font_size_tablet=&#8220;&#8220; header_font_size_phone=&#8220;&#8220; header_font_size_last_edited=&#8220;on|phone&#8220; header_line_height_tablet=&#8220;&#8220; header_line_height_phone=&#8220;&#8220; header_line_height_last_edited=&#8220;on|desktop&#8220;]@ET-DC@eyJkeW5hbWljIjp0cnVlLCJjb250ZW50IjoicG9zdF90aXRsZSIsInNldHRpbmdzIjp7ImJlZm9yZSI6IiIsImFmdGVyIjoiIn19@[\/et_pb_text][\/et_pb_column][\/et_pb_row][et_pb_row column_structure=&#8220;3_4,1_4&#8243; _builder_version=&#8220;4.6.0&#8243; _module_preset=&#8220;default&#8220; background_color=&#8220;#ffffff&#8220; width=&#8220;95%&#8220; custom_margin=&#8220;20px||||false|false&#8220; custom_margin_tablet=&#8220;10px||||false|false&#8220; custom_margin_phone=&#8220;10px||||false|false&#8220; custom_margin_last_edited=&#8220;on|desktop&#8220; custom_padding=&#8220;50px|50px|50px|50px|true|true&#8220; box_shadow_style=&#8220;preset2&#8243;][et_pb_column type=&#8220;3_4&#8243; _builder_version=&#8220;4.6.0&#8243; _module_preset=&#8220;default&#8220;][et_pb_text _builder_version=&#8220;4.7.4&#8243; _module_preset=&#8220;default&#8220; link_font=&#8220;|600|||||||&#8220; header_2_text_align=&#8220;left&#8220; header_2_font_size=&#8220;30px&#8220; header_2_line_height=&#8220;1.2em&#8220; header_font_size_tablet=&#8220;48px&#8220; header_font_size_phone=&#8220;&#8220; header_font_size_last_edited=&#8220;on|tablet&#8220; header_2_font_size_tablet=&#8220;&#8220; header_2_font_size_phone=&#8220;25px&#8220; header_2_font_size_last_edited=&#8220;on|phone&#8220;]<\/p>\n<blockquote>\n<h2 id=\"paketi-prilagodjeni-potrebama-korisnika\">Packages tailored to user needs<\/h2>\n<\/blockquote>\n<p>Bal\u00edky prisp\u00f4soben\u00e9 potreb\u00e1m pou\u017e\u00edvate\u013eov<br \/>Pou\u017e\u00edvate\u013esk\u00e9 bal\u00edky s\u00fa prisp\u00f4soben\u00e9 v z\u00e1vislosti od ve\u013ekosti syst\u00e9mu a zvolen\u00fdch slu\u017eieb, tak\u017ee ka\u017ed\u00fd pou\u017e\u00edvate\u013e si m\u00f4\u017ee vybra\u0165 bal\u00edk, ktor\u00fd zodpoved\u00e1 jeho aktu\u00e1lnym potreb\u00e1m a v priebehu \u010dasu ho meni\u0165.<\/p>\n<p>Syst\u00e9my s\u00fa rozdelen\u00e9 pod\u013ea ve\u013ekosti do \u0161tyroch skup\u00edn:<\/p>\n<ul>\n<li>mikro (a\u017e 16 prvkov)<\/li>\n<li>mal\u00fd (16 a\u017e 64 polo\u017eiek)<\/li>\n<li>stredn\u00fd (64 a\u017e 256 prvkov)<\/li>\n<li>ve\u013ek\u00fd (viac ako 256 prvkov).<\/li>\n<\/ul>\n<p>K dispoz\u00edcii s\u00fa aj \u0161tyri \u00farovne slu\u017eieb &#8211; od jednoduch\u00e9ho upozornenia na poplach na mobiln\u00e9 zariadenie a\u017e po 24\/7 profesion\u00e1lny monitoring a z\u00e1sah po potvrden\u00ed pou\u017e\u00edvate\u013eom.<\/p>\n<blockquote>\n<h2 id=\"dojava-alarma-na-mobitel\">Upozornenie na alarm na mobilnom telef\u00f3ne<\/h2>\n<\/blockquote>\n<p>Mo\u017enos\u0165 slu\u017eby automatick\u00e9ho odosielania poplachov\u00fdch sign\u00e1lov zo zabezpe\u010dovacieho syst\u00e9mu na mobiln\u00e9 zariadenie, ktor\u00e9 okam\u017eite upozorn\u00ed pou\u017e\u00edvate\u013ea, \u017ee sa v monitorovan\u00fdch priestoroch deje nie\u010do neobvykl\u00e9.<\/p>\n<blockquote>\n<h2 id=\"servis-uredjaja\">Servis syst\u00e9mu<\/h2>\n<\/blockquote>\n<p>Pou\u017e\u00edvate\u013eom slu\u017eby je poskytovan\u00fd pravideln\u00fd servis a pohotovostn\u00fd servis, \u010d\u00edm sa v\u00fdrazne zvy\u0161uje spo\u013eahlivos\u0165 a \u017eivotnos\u0165 bezpe\u010dnostn\u00fdch syst\u00e9mov.<\/p>\n<blockquote>\n<h2 id=\"monitoring-sustava\">Monitorovanie syst\u00e9mu<\/h2>\n<\/blockquote>\n<p>Monitorovanie syst\u00e9mu zah\u0155\u0148a nepretr\u017eit\u00e9 sledovanie jeho technickej bezchybnosti. To umo\u017e\u0148uje okam\u017eite zisti\u0165 a odstr\u00e1ni\u0165 r\u00f4zne syst\u00e9mov\u00e9 poruchy (strata nap\u00e1jania alebo komunik\u00e1cie, n\u00edzke nap\u00e4tie bat\u00e9rie, poruchy z\u00f3n at\u010f.).<\/p>\n<blockquote>\n<h2 id=\"zastitarska-intervencija\">24\/7 monitorovanie z\u00e1sahov str\u00e1\u017enikov<\/h2>\n<\/blockquote>\n<p>Po prijat\u00ed poplachov\u00e9ho upozornenia na mobiln\u00e9 zariadenie si pou\u017e\u00edvate\u013e cez aplik\u00e1ciu vyberie, \u010di chce, aby ochranka smerovala do chr\u00e1nen\u00fdch priestorov a zasiahla.<\/p>\n<p>[\/et_pb_text][\/et_pb_column][et_pb_column type=&#8220;1_4&#8243; _builder_version=&#8220;4.6.0&#8243; _module_preset=&#8220;default&#8220; custom_padding_tablet=&#8220;&#8220; custom_padding_phone=&#8220;&#8220; custom_padding_last_edited=&#8220;on|phone&#8220;][et_pb_image src=&#8220;https:\/\/www.alarmautomatika.com\/wp-content\/uploads\/2020\/10\/idea-express-logo-home-banner.png&#8220; alt=&#8220;iDEA Express&#8220; title_text=&#8220;iDEA Express&#8220; align=&#8220;center&#8220; _builder_version=&#8220;4.7.4&#8243; _module_preset=&#8220;default&#8220;][\/et_pb_image][et_pb_accordion module_class=&#8220;idea-value-propositions&#8220; _builder_version=&#8220;4.9.0&#8243; _module_preset=&#8220;default&#8220; global_module=&#8220;8296&#8243;][et_pb_accordion_item title=&#8220;Blank&#8220; open=&#8220;on&#8220; _builder_version=&#8220;4.9.0&#8243; _module_preset=&#8220;default&#8220; custom_css_main_element=&#8220;display:none;&#8220;][\/et_pb_accordion_item][et_pb_accordion_item title=&#8220;Clients&#8220; _builder_version=&#8220;4.9.0&#8243; _module_preset=&#8220;default&#8220; open=&#8220;off&#8220;]<\/p>\n<p><a href=\"https:\/\/www.alarmautomatika.com\/sk\/clients\/majitelia-bytovych-a-malych-budov\/\">Vlasnici stambenih i manjih poslovnih objekata<\/a><\/p>\n<p>[\/et_pb_accordion_item][et_pb_accordion_item title=&#8220;Products&#8220; _builder_version=&#8220;4.9.0&#8243; _module_preset=&#8220;default&#8220; open=&#8220;off&#8220;]<\/p>\n<p><a href=\"https:\/\/www.alarmautomatika.com\/sk\/produkty\/riadenie-spotreby-energie\/\">Upravljanje potro\u0161njom energije<\/a><\/p>\n<p><a href=\"https:\/\/www.alarmautomatika.com\/sk\/produkty\/ovladanie-osvetlenia\/\">Upravljanje rasvjetom<\/a><\/p>\n<p><a href=\"https:\/\/www.alarmautomatika.com\/sk\/produkty\/ochrana-proti-vlamaniu-s-foto-verifikaciou\/\">Protuprovala s videoverifikacijom<\/a><\/p>\n<p><a href=\"https:\/\/www.alarmautomatika.com\/sk\/produkty\/prevencia-poziaru-zaplavenia-a-uniku-plynu\/\">Prevencija po\u017eara, poplave i istjecanja plina<\/a><\/p>\n<p><a href=\"https:\/\/www.alarmautomatika.com\/sk\/produkty\/zamykanie-dveri\/\">Pametne brave<\/a><\/p>\n<p><a href=\"https:\/\/www.alarmautomatika.com\/sk\/produkty\/sos-lekarske-alarmy\/\">SOS medicinski alarmi<\/a><\/p>\n<p><a href=\"https:\/\/www.alarmautomatika.com\/sk\/produkty\/inteligentny-domaci-video-dohlad\/\">Videonadzor pametnog doma<\/a><\/p>\n<p>[\/et_pb_accordion_item][et_pb_accordion_item title=&#8220;Softwares&#8220; _builder_version=&#8220;4.9.0&#8243; _module_preset=&#8220;default&#8220; open=&#8220;off&#8220;]<\/p>\n<p><a href=\"https:\/\/www.alarmautomatika.com\/sk\/softwares\/mobile-app-for-confirmation-of-security-guards-intervention\/\">Mobilna aplikacija za potvrdu za\u0161titarske intervencije<\/a><\/p>\n<p>[\/et_pb_accordion_item][et_pb_accordion_item title=&#8220;Services&#8220; _builder_version=&#8220;4.9.0&#8243; _module_preset=&#8220;default&#8220; open=&#8220;off&#8220;]<\/p>\n<p><a href=\"https:\/\/www.alarmautomatika.com\/sk\/services\/prisposobene-pouzivatelovi\/#paketi-prilagodjeni-potrebama-korisnika\" data-et-has-event-already=\"true\">Paketi prilago\u0111eni potrebama korisnika<\/a><\/p>\n<p><a href=\"https:\/\/www.alarmautomatika.com\/sk\/services\/prisposobene-pouzivatelovi\/#dojava-alarma-na-mobitel\" data-et-has-event-already=\"true\">Dojava alarma na mobitel<\/a><\/p>\n<p><a href=\"https:\/\/www.alarmautomatika.com\/sk\/services\/prisposobene-pouzivatelovi\/#servis-uredjaja\" data-et-has-event-already=\"true\">Servis ure\u0111aja<\/a><\/p>\n<p><a href=\"https:\/\/www.alarmautomatika.com\/sk\/services\/prisposobene-pouzivatelovi\/#monitoring-sustava\" data-et-has-event-already=\"true\">Monitoring sustava<\/a><\/p>\n<p><a href=\"https:\/\/www.alarmautomatika.com\/sk\/services\/prisposobene-pouzivatelovi\/#zastitarska-intervencija\" data-et-has-event-already=\"true\">Za\u0161titarska intervencija<\/a><\/p>\n<p>[\/et_pb_accordion_item][et_pb_accordion_item title=&#8220;Platform&#8220; _builder_version=&#8220;4.9.0&#8243; _module_preset=&#8220;default&#8220; open=&#8220;off&#8220;]<\/p>\n<p><a href=\"https:\/\/www.alarmautomatika.com\/sk\/platforma\/#b2c-platforma\" data-et-has-event-already=\"true\">Interaktivna B2C platforma<\/a><\/p>\n<p>[\/et_pb_accordion_item][\/et_pb_accordion][\/et_pb_column][\/et_pb_row][\/et_pb_section]<\/p>\n","protected":false},"excerpt":{"rendered":"<p>Packages tailored to user needs Bal\u00edky prisp\u00f4soben\u00e9 potreb\u00e1m pou\u017e\u00edvate\u013eovPou\u017e\u00edvate\u013esk\u00e9 bal\u00edky s\u00fa prisp\u00f4soben\u00e9 v z\u00e1vislosti od ve\u013ekosti syst\u00e9mu a zvolen\u00fdch slu\u017eieb, tak\u017ee ka\u017ed\u00fd pou\u017e\u00edvate\u013e si m\u00f4\u017ee vybra\u0165 bal\u00edk, ktor\u00fd zodpoved\u00e1 jeho aktu\u00e1lnym potreb\u00e1m a v priebehu \u010dasu ho meni\u0165. Syst\u00e9my s\u00fa rozdelen\u00e9 pod\u013ea ve\u013ekosti do \u0161tyroch skup\u00edn: mikro (a\u017e 16 prvkov) mal\u00fd (16 a\u017e 64 polo\u017eiek) [&hellip;]<\/p>\n","protected":false},"author":15,"featured_media":0,"parent":27364,"menu_order":0,"comment_status":"closed","ping_status":"closed","template":"","meta":{"_et_pb_use_builder":"on","_et_pb_old_content":"","_et_gb_content_width":"","footnotes":""},"class_list":["post-27371","page","type-page","status-publish","hentry"],"_links":{"self":[{"href":"https:\/\/www.alarmautomatika.com\/sk\/wp-json\/wp\/v2\/pages\/27371","targetHints":{"allow":["GET"]}}],"collection":[{"href":"https:\/\/www.alarmautomatika.com\/sk\/wp-json\/wp\/v2\/pages"}],"about":[{"href":"https:\/\/www.alarmautomatika.com\/sk\/wp-json\/wp\/v2\/types\/page"}],"author":[{"embeddable":true,"href":"https:\/\/www.alarmautomatika.com\/sk\/wp-json\/wp\/v2\/users\/15"}],"replies":[{"embeddable":true,"href":"https:\/\/www.alarmautomatika.com\/sk\/wp-json\/wp\/v2\/comments?post=27371"}],"version-history":[{"count":2,"href":"https:\/\/www.alarmautomatika.com\/sk\/wp-json\/wp\/v2\/pages\/27371\/revisions"}],"predecessor-version":[{"id":50311,"href":"https:\/\/www.alarmautomatika.com\/sk\/wp-json\/wp\/v2\/pages\/27371\/revisions\/50311"}],"up":[{"embeddable":true,"href":"https:\/\/www.alarmautomatika.com\/sk\/wp-json\/wp\/v2\/pages\/27364"}],"wp:attachment":[{"href":"https:\/\/www.alarmautomatika.com\/sk\/wp-json\/wp\/v2\/media?parent=27371"}],"curies":[{"name":"wp","href":"https:\/\/api.w.org\/{rel}","templated":true}]}}