{"id":27374,"date":"2020-09-11T15:07:13","date_gmt":"2020-09-11T13:07:13","guid":{"rendered":"https:\/\/www.alarmautomatika.com\/services\/the-one-stop-source-concept\/"},"modified":"2023-11-10T09:51:50","modified_gmt":"2023-11-10T08:51:50","slug":"koncept-jedneho-zdroja","status":"publish","type":"page","link":"https:\/\/www.alarmautomatika.com\/sk\/services\/koncept-jedneho-zdroja\/","title":{"rendered":"Koncept jedn\u00e9ho zdroja"},"content":{"rendered":"<p>[et_pb_section fb_built=&#8220;1&#8243; _builder_version=&#8220;4.6.2&#8243; _module_preset=&#8220;default&#8220; background_image=&#8220;https:\/\/www.alarmautomatika.com\/wp-content\/uploads\/2020\/09\/B2B-platforma.jpg&#8220; background_size=&#8220;initial&#8220; background_position=&#8220;top_center&#8220;][et_pb_row _builder_version=&#8220;4.6.0&#8243; _module_preset=&#8220;default&#8220; width=&#8220;95%&#8220;][et_pb_column type=&#8220;4_4&#8243; _builder_version=&#8220;4.6.0&#8243; _module_preset=&#8220;default&#8220;][et_pb_text _builder_version=&#8220;4.6.0&#8243; _dynamic_attributes=&#8220;content&#8220; _module_preset=&#8220;default&#8220; text_font=&#8220;|600|||||||&#8220; text_text_color=&#8220;#ffffff&#8220; text_font_size=&#8220;48px&#8220; text_line_height=&#8220;1.2em&#8220; custom_padding=&#8220;80px|50px||50px|false|true&#8220; text_font_size_tablet=&#8220;40px&#8220; text_font_size_phone=&#8220;32px&#8220; text_font_size_last_edited=&#8220;on|desktop&#8220; text_line_height_tablet=&#8220;&#8220; text_line_height_phone=&#8220;&#8220; text_line_height_last_edited=&#8220;on|phone&#8220; header_font_tablet=&#8220;&#8220; header_font_phone=&#8220;&#8220; header_font_last_edited=&#8220;on|phone&#8220; header_font_size_tablet=&#8220;&#8220; header_font_size_phone=&#8220;&#8220; header_font_size_last_edited=&#8220;on|phone&#8220; header_line_height_tablet=&#8220;&#8220; header_line_height_phone=&#8220;&#8220; header_line_height_last_edited=&#8220;on|desktop&#8220;]@ET-DC@eyJkeW5hbWljIjp0cnVlLCJjb250ZW50IjoicG9zdF90aXRsZSIsInNldHRpbmdzIjp7ImJlZm9yZSI6IiIsImFmdGVyIjoiIn19@[\/et_pb_text][\/et_pb_column][\/et_pb_row][et_pb_row column_structure=&#8220;3_4,1_4&#8243; _builder_version=&#8220;4.6.0&#8243; _module_preset=&#8220;default&#8220; background_color=&#8220;#ffffff&#8220; width=&#8220;95%&#8220; custom_margin=&#8220;20px||||false|false&#8220; custom_margin_tablet=&#8220;10px||||false|false&#8220; custom_margin_phone=&#8220;10px||||false|false&#8220; custom_margin_last_edited=&#8220;on|desktop&#8220; custom_padding=&#8220;50px|50px|50px|50px|true|true&#8220; box_shadow_style=&#8220;preset2&#8243;][et_pb_column type=&#8220;3_4&#8243; _builder_version=&#8220;4.6.0&#8243; _module_preset=&#8220;default&#8220;][et_pb_text _builder_version=&#8220;4.9.10&#8243; _module_preset=&#8220;default&#8220; link_font=&#8220;|600|||||||&#8220; header_2_text_align=&#8220;left&#8220; header_2_font_size=&#8220;30px&#8220; header_2_line_height=&#8220;1.2em&#8220; hover_enabled=&#8220;0&#8243; header_font_size_tablet=&#8220;48px&#8220; header_font_size_phone=&#8220;&#8220; header_font_size_last_edited=&#8220;on|tablet&#8220; header_2_font_size_tablet=&#8220;&#8220; header_2_font_size_phone=&#8220;25px&#8220; header_2_font_size_last_edited=&#8220;on|phone&#8220; sticky_enabled=&#8220;0&#8243;]<\/p>\n<blockquote>\n<h2 id=\"prodajna-i-tehnicka-podrska\">Technick\u00e1 a obchodn\u00e1 podpora<\/h2>\n<\/blockquote>\n<p>Obchodn\u00e1 a technick\u00e1 podpora zah\u0155\u0148a produktov\u00fa dokument\u00e1ciu, telefonick\u00fa a online podporu, podporu na mieste in\u0161tal\u00e1cie alebo u investorov, ako aj pri prezent\u00e1cii produktov a rie\u0161en\u00ed. Klientom je celkovo k dispoz\u00edcii viac ako 20 obchodn\u00fdch odborn\u00edkov a viac ako 20 technikov, ktor\u00ed pom\u00e1haj\u00fa s definovan\u00edm rie\u0161enia a pr\u00edpravou konkuren\u010dnej ponuky.<\/p>\n<blockquote>\n<h2 id=\"oprema-na-skladistu\">Skladov\u00e9 z\u00e1soby<\/h2>\n<\/blockquote>\n<p>V centr\u00e1lnom sklade je neust\u00e1le skladovan\u00fdch viac ako 3 000 r\u00f4znych produktov od 200 be\u017en\u00fdch dod\u00e1vate\u013eov a rovnako s\u00fa organizovan\u00e9 lok\u00e1lne sklady vo v\u0161etk\u00fdch krajin\u00e1ch, kde spolo\u010dnos\u0165 p\u00f4sob\u00ed.<\/p>\n<blockquote>\n<h2 id=\"edukacija-instalatera\">\u0160kolenia pre in\u0161talat\u00e9rov<\/h2>\n<\/blockquote>\n<p>Nepretr\u017eit\u00e9 vzdel\u00e1vanie in\u0161talat\u00e9rov a technikov je dostupn\u00e9 prostredn\u00edctvom webin\u00e1rov a workshopov, ktor\u00e9 informuj\u00fa o technologick\u00fdch inov\u00e1ci\u00e1ch, spr\u00e1vnej in\u0161tal\u00e1cii a programovan\u00ed syst\u00e9mov. V\u0161etky \u0161kolenia ved\u00fa odborn\u00edci, vysoko \u0161pecializovan\u00ed vo svojich odboroch.<\/p>\n<blockquote>\n<h2 id=\"b2b-online-platforma\">B2B online platforma<\/h2>\n<\/blockquote>\n<p>B2B online platforma Alarm automatika bola prim\u00e1rne vyvinut\u00e1 s cie\u013eom zjednodu\u0161i\u0165 a u\u013eah\u010di\u0165 proces objedn\u00e1vania na\u0161im z\u00e1kazn\u00edkom, ale poskytuje aj mnoho \u010fal\u0161\u00edch v\u00fdhod, ako je porovn\u00e1vanie produktov, zobrazovanie cez mobiln\u00e9 telef\u00f3ny a tablety, pr\u00edprava cenovej ponuky a definovanie aktu\u00e1lnych obchodn\u00fdch podmienok. s r\u00f4znymi \u00farov\u0148ami pr\u00edstupu.<\/p>\n<blockquote>\n<h2 id=\"servis\">Servis a v\u00fdmena zariaden\u00ed<\/h2>\n<\/blockquote>\n<p>Alarm automatika je autorizovan\u00fd servis zariaden\u00ed pre kompletn\u00fd sortiment produktov. Zabezpe\u010dujeme servis v\u0161etk\u00fdch produktov v z\u00e1ru\u010dnej dobe alebo mimo nej, opravu po\u0161koden\u00fdch zariaden\u00ed, v\u00fdmenu produktov, mont\u00e1\u017e komponentov a anal\u00fdzu n\u00e1kladovej efekt\u00edvnosti opr\u00e1v.<\/p>\n<blockquote>\n<h2 id=\"idea-classic-katalog\">iDEA Classic katal\u00f3g<\/h2>\n<\/blockquote>\n<p>Katal\u00f3g iDEA Classic obsahuje ro\u010dn\u00fa produktov\u00fa radu so zameran\u00edm na novinky. Pre ka\u017ed\u00fd trh, na ktorom Alarm automatika p\u00f4sob\u00ed, je definovan\u00e1 \u0161peci\u00e1lna zostava v jazyku krajiny, pre ktor\u00fa je ur\u010den\u00e1. Dostupn\u00e9 s\u00fa obe verzie, tla\u010den\u00e9 aj digit\u00e1lne.<\/p>\n<p>[\/et_pb_text][\/et_pb_column][et_pb_column type=&#8220;1_4&#8243; _builder_version=&#8220;4.6.0&#8243; _module_preset=&#8220;default&#8220; custom_padding_tablet=&#8220;&#8220; custom_padding_phone=&#8220;&#8220; custom_padding_last_edited=&#8220;on|phone&#8220;][et_pb_image src=&#8220;https:\/\/www.alarmautomatika.com\/wp-content\/uploads\/2020\/10\/idea-classic-logo-home-banner.png&#8220; alt=&#8220;iDEA Classic&#8220; title_text=&#8220;iDEA Classic&#8220; align=&#8220;center&#8220; _builder_version=&#8220;4.7.4&#8243; _module_preset=&#8220;default&#8220;][\/et_pb_image][et_pb_accordion module_class=&#8220;idea-value-propositions&#8220; _builder_version=&#8220;4.9.0&#8243; _module_preset=&#8220;default&#8220; global_module=&#8220;8295&#8243;][et_pb_accordion_item title=&#8220;Blank&#8220; open=&#8220;on&#8220; _builder_version=&#8220;4.9.0&#8243; _module_preset=&#8220;default&#8220; custom_css_main_element=&#8220;display:none;&#8220;][\/et_pb_accordion_item][et_pb_accordion_item title=&#8220;Clients&#8220; _builder_version=&#8220;4.9.0&#8243; _module_preset=&#8220;default&#8220; open=&#8220;off&#8220;]<\/p>\n<p><a href=\"\/hr?page_id=2962\" data-mce-href=\"https:\/\/www.alarmautomatika.com\/sk\/clients\/montazne-firmy-s-licenciou\/\">Instalateri tehni\u010dke za\u0161tite<\/a><\/p>\n<p><a href=\"\/hr?page_id=2965\" data-mce-href=\"https:\/\/www.alarmautomatika.com\/sk\/clients\/centralna-monitorovacia-stanica-cms\/\">Dojavni centri<\/a><\/p>\n<p><a href=\"\/hr?page_id=2968\" data-mce-href=\"https:\/\/www.alarmautomatika.com\/sk\/clients\/instalateri\/\">Elektri\u010dari<\/a><\/p>\n<p><a href=\"\/hr?page_id=2971\" data-mce-href=\"https:\/\/www.alarmautomatika.com\/sk\/clients\/predajne-elektrospotrebicov-a-pocitacov-internetove-obchody\/\">Trgovine elektromaterijalom i IT opremom, internet trgovine<\/a><\/p>\n<p>[\/et_pb_accordion_item][et_pb_accordion_item title=&#8220;Products&#8220; _builder_version=&#8220;4.9.0&#8243; _module_preset=&#8220;default&#8220; open=&#8220;off&#8220;]<\/p>\n<p><a href=\"https:\/\/www.alarmautomatika.com\/sk\/produkty\/video\/\">Videonadzor<\/a><\/p>\n<p><a href=\"https:\/\/www.alarmautomatika.com\/sk\/produkty\/systemy-proti-vniknutiu-a-vlamaniu\/\">Protuprovala i protuprepad<\/a><\/p>\n<p><a href=\"https:\/\/www.alarmautomatika.com\/sk\/produkty\/video-interkom\/\">Videointerfoni<\/a><\/p>\n<p><a href=\"https:\/\/www.alarmautomatika.com\/sk\/produkty\/access-and-time-attendance-control\/\">Kontrola pristupa i evidencija radnog vremena<\/a><\/p>\n<p><a href=\"https:\/\/www.alarmautomatika.com\/sk\/produkty\/audio-riesenia\/\">Audio rje\u0161enja<\/a><\/p>\n<p><a href=\"https:\/\/www.alarmautomatika.com\/sk\/produkty\/automation-for-gates-doors-and-barriers\/\">Automatske rampe i vrata<\/a><\/p>\n<p><a href=\"https:\/\/www.alarmautomatika.com\/sk\/produkty\/centralna-monitorovacia-stationica-cms\/\">Oprema za dojavne centre<\/a><\/p>\n<p><a href=\"https:\/\/www.alarmautomatika.com\/sk\/produkty\/poziarne-a-plynove-poplachove-systemy\/\">Dojava po\u017eara i plina<\/a><\/p>\n<p>[\/et_pb_accordion_item][et_pb_accordion_item title=&#8220;Softwares&#8220; _builder_version=&#8220;4.9.0&#8243; _module_preset=&#8220;default&#8220; open=&#8220;off&#8220;]<\/p>\n<p><a href=\"https:\/\/www.alarmautomatika.com\/sk\/softwares\/softver-centralizacie-alarmov-absistemdcng\/\" data-mce-href=\"https:\/\/www.alarmautomatika.com\/sk\/softwares\/reception-and-processing\/\">Prijem i obrada signala alarma<\/a><\/p>\n<p>[\/et_pb_accordion_item][et_pb_accordion_item title=&#8220;Services&#8220; _builder_version=&#8220;4.9.0&#8243; _module_preset=&#8220;default&#8220; open=&#8220;off&#8220;]<\/p>\n<p><a href=\"\/hr?page_id=2995#prodajna-i-tehnicka-podrska\" data-et-has-event-already=\"true\" data-mce-href=\"https:\/\/www.alarmautomatika.com\/sk\/services\/koncept-jedneho-zdroja\/#prodajna-i-tehnicka-podrska\">Prodajna i tehni\u010dka podr\u0161ka<\/a><\/p>\n<p><a href=\"\/hr?page_id=2995#oprema-na-skladistu\" data-et-has-event-already=\"true\" data-mce-href=\"https:\/\/www.alarmautomatika.com\/sk\/services\/koncept-jedneho-zdroja\/#oprema-na-skladistu\">Oprema na skladi\u0161tu<\/a><\/p>\n<p><a href=\"\/hr?page_id=2995#edukacija-instalatera\" data-et-has-event-already=\"true\" data-mce-href=\"https:\/\/www.alarmautomatika.com\/sk\/services\/koncept-jedneho-zdroja\/#edukacija-instalatera\">Edukacija instalatera<\/a><\/p>\n<p><a href=\"\/hr?page_id=2995#b2b-online-platforma\" data-et-has-event-already=\"true\" data-mce-href=\"https:\/\/www.alarmautomatika.com\/sk\/services\/koncept-jedneho-zdroja\/#b2b-online-platforma\">B2B online platforma<\/a><\/p>\n<p><a href=\"\/hr?page_id=2995#servis\" data-et-has-event-already=\"true\" data-mce-href=\"https:\/\/www.alarmautomatika.com\/sk\/services\/koncept-jedneho-zdroja\/#servis\">Servis<\/a><\/p>\n<p><a href=\"\/hr?page_id=2995#idea-classic-katalog\" data-et-has-event-already=\"true\" data-mce-href=\"https:\/\/www.alarmautomatika.com\/sk\/services\/koncept-jedneho-zdroja\/#idea-classic-katalog\">iDEA Classic katalog<\/a><\/p>\n<p>[\/et_pb_accordion_item][et_pb_accordion_item title=&#8220;Platform&#8220; _builder_version=&#8220;4.9.0&#8243; _module_preset=&#8220;default&#8220; open=&#8220;off&#8220;]<\/p>\n<p><a href=\"\/hr?page_id=3034#b2b-platforma\" data-et-has-event-already=\"true\" data-mce-href=\"https:\/\/www.alarmautomatika.com\/sk\/platforma\/#b2b-platforma\">Jedinstvena B2B platforma koja \u0161tedi vrijeme<\/a><\/p>\n<p>[\/et_pb_accordion_item][\/et_pb_accordion][\/et_pb_column][\/et_pb_row][\/et_pb_section]<\/p>\n","protected":false},"excerpt":{"rendered":"<p>Technick\u00e1 a obchodn\u00e1 podpora Obchodn\u00e1 a technick\u00e1 podpora zah\u0155\u0148a produktov\u00fa dokument\u00e1ciu, telefonick\u00fa a online podporu, podporu na mieste in\u0161tal\u00e1cie alebo u investorov, ako aj pri prezent\u00e1cii produktov a rie\u0161en\u00ed. Klientom je celkovo k dispoz\u00edcii viac ako 20 obchodn\u00fdch odborn\u00edkov a viac ako 20 technikov, ktor\u00ed pom\u00e1haj\u00fa s definovan\u00edm rie\u0161enia a pr\u00edpravou konkuren\u010dnej ponuky. Skladov\u00e9 z\u00e1soby [&hellip;]<\/p>\n","protected":false},"author":15,"featured_media":0,"parent":27364,"menu_order":0,"comment_status":"closed","ping_status":"closed","template":"","meta":{"_et_pb_use_builder":"on","_et_pb_old_content":"","_et_gb_content_width":"","footnotes":""},"class_list":["post-27374","page","type-page","status-publish","hentry"],"_links":{"self":[{"href":"https:\/\/www.alarmautomatika.com\/sk\/wp-json\/wp\/v2\/pages\/27374","targetHints":{"allow":["GET"]}}],"collection":[{"href":"https:\/\/www.alarmautomatika.com\/sk\/wp-json\/wp\/v2\/pages"}],"about":[{"href":"https:\/\/www.alarmautomatika.com\/sk\/wp-json\/wp\/v2\/types\/page"}],"author":[{"embeddable":true,"href":"https:\/\/www.alarmautomatika.com\/sk\/wp-json\/wp\/v2\/users\/15"}],"replies":[{"embeddable":true,"href":"https:\/\/www.alarmautomatika.com\/sk\/wp-json\/wp\/v2\/comments?post=27374"}],"version-history":[{"count":2,"href":"https:\/\/www.alarmautomatika.com\/sk\/wp-json\/wp\/v2\/pages\/27374\/revisions"}],"predecessor-version":[{"id":50442,"href":"https:\/\/www.alarmautomatika.com\/sk\/wp-json\/wp\/v2\/pages\/27374\/revisions\/50442"}],"up":[{"embeddable":true,"href":"https:\/\/www.alarmautomatika.com\/sk\/wp-json\/wp\/v2\/pages\/27364"}],"wp:attachment":[{"href":"https:\/\/www.alarmautomatika.com\/sk\/wp-json\/wp\/v2\/media?parent=27374"}],"curies":[{"name":"wp","href":"https:\/\/api.w.org\/{rel}","templated":true}]}}