{"id":27378,"date":"2020-08-20T14:46:51","date_gmt":"2020-08-20T12:46:51","guid":{"rendered":"https:\/\/www.alarmautomatika.com\/softwares\/reception-and-processing\/"},"modified":"2023-11-10T09:51:51","modified_gmt":"2023-11-10T08:51:51","slug":"softver-centralizacie-alarmov-absistemdcng","status":"publish","type":"page","link":"https:\/\/www.alarmautomatika.com\/sk\/softwares\/softver-centralizacie-alarmov-absistemdcng\/","title":{"rendered":"Softv\u00e9r centraliz\u00e1cie alarmov ABsistemDC(NG)"},"content":{"rendered":"<p>[et_pb_section fb_built=&#8220;1&#8243; _builder_version=&#8220;4.6.2&#8243; _module_preset=&#8220;default&#8220; background_image=&#8220;https:\/\/www.alarmautomatika.com\/wp-content\/uploads\/2020\/09\/centralizacija.jpg&#8220; background_size=&#8220;initial&#8220; background_position=&#8220;top_center&#8220; global_colors_info=&#8220;{}&#8220;][et_pb_row _builder_version=&#8220;4.7.4&#8243; _module_preset=&#8220;default&#8220; width=&#8220;95%&#8220; global_colors_info=&#8220;{}&#8220;][et_pb_column type=&#8220;4_4&#8243; _builder_version=&#8220;4.6.0&#8243; _module_preset=&#8220;default&#8220; global_colors_info=&#8220;{}&#8220;][et_pb_text _builder_version=&#8220;4.6.0&#8243; _dynamic_attributes=&#8220;content&#8220; _module_preset=&#8220;default&#8220; text_font=&#8220;|600|||||||&#8220; text_text_color=&#8220;#ffffff&#8220; text_font_size=&#8220;48px&#8220; text_line_height=&#8220;1.2em&#8220; custom_padding=&#8220;80px|50px||50px|false|true&#8220; text_font_size_tablet=&#8220;40px&#8220; text_font_size_phone=&#8220;32px&#8220; text_font_size_last_edited=&#8220;on|desktop&#8220; text_line_height_tablet=&#8220;&#8220; text_line_height_phone=&#8220;&#8220; text_line_height_last_edited=&#8220;on|phone&#8220; header_font_tablet=&#8220;&#8220; header_font_phone=&#8220;&#8220; header_font_last_edited=&#8220;on|phone&#8220; header_font_size_tablet=&#8220;&#8220; header_font_size_phone=&#8220;&#8220; header_font_size_last_edited=&#8220;on|phone&#8220; header_line_height_tablet=&#8220;&#8220; header_line_height_phone=&#8220;&#8220; header_line_height_last_edited=&#8220;on|desktop&#8220; global_colors_info=&#8220;{}&#8220;]@ET-DC@eyJkeW5hbWljIjp0cnVlLCJjb250ZW50IjoicG9zdF90aXRsZSIsInNldHRpbmdzIjp7ImJlZm9yZSI6IiIsImFmdGVyIjoiIn19@[\/et_pb_text][\/et_pb_column][\/et_pb_row][et_pb_row column_structure=&#8220;3_4,1_4&#8243; _builder_version=&#8220;4.6.0&#8243; _module_preset=&#8220;default&#8220; background_color=&#8220;#ffffff&#8220; width=&#8220;95%&#8220; custom_margin=&#8220;20px||||false|false&#8220; custom_margin_tablet=&#8220;10px||||false|false&#8220; custom_margin_phone=&#8220;10px||||false|false&#8220; custom_margin_last_edited=&#8220;on|desktop&#8220; custom_padding=&#8220;43px|50px|43px|50px|true|true&#8220; box_shadow_style=&#8220;preset2&#8243; global_colors_info=&#8220;{}&#8220;][et_pb_column type=&#8220;3_4&#8243; _builder_version=&#8220;4.6.0&#8243; _module_preset=&#8220;default&#8220; global_colors_info=&#8220;{}&#8220;][et_pb_text _builder_version=&#8220;4.10.5&#8243; _module_preset=&#8220;default&#8220; hover_enabled=&#8220;0&#8243; global_colors_info=&#8220;{}&#8220; sticky_enabled=&#8220;0&#8243;]<\/p>\n<p>ABsistemDC(NG)v2 je softv\u00e9r, ktor\u00fd umo\u017e\u0148uje centraliz\u00e1ciu poplachov\u00fdch sign\u00e1lov z chr\u00e1nen\u00fdch objektov v oznamovacom centre. Jeho \u00fa\u010delom je zabezpe\u010di\u0165 spo\u013eahliv\u00fd pr\u00edjem a kvalitn\u00e9 spracovanie poplachov\u00fdch sign\u00e1lov a u\u013eah\u010di\u0165 pr\u00e1cu oper\u00e1torovi centra. Pou\u017e\u00edva sa v zabezpe\u010dovac\u00edch poplachov\u00fdch centr\u00e1ch na str\u00e1\u017eenie chr\u00e1nen\u00fdch objektov, po\u017eiarnych poplachov\u00fdch stredisk\u00e1ch na pr\u00edjem poplachov z po\u017eiarnych poplachov\u00fdch syst\u00e9mov a vo v\u00e4\u010d\u0161\u00edch spolo\u010dnostiach, ktor\u00e9 maj\u00fa vlastn\u00e9 poplachov\u00e9 stredisko.<\/p>\n<p>Oddelenie v\u00fdskumu a v\u00fdvoja Alarm automatiky neust\u00e1le vyv\u00edja softv\u00e9r ABsistemDC(NG)v2 a prisp\u00f4sobuje ho nov\u00fdm technol\u00f3gi\u00e1m a potreb\u00e1m pou\u017e\u00edvate\u013eov u\u017e od roku 1992. Bol implementovan\u00fd v stovk\u00e1ch poplachov\u00fdch centier v regi\u00f3ne a za inov\u00e1ciu bol nieko\u013ekokr\u00e1t ocenen\u00fd Video Overenie poplachov\u00fdch sign\u00e1lov.<\/p>\n<p>[\/et_pb_text][et_pb_image src=&#8220;https:\/\/www.alarmautomatika.com\/wp-content\/uploads\/2021\/08\/DCNG-monitori-2021-header-web.jpg&#8220; alt=&#8220;ABsistemDC(NG)v2&#8243; align=&#8220;center&#8220; _builder_version=&#8220;4.10.5&#8243; _module_preset=&#8220;default&#8220; global_colors_info=&#8220;{}&#8220;][\/et_pb_image][et_pb_text _builder_version=&#8220;4.10.5&#8243; _module_preset=&#8220;default&#8220; link_font=&#8220;|600|||||||&#8220; header_2_text_align=&#8220;left&#8220; header_2_font_size=&#8220;30px&#8220; header_2_line_height=&#8220;1.2em&#8220; header_font_size_tablet=&#8220;48px&#8220; header_font_size_phone=&#8220;&#8220; header_font_size_last_edited=&#8220;on|tablet&#8220; header_2_font_size_tablet=&#8220;&#8220; header_2_font_size_phone=&#8220;25px&#8220; header_2_font_size_last_edited=&#8220;on|phone&#8220; global_colors_info=&#8220;{}&#8220;]<\/p>\n<blockquote>\n<h2>ABsistemDC(NG) software a jeho v\u00fdhody<\/h2>\n<\/blockquote>\n<p><strong>Overenie videom<\/strong><\/p>\n<p>Umo\u017e\u0148uje takmer okam\u017eit\u00e9 automatick\u00e9 zobrazovanie vide\u00ed z miesta, kde bol zaznamenan\u00fd poplach, \u010d\u00edm zabra\u0148uje zbyto\u010dn\u00fdm z\u00e1sahom z\u00e1sahov\u00fdch t\u00edmov.<\/p>\n<p><img loading=\"lazy\" decoding=\"async\" class=\"wp-image-22380 aligncenter \" src=\"https:\/\/www.alarmautomatika.com\/wp-content\/uploads\/2021\/08\/zlatna-kuna-za-inovaciju-2009.png\" alt=\"\" width=\"192\" height=\"107\" srcset=\"https:\/\/www.alarmautomatika.com\/wp-content\/uploads\/2021\/08\/zlatna-kuna-za-inovaciju-2009.png 360w, https:\/\/www.alarmautomatika.com\/wp-content\/uploads\/2021\/08\/zlatna-kuna-za-inovaciju-2009-300x167.png 300w\" sizes=\"(max-width: 192px) 100vw, 192px\" \/><\/p>\n<p style=\"text-align: center;\"><em>Golden Kuna for Innovation 2009<\/em><\/p>\n<p><strong>Podporuje r\u00f4zne komunika\u010dn\u00e9 <\/strong><strong>form\u00e1ty<\/strong><\/p>\n<p>ABsistemDC(NG) podporuje v\u0161etky zn\u00e1me komunika\u010dn\u00e9 form\u00e1ty a preto je kompatibiln\u00fd s prij\u00edma\u010dmi od r\u00f4znych v\u00fdrobcov technick\u00fdch bezpe\u010dnostn\u00fdch syst\u00e9mov: SurGard, Visonic, Paradox, Enigma, Ademco, AMC, Eldes, Bosch, Satel, Inim, S-Link a \u010fal\u0161ie kompatibiln\u00e9 s MLR prij\u00edma\u010dov.<\/p>\n<p><strong>Cloud verzia<\/strong><\/p>\n<p>ABsistemDCcloud je slu\u017eba, ktor\u00e1 umo\u017e\u0148uje pr\u00edjem poplachov\u00fdch udalost\u00ed v centr\u00e1lnych monitorovac\u00edch staniciach prostredn\u00edctvom technol\u00f3gie Cloud. Obsahuje serverov\u00fa aplik\u00e1ciu, ktor\u00e1 spracov\u00e1va alarmov\u00e9 udalosti v priestoroch Alarm automatiky a klientske aplik\u00e1cie, ktor\u00e9 prij\u00edmaj\u00fa u\u017e spracovan\u00e9 udalosti na po\u010d\u00edta\u010doch CMS.<\/p>\n<p><img loading=\"lazy\" decoding=\"async\" class=\"aligncenter wp-image-19153 size-full\" src=\"https:\/\/www.alarmautomatika.com\/wp-content\/uploads\/2021\/07\/esif-hamag-logo.jpg\" alt=\"\" width=\"430\" height=\"70\" srcset=\"https:\/\/www.alarmautomatika.com\/wp-content\/uploads\/2021\/07\/esif-hamag-logo.jpg 430w, https:\/\/www.alarmautomatika.com\/wp-content\/uploads\/2021\/07\/esif-hamag-logo-300x49.jpg 300w\" sizes=\"(max-width: 430px) 100vw, 430px\" \/><\/p>\n<p style=\"text-align: center;\"><em>With the support of Hamag invest<\/em><\/p>\n<p><strong>Multijazykov\u00e1 podpora<\/strong><\/p>\n<p>Oper\u00e1tori v CMS dost\u00e1vaj\u00fa v\u0161etky spr\u00e1vy v jazyku a p\u00edsme, ktor\u00e9 najlep\u0161ie poznaj\u00fa a s obvyklou terminol\u00f3giou.<\/p>\n<p><strong>WatchDog<\/strong><\/p>\n<p>Viacero typov rekord\u00e9rov cez sie\u0165ov\u00fd monitoring (nap\u00e1janie, stav kamier a pevn\u00fdch diskov), lok\u00e1lne alebo cez internet.<\/p>\n<p><strong>Overenie alarmu detektorom Ajax MotionCam<\/strong><\/p>\n<p>Po aktiv\u00e1cii detektor Ajax MotionCam automaticky odo\u0161le s\u00e9riu obr\u00e1zkov udalosti do centr\u00e1lnej monitorovacej stanice, \u010do umo\u017e\u0148uje overenie alarmu v re\u00e1lnom \u010dase.<\/p>\n<p><strong>CTD \u2013 Centr\u00e1lny technick\u00fd dozor <\/strong><\/p>\n<p>Central Technical Supervision (CTN) is a technical supervision over the correctness of a technical protection system that is established for the purpose of prompt elimination of all observed deficiencies. It enables monitoring of all events generated by technical protection systems on the facility, monitoring of their technical correctness and early detection of failures. It also enables control over the use of the system (switching on \/ off the alarm system, closing the door) and over the operation of service technicians and security guards.<\/p>\n<p><strong>Online kontrola bezpe\u010dnostnej slu\u017eby v re\u00e1lnom \u010dase<\/strong><\/p>\n<p>Mobiln\u00e1 aplik\u00e1cia GuardPatrol poskytuje inform\u00e1ciu o pohybe str\u00e1\u017enikov, uplat\u0148ovanie postupov a preuk\u00e1zanie u\u017e\u00edvate\u013eovi, \u017ee dohodnut\u00e9 postupy boli plne implementovan\u00e9. Ochranka \u010d\u00edta QR k\u00f3dy alebo NFC tagy, ktor\u00e9 boli predt\u00fdm vygenerovan\u00e9 \/ naprogramovan\u00e9 pre ka\u017ed\u00fd kontroln\u00fd bod samostatne cez mobiln\u00fd telef\u00f3n. Mobiln\u00e1 <br \/>aplik\u00e1cia odosiela inform\u00e1cie o tagoch a ich geolok\u00e1cii do softv\u00e9ru ABsistemDC(NG)v2 a s\u00fa <br \/>okam\u017eite, v re\u00e1lnom \u010dase, vidite\u013en\u00e9 v centre bezpe\u010dnostn\u00fdch upozornen\u00ed.<\/p>\n<blockquote>\n<h2>Modul\u00e1rny koncept pre \u00fapln\u00e9 prisp\u00f4sobenie sa potreb\u00e1m pou\u017e\u00edvate\u013eov<\/h2>\n<\/blockquote>\n<p><strong>Z\u00e1kladn\u00e1 aplik\u00e1cia<\/strong><\/p>\n<p>Z\u00e1kladn\u00e1 aplik\u00e1cia pokr\u00fdva a\u017e 500 \u00fa\u010dtov a jedn\u00e9ho oper\u00e1tora av pr\u00edpade potreby je mo\u017en\u00e9 ju roz\u0161\u00edri\u0165 o \u010fal\u0161\u00edch 500 \u00fa\u010dtov (Licencia 500) a pre \u010fal\u0161ieho oper\u00e1tora (Licencia \u010eal\u0161\u00ed oper\u00e1tor).<\/p>\n<ul>\n<li>Spracovanie udalost\u00ed<br \/>Modul umo\u017e\u0148uje zobrazenie a spracovanie poplachov\u00fdch udalost\u00ed.<\/li>\n<li>Adres\u00e1r<br \/>Modul na spr\u00e1vu kontaktn\u00fdch inform\u00e1ci\u00ed vlastn\u00edkov chr\u00e1nen\u00fdch priestorov.<\/li>\n<li>Spr\u00e1vy<br \/>Modul na odosielanie automatick\u00fdch spr\u00e1v a upozornen\u00ed.<\/li>\n<li>Installer<br \/>Modul monitorovania \u00fadr\u017eby a servisu syst\u00e9mu.<\/li>\n<li>\u010casova\u010de<br \/>Modul pre doh\u013ead nad pl\u00e1novan\u00fdm otv\u00e1ran\u00edm\/zatv\u00e1ran\u00edm a sk\u00fa\u0161kami z monitorovan\u00fdch priestorov.<\/li>\n<li style=\"list-style-type: none;\">\u00a0<\/li>\n<\/ul>\n<p><strong>Pr\u00eddavn\u00e9 moduly<\/strong><\/p>\n<ul>\n<li>Overenie videom<br \/>Umo\u017e\u0148uje automatick\u00e9 zobrazovanie sn\u00edmok kamery z monitorovan\u00fdch priestorov.<\/li>\n<li>ABsistemGuardPatrol<br \/>V kombin\u00e1cii s mobilnou aplik\u00e1ciou GuardPatrol poskytuje spo\u013eahliv\u00fd doh\u013ead nad bezpe\u010dnostnou slu\u017ebou v re\u00e1lnom \u010dase.<\/li>\n<li>WEB pr\u00edstup<br \/>Umo\u017e\u0148uje pou\u017e\u00edvate\u013eom pr\u00edstup k inform\u00e1ci\u00e1m o ich \u00fa\u010dtoch prostredn\u00edctvom internetu.<\/li>\n<li>P\u00f4dorys<br \/>Poskytuje grafick\u00e9 zn\u00e1zornenie stavu monitorovan\u00fdch z\u00f3n.<\/li>\n<li>Postupy<br \/>Modul poskytuje sprievodcu predp\u00edsan\u00fdm procesom pre ka\u017ed\u00fd definovan\u00fd \u00fa\u010det a upozor\u0148uje oper\u00e1tora, ak\u00e9 konkr\u00e9tne kroky je potrebn\u00e9 vykona\u0165.<\/li>\n<li>SMS modul<br \/>Umo\u017e\u0148uje odoslanie textovej spr\u00e1vy s preddefinovanou udalos\u0165ou s popisom na mobiln\u00e9 \u010d\u00edsla klientov.<\/li>\n<\/ul>\n<p>[\/et_pb_text][\/et_pb_column][et_pb_column type=&#8220;1_4&#8243; _builder_version=&#8220;4.6.0&#8243; _module_preset=&#8220;default&#8220; custom_padding_tablet=&#8220;&#8220; custom_padding_phone=&#8220;&#8220; custom_padding_last_edited=&#8220;on|phone&#8220; global_colors_info=&#8220;{}&#8220;][et_pb_image src=&#8220;https:\/\/www.alarmautomatika.com\/wp-content\/uploads\/2020\/10\/idea-classic-logo-home-banner.png&#8220; alt=&#8220;iDEA Classic&#8220; title_text=&#8220;iDEA Classic&#8220; align=&#8220;center&#8220; _builder_version=&#8220;4.7.4&#8243; _module_preset=&#8220;default&#8220; global_colors_info=&#8220;{}&#8220;][\/et_pb_image][et_pb_accordion module_class=&#8220;idea-value-propositions&#8220; _builder_version=&#8220;4.9.0&#8243; _module_preset=&#8220;default&#8220; global_module=&#8220;8295&#8243; global_colors_info=&#8220;{}&#8220;][et_pb_accordion_item title=&#8220;Blank&#8220; open=&#8220;on&#8220; _builder_version=&#8220;4.9.0&#8243; _module_preset=&#8220;default&#8220; custom_css_main_element=&#8220;display:none;&#8220; global_colors_info=&#8220;{}&#8220;][\/et_pb_accordion_item][et_pb_accordion_item title=&#8220;Clients&#8220; _builder_version=&#8220;4.9.0&#8243; _module_preset=&#8220;default&#8220; global_colors_info=&#8220;{}&#8220; open=&#8220;off&#8220;]<\/p>\n<p><a href=\"https:\/\/www.alarmautomatika.com\/sk\/clients\/montazne-firmy-s-licenciou\/\">Instalateri tehni\u010dke za\u0161tite<\/a><\/p>\n<p><a href=\"https:\/\/www.alarmautomatika.com\/sk\/clients\/centralna-monitorovacia-stanica-cms\/\">Dojavni centri<\/a><\/p>\n<p><a href=\"https:\/\/www.alarmautomatika.com\/sk\/clients\/instalateri\/\">Elektri\u010dari<\/a><\/p>\n<p><a href=\"https:\/\/www.alarmautomatika.com\/sk\/clients\/predajne-elektrospotrebicov-a-pocitacov-internetove-obchody\/\">Trgovine elektromaterijalom i IT opremom, internet trgovine<\/a><\/p>\n<p>[\/et_pb_accordion_item][et_pb_accordion_item title=&#8220;Products&#8220; _builder_version=&#8220;4.9.0&#8243; _module_preset=&#8220;default&#8220; global_colors_info=&#8220;{}&#8220; open=&#8220;off&#8220;]<\/p>\n<p><a href=\"https:\/\/www.alarmautomatika.com\/sk\/produkty\/video\/\">Videonadzor<\/a><\/p>\n<p><a href=\"https:\/\/www.alarmautomatika.com\/sk\/produkty\/systemy-proti-vniknutiu-a-vlamaniu\/\">Protuprovala i protuprepad<\/a><\/p>\n<p><a href=\"https:\/\/www.alarmautomatika.com\/sk\/produkty\/video-interkom\/\">Videointerfoni<\/a><\/p>\n<p><a href=\"https:\/\/www.alarmautomatika.com\/sk\/produkty\/access-and-time-attendance-control\/\">Kontrola pristupa i evidencija radnog vremena<\/a><\/p>\n<p><a href=\"https:\/\/www.alarmautomatika.com\/sk\/produkty\/audio-riesenia\/\">Audio rje\u0161enja<\/a><\/p>\n<p><a href=\"https:\/\/www.alarmautomatika.com\/sk\/produkty\/automation-for-gates-doors-and-barriers\/\">Automatske rampe i vrata<\/a><\/p>\n<p><a href=\"https:\/\/www.alarmautomatika.com\/sk\/produkty\/centralna-monitorovacia-stationica-cms\/\">Oprema za dojavne centre<\/a><\/p>\n<p><a href=\"https:\/\/www.alarmautomatika.com\/sk\/produkty\/poziarne-a-plynove-poplachove-systemy\/\">Dojava po\u017eara i plina<\/a><\/p>\n<p>[\/et_pb_accordion_item][et_pb_accordion_item title=&#8220;Softwares&#8220; _builder_version=&#8220;4.9.0&#8243; _module_preset=&#8220;default&#8220; global_colors_info=&#8220;{}&#8220; open=&#8220;off&#8220;]<\/p>\n<p><a href=\"https:\/\/www.alarmautomatika.com\/sk\/softwares\/softver-centralizacie-alarmov-absistemdcng\/\">Prijem i obrada signala alarma<\/a><\/p>\n<p>[\/et_pb_accordion_item][et_pb_accordion_item title=&#8220;Services&#8220; _builder_version=&#8220;4.9.0&#8243; _module_preset=&#8220;default&#8220; global_colors_info=&#8220;{}&#8220; open=&#8220;off&#8220;]<\/p>\n<p><a href=\"https:\/\/www.alarmautomatika.com\/sk\/services\/koncept-jedneho-zdroja\/#prodajna-i-tehnicka-podrska\" data-et-has-event-already=\"true\">Prodajna i tehni\u010dka podr\u0161ka<\/a><\/p>\n<p><a href=\"https:\/\/www.alarmautomatika.com\/sk\/services\/koncept-jedneho-zdroja\/#oprema-na-skladistu\" data-et-has-event-already=\"true\">Oprema na skladi\u0161tu<\/a><\/p>\n<p><a href=\"https:\/\/www.alarmautomatika.com\/sk\/services\/koncept-jedneho-zdroja\/#edukacija-instalatera\" data-et-has-event-already=\"true\">Edukacija instalatera<\/a><\/p>\n<p><a href=\"https:\/\/www.alarmautomatika.com\/sk\/services\/koncept-jedneho-zdroja\/#b2b-online-platforma\" data-et-has-event-already=\"true\">B2B online platforma<\/a><\/p>\n<p><a href=\"https:\/\/www.alarmautomatika.com\/sk\/services\/koncept-jedneho-zdroja\/#servis\" data-et-has-event-already=\"true\">Servis<\/a><\/p>\n<p><a href=\"https:\/\/www.alarmautomatika.com\/sk\/services\/koncept-jedneho-zdroja\/#idea-classic-katalog\" data-et-has-event-already=\"true\">iDEA Classic katalog<\/a><\/p>\n<p>[\/et_pb_accordion_item][et_pb_accordion_item title=&#8220;Platform&#8220; _builder_version=&#8220;4.9.0&#8243; _module_preset=&#8220;default&#8220; global_colors_info=&#8220;{}&#8220; open=&#8220;off&#8220;]<\/p>\n<p><a href=\"https:\/\/www.alarmautomatika.com\/sk\/platforma\/#b2b-platforma\" data-et-has-event-already=\"true\">Jedinstvena B2B platforma koja \u0161tedi vrijeme<\/a><\/p>\n<p>[\/et_pb_accordion_item][\/et_pb_accordion][\/et_pb_column][\/et_pb_row][\/et_pb_section]<\/p>\n","protected":false},"excerpt":{"rendered":"<p>ABsistemDC(NG)v2 je softv\u00e9r, ktor\u00fd umo\u017e\u0148uje centraliz\u00e1ciu poplachov\u00fdch sign\u00e1lov z chr\u00e1nen\u00fdch objektov v oznamovacom centre. Jeho \u00fa\u010delom je zabezpe\u010di\u0165 spo\u013eahliv\u00fd pr\u00edjem a kvalitn\u00e9 spracovanie poplachov\u00fdch sign\u00e1lov a u\u013eah\u010di\u0165 pr\u00e1cu oper\u00e1torovi centra. Pou\u017e\u00edva sa v zabezpe\u010dovac\u00edch poplachov\u00fdch centr\u00e1ch na str\u00e1\u017eenie chr\u00e1nen\u00fdch objektov, po\u017eiarnych poplachov\u00fdch stredisk\u00e1ch na pr\u00edjem poplachov z po\u017eiarnych poplachov\u00fdch syst\u00e9mov a vo v\u00e4\u010d\u0161\u00edch spolo\u010dnostiach, ktor\u00e9 [&hellip;]<\/p>\n","protected":false},"author":15,"featured_media":0,"parent":27377,"menu_order":0,"comment_status":"closed","ping_status":"closed","template":"","meta":{"_et_pb_use_builder":"on","_et_pb_old_content":"","_et_gb_content_width":"","footnotes":""},"class_list":["post-27378","page","type-page","status-publish","hentry"],"_links":{"self":[{"href":"https:\/\/www.alarmautomatika.com\/sk\/wp-json\/wp\/v2\/pages\/27378","targetHints":{"allow":["GET"]}}],"collection":[{"href":"https:\/\/www.alarmautomatika.com\/sk\/wp-json\/wp\/v2\/pages"}],"about":[{"href":"https:\/\/www.alarmautomatika.com\/sk\/wp-json\/wp\/v2\/types\/page"}],"author":[{"embeddable":true,"href":"https:\/\/www.alarmautomatika.com\/sk\/wp-json\/wp\/v2\/users\/15"}],"replies":[{"embeddable":true,"href":"https:\/\/www.alarmautomatika.com\/sk\/wp-json\/wp\/v2\/comments?post=27378"}],"version-history":[{"count":2,"href":"https:\/\/www.alarmautomatika.com\/sk\/wp-json\/wp\/v2\/pages\/27378\/revisions"}],"predecessor-version":[{"id":50443,"href":"https:\/\/www.alarmautomatika.com\/sk\/wp-json\/wp\/v2\/pages\/27378\/revisions\/50443"}],"up":[{"embeddable":true,"href":"https:\/\/www.alarmautomatika.com\/sk\/wp-json\/wp\/v2\/pages\/27377"}],"wp:attachment":[{"href":"https:\/\/www.alarmautomatika.com\/sk\/wp-json\/wp\/v2\/media?parent=27378"}],"curies":[{"name":"wp","href":"https:\/\/api.w.org\/{rel}","templated":true}]}}