{"id":27387,"date":"2020-08-20T13:39:24","date_gmt":"2020-08-20T11:39:24","guid":{"rendered":"https:\/\/www.alarmautomatika.com\/softwares\/intelligent-management-and-control\/"},"modified":"2024-11-12T13:40:36","modified_gmt":"2024-11-12T12:40:36","slug":"inteligentne-riadenie-a-kontrola","status":"publish","type":"page","link":"https:\/\/www.alarmautomatika.com\/sk\/softwares\/inteligentne-riadenie-a-kontrola\/","title":{"rendered":"Inteligentn\u00e9 riadenie a kontrola"},"content":{"rendered":"<p>[et_pb_section fb_built=&#8220;1&#8243; _builder_version=&#8220;4.16&#8243; _module_preset=&#8220;default&#8220; background_image=&#8220;https:\/\/www.alarmautomatika.com\/wp-content\/uploads\/2020\/09\/softverska-integracija.jpg&#8220; background_size=&#8220;initial&#8220; background_position=&#8220;top_center&#8220; global_colors_info=&#8220;{}&#8220;][et_pb_row _builder_version=&#8220;4.16&#8243; _module_preset=&#8220;default&#8220; width=&#8220;95%&#8220; global_colors_info=&#8220;{}&#8220;][et_pb_column type=&#8220;4_4&#8243; _builder_version=&#8220;4.16&#8243; _module_preset=&#8220;default&#8220; global_colors_info=&#8220;{}&#8220;][et_pb_text _builder_version=&#8220;4.16&#8243; _dynamic_attributes=&#8220;content&#8220; _module_preset=&#8220;default&#8220; text_font=&#8220;|600|||||||&#8220; text_text_color=&#8220;#ffffff&#8220; text_font_size=&#8220;48px&#8220; text_line_height=&#8220;1.2em&#8220; custom_padding=&#8220;80px|50px||50px|false|true&#8220; text_font_size_tablet=&#8220;40px&#8220; text_font_size_phone=&#8220;32px&#8220; text_font_size_last_edited=&#8220;on|desktop&#8220; text_line_height_tablet=&#8220;&#8220; text_line_height_phone=&#8220;&#8220; text_line_height_last_edited=&#8220;on|phone&#8220; header_font_tablet=&#8220;&#8220; header_font_phone=&#8220;&#8220; header_font_last_edited=&#8220;on|phone&#8220; header_font_size_tablet=&#8220;&#8220; header_font_size_phone=&#8220;&#8220; header_font_size_last_edited=&#8220;on|phone&#8220; header_line_height_tablet=&#8220;&#8220; header_line_height_phone=&#8220;&#8220; header_line_height_last_edited=&#8220;on|desktop&#8220; global_colors_info=&#8220;{}&#8220;]@ET-DC@eyJkeW5hbWljIjp0cnVlLCJjb250ZW50IjoicG9zdF90aXRsZSIsInNldHRpbmdzIjp7ImJlZm9yZSI6IiIsImFmdGVyIjoiIn19@[\/et_pb_text][\/et_pb_column][\/et_pb_row][et_pb_row column_structure=&#8220;3_4,1_4&#8243; _builder_version=&#8220;4.16&#8243; _module_preset=&#8220;default&#8220; background_color=&#8220;#ffffff&#8220; width=&#8220;95%&#8220; custom_margin=&#8220;20px||||false|false&#8220; custom_margin_tablet=&#8220;10px||||false|false&#8220; custom_margin_phone=&#8220;10px||||false|false&#8220; custom_margin_last_edited=&#8220;on|desktop&#8220; custom_padding=&#8220;50px|50px|50px|50px|true|true&#8220; box_shadow_style=&#8220;preset2&#8243; global_colors_info=&#8220;{}&#8220;][et_pb_column type=&#8220;3_4&#8243; _builder_version=&#8220;4.16&#8243; _module_preset=&#8220;default&#8220; global_colors_info=&#8220;{}&#8220;][et_pb_text _builder_version=&#8220;4.16&#8243; _module_preset=&#8220;default&#8220; link_font=&#8220;|600|||||||&#8220; header_2_text_align=&#8220;left&#8220; header_2_font_size=&#8220;30px&#8220; header_2_line_height=&#8220;1.2em&#8220; header_font_size_tablet=&#8220;48px&#8220; header_font_size_phone=&#8220;&#8220; header_font_size_last_edited=&#8220;on|tablet&#8220; header_2_font_size_tablet=&#8220;&#8220; header_2_font_size_phone=&#8220;25px&#8220; header_2_font_size_last_edited=&#8220;on|phone&#8220; global_colors_info=&#8220;{}&#8220;]<\/p>\n<blockquote>\n<h2 id=\"izdavanje-ulaznica\">Predaj l\u00edstkov a riadenie pr\u00edstupu<\/h2>\n<\/blockquote>\n<p><strong><a href=\"https:\/\/www.alarmautomatika.com\/sk\/softwares\/absistem-ticketing\/\">ABsistemTicketing<\/a> <\/strong>riadi vstup \u013eud\u00ed na \u0161tadi\u00f3ny a do verejn\u00fdch zariaden\u00ed. Integruje online predaj vstupeniek, termin\u00e1ly a bari\u00e9ry pre riadenie pr\u00edstupu, video doh\u013ead a softv\u00e9r na spr\u00e1vu. K dispoz\u00edcii je aj jeho verzia <a href=\"https:\/\/www.alarmautomatika.com\/sk\/softwares\/absistem-ticketing\/\">ABsistemTicketingSale<\/a> , ktor\u00e1 umo\u017e\u0148uje platbu vstupeniek na mieste, a <strong><a href=\"https:\/\/www.alarmautomatika.com\/sk\/softwares\/absistem-ticketing\/\">ABsistemSmartKiosk<\/a><\/strong> pre samoplatbu vstupeniek.<\/p>\n<p>[\/et_pb_text][et_pb_button button_url=&#8220;https:\/\/www.alarmautomatika.com\/sk\/softwares\/absistem-ticketing\/&#8220; button_text=&#8220;Zistite viac&#8220; button_alignment=&#8220;center&#8220; disabled_on=&#8220;off|off|off&#8220; _builder_version=&#8220;4.16&#8243; _module_preset=&#8220;default&#8220; custom_button=&#8220;on&#8220; button_text_size=&#8220;14px&#8220; button_font=&#8220;|600|||||||&#8220; button_use_icon=&#8220;off&#8220; custom_padding=&#8220;14px|53px|14px|53px|true|true&#8220; global_colors_info=&#8220;{}&#8220;][\/et_pb_button][et_pb_text _builder_version=&#8220;4.16&#8243; _module_preset=&#8220;default&#8220; link_font=&#8220;|600|||||||&#8220; header_2_text_align=&#8220;left&#8220; header_2_font_size=&#8220;30px&#8220; header_2_line_height=&#8220;1.2em&#8220; custom_padding=&#8220;||1px|||&#8220; header_font_size_tablet=&#8220;48px&#8220; header_font_size_phone=&#8220;&#8220; header_font_size_last_edited=&#8220;on|tablet&#8220; header_2_font_size_tablet=&#8220;&#8220; header_2_font_size_phone=&#8220;25px&#8220; header_2_font_size_last_edited=&#8220;on|phone&#8220; global_colors_info=&#8220;{}&#8220;]<\/p>\n<blockquote>\n<h2 id=\"brojanje-ljudi\">Po\u010d\u00edtanie \u013eud\u00ed a n\u00e1v\u0161tevn\u00edkov<\/h2>\n<\/blockquote>\n<p><strong><a href=\"https:\/\/www.alarmautomatika.com\/sk\/softwares\/people-counting\/\">ABsistemCounter<\/a><\/strong> po\u010d\u00edta cez IP kamery a zaznamen\u00e1va do datab\u00e1zy po\u010det n\u00e1v\u0161tevn\u00edkov, ktor\u00ed vst\u00fapili alebo opustili priestor. Preh\u013ead je centralizovan\u00fd v re\u00e1lnom \u010dase alebo n\u00e1sledne a umo\u017e\u0148uje mno\u017estvo obchodn\u00fdch anal\u00fdz. K dispoz\u00edcii s\u00fa aj rie\u0161enia <strong><a href=\"https:\/\/www.alarmautomatika.com\/sk\/softwares\/people-counting\/\">ABsistemLimitPeople<\/a><\/strong> na zis\u0165ovanie po\u010dtu os\u00f4b v priestore, <strong><a href=\"https:\/\/www.alarmautomatika.com\/sk\/softwares\/people-counting\/\">ABsistemSmartRetail<\/a><\/strong> na anal\u00fdzy v predajniach a na po\u010d\u00edtanie cestuj\u00facich vo verejnej doprave.<\/p>\n<p>[\/et_pb_text][et_pb_button button_url=&#8220;https:\/\/www.alarmautomatika.com\/sk\/softwares\/people-counting\/&#8220; button_text=&#8220;Zistite viac&#8220; button_alignment=&#8220;center&#8220; disabled_on=&#8220;off|off|off&#8220; _builder_version=&#8220;4.16&#8243; _module_preset=&#8220;default&#8220; custom_button=&#8220;on&#8220; button_text_size=&#8220;14px&#8220; button_font=&#8220;|600|||||||&#8220; button_use_icon=&#8220;off&#8220; custom_padding=&#8220;14px|53px|14px|53px|true|true&#8220; global_colors_info=&#8220;{}&#8220;][\/et_pb_button][et_pb_text _builder_version=&#8220;4.16&#8243; _module_preset=&#8220;default&#8220; link_font=&#8220;|600|||||||&#8220; header_2_text_align=&#8220;left&#8220; header_2_font_size=&#8220;30px&#8220; header_2_line_height=&#8220;1.2em&#8220; custom_padding=&#8220;||1px|||&#8220; header_font_size_tablet=&#8220;48px&#8220; header_font_size_phone=&#8220;&#8220; header_font_size_last_edited=&#8220;on|tablet&#8220; header_2_font_size_tablet=&#8220;&#8220; header_2_font_size_phone=&#8220;25px&#8220; header_2_font_size_last_edited=&#8220;on|phone&#8220; global_colors_info=&#8220;{}&#8220;]<\/p>\n<blockquote>\n<h2 id=\"parking-rjesenja\">Parkovacie rie\u0161enia<\/h2>\n<\/blockquote>\n<p><a href=\"https:\/\/www.alarmautomatika.com\/sk\/softwares\/absistem-park\/\"><strong>ABsistemPark<\/strong><\/a> riadi kontrolu vstupu vozidiel na parkovisk\u00e1. Integruje LPR kamery, \u010d\u00edta\u010dky kontroly pr\u00edstupu, interkomov\u00fa komunik\u00e1ciu, recepciu a \u010fal\u0161\u00ed obchodn\u00fd softv\u00e9r. Dostupn\u00e9 s\u00fa verzie s kategoriz\u00e1ciou vozidiel a poplatkami za parkovanie <a href=\"https:\/\/www.alarmautomatika.com\/sk\/softwares\/absistem-park\/\"><strong>ABsistemParkPay<\/strong><\/a>, so signaliz\u00e1ciou vo\u013en\u00fdch miest <a href=\"https:\/\/www.alarmautomatika.com\/sk\/softwares\/absistem-park\/\"><strong>ABsistemGaragePark<\/strong><\/a> a kontrolou vjazdu n\u00e1kladn\u00fdch \u00e1ut, vag\u00f3nov a kontajnerov <a href=\"https:\/\/www.alarmautomatika.com\/sk\/softwares\/absistem-park\/\"><strong>ABsistemMultiport<\/strong><\/a>.<\/p>\n<p>[\/et_pb_text][et_pb_button button_url=&#8220;https:\/\/www.alarmautomatika.com\/sk\/softwares\/absistem-park\/&#8220; button_text=&#8220;Zistite viac&#8220; button_alignment=&#8220;center&#8220; disabled_on=&#8220;off|off|off&#8220; _builder_version=&#8220;4.16&#8243; _module_preset=&#8220;default&#8220; custom_button=&#8220;on&#8220; button_text_size=&#8220;14px&#8220; button_font=&#8220;|600|||||||&#8220; button_use_icon=&#8220;off&#8220; custom_padding=&#8220;14px|53px|14px|53px|true|true&#8220; global_colors_info=&#8220;{}&#8220;][\/et_pb_button][et_pb_text _builder_version=&#8220;4.16&#8243; _module_preset=&#8220;default&#8220; link_font=&#8220;|600|||||||&#8220; header_2_text_align=&#8220;left&#8220; header_2_font_size=&#8220;30px&#8220; header_2_line_height=&#8220;1.2em&#8220; custom_padding=&#8220;||1px|||&#8220; header_font_size_tablet=&#8220;48px&#8220; header_font_size_phone=&#8220;&#8220; header_font_size_last_edited=&#8220;on|tablet&#8220; header_2_font_size_tablet=&#8220;&#8220; header_2_font_size_phone=&#8220;25px&#8220; header_2_font_size_last_edited=&#8220;on|phone&#8220; global_colors_info=&#8220;{}&#8220;]<\/p>\n<blockquote>\n<h2 id=\"upravljanje-posjetiteljima\">Riadenie a evidencia vstupov<\/h2>\n<\/blockquote>\n<p><strong><a href=\"https:\/\/www.alarmautomatika.com\/sk\/softwares\/absistem-guest-manager\/\">ABsistemGuestManager<\/a><\/strong> integruje riadenie pr\u00edstupu so skenerom identifika\u010dn\u00fdch dokumentov a tla\u010dou poveren\u00ed odstup\u0148ovanej \u00farovne pr\u00edstupu v zariadeniach, kde sa pri vstupe vy\u017eaduje identifik\u00e1cia.<\/p>\n<p>[\/et_pb_text][et_pb_button button_url=&#8220;https:\/\/www.alarmautomatika.com\/sk\/softwares\/absistem-guest-manager\/&#8220; button_text=&#8220;Zistite viac&#8220; button_alignment=&#8220;center&#8220; disabled_on=&#8220;off|off|off&#8220; _builder_version=&#8220;4.16&#8243; _module_preset=&#8220;default&#8220; custom_button=&#8220;on&#8220; button_text_size=&#8220;14px&#8220; button_font=&#8220;|600|||||||&#8220; button_use_icon=&#8220;off&#8220; custom_padding=&#8220;14px|53px|14px|53px|true|true&#8220; global_colors_info=&#8220;{}&#8220;][\/et_pb_button][et_pb_text _builder_version=&#8220;4.16&#8243; _module_preset=&#8220;default&#8220; link_font=&#8220;|600|||||||&#8220; header_2_text_align=&#8220;left&#8220; header_2_font_size=&#8220;30px&#8220; header_2_line_height=&#8220;1.2em&#8220; custom_padding=&#8220;||1px|||&#8220; header_font_size_tablet=&#8220;48px&#8220; header_font_size_phone=&#8220;&#8220; header_font_size_last_edited=&#8220;on|tablet&#8220; header_2_font_size_tablet=&#8220;&#8220; header_2_font_size_phone=&#8220;25px&#8220; header_2_font_size_last_edited=&#8220;on|phone&#8220; global_colors_info=&#8220;{}&#8220;]<\/p>\n<blockquote>\n<h2 id=\"nadzor-na-pretovarnim-stanicama\">Doh\u013ead na prekl\u00e1dkov\u00fdch staniciach<\/h2>\n<\/blockquote>\n<p><a href=\"https:\/\/www.alarmautomatika.com\/sk\/softwares\/absistem-green\/\"><strong>ABsistemGreen<\/strong><\/a> sa pou\u017e\u00edva na prekl\u00e1dkov\u00fdch staniciach na identifik\u00e1ciu vodi\u010dov a vozidiel a automatick\u00fa tla\u010d potrebn\u00fdch dokumentov. Integruje kontrolu vstupu, z\u00e1vory, v\u00e1\u017eenie vozidiel, LPR kamery a semafory.<\/p>\n<p>[\/et_pb_text][et_pb_button button_url=&#8220;https:\/\/www.alarmautomatika.com\/sk\/softwares\/absistem-green\/&#8220; button_text=&#8220;Zistite viac&#8220; button_alignment=&#8220;center&#8220; disabled_on=&#8220;off|off|off&#8220; _builder_version=&#8220;4.16&#8243; _module_preset=&#8220;default&#8220; custom_button=&#8220;on&#8220; button_text_size=&#8220;14px&#8220; button_font=&#8220;|600|||||||&#8220; button_use_icon=&#8220;off&#8220; custom_padding=&#8220;14px|53px|14px|53px|true|true&#8220; global_colors_info=&#8220;{}&#8220;][\/et_pb_button][et_pb_text _builder_version=&#8220;4.16&#8243; _module_preset=&#8220;default&#8220; link_font=&#8220;|600|||||||&#8220; header_2_text_align=&#8220;left&#8220; header_2_font_size=&#8220;30px&#8220; header_2_line_height=&#8220;1.2em&#8220; custom_padding=&#8220;||1px|||&#8220; header_font_size_tablet=&#8220;48px&#8220; header_font_size_phone=&#8220;&#8220; header_font_size_last_edited=&#8220;on|tablet&#8220; header_2_font_size_tablet=&#8220;&#8220; header_2_font_size_phone=&#8220;25px&#8220; header_2_font_size_last_edited=&#8220;on|phone&#8220; global_colors_info=&#8220;{}&#8220;]<\/p>\n<blockquote>\n<h2 id=\"centralizirani-nadzor\">Centralizovan\u00e9 ovl\u00e1danie blokovac\u00edch kab\u00edn<\/h2>\n<\/blockquote>\n<p><a href=\"https:\/\/www.alarmautomatika.com\/sk\/softwares\/absistem-interlock\/\"><strong>ABsistemInterlock<\/strong><\/a>, ktor\u00fd umo\u017e\u0148uje monitorovanie a miestne a dia\u013ekov\u00e9 ovl\u00e1danie blokovac\u00edch kab\u00edn. Kab\u00edny na od\u013eahl\u00fdch miestach s\u00fa spravovan\u00e9 v re\u00e1lnom \u010dase.<\/p>\n<p>[\/et_pb_text][et_pb_button button_url=&#8220;https:\/\/www.alarmautomatika.com\/sk\/softwares\/absistem-interlock\/&#8220; button_text=&#8220;Zistite viac&#8220; button_alignment=&#8220;center&#8220; disabled_on=&#8220;off|off|off&#8220; _builder_version=&#8220;4.16&#8243; _module_preset=&#8220;default&#8220; custom_button=&#8220;on&#8220; button_text_size=&#8220;14px&#8220; button_font=&#8220;|600|||||||&#8220; button_use_icon=&#8220;off&#8220; custom_padding=&#8220;14px|53px|14px|53px|true|true&#8220; global_colors_info=&#8220;{}&#8220;][\/et_pb_button][et_pb_text _builder_version=&#8220;4.16&#8243; _module_preset=&#8220;default&#8220; link_font=&#8220;|600|||||||&#8220; header_2_text_align=&#8220;left&#8220; header_2_font_size=&#8220;30px&#8220; header_2_line_height=&#8220;1.2em&#8220; custom_padding=&#8220;||1px|||&#8220; header_font_size_tablet=&#8220;48px&#8220; header_font_size_phone=&#8220;&#8220; header_font_size_last_edited=&#8220;on|tablet&#8220; header_2_font_size_tablet=&#8220;&#8220; header_2_font_size_phone=&#8220;25px&#8220; header_2_font_size_last_edited=&#8220;on|phone&#8220; locked=&#8220;off&#8220; global_colors_info=&#8220;{}&#8220;]<\/p>\n<blockquote>\n<h2 id=\"inteligentno-upravljanje\">V\u00fdvoj softv\u00e9ru pre inteligentn\u00e9 riadenie a kontrolu<\/h2>\n<\/blockquote>\n<p>Alarm automatika vyvinula mno\u017estvo \u0161pecializovan\u00fdch softv\u00e9rov pre inteligentn\u00e9 riadenie a ovl\u00e1danie \u2013 napr\u00edklad <strong>ABsistemLunch<\/strong> pre objedn\u00e1vanie dennej stravy vo firm\u00e1ch, <strong>ABsistemCafeteria<\/strong> pre bezhotovostn\u00e9 stravovanie vo firm\u00e1ch alebo <strong>ABsistemRooms<\/strong> pre rezerv\u00e1cie izieb v men\u0161\u00edch ubytovac\u00edch zariadeniach.<br \/>N\u00e1\u0161 vlastn\u00fd v\u00fdvoj znamen\u00e1, \u017ee v spolo\u010dnosti Alarm automatika sme pripraven\u00ed rie\u0161i\u0165 r\u00f4zne potreby pou\u017e\u00edvate\u013eov a vyvin\u00fa\u0165 \u00faplne prisp\u00f4soben\u00e9 rie\u0161enie softv\u00e9rovej integr\u00e1cie.<\/p>\n<p>[\/et_pb_text][\/et_pb_column][et_pb_column type=&#8220;1_4&#8243; _builder_version=&#8220;4.16&#8243; _module_preset=&#8220;default&#8220; custom_padding_tablet=&#8220;&#8220; custom_padding_phone=&#8220;&#8220; custom_padding_last_edited=&#8220;on|phone&#8220; global_colors_info=&#8220;{}&#8220;][et_pb_image src=&#8220;https:\/\/www.alarmautomatika.com\/wp-content\/uploads\/2020\/10\/idea-solution-logo-home-banner.png&#8220; alt=&#8220;iDEA Solution&#8220; title_text=&#8220;iDEA Solution&#8220; align=&#8220;center&#8220; _builder_version=&#8220;4.16&#8243; _module_preset=&#8220;default&#8220; global_colors_info=&#8220;{}&#8220;][\/et_pb_image][et_pb_accordion module_class=&#8220;idea-value-propositions&#8220; _builder_version=&#8220;4.9.0&#8243; _module_preset=&#8220;default&#8220; global_module=&#8220;8292&#8243; global_colors_info=&#8220;{}&#8220;][et_pb_accordion_item title=&#8220;Blank&#8220; open=&#8220;on&#8220; _builder_version=&#8220;4.16&#8243; _module_preset=&#8220;default&#8220; custom_css_main_element=&#8220;display:none;&#8220; global_colors_info=&#8220;{}&#8220;][\/et_pb_accordion_item][et_pb_accordion_item title=&#8220;Clients&#8220; _builder_version=&#8220;4.16&#8243; _module_preset=&#8220;default&#8220; global_colors_info=&#8220;{}&#8220; open=&#8220;off&#8220;]<\/p>\n<p><a href=\"https:\/\/www.alarmautomatika.com\/sk\/clients\/banky-a-financne-institucie\/\">Banke i financijske institucije<\/a><\/p>\n<p><a href=\"https:\/\/www.alarmautomatika.com\/sk\/clients\/hotely\/\">Hoteli<\/a><\/p>\n<p><a href=\"https:\/\/www.alarmautomatika.com\/sk\/clients\/nakupne-centra\/\">Trgova\u010dki centri<\/a><\/p>\n<p><a href=\"https:\/\/www.alarmautomatika.com\/sk\/clients\/verejne-a-obchodne-zariadenia\/\">Javni i poslovni objekti<\/a><\/p>\n<p><a href=\"https:\/\/www.alarmautomatika.com\/sk\/clients\/priemysel-a-velke-infrastrukturne-zariadenia\/\">Industrija i kriti\u010dna infrastruktura<\/a><\/p>\n<p><a href=\"https:\/\/www.alarmautomatika.com\/sk\/clients\/verejne-priestory-a-zariadenia\/\">Javne povr\u0161ine i prostori<\/a><\/p>\n<p>[\/et_pb_accordion_item][et_pb_accordion_item title=&#8220;Products&#8220; _builder_version=&#8220;4.16&#8243; _module_preset=&#8220;default&#8220; global_colors_info=&#8220;{}&#8220; open=&#8220;off&#8220;]<\/p>\n<p><a href=\"https:\/\/www.alarmautomatika.com\/sk\/produkty\/analytika-videa-a-umela-inteligencia\/\">Videoanalitika i umjetna inteligencija<\/a><\/p>\n<p><a href=\"https:\/\/www.alarmautomatika.com\/sk\/produkty\/termovizia-a-obvodova-ochrana\/\">Termovizija i za\u0161tita perimetra<\/a><\/p>\n<p><a href=\"https:\/\/www.alarmautomatika.com\/sk\/produkty\/pokrocile-systemy-kontroly-pristupu\/\">Napredni sustavi kontrole pristupa<\/a><\/p>\n<p><a href=\"https:\/\/www.alarmautomatika.com\/en\/products\/electronic-article-surveillance\/\">Elektroni\u010dka za\u0161tita artikala od kra\u0111e<\/a><\/p>\n<p><a href=\"https:\/\/www.alarmautomatika.com\/sk\/produkty\/inteligentne-riadenie-dopravy-a-parkovania\/\">Inteligentno upravljanje prometom i parkingom<\/a><\/p>\n<p><a href=\"https:\/\/www.alarmautomatika.com\/sk\/produkty\/bms-a-systemy-facility-managementu\/\">BMS i upravljanje sustavima na objektu<\/a><\/p>\n<p>[\/et_pb_accordion_item][et_pb_accordion_item title=&#8220;Softwares&#8220; _builder_version=&#8220;4.16&#8243; _module_preset=&#8220;default&#8220; global_colors_info=&#8220;{}&#8220; open=&#8220;off&#8220;]<\/p>\n<p><a href=\"https:\/\/www.alarmautomatika.com\/sk\/softwares\/inteligentne-riadenie-a-kontrola\/#izdavanje-ulaznica\" data-et-has-event-already=\"true\">Izdavanje ulaznica<\/a><\/p>\n<p><a href=\"https:\/\/www.alarmautomatika.com\/sk\/softwares\/inteligentne-riadenie-a-kontrola\/#brojanje-ljudi\" data-et-has-event-already=\"true\">Brojanje ljudi<\/a><\/p>\n<p><a href=\"https:\/\/www.alarmautomatika.com\/sk\/softwares\/inteligentne-riadenie-a-kontrola\/#rezervacija-soba\" data-et-has-event-already=\"true\">Rezervacija soba<\/a><\/p>\n<p><a href=\"https:\/\/www.alarmautomatika.com\/sk\/softwares\/inteligentne-riadenie-a-kontrola\/#parking-rjesenja\" data-et-has-event-already=\"true\">Parking rje\u0161enja<\/a><\/p>\n<p><a href=\"https:\/\/www.alarmautomatika.com\/sk\/softwares\/inteligentne-riadenie-a-kontrola\/#upravljanje-prometom\" data-et-has-event-already=\"true\">Upravljanje prometom<\/a><\/p>\n<p><a href=\"https:\/\/www.alarmautomatika.com\/sk\/softwares\/inteligentne-riadenie-a-kontrola\/#upravljanje-posjetiteljima\" data-et-has-event-already=\"true\">Upravljanje posjetiteljima<\/a><\/p>\n<p><a href=\"https:\/\/www.alarmautomatika.com\/sk\/softwares\/inteligentne-riadenie-a-kontrola\/#nadzor-na-pretovarnim-stanicama\" data-et-has-event-already=\"true\">Nadzor na pretovarnim stanicama<\/a><\/p>\n<p>[\/et_pb_accordion_item][et_pb_accordion_item title=&#8220;Services&#8220; _builder_version=&#8220;4.16&#8243; _module_preset=&#8220;default&#8220; global_colors_info=&#8220;{}&#8220; open=&#8220;off&#8220;]<\/p>\n<p><a href=\"https:\/\/www.alarmautomatika.com\/sk\/services\/profesionalne-sluzby-pre-komplexne-projekty\/#projektiranje\" data-et-has-event-already=\"true\">Projektiranje<\/a><\/p>\n<p><a href=\"https:\/\/www.alarmautomatika.com\/sk\/services\/profesionalne-sluzby-pre-komplexne-projekty\/#prosudba-ugrozenosti-i-elaborat-mjera-sigurnosti\" data-et-has-event-already=\"true\">Prosudba ugro\u017eenosti i elaborat mjera sigurnosti<\/a><\/p>\n<p><a href=\"https:\/\/www.alarmautomatika.com\/sk\/services\/profesionalne-sluzby-pre-komplexne-projekty\/#konzalting\" data-et-has-event-already=\"true\">Konzalting<\/a><\/p>\n<p><a href=\"https:\/\/www.alarmautomatika.com\/sk\/services\/profesionalne-sluzby-pre-komplexne-projekty\/#nadzor-nad-izvodjenjem\" data-et-has-event-already=\"true\">Nadzor nad izvo\u0111enjem<\/a><\/p>\n<p><a href=\"https:\/\/www.alarmautomatika.com\/sk\/services\/profesionalne-sluzby-pre-komplexne-projekty\/#koordinacija-i-vodjenje-projekata\" data-et-has-event-already=\"true\">Koordinacija i vo\u0111enje projekata<\/a><\/p>\n<p><a href=\"https:\/\/www.alarmautomatika.com\/sk\/services\/profesionalne-sluzby-pre-komplexne-projekty\/#softverska-integracija\" data-et-has-event-already=\"true\">Softverska integracija i ukla\u0161anje u IKT<\/a><\/p>\n<p>[\/et_pb_accordion_item][et_pb_accordion_item title=&#8220;Platform&#8220; _builder_version=&#8220;4.16&#8243; _module_preset=&#8220;default&#8220; global_colors_info=&#8220;{}&#8220; open=&#8220;off&#8220;]<\/p>\n<p><a href=\"https:\/\/www.alarmautomatika.com\/sk\/platforma\/#razmjena-znanja\" data-et-has-event-already=\"true\">Platforma za razmjenu znanja sudionika procesa gra\u0111enja<\/a><\/p>\n<p>[\/et_pb_accordion_item][\/et_pb_accordion][\/et_pb_column][\/et_pb_row][\/et_pb_section]<\/p>\n","protected":false},"excerpt":{"rendered":"<p>Predaj l\u00edstkov a riadenie pr\u00edstupu ABsistemTicketing riadi vstup \u013eud\u00ed na \u0161tadi\u00f3ny a do verejn\u00fdch zariaden\u00ed. Integruje online predaj vstupeniek, termin\u00e1ly a bari\u00e9ry pre riadenie pr\u00edstupu, video doh\u013ead a softv\u00e9r na spr\u00e1vu. K dispoz\u00edcii je aj jeho verzia ABsistemTicketingSale , ktor\u00e1 umo\u017e\u0148uje platbu vstupeniek na mieste, a ABsistemSmartKiosk pre samoplatbu vstupeniek. Po\u010d\u00edtanie \u013eud\u00ed a n\u00e1v\u0161tevn\u00edkov ABsistemCounter [&hellip;]<\/p>\n","protected":false},"author":15,"featured_media":0,"parent":27377,"menu_order":0,"comment_status":"closed","ping_status":"closed","template":"","meta":{"_et_pb_use_builder":"on","_et_pb_old_content":"","_et_gb_content_width":"","footnotes":""},"class_list":["post-27387","page","type-page","status-publish","hentry"],"_links":{"self":[{"href":"https:\/\/www.alarmautomatika.com\/sk\/wp-json\/wp\/v2\/pages\/27387","targetHints":{"allow":["GET"]}}],"collection":[{"href":"https:\/\/www.alarmautomatika.com\/sk\/wp-json\/wp\/v2\/pages"}],"about":[{"href":"https:\/\/www.alarmautomatika.com\/sk\/wp-json\/wp\/v2\/types\/page"}],"author":[{"embeddable":true,"href":"https:\/\/www.alarmautomatika.com\/sk\/wp-json\/wp\/v2\/users\/15"}],"replies":[{"embeddable":true,"href":"https:\/\/www.alarmautomatika.com\/sk\/wp-json\/wp\/v2\/comments?post=27387"}],"version-history":[{"count":2,"href":"https:\/\/www.alarmautomatika.com\/sk\/wp-json\/wp\/v2\/pages\/27387\/revisions"}],"predecessor-version":[{"id":55735,"href":"https:\/\/www.alarmautomatika.com\/sk\/wp-json\/wp\/v2\/pages\/27387\/revisions\/55735"}],"up":[{"embeddable":true,"href":"https:\/\/www.alarmautomatika.com\/sk\/wp-json\/wp\/v2\/pages\/27377"}],"wp:attachment":[{"href":"https:\/\/www.alarmautomatika.com\/sk\/wp-json\/wp\/v2\/media?parent=27387"}],"curies":[{"name":"wp","href":"https:\/\/api.w.org\/{rel}","templated":true}]}}