{"id":27393,"date":"2020-08-20T14:19:43","date_gmt":"2020-08-20T12:19:43","guid":{"rendered":"https:\/\/www.alarmautomatika.com\/softwares\/supervision-and-management-of-technical-security-systems\/"},"modified":"2023-11-10T08:51:48","modified_gmt":"2023-11-10T07:51:48","slug":"integracny-softver-absistemdci","status":"publish","type":"page","link":"https:\/\/www.alarmautomatika.com\/sk\/softwares\/integracny-softver-absistemdci\/","title":{"rendered":"Integra\u010dn\u00fd softv\u00e9r ABsistemDCi"},"content":{"rendered":"<p>[et_pb_section fb_built=&#8220;1&#8243; _builder_version=&#8220;4.16&#8243; _module_preset=&#8220;default&#8220; background_image=&#8220;https:\/\/www.alarmautomatika.com\/wp-content\/uploads\/2020\/09\/Integracija-Softveri.jpg&#8220; background_size=&#8220;initial&#8220; background_position=&#8220;top_center&#8220; global_colors_info=&#8220;{}&#8220;][et_pb_row _builder_version=&#8220;4.16&#8243; _module_preset=&#8220;default&#8220; width=&#8220;95%&#8220; global_colors_info=&#8220;{}&#8220;][et_pb_column type=&#8220;4_4&#8243; _builder_version=&#8220;4.16&#8243; _module_preset=&#8220;default&#8220; global_colors_info=&#8220;{}&#8220;][et_pb_text _builder_version=&#8220;4.16&#8243; _dynamic_attributes=&#8220;content&#8220; _module_preset=&#8220;default&#8220; text_font=&#8220;|600|||||||&#8220; text_text_color=&#8220;#ffffff&#8220; text_font_size=&#8220;48px&#8220; text_line_height=&#8220;1.2em&#8220; custom_padding=&#8220;80px|50px||50px|false|true&#8220; text_font_size_tablet=&#8220;40px&#8220; text_font_size_phone=&#8220;32px&#8220; text_font_size_last_edited=&#8220;on|desktop&#8220; text_line_height_tablet=&#8220;&#8220; text_line_height_phone=&#8220;&#8220; text_line_height_last_edited=&#8220;on|phone&#8220; header_font_tablet=&#8220;&#8220; header_font_phone=&#8220;&#8220; header_font_last_edited=&#8220;on|phone&#8220; header_font_size_tablet=&#8220;&#8220; header_font_size_phone=&#8220;&#8220; header_font_size_last_edited=&#8220;on|phone&#8220; header_line_height_tablet=&#8220;&#8220; header_line_height_phone=&#8220;&#8220; header_line_height_last_edited=&#8220;on|desktop&#8220; global_colors_info=&#8220;{}&#8220;]@ET-DC@eyJkeW5hbWljIjp0cnVlLCJjb250ZW50IjoicG9zdF90aXRsZSIsInNldHRpbmdzIjp7ImJlZm9yZSI6IiIsImFmdGVyIjoiIn19@[\/et_pb_text][\/et_pb_column][\/et_pb_row][et_pb_row column_structure=&#8220;3_4,1_4&#8243; _builder_version=&#8220;4.17.6&#8243; _module_preset=&#8220;default&#8220; background_color=&#8220;#ffffff&#8220; width=&#8220;95%&#8220; custom_margin=&#8220;20px||||false|false&#8220; custom_margin_tablet=&#8220;10px||||false|false&#8220; custom_margin_phone=&#8220;10px||||false|false&#8220; custom_margin_last_edited=&#8220;on|desktop&#8220; custom_padding=&#8220;50px|50px|50px|50px|true|true&#8220; box_shadow_style=&#8220;preset2&#8243; global_colors_info=&#8220;{}&#8220;][et_pb_column type=&#8220;3_4&#8243; _builder_version=&#8220;4.16&#8243; _module_preset=&#8220;default&#8220; global_colors_info=&#8220;{}&#8220;][et_pb_text admin_label=&#8220;Text&#8220; _builder_version=&#8220;4.16&#8243; _module_preset=&#8220;default&#8220; link_font=&#8220;|600|||||||&#8220; header_2_text_align=&#8220;left&#8220; header_2_font_size=&#8220;30px&#8220; header_2_line_height=&#8220;1.2em&#8220; header_font_size_tablet=&#8220;48px&#8220; header_font_size_phone=&#8220;&#8220; header_font_size_last_edited=&#8220;on|tablet&#8220; header_2_font_size_tablet=&#8220;&#8220; header_2_font_size_phone=&#8220;25px&#8220; header_2_font_size_last_edited=&#8220;on|phone&#8220; global_colors_info=&#8220;{}&#8220;]<\/p>\n<blockquote>\n<h2>Integra\u010dn\u00fd softv\u00e9r ABsistemDCi<\/h2>\n<\/blockquote>\n<p>ABsistemDCi je softv\u00e9rov\u00fd bal\u00edk, ktor\u00fd umo\u017e\u0148uje monitorovanie a spr\u00e1vu v\u0161etk\u00fdch integrovan\u00fdch bezpe\u010dnostn\u00fdch syst\u00e9mov prostredn\u00edctvom jedin\u00e9ho rozhrania. Jeho \u00fa\u010delom je zabezpe\u010di\u0165 koordinovan\u00fa a efekt\u00edvnu ochranu v\u00e4\u010d\u0161\u00edch obchodn\u00fdch, obchodn\u00fdch, hotelov\u00fdch a priemyseln\u00fdch zariaden\u00ed alebo komplexov zariaden\u00ed, ktor\u00e9 s\u00fa chr\u00e1nen\u00e9 nieko\u013ek\u00fdmi r\u00f4znymi syst\u00e9mami, vzh\u013eadom na ich ve\u013ekos\u0165 a vystavenie v\u00e4\u010d\u0161\u00edm rizik\u00e1m pre \u013eud\u00ed a majetok. Umo\u017enen\u00e1 je aj integr\u00e1cia syst\u00e9mu BMS.<\/p>\n<p>Bola tie\u017e vyvinut\u00e1 s\u00e9ria softv\u00e9ru pre inteligentn\u00e9 riadenie a riadenie Alarm automatics ABsistem, pomocou ktorej s\u00fa syst\u00e9my integrovan\u00e9 prostredn\u00edctvom softv\u00e9ru ABsistemDCi integrovan\u00e9 do informa\u010dnej a komunika\u010dnej \u0161trukt\u00fary, ktor\u00fa u\u017e\u00edvatelia pou\u017e\u00edvaj\u00fa na podnikanie.<\/p>\n<blockquote>\n<h2>Modul\u00e1rny softv\u00e9rov\u00fd koncept<\/h2>\n<\/blockquote>\n<p>Pou\u017e\u00edvatelia softv\u00e9ru ABsistemDCi si vyberaj\u00fa moduly, ktor\u00e9 chc\u00fa implementova\u0165. Tomu je prisp\u00f4soben\u00e9 aj licencovanie, tak\u017ee sa plat\u00ed len za potrebn\u00e9 funkcie. Hlavn\u00e9 moduly pokr\u00fdvaj\u00fa syst\u00e9my, ktor\u00e9 s\u00fa naj\u010dastej\u0161ie integrovan\u00e9. Zoznam v\u00fdrobcov, ktor\u00fdch vybavenie je mo\u017en\u00e9 integrova\u0165 cez softv\u00e9r ABsistemDCi n\u00e1s obmedzuje a neust\u00e1le sa dop\u013a\u0148a o nov\u00fdch v\u00fdrobcov.<\/p>\n<p>&nbsp;<\/p>\n<p>&nbsp;<\/p>\n<p>[\/et_pb_text][et_pb_image src=&#8220;https:\/\/www.alarmautomatika.com\/wp-content\/uploads\/2022\/07\/ABsistemDCi-shema-hr.jpg&#8220; align=&#8220;center&#8220; admin_label=&#8220;Image&#8220; _builder_version=&#8220;4.17.6&#8243; _module_preset=&#8220;default&#8220; positioning=&#8220;relative&#8220; vertical_offset=&#8220;-60px&#8220; z_index=&#8220;auto&#8220; global_colors_info=&#8220;{}&#8220;][\/et_pb_image][et_pb_text admin_label=&#8220;Text&#8220; _builder_version=&#8220;4.17.6&#8243; _module_preset=&#8220;default&#8220; link_font=&#8220;|600|||||||&#8220; header_2_text_align=&#8220;left&#8220; header_2_font_size=&#8220;30px&#8220; header_2_line_height=&#8220;1.2em&#8220; hover_enabled=&#8220;0&#8243; header_font_size_tablet=&#8220;48px&#8220; header_font_size_phone=&#8220;&#8220; header_font_size_last_edited=&#8220;on|tablet&#8220; header_2_font_size_tablet=&#8220;&#8220; header_2_font_size_phone=&#8220;25px&#8220; header_2_font_size_last_edited=&#8220;on|phone&#8220; global_colors_info=&#8220;{}&#8220; sticky_enabled=&#8220;0&#8243;]<\/p>\n<blockquote>\n<h2>V\u00fdhody integr\u00e1cie cez softv\u00e9r ABsistemDCi<\/h2>\n<\/blockquote>\n<p><strong>Integr\u00e1cia zariaden\u00ed r\u00f4znych v\u00fdrobcov<\/strong><br \/>ABsistemDCi rie\u0161i probl\u00e9m nekompatibiln\u00fdch digit\u00e1lnych komunika\u010dn\u00fdch protokolov r\u00f4znych v\u00fdrobcov zariaden\u00ed a umo\u017e\u0148uje integr\u00e1ciu zariaden\u00ed v\u00fdrobcov, ktor\u00ed poskytli svoje digit\u00e1lne protokoly.<\/p>\n<p><strong>Modul\u00e1rny koncept<\/strong><br \/>U\u017e\u00edvate\u013e rozhodne, ktor\u00e9 moduly je potrebn\u00e9 implementova\u0165. Licencovanie je tomu prisp\u00f4soben\u00e9, preto pou\u017e\u00edvatelia platia len za funkcie, ktor\u00e9 potrebuj\u00fa.<\/p>\n<p><strong>Integrovan\u00e9 syst\u00e9my zost\u00e1vaj\u00fa auton\u00f3mne<\/strong><br \/>Integr\u00e1cia prostredn\u00edctvom softv\u00e9ru ABSistemDCi funguje ako nadstavba a ka\u017ed\u00fd jednotliv\u00fd syst\u00e9m zost\u00e1va auton\u00f3mny. Pre rizikov\u00e9 aplik\u00e1cie je zabezpe\u010den\u00e1 redundancia.<\/p>\n<p><strong>Grafick\u00e9 mapy poskytuj\u00fa preh\u013ead<\/strong><br \/>Dynamick\u00e9 symboly v\u0161etk\u00fdch relevantn\u00fdch prvkov syst\u00e9mu s\u00fa umiestnen\u00e9 na grafick\u00fdch map\u00e1ch sledovan\u00e9ho \u00fazemia. Softv\u00e9r indikuje ich stav a umo\u017e\u0148uje ovl\u00e1danie pomocou rovnak\u00fdch dynamick\u00fdch symbolov.<\/p>\n<p><strong>Jednoduch\u00e1 spr\u00e1va integrovan\u00fdch syst\u00e9mov<\/strong><br \/>Prvky syst\u00e9mu sa ovl\u00e1daj\u00fa prostredn\u00edctvom grafick\u00fdch objektov na obrazovke. Oper\u00e1tor m\u00f4\u017ee spusti\u0165 obraz z kamery, zapn\u00fa\u0165 alarm proti vl\u00e1maniu alebo poskytn\u00fa\u0165 pr\u00edstup do chr\u00e1nen\u00e9ho priestoru.<\/p>\n<p><strong>Sledovanie a archiv\u00e1cia udalost\u00ed na jednom mieste<\/strong><br \/>V\u0161etky u\u017e\u00edvate\u013esk\u00e9 udalosti a akcie s\u00fa monitorovan\u00e9 a archivovan\u00e9 na jednom mieste a v jednom form\u00e1te na z\u00e1klade r\u00f4znych variantov datab\u00e1zy Microsoft SQL Server.<\/p>\n<p><strong>Integr\u00e1cia bezpe\u010dnostn\u00fdch a in\u00fdch technick\u00fdch syst\u00e9mov<\/strong><br \/>Integr\u00e1cia s bezpe\u010dnostn\u00fdmi syst\u00e9mami (klimatiz\u00e1cia, ventil\u00e1cia, osvetlenie, v\u00fd\u0165ahy) zvy\u0161uje \u00farove\u0148 bezpe\u010dnosti chr\u00e1nenej budovy (napr. n\u00fadzov\u00e9 blokovanie v\u00fd\u0165ahov v pr\u00edpade po\u017eiarneho poplachu), u\u013eah\u010duje riadenie a \u0161etr\u00ed energiu.<\/p>\n<p><strong>Hl\u00e1senia o \u00fadr\u017ebe<\/strong><br \/>Softv\u00e9r signalizuje inform\u00e1ciu o spr\u00e1vnosti alebo nefunk\u010dnosti zariaden\u00ed, ktor\u00e1 je d\u00f4le\u017eit\u00e1 pre organiz\u00e1ciu opravy sk\u00f4r, ako sa syst\u00e9m pokaz\u00ed a objekt sa stane nechr\u00e1nen\u00fdm.<\/p>\n<p><strong>Pr\u00e1ca v prostred\u00ed Windows<\/strong><br \/>Softv\u00e9r funguje na princ\u00edpe &#8222;klient-server&#8220;, kde server prij\u00edma a analyzuje udalosti z \u00fa\u010dtu a klient spravuje syst\u00e9m cez Windows aplik\u00e1ciu.<\/p>\n<p>[\/et_pb_text][\/et_pb_column][et_pb_column type=&#8220;1_4&#8243; _builder_version=&#8220;4.16&#8243; _module_preset=&#8220;default&#8220; global_colors_info=&#8220;{}&#8220;][et_pb_image src=&#8220;https:\/\/www.alarmautomatika.com\/wp-content\/uploads\/2020\/08\/idea-project-menu-logo.png&#8220; alt=&#8220;iDEA PROJECT&#8220; align=&#8220;center&#8220; _builder_version=&#8220;4.17.6&#8243; _module_preset=&#8220;default&#8220; global_colors_info=&#8220;{}&#8220;][\/et_pb_image][et_pb_accordion disabled_on=&#8220;off|off|off&#8220; module_class=&#8220;idea-value-propositions&#8220; _builder_version=&#8220;4.17.4&#8243; _module_preset=&#8220;default&#8220; global_module=&#8220;8294&#8243; global_colors_info=&#8220;{}&#8220;][et_pb_accordion_item title=&#8220;Blank&#8220; open=&#8220;on&#8220; _builder_version=&#8220;4.16&#8243; _module_preset=&#8220;default&#8220; custom_css_main_element=&#8220;display:none;&#8220; global_colors_info=&#8220;{}&#8220;][\/et_pb_accordion_item][et_pb_accordion_item title=&#8220;Klijenti&#8220; _builder_version=&#8220;4.17.4&#8243; _module_preset=&#8220;default&#8220; global_colors_info=&#8220;{}&#8220; open=&#8220;off&#8220;]<\/p>\n<p><a href=\"https:\/\/www.alarmautomatika.com\/sk\/clients\/architekti\/\">Arhitekti<\/a><\/p>\n<p><a href=\"https:\/\/www.alarmautomatika.com\/sk\/clients\/elektrotechnicki-dizajneri\/\">Elektro projektanti<\/a><\/p>\n<p><a href=\"https:\/\/www.alarmautomatika.com\/sk\/clients\/stavebnictvo-a-stavebny-sektor\/\">Gra\u0111evinari<\/a><\/p>\n<p><a href=\"https:\/\/www.alarmautomatika.com\/sk\/clients\/elektrotechnici\/\">Elektro instalateri<\/a><\/p>\n<p><a href=\"https:\/\/www.alarmautomatika.com\/sk\/clients\/systemovi-integratori\/\">Sistem integratori<\/a><\/p>\n<p>[\/et_pb_accordion_item][et_pb_accordion_item title=&#8220;Proizvodi&#8220; _builder_version=&#8220;4.16&#8243; _module_preset=&#8220;default&#8220; global_colors_info=&#8220;{}&#8220; open=&#8220;off&#8220;]<\/p>\n<p><a href=\"https:\/\/www.alarmautomatika.com\/proizvodi\/inim-previdia\/\">Dojava po\u017eara<\/a><\/p>\n<p><a href=\"https:\/\/www.alarmautomatika.com\/sk\/produkty\/plynovy-poplach\/\">Dojava plina<\/a><\/p>\n<p><a href=\"https:\/\/www.alarmautomatika.com\/sk\/produkty\/hasiace-systemy\/\">Sustavi ga\u0161enja po\u017eara<\/a><\/p>\n<p><a href=\"https:\/\/www.alarmautomatika.com\/sk\/produkty\/evacuation-and-public-address-systems\/\">Evakuacijski (EVAC) i javni (PA) razglas<\/a><\/p>\n<p><a href=\"https:\/\/www.alarmautomatika.com\/sk\/produkty\/systemy-odvodu-dymu-a-tepla-a-ventilacie\/\">Odvo\u0111enje dima i topline i upravljanje po\u017earnim sektorima<\/a><\/p>\n<p><a href=\"https:\/\/www.alarmautomatika.com\/sk\/produkty\/nudzove-osvetlenie\/\">Panik rasvjeta<\/a><\/p>\n<p><a href=\"https:\/\/www.alarmautomatika.com\/sk\/produkty\/technicke-zabezpecenie\/\">Tehni\u010dka za\u0161tita<\/a><\/p>\n<p>[\/et_pb_accordion_item][et_pb_accordion_item title=&#8220;Softveri&#8220; _builder_version=&#8220;4.17.4&#8243; _module_preset=&#8220;default&#8220; global_colors_info=&#8220;{}&#8220; open=&#8220;off&#8220;]<\/p>\n<p><a href=\"https:\/\/www.alarmautomatika.com\/sk\/softwares\/inteligentne-riadenie-a-kontrola\/\">Nadzor i upravljanje sustavima za\u0161tite<\/a><\/p>\n<p>[\/et_pb_accordion_item][et_pb_accordion_item title=&#8220;Usluge&#8220; _builder_version=&#8220;4.16&#8243; _module_preset=&#8220;default&#8220; global_colors_info=&#8220;{}&#8220; open=&#8220;off&#8220;]<\/p>\n<p><a href=\"https:\/\/www.alarmautomatika.com\/sk\/services\/vysoka-profesionalita-vo-vsetkych-fazach-projektu\/#projektiranje-i-projektna-podrska\" data-et-has-event-already=\"true\">Projektiranje i projektna podr\u0161ka<\/a><\/p>\n<p><a href=\"https:\/\/www.alarmautomatika.com\/sk\/services\/vysoka-profesionalita-vo-vsetkych-fazach-projektu\/#vodjenje-projekata\" data-et-has-event-already=\"true\">Vo\u0111enje projekata<\/a><\/p>\n<p><a href=\"https:\/\/www.alarmautomatika.com\/sk\/services\/vysoka-profesionalita-vo-vsetkych-fazach-projektu\/#programiranje-i-integracija-sustava\" data-et-has-event-already=\"true\">Programiranje i integracija sustava<\/a><\/p>\n<p><a href=\"https:\/\/www.alarmautomatika.com\/sk\/services\/vysoka-profesionalita-vo-vsetkych-fazach-projektu\/#pustanje-sustava-u-rad\">Pu\u0161tanje sustava u rad<\/a><\/p>\n<p><a href=\"https:\/\/www.alarmautomatika.com\/sk\/services\/vysoka-profesionalita-vo-vsetkych-fazach-projektu\/#certificiranje\" data-et-has-event-already=\"true\">Certificiranje<\/a><\/p>\n<p><a href=\"https:\/\/www.alarmautomatika.com\/sk\/services\/vysoka-profesionalita-vo-vsetkych-fazach-projektu\/#idea-project-katalog-i-b2b-platforma\" data-et-has-event-already=\"true\">Projektni katalog i B2B platforma<\/a><\/p>\n<p>[\/et_pb_accordion_item][et_pb_accordion_item title=&#8220;Platforma&#8220; _builder_version=&#8220;4.16&#8243; _module_preset=&#8220;default&#8220; global_colors_info=&#8220;{}&#8220; open=&#8220;off&#8220;]<\/p>\n<p><a href=\"https:\/\/www.alarmautomatika.com\/sk\/platforma\/#b2b-projektna-dokumentacija\" data-et-has-event-already=\"true\">B2B platforma s cjelokupnom dokumentacijom<\/a><\/p>\n<p>[\/et_pb_accordion_item][\/et_pb_accordion][\/et_pb_column][\/et_pb_row][\/et_pb_section]<\/p>\n","protected":false},"excerpt":{"rendered":"<p>Integra\u010dn\u00fd softv\u00e9r ABsistemDCi ABsistemDCi je softv\u00e9rov\u00fd bal\u00edk, ktor\u00fd umo\u017e\u0148uje monitorovanie a spr\u00e1vu v\u0161etk\u00fdch integrovan\u00fdch bezpe\u010dnostn\u00fdch syst\u00e9mov prostredn\u00edctvom jedin\u00e9ho rozhrania. Jeho \u00fa\u010delom je zabezpe\u010di\u0165 koordinovan\u00fa a efekt\u00edvnu ochranu v\u00e4\u010d\u0161\u00edch obchodn\u00fdch, obchodn\u00fdch, hotelov\u00fdch a priemyseln\u00fdch zariaden\u00ed alebo komplexov zariaden\u00ed, ktor\u00e9 s\u00fa chr\u00e1nen\u00e9 nieko\u013ek\u00fdmi r\u00f4znymi syst\u00e9mami, vzh\u013eadom na ich ve\u013ekos\u0165 a vystavenie v\u00e4\u010d\u0161\u00edm rizik\u00e1m pre \u013eud\u00ed a majetok. [&hellip;]<\/p>\n","protected":false},"author":15,"featured_media":0,"parent":27377,"menu_order":0,"comment_status":"closed","ping_status":"closed","template":"","meta":{"_et_pb_use_builder":"on","_et_pb_old_content":"","_et_gb_content_width":"","footnotes":""},"class_list":["post-27393","page","type-page","status-publish","hentry"],"_links":{"self":[{"href":"https:\/\/www.alarmautomatika.com\/sk\/wp-json\/wp\/v2\/pages\/27393","targetHints":{"allow":["GET"]}}],"collection":[{"href":"https:\/\/www.alarmautomatika.com\/sk\/wp-json\/wp\/v2\/pages"}],"about":[{"href":"https:\/\/www.alarmautomatika.com\/sk\/wp-json\/wp\/v2\/types\/page"}],"author":[{"embeddable":true,"href":"https:\/\/www.alarmautomatika.com\/sk\/wp-json\/wp\/v2\/users\/15"}],"replies":[{"embeddable":true,"href":"https:\/\/www.alarmautomatika.com\/sk\/wp-json\/wp\/v2\/comments?post=27393"}],"version-history":[{"count":2,"href":"https:\/\/www.alarmautomatika.com\/sk\/wp-json\/wp\/v2\/pages\/27393\/revisions"}],"predecessor-version":[{"id":49802,"href":"https:\/\/www.alarmautomatika.com\/sk\/wp-json\/wp\/v2\/pages\/27393\/revisions\/49802"}],"up":[{"embeddable":true,"href":"https:\/\/www.alarmautomatika.com\/sk\/wp-json\/wp\/v2\/pages\/27377"}],"wp:attachment":[{"href":"https:\/\/www.alarmautomatika.com\/sk\/wp-json\/wp\/v2\/media?parent=27393"}],"curies":[{"name":"wp","href":"https:\/\/api.w.org\/{rel}","templated":true}]}}