{"id":27540,"date":"2020-08-26T15:11:20","date_gmt":"2020-08-26T13:11:20","guid":{"rendered":"https:\/\/www.alarmautomatika.com\/platform\/"},"modified":"2023-03-20T15:15:47","modified_gmt":"2023-03-20T14:15:47","slug":"platforma","status":"publish","type":"page","link":"https:\/\/www.alarmautomatika.com\/sk\/platforma\/","title":{"rendered":"Platforma"},"content":{"rendered":"<p>[et_pb_section fb_built=&#8220;1&#8243; _builder_version=&#8220;4.6.2&#8243; _module_preset=&#8220;default&#8220; background_image=&#8220;https:\/\/www.alarmautomatika.com\/wp-content\/uploads\/2020\/09\/platforme.jpg&#8220; background_size=&#8220;initial&#8220; background_position=&#8220;top_center&#8220;][et_pb_row _builder_version=&#8220;4.6.0&#8243; _module_preset=&#8220;default&#8220; width=&#8220;95%&#8220;][et_pb_column type=&#8220;4_4&#8243; _builder_version=&#8220;4.6.0&#8243; _module_preset=&#8220;default&#8220;][et_pb_text _builder_version=&#8220;4.6.0&#8243; _dynamic_attributes=&#8220;content&#8220; _module_preset=&#8220;default&#8220; text_font=&#8220;|600|||||||&#8220; text_text_color=&#8220;#ffffff&#8220; text_font_size=&#8220;48px&#8220; text_line_height=&#8220;1.2em&#8220; custom_padding=&#8220;80px|50px||50px|false|true&#8220; text_font_size_tablet=&#8220;40px&#8220; text_font_size_phone=&#8220;32px&#8220; text_font_size_last_edited=&#8220;on|desktop&#8220; text_line_height_tablet=&#8220;&#8220; text_line_height_phone=&#8220;&#8220; text_line_height_last_edited=&#8220;on|phone&#8220; header_font_tablet=&#8220;&#8220; header_font_phone=&#8220;&#8220; header_font_last_edited=&#8220;on|phone&#8220; header_font_size_tablet=&#8220;&#8220; header_font_size_phone=&#8220;&#8220; header_font_size_last_edited=&#8220;on|phone&#8220; header_line_height_tablet=&#8220;&#8220; header_line_height_phone=&#8220;&#8220; header_line_height_last_edited=&#8220;on|desktop&#8220;]@ET-DC@eyJkeW5hbWljIjp0cnVlLCJjb250ZW50IjoicG9zdF90aXRsZSIsInNldHRpbmdzIjp7ImJlZm9yZSI6IiIsImFmdGVyIjoiIn19@[\/et_pb_text][\/et_pb_column][\/et_pb_row][et_pb_row column_structure=&#8220;3_4,1_4&#8243; _builder_version=&#8220;4.6.0&#8243; _module_preset=&#8220;default&#8220; background_color=&#8220;#ffffff&#8220; width=&#8220;95%&#8220; custom_margin=&#8220;20px||||false|false&#8220; custom_margin_tablet=&#8220;10px||||false|false&#8220; custom_margin_phone=&#8220;10px||||false|false&#8220; custom_margin_last_edited=&#8220;on|desktop&#8220; custom_padding=&#8220;50px|50px|50px|50px|true|true&#8220; box_shadow_style=&#8220;preset2&#8243;][et_pb_column type=&#8220;3_4&#8243; _builder_version=&#8220;4.6.0&#8243; _module_preset=&#8220;default&#8220;][et_pb_text _builder_version=&#8220;4.7.7&#8243; _module_preset=&#8220;default&#8220; link_font=&#8220;|600|||||||&#8220; header_2_text_align=&#8220;left&#8220; header_2_font_size=&#8220;30px&#8220; header_2_line_height=&#8220;1.2em&#8220; header_font_size_tablet=&#8220;48px&#8220; header_font_size_phone=&#8220;&#8220; header_font_size_last_edited=&#8220;on|tablet&#8220; header_2_font_size_tablet=&#8220;&#8220; header_2_font_size_phone=&#8220;25px&#8220; header_2_font_size_last_edited=&#8220;on|phone&#8220;]<\/p>\n<blockquote>\n<h2 id=\"razmjena-znanja\">V\u00fdmena poznatkov \u00fa\u010dastn\u00edkov v procese v\u00fdstavby<\/h2>\n<\/blockquote>\n<p>Platforma umo\u017e\u0148uje vzdel\u00e1vanie pou\u017e\u00edvate\u013eov, dizajn\u00e9rov a poskytovate\u013eov poradensk\u00fdch slu\u017eieb. Okrem referenci\u00ed a existuj\u00facich projektov\u00fdch rie\u0161en\u00ed obsahuje opatrenia, ktor\u00e9 je mo\u017en\u00e9 prehodnoti\u0165.<\/p>\n<blockquote>\n<h2 id=\"b2b-projektna-dokumentacija\">B2B platforma s kompletnou dokument\u00e1ciou<\/h2>\n<\/blockquote>\n<p>B2B platforma Alarm automatika v\u00e1m umo\u017e\u0148uje n\u00e1js\u0165 najlep\u0161ie produkty a rie\u0161enia pre r\u00f4zne typy in\u0161tal\u00e1ci\u00ed. Obsahuje kompletn\u00e9 portf\u00f3lio s podrobnou dokument\u00e1ciou potrebnou na n\u00e1vrh, in\u0161tal\u00e1ciu, integr\u00e1ciu a \u00fadr\u017ebu syst\u00e9mu Smart Safety.<\/p>\n<blockquote>\n<h2 id=\"b2b-platforma\">Jedine\u010dn\u00e1 B2B platforma, ktor\u00e1 \u0161etr\u00ed \u010das<\/h2>\n<\/blockquote>\n<p>B2B online platforma bola vytvoren\u00e1 s cie\u013eom umo\u017eni\u0165 z\u00e1kazn\u00edkom pripravi\u0165 pre svojich z\u00e1kazn\u00edkov v\u0161etko, \u010do potrebuj\u00fa \u2013 n\u00e1kupn\u00e9 ponuky, dod\u00e1vku zariaden\u00ed a faktur\u00e1ciu \u2013 bez potreby opakovania krokov. N\u00e1kupn\u00fa ponuku mo\u017eno previes\u0165 na objedn\u00e1vku, objedn\u00e1vku na predajn\u00fa fakt\u00faru a fakt\u00faru na pr\u00edjemku tovaru. To zvy\u0161uje flexibilitu a presnos\u0165, \u0161etr\u00ed \u010das a energiu, zvy\u0161uje efektivitu a z\u00e1rove\u0148 predch\u00e1dza procesn\u00fdm chyb\u00e1m.<\/p>\n<blockquote>\n<h2 id=\"b2c-platforma\">Interakt\u00edvna B2C platforma alex.shop<\/h2>\n<\/blockquote>\n<p>alex.shop je B2C online platforma, ktor\u00e1 umo\u017e\u0148uje online objedn\u00e1vanie a platbu bezpe\u010dnostn\u00fdch rie\u0161en\u00ed, podporu live-chatu, aplik\u00e1ciu Alex na oznamovanie poplachu centr\u00e1ly a r\u00f4zne bal\u00ed\u010dky slu\u017eieb pod\u013ea v\u00fdberu u\u017e\u00edvate\u013ea.<\/p>\n<p>[\/et_pb_text][\/et_pb_column][et_pb_column type=&#8220;1_4&#8243; _builder_version=&#8220;4.6.0&#8243; _module_preset=&#8220;default&#8220; custom_padding_tablet=&#8220;&#8220; custom_padding_phone=&#8220;&#8220; custom_padding_last_edited=&#8220;on|phone&#8220;][\/et_pb_column][\/et_pb_row][\/et_pb_section]<\/p>\n","protected":false},"excerpt":{"rendered":"<p>V\u00fdmena poznatkov \u00fa\u010dastn\u00edkov v procese v\u00fdstavby Platforma umo\u017e\u0148uje vzdel\u00e1vanie pou\u017e\u00edvate\u013eov, dizajn\u00e9rov a poskytovate\u013eov poradensk\u00fdch slu\u017eieb. Okrem referenci\u00ed a existuj\u00facich projektov\u00fdch rie\u0161en\u00ed obsahuje opatrenia, ktor\u00e9 je mo\u017en\u00e9 prehodnoti\u0165. B2B platforma s kompletnou dokument\u00e1ciou B2B platforma Alarm automatika v\u00e1m umo\u017e\u0148uje n\u00e1js\u0165 najlep\u0161ie produkty a rie\u0161enia pre r\u00f4zne typy in\u0161tal\u00e1ci\u00ed. Obsahuje kompletn\u00e9 portf\u00f3lio s podrobnou dokument\u00e1ciou potrebnou na [&hellip;]<\/p>\n","protected":false},"author":15,"featured_media":0,"parent":0,"menu_order":0,"comment_status":"closed","ping_status":"closed","template":"","meta":{"_et_pb_use_builder":"on","_et_pb_old_content":"","_et_gb_content_width":"","footnotes":""},"class_list":["post-27540","page","type-page","status-publish","hentry"],"_links":{"self":[{"href":"https:\/\/www.alarmautomatika.com\/sk\/wp-json\/wp\/v2\/pages\/27540","targetHints":{"allow":["GET"]}}],"collection":[{"href":"https:\/\/www.alarmautomatika.com\/sk\/wp-json\/wp\/v2\/pages"}],"about":[{"href":"https:\/\/www.alarmautomatika.com\/sk\/wp-json\/wp\/v2\/types\/page"}],"author":[{"embeddable":true,"href":"https:\/\/www.alarmautomatika.com\/sk\/wp-json\/wp\/v2\/users\/15"}],"replies":[{"embeddable":true,"href":"https:\/\/www.alarmautomatika.com\/sk\/wp-json\/wp\/v2\/comments?post=27540"}],"version-history":[{"count":0,"href":"https:\/\/www.alarmautomatika.com\/sk\/wp-json\/wp\/v2\/pages\/27540\/revisions"}],"wp:attachment":[{"href":"https:\/\/www.alarmautomatika.com\/sk\/wp-json\/wp\/v2\/media?parent=27540"}],"curies":[{"name":"wp","href":"https:\/\/api.w.org\/{rel}","templated":true}]}}