{"id":41124,"date":"2022-09-09T09:46:13","date_gmt":"2022-09-09T07:46:13","guid":{"rendered":"https:\/\/www.alarmautomatika.com\/aplikacia-na-zber-ukladanie-analyzu-a-vizualizaciu-udajov-o-spotrebe-energie-absistemenergy\/"},"modified":"2023-03-17T12:19:25","modified_gmt":"2023-03-17T11:19:25","slug":"aplikacia-na-zber-ukladanie-analyzu-a-vizualizaciu-udajov-o-spotrebe-energie-absistemenergy","status":"publish","type":"page","link":"https:\/\/www.alarmautomatika.com\/sk\/aplikacia-na-zber-ukladanie-analyzu-a-vizualizaciu-udajov-o-spotrebe-energie-absistemenergy\/","title":{"rendered":"Aplik\u00e1cia na zber, ukladanie, anal\u00fdzu a vizualiz\u00e1ciu \u00fadajov o spotrebe energie ABsistemEnergy"},"content":{"rendered":"<p>[et_pb_section fb_built=&#8220;1&#8243; _builder_version=&#8220;4.18.0&#8243; _module_preset=&#8220;default&#8220; vertical_offset=&#8220;-70px&#8220; global_colors_info=&#8220;{}&#8220;][et_pb_row _builder_version=&#8220;4.18.0&#8243; _module_preset=&#8220;default&#8220; global_colors_info=&#8220;{}&#8220;][et_pb_column type=&#8220;4_4&#8243; _builder_version=&#8220;4.18.0&#8243; _module_preset=&#8220;default&#8220; global_colors_info=&#8220;{}&#8220;][et_pb_text _builder_version=&#8220;4.18.0&#8243; _module_preset=&#8220;default&#8220; header_line_height=&#8220;1.4em&#8220; global_colors_info=&#8220;{}&#8220;]<\/p>\n<blockquote>\n<h1>Aplik\u00e1cia na zber, ukladanie, anal\u00fdzu a vizualiz\u00e1ciu \u00fadajov o spotrebe energie ABsistemEnergy<\/h1>\n<\/blockquote>\n<p>[\/et_pb_text][et_pb_text _builder_version=&#8220;4.18.0&#8243; _module_preset=&#8220;default&#8220; global_colors_info=&#8220;{}&#8220;]<\/p>\n<p>Glob\u00e1lny rozsah zne\u010distenia \u017eivotn\u00e9ho prostredia, zn\u00ed\u017een\u00e9 zdroje energie a zmena kl\u00edmy priniesli energetick\u00fa efekt\u00edvnos\u0165 do centra z\u00e1ujmu spolo\u010dnosti, vedcov, podnikate\u013eov a jednotlivcov. V\u0161etky segmenty spolo\u010dnosti h\u013eadaj\u00fa rie\u0161enia, ktor\u00e9 zv\u00fd\u0161ia energetick\u00fa efekt\u00edvnos\u0165 a zn\u00ed\u017eia uhl\u00edkov\u00fa stopu pomocou udr\u017eate\u013en\u00fdch rie\u0161en\u00ed a \u00faspech v snah\u00e1ch o udr\u017eate\u013enos\u0165 spotreby do zna\u010dnej miery z\u00e1vis\u00ed od presnosti a aktu\u00e1lnosti \u00fadajov o spotrebe energie a vody.<\/p>\n<p>[\/et_pb_text][et_pb_image src=&#8220;https:\/\/www.alarmautomatika.com\/wp-content\/uploads\/2022\/09\/banner-absistemenergy-1400&#215;444-v2.jpg&#8220; align=&#8220;center&#8220; _builder_version=&#8220;4.18.0&#8243; _module_preset=&#8220;default&#8220; hover_enabled=&#8220;0&#8243; global_colors_info=&#8220;{}&#8220; sticky_enabled=&#8220;0&#8243;][\/et_pb_image][et_pb_text _builder_version=&#8220;4.18.0&#8243; _module_preset=&#8220;default&#8220; global_colors_info=&#8220;{}&#8220;]<\/p>\n<p>ABsistemEnergy je aplik\u00e1cia na centralizovan\u00fd zber, uchov\u00e1vanie, anal\u00fdzu a vizualiz\u00e1ciu \u00fadajov o spotrebe energie a vody v zariadeniach nach\u00e1dzaj\u00facich sa na jednom alebo viacer\u00fdch geograficky vzdialen\u00fdch miestach. Jeho \u00fa\u010delom je umo\u017eni\u0165 jednoduch\u00fa a r\u00fdchlu anal\u00fdzu \u00fadajov o spotrebe, aby pou\u017e\u00edvatelia mohli realizova\u0165 opatrenia, ktor\u00e9 poved\u00fa k vy\u0161\u0161ej energetickej efekt\u00edvnosti zariaden\u00ed, ktor\u00e9 spravuj\u00fa.<\/p>\n<p>[\/et_pb_text][et_pb_image src=&#8220;https:\/\/www.alarmautomatika.com\/wp-content\/uploads\/2022\/12\/ilustracija_1-absistemenergy-1400&#215;444-HR.jpg&#8220; align=&#8220;center&#8220; _builder_version=&#8220;4.19.3&#8243; _module_preset=&#8220;default&#8220; hover_enabled=&#8220;0&#8243; global_colors_info=&#8220;{}&#8220; sticky_enabled=&#8220;0&#8243;][\/et_pb_image][\/et_pb_column][\/et_pb_row][et_pb_row column_structure=&#8220;1_2,1_2&#8243; _builder_version=&#8220;4.18.0&#8243; _module_preset=&#8220;default&#8220; global_colors_info=&#8220;{}&#8220;][et_pb_column type=&#8220;1_2&#8243; _builder_version=&#8220;4.18.0&#8243; _module_preset=&#8220;default&#8220; global_colors_info=&#8220;{}&#8220;][et_pb_text _builder_version=&#8220;4.18.0&#8243; _module_preset=&#8220;default&#8220; global_colors_info=&#8220;{}&#8220;]<\/p>\n<ul>\n<li>Centralizovan\u00e9 sledovanie spotreby energie v geograficky vzdialen\u00fdch zariadeniach<\/li>\n<li>Jednoduch\u00e9 prid\u00e1vanie a aktualiz\u00e1cia nov\u00fdch lokal\u00edt a budov, \u00fadajov lokality, merac\u00edch bodov a parametrov,<\/li>\n<li>\u00dapln\u00e1 vo\u013enos\u0165 pri v\u00fdbere merac\u00edch zariaden\u00ed<\/li>\n<li>Okam\u017eit\u00e9 ozn\u00e1menie spotreby mimo referen\u010dn\u00fdch hodn\u00f4t<\/li>\n<li>Benchmarking pre r\u00fdchlu identifik\u00e1ciu pr\u00edle\u017eitost\u00ed na zv\u00fd\u0161enie energetickej \u00fa\u010dinnosti, u\u017e\u00edvate\u013esky pr\u00edvetiv\u00e9 krit\u00e9ri\u00e1 porovn\u00e1vania spotreby<\/li>\n<\/ul>\n<p>[\/et_pb_text][\/et_pb_column][et_pb_column type=&#8220;1_2&#8243; _builder_version=&#8220;4.18.0&#8243; _module_preset=&#8220;default&#8220; global_colors_info=&#8220;{}&#8220;][et_pb_text _builder_version=&#8220;4.18.0&#8243; _module_preset=&#8220;default&#8220; global_colors_info=&#8220;{}&#8220;]<\/p>\n<ul>\n<li>Mo\u017enos\u0165 porovnania \u00fadajov zozbieran\u00fdch merac\u00edm zariaden\u00edm s \u00fadajmi o spotrebe z fakt\u00far za r\u00f4zne zdroje energie<\/li>\n<li>Prisp\u00f4sobite\u013en\u00e9 \/ prisp\u00f4sobenie potreb\u00e1m pou\u017e\u00edvate\u013ea<\/li>\n<li>Spr\u00e1vy a anal\u00fdzy<\/li>\n<li>Vizualiz\u00e1cia \u00fadajov pre \u013eah\u0161ie pochopenie<\/li>\n<li>V s\u00falade s po\u017eiadavkami ISO 50001<\/li>\n<\/ul>\n<p>[\/et_pb_text][\/et_pb_column][\/et_pb_row][et_pb_row column_structure=&#8220;1_2,1_2&#8243; _builder_version=&#8220;4.18.0&#8243; _module_preset=&#8220;default&#8220; global_colors_info=&#8220;{}&#8220;][et_pb_column type=&#8220;1_2&#8243; _builder_version=&#8220;4.18.0&#8243; _module_preset=&#8220;default&#8220; global_colors_info=&#8220;{}&#8220;][et_pb_text _builder_version=&#8220;4.18.0&#8243; _module_preset=&#8220;default&#8220; global_colors_info=&#8220;{}&#8220;]<\/p>\n<h3>Spotreba energie<\/h3>\n<ul>\n<li>Elektrick\u00e1 energia<\/li>\n<li>Voda<\/li>\n<li>Plyn<\/li>\n<li>Paliv\u00e1<\/li>\n<li>Energetika pre vykurovanie a chladenie<\/li>\n<\/ul>\n<p>[\/et_pb_text][et_pb_text _builder_version=&#8220;4.18.0&#8243; _module_preset=&#8220;default&#8220; global_colors_info=&#8220;{}&#8220;]<\/p>\n<h3>Monitorovanie stavu \u017eivotn\u00e9ho prostredia<\/h3>\n<ul>\n<li>Vlhkos\u0165<\/li>\n<li>Koncentr\u00e1cia CO2 v miestnostiach<\/li>\n<li>Vonkaj\u0161ia \/ vn\u00fatorn\u00e1 teplota<\/li>\n<li>Atmosf\u00e9rick\u00fd tlak<\/li>\n<\/ul>\n<p>[\/et_pb_text][et_pb_text _builder_version=&#8220;4.18.0&#8243; _module_preset=&#8220;default&#8220; global_colors_info=&#8220;{}&#8220;]<\/p>\n<h3>Konkr\u00e9tne merania<\/h3>\n<ul>\n<li>Spotreba energie jednotliv\u00fdch strojov a\/alebo v\u00fdrobn\u00fdch procesov<\/li>\n<\/ul>\n<p>[\/et_pb_text][\/et_pb_column][et_pb_column type=&#8220;1_2&#8243; _builder_version=&#8220;4.18.0&#8243; _module_preset=&#8220;default&#8220; global_colors_info=&#8220;{}&#8220;][et_pb_image src=&#8220;https:\/\/www.alarmautomatika.com\/wp-content\/uploads\/2022\/09\/ilustracija_2-absistemenergy-1440px.jpg&#8220; show_in_lightbox=&#8220;on&#8220; _builder_version=&#8220;4.18.0&#8243; _module_preset=&#8220;default&#8220; z_index=&#8220;50&#8243; width=&#8220;75%&#8220; global_colors_info=&#8220;{}&#8220;][\/et_pb_image][\/et_pb_column][\/et_pb_row][\/et_pb_section]<\/p>\n","protected":false},"excerpt":{"rendered":"<p>Aplik\u00e1cia na zber, ukladanie, anal\u00fdzu a vizualiz\u00e1ciu \u00fadajov o spotrebe energie ABsistemEnergy Glob\u00e1lny rozsah zne\u010distenia \u017eivotn\u00e9ho prostredia, zn\u00ed\u017een\u00e9 zdroje energie a zmena kl\u00edmy priniesli energetick\u00fa efekt\u00edvnos\u0165 do centra z\u00e1ujmu spolo\u010dnosti, vedcov, podnikate\u013eov a jednotlivcov. V\u0161etky segmenty spolo\u010dnosti h\u013eadaj\u00fa rie\u0161enia, ktor\u00e9 zv\u00fd\u0161ia energetick\u00fa efekt\u00edvnos\u0165 a zn\u00ed\u017eia uhl\u00edkov\u00fa stopu pomocou udr\u017eate\u013en\u00fdch rie\u0161en\u00ed a \u00faspech v snah\u00e1ch o [&hellip;]<\/p>\n","protected":false},"author":15,"featured_media":0,"parent":0,"menu_order":0,"comment_status":"closed","ping_status":"closed","template":"","meta":{"_et_pb_use_builder":"on","_et_pb_old_content":"","_et_gb_content_width":"","footnotes":""},"class_list":["post-41124","page","type-page","status-publish","hentry"],"_links":{"self":[{"href":"https:\/\/www.alarmautomatika.com\/sk\/wp-json\/wp\/v2\/pages\/41124","targetHints":{"allow":["GET"]}}],"collection":[{"href":"https:\/\/www.alarmautomatika.com\/sk\/wp-json\/wp\/v2\/pages"}],"about":[{"href":"https:\/\/www.alarmautomatika.com\/sk\/wp-json\/wp\/v2\/types\/page"}],"author":[{"embeddable":true,"href":"https:\/\/www.alarmautomatika.com\/sk\/wp-json\/wp\/v2\/users\/15"}],"replies":[{"embeddable":true,"href":"https:\/\/www.alarmautomatika.com\/sk\/wp-json\/wp\/v2\/comments?post=41124"}],"version-history":[{"count":0,"href":"https:\/\/www.alarmautomatika.com\/sk\/wp-json\/wp\/v2\/pages\/41124\/revisions"}],"wp:attachment":[{"href":"https:\/\/www.alarmautomatika.com\/sk\/wp-json\/wp\/v2\/media?parent=41124"}],"curies":[{"name":"wp","href":"https:\/\/api.w.org\/{rel}","templated":true}]}}