{"id":59862,"date":"2026-04-28T08:43:36","date_gmt":"2026-04-28T06:43:36","guid":{"rendered":"https:\/\/www.alarmautomatika.com\/idea-solution-jedinecne-a-komplexne-smart-dohlad\/"},"modified":"2026-04-28T10:50:24","modified_gmt":"2026-04-28T08:50:24","slug":"idea-solution-jedinecne-a-komplexne-smart-dohlad","status":"publish","type":"page","link":"https:\/\/www.alarmautomatika.com\/sk\/idea-solution-jedinecne-a-komplexne-smart-dohlad\/","title":{"rendered":"iDEA Solution &#8211; jedine\u010dn\u00e9 a komplexn\u00e9 smart doh\u013ead"},"content":{"rendered":"<p>[et_pb_section fb_built=&#8220;1&#8243; _builder_version=&#8220;4.27.6&#8243; _module_preset=&#8220;default&#8220; background_image=&#8220;https:\/\/www.alarmautomatika.com\/wp-content\/uploads\/2020\/09\/idea-rjesenja.jpg&#8220; background_size=&#8220;initial&#8220; background_position=&#8220;top_center&#8220; global_colors_info=&#8220;{}&#8220;][et_pb_row _builder_version=&#8220;4.16&#8243; _module_preset=&#8220;default&#8220; width=&#8220;95%&#8220; global_colors_info=&#8220;{}&#8220;][et_pb_column type=&#8220;4_4&#8243; _builder_version=&#8220;4.16&#8243; _module_preset=&#8220;default&#8220; global_colors_info=&#8220;{}&#8220;][et_pb_text _builder_version=&#8220;4.16&#8243; _dynamic_attributes=&#8220;content&#8220; _module_preset=&#8220;default&#8220; text_font=&#8220;|600|||||||&#8220; text_text_color=&#8220;#ffffff&#8220; text_font_size=&#8220;48px&#8220; text_line_height=&#8220;1.2em&#8220; header_font=&#8220;||||||||&#8220; custom_padding=&#8220;80px|50px||50px|false|true&#8220; text_font_size_tablet=&#8220;40px&#8220; text_font_size_phone=&#8220;32px&#8220; text_font_size_last_edited=&#8220;on|desktop&#8220; text_line_height_tablet=&#8220;&#8220; text_line_height_phone=&#8220;&#8220; text_line_height_last_edited=&#8220;on|phone&#8220; header_font_tablet=&#8220;&#8220; header_font_phone=&#8220;&#8220; header_font_last_edited=&#8220;on|phone&#8220; header_font_size_tablet=&#8220;&#8220; header_font_size_phone=&#8220;&#8220; header_font_size_last_edited=&#8220;on|phone&#8220; header_line_height_tablet=&#8220;&#8220; header_line_height_phone=&#8220;&#8220; header_line_height_last_edited=&#8220;on|desktop&#8220; global_colors_info=&#8220;{}&#8220;]@ET-DC@eyJkeW5hbWljIjp0cnVlLCJjb250ZW50IjoicG9zdF90aXRsZSIsInNldHRpbmdzIjp7ImJlZm9yZSI6IiIsImFmdGVyIjoiIn19@[\/et_pb_text][\/et_pb_column][\/et_pb_row][et_pb_row _builder_version=&#8220;4.16&#8243; _module_preset=&#8220;default&#8220; background_color=&#8220;#ffffff&#8220; width=&#8220;95%&#8220; custom_margin=&#8220;20px||||false|false&#8220; custom_margin_tablet=&#8220;10px||||false|false&#8220; custom_margin_phone=&#8220;10px||||false|false&#8220; custom_margin_last_edited=&#8220;on|desktop&#8220; custom_padding=&#8220;50px|50px|50px|50px|true|true&#8220; box_shadow_style=&#8220;preset2&#8243; global_colors_info=&#8220;{}&#8220;][et_pb_column type=&#8220;4_4&#8243; _builder_version=&#8220;4.16&#8243; _module_preset=&#8220;default&#8220; global_colors_info=&#8220;{}&#8220;][et_pb_toggle title=&#8220;Klientov&#8220; icon_color=&#8220;#33A44D&#8220; toggle_icon=&#8220;&#x22;||divi||400&#8243; open_icon_color=&#8220;#33A44D&#8220; open_toggle_icon=&#8220;&#x21;||divi||400&#8243; _builder_version=&#8220;4.27.6&#8243; _module_preset=&#8220;default&#8220; hover_enabled=&#8220;0&#8243; global_colors_info=&#8220;{}&#8220; sticky_enabled=&#8220;0&#8243;]<\/p>\n<ul>\n<li><a href=\"https:\/\/www.alarmautomatika.com\/sk\/clients\/banky-a-financne-institucie\/\">Banky a finan\u010dn\u00e9 in\u0161tit\u00facie<\/a><\/li>\n<li><a href=\"https:\/\/www.alarmautomatika.com\/sk\/clients\/hotely\/\">Hotely a kempy<\/a><\/li>\n<li><a href=\"https:\/\/www.alarmautomatika.com\/sk\/clients\/nakupne-centra\/\">N\u00e1kupn\u00e9 centr\u00e1<\/a><\/li>\n<li><a href=\"https:\/\/www.alarmautomatika.com\/sk\/clients\/verejne-a-obchodne-zariadenia\/\">Verejn\u00e9 a obchodn\u00e9 zariadenia<\/a><\/li>\n<li><a href=\"https:\/\/www.alarmautomatika.com\/sk\/clients\/priemysel-a-velke-infrastrukturne-zariadenia\/\">Priemysel a ve\u013ek\u00e9 infra\u0161trukt\u00farne zariadenia<\/a><\/li>\n<li><a href=\"https:\/\/www.alarmautomatika.com\/sk\/clients\/verejne-priestory-a-zariadenia\/\">Verejn\u00e9 priestory a zariadenia<\/a><\/li>\n<\/ul>\n<p>[\/et_pb_toggle][et_pb_toggle title=&#8220;Produkty&#8220; icon_color=&#8220;#33A44D&#8220; toggle_icon=&#8220;&#x22;||divi||400&#8243; open_icon_color=&#8220;#33A44D&#8220; open_toggle_icon=&#8220;&#x21;||divi||400&#8243; _builder_version=&#8220;4.27.6&#8243; _module_preset=&#8220;default&#8220; hover_enabled=&#8220;0&#8243; global_colors_info=&#8220;{}&#8220; sticky_enabled=&#8220;0&#8243;]<\/p>\n<ul>\n<li><a href=\"https:\/\/www.alarmautomatika.com\/sk\/produkty\/analytika-videa-a-umela-inteligencia\/\">Video analytics and artificial intelligence<\/a><\/li>\n<li><a href=\"https:\/\/www.alarmautomatika.com\/sk\/produkty\/termovizia-a-obvodova-ochrana\/\">Thermal imaging and perimeter protection<\/a><\/li>\n<li><a href=\"https:\/\/www.alarmautomatika.com\/sk\/produkty\/pokrocile-systemy-kontroly-pristupu\/\">Advanced access control systems<\/a><\/li>\n<li><a href=\"https:\/\/www.alarmautomatika.com\/en\/products\/electronic-article-surveillance\/\">Electronic Article Surveillance (EAS)<\/a><\/li>\n<li><a href=\"https:\/\/www.alarmautomatika.com\/sk\/produkty\/inteligentne-riadenie-dopravy-a-parkovania\/\">Intelligent traffic and parking management<\/a><\/li>\n<li><a href=\"https:\/\/www.alarmautomatika.com\/sk\/produkty\/bms-a-systemy-facility-managementu\/\">BMS and facility management systems<\/a><\/li>\n<\/ul>\n<p>[\/et_pb_toggle][et_pb_toggle title=&#8220;Slu\u017eby&#8220; icon_color=&#8220;#33A44D&#8220; toggle_icon=&#8220;&#x22;||divi||400&#8243; open_icon_color=&#8220;#33A44D&#8220; open_toggle_icon=&#8220;&#x21;||divi||400&#8243; _builder_version=&#8220;4.27.6&#8243; _module_preset=&#8220;default&#8220; hover_enabled=&#8220;0&#8243; global_colors_info=&#8220;{}&#8220; sticky_enabled=&#8220;0&#8243;]<\/p>\n<ul>\n<li><a href=\"https:\/\/www.alarmautomatika.com\/sk\/services\/profesionalne-sluzby-pre-komplexne-projekty\/#projektiranje\" data-et-has-event-already=\"true\">Navrhovanie<\/a><\/li>\n<li><a href=\"https:\/\/www.alarmautomatika.com\/sk\/services\/profesionalne-sluzby-pre-komplexne-projekty\/#prosudba-ugrozenosti-i-elaborat-mjera-sigurnosti\" data-et-has-event-already=\"true\">Hodnotenie ohrozenia a vypracovanie bezpe\u010dnostn\u00fdch opatren\u00ed<\/a><\/li>\n<li><a href=\"https:\/\/www.alarmautomatika.com\/sk\/services\/profesionalne-sluzby-pre-komplexne-projekty\/#konzalting\" data-et-has-event-already=\"true\">Poradenstvo<\/a><\/li>\n<li><a href=\"https:\/\/www.alarmautomatika.com\/sk\/services\/profesionalne-sluzby-pre-komplexne-projekty\/#nadzor-nad-izvodjenjem\" data-et-has-event-already=\"true\">Projektov\u00fd dozor<\/a><\/li>\n<li><a href=\"https:\/\/www.alarmautomatika.com\/sk\/services\/profesionalne-sluzby-pre-komplexne-projekty\/#koordinacija-i-vodjenje-projekata\" data-et-has-event-already=\"true\">Koordin\u00e1cia a projektov\u00fd mana\u017ement<\/a><\/li>\n<li><a href=\"https:\/\/www.alarmautomatika.com\/sk\/services\/profesionalne-sluzby-pre-komplexne-projekty\/#softverska-integracija\" data-et-has-event-already=\"true\">Integr\u00e1cia softv\u00e9ru a integr\u00e1cia s obchodnou \u0161trukt\u00farou pou\u017e\u00edvate\u013ea<\/a><\/li>\n<li><a href=\"https:\/\/www.alarmautomatika.com\/sk\/services\/profesionalne-sluzby-pre-komplexne-projekty\/#odrzavanje\" data-et-has-event-already=\"true\">\u00dadr\u017eba<\/a><\/li>\n<\/ul>\n<p>[\/et_pb_toggle][et_pb_toggle title=&#8220;Softv\u00e9r&#8220; icon_color=&#8220;#33A44D&#8220; toggle_icon=&#8220;&#x22;||divi||400&#8243; open_icon_color=&#8220;#33A44D&#8220; open_toggle_icon=&#8220;&#x21;||divi||400&#8243; _builder_version=&#8220;4.27.6&#8243; _module_preset=&#8220;default&#8220; hover_enabled=&#8220;0&#8243; global_colors_info=&#8220;{}&#8220; sticky_enabled=&#8220;0&#8243;]<\/p>\n<ul>\n<li><a href=\"https:\/\/www.alarmautomatika.com\/sk\/softwares\/inteligentne-riadenie-a-kontrola\/#izdavanje-ulaznica\" aria-current=\"page\" data-et-has-event-already=\"true\">L\u00edstok a riadenie pr\u00edstupu<\/a><\/li>\n<li><a href=\"https:\/\/www.alarmautomatika.com\/sk\/softwares\/inteligentne-riadenie-a-kontrola\/#brojanje-ljudi\" aria-current=\"page\" data-et-has-event-already=\"true\">Po\u010d\u00edtanie \u013eud\u00ed a n\u00e1v\u0161tevn\u00edkov<\/a><\/li>\n<li><a href=\"https:\/\/www.alarmautomatika.com\/sk\/softwares\/inteligentne-riadenie-a-kontrola\/#rezervacija-soba\" aria-current=\"page\" data-et-has-event-already=\"true\">Riadenie a evidencia vstupov<\/a><\/li>\n<li><a href=\"https:\/\/www.alarmautomatika.com\/sk\/softwares\/inteligentne-riadenie-a-kontrola\/#parking-rjesenja\" aria-current=\"page\" data-et-has-event-already=\"true\">Parkovacie rie\u0161enia<\/a><\/li>\n<li><a href=\"https:\/\/www.alarmautomatika.com\/sk\/softwares\/inteligentne-riadenie-a-kontrola\/#upravljanje-prometom\" aria-current=\"page\" data-et-has-event-already=\"true\"> Inteligentn\u00e9 riadenie dopravy a parkovania<\/a><\/li>\n<li><a href=\"https:\/\/www.alarmautomatika.com\/sk\/softwares\/inteligentne-riadenie-a-kontrola\/#upravljanje-posjetiteljima\" aria-current=\"page\" data-et-has-event-already=\"true\">Centralizovan\u00e9 ovl\u00e1danie blokovac\u00edch kab\u00edn<\/a><\/li>\n<\/ul>\n<p>[\/et_pb_toggle][et_pb_toggle title=&#8220;Plo\u0161ina&#8220; icon_color=&#8220;#33A44D&#8220; toggle_icon=&#8220;&#x22;||divi||400&#8243; open_icon_color=&#8220;#33A44D&#8220; open_toggle_icon=&#8220;&#x21;||divi||400&#8243; _builder_version=&#8220;4.27.6&#8243; _module_preset=&#8220;default&#8220; hover_enabled=&#8220;0&#8243; global_colors_info=&#8220;{}&#8220; sticky_enabled=&#8220;0&#8243;]<\/p>\n<ul>\n<li><a href=\"https:\/\/www.alarmautomatika.com\/sk\/platforma\/#razmjena-znanja\" data-et-has-event-already=\"true\">V\u00fdmena poznatkov \u00fa\u010dastn\u00edkov v procese v\u00fdstavby<\/a><\/li>\n<\/ul>\n<p>[\/et_pb_toggle][\/et_pb_column][\/et_pb_row][\/et_pb_section]<\/p>\n","protected":false},"excerpt":{"rendered":"<p>Banky a finan\u010dn\u00e9 in\u0161tit\u00facie Hotely a kempy N\u00e1kupn\u00e9 centr\u00e1 Verejn\u00e9 a obchodn\u00e9 zariadenia Priemysel a ve\u013ek\u00e9 infra\u0161trukt\u00farne zariadenia Verejn\u00e9 priestory a zariadenia Video analytics and artificial intelligence Thermal imaging and perimeter protection Advanced access control systems Electronic Article Surveillance (EAS) Intelligent traffic and parking management BMS and facility management systems Navrhovanie Hodnotenie ohrozenia a vypracovanie [&hellip;]<\/p>\n","protected":false},"author":15,"featured_media":0,"parent":0,"menu_order":0,"comment_status":"closed","ping_status":"closed","template":"","meta":{"_et_pb_use_builder":"on","_et_pb_old_content":"","_et_gb_content_width":"","footnotes":""},"class_list":["post-59862","page","type-page","status-publish","hentry"],"_links":{"self":[{"href":"https:\/\/www.alarmautomatika.com\/sk\/wp-json\/wp\/v2\/pages\/59862","targetHints":{"allow":["GET"]}}],"collection":[{"href":"https:\/\/www.alarmautomatika.com\/sk\/wp-json\/wp\/v2\/pages"}],"about":[{"href":"https:\/\/www.alarmautomatika.com\/sk\/wp-json\/wp\/v2\/types\/page"}],"author":[{"embeddable":true,"href":"https:\/\/www.alarmautomatika.com\/sk\/wp-json\/wp\/v2\/users\/15"}],"replies":[{"embeddable":true,"href":"https:\/\/www.alarmautomatika.com\/sk\/wp-json\/wp\/v2\/comments?post=59862"}],"version-history":[{"count":2,"href":"https:\/\/www.alarmautomatika.com\/sk\/wp-json\/wp\/v2\/pages\/59862\/revisions"}],"predecessor-version":[{"id":59867,"href":"https:\/\/www.alarmautomatika.com\/sk\/wp-json\/wp\/v2\/pages\/59862\/revisions\/59867"}],"wp:attachment":[{"href":"https:\/\/www.alarmautomatika.com\/sk\/wp-json\/wp\/v2\/media?parent=59862"}],"curies":[{"name":"wp","href":"https:\/\/api.w.org\/{rel}","templated":true}]}}