{"id":10072,"date":"2020-11-26T10:15:08","date_gmt":"2020-11-26T09:15:08","guid":{"rendered":"https:\/\/www.alarmautomatika.com\/pogoji-uporabe\/"},"modified":"2025-03-03T09:48:27","modified_gmt":"2025-03-03T08:48:27","slug":"impressum","status":"publish","type":"page","link":"https:\/\/www.alarmautomatika.com\/sl\/impressum\/","title":{"rendered":"Impressum"},"content":{"rendered":"<p>[et_pb_section fb_built=&#8221;1&#8243; _builder_version=&#8221;4.16&#8243; _module_preset=&#8221;default&#8221; global_colors_info=&#8221;{}&#8221;][et_pb_row _builder_version=&#8221;4.16&#8243; _module_preset=&#8221;default&#8221; custom_padding=&#8221;0px||0px||true|false&#8221; global_colors_info=&#8221;{}&#8221;][et_pb_column type=&#8221;4_4&#8243; _builder_version=&#8221;4.16&#8243; _module_preset=&#8221;default&#8221; global_colors_info=&#8221;{}&#8221;][et_pb_text _builder_version=&#8221;4.16&#8243; _dynamic_attributes=&#8221;content&#8221; _module_preset=&#8221;default&#8221; custom_padding=&#8221;||||false|false&#8221; global_colors_info=&#8221;{}&#8221;]@ET-DC@eyJkeW5hbWljIjp0cnVlLCJjb250ZW50IjoicG9zdF90aXRsZSIsInNldHRpbmdzIjp7ImJlZm9yZSI6IjxoMT4iLCJhZnRlciI6IjxcL2gxPiJ9fQ==@[\/et_pb_text][\/et_pb_column][\/et_pb_row][et_pb_row column_structure=&#8221;1_2,1_2&#8243; _builder_version=&#8221;4.16&#8243; _module_preset=&#8221;default&#8221; global_colors_info=&#8221;{}&#8221;][et_pb_column type=&#8221;1_2&#8243; _builder_version=&#8221;4.16&#8243; _module_preset=&#8221;default&#8221; global_colors_info=&#8221;{}&#8221;][et_pb_text _builder_version=&#8221;4.25.0&#8243; _module_preset=&#8221;default&#8221; header_2_font_size=&#8221;24px&#8221; global_colors_info=&#8221;{}&#8221;]<\/p>\n<h2>Glavni \u0161tab<\/h2>\n<p>Alarm automatika d.o.o.<br \/>Dra\u017eice 123c (Zamet)<br \/>51000 Rijeka<\/p>\n<p>OIB:\u00a030532290707<\/p>\n<p>[\/et_pb_text][et_pb_text _builder_version=&#8221;4.27.4&#8243; _module_preset=&#8221;default&#8221; header_2_font_size=&#8221;24px&#8221; hover_enabled=&#8221;0&#8243; global_colors_info=&#8221;{}&#8221; sticky_enabled=&#8221;0&#8243;]<\/p>\n<h2>Ljubljana<\/h2>\n<p>Alarm automatika d.o.o.<br \/>Letali\u0161ka cesta 32<br \/>1000 Ljubljana<br \/>Slovenija<\/p>\n<p>[\/et_pb_text][\/et_pb_column][et_pb_column type=&#8221;1_2&#8243; _builder_version=&#8221;4.16&#8243; _module_preset=&#8221;default&#8221; global_colors_info=&#8221;{}&#8221;][et_pb_text _builder_version=&#8221;4.16&#8243; _module_preset=&#8221;default&#8221; header_2_font_size=&#8221;24px&#8221; global_colors_info=&#8221;{}&#8221;]<\/p>\n<p>Mati\u010dna \u0161t.: 5935245000<br \/>\nID za DDV: SI28946677<br \/>\n\u0160ifra dejavnosti: 70.220\n<\/p>\n<p>Vpis v sodni register: Okro\u017eno sodi\u0161\u010de v Ljubljani, \u0161tevilka vlo\u017eka 1\/27518\/00 z dne 06.03.1996, osnovni kapital<br \/>\n208.763,00 EUR.<\/p>\n<p>Transakcijski ra\u010dun pri NLB d.d. Ljubljana: SI56 0208 5001 1176 026<br \/>\nBANK DETAILS: Nova Ljubljanska banka d.d., ljubljana, Trg republike 2, SI-1520 ljubljana, Slovenija<br \/>\nSWIFT BIC: LJBASI2X IBAN: SI56 0208 5001 1176 026 v korist: ALARM AUTOMATIKA d.o.o., Letali\u0161ka cesta 32, SI-1000 ljubljana<\/p>\n<p>[\/et_pb_text][\/et_pb_column][\/et_pb_row][\/et_pb_section]<\/p>\n","protected":false},"excerpt":{"rendered":"<p>Glavni \u0161tab Alarm automatika d.o.o.Dra\u017eice 123c (Zamet)51000 Rijeka OIB:\u00a030532290707Ljubljana Alarm automatika d.o.o.Letali\u0161ka cesta 321000 LjubljanaSlovenijaMati\u010dna \u0161t.: 5935245000 ID za DDV: SI28946677 \u0160ifra dejavnosti: 70.220 Vpis v sodni register: Okro\u017eno sodi\u0161\u010de v Ljubljani, \u0161tevilka vlo\u017eka 1\/27518\/00 z dne 06.03.1996, osnovni kapital 208.763,00 EUR. Transakcijski ra\u010dun pri NLB d.d. Ljubljana: SI56 0208 5001 1176 026 BANK DETAILS: [&hellip;]<\/p>\n","protected":false},"author":15,"featured_media":0,"parent":0,"menu_order":0,"comment_status":"closed","ping_status":"closed","template":"","meta":{"_et_pb_use_builder":"on","_et_pb_old_content":"","_et_gb_content_width":"","footnotes":""},"class_list":["post-10072","page","type-page","status-publish","hentry"],"_links":{"self":[{"href":"https:\/\/www.alarmautomatika.com\/sl\/wp-json\/wp\/v2\/pages\/10072","targetHints":{"allow":["GET"]}}],"collection":[{"href":"https:\/\/www.alarmautomatika.com\/sl\/wp-json\/wp\/v2\/pages"}],"about":[{"href":"https:\/\/www.alarmautomatika.com\/sl\/wp-json\/wp\/v2\/types\/page"}],"author":[{"embeddable":true,"href":"https:\/\/www.alarmautomatika.com\/sl\/wp-json\/wp\/v2\/users\/15"}],"replies":[{"embeddable":true,"href":"https:\/\/www.alarmautomatika.com\/sl\/wp-json\/wp\/v2\/comments?post=10072"}],"version-history":[{"count":2,"href":"https:\/\/www.alarmautomatika.com\/sl\/wp-json\/wp\/v2\/pages\/10072\/revisions"}],"predecessor-version":[{"id":56660,"href":"https:\/\/www.alarmautomatika.com\/sl\/wp-json\/wp\/v2\/pages\/10072\/revisions\/56660"}],"wp:attachment":[{"href":"https:\/\/www.alarmautomatika.com\/sl\/wp-json\/wp\/v2\/media?parent=10072"}],"curies":[{"name":"wp","href":"https:\/\/api.w.org\/{rel}","templated":true}]}}