{"id":11794,"date":"2021-02-22T08:15:16","date_gmt":"2021-02-22T07:15:16","guid":{"rendered":"https:\/\/www.alarmautomatika.com\/programska-oprema\/stetje-ljudi\/"},"modified":"2022-02-03T10:18:30","modified_gmt":"2022-02-03T09:18:30","slug":"stetje-ljudi","status":"publish","type":"page","link":"https:\/\/www.alarmautomatika.com\/sl\/programska-oprema\/stetje-ljudi\/","title":{"rendered":"Programska oprema za \u0161tetje ljudi ABsistemCounter"},"content":{"rendered":"<p>[et_pb_section fb_built=&#8221;1&#8243; _builder_version=&#8221;4.9.4&#8243; _module_preset=&#8221;default&#8221; custom_padding=&#8221;0px||||false|false&#8221;][et_pb_row _builder_version=&#8221;4.9.4&#8243; _module_preset=&#8221;default&#8221;][et_pb_column type=&#8221;4_4&#8243; _builder_version=&#8221;4.9.4&#8243; _module_preset=&#8221;default&#8221;][et_pb_text _builder_version=&#8221;4.9.4&#8243; _dynamic_attributes=&#8221;content&#8221; _module_preset=&#8221;default&#8221; header_line_height=&#8221;1.3em&#8221;]@ET-DC@eyJkeW5hbWljIjp0cnVlLCJjb250ZW50IjoicG9zdF90aXRsZSIsInNldHRpbmdzIjp7ImJlZm9yZSI6IjxibG9ja3F1b3RlPjxoMT4iLCJhZnRlciI6IjxcL2gxPjxcL2Jsb2NrcXVvdGU+In19@[\/et_pb_text][et_pb_text _builder_version=&#8221;4.9.4&#8243; _module_preset=&#8221;default&#8221; link_font=&#8221;|600|||||||&#8221; header_2_text_align=&#8221;left&#8221; header_2_font_size=&#8221;30px&#8221; header_2_line_height=&#8221;1.2em&#8221; header_font_size_tablet=&#8221;48px&#8221; header_font_size_phone=&#8221;&#8221; header_font_size_last_edited=&#8221;on|tablet&#8221; header_2_font_size_tablet=&#8221;&#8221; header_2_font_size_phone=&#8221;25px&#8221; header_2_font_size_last_edited=&#8221;on|phone&#8221;]<\/p>\n<p><em>To\u010dni podaki o \u0161tevilu kupcev in obiskovalcev predstavljajo klju\u010dno informacijo za bolj\u0161e upravljanje s poslovanjem v razli\u010dnih djejavnostih \u2013 trgovinah, klubih, muzejih, sredstvih javnega prievoza, javnih ustanovah, poslovnih zgradbah.<\/em><\/p>\n<p>[\/et_pb_text][et_pb_image src=&#8221;https:\/\/www.alarmautomatika.com\/wp-content\/uploads\/2021\/07\/absistemcounter-header.jpg&#8221; _builder_version=&#8221;4.9.7&#8243; _module_preset=&#8221;default&#8221; alt=&#8221;ABsistemCounter&#8221; hover_enabled=&#8221;0&#8243; sticky_enabled=&#8221;0&#8243;][\/et_pb_image][et_pb_text _builder_version=&#8221;4.9.4&#8243; _module_preset=&#8221;default&#8221;]<\/p>\n<p>ABsistemCounter je specialna programska oprema, katera preko IP kamer \u0161teje in bele\u017ei v bazo podatkov, \u0161tevilo prehodov ljudi v prostor in iz prostora. Programska oprema omogo\u010da centraliziran pregled zbranih podatkov v realnem \u010dasu in njihovo nadaljno analizo. Na voljo je tudi spletna razli\u010dica (web verzija), ki omogo\u010da pregled podatkov preko spletnega vmesnika in na vseh mobilnih napravah. Programsko opremo je mogo\u010de prilagoditi specifi\u010dnim potrebam uporabnika.<\/p>\n<p>[\/et_pb_text][\/et_pb_column][\/et_pb_row][et_pb_row column_structure=&#8221;1_3,1_3,1_3&#8243; use_custom_gutter=&#8221;on&#8221; gutter_width=&#8221;2&#8243; make_equal=&#8221;on&#8221; _builder_version=&#8221;4.9.4&#8243; _module_preset=&#8221;default&#8221;][et_pb_column type=&#8221;1_3&#8243; _builder_version=&#8221;4.9.4&#8243; _module_preset=&#8221;default&#8221;][et_pb_button button_url=&#8221;#brojenje_ljudi&#8221; url_new_window=&#8221;on&#8221; button_text=&#8221;\u0160tetje ljudi ABsistemCounter&#8221; button_alignment=&#8221;center&#8221; disabled_on=&#8221;off|off|off&#8221; _builder_version=&#8221;4.9.4&#8243; _module_preset=&#8221;default&#8221; custom_button=&#8221;on&#8221; button_text_size=&#8221;14px&#8221; button_font=&#8221;|600|||||||&#8221; button_use_icon=&#8221;off&#8221; custom_padding=&#8221;14px|53px|14px|53px|true|true&#8221;][\/et_pb_button][\/et_pb_column][et_pb_column type=&#8221;1_3&#8243; _builder_version=&#8221;4.9.4&#8243; _module_preset=&#8221;default&#8221;][et_pb_button button_url=&#8221;#analitika_za_trgovine&#8221; url_new_window=&#8221;on&#8221; button_text=&#8221;Analitika za trgovine ABSmartRetail&#8221; button_alignment=&#8221;center&#8221; disabled_on=&#8221;off|off|off&#8221; _builder_version=&#8221;4.9.4&#8243; _module_preset=&#8221;default&#8221; custom_button=&#8221;on&#8221; button_text_size=&#8221;14px&#8221; button_font=&#8221;|600|||||||&#8221; button_use_icon=&#8221;off&#8221; custom_padding=&#8221;14px|53px|14px|53px|true|true&#8221;][\/et_pb_button][\/et_pb_column][et_pb_column type=&#8221;1_3&#8243; _builder_version=&#8221;4.9.4&#8243; _module_preset=&#8221;default&#8221;][et_pb_button button_url=&#8221;#odredjivanje_broja_ljudi&#8221; url_new_window=&#8221;on&#8221; button_text=&#8221;Dolo\u010danje \u0161tevila ljudi v prostoru&#8221; button_alignment=&#8221;center&#8221; disabled_on=&#8221;off|off|off&#8221; _builder_version=&#8221;4.9.4&#8243; _module_preset=&#8221;default&#8221; custom_button=&#8221;on&#8221; button_text_size=&#8221;14px&#8221; button_font=&#8221;|600|||||||&#8221; button_use_icon=&#8221;off&#8221; custom_padding=&#8221;14px|53px|14px|53px|true|true&#8221;][\/et_pb_button][\/et_pb_column][\/et_pb_row][et_pb_row column_structure=&#8221;1_3,1_3,1_3&#8243; use_custom_gutter=&#8221;on&#8221; gutter_width=&#8221;2&#8243; _builder_version=&#8221;4.9.4&#8243; _module_preset=&#8221;default&#8221; custom_margin=&#8221;||||false|false&#8221; custom_padding=&#8221;0px||||false|false&#8221;][et_pb_column type=&#8221;1_3&#8243; _builder_version=&#8221;4.9.4&#8243; _module_preset=&#8221;default&#8221;][et_pb_button button_url=&#8221;#brojenje_putnika&#8221; url_new_window=&#8221;on&#8221; button_text=&#8221;\u0160tetje potnikov v javnem prevozu&#8221; button_alignment=&#8221;center&#8221; disabled_on=&#8221;off|off|off&#8221; _builder_version=&#8221;4.9.4&#8243; _module_preset=&#8221;default&#8221; custom_button=&#8221;on&#8221; button_text_size=&#8221;14px&#8221; button_font=&#8221;|600|||||||&#8221; button_use_icon=&#8221;off&#8221; custom_padding=&#8221;14px|53px|14px|53px|true|true&#8221;][\/et_pb_button][\/et_pb_column][et_pb_column type=&#8221;1_3&#8243; _builder_version=&#8221;4.9.4&#8243; _module_preset=&#8221;default&#8221;][et_pb_button button_url=&#8221;#vivotek_3d_brojenje&#8221; url_new_window=&#8221;on&#8221; button_text=&#8221;Vivotek 3D \u0160tetje &#8211; to\u010dnost 98%&#8221; button_alignment=&#8221;center&#8221; disabled_on=&#8221;off|off|off&#8221; _builder_version=&#8221;4.9.4&#8243; _module_preset=&#8221;default&#8221; custom_button=&#8221;on&#8221; button_text_size=&#8221;14px&#8221; button_font=&#8221;|600|||||||&#8221; button_use_icon=&#8221;off&#8221; custom_padding=&#8221;14px|53px|14px|53px|true|true&#8221;][\/et_pb_button][\/et_pb_column][et_pb_column type=&#8221;1_3&#8243; _builder_version=&#8221;4.9.4&#8243; _module_preset=&#8221;default&#8221;][\/et_pb_column][\/et_pb_row][et_pb_row _builder_version=&#8221;4.9.4&#8243; _module_preset=&#8221;default&#8221; custom_padding=&#8221;||0px||false|false&#8221;][et_pb_column type=&#8221;4_4&#8243; _builder_version=&#8221;4.9.4&#8243; _module_preset=&#8221;default&#8221;][et_pb_text _builder_version=&#8221;4.9.4&#8243; _module_preset=&#8221;default&#8221; header_2_line_height=&#8221;1.3em&#8221;]<\/p>\n<blockquote>\n<h2 id=\"brojenje_ljudi\">\u0160tetje ljudi ABsistemCounter<\/h2>\n<\/blockquote>\n<p>[\/et_pb_text][\/et_pb_column][\/et_pb_row][et_pb_row _builder_version=&#8221;4.9.4&#8243; _module_preset=&#8221;default&#8221;][et_pb_column type=&#8221;4_4&#8243; _builder_version=&#8221;4.9.4&#8243; _module_preset=&#8221;default&#8221;][et_pb_text _builder_version=&#8221;4.9.4&#8243; _module_preset=&#8221;default&#8221; header_3_font_size=&#8221;26px&#8221;]<\/p>\n<h3>Zavihki<\/h3>\n<ul>\n<li><strong>Organizacija poslovanja<\/strong> (optimizacija \u0161tevila zaposlenih v izmeni; izbira \u010dasovnega intervala za popravke in \u010di\u0161\u010denje)<\/li>\n<li><strong>Izbolj\u0161anje prodaje<\/strong> (u\u010dinkovitost marketin\u0161kih kampanij)<\/li>\n<li><strong>Pove\u010danje stopnje varnosti<\/strong> (upravljanje evakuacije v kriti\u010dnih situacijah)<\/li>\n<li><strong>Nadzor nad poslovanjem<\/strong> (kontrola pla\u010dila vstopnic)<\/li>\n<li><strong>Prepre\u010devanje \u0161irjenja epidemije<\/strong> (\u0161tevilo ljudi v prostoru)<\/li>\n<\/ul>\n<p>[\/et_pb_text][et_pb_text _builder_version=&#8221;4.9.4&#8243; _module_preset=&#8221;default&#8221; header_3_font_size=&#8221;26px&#8221;]<\/p>\n<h3>Funkcije<\/h3>\n<ul>\n<li>Pregled stanja \u0161tevca preko Google Maps<\/li>\n<li>Prikaz vremenskih razmer, posebej za vsako lokacijo<\/li>\n<li>Enostaven izra\u010dun trenutnega \u0161tevila ljudi v dolo\u010denem prostoru, ki je nadzorovan s kamerami<\/li>\n<li>Kreiranje avtomatskih poro\u010dil<\/li>\n<li>Upravljanje kamer s pomo\u010djo programske opreme (urejanje kamer, \u0161tevcev in slik, testiranje)<\/li>\n<li>Izvoz podatkov za nadaljno analizo<\/li>\n<\/ul>\n<p>[\/et_pb_text][et_pb_text _builder_version=&#8221;4.9.4&#8243; _module_preset=&#8221;default&#8221; header_3_font_size=&#8221;26px&#8221;]<\/p>\n<h3>Poro\u010dila in analize<\/h3>\n<ul>\n<li>Vsebina, izgled poro\u010dila ter analiza se dolo\u010dijo vnaprej<\/li>\n<li>Uporabnik dolo\u010di obdobje, za katero \u017eeli izvesti poro\u010dilo, \u010dasovni okvir (10minut, ura, dan, mesec) in objekte zajete v analizi<\/li>\n<li>Dodajanje novih poro\u010dil na zahtevo<\/li>\n<li>Izvoz podatkov za nadaljno analizo<\/li>\n<li>Automatska poro\u010dila \u2013 dnevno, mese\u010dno ali letno; za izbrano lokacijo ali ve\u010d lokacij<\/li>\n<\/ul>\n<p>[\/et_pb_text][et_pb_video src=&#8221;https:\/\/youtu.be\/V3Cz_MRnkOk&#8221; _builder_version=&#8221;4.9.4&#8243; _module_preset=&#8221;default&#8221; width=&#8221;50%&#8221; width_tablet=&#8221;100%&#8221; width_phone=&#8221;&#8221; width_last_edited=&#8221;on|desktop&#8221; module_alignment=&#8221;center&#8221;][\/et_pb_video][\/et_pb_column][\/et_pb_row][et_pb_row _builder_version=&#8221;4.9.4&#8243; _module_preset=&#8221;default&#8221;][et_pb_column type=&#8221;4_4&#8243; _builder_version=&#8221;4.9.4&#8243; _module_preset=&#8221;default&#8221;][et_pb_text _builder_version=&#8221;4.9.4&#8243; _module_preset=&#8221;default&#8221; header_2_line_height=&#8221;1.3em&#8221;]<\/p>\n<blockquote>\n<h2 id=\"analitika_za_trgovine\">Analitika za trgovine ABsistemSmartRetail<\/h2>\n<\/blockquote>\n<p>[\/et_pb_text][et_pb_image src=&#8221;https:\/\/www.alarmautomatika.com\/wp-content\/uploads\/2021\/04\/ABsistemSmartRetail-Heatmap.jpg&#8221; alt=&#8221;ABsistemSmartRetail&#8221; show_bottom_space=&#8221;off&#8221; align=&#8221;center&#8221; _builder_version=&#8221;4.9.4&#8243; _module_preset=&#8221;default&#8221;][\/et_pb_image][\/et_pb_column][\/et_pb_row][et_pb_row _builder_version=&#8221;4.9.4&#8243; _module_preset=&#8221;default&#8221;][et_pb_column type=&#8221;4_4&#8243; _builder_version=&#8221;4.9.4&#8243; _module_preset=&#8221;default&#8221;][et_pb_text _builder_version=&#8221;4.9.4&#8243; _module_preset=&#8221;default&#8221;]<\/p>\n<p>ABsistemSmartRetail je programska oprema, ki trgovcem omogo\u010da spremljanje vedenja kupcev in shranjevanje vseh analiti\u010dnih podatkov na enem mestu \u2013 \u0161tevilo kupcev, ki je vstopilo v trgovino, kje so ve\u010dino svojega \u010dasa nakupovali v obliki toplotnih zemljevidov, analiza vedenja kupcev in kontroliranje gne\u010de. Na ta na\u010din so omogo\u010dene analize obna\u0161anja kupcev v povezavi z marketin\u0161kim kampanijami, primerjave vedenja kupcev v trgovinah na razli\u010dnih lokacija, analize glede na vremenske razmere, obna\u0161anje kupev in podobno.<\/p>\n<p>[\/et_pb_text][et_pb_text _builder_version=&#8221;4.9.4&#8243; _module_preset=&#8221;default&#8221;]<\/p>\n<ul>\n<li>Heat zemljevidi \u2013 analiza, ki prikazuje na katerih mestih se kupci najdlje zadr\u017eujejo<\/li>\n<li>Prikaz podatkov na Google Maps<\/li>\n<li>Avtomatsko po\u0161iljanje poro\u010dila na e-mail, kreiranje poro\u010dila s strani uporabnika po potrebi<\/li>\n<li>Ve\u010d mo\u017enosti grafi\u010dnega prikaza zbranih podatkov<\/li>\n<li>Daljinsko upravljanje \u2013 s \u0161tevci in sistemi za generiranje heat zemljevida, kalibracija \u0161tevca, pregled slike<\/li>\n<li>Programska oprema je modularna<\/li>\n<li>Dostopen na hrva\u0161kem in engle\u0161kem jeziku<\/li>\n<\/ul>\n<p>[\/et_pb_text][et_pb_video src=&#8221;https:\/\/youtu.be\/r4Ws3Dv55pI&#8221; _builder_version=&#8221;4.9.4&#8243; _module_preset=&#8221;default&#8221; width=&#8221;50%&#8221; width_tablet=&#8221;100%&#8221; width_phone=&#8221;&#8221; width_last_edited=&#8221;on|desktop&#8221; module_alignment=&#8221;center&#8221;][\/et_pb_video][\/et_pb_column][\/et_pb_row][et_pb_row _builder_version=&#8221;4.9.4&#8243; _module_preset=&#8221;default&#8221;][et_pb_column type=&#8221;4_4&#8243; _builder_version=&#8221;4.9.4&#8243; _module_preset=&#8221;default&#8221;][et_pb_text _builder_version=&#8221;4.9.4&#8243; _module_preset=&#8221;default&#8221; header_2_line_height=&#8221;1.3em&#8221;]<\/p>\n<blockquote>\n<h2 id=\"odredjivanje_broja_ljudi\">Programska oprema za dolo\u010danje \u0161tevila ljudi v prostoru ABsistemLimitPeople<\/h2>\n<\/blockquote>\n<p>[\/et_pb_text][et_pb_image src=&#8221;https:\/\/www.alarmautomatika.com\/wp-content\/uploads\/2021\/04\/ABsistemLimitPeople-banner.jpg&#8221; alt=&#8221;ABsistemLimitPeople&#8221; _builder_version=&#8221;4.9.4&#8243; _module_preset=&#8221;default&#8221;][\/et_pb_image][et_pb_text _builder_version=&#8221;4.9.4&#8243; _module_preset=&#8221;default&#8221;]<\/p>\n<p>ABsistemLimitPeople je programska oprema, ki omogo\u010da samodejni izra\u010dun \u0161tevila ljudi v objektu preko IP kamer in prikaz podatkov o najve\u010djem dovoljenem in trenutnem \u0161tevilu ljudi v objektu s signalizacijo, ali je vstop dovoljen ali ne. Uporablja se v vseh panogah, kjer je \u0161tevilo ljudi na tem obmo\u010dju omejeno, da se prepre\u010di \u0161irjenje epidemije &#8211; trgovine, hoteli, kampi, poslovne in javne ustanove &#8211; in za poslovno analizo.<\/p>\n<p>[\/et_pb_text][\/et_pb_column][\/et_pb_row][et_pb_row _builder_version=&#8221;4.9.4&#8243; _module_preset=&#8221;default&#8221;][et_pb_column type=&#8221;4_4&#8243; _builder_version=&#8221;4.9.4&#8243; _module_preset=&#8221;default&#8221;][et_pb_text _builder_version=&#8221;4.9.4&#8243; _module_preset=&#8221;default&#8221;]<\/p>\n<ul>\n<li>98% natan\u010dnost \u0161tetja<\/li>\n<li>Prikaz trenutnega in najve\u010djega \u0161tevila ljudi na zaslonu<\/li>\n<li>Jasna signalizacija stanja zasedenosti prostora<\/li>\n<li>Daljinski nadzor in upravljanje<\/li>\n<li>Preprosta namestitev prikaza blagovnih znamk na zaslonu (logotip, barve, sporo\u010dila, izbira jezika)<\/li>\n<li>Enostavna namestitev<\/li>\n<\/ul>\n<p>[\/et_pb_text][et_pb_video src=&#8221;https:\/\/youtu.be\/8H7HuIQqMVI&#8221; _builder_version=&#8221;4.9.4&#8243; _module_preset=&#8221;default&#8221; width=&#8221;50%&#8221; width_tablet=&#8221;100%&#8221; width_phone=&#8221;&#8221; width_last_edited=&#8221;on|desktop&#8221; module_alignment=&#8221;center&#8221;][\/et_pb_video][\/et_pb_column][\/et_pb_row][et_pb_row _builder_version=&#8221;4.9.4&#8243; _module_preset=&#8221;default&#8221;][et_pb_column type=&#8221;4_4&#8243; _builder_version=&#8221;4.9.4&#8243; _module_preset=&#8221;default&#8221;][et_pb_text _builder_version=&#8221;4.9.4&#8243; _module_preset=&#8221;default&#8221; header_2_line_height=&#8221;1.3em&#8221;]<\/p>\n<blockquote>\n<h2 id=\"brojenje_putnika\">\u0160tetje potnikov v javnem prevozu<\/h2>\n<\/blockquote>\n<p>[\/et_pb_text][et_pb_image src=&#8221;https:\/\/www.alarmautomatika.com\/wp-content\/uploads\/2021\/04\/absistemcounter-vivotek-brojenje-putnika.jpg&#8221; alt=&#8221;\u0160tetje potnikov v javnem prevozu&#8221; align=&#8221;center&#8221; _builder_version=&#8221;4.9.4&#8243; _module_preset=&#8221;default&#8221;][\/et_pb_image][et_pb_text _builder_version=&#8221;4.9.4&#8243; _module_preset=&#8221;default&#8221;]<\/p>\n<p>\u0160tetje potnikov, ki vstopajo v vozilo javnega prevoza, je v svetu obi\u010dajno zaradi spremljanja poslovnih parametrov. Zaradi omejitev, povezanih z epidemijo koronavirusa, pa se vse pogosteje i\u0161\u010dejo re\u0161itve za samodejno \u0161tetje potnikov. Potnike, ki na primer vstopijo \/ izstopijo iz avtobusa, se \u0161teje preko posebnih kamer, v programski opremi pa se vnaprej dolo\u010di najve\u010dje \u0161tevilo dovoljenih potnikov. Ko je v vozilu najve\u010dje \u0161tevilo dovoljenih potnikov, programska oprema generira svetlobne in \/ ali zvo\u010dne signale. Mo\u017eno je tudi namestiti monitor, ki prikazuje, koliko ljudi je trenutno v vozilu.<\/p>\n<p>[\/et_pb_text][\/et_pb_column][\/et_pb_row][et_pb_row _builder_version=&#8221;4.9.4&#8243; _module_preset=&#8221;default&#8221;][et_pb_column type=&#8221;4_4&#8243; _builder_version=&#8221;4.9.4&#8243; _module_preset=&#8221;default&#8221;][et_pb_text _builder_version=&#8221;4.9.4&#8243; _module_preset=&#8221;default&#8221;]<\/p>\n<ul>\n<li>Splo\u0161ni nadzor v javnem prevozu<\/li>\n<li>Izbolj\u0161anje organizacije poslovanja<\/li>\n<li>Sledenje poti vozila<\/li>\n<li>prepre\u010devanje \u0161irjenja epidemije<\/li>\n<li>Komunikacija z nadzornim centrom v izrednih razmerah<\/li>\n<li>Upravljanje v alarmnih situacijah<\/li>\n<\/ul>\n<p>[\/et_pb_text][et_pb_video src=&#8221;https:\/\/youtu.be\/GPSA_xeyqRo&#8221; _builder_version=&#8221;4.9.4&#8243; _module_preset=&#8221;default&#8221; width=&#8221;50%&#8221; width_tablet=&#8221;100%&#8221; width_phone=&#8221;&#8221; width_last_edited=&#8221;on|desktop&#8221; module_alignment=&#8221;center&#8221;][\/et_pb_video][\/et_pb_column][\/et_pb_row][et_pb_row _builder_version=&#8221;4.9.4&#8243; _module_preset=&#8221;default&#8221;][et_pb_column type=&#8221;4_4&#8243; _builder_version=&#8221;4.9.4&#8243; _module_preset=&#8221;default&#8221;][et_pb_button button_url=&#8221;https:\/\/drive.google.com\/file\/d\/1dV1RlLywiQOWCTRDTWBwzJEI9bjuD6A3\/view?usp=sharing&#8221; url_new_window=&#8221;on&#8221; button_text=&#8221;Ve\u010d informacij o re\u0161itvi \u0161tetja potnikov v javnem prevozu&#8221; button_alignment=&#8221;center&#8221; disabled_on=&#8221;off|off|off&#8221; _builder_version=&#8221;4.9.4&#8243; _module_preset=&#8221;default&#8221; custom_button=&#8221;on&#8221; button_text_size=&#8221;14px&#8221; button_font=&#8221;|600|||||||&#8221; button_use_icon=&#8221;off&#8221; custom_padding=&#8221;14px|53px|14px|53px|true|true&#8221;][\/et_pb_button][\/et_pb_column][\/et_pb_row][et_pb_row _builder_version=&#8221;4.9.4&#8243; _module_preset=&#8221;default&#8221;][et_pb_column type=&#8221;4_4&#8243; _builder_version=&#8221;4.9.4&#8243; _module_preset=&#8221;default&#8221;][et_pb_text _builder_version=&#8221;4.9.4&#8243; _module_preset=&#8221;default&#8221; header_2_line_height=&#8221;1.3em&#8221;]<\/p>\n<blockquote>\n<h2 id=\"vivotek_3d_brojenje\">Vivotek 3D \u0161tetje ljudi &#8211; to\u010dnost 98%<\/h2>\n<\/blockquote>\n<p>[\/et_pb_text][et_pb_text _builder_version=&#8221;4.9.4&#8243; _module_preset=&#8221;default&#8221;]<\/p>\n<p>Zanesljivost \u0161tetja do 98% je dose\u017eena zahvaljujo\u010d tehnologiji Vivotek 3D Depth, ki je vgrajena v mre\u017ene kamere za stereo \u0161tetje. Mo\u017eno je natan\u010dno spremljati smer gibanja ljudi, gibanje &#8220;U&#8221; in zaznavanje sprememb smeri v obmo\u010dju \u0161tetja.<\/p>\n<p>[\/et_pb_text][\/et_pb_column][\/et_pb_row][et_pb_row _builder_version=&#8221;4.9.4&#8243; _module_preset=&#8221;default&#8221;][et_pb_column type=&#8221;4_4&#8243; _builder_version=&#8221;4.9.4&#8243; _module_preset=&#8221;default&#8221;][et_pb_text _builder_version=&#8221;4.9.4&#8243; _module_preset=&#8221;default&#8221;]<\/p>\n<ul>\n<li>Enostavna namestitev in konfiguracija<\/li>\n<li>Daljinsko upravljanje sistema<\/li>\n<li>Integracija s programsko opremo za video analitiko Vivotek VAST za podrobno analizo in razli\u010dne na\u010dine prikaza podatkov (grafov, tabel, vrstic)<\/li>\n<li>Podatki so na voljo v realnem \u010dasu<\/li>\n<li>Lokalno shranjevanje podatkov<\/li>\n<\/ul>\n<p>[\/et_pb_text][et_pb_video src=&#8221;https:\/\/youtu.be\/5sW0N_R_SGU&#8221; _builder_version=&#8221;4.9.4&#8243; _module_preset=&#8221;default&#8221; width=&#8221;50%&#8221; width_tablet=&#8221;100%&#8221; width_phone=&#8221;&#8221; width_last_edited=&#8221;on|desktop&#8221; module_alignment=&#8221;center&#8221;][\/et_pb_video][\/et_pb_column][\/et_pb_row][et_pb_row _builder_version=&#8221;4.9.4&#8243; _module_preset=&#8221;default&#8221;][et_pb_column type=&#8221;4_4&#8243; _builder_version=&#8221;4.9.4&#8243; _module_preset=&#8221;default&#8221;][et_pb_button button_url=&#8221;https:\/\/drive.google.com\/file\/d\/1Wua71GJ5_VO5uabNsYayB5zgIQOeSfo2\/view?usp=sharing&#8221; url_new_window=&#8221;on&#8221; button_text=&#8221;Ve\u010d informacij o re\u0161itvi Vivotek za dolo\u010danje \u0161tevila ljudi v prostoru&#8221; button_alignment=&#8221;center&#8221; disabled_on=&#8221;off|off|off&#8221; _builder_version=&#8221;4.9.4&#8243; _module_preset=&#8221;default&#8221; custom_button=&#8221;on&#8221; button_text_size=&#8221;14px&#8221; button_font=&#8221;|600|||||||&#8221; button_use_icon=&#8221;off&#8221; custom_padding=&#8221;14px|53px|14px|53px|true|true&#8221;][\/et_pb_button][\/et_pb_column][\/et_pb_row][\/et_pb_section]<\/p>\n","protected":false},"excerpt":{"rendered":"<p>To\u010dni podaki o \u0161tevilu kupcev in obiskovalcev predstavljajo klju\u010dno informacijo za bolj\u0161e upravljanje s poslovanjem v razli\u010dnih djejavnostih \u2013 trgovinah, klubih, muzejih, sredstvih javnega prievoza, javnih ustanovah, poslovnih zgradbah.ABsistemCounter je specialna programska oprema, katera preko IP kamer \u0161teje in bele\u017ei v bazo podatkov, \u0161tevilo prehodov ljudi v prostor in iz prostora. Programska oprema omogo\u010da centraliziran [&hellip;]<\/p>\n","protected":false},"author":15,"featured_media":0,"parent":4863,"menu_order":0,"comment_status":"closed","ping_status":"closed","template":"","meta":{"_et_pb_use_builder":"on","_et_pb_old_content":"","_et_gb_content_width":"","footnotes":""},"class_list":["post-11794","page","type-page","status-publish","hentry"],"_links":{"self":[{"href":"https:\/\/www.alarmautomatika.com\/sl\/wp-json\/wp\/v2\/pages\/11794","targetHints":{"allow":["GET"]}}],"collection":[{"href":"https:\/\/www.alarmautomatika.com\/sl\/wp-json\/wp\/v2\/pages"}],"about":[{"href":"https:\/\/www.alarmautomatika.com\/sl\/wp-json\/wp\/v2\/types\/page"}],"author":[{"embeddable":true,"href":"https:\/\/www.alarmautomatika.com\/sl\/wp-json\/wp\/v2\/users\/15"}],"replies":[{"embeddable":true,"href":"https:\/\/www.alarmautomatika.com\/sl\/wp-json\/wp\/v2\/comments?post=11794"}],"version-history":[{"count":0,"href":"https:\/\/www.alarmautomatika.com\/sl\/wp-json\/wp\/v2\/pages\/11794\/revisions"}],"up":[{"embeddable":true,"href":"https:\/\/www.alarmautomatika.com\/sl\/wp-json\/wp\/v2\/pages\/4863"}],"wp:attachment":[{"href":"https:\/\/www.alarmautomatika.com\/sl\/wp-json\/wp\/v2\/media?parent=11794"}],"curies":[{"name":"wp","href":"https:\/\/api.w.org\/{rel}","templated":true}]}}