{"id":20597,"date":"2021-07-19T15:48:19","date_gmt":"2021-07-19T13:48:19","guid":{"rendered":"https:\/\/www.alarmautomatika.com\/programska-oprema\/absistem-park\/"},"modified":"2022-02-03T10:18:09","modified_gmt":"2022-02-03T09:18:09","slug":"absistem-park","status":"publish","type":"page","link":"https:\/\/www.alarmautomatika.com\/sl\/programska-oprema\/absistem-park\/","title":{"rendered":"ABsistemPark"},"content":{"rendered":"<p>[et_pb_section fb_built=&#8221;1&#8243; _builder_version=&#8221;4.9.10&#8243; _module_preset=&#8221;default&#8221; custom_padding=&#8221;0px||||false|false&#8221; global_colors_info=&#8221;{}&#8221;][et_pb_row _builder_version=&#8221;4.9.9&#8243; _module_preset=&#8221;default&#8221; global_colors_info=&#8221;{}&#8221;][et_pb_column type=&#8221;4_4&#8243; _builder_version=&#8221;4.9.9&#8243; _module_preset=&#8221;default&#8221; global_colors_info=&#8221;{}&#8221;][et_pb_text _builder_version=&#8221;4.9.10&#8243; _module_preset=&#8221;default&#8221; header_line_height=&#8221;1.3em&#8221; header_font_size_tablet=&#8221;40px&#8221; header_font_size_phone=&#8221;30px&#8221; header_font_size_last_edited=&#8221;on|desktop&#8221; global_colors_info=&#8221;{}&#8221;]<\/p>\n<blockquote>\n<h1>Parking re\u0161itve ABsistemPark<\/h1>\n<\/blockquote>\n<p>[\/et_pb_text][et_pb_text _builder_version=&#8221;4.9.9&#8243; _module_preset=&#8221;default&#8221; global_colors_info=&#8221;{}&#8221;]<em>Parkiranje in upravljanje s parkirnimi mesti je eno od pere\u010dih vpra\u0161anj dana\u0161njega \u010dasa in veliko \u0161tevilo podjetij nenehno i\u0161\u010de na\u010dine za bolj\u0161e upravljanje javnih in zasebnih parkiri\u0161\u010d in gara\u017e.<br \/>\nV ta namen je razvita programska oprema ABsistemPark in njene razli\u010dice s kategorizacijo vozil, obra\u010dunavanjem parkirnih mest in signalizacijo prostih parkirnih mest.<br \/>\n<\/em>[\/et_pb_text][et_pb_image src=&#8221;https:\/\/www.alarmautomatika.com\/wp-content\/uploads\/2021\/08\/ABSistem-Park-header.jpg&#8221; alt=&#8221;ABsistemPark&#8221; _builder_version=&#8221;4.9.10&#8243; _module_preset=&#8221;default&#8221; global_colors_info=&#8221;{}&#8221;][\/et_pb_image][et_pb_text _builder_version=&#8221;4.9.10&#8243; _module_preset=&#8221;default&#8221; global_colors_info=&#8221;{}&#8221;]ABsistemPark je specializirana programska oprema, ki upravlja sistem za nadzor dostopa, natan\u010dneje izvr\u0161ilne elemente tega sistema na zaprtih parkiri\u0161\u010dih, namenjenih omejenemu \u0161tevilu vozil z dovoljenim dostopom, kot so na primer parkiri\u0161\u010dih v zasebni lasti ali znotraj hotelskih kompleksov.[\/et_pb_text][et_pb_accordion _builder_version=&#8221;4.9.10&#8243; _module_preset=&#8221;default&#8221; global_colors_info=&#8221;{}&#8221;][\/et_pb_accordion][\/et_pb_column][\/et_pb_row][et_pb_row column_structure=&#8221;1_3,1_3,1_3&#8243; _builder_version=&#8221;4.9.10&#8243; _module_preset=&#8221;default&#8221; global_colors_info=&#8221;{}&#8221;][et_pb_column type=&#8221;1_3&#8243; _builder_version=&#8221;4.9.10&#8243; _module_preset=&#8221;default&#8221; global_colors_info=&#8221;{}&#8221;][et_pb_text _builder_version=&#8221;4.9.10&#8243; _module_preset=&#8221;default&#8221; global_colors_info=&#8221;{}&#8221;]<\/p>\n<h3><strong>Namen<\/strong><\/h3>\n<ul>\n<li>Hitrej\u0161i izstop in vstop vozil z dovoljenjem <\/li>\n<li>Onemogo\u010danje dostopa vozil brez dovoljenja <\/li>\n<li>Ni\u017eji obratovalni stro\u0161ki <\/li>\n<li>Bolj\u0161e upravljanje \u010dlove\u0161kih virov <\/li>\n<li>Vi\u0161ja raven varnosti <\/li>\n<li>Natan\u010dna evidenca vstopa in izstopa vozil <\/li>\n<li>Bolj\u0161a poslovna analitika <\/li>\n<\/ul>\n<p>[\/et_pb_text][\/et_pb_column][et_pb_column type=&#8221;1_3&#8243; _builder_version=&#8221;4.9.10&#8243; _module_preset=&#8221;default&#8221; global_colors_info=&#8221;{}&#8221;][et_pb_text _builder_version=&#8221;4.9.10&#8243; _module_preset=&#8221;default&#8221; global_colors_info=&#8221;{}&#8221;]<\/p>\n<h3><strong>Integrirani sistemi in programska oprema<\/strong><\/h3>\n<ul>\n<li>LPR kamere<\/li>\n<li>OCR softver<\/li>\n<li>Kontrola dostopa<\/li>\n<li>Domofoni<\/li>\n<li>Tehni\u010dka za\u0161\u010dita<\/li>\n<li>Recepcijska in druga poslovna programska oprema<\/li>\n<\/ul>\n<p>[\/et_pb_text][\/et_pb_column][et_pb_column type=&#8221;1_3&#8243; _builder_version=&#8221;4.9.10&#8243; _module_preset=&#8221;default&#8221; global_colors_info=&#8221;{}&#8221;][et_pb_text _builder_version=&#8221;4.9.10&#8243; _module_preset=&#8221;default&#8221; global_colors_info=&#8221;{}&#8221;]<\/p>\n<h3><strong>Funkcije<\/strong><\/h3>\n<ul>\n<li>Identifikacija vozila preko registrskih tablic <\/li>\n<li>Dovoljenje za dostop za vozila z dovoljenjem <\/li>\n<li>Upravljanje z elementi za nadzor dostopa (zapornice) <\/li>\n<li>Anti passback funkcija <\/li>\n<li>Daljinsko upravljanje<\/li>\n<li>Samodejno bele\u017eenje in shranjevanje podatkov v podatkovni zbirki <\/li>\n<li>Upravljanje semaforjev za usmerjanje vozil proti prostim parkirnim mestom<br \/>\nZavihki\n<\/li>\n<\/ul>\n<p>[\/et_pb_text][\/et_pb_column][\/et_pb_row][et_pb_row column_structure=&#8221;1_3,1_3,1_3&#8243; use_custom_gutter=&#8221;on&#8221; gutter_width=&#8221;2&#8243; make_equal=&#8221;on&#8221; _builder_version=&#8221;4.9.10&#8243; _module_preset=&#8221;default&#8221; global_colors_info=&#8221;{}&#8221;][et_pb_column type=&#8221;1_3&#8243; _builder_version=&#8221;4.9.9&#8243; _module_preset=&#8221;default&#8221; global_colors_info=&#8221;{}&#8221;][et_pb_button button_url=&#8221;#kategorizacija&#8221; url_new_window=&#8221;on&#8221; button_text=&#8221;Identifikacija in kategorizacija vozil v funkciji pla\u010dila parkiranja ABsistemParkPay &#8221; button_alignment=&#8221;center&#8221; disabled_on=&#8221;off|off|off&#8221; _builder_version=&#8221;4.9.10&#8243; _module_preset=&#8221;default&#8221; custom_button=&#8221;on&#8221; button_text_size=&#8221;14px&#8221; button_font=&#8221;|600|||||||&#8221; button_use_icon=&#8221;off&#8221; custom_padding=&#8221;14px|53px|14px|53px|true|true&#8221; global_colors_info=&#8221;{}&#8221;][\/et_pb_button][\/et_pb_column][et_pb_column type=&#8221;1_3&#8243; _builder_version=&#8221;4.9.9&#8243; _module_preset=&#8221;default&#8221; global_colors_info=&#8221;{}&#8221;][et_pb_button button_url=&#8221;#zauzetost_parkinga&#8221; url_new_window=&#8221;on&#8221; button_text=&#8221;Prikaz zasedenosti parkiri\u0161\u010da in rezervacija parkirnih mest ABsistemGaragePark &#8221; button_alignment=&#8221;center&#8221; disabled_on=&#8221;off|off|off&#8221; _builder_version=&#8221;4.9.10&#8243; _module_preset=&#8221;default&#8221; custom_button=&#8221;on&#8221; button_text_size=&#8221;14px&#8221; button_font=&#8221;|600|||||||&#8221; button_use_icon=&#8221;off&#8221; custom_padding=&#8221;14px|53px|14px|53px|true|true&#8221; global_colors_info=&#8221;{}&#8221;][\/et_pb_button][\/et_pb_column][et_pb_column type=&#8221;1_3&#8243; _builder_version=&#8221;4.9.9&#8243; _module_preset=&#8221;default&#8221; global_colors_info=&#8221;{}&#8221;][et_pb_button button_url=&#8221;#kontrola_pristupa&#8221; url_new_window=&#8221;on&#8221; button_text=&#8221;Nadzor dostopa ljudi in vozil do obmo\u010dij z ve\u010d vhodi in izhodi ABsistemMultiport &#8221; button_alignment=&#8221;center&#8221; disabled_on=&#8221;off|off|off&#8221; _builder_version=&#8221;4.9.10&#8243; _module_preset=&#8221;default&#8221; custom_button=&#8221;on&#8221; button_text_size=&#8221;14px&#8221; button_font=&#8221;|600|||||||&#8221; button_use_icon=&#8221;off&#8221; custom_padding=&#8221;14px|53px|14px|53px|true|true&#8221; global_colors_info=&#8221;{}&#8221;][\/et_pb_button][\/et_pb_column][\/et_pb_row][et_pb_row _builder_version=&#8221;4.9.9&#8243; _module_preset=&#8221;default&#8221; global_colors_info=&#8221;{}&#8221;][et_pb_column type=&#8221;4_4&#8243; _builder_version=&#8221;4.9.9&#8243; _module_preset=&#8221;default&#8221; global_colors_info=&#8221;{}&#8221;][et_pb_text _builder_version=&#8221;4.9.10&#8243; _module_preset=&#8221;default&#8221; header_line_height=&#8221;1.3em&#8221; header_2_line_height=&#8221;1.3em&#8221; header_font_size_tablet=&#8221;40px&#8221; header_font_size_phone=&#8221;30px&#8221; header_font_size_last_edited=&#8221;on|desktop&#8221; header_2_font_size_tablet=&#8221;24px&#8221; header_2_font_size_phone=&#8221;24px&#8221; header_2_font_size_last_edited=&#8221;on|phone&#8221; global_colors_info=&#8221;{}&#8221;]<\/p>\n<blockquote>\n<h2 id=\"kategorizacija\">Kategorizacija in identifikacija vozil v funkciji pla\u010dila parkiranja ABsistemParkPay<\/h2>\n<\/blockquote>\n<p>[\/et_pb_text][et_pb_image src=&#8221;https:\/\/www.alarmautomatika.com\/wp-content\/uploads\/2021\/08\/ABSistem-ParkPay-header.jpg&#8221; alt=&#8221;ABsistemPark&#8221; _builder_version=&#8221;4.9.10&#8243; _module_preset=&#8221;default&#8221; global_colors_info=&#8221;{}&#8221;][\/et_pb_image][et_pb_text _builder_version=&#8221;4.9.10&#8243; _module_preset=&#8221;default&#8221; global_colors_info=&#8221;{}&#8221;]ABsistemParkPay je nadgrajena razli\u010dica programske opreme ABsistemPark, ki poleg nadzora dostopa vozila omogo\u010da tudi pla\u010dilo parkirnine. Dodatno je mogo\u010de kategorizirati vozila, odvisno od pla\u010dila in omogo\u010diti identifikacijo naro\u010dnika prek registrske \u0161tevilke vozila ali \u010ditalnika kartic.<br \/>\nNamen sistema je pospe\u0161iti vstop in izstop vozila, poznati \u0161tevilo prostih parkirnih mest, usmeriti gibanje vozila in omogo\u010diti pla\u010dilo parkirnine. Najpogosteje se uporablja v velikih hotelskih in drugih poslovnih kompleksih, znotraj katerih je za nekatere uporabnike (npr. Hotelske goste, zaposlene in redne dostavljalce) parkiranje brezpla\u010dno, za vse ostale pa se zara\u010dunava.[\/et_pb_text][\/et_pb_column][\/et_pb_row][et_pb_row column_structure=&#8221;2_3,1_3&#8243; use_custom_gutter=&#8221;on&#8221; gutter_width=&#8221;2&#8243; _builder_version=&#8221;4.9.10&#8243; _module_preset=&#8221;default&#8221; global_colors_info=&#8221;{}&#8221;][et_pb_column type=&#8221;2_3&#8243; _builder_version=&#8221;4.9.9&#8243; _module_preset=&#8221;default&#8221; global_colors_info=&#8221;{}&#8221;][et_pb_text _builder_version=&#8221;4.9.10&#8243; _module_preset=&#8221;default&#8221; global_colors_info=&#8221;{}&#8221;]<\/p>\n<ul>\n<li>Identifikacija vozila z LPR kamerami <\/li>\n<li>Kategorizacija vozil (avtomobilov, avtobusov, avtodomov, motornih koles) prek videonadzora in indukcijskih zank <\/li>\n<li>Identifikacija voznika preko bralnika kartic <\/li>\n<li>Integracija z bazo podatkov rednih uporabnikov <\/li>\n<li>Usmerjanje vozil na prosta parkirna mesta za dolo\u010deno kategorijo vozil preko semaforjev <\/li>\n<li>Samodejno pla\u010devanje parkiranja prek blagajn POS <\/li>\n<li>Izdaja ra\u010duna z vneseno registrsko \u0161tevilko vozila <\/li>\n<\/ul>\n<p>[\/et_pb_text][\/et_pb_column][et_pb_column type=&#8221;1_3&#8243; _builder_version=&#8221;4.9.9&#8243; _module_preset=&#8221;default&#8221; global_colors_info=&#8221;{}&#8221;][et_pb_image src=&#8221;https:\/\/www.alarmautomatika.com\/wp-content\/uploads\/2021\/08\/ABsistemParkpayPos.jpg&#8221; alt=&#8221;ABsistemParkpayPos&#8221; _builder_version=&#8221;4.10.2&#8243; _module_preset=&#8221;default&#8221; global_colors_info=&#8221;{}&#8221;][\/et_pb_image][\/et_pb_column][\/et_pb_row][et_pb_row _builder_version=&#8221;4.9.9&#8243; _module_preset=&#8221;default&#8221; global_colors_info=&#8221;{}&#8221;][et_pb_column type=&#8221;4_4&#8243; _builder_version=&#8221;4.9.9&#8243; _module_preset=&#8221;default&#8221; global_colors_info=&#8221;{}&#8221;][et_pb_text _builder_version=&#8221;4.9.10&#8243; _module_preset=&#8221;default&#8221; header_line_height=&#8221;1.3em&#8221; header_2_line_height=&#8221;1.3em&#8221; hover_enabled=&#8221;0&#8243; header_font_size_tablet=&#8221;40px&#8221; header_font_size_phone=&#8221;30px&#8221; header_font_size_last_edited=&#8221;on|desktop&#8221; header_2_font_size_tablet=&#8221;24px&#8221; header_2_font_size_phone=&#8221;24px&#8221; header_2_font_size_last_edited=&#8221;on|phone&#8221; global_colors_info=&#8221;{}&#8221; sticky_enabled=&#8221;0&#8243;]<\/p>\n<blockquote>\n<h2 id=\"zauzetost_parkinga\">Prikaz zasedenosti parkiri\u0161\u010da in rezervacija parkirnih mest ABsistemGaragePark<\/h2>\n<\/blockquote>\n<p>[\/et_pb_text][et_pb_image src=&#8221;https:\/\/www.alarmautomatika.com\/wp-content\/uploads\/2021\/07\/ABSistem-Garage-Park-header-1.jpg&#8221; alt=&#8221;ABsistemGaragePark&#8221; _builder_version=&#8221;4.9.10&#8243; _module_preset=&#8221;default&#8221; global_colors_info=&#8221;{}&#8221;][\/et_pb_image][et_pb_text _builder_version=&#8221;4.9.10&#8243; _module_preset=&#8221;default&#8221; hover_enabled=&#8221;0&#8243; global_colors_info=&#8221;{}&#8221; sticky_enabled=&#8221;0&#8243;]ABsistemGaragePark je programska oprema, ki omogo\u010da prikaz zasedenih in rezerviranih parkirnih mest v zaprtih javnih in poslovnih gara\u017eah. Glavni namen programskega modula je pospe\u0161iti promet in zagotoviti to\u010dne podatke o trenutnem \u0161tevilu in polo\u017eaju prostih parkirnih mest. Posebnost programskega modula je, da vam omogo\u010da, da vnaprej rezervirate parkirno mesto za razli\u010dna \u010dasovna obdobja. Programska oprema deluje tudi kot programski modul ABsistemDCi, preko katerega se lahko po potrebi integrira druge sisteme za tehni\u010dno za\u0161\u010dito na objektu. Vsi podatki o razpolo\u017eljivosti parkirnih mest so vidni v nadzornem centru.[\/et_pb_text][\/et_pb_column][\/et_pb_row][et_pb_row column_structure=&#8221;1_2,1_2&#8243; _builder_version=&#8221;4.9.10&#8243; _module_preset=&#8221;default&#8221; global_colors_info=&#8221;{}&#8221;][et_pb_column type=&#8221;1_2&#8243; _builder_version=&#8221;4.9.10&#8243; _module_preset=&#8221;default&#8221; global_colors_info=&#8221;{}&#8221;][et_pb_text _builder_version=&#8221;4.10.2&#8243; _module_preset=&#8221;default&#8221; hover_enabled=&#8221;0&#8243; global_colors_info=&#8221;{}&#8221; sticky_enabled=&#8221;0&#8243;]<\/p>\n<ul>\n<li>Svetlobno ozna\u010devanje prostih parkirnih mest v gara\u017ei s pomo\u010djo indikatorjev <\/li>\n<li>LED panoji s prikazom prostih parkirnih mest na vhodu in v vsakem nadstropju gara\u017ee <\/li>\n<li>Prikaz prostih parkirnih mest v nadzornem centru <\/li>\n<li>Rezervacija parkirnega mesta vnaprej za razli\u010dna \u010dasovna obdobja <\/li>\n<li>Povezava s sistemi tehni\u010dne za\u0161\u010dite na objektu preko integracijske programske opreme <a href=\"https:\/\/www.alarmautomatika.com\/sl\/programska-oprema\/nadzor-in-upravljanje-varnostnih-sistemov\/\">ABsistemDCi<\/a> <\/li>\n<\/ul>\n<p>[\/et_pb_text][\/et_pb_column][et_pb_column type=&#8221;1_2&#8243; _builder_version=&#8221;4.9.10&#8243; _module_preset=&#8221;default&#8221; global_colors_info=&#8221;{}&#8221;][et_pb_image src=&#8221;https:\/\/www.alarmautomatika.com\/wp-content\/uploads\/2021\/08\/ABsistemGaragePark-field.jpg&#8221; alt=&#8221;ABsistemGaragePark&#8221; _builder_version=&#8221;4.10.2&#8243; _module_preset=&#8221;default&#8221; global_colors_info=&#8221;{}&#8221;][\/et_pb_image][\/et_pb_column][\/et_pb_row][et_pb_row _builder_version=&#8221;4.9.10&#8243; _module_preset=&#8221;default&#8221; global_colors_info=&#8221;{}&#8221;][et_pb_column type=&#8221;4_4&#8243; _builder_version=&#8221;4.9.10&#8243; _module_preset=&#8221;default&#8221; global_colors_info=&#8221;{}&#8221;][et_pb_text _builder_version=&#8221;4.9.10&#8243; _module_preset=&#8221;default&#8221; header_line_height=&#8221;1.3em&#8221; header_2_line_height=&#8221;1.3em&#8221; header_font_size_tablet=&#8221;40px&#8221; header_font_size_phone=&#8221;30px&#8221; header_font_size_last_edited=&#8221;on|desktop&#8221; header_2_font_size_tablet=&#8221;24px&#8221; header_2_font_size_phone=&#8221;24px&#8221; header_2_font_size_last_edited=&#8221;on|phone&#8221; global_colors_info=&#8221;{}&#8221;]<\/p>\n<blockquote>\n<h2 id=\"kontrola_pristupa\">Nadzor dostopa ljudi in vozil na obmo\u010dje z ve\u010d vhodi in izhodi ABsistemMultiport<\/h2>\n<\/blockquote>\n<p>[\/et_pb_text][et_pb_image src=&#8221;https:\/\/www.alarmautomatika.com\/wp-content\/uploads\/2021\/07\/ABSistem-Multiport-header.jpg&#8221; alt=&#8221;ABsistemMultiport&#8221; _builder_version=&#8221;4.9.10&#8243; _module_preset=&#8221;default&#8221; global_colors_info=&#8221;{}&#8221;][\/et_pb_image][et_pb_text _builder_version=&#8221;4.9.10&#8243; _module_preset=&#8221;default&#8221; global_colors_info=&#8221;{}&#8221;]ABsistemMultiport je programska oprema za nadzor dostopa ljudi in vozil do obmo\u010dij z ve\u010d vhodi in izhodi, kjer je gibanje omejeno. Njegov namen je zagotoviti visoko raven varnosti in nadzora nad gibanjem voznikov, vozil in zabojnikov, pospe\u0161iti njihov promet, omogo\u010diti natan\u010dne evidence na vseh vstopnih in izstopnih to\u010dkah, ter omogo\u010diti bolj\u0161e upravljanje podjetij. Uporablja se na velikih za\u0161\u010ditenih obmo\u010djih z ve\u010d vhodi in izhodi, kjer potekajo kriti\u010dni procesi in kjer je pove\u010dano tveganje tatvine, sabota\u017ee, goljufije ali zlorabe, kot so pristani\u0161ki terminali, industrijski kompleksi in podobno.[\/et_pb_text][\/et_pb_column][\/et_pb_row][et_pb_row column_structure=&#8221;1_2,1_2&#8243; _builder_version=&#8221;4.9.10&#8243; _module_preset=&#8221;default&#8221; custom_padding=&#8221;0px||||false|false&#8221; global_colors_info=&#8221;{}&#8221;][et_pb_column type=&#8221;1_2&#8243; _builder_version=&#8221;4.9.9&#8243; _module_preset=&#8221;default&#8221; global_colors_info=&#8221;{}&#8221;][et_pb_text _builder_version=&#8221;4.9.10&#8243; _module_preset=&#8221;default&#8221; global_colors_info=&#8221;{}&#8221;]<\/p>\n<ul>\n<li>Identifikacija voznika preko kartic in sistema za nadzor dostopa <\/li>\n<li>Identifikacija vozila \/ priklopnika preko registrskih tablic z uporabo LPR kamer <\/li>\n<li>Identifikacija zabojnikov \/ vagonov s prepoznavanjem edinstvene kode s katero so ozna\u010deni <\/li>\n<li>Identifikacija vozila in voznika pri vstopu in izstopu <\/li>\n<li>Integracija s sistemom zapornice<\/li>\n<li>To\u010dna evidenca na vseh vstopnih in izstopnih to\u010dkah <\/li>\n<li>Integracija s programsko opremo za redno poslovanje  <\/li>\n<\/ul>\n<p>[\/et_pb_text][\/et_pb_column][et_pb_column type=&#8221;1_2&#8243; _builder_version=&#8221;4.9.9&#8243; _module_preset=&#8221;default&#8221; global_colors_info=&#8221;{}&#8221;][et_pb_image src=&#8221;https:\/\/www.alarmautomatika.com\/wp-content\/uploads\/2021\/08\/multiport_SLO.png&#8221; alt=&#8221;ABsistemMultiport&#8221; show_in_lightbox=&#8221;on&#8221; _builder_version=&#8221;4.9.10&#8243; _module_preset=&#8221;default&#8221; global_colors_info=&#8221;{}&#8221;][\/et_pb_image][\/et_pb_column][\/et_pb_row][\/et_pb_section]<\/p>\n","protected":false},"excerpt":{"rendered":"<p>Parking re\u0161itve ABsistemPark Parkiranje in upravljanje s parkirnimi mesti je eno od pere\u010dih vpra\u0161anj dana\u0161njega \u010dasa in veliko \u0161tevilo podjetij nenehno i\u0161\u010de na\u010dine za bolj\u0161e upravljanje javnih in zasebnih parkiri\u0161\u010d in gara\u017e. V ta namen je razvita programska oprema ABsistemPark in njene razli\u010dice s kategorizacijo vozil, obra\u010dunavanjem parkirnih mest in signalizacijo prostih parkirnih mest. ABsistemPark [&hellip;]<\/p>\n","protected":false},"author":15,"featured_media":0,"parent":4863,"menu_order":0,"comment_status":"closed","ping_status":"closed","template":"","meta":{"_et_pb_use_builder":"on","_et_pb_old_content":"","_et_gb_content_width":"","footnotes":""},"class_list":["post-20597","page","type-page","status-publish","hentry"],"_links":{"self":[{"href":"https:\/\/www.alarmautomatika.com\/sl\/wp-json\/wp\/v2\/pages\/20597","targetHints":{"allow":["GET"]}}],"collection":[{"href":"https:\/\/www.alarmautomatika.com\/sl\/wp-json\/wp\/v2\/pages"}],"about":[{"href":"https:\/\/www.alarmautomatika.com\/sl\/wp-json\/wp\/v2\/types\/page"}],"author":[{"embeddable":true,"href":"https:\/\/www.alarmautomatika.com\/sl\/wp-json\/wp\/v2\/users\/15"}],"replies":[{"embeddable":true,"href":"https:\/\/www.alarmautomatika.com\/sl\/wp-json\/wp\/v2\/comments?post=20597"}],"version-history":[{"count":0,"href":"https:\/\/www.alarmautomatika.com\/sl\/wp-json\/wp\/v2\/pages\/20597\/revisions"}],"up":[{"embeddable":true,"href":"https:\/\/www.alarmautomatika.com\/sl\/wp-json\/wp\/v2\/pages\/4863"}],"wp:attachment":[{"href":"https:\/\/www.alarmautomatika.com\/sl\/wp-json\/wp\/v2\/media?parent=20597"}],"curies":[{"name":"wp","href":"https:\/\/api.w.org\/{rel}","templated":true}]}}