{"id":20609,"date":"2021-08-02T13:39:36","date_gmt":"2021-08-02T11:39:36","guid":{"rendered":"https:\/\/www.alarmautomatika.com\/programska-oprema\/absistem-ticketing\/"},"modified":"2022-02-03T10:17:35","modified_gmt":"2022-02-03T09:17:35","slug":"absistem-ticketing","status":"publish","type":"page","link":"https:\/\/www.alarmautomatika.com\/sl\/programska-oprema\/absistem-ticketing\/","title":{"rendered":"ABsistemTicketing"},"content":{"rendered":"<p>[et_pb_section fb_built=&#8221;1&#8243; _builder_version=&#8221;4.9.10&#8243; _module_preset=&#8221;default&#8221; position_origin_f=&#8221;top_center&#8221; vertical_offset=&#8221;-50px&#8221; global_colors_info=&#8221;{}&#8221;][et_pb_row _builder_version=&#8221;4.9.10&#8243; _module_preset=&#8221;default&#8221; vertical_offset=&#8221;0px&#8221; z_index=&#8221;0&#8243; global_colors_info=&#8221;{}&#8221;][et_pb_column type=&#8221;4_4&#8243; _builder_version=&#8221;4.9.10&#8243; _module_preset=&#8221;default&#8221; global_colors_info=&#8221;{}&#8221;][et_pb_text _builder_version=&#8221;4.9.10&#8243; _module_preset=&#8221;default&#8221; header_line_height=&#8221;1.3em&#8221; position_origin_f=&#8221;top_center&#8221; width=&#8221;100%&#8221; global_colors_info=&#8221;{}&#8221;]<\/p>\n<blockquote>\n<h1>Branje in pla\u010devanje vstopnic s kontrolo dostopa ABsistemTicketing<\/h1>\n<\/blockquote>\n<p>[\/et_pb_text][et_pb_text _builder_version=&#8221;4.9.10&#8243; _module_preset=&#8221;default&#8221; global_colors_info=&#8221;{}&#8221;]<em>Hiter in varen vstop na \u0161portne, zabavne ali kulturne prireditve je pomembno merilo, po katerem se obiskovalci odlo\u010dijo ali se bodo dogodka udele\u017eili in kupili vstopnice. To pomeni, da sta upravljanje in nadzor vhoda ter njegovo zara\u010dunavanje pomemben dejavnik pri uspe\u0161nosti delovanja tovrstnih objektov. V ta namen je bila razvita programska oprema za integracijo nadzora dostopa s sistemom ABSistemTicketing za branje online kupljenih vstopnic, njegova razli\u010dica ABSistemTicketingSale, ki omogo\u010da prodajo vstopnic na lokaciji in vstopni samopostre\u017eni terminal SmartKiosk. <\/em><br \/>\n[\/et_pb_text][et_pb_image src=&#8221;https:\/\/www.alarmautomatika.com\/wp-content\/uploads\/2021\/07\/ABSistem-Ticketing-header.jpg&#8221; alt=&#8221;ABsistemTicketing&#8221; _builder_version=&#8221;4.9.10&#8243; _module_preset=&#8221;default&#8221; global_colors_info=&#8221;{}&#8221;][\/et_pb_image][et_pb_text _builder_version=&#8221;4.9.10&#8243; _module_preset=&#8221;default&#8221; global_colors_info=&#8221;{}&#8221;]ABsistemTicketing je programska oprema, ki zdru\u017euje razli\u010dne re\u0161itve za branje vstopnic z nadzorom dostopa do objektov ali dogodkov za katere se vstop zara\u010duna. Njegov namen je upravljanje z vstopi ljudi brez nepotrebnega \u010dakanja in gne\u010de. Najpogosteje se uporablja na stadionih, \u0161portnih in zabavnih objektih, muzejih ter pri ve\u010djih dogodkih na prostem ali v zaprtih prostorih. Omogo\u010da regulacijo vhoda le ob dolo\u010denem \u010dasu in skozi pregrado, ki vodi do kraja (sektorja), za katerega je bila vstopnica kupljena.[\/et_pb_text][\/et_pb_column][\/et_pb_row][et_pb_row column_structure=&#8221;1_2,1_2&#8243; _builder_version=&#8221;4.9.10&#8243; _module_preset=&#8221;default&#8221; global_colors_info=&#8221;{}&#8221;][et_pb_column type=&#8221;1_2&#8243; _builder_version=&#8221;4.9.10&#8243; _module_preset=&#8221;default&#8221; global_colors_info=&#8221;{}&#8221;][et_pb_text _builder_version=&#8221;4.9.10&#8243; _module_preset=&#8221;default&#8221; global_colors_info=&#8221;{}&#8221;]<\/p>\n<h4>Integrirani sistemi in programska oprema<\/h4>\n<ul>\n<li>Spletna online prodaja vstopnic <\/li>\n<li><em>Terminal<\/em> za vstopnice (zdru\u017euje skener \u010drtne kode za branje vstopnic, bralnik brezkontaktnih kartic, krmilnik, komunikacijo IP, zaslon) <\/li>\n<li>Nadzor dostopa (razli\u010dne ovire (bariere) &#8211; visoke, nizke, 3 ali 4 rogelne) <\/li>\n<li>Video nadzor <\/li>\n<li>Programska oprema za vodenje poslovanja uporabnika <\/li>\n<\/ul>\n<p>[\/et_pb_text][\/et_pb_column][et_pb_column type=&#8221;1_2&#8243; _builder_version=&#8221;4.9.10&#8243; _module_preset=&#8221;default&#8221; global_colors_info=&#8221;{}&#8221;][et_pb_text _builder_version=&#8221;4.9.10&#8243; _module_preset=&#8221;default&#8221; global_colors_info=&#8221;{}&#8221;]<\/p>\n<h4>Namen<\/h4>\n<ul>\n<li>Nadzor vhoda <\/li>\n<li>Prepre\u010devanje gne\u010de <\/li>\n<li>Natan\u010dno \u0161tetje prehodov ljudi pri vstopu (obra\u010dalne ovire\/bariere) <\/li>\n<li>Prikaz sporo\u010dil preko zaslona na <em>terminalu<\/em> za vstopnice <\/li>\n<li>Visoka raven varnosti <\/li>\n<\/ul>\n<p>[\/et_pb_text][\/et_pb_column][\/et_pb_row][et_pb_row column_structure=&#8221;1_2,1_2&#8243; _builder_version=&#8221;4.9.10&#8243; _module_preset=&#8221;default&#8221; global_colors_info=&#8221;{}&#8221;][et_pb_column type=&#8221;1_2&#8243; _builder_version=&#8221;4.9.10&#8243; _module_preset=&#8221;default&#8221; global_colors_info=&#8221;{}&#8221;][et_pb_button button_url=&#8221;#ticketing_sale&#8221; url_new_window=&#8221;on&#8221; button_text=&#8221;Pla\u010dilo vstopnic s kontrolo dopstopa ABsistemTicketingSale&#8221; button_alignment=&#8221;center&#8221; disabled_on=&#8221;off|off|off&#8221; _builder_version=&#8221;4.9.10&#8243; _module_preset=&#8221;default&#8221; custom_button=&#8221;on&#8221; button_text_size=&#8221;14px&#8221; button_font=&#8221;|600|||||||&#8221; button_use_icon=&#8221;off&#8221; custom_padding=&#8221;14px|53px|14px|53px|true|true&#8221; global_colors_info=&#8221;{}&#8221;][\/et_pb_button][\/et_pb_column][et_pb_column type=&#8221;1_2&#8243; _builder_version=&#8221;4.9.10&#8243; _module_preset=&#8221;default&#8221; global_colors_info=&#8221;{}&#8221;][et_pb_button button_url=&#8221;#smart_kiosk&#8221; url_new_window=&#8221;on&#8221; button_text=&#8221;Sampostre\u017eni terminal za prodajo in pla\u010dilo vstopnic SmartKiosk&#8221; button_alignment=&#8221;center&#8221; disabled_on=&#8221;off|off|off&#8221; _builder_version=&#8221;4.9.10&#8243; _module_preset=&#8221;default&#8221; custom_button=&#8221;on&#8221; button_text_size=&#8221;14px&#8221; button_font=&#8221;|600|||||||&#8221; button_use_icon=&#8221;off&#8221; custom_padding=&#8221;14px|53px|14px|53px|true|true&#8221; global_colors_info=&#8221;{}&#8221;][\/et_pb_button][\/et_pb_column][\/et_pb_row][et_pb_row module_id=&#8221;ticketing_sale&#8221; _builder_version=&#8221;4.9.10&#8243; _module_preset=&#8221;default&#8221; global_colors_info=&#8221;{}&#8221;][et_pb_column type=&#8221;4_4&#8243; _builder_version=&#8221;4.9.10&#8243; _module_preset=&#8221;default&#8221; global_colors_info=&#8221;{}&#8221;][et_pb_text _builder_version=&#8221;4.9.10&#8243; _module_preset=&#8221;default&#8221; header_line_height=&#8221;1.3em&#8221; global_colors_info=&#8221;{}&#8221;]<\/p>\n<blockquote>\n<h1>Pla\u010dilo vstopnic s kontrolo dopstopa ABsistemTicketingSale<\/h1>\n<\/blockquote>\n<p>[\/et_pb_text][et_pb_image src=&#8221;https:\/\/www.alarmautomatika.com\/wp-content\/uploads\/2021\/07\/ABSistem-Ticketing-Sale-header.jpg&#8221; alt=&#8221;AbsistemTicketingSale&#8221; _builder_version=&#8221;4.9.10&#8243; _module_preset=&#8221;default&#8221; global_colors_info=&#8221;{}&#8221;][\/et_pb_image][et_pb_text _builder_version=&#8221;4.9.10&#8243; _module_preset=&#8221;default&#8221; global_colors_info=&#8221;{}&#8221;]<\/p>\n<p>ABsistemTicketingSale je nadgradnja programske opreme ABSistemTicketing, ki poleg branja vstopnic in nadzora dostopa omogo\u010da tudi pla\u010dilo in tiskanje vstopnic za obiskovalce objekta. <\/p>\n<p>Na voljo sta razli\u010dici pla\u010dila, ki jo lahko izvedejo zaposleni ali samopla\u010dni\u0161ka opcija. Pri obdelavi pla\u010dila vhoda s strani zaposlenih se v blagajno ra\u010dunalnika namesti programska oprema ABSistemTicketingSale.<br \/>\nPoleg \u0161tevila in kategorije (odrasli, otroci itd.) vstopnic je mogo\u010de izbrati raven storitve, ki jo \u017eeli obiskovalec uporabiti (na primer voden ogled, vstop v vse ali samo nekatere prostore) in vrsto ra\u010duna.<br \/>\nNatisnjeni ra\u010dun vsebuje tudi \u010drtno kodo z informacijami o kupljenih storitvah, ki se berejo na terminalih za nadzor dostopa. Razli\u010dica s samopla\u010dilom omogo\u010da, da vsa dejanja, ki jih lahko izvede zaposleni, lahko izvede obiskovalec tudi sam na samopla\u010dni\u0161ki blagajni. Pla\u010dilo je mo\u017eno le z ban\u010dno kartico ali z gotovino.\n<\/p>\n<p>[\/et_pb_text][\/et_pb_column][\/et_pb_row][et_pb_row column_structure=&#8221;1_2,1_2&#8243; _builder_version=&#8221;4.9.10&#8243; _module_preset=&#8221;default&#8221; global_colors_info=&#8221;{}&#8221;][et_pb_column type=&#8221;1_2&#8243; _builder_version=&#8221;4.9.10&#8243; _module_preset=&#8221;default&#8221; global_colors_info=&#8221;{}&#8221;][et_pb_text _builder_version=&#8221;4.9.10&#8243; _module_preset=&#8221;default&#8221; global_colors_info=&#8221;{}&#8221;]<\/p>\n<ul>\n<li>Hitrej\u0161i prehod ljudi na vhodu <\/li>\n<li>Enostavna uporaba za zaposlene <\/li>\n<li>To\u010dna evidenca o prodanih vstopnicah <\/li>\n<li>Integracija z bazo podatkov uporabnikov <\/li>\n<li>Razli\u010dna poro\u010dila in analize <\/li>\n<li>Obiskovalec uporablja samo storitve, ki jih je pla\u010dal <\/li>\n<\/ul>\n<p>[\/et_pb_text][\/et_pb_column][et_pb_column type=&#8221;1_2&#8243; _builder_version=&#8221;4.9.10&#8243; _module_preset=&#8221;default&#8221; global_colors_info=&#8221;{}&#8221;][et_pb_image src=&#8221;https:\/\/www.alarmautomatika.com\/wp-content\/uploads\/2021\/07\/ticketing-sale.png&#8221; alt=&#8221;ABsistemTicketSale&#8221; show_in_lightbox=&#8221;on&#8221; _builder_version=&#8221;4.9.10&#8243; _module_preset=&#8221;default&#8221; global_colors_info=&#8221;{}&#8221;][\/et_pb_image][\/et_pb_column][\/et_pb_row][et_pb_row module_id=&#8221;smart_kiosk&#8221; _builder_version=&#8221;4.9.10&#8243; _module_preset=&#8221;default&#8221; global_colors_info=&#8221;{}&#8221;][et_pb_column type=&#8221;4_4&#8243; _builder_version=&#8221;4.9.10&#8243; _module_preset=&#8221;default&#8221; global_colors_info=&#8221;{}&#8221;][et_pb_text _builder_version=&#8221;4.9.10&#8243; _module_preset=&#8221;default&#8221; header_line_height=&#8221;1.5em&#8221; header_2_line_height=&#8221;1.5em&#8221; global_colors_info=&#8221;{}&#8221;]<\/p>\n<blockquote>\n<h2>Sampostre\u017eni terminal za prodajo in pla\u010dilo vstopnic SmartKiosk<\/h2>\n<\/blockquote>\n<p>[\/et_pb_text][et_pb_image src=&#8221;https:\/\/www.alarmautomatika.com\/wp-content\/uploads\/2021\/07\/ABSistem-SmartKiosk-header.jpg&#8221; alt=&#8221;ABsistemSmartKiosk&#8221; _builder_version=&#8221;4.9.10&#8243; _module_preset=&#8221;default&#8221; global_colors_info=&#8221;{}&#8221;][\/et_pb_image][et_pb_text _builder_version=&#8221;4.9.10&#8243; _module_preset=&#8221;default&#8221; global_colors_info=&#8221;{}&#8221;]SmartKiosk je samopostre\u017eni terminal za branje, prodajo in pla\u010dilo vstopnic. Uporablja se pri vstopninah za objekte, kot so muzeji, turisti\u010dne znamenitosti, zabavi\u0161\u010dni ali vodni parki in podobno. Njegov namen je zagotoviti pla\u010dilo obiska in pospe\u0161iti gibanje ljudi brez dodatnega sodelovanja zaposlenih. SmartKiosk omogo\u010da branje QR kod v naprej pla\u010danih vstopnic, pla\u010dilo preko vgrajenega POS terminala in tiskanje vstopnice. Programska oprema ABsistemTicketing je integrirana s karti\u010dnimi sistemi za brezgotovinsko pla\u010devanje, s spletno online prodajo vstopnic, s standardno prodajo vstopnic in z nadzorom dostopa prek barier (omejilnikov) za vstop.<br \/>\nVsi elementi, vgrajeni v terminal, so namenjeni te\u017ekim delovnim razmeram na prostem in v protivandalski izvedbi, vgrajena UPS naprava pa zagotavlja delovanje naprave tudi v primeru izpada elektri\u010dne energije. [\/et_pb_text][\/et_pb_column][\/et_pb_row][et_pb_row column_structure=&#8221;1_2,1_2&#8243; _builder_version=&#8221;4.9.11&#8243; _module_preset=&#8221;default&#8221; global_colors_info=&#8221;{}&#8221;][et_pb_column type=&#8221;1_2&#8243; _builder_version=&#8221;4.9.11&#8243; _module_preset=&#8221;default&#8221; global_colors_info=&#8221;{}&#8221;][et_pb_text _builder_version=&#8221;4.9.11&#8243; _module_preset=&#8221;default&#8221; global_colors_info=&#8221;{}&#8221;]<\/p>\n<ul>\n<li>Ve\u010djezi\u010dnost <\/li>\n<li>Mo\u017enost izbire na\u010dina pla\u010dila (gotovina ali kartica)<\/li>\n<li>Natan\u010dna evidenca obiskovalcev <\/li>\n<li>Ne zahteva sodelovanja zaposlenih <\/li>\n<li>Zanesljiv nadzor dostopa do objektov <\/li>\n<li>Branje vnaprej kupljenih vstopnic na spletu <\/li>\n<\/ul>\n<p>[\/et_pb_text][\/et_pb_column][et_pb_column type=&#8221;1_2&#8243; _builder_version=&#8221;4.9.11&#8243; _module_preset=&#8221;default&#8221; global_colors_info=&#8221;{}&#8221;][et_pb_text _builder_version=&#8221;4.9.11&#8243; _module_preset=&#8221;default&#8221; global_colors_info=&#8221;{}&#8221;]<\/p>\n<ul>\n<li>Tiskanje vstopnic, kupljenih na spletu <\/li>\n<li>Prikaz informacij in promocijskih sporo\u010dil na zaslonu <\/li>\n<li>Poro\u010dila in analize <\/li>\n<li>Delovanje je zagotovljeno prek UPS-a tudi v primeru izpada elektri\u010dne energije <\/li>\n<li>Protivandalska izvedba<\/li>\n<\/ul>\n<p>[\/et_pb_text][\/et_pb_column][\/et_pb_row][et_pb_row _builder_version=&#8221;4.9.10&#8243; _module_preset=&#8221;default&#8221; global_colors_info=&#8221;{}&#8221;][et_pb_column type=&#8221;4_4&#8243; _builder_version=&#8221;4.9.10&#8243; _module_preset=&#8221;default&#8221; global_colors_info=&#8221;{}&#8221;][et_pb_text _builder_version=&#8221;4.9.11&#8243; _module_preset=&#8221;default&#8221; global_colors_info=&#8221;{}&#8221;]<\/p>\n<p><strong><img loading=\"lazy\" decoding=\"async\" class=\"alignleft wp-image-20818\" src=\"https:\/\/www.alarmautomatika.com\/wp-content\/uploads\/2021\/08\/ABsistemSmartKiosk-178x300.jpg\" alt=\"ABsistemSmartKiosk\" width=\"300\" height=\"505\" srcset=\"https:\/\/www.alarmautomatika.com\/wp-content\/uploads\/2021\/08\/ABsistemSmartKiosk-178x300.jpg 178w, https:\/\/www.alarmautomatika.com\/wp-content\/uploads\/2021\/08\/ABsistemSmartKiosk.jpg 445w\" sizes=\"(max-width: 300px) 100vw, 300px\" \/><\/strong><\/p>\n<p><strong>1.<\/strong> <strong>Zaslon za izbiro vrste vstopnice <\/strong><br \/>Vrsta vstopnice se izbira na 19 -pal\u010dnem zaslonu na dotik. Obiskovalci lahko trenutno izbirajo med devetimi jeziki prikaza.<\/p>\n<p><strong>2. Unattended POS naprava<\/strong><br \/>Naprava POS brez nadzora je sestavljena iz brezkontaktnega bralnika kartic, re\u017ee za kartice in tipkovnice. Uporablja se stopnja za\u0161\u010dite transakcij, ki se uporablja tudi na bankomatih in je bila potrjena s strani Erste Card Club d.o.o.<\/p>\n<p><strong>3.<\/strong> <strong>\u010citalnik \u010drtne kode <\/strong><br \/>Vgrajen skener \u010drtne kode vam omogo\u010da branje bonov in tiskanje vstopnic. To funkcijo najpogosteje uporabljajo potovalne agencije, ki gostom vnaprej zara\u010dunavajo vstopnice. <\/p>\n<p><strong>4.<\/strong><strong>Termi\u010dni tiskalnik<\/strong><br \/>Za tiskanje vstopnic in ra\u010dunov se uporablja termi\u010dni tiskalnik.<\/p>\n<p><strong>5.<\/strong><strong>Zaslon za ogla\u0161evanje <\/strong><br \/>Dodatni zaslon velikosti 22\u02dd se uporablja za prikaz navodil, opozoril in oglasov dodatne ponudbe za obiskovalce. Zaslon se upravlja preko spleta, zato je vsebino enostavno prilagoditi. <\/p>\n<p>[\/et_pb_text][\/et_pb_column][\/et_pb_row][\/et_pb_section]<\/p>\n","protected":false},"excerpt":{"rendered":"<p>Branje in pla\u010devanje vstopnic s kontrolo dostopa ABsistemTicketing Hiter in varen vstop na \u0161portne, zabavne ali kulturne prireditve je pomembno merilo, po katerem se obiskovalci odlo\u010dijo ali se bodo dogodka udele\u017eili in kupili vstopnice. To pomeni, da sta upravljanje in nadzor vhoda ter njegovo zara\u010dunavanje pomemben dejavnik pri uspe\u0161nosti delovanja tovrstnih objektov. V ta namen [&hellip;]<\/p>\n","protected":false},"author":15,"featured_media":0,"parent":4863,"menu_order":0,"comment_status":"closed","ping_status":"closed","template":"","meta":{"_et_pb_use_builder":"on","_et_pb_old_content":"","_et_gb_content_width":"","footnotes":""},"class_list":["post-20609","page","type-page","status-publish","hentry"],"_links":{"self":[{"href":"https:\/\/www.alarmautomatika.com\/sl\/wp-json\/wp\/v2\/pages\/20609","targetHints":{"allow":["GET"]}}],"collection":[{"href":"https:\/\/www.alarmautomatika.com\/sl\/wp-json\/wp\/v2\/pages"}],"about":[{"href":"https:\/\/www.alarmautomatika.com\/sl\/wp-json\/wp\/v2\/types\/page"}],"author":[{"embeddable":true,"href":"https:\/\/www.alarmautomatika.com\/sl\/wp-json\/wp\/v2\/users\/15"}],"replies":[{"embeddable":true,"href":"https:\/\/www.alarmautomatika.com\/sl\/wp-json\/wp\/v2\/comments?post=20609"}],"version-history":[{"count":0,"href":"https:\/\/www.alarmautomatika.com\/sl\/wp-json\/wp\/v2\/pages\/20609\/revisions"}],"up":[{"embeddable":true,"href":"https:\/\/www.alarmautomatika.com\/sl\/wp-json\/wp\/v2\/pages\/4863"}],"wp:attachment":[{"href":"https:\/\/www.alarmautomatika.com\/sl\/wp-json\/wp\/v2\/media?parent=20609"}],"curies":[{"name":"wp","href":"https:\/\/api.w.org\/{rel}","templated":true}]}}