{"id":20627,"date":"2021-08-03T09:12:49","date_gmt":"2021-08-03T07:12:49","guid":{"rendered":"https:\/\/www.alarmautomatika.com\/programska-oprema\/absistem-green\/"},"modified":"2022-02-03T10:17:32","modified_gmt":"2022-02-03T09:17:32","slug":"absistem-green","status":"publish","type":"page","link":"https:\/\/www.alarmautomatika.com\/sl\/programska-oprema\/absistem-green\/","title":{"rendered":"ABsistemGreen"},"content":{"rendered":"<p>[et_pb_section fb_built=&#8221;1&#8243; _builder_version=&#8221;4.9.10&#8243; _module_preset=&#8221;default&#8221; vertical_offset=&#8221;-65px&#8221; global_colors_info=&#8221;{}&#8221;][et_pb_row _builder_version=&#8221;4.9.10&#8243; _module_preset=&#8221;default&#8221; z_index=&#8221;0&#8243; global_colors_info=&#8221;{}&#8221;][et_pb_column type=&#8221;4_4&#8243; _builder_version=&#8221;4.9.10&#8243; _module_preset=&#8221;default&#8221; global_colors_info=&#8221;{}&#8221;][et_pb_text _builder_version=&#8221;4.9.10&#8243; _module_preset=&#8221;default&#8221; text_letter_spacing=&#8221;1px&#8221; header_line_height=&#8221;1.3em&#8221; header_2_line_height=&#8221;1.3em&#8221; global_colors_info=&#8221;{}&#8221;]<\/p>\n<blockquote>\n<h2>Programska oprema ABsistemGreen  za integracijo kontrole dostopa, identifikacije, tehtanja in tiskanja dokumentov na pretovornih postajah<\/h2>\n<\/blockquote>\n<p>[\/et_pb_text][et_pb_text _builder_version=&#8221;4.9.10&#8243; _module_preset=&#8221;default&#8221; global_colors_info=&#8221;{}&#8221;]<\/p>\n<p><em>Pretovorne postaje so izpostavljene \u0161tevilnim tveganjem v primeru vstopa neznanih vozil in voznikov ter pretovarjanja neznanega tovora. Programska oprema ABsistemGreen omogo\u010da varnej\u0161i in samodejno zabele\u017een promet skozi postaje za pretovarjanje. <\/em><\/p>\n<p>[\/et_pb_text][et_pb_image src=&#8221;https:\/\/www.alarmautomatika.com\/wp-content\/uploads\/2021\/07\/ABSistem-Green-header.jpg&#8221; alt=&#8221;ABsistemGreen&#8221; _builder_version=&#8221;4.9.10&#8243; _module_preset=&#8221;default&#8221; global_colors_info=&#8221;{}&#8221;][\/et_pb_image][et_pb_text _builder_version=&#8221;4.9.10&#8243; _module_preset=&#8221;default&#8221; global_colors_info=&#8221;{}&#8221;]<\/p>\n<p>ABsistemGreen je programska oprema za upravljanje z integriranimi sistemi za nadzor dostopa na pretovornih postajah, tehtanjih vozil, prepoznavanjih registrskih tablic vozila, zapornicah z induktivnimi zankami, signalnimi lu\u010dmi in programsko opremo za tiskanje dokumentov.<br \/>\nABSistemGreen se uporablja na pretovornih postajah in odlagali\u0161\u010dih, kjer sta potrebna identifikacija vozila in tehtanje tovora, ne glede na vrsto tovora in je integriran z informacijskimi sistemi za tiskanje sorodnih dokumentov.\n<\/p>\n<p>[\/et_pb_text][\/et_pb_column][\/et_pb_row][et_pb_row _builder_version=&#8221;4.9.10&#8243; _module_preset=&#8221;default&#8221; global_colors_info=&#8221;{}&#8221;][et_pb_column type=&#8221;4_4&#8243; _builder_version=&#8221;4.9.10&#8243; _module_preset=&#8221;default&#8221; global_colors_info=&#8221;{}&#8221;][et_pb_text _builder_version=&#8221;4.9.10&#8243; _module_preset=&#8221;default&#8221; text_font_size=&#8221;15px&#8221; text_line_height=&#8221;1.3em&#8221; header_2_line_height=&#8221;1.3em&#8221; width=&#8221;75%&#8221; global_colors_info=&#8221;{}&#8221;]<\/p>\n<h4>Funkcije<\/h4>\n<ul>\n<li>Hitrej\u0161i, varnej\u0161i in samodejno nadzorovan promet vozil skozi pretovorne postaje <\/li>\n<li>Prepre\u010ditev manipulacij s podatki in dokumenti <\/li>\n<li>Identifikacija voznika s karticami za nadzor dostopa <\/li>\n<li>Identifikacija vozila z LPR kamerami <\/li>\n<li>Vklju\u010ditev v sistem semaforjev, ki signalizira dovoljen dostop <\/li>\n<li>Samodejno dviganje in spu\u0161\u010danje klan\u010din za dostop <\/li>\n<li>Samodejno bele\u017eenje podatkov o vozniku in vozilu v bazi podatkov, ki jo je mogo\u010de pregledovati <\/li>\n<li>Samodejno bele\u017eenje podatkov o te\u017ei vozila, izmerjenih na tehtnici pri vstopu in izstopu <\/li>\n<li>Samodejno tiskanje zahtevanih dokumentov na izhodu (podatki o vozilu, vozniku, te\u017ei vozila pri vstopu in izstopu) <\/li>\n<\/ul>\n<p>[\/et_pb_text][\/et_pb_column][\/et_pb_row][et_pb_row column_structure=&#8221;1_2,1_2&#8243; _builder_version=&#8221;4.9.10&#8243; _module_preset=&#8221;default&#8221; global_colors_info=&#8221;{}&#8221;][et_pb_column type=&#8221;1_2&#8243; _builder_version=&#8221;4.9.10&#8243; _module_preset=&#8221;default&#8221; global_colors_info=&#8221;{}&#8221;][et_pb_text _builder_version=&#8221;4.9.10&#8243; _module_preset=&#8221;default&#8221; text_font_size=&#8221;15px&#8221; global_colors_info=&#8221;{}&#8221;]<\/p>\n<h4>Integrirani sistemi in programska oprema<\/h4>\n<ul>\n<li>Nadzor dostopa voznika preko \u010ditalnika kontrole dostopa <\/li>\n<li>Nadzor dostopa vozila preko LPR kamer <\/li>\n<li>Semaforji za signalizacijo <\/li>\n<li>Mostne tehtnice <\/li>\n<li>Programska oprema za tiskanje dokumentov <\/li>\n<\/ul>\n<p>[\/et_pb_text][\/et_pb_column][et_pb_column type=&#8221;1_2&#8243; _builder_version=&#8221;4.9.10&#8243; _module_preset=&#8221;default&#8221; global_colors_info=&#8221;{}&#8221;][et_pb_video src=&#8221;https:\/\/www.youtube.com\/watch?v=ydoYpl_74jc&#8221; _builder_version=&#8221;4.9.10&#8243; _module_preset=&#8221;default&#8221; vertical_offset=&#8221;0px&#8221; horizontal_offset=&#8221;0px&#8221; width=&#8221;100%&#8221; global_colors_info=&#8221;{}&#8221;][\/et_pb_video][\/et_pb_column][\/et_pb_row][\/et_pb_section]<\/p>\n","protected":false},"excerpt":{"rendered":"<p>Programska oprema ABsistemGreen za integracijo kontrole dostopa, identifikacije, tehtanja in tiskanja dokumentov na pretovornih postajah Pretovorne postaje so izpostavljene \u0161tevilnim tveganjem v primeru vstopa neznanih vozil in voznikov ter pretovarjanja neznanega tovora. Programska oprema ABsistemGreen omogo\u010da varnej\u0161i in samodejno zabele\u017een promet skozi postaje za pretovarjanje. ABsistemGreen je programska oprema za upravljanje z integriranimi sistemi za [&hellip;]<\/p>\n","protected":false},"author":15,"featured_media":0,"parent":4863,"menu_order":0,"comment_status":"closed","ping_status":"closed","template":"","meta":{"_et_pb_use_builder":"on","_et_pb_old_content":"","_et_gb_content_width":"","footnotes":""},"class_list":["post-20627","page","type-page","status-publish","hentry"],"_links":{"self":[{"href":"https:\/\/www.alarmautomatika.com\/sl\/wp-json\/wp\/v2\/pages\/20627","targetHints":{"allow":["GET"]}}],"collection":[{"href":"https:\/\/www.alarmautomatika.com\/sl\/wp-json\/wp\/v2\/pages"}],"about":[{"href":"https:\/\/www.alarmautomatika.com\/sl\/wp-json\/wp\/v2\/types\/page"}],"author":[{"embeddable":true,"href":"https:\/\/www.alarmautomatika.com\/sl\/wp-json\/wp\/v2\/users\/15"}],"replies":[{"embeddable":true,"href":"https:\/\/www.alarmautomatika.com\/sl\/wp-json\/wp\/v2\/comments?post=20627"}],"version-history":[{"count":0,"href":"https:\/\/www.alarmautomatika.com\/sl\/wp-json\/wp\/v2\/pages\/20627\/revisions"}],"up":[{"embeddable":true,"href":"https:\/\/www.alarmautomatika.com\/sl\/wp-json\/wp\/v2\/pages\/4863"}],"wp:attachment":[{"href":"https:\/\/www.alarmautomatika.com\/sl\/wp-json\/wp\/v2\/media?parent=20627"}],"curies":[{"name":"wp","href":"https:\/\/api.w.org\/{rel}","templated":true}]}}