{"id":20636,"date":"2021-08-02T13:02:04","date_gmt":"2021-08-02T11:02:04","guid":{"rendered":"https:\/\/www.alarmautomatika.com\/programska-oprema\/absistem-interlock\/"},"modified":"2022-02-03T10:17:38","modified_gmt":"2022-02-03T09:17:38","slug":"absistem-interlock","status":"publish","type":"page","link":"https:\/\/www.alarmautomatika.com\/sl\/programska-oprema\/absistem-interlock\/","title":{"rendered":"ABsistemInterlock"},"content":{"rendered":"<p>[et_pb_section fb_built=&#8221;1&#8243; _builder_version=&#8221;4.9.10&#8243; _module_preset=&#8221;default&#8221; vertical_offset=&#8221;-70px&#8221; global_colors_info=&#8221;{}&#8221;][et_pb_row _builder_version=&#8221;4.9.10&#8243; _module_preset=&#8221;default&#8221; global_colors_info=&#8221;{}&#8221;][et_pb_column type=&#8221;4_4&#8243; _builder_version=&#8221;4.9.10&#8243; _module_preset=&#8221;default&#8221; global_colors_info=&#8221;{}&#8221;][et_pb_text _builder_version=&#8221;4.9.10&#8243; _module_preset=&#8221;default&#8221; header_line_height=&#8221;1.3em&#8221; global_colors_info=&#8221;{}&#8221;]<\/p>\n<blockquote>\n<h1>Daljinsko upravljanje in nadzor interlock kabin ABsistemInterlock<\/h1>\n<\/blockquote>\n<p>[\/et_pb_text][et_pb_text _builder_version=&#8221;4.9.10&#8243; _module_preset=&#8221;default&#8221; global_colors_info=&#8221;{}&#8221;]<\/p>\n<p><em>Zaradi visoke u\u010dinkovitosti pri prepre\u010devanju zlonamernih napadov se kabine za zaklepanje vse pogosteje uporabljajo za nadzor vhoda v javne in poslovne objekte, zlasti tiste v katerih obstaja pove\u010dano tveganje ropa ali teroristi\u010dnega napada. Balisti\u010dno odporne kabine se uporabljajo na vhodih v objekte z visokim tveganjem. <\/em><\/p>\n<p>[\/et_pb_text][et_pb_image src=&#8221;https:\/\/www.alarmautomatika.com\/wp-content\/uploads\/2021\/08\/ABSistem-Interlock-header.jpg&#8221; alt=&#8221;ABsistemInterlock Header&#8221; _builder_version=&#8221;4.9.10&#8243; _module_preset=&#8221;default&#8221; global_colors_info=&#8221;{}&#8221;][\/et_pb_image][et_pb_text _builder_version=&#8221;4.9.10&#8243; _module_preset=&#8221;default&#8221; global_colors_info=&#8221;{}&#8221;]<\/p>\n<p>ABsistemInterlock je programska oprema, ki omogo\u010da spremljanje ter lokalno in daljinsko upravljanje zaklenjenih kabin. Lokalno se kabine upravljajo s krmilnikom za odpiranje in zapiranje vrat. S kabino lahko zaposleni upravljajo samodejno ali ro\u010dno, tako da lahko samoiniciativno blokirajo sumljivo osebo v kabini in preverijo njene namere. <\/p>\n<p> [\/et_pb_text][et_pb_text _builder_version=&#8221;4.9.10&#8243; _module_preset=&#8221;default&#8221; global_colors_info=&#8221;{}&#8221;]<\/p>\n<p>Programska oprema ABSistemInterlock omogo\u010da tudi daljinsko spremljanje in upravljanje kabin na oddaljenih lokacijah v realnem \u010dasu. Upravljavec v osrednjem nadzornem centru vidi informacije o stanju vsake posamezne kabine v sistemu (odprto, zaprto, v alarmu, blokirano). Na ta na\u010din se lahko hitro odzove na vse okvare in zagotovi, da so kontrole dostopa preko interlock kabin vedno popolnoma funkcionalne. <\/p>\n<p>[\/et_pb_text][\/et_pb_column][\/et_pb_row][et_pb_row column_structure=&#8221;1_2,1_2&#8243; _builder_version=&#8221;4.9.10&#8243; _module_preset=&#8221;default&#8221; global_colors_info=&#8221;{}&#8221;][et_pb_column type=&#8221;1_2&#8243; _builder_version=&#8221;4.9.10&#8243; _module_preset=&#8221;default&#8221; global_colors_info=&#8221;{}&#8221;][et_pb_text _builder_version=&#8221;4.9.10&#8243; _module_preset=&#8221;default&#8221; global_colors_info=&#8221;{}&#8221;]<\/p>\n<ul>\n<li>Lokalno upravljanje s kabinami<\/li>\n<li>Samodejni in ro\u010dni na\u010din <\/li>\n<li>Hiter odziv osebja na zaznano nevarnost <\/li>\n<li>Daljinski nadzor &#8211; nadzorni center spremlja stanje kabin, alarme, poskuse vlomov, zaklepanje zunaj delovnega \u010dasa <\/li>\n<li>Upravljanje z dislociranimi kabinami iz nadzornega centra <\/li>\n<li>Odkrivanje nepravilnosti v delovanju na daljavo <\/li>\n<\/ul>\n<p>[\/et_pb_text][\/et_pb_column][et_pb_column type=&#8221;1_2&#8243; _builder_version=&#8221;4.9.10&#8243; _module_preset=&#8221;default&#8221; global_colors_info=&#8221;{}&#8221;][et_pb_image src=&#8221;https:\/\/www.alarmautomatika.com\/wp-content\/uploads\/2021\/08\/Interlock-monitor-1.png&#8221; alt=&#8221;ABsistemInterlocking map&#8221; _builder_version=&#8221;4.10.2&#8243; _module_preset=&#8221;default&#8221; global_colors_info=&#8221;{}&#8221;][\/et_pb_image][\/et_pb_column][\/et_pb_row][\/et_pb_section]<\/p>\n","protected":false},"excerpt":{"rendered":"<p>Daljinsko upravljanje in nadzor interlock kabin ABsistemInterlock Zaradi visoke u\u010dinkovitosti pri prepre\u010devanju zlonamernih napadov se kabine za zaklepanje vse pogosteje uporabljajo za nadzor vhoda v javne in poslovne objekte, zlasti tiste v katerih obstaja pove\u010dano tveganje ropa ali teroristi\u010dnega napada. Balisti\u010dno odporne kabine se uporabljajo na vhodih v objekte z visokim tveganjem. ABsistemInterlock je programska [&hellip;]<\/p>\n","protected":false},"author":15,"featured_media":0,"parent":4863,"menu_order":0,"comment_status":"closed","ping_status":"closed","template":"","meta":{"_et_pb_use_builder":"on","_et_pb_old_content":"","_et_gb_content_width":"","footnotes":""},"class_list":["post-20636","page","type-page","status-publish","hentry"],"_links":{"self":[{"href":"https:\/\/www.alarmautomatika.com\/sl\/wp-json\/wp\/v2\/pages\/20636","targetHints":{"allow":["GET"]}}],"collection":[{"href":"https:\/\/www.alarmautomatika.com\/sl\/wp-json\/wp\/v2\/pages"}],"about":[{"href":"https:\/\/www.alarmautomatika.com\/sl\/wp-json\/wp\/v2\/types\/page"}],"author":[{"embeddable":true,"href":"https:\/\/www.alarmautomatika.com\/sl\/wp-json\/wp\/v2\/users\/15"}],"replies":[{"embeddable":true,"href":"https:\/\/www.alarmautomatika.com\/sl\/wp-json\/wp\/v2\/comments?post=20636"}],"version-history":[{"count":0,"href":"https:\/\/www.alarmautomatika.com\/sl\/wp-json\/wp\/v2\/pages\/20636\/revisions"}],"up":[{"embeddable":true,"href":"https:\/\/www.alarmautomatika.com\/sl\/wp-json\/wp\/v2\/pages\/4863"}],"wp:attachment":[{"href":"https:\/\/www.alarmautomatika.com\/sl\/wp-json\/wp\/v2\/media?parent=20636"}],"curies":[{"name":"wp","href":"https:\/\/api.w.org\/{rel}","templated":true}]}}