{"id":23374,"date":"2021-09-10T13:26:11","date_gmt":"2021-09-10T11:26:11","guid":{"rendered":"https:\/\/www.alarmautomatika.com\/adria-security-summit-2021\/"},"modified":"2021-10-05T14:35:30","modified_gmt":"2021-10-05T12:35:30","slug":"adria-security-2021-summit","status":"publish","type":"page","link":"https:\/\/www.alarmautomatika.com\/sl\/adria-security-2021-summit\/","title":{"rendered":"Adria Security Summit 2021"},"content":{"rendered":"<p>[et_pb_section fb_built=&#8221;1&#8243; _builder_version=&#8221;4.11.1&#8243; _module_preset=&#8221;default&#8221; hover_enabled=&#8221;0&#8243; global_colors_info=&#8221;{}&#8221; vertical_offset=&#8221;-65px&#8221; sticky_enabled=&#8221;0&#8243;][et_pb_row _builder_version=&#8221;4.10.8&#8243; _module_preset=&#8221;default&#8221; global_colors_info=&#8221;{}&#8221;][et_pb_column type=&#8221;4_4&#8243; _builder_version=&#8221;4.10.8&#8243; _module_preset=&#8221;default&#8221; global_colors_info=&#8221;{}&#8221;][et_pb_text _builder_version=&#8221;4.10.7&#8243; _module_preset=&#8221;default&#8221; header_letter_spacing=&#8221;1px&#8221; header_line_height=&#8221;1.3em&#8221; global_colors_info=&#8221;{}&#8221;]<\/p>\n<blockquote>\n<h1>Predstavitve programskih re\u0161itev centralizacije in integracije \u2013 napredne funkcije in primeri aplikacij<\/h1>\n<\/blockquote>\n<p>[\/et_pb_text][et_pb_text _builder_version=&#8221;4.10.8&#8243; _module_preset=&#8221;default&#8221; header_font=&#8221;||||||||&#8221; header_line_height=&#8221;1.5em&#8221; header_4_text_align=&#8221;left&#8221; header_4_line_height=&#8221;1.5em&#8221; custom_margin=&#8221;||||false|false&#8221; custom_padding=&#8221;20px||||false|false&#8221; global_colors_info=&#8221;{}&#8221;]<\/p>\n<h4>Adria Security Summit 2021., Beograd, 13.10.2021.<\/h4>\n<p><em>Alarm automatika tudi to leto sodeluje na Adria Security Summitu, najve\u010djemu dogodku v varnostni industriji v regiji. Novosti v ponudbi Alarm automatike in na\u0161ih dolgoletnih dobaviteljev bomo predstavili v razstavnem delu Summita, izku\u0161nje pri delu in strategijo nadaljnjega razvoja pa \u010dez predstavitveni in konferen\u010dni del.<\/em><\/p>\n<p>[\/et_pb_text][et_pb_image src=&#8221;https:\/\/www.alarmautomatika.com\/wp-content\/uploads\/2021\/09\/banner-poziv-summit-slo.jpg&#8221; alt=&#8221;Adria Security Summit 2021&#8243; align=&#8221;center&#8221; _builder_version=&#8221;4.10.7&#8243; _module_preset=&#8221;default&#8221; global_colors_info=&#8221;{}&#8221;][\/et_pb_image][et_pb_text _builder_version=&#8221;4.10.8&#8243; _module_preset=&#8221;default&#8221; header_line_height=&#8221;1.5em&#8221; header_4_line_height=&#8221;1.5em&#8221; global_colors_info=&#8221;{}&#8221;]<\/p>\n<p>Predstavitev Alarm automatike je namenjena re\u0161itvam programske centralizacije in integracije, katere nenehno razvijamo v skladu z tehnolo\u0161kimi inovacijami in zahtevami uporabnikov. Na\u0161e re\u0161itve bomo predstavili skozi tri predstavitve, katere bodo usmerjene na teme, ki so v fokusu interesov kon\u010dnih uporabnikov: centraliziran sprejem signala alarma iz dislociranih objektov, medsebojna integracija sistemov tehni\u010dne za\u0161\u010dite na objektih in integracija tehni\u010dnih sestavov z programsko opremo za vodenje podjetij.<\/p>\n<p>[\/et_pb_text][\/et_pb_column][\/et_pb_row][et_pb_row column_structure=&#8221;1_2,1_2&#8243; _builder_version=&#8221;4.10.8&#8243; _module_preset=&#8221;default&#8221; global_colors_info=&#8221;{}&#8221;][et_pb_column type=&#8221;1_2&#8243; _builder_version=&#8221;4.10.8&#8243; _module_preset=&#8221;default&#8221; global_colors_info=&#8221;{}&#8221;][et_pb_text _builder_version=&#8221;4.10.8&#8243; _module_preset=&#8221;default&#8221; global_colors_info=&#8221;{}&#8221;]<\/p>\n<p><strong>Uvodno predavanje<\/strong><br \/>Dojavni i nadzorni centri budu\u0107nosti<br \/>Boris Popovi\u0107, CEO<\/p>\n<p><strong>13.10.2021.<\/strong><br \/><strong>10:45-11:10<\/strong><\/p>\n<p>Glavna konferencijska dvorana<\/p>\n<p>[\/et_pb_text][\/et_pb_column][et_pb_column type=&#8221;1_2&#8243; _builder_version=&#8221;4.10.8&#8243; _module_preset=&#8221;default&#8221; global_colors_info=&#8221;{}&#8221;][et_pb_text _builder_version=&#8221;4.10.8&#8243; _module_preset=&#8221;default&#8221; global_colors_info=&#8221;{}&#8221;]<\/p>\n<p><strong>Case Study<\/strong><br \/>Integrirano rje\u0161enje za\u0161tite Infobip kampusa Alpha Centauri<br \/>Miroslav \u0106iri\u0107, direktor projektne prodaje<\/p>\n<p><strong>14.10.2021.<\/strong><br \/><strong>13:15-13:30<\/strong><\/p>\n<p>Glavna konferencijska dvorana<\/p>\n<p>[\/et_pb_text][\/et_pb_column][\/et_pb_row][et_pb_row _builder_version=&#8221;4.10.6&#8243; _module_preset=&#8221;default&#8221; vertical_offset=&#8221;-50px&#8221; global_colors_info=&#8221;{}&#8221;][et_pb_column type=&#8221;4_4&#8243; _builder_version=&#8221;4.10.6&#8243; _module_preset=&#8221;default&#8221; global_colors_info=&#8221;{}&#8221;][et_pb_divider color=&#8221;#D7D7D7&#8243; divider_style=&#8221;dotted&#8221; divider_position=&#8221;center&#8221; divider_weight=&#8221;2px&#8221; _builder_version=&#8221;4.10.7&#8243; _module_preset=&#8221;default&#8221; background_color=&#8221;RGBA(0,0,0,0)&#8221; global_colors_info=&#8221;{}&#8221;][\/et_pb_divider][et_pb_text _builder_version=&#8221;4.10.8&#8243; _module_preset=&#8221;default&#8221; global_colors_info=&#8221;{}&#8221;]<\/p>\n<blockquote>\n<h3>Raspored prezentacija<\/h3>\n<\/blockquote>\n<p>Vse predstavitve bodo potekale v sklopu Adria Security Summita, 13.10.201 v popoldanskih urah, v dvorani Pink Panter konferen\u010dnega centra BELEXPOCENTAR, v hotelu Holiday Inn, Beograd.<\/p>\n<p>[\/et_pb_text][et_pb_text _builder_version=&#8221;4.10.7&#8243; _module_preset=&#8221;default&#8221; custom_margin=&#8221;0px||||false|false&#8221; custom_padding=&#8221;0px||||false|false&#8221; border_radii=&#8221;on|1px|1px|1px|1px&#8221; border_width_all=&#8221;7px&#8221; border_color_all=&#8221;#8CC89B&#8221; global_colors_info=&#8221;{}&#8221;]<\/p>\n<h4><img loading=\"lazy\" decoding=\"async\" class=\"wp-image-23404 size-full alignleft\" src=\"https:\/\/www.alarmautomatika.com\/wp-content\/uploads\/2021\/09\/slicica-ass2021.png\" alt=\"ABsistemDCi\" width=\"294\" height=\"134\" \/><\/h4>\n<h4>Centralizacija alarmnih in videonadzornih sistemov s programsko opremo ABSistemDC(NG)v2 s primeri<\/h4>\n<p>[\/et_pb_text][et_pb_text _builder_version=&#8221;4.10.7&#8243; _module_preset=&#8221;default&#8221; link_font=&#8221;|700|||||||&#8221; header_line_height=&#8221;1.5em&#8221; header_4_line_height=&#8221;1.5em&#8221; custom_margin=&#8221;5px||||false|false&#8221; custom_padding=&#8221;5px||||false|false&#8221; border_color_all=&#8221;#33A44D&#8221; global_colors_info=&#8221;{}&#8221;]<\/p>\n<p>Na predstavitvi bo prikazano kako ABSistemDC(NG)v2 programska oprema za centraliziran sprejem in obdelavo alarmnih dogodkov spremlja tehnolo\u0161ke spremembe in nove zahteve uporabnikov storitev klicnega centra za opozarjanje. Namenjena je predvsem upravljalcem klicnih centrov in izvajalcem tehni\u010dne za\u0161\u010dite, obstoje\u010dim in potencialnim uporabnikom ABSistemDC(NG)v2 programske opreme ter kon\u010dnim uporabnikom njihovih storitev. Udele\u017eenci bodo informirani o novih funkcionalnostih programske opreme ABSistemDC(NG)v2, katera omogo\u010da oblikovanje in ponudbo novih storitev, opisanih pa bo tudi nekaj novej\u0161ih primerov izvajanja.<\/p>\n<p>&nbsp;<\/p>\n<ul>\n<li style=\"list-style-type: none;\">\n<ul>\n<li style=\"list-style-type: none;\">\n<ul>\n<li>ABsistemDC(NG)v2 programska oprema za sprejem in obdelavo alarmnih signalov v alarmnih centrih <img loading=\"lazy\" decoding=\"async\" class=\"wp-image-23451 size-medium alignright\" src=\"https:\/\/www.alarmautomatika.com\/wp-content\/uploads\/2021\/09\/ABSistem_DCNGv2_logo-300x35.png\" alt=\"\" width=\"300\" height=\"35\" srcset=\"https:\/\/www.alarmautomatika.com\/wp-content\/uploads\/2021\/09\/ABSistem_DCNGv2_logo-300x35.png 300w, https:\/\/www.alarmautomatika.com\/wp-content\/uploads\/2021\/09\/ABSistem_DCNGv2_logo.png 427w\" sizes=\"(max-width: 300px) 100vw, 300px\" \/><\/li>\n<li style=\"text-align: left;\">Razli\u010dica programske opreme v oblaku za manj\u0161e klicne centre<\/li>\n<li>Video preverjanje alarmnih signalov<\/li>\n<li>Foto preverjanje preko Ajax MotioCam detektorja<\/li>\n<li>Spletni nadzor varnostnikov v realnem \u010dasu<\/li>\n<li>Centralni tehni\u010dni nadzor za stalen vpogled v stanje za\u0161\u010ditenega sistema<\/li>\n<li>Centri za po\u017earni alarm<\/li>\n<li>DVC video nadzorni centri<\/li>\n<\/ul>\n<\/li>\n<\/ul>\n<\/li>\n<\/ul>\n<p>[\/et_pb_text][et_pb_button button_url=&#8221;https:\/\/docs.google.com\/forms\/d\/e\/1FAIpQLScH9RVX9qfYqG_DR8UcQaWfd2GB4H-nmeR_3wlQk0mMH5czhg\/viewform&#8221; url_new_window=&#8221;on&#8221; button_text=&#8221;Prijavnica&#8221; button_alignment=&#8221;center&#8221; disabled_on=&#8221;off|off|off&#8221; _builder_version=&#8221;4.10.7&#8243; _module_preset=&#8221;default&#8221; custom_button=&#8221;on&#8221; button_text_size=&#8221;14px&#8221; button_font=&#8221;|600|||||||&#8221; button_use_icon=&#8221;off&#8221; custom_padding=&#8221;14px|53px|14px|53px|true|true&#8221; global_colors_info=&#8221;{}&#8221;][\/et_pb_button][et_pb_divider color=&#8221;#D7D7D7&#8243; divider_style=&#8221;dotted&#8221; divider_position=&#8221;center&#8221; divider_weight=&#8221;2px&#8221; _builder_version=&#8221;4.10.7&#8243; _module_preset=&#8221;default&#8221; background_color=&#8221;RGBA(0,0,0,0)&#8221; global_colors_info=&#8221;{}&#8221;][\/et_pb_divider][et_pb_text _builder_version=&#8221;4.10.7&#8243; _module_preset=&#8221;default&#8221; header_line_height=&#8221;1.4em&#8221; custom_margin=&#8221;0px||||false|false&#8221; custom_padding=&#8221;0px||||false|false&#8221; border_radii=&#8221;on|1px|1px|1px|1px&#8221; border_width_all=&#8221;6px&#8221; border_color_all=&#8221;#8CC89B&#8221; global_colors_info=&#8221;{}&#8221;]<\/p>\n<h4><img loading=\"lazy\" decoding=\"async\" class=\"wp-image-23412 size-full alignleft\" src=\"https:\/\/www.alarmautomatika.com\/wp-content\/uploads\/2021\/09\/slicica-ass2021-2.png\" alt=\"\" width=\"294\" height=\"134\" \/><\/h4>\n<h4>Integracija varnostnih re\u0161itev z varnostnimi in BMS sistemi preko ABsistemDCi programske opreme z primeri<\/h4>\n<p>[\/et_pb_text][et_pb_text _builder_version=&#8221;4.10.7&#8243; _module_preset=&#8221;default&#8221; link_font=&#8221;|700|||||||&#8221; header_line_height=&#8221;1.5em&#8221; header_4_line_height=&#8221;1.5em&#8221; global_colors_info=&#8221;{}&#8221;]<\/p>\n<p>Varnostni sestavi na objektih se vgrajujejo za zagotavljanje usklajenosti funkcij detekcije in javljanja po\u017eara, ter varne evakuacije ljudi. Na predstavitvi bo prikazano kak\u0161ne so karakteristike opreme, posebno protipo\u017earnih central, ki so klju\u010dne za uspe\u0161no integracijo. Poudarjene bodo prednosti integracije preko ABsistemDCi programske opreme, ki omogo\u010da nadzor in upravljanje integriranih sistemov z enim vmesnikom, ter nadaljno integracijo varnostnih sistemov in BMS sistema na objektu. Predstavitev je predvsem namenjena elektro projektantom in sistemskim integratorjem, pa tudi kon\u010dnim uporabnikom, ki morajo imeti varnostne sisteme v svojih objektih zasnovane in izvedene v skladu z veljavnimi predpisi in ki \u017eelijo imeti mo\u017enost dodatne integracije vseh tehni\u010dnih sistemov na objektu.<\/p>\n<p>&nbsp;<\/p>\n<ul>\n<li style=\"list-style-type: none;\">\n<ul>\n<li style=\"list-style-type: none;\">\n<ul>\n<li>Pomen in obseg integrirane varnostne re\u0161itve <img loading=\"lazy\" decoding=\"async\" class=\"wp-image-23443 size-medium alignright\" src=\"https:\/\/www.alarmautomatika.com\/wp-content\/uploads\/2021\/09\/ABSistem_DCi_logo-300x49.png\" alt=\"\" width=\"300\" height=\"49\" srcset=\"https:\/\/www.alarmautomatika.com\/wp-content\/uploads\/2021\/09\/ABSistem_DCi_logo-300x49.png 300w, https:\/\/www.alarmautomatika.com\/wp-content\/uploads\/2021\/09\/ABSistem_DCi_logo.png 306w\" sizes=\"(max-width: 300px) 100vw, 300px\" \/><\/li>\n<li style=\"text-align: left;\">Varnostna oprema v skladu z EN 54 in drugimi veljavnimi standardi<\/li>\n<li>Prilagodljivost v dimenzioniranju po\u017earnih sistemov preko Inim Previdia po\u017earnih central<\/li>\n<li>Sestavi za varno evakuacijo \u2013 zvo\u010dni\u0161ki sistem, odvodi dima, varnostna razsvetljava<\/li>\n<li>Integracija z tehni\u010dno za\u0161\u010dito in BMS sestavi<\/li>\n<li>ABsistemDCi programska oprema za nadzor in upravljanje integriranih sistemov na objektu<\/li>\n<\/ul>\n<\/li>\n<\/ul>\n<\/li>\n<\/ul>\n<p>[\/et_pb_text][et_pb_button button_url=&#8221;https:\/\/docs.google.com\/forms\/d\/e\/1FAIpQLScH9RVX9qfYqG_DR8UcQaWfd2GB4H-nmeR_3wlQk0mMH5czhg\/viewform&#8221; url_new_window=&#8221;on&#8221; button_text=&#8221;Prijavnica&#8221; button_alignment=&#8221;center&#8221; disabled_on=&#8221;off|off|off&#8221; _builder_version=&#8221;4.10.6&#8243; _module_preset=&#8221;default&#8221; custom_button=&#8221;on&#8221; button_text_size=&#8221;14px&#8221; button_font=&#8221;|600|||||||&#8221; button_use_icon=&#8221;off&#8221; custom_padding=&#8221;14px|53px|14px|53px|true|true&#8221; global_colors_info=&#8221;{}&#8221;][\/et_pb_button][et_pb_divider color=&#8221;#D7D7D7&#8243; divider_style=&#8221;dotted&#8221; divider_position=&#8221;center&#8221; divider_weight=&#8221;2px&#8221; _builder_version=&#8221;4.10.7&#8243; _module_preset=&#8221;default&#8221; background_color=&#8221;RGBA(0,0,0,0)&#8221; global_colors_info=&#8221;{}&#8221;][\/et_pb_divider][et_pb_text _builder_version=&#8221;4.10.7&#8243; _module_preset=&#8221;default&#8221; custom_margin=&#8221;||||false|false&#8221; custom_padding=&#8221;||||false|false&#8221; border_radii=&#8221;on|1px|1px|1px|1px&#8221; border_width_all=&#8221;6px&#8221; border_color_all=&#8221;#8CC89B&#8221; global_colors_info=&#8221;{}&#8221;]<\/p>\n<h4><img loading=\"lazy\" decoding=\"async\" class=\"wp-image-23427 size-full alignleft\" src=\"https:\/\/www.alarmautomatika.com\/wp-content\/uploads\/2021\/09\/slicica-ass2021-3.png\" alt=\"\" width=\"294\" height=\"134\" \/><\/h4>\n<h4>ABsistem serija programske opreme za inteligentno upravljanje in kontrolo z primeri<\/h4>\n<p>[\/et_pb_text][et_pb_text _builder_version=&#8221;4.10.7&#8243; _module_preset=&#8221;default&#8221; link_font=&#8221;|700|||||||&#8221; header_line_height=&#8221;1.5em&#8221; header_4_line_height=&#8221;1.5em&#8221; global_colors_info=&#8221;{}&#8221;]<\/p>\n<p>Na prezentaciji bodo prikazane razli\u010dne re\u0161itve integracije tehni\u010dnih sistemov na objektih z programsko opremo, katero kon\u010dni uporabniki uporabljajo za poslovanje preko ABSistem serije programske opreme za inteligentno upravljanje in kontrolo. Z primeri bodo prikazane re\u0161itve v javnih objektih, trgovskih centrih, hotelih in poslovnih objektih. Predstavitev je prvenstveno namenjena projektantom tehni\u010dnih sistemov na objektih, sistemskim integratorjem in kon\u010dnim uporabnikom, ki \u017eelijo v svoje poslovanje uvesti re\u0161itve, ki jim zagotavljajo zanesljiv nadzor in razvoj poslovnih procesov.<\/p>\n<p>[\/et_pb_text][\/et_pb_column][\/et_pb_row][et_pb_row column_structure=&#8221;1_2,1_2&#8243; _builder_version=&#8221;4.10.7&#8243; _module_preset=&#8221;default&#8221; vertical_offset=&#8221;-70px&#8221; global_colors_info=&#8221;{}&#8221;][et_pb_column type=&#8221;1_2&#8243; _builder_version=&#8221;4.10.7&#8243; _module_preset=&#8221;default&#8221; global_colors_info=&#8221;{}&#8221;][et_pb_text _builder_version=&#8221;4.10.7&#8243; _module_preset=&#8221;default&#8221; global_colors_info=&#8221;{}&#8221;]<\/p>\n<ul>\n<li style=\"list-style-type: none;\">\n<ul>\n<li style=\"list-style-type: none;\">\n<ul>\n<li>Razvoj posebne programske opreme za inteligentno upravljanje in kontrolo<\/li>\n<li>Integracija tehni\u010dnih sistemov na objektu z programsko opremo za vodenje podjetij<\/li>\n<li>ABsistemCounter serija programske opreme za \u0161tetje ljudi in vozil<\/li>\n<li>ABsistemPark serija programske opreme za kontrolo in upravljanje parkiri\u0161\u010d<\/li>\n<li>ABsistemTicketing serija programske opreme za izdajanje vstopnic in upravljanje vhoda v javne objekte<\/li>\n<li>ABsistemGreen programska oprema za nadzor na tovornih postajah in odlagali\u0161\u010dih odpadkov<\/li>\n<li>ABsistemGuestManager programska oprema za upravljanje in evidentiranje vhodov obiskovalcev v javne in poslovne objekte<\/li>\n<\/ul>\n<\/li>\n<\/ul>\n<\/li>\n<\/ul>\n<p>[\/et_pb_text][\/et_pb_column][et_pb_column type=&#8221;1_2&#8243; _builder_version=&#8221;4.10.7&#8243; _module_preset=&#8221;default&#8221; global_colors_info=&#8221;{}&#8221;][et_pb_image src=&#8221;https:\/\/www.alarmautomatika.com\/wp-content\/uploads\/2021\/09\/absistem_counter_300x49.png&#8221; title_text=&#8221;absistem_counter_300x49&#8243; _builder_version=&#8221;4.10.7&#8243; _module_preset=&#8221;default&#8221; positioning=&#8221;relative&#8221; horizontal_offset=&#8221;200px&#8221; z_index=&#8221;0&#8243; global_colors_info=&#8221;{}&#8221;][\/et_pb_image][et_pb_image src=&#8221;https:\/\/www.alarmautomatika.com\/wp-content\/uploads\/2021\/09\/absistem_park_300x49-1.png&#8221; title_text=&#8221;absistem_park_300x49&#8243; _builder_version=&#8221;4.10.7&#8243; _module_preset=&#8221;default&#8221; positioning=&#8221;relative&#8221; horizontal_offset=&#8221;200px&#8221; z_index=&#8221;0&#8243; global_colors_info=&#8221;{}&#8221;][\/et_pb_image][et_pb_image src=&#8221;https:\/\/www.alarmautomatika.com\/wp-content\/uploads\/2021\/09\/absistem_ticketing_300x49.png&#8221; title_text=&#8221;absistem_ticketing_300x49&#8243; _builder_version=&#8221;4.10.7&#8243; _module_preset=&#8221;default&#8221; positioning=&#8221;relative&#8221; horizontal_offset=&#8221;200px&#8221; z_index=&#8221;0&#8243; global_colors_info=&#8221;{}&#8221;][\/et_pb_image][\/et_pb_column][\/et_pb_row][et_pb_row _builder_version=&#8221;4.10.7&#8243; _module_preset=&#8221;default&#8221; vertical_offset=&#8221;-80px&#8221; global_colors_info=&#8221;{}&#8221;][et_pb_column type=&#8221;4_4&#8243; _builder_version=&#8221;4.10.7&#8243; _module_preset=&#8221;default&#8221; global_colors_info=&#8221;{}&#8221;][et_pb_button button_url=&#8221;https:\/\/docs.google.com\/forms\/d\/e\/1FAIpQLScH9RVX9qfYqG_DR8UcQaWfd2GB4H-nmeR_3wlQk0mMH5czhg\/viewform&#8221; url_new_window=&#8221;on&#8221; button_text=&#8221;Prijavnica&#8221; button_alignment=&#8221;center&#8221; disabled_on=&#8221;off|off|off&#8221; _builder_version=&#8221;4.10.6&#8243; _module_preset=&#8221;default&#8221; custom_button=&#8221;on&#8221; button_text_size=&#8221;14px&#8221; button_font=&#8221;|600|||||||&#8221; button_use_icon=&#8221;off&#8221; custom_padding=&#8221;14px|53px|14px|53px|true|true&#8221; global_colors_info=&#8221;{}&#8221;][\/et_pb_button][et_pb_divider color=&#8221;#D7D7D7&#8243; divider_style=&#8221;dotted&#8221; divider_position=&#8221;center&#8221; divider_weight=&#8221;2px&#8221; _builder_version=&#8221;4.10.7&#8243; _module_preset=&#8221;default&#8221; background_color=&#8221;RGBA(0,0,0,0)&#8221; global_colors_info=&#8221;{}&#8221;][\/et_pb_divider][et_pb_text _builder_version=&#8221;4.10.8&#8243; _module_preset=&#8221;default&#8221; link_font=&#8221;|700|||||||&#8221; header_line_height=&#8221;1.5em&#8221; header_4_line_height=&#8221;1.5em&#8221; border_color_all=&#8221;#8CC89B&#8221; global_colors_info=&#8221;{}&#8221;]<\/p>\n<p><span style=\"color: #333333;\">Alarm automatika je eden od glavnih sponzorjev <a href=\"https:\/\/www.adriasecuritysummit.com\/\" target=\"_blank\" rel=\"noopener\">Adria Security Summita<\/a>, najve\u010djega dogodka v varnostni industriji v regiji. Novosti v ponudbi Alarm automatike in na\u0161ih dolgoletnih dobaviteljev bomo predstavili na skupaj 9 stojnicah, svoje delovne izku\u0161nje in strategijo nadaljnjega razvoja bomo predstavili skozi prezentacijski in konferen\u010dni del \u2013 uvodni nagovor predsednika uprave Borisa Popovi\u0107a o sredi\u0161\u010dih za obve\u0161\u010danje in nadzornih centrih prihodnosti, ter predstavitev \u0161tudije Izvedba celostne re\u0161itve za za\u0161\u010dito kampusa podjetja Infobip.<\/span><\/p>\n<p>[\/et_pb_text][\/et_pb_column][\/et_pb_row][\/et_pb_section]<\/p>\n","protected":false},"excerpt":{"rendered":"<p>Predstavitve programskih re\u0161itev centralizacije in integracije \u2013 napredne funkcije in primeri aplikacij Adria Security Summit 2021., Beograd, 13.10.2021. Alarm automatika tudi to leto sodeluje na Adria Security Summitu, najve\u010djemu dogodku v varnostni industriji v regiji. Novosti v ponudbi Alarm automatike in na\u0161ih dolgoletnih dobaviteljev bomo predstavili v razstavnem delu Summita, izku\u0161nje pri delu in strategijo [&hellip;]<\/p>\n","protected":false},"author":15,"featured_media":0,"parent":0,"menu_order":0,"comment_status":"closed","ping_status":"closed","template":"","meta":{"_et_pb_use_builder":"on","_et_pb_old_content":"","_et_gb_content_width":"","footnotes":""},"class_list":["post-23374","page","type-page","status-publish","hentry"],"_links":{"self":[{"href":"https:\/\/www.alarmautomatika.com\/sl\/wp-json\/wp\/v2\/pages\/23374","targetHints":{"allow":["GET"]}}],"collection":[{"href":"https:\/\/www.alarmautomatika.com\/sl\/wp-json\/wp\/v2\/pages"}],"about":[{"href":"https:\/\/www.alarmautomatika.com\/sl\/wp-json\/wp\/v2\/types\/page"}],"author":[{"embeddable":true,"href":"https:\/\/www.alarmautomatika.com\/sl\/wp-json\/wp\/v2\/users\/15"}],"replies":[{"embeddable":true,"href":"https:\/\/www.alarmautomatika.com\/sl\/wp-json\/wp\/v2\/comments?post=23374"}],"version-history":[{"count":0,"href":"https:\/\/www.alarmautomatika.com\/sl\/wp-json\/wp\/v2\/pages\/23374\/revisions"}],"wp:attachment":[{"href":"https:\/\/www.alarmautomatika.com\/sl\/wp-json\/wp\/v2\/media?parent=23374"}],"curies":[{"name":"wp","href":"https:\/\/api.w.org\/{rel}","templated":true}]}}