{"id":31309,"date":"2022-02-11T12:10:57","date_gmt":"2022-02-11T11:10:57","guid":{"rendered":"https:\/\/www.alarmautomatika.com\/sos-sistemi-za-klic-v-sili\/"},"modified":"2023-07-10T11:26:52","modified_gmt":"2023-07-10T09:26:52","slug":"sos-sistemi-za-klic-v-sili","status":"publish","type":"page","link":"https:\/\/www.alarmautomatika.com\/sl\/sos-sistemi-za-klic-v-sili\/","title":{"rendered":"SOS sistemi za klic v sili"},"content":{"rendered":"<p>[et_pb_section fb_built=&#8221;1&#8243; _builder_version=&#8221;4.14.7&#8243; _module_preset=&#8221;default&#8221; global_colors_info=&#8221;{}&#8221;][et_pb_row _builder_version=&#8221;4.14.7&#8243; _module_preset=&#8221;default&#8221; vertical_offset=&#8221;-70px&#8221; global_colors_info=&#8221;{}&#8221;][et_pb_column type=&#8221;4_4&#8243; _builder_version=&#8221;4.14.7&#8243; _module_preset=&#8221;default&#8221; global_colors_info=&#8221;{}&#8221;][et_pb_text _builder_version=&#8221;4.14.7&#8243; _module_preset=&#8221;default&#8221; global_colors_info=&#8221;{}&#8221;]<\/p>\n<blockquote>\n<h1>SOS sistemi za klic v sili<\/h1>\n<\/blockquote>\n<p>[\/et_pb_text][et_pb_text _builder_version=&#8221;4.14.7&#8243; _module_preset=&#8221;default&#8221; global_colors_info=&#8221;{}&#8221;]<em>SOS sistemi omogo\u010dajo uporabnikom, stanovalcem ali obiskovalcem razli\u010dnih objektov, da pokli\u010dejo pomo\u010d, ko je potrebujejo. Uporabljajo se predvsem v bolni\u0161nicah, <strong><a href=\"https:\/\/drive.google.com\/file\/d\/1L6FvhYvwjNNBB0YBMsQrgf6t6-GVDtzV\/view\" target=\"_blank\" rel=\"noopener\">domovih za ostarele<\/a><\/strong>, zaporih, hotelih in drugih javnih objektih, kot so na primer strani\u0161\u010da za invalide.<\/em><br \/>\n<em>Sodobni SOS sistemi, ki temeljijo na IP komunikaciji, omogo\u010dajo veliko ve\u010d funkcionalnosti kot klasi\u010dni sistemi. Za omogo\u010danje njihove polne funkcionalnosti je klju\u010dna izbira opreme, ki omogo\u010da fleksibilnost pri prilagajanju poslovnim potrebam, enostavnost uporabe in upravljanja ter skladnost z veljavnimi standardi.<\/em>[\/et_pb_text][et_pb_image src=&#8221;https:\/\/www.alarmautomatika.com\/wp-content\/uploads\/2022\/02\/22021_SOS_e-flyer_banner.jpg&#8221; _builder_version=&#8221;4.14.7&#8243; _module_preset=&#8221;default&#8221; global_colors_info=&#8221;{}&#8221;][\/et_pb_image][\/et_pb_column][\/et_pb_row][et_pb_row column_structure=&#8221;1_4,1_4,1_4,1_4&#8243; use_custom_gutter=&#8221;on&#8221; gutter_width=&#8221;2&#8243; _builder_version=&#8221;4.14.7&#8243; _module_preset=&#8221;default&#8221; vertical_offset=&#8221;-70px&#8221; global_colors_info=&#8221;{}&#8221;][et_pb_column type=&#8221;1_4&#8243; _builder_version=&#8221;4.14.7&#8243; _module_preset=&#8221;default&#8221; global_colors_info=&#8221;{}&#8221;][et_pb_button button_url=&#8221;#prednosti&#8221; url_new_window=&#8221;on&#8221; button_text=&#8221;Prednosti IP SOS sistemov&#8221; button_alignment=&#8221;center&#8221; disabled_on=&#8221;off|off|off&#8221; _builder_version=&#8221;4.14.7&#8243; _module_preset=&#8221;default&#8221; custom_button=&#8221;on&#8221; button_text_size=&#8221;16px&#8221; button_font=&#8221;|600|||||||&#8221; button_use_icon=&#8221;off&#8221; custom_padding=&#8221;12px|53px|12px|53px|true|true&#8221; hover_enabled=&#8221;0&#8243; global_colors_info=&#8221;{}&#8221; sticky_enabled=&#8221;0&#8243;][\/et_pb_button][\/et_pb_column][et_pb_column type=&#8221;1_4&#8243; _builder_version=&#8221;4.14.7&#8243; _module_preset=&#8221;default&#8221; global_colors_info=&#8221;{}&#8221;][et_pb_button button_url=&#8221;#elementi_sos&#8221; url_new_window=&#8221;on&#8221; button_text=&#8221;Elementi IP SOS sistema&#8221; button_alignment=&#8221;center&#8221; disabled_on=&#8221;off|off|off&#8221; _builder_version=&#8221;4.14.7&#8243; _module_preset=&#8221;default&#8221; custom_button=&#8221;on&#8221; button_text_size=&#8221;16px&#8221; button_font=&#8221;|600|||||||&#8221; button_use_icon=&#8221;off&#8221; custom_padding=&#8221;14px|53px|14px|53px|true|true&#8221; global_colors_info=&#8221;{}&#8221;][\/et_pb_button][\/et_pb_column][et_pb_column type=&#8221;1_4&#8243; _builder_version=&#8221;4.14.7&#8243; _module_preset=&#8221;default&#8221; global_colors_info=&#8221;{}&#8221;][et_pb_button button_url=&#8221;#integracija_sustava&#8221; url_new_window=&#8221;on&#8221; button_text=&#8221;Integracija IP SOS sistemov&#8221; button_alignment=&#8221;center&#8221; disabled_on=&#8221;off|off|off&#8221; _builder_version=&#8221;4.14.7&#8243; _module_preset=&#8221;default&#8221; custom_button=&#8221;on&#8221; button_text_size=&#8221;16px&#8221; button_font=&#8221;|600|||||||&#8221; button_use_icon=&#8221;off&#8221; custom_padding=&#8221;14px|53px|14px|53px|true|true&#8221; global_colors_info=&#8221;{}&#8221;][\/et_pb_button][\/et_pb_column][et_pb_column type=&#8221;1_4&#8243; _builder_version=&#8221;4.14.7&#8243; _module_preset=&#8221;default&#8221; global_colors_info=&#8221;{}&#8221;][et_pb_button button_url=&#8221;#projektiranje_sos_sustava&#8221; url_new_window=&#8221;on&#8221; button_text=&#8221;Projektiranje SOS sistema&#8221; button_alignment=&#8221;center&#8221; disabled_on=&#8221;off|off|off&#8221; admin_label=&#8221;Button&#8221; _builder_version=&#8221;4.14.7&#8243; _module_preset=&#8221;default&#8221; custom_button=&#8221;on&#8221; button_text_size=&#8221;16px&#8221; button_font=&#8221;|600|||||||&#8221; button_use_icon=&#8221;off&#8221; custom_padding=&#8221;14px|53px|14px|53px|true|true&#8221; global_colors_info=&#8221;{}&#8221;][\/et_pb_button][\/et_pb_column][\/et_pb_row][et_pb_row _builder_version=&#8221;4.14.7&#8243; _module_preset=&#8221;default&#8221; vertical_offset=&#8221;-70px&#8221; global_colors_info=&#8221;{}&#8221;][et_pb_column type=&#8221;4_4&#8243; _builder_version=&#8221;4.14.7&#8243; _module_preset=&#8221;default&#8221; global_colors_info=&#8221;{}&#8221;][et_pb_text _builder_version=&#8221;4.14.7&#8243; _module_preset=&#8221;default&#8221; global_colors_info=&#8221;{}&#8221;]<\/p>\n<blockquote>\n<h3 id=\"prednosti\">Prednosti IP SOS sistemov<\/h3>\n<\/blockquote>\n<p>[\/et_pb_text][et_pb_text _builder_version=&#8221;4.14.7&#8243; _module_preset=&#8221;default&#8221; global_colors_info=&#8221;{}&#8221;]<\/p>\n<p>IP SOS sistemi imajo \u0161tevilne prednosti pred klasi\u010dnimi sistemi tako z vidika ustanov, ki jih \u017eelijo ali morajo imeti, kot z vidika uporabnikov njihovih storitev (varovanci, pacienti, obiskovalci). \u017de pri investiciji so stro\u0161kovno u\u010dinkovitej\u0161i, saj je mogo\u010de uporabiti obstoje\u010de sisteme, bodisi z uporabo obstoje\u010dih klasi\u010dnih klicnih to\u010dk, bodisi s prevzemom stare napeljave stavbe preko BUS sistema (most do IP\/TCP). Prav tako so bolj prilagodljivi v smislu neomejenih mo\u017enosti raz\u0161iritve in daljinskega upravljanja ter jih je mogo\u010de integrirati z drugimi sistemi v objektu. SOS klice se lahko sprejema poleg ra\u010dunalnika v nadzorni sobi tudi na mobilni telefon. Slednje omogo\u010da osebju, da opravlja svoje redno delo, ne da bi bili uporabniki prepri\u010dani, da v primeru odsotnosti iz nadzorne sobe nih\u010de ne prejme njihovega klica na pomo\u010d.<\/p>\n<p>[\/et_pb_text][\/et_pb_column][\/et_pb_row][et_pb_row column_structure=&#8221;1_2,1_2&#8243; _builder_version=&#8221;4.14.7&#8243; _module_preset=&#8221;default&#8221; vertical_offset=&#8221;-70px&#8221; global_colors_info=&#8221;{}&#8221;][et_pb_column type=&#8221;1_2&#8243; _builder_version=&#8221;4.14.7&#8243; _module_preset=&#8221;default&#8221; global_colors_info=&#8221;{}&#8221;][et_pb_text _builder_version=&#8221;4.14.7&#8243; _module_preset=&#8221;default&#8221; global_colors_info=&#8221;{}&#8221;]<\/p>\n<ul>\n<li>Mo\u017enost uporabe instalacij obstoje\u010dega klasi\u010dnega SOS sistema<\/li>\n<li>Neomejene mo\u017enosti raz\u0161iritve sistema<\/li>\n<li>Daljinsko vodenje<\/li>\n<li>Namizna in mobilna aplikacija za sprejemanje klicev in komunikacijo z osebami v stiski &#8211; osebje bo prejelo klic na pomo\u010d tudi med ostalimi rednimi opravili in ne samo v \u010dasu fizi\u010dne prisotnosti v de\u017eurni sobi<\/li>\n<li>Dvosmerna glasovna komunikacija med osebjem in osebo, ki je poslala SOS klic v sili<\/li>\n<\/ul>\n<p>[\/et_pb_text][\/et_pb_column][et_pb_column type=&#8221;1_2&#8243; _builder_version=&#8221;4.14.7&#8243; _module_preset=&#8221;default&#8221; global_colors_info=&#8221;{}&#8221;][et_pb_text _builder_version=&#8221;4.14.7&#8243; _module_preset=&#8221;default&#8221; global_colors_info=&#8221;{}&#8221;]<\/p>\n<ul>\n<li>Spremljanje gibanja oseb s SOS zapestnico po objektu in zunanjih povr\u0161inah. Lokacija osebe je vidna na na\u010drtu \/ tlorisu objekta<\/li>\n<li>Preverjanje na\u010drta oskrbe ali zdravljenja vsakega uporabnika<\/li>\n<li>Vnos podatkov o opravljenih meritvah (te\u017ea, krvni tlak, temperatura), terapiji in opazovanjih (ali je oseba pojedla obrok).<\/li>\n<li>Avtomatsko shranjevanje vseh aktivnosti v digitalni arhiv dogodkov (klic na pomo\u010d, zagotovljena pomo\u010d, meritve varovanca, obiski). Omogo\u010danje pregleda in izvoza podatkov ter analize zapisov.<\/li>\n<li>Identifikacija osebe, ki je pomagala preko identifikacijske izkaznice in \u010ditalnika<\/li>\n<\/ul>\n<p>[\/et_pb_text][\/et_pb_column][\/et_pb_row][et_pb_row _builder_version=&#8221;4.14.7&#8243; _module_preset=&#8221;default&#8221; global_colors_info=&#8221;{}&#8221;][et_pb_column type=&#8221;4_4&#8243; _builder_version=&#8221;4.14.7&#8243; _module_preset=&#8221;default&#8221; global_colors_info=&#8221;{}&#8221;][et_pb_video src=&#8221;https:\/\/youtu.be\/oRjBAeCZbHk&#8221; _builder_version=&#8221;4.14.7&#8243; _module_preset=&#8221;default&#8221; global_colors_info=&#8221;{}&#8221;][\/et_pb_video][et_pb_text _builder_version=&#8221;4.14.7&#8243; _module_preset=&#8221;default&#8221; global_colors_info=&#8221;{}&#8221;]<\/p>\n<blockquote>\n<h1 id=\"elementi_sos\">Elementi sistema SOS<\/h1>\n<\/blockquote>\n<p>[\/et_pb_text][et_pb_text _builder_version=&#8221;4.14.7&#8243; _module_preset=&#8221;default&#8221; global_colors_info=&#8221;{}&#8221;]<\/p>\n<blockquote>\n<h3>Centralne enote<\/h3>\n<\/blockquote>\n<p>[\/et_pb_text][et_pb_text _builder_version=&#8221;4.14.7&#8243; _module_preset=&#8221;default&#8221; global_colors_info=&#8221;{}&#8221;]<\/p>\n<p>Omogo\u010dajo sprejem, obdelavo in shranjevanje klica prek ene od klicnih enot. Nabor centralnih enot iCall omogo\u010da visoko stopnjo fleksibilnosti, tako pri uporabi kot pri izvedbi sistema (visoka prilagodljivost integracije). Z uporabo protokola SIP omogo\u010da ne\u0161teto mo\u017enosti komunikacije znotraj in zunaj objekta (integracija z VoIP telefonijo, domofonom in podobno).<\/p>\n<p>[\/et_pb_text][et_pb_text _builder_version=&#8221;4.14.7&#8243; _module_preset=&#8221;default&#8221; global_colors_info=&#8221;{}&#8221;]<\/p>\n<blockquote>\n<h3>Fiksne in mobilne klicne enote<\/h3>\n<\/blockquote>\n<p>[\/et_pb_text][et_pb_text _builder_version=&#8221;4.14.7&#8243; _module_preset=&#8221;default&#8221; global_colors_info=&#8221;{}&#8221;]Klicne enote ICall so na voljo v ve\u010d razli\u010dicah. Omogo\u010dajo upravljanje telefonije, osvetlitve in ve\u010dpredstavnosti, odzivanje na glasovni klic oseb, ki ne morejo pritisniti SOS stikala. Razli\u010dne izvedbe omogo\u010dajo uporabo obstoje\u010dih ali neuporabljenih  instalacij, kar omogo\u010da enostavno nadgradnjo in posodobitev starih sistemov. Vse enote so popolnoma programabilne. Klic na pomo\u010d lahko po\u0161ljete tudi preko SOS zapestnic, ki s pomo\u010djo natan\u010dne geolokacijske tehnologije omogo\u010dajo spremljanje polo\u017eaja varovanca v vsakem trenutku. [\/et_pb_text][et_pb_text _builder_version=&#8221;4.14.7&#8243; _module_preset=&#8221;default&#8221; global_colors_info=&#8221;{}&#8221;]<\/p>\n<blockquote>\n<h3>Signalna oprema <\/h3>\n<\/blockquote>\n<p>[\/et_pb_text][et_pb_text _builder_version=&#8221;4.14.7&#8243; _module_preset=&#8221;default&#8221; global_colors_info=&#8221;{}&#8221;]Signalna oprema vklju\u010duje razli\u010dne izvedbe opto-akusti\u010dnih signalnih naprav za mikrolociranje klicev (sob), sobnih terminalov s ponavljanjem klicev in koridorske prikazovalnike za velike objekte (bolni\u0161ni\u010dni hodniki). Oprema je popolnoma programabilna.[\/et_pb_text][et_pb_text _builder_version=&#8221;4.14.7&#8243; _module_preset=&#8221;default&#8221; global_colors_info=&#8221;{}&#8221;]<\/p>\n<blockquote>\n<h3>Programska oprema za sprejemanje in obdelavo klicev SOS<\/h3>\n<\/blockquote>\n<p>[\/et_pb_text][et_pb_text _builder_version=&#8221;4.14.7&#8243; _module_preset=&#8221;default&#8221; global_colors_info=&#8221;{}&#8221;]Izdelki IndigoCare se integrirajo v IP omre\u017eje prek platforme Netrix, bodisi preko ra\u010dunalnikov ali pametnih mobilnih telefonov. Integracija glasovnih funkcij s pomo\u010djo protokola SIP omogo\u010da ne\u0161teto komunikacijskih mo\u017enosti znotraj ali zunaj stavbe. Razli\u010dni programski paketi zagotavljajo dodatne sistemske funkcije, kot so spremljanje zdravja, podatki o osebju, urniki, evakuacijski moduli in podobno.[\/et_pb_text][et_pb_text _builder_version=&#8221;4.14.7&#8243; _module_preset=&#8221;default&#8221; global_colors_info=&#8221;{}&#8221;]<\/p>\n<blockquote>\n<h3>Dodatna oprema<\/h3>\n<\/blockquote>\n<p>[\/et_pb_text][et_pb_text _builder_version=&#8221;4.14.7&#8243; _module_preset=&#8221;default&#8221; global_colors_info=&#8221;{}&#8221;]Na voljo so razli\u010dna omre\u017ena stikala (PoE ali klasi\u010dna). Za nemoteno delovanje sistema v primeru izpada elektri\u010dne energije je treba sistem obravnavati kot varnostni sistem. Pri projektiranju je potrebno zagotoviti avtonomijo delovanja napajanja sistema.[\/et_pb_text][et_pb_image src=&#8221;https:\/\/www.alarmautomatika.com\/wp-content\/uploads\/2022\/02\/iCall-Netrix_DWG.jpg&#8221; align=&#8221;center&#8221; _builder_version=&#8221;4.14.7&#8243; _module_preset=&#8221;default&#8221; global_colors_info=&#8221;{}&#8221;][\/et_pb_image][\/et_pb_column][\/et_pb_row][et_pb_row _builder_version=&#8221;4.14.7&#8243; _module_preset=&#8221;default&#8221; global_colors_info=&#8221;{}&#8221;][et_pb_column type=&#8221;4_4&#8243; _builder_version=&#8221;4.14.7&#8243; _module_preset=&#8221;default&#8221; global_colors_info=&#8221;{}&#8221;][et_pb_text _builder_version=&#8221;4.14.7&#8243; _module_preset=&#8221;default&#8221; global_colors_info=&#8221;{}&#8221;]<\/p>\n<blockquote>\n<h3 id=\"integracija_sustava\">Integracija SOS sistemov z drugimi sistemi v stavbi<\/h3>\n<\/blockquote>\n<p>[\/et_pb_text][et_pb_text _builder_version=&#8221;4.14.7&#8243; _module_preset=&#8221;default&#8221; global_colors_info=&#8221;{}&#8221;]IP SOS sisteme je mogo\u010de integrirati z drugimi sistemi v objektu (videonadzor, kontrola dostopa, BMS). Zaradi varnosti uporabnikov je \u0161e posebej pomembna mo\u017enost integracije s sistemom javljanja po\u017eara in pripadajo\u010dimi sistemi, ki omogo\u010dajo varno in hitro evakuacijo (evakuacijsko ozvo\u010denje, zasilna razsvetljava, odvod dima in toplote). Mo\u017ena je tudi integracija s pomo\u010djo programske opreme <strong><a href=\"https:\/\/www.alarmautomatika.com\/sl\/programska-oprema\/nadzor-in-upravljanje-varnostnih-sistemov\/\">ABSystemDCi<\/a><\/strong>, ki je bila razvita v Alarm Automatiki.[\/et_pb_text][et_pb_text _builder_version=&#8221;4.14.7&#8243; _module_preset=&#8221;default&#8221; global_colors_info=&#8221;{}&#8221;]<\/p>\n<blockquote>\n<h3 id=\"projektiranje_sos_sustava\">Projektiranje SOS sistema<\/h3>\n<\/blockquote>\n<p>[\/et_pb_text][et_pb_text _builder_version=&#8221;4.14.7&#8243; _module_preset=&#8221;default&#8221; global_colors_info=&#8221;{}&#8221;]<strong><a href=\"https:\/\/www.alarmautomatika.com\/sl\/storitve\/visok-nivo-profesionalnosti-v-vseh-fazah-projekta\/\">Projektiranje<\/a><\/strong> je klju\u010dni dejavnik popolne funkcionalnosti SOS sistema in dela, ki ga je treba zaupati poobla\u0161\u010denim osebam. S tem se izognemo razli\u010dnim improvizacijam, kot so uporaba protivlomnih ali po\u017earnih alarmov za SOS klice, situacijam, ko je onemogo\u010dena uporaba opreme razli\u010dnih proizvajalcev in situacijam, ko je potrebno pogosto vzdr\u017eevanje, zaradi \u010desar je vlaganje v take sisteme drago. Pri izbiri opreme je treba paziti na skladnost z zahtevanimi standardi, sprejetimi v Evropski uniji (VDE 834, BS8300), ki predpisujejo tehni\u010dne zahteve SOS sistemov in opreme za to\u010dno dolo\u010dene namene, kot so to domovi za starej\u0161e ob\u010dane ali bolni\u0161nice.<br \/>\nDobro projektiranje in izveden sistem s skrbno integracijo, ki temelji na zahtevah uporabnikov v fazi na\u010drtovanja, lahko deluje kot \u00bbmultiplikator\u00ab osebja, ki pove\u010duje u\u010dinkovitost pomo\u010di. To je \u0161e posebej pomembno v \u010dasu epidemij in pomanjkanja kvalificirane delovne sile. Hkrati je uporabnikom zagotovljeno ve\u010dje udobje in mir, saj vedo, da je pomo\u010d vedno na voljo, ko jo potrebujejo.[\/et_pb_text][et_pb_text _builder_version=&#8221;4.14.7&#8243; _module_preset=&#8221;default&#8221; global_colors_info=&#8221;{}&#8221;]<\/p>\n<blockquote>\n<h3>Indigo Care <\/h3>\n<\/blockquote>\n<p>[\/et_pb_text][et_pb_text _builder_version=&#8221;4.14.7&#8243; _module_preset=&#8221;default&#8221; global_colors_info=&#8221;{}&#8221;]<\/p>\n<p><img loading=\"lazy\" decoding=\"async\" class=\"wp-image-29955  alignleft\" src=\"https:\/\/www.alarmautomatika.com\/wp-content\/uploads\/2022\/02\/Indigocare_logo-300x100.jpg\" alt=\"\" width=\"177\" height=\"59\" \/>Belgijsko podjetje <strong><a href=\"https:\/\/www.indigocare.com\/\" target=\"_blank\" rel=\"noopener\">IndigoCare<\/a><\/strong>, ki je del skupine Essec, posluje \u017ee od leta 1977 in je bilo prvo na svetu, ki je izdelalo SOS sistem, ki temelji izklju\u010dno na IP komunikaciji. Ta sistem je danes prepoznan kot iCall. So med najve\u010djimi svetovnimi sistemskimi integratorji za klic v sili, obve\u0161\u010danje in telekomunikacijske re\u0161itve. Podjetje deluje v 48 dr\u017eavah in zaposluje ve\u010d kot 130 ljudi.<\/p>\n<p>[\/et_pb_text][\/et_pb_column][\/et_pb_row][\/et_pb_section]<\/p>\n","protected":false},"excerpt":{"rendered":"<p>SOS sistemi za klic v sili SOS sistemi omogo\u010dajo uporabnikom, stanovalcem ali obiskovalcem razli\u010dnih objektov, da pokli\u010dejo pomo\u010d, ko je potrebujejo. Uporabljajo se predvsem v bolni\u0161nicah, domovih za ostarele, zaporih, hotelih in drugih javnih objektih, kot so na primer strani\u0161\u010da za invalide. Sodobni SOS sistemi, ki temeljijo na IP komunikaciji, omogo\u010dajo veliko ve\u010d funkcionalnosti kot [&hellip;]<\/p>\n","protected":false},"author":15,"featured_media":0,"parent":0,"menu_order":0,"comment_status":"closed","ping_status":"closed","template":"","meta":{"_et_pb_use_builder":"on","_et_pb_old_content":"","_et_gb_content_width":"","footnotes":""},"class_list":["post-31309","page","type-page","status-publish","hentry"],"_links":{"self":[{"href":"https:\/\/www.alarmautomatika.com\/sl\/wp-json\/wp\/v2\/pages\/31309","targetHints":{"allow":["GET"]}}],"collection":[{"href":"https:\/\/www.alarmautomatika.com\/sl\/wp-json\/wp\/v2\/pages"}],"about":[{"href":"https:\/\/www.alarmautomatika.com\/sl\/wp-json\/wp\/v2\/types\/page"}],"author":[{"embeddable":true,"href":"https:\/\/www.alarmautomatika.com\/sl\/wp-json\/wp\/v2\/users\/15"}],"replies":[{"embeddable":true,"href":"https:\/\/www.alarmautomatika.com\/sl\/wp-json\/wp\/v2\/comments?post=31309"}],"version-history":[{"count":0,"href":"https:\/\/www.alarmautomatika.com\/sl\/wp-json\/wp\/v2\/pages\/31309\/revisions"}],"wp:attachment":[{"href":"https:\/\/www.alarmautomatika.com\/sl\/wp-json\/wp\/v2\/media?parent=31309"}],"curies":[{"name":"wp","href":"https:\/\/api.w.org\/{rel}","templated":true}]}}