{"id":31336,"date":"2022-01-21T10:30:02","date_gmt":"2022-01-21T09:30:02","guid":{"rendered":"https:\/\/www.alarmautomatika.com\/protiteroristicne-ovire-za-vozila\/"},"modified":"2022-04-20T12:23:19","modified_gmt":"2022-04-20T10:23:19","slug":"protiteroristicne-ovire-za-vozila","status":"publish","type":"page","link":"https:\/\/www.alarmautomatika.com\/sl\/protiteroristicne-ovire-za-vozila\/","title":{"rendered":"Protiteroristi\u010dne ovire za vozila"},"content":{"rendered":"<p>[et_pb_section fb_built=&#8221;1&#8243; _builder_version=&#8221;4.14.6&#8243; _module_preset=&#8221;default&#8221; vertical_offset=&#8221;-75px&#8221; global_colors_info=&#8221;{}&#8221;][et_pb_row _builder_version=&#8221;4.14.6&#8243; _module_preset=&#8221;default&#8221; global_colors_info=&#8221;{}&#8221;][et_pb_column type=&#8221;4_4&#8243; _builder_version=&#8221;4.14.6&#8243; _module_preset=&#8221;default&#8221; global_colors_info=&#8221;{}&#8221;][et_pb_text _builder_version=&#8221;4.14.7&#8243; _module_preset=&#8221;default&#8221; header_font_size=&#8221;66px&#8221; header_line_height=&#8221;1.5em&#8221; header_3_font_size=&#8221;44px&#8221; header_3_line_height=&#8221;1.5em&#8221; global_colors_info=&#8221;{}&#8221;]<\/p>\n<blockquote>\n<h3>Protiteroristi\u010dne ovire za vozila<\/h3>\n<\/blockquote>\n<p>[\/et_pb_text][et_pb_text _builder_version=&#8221;4.14.7&#8243; _module_preset=&#8221;default&#8221; global_colors_info=&#8221;{}&#8221;]<em>Zaradi pove\u010danega tveganja teroristi\u010dnih napadov v zadnjih letih nara\u0161\u010da povpra\u0161evanje po zanesljivih na\u010dinih za\u0161\u010dite pred nepoobla\u0161\u010denimi dostopi vozil do visoko tveganih objektov,<a href=\"https:\/\/www.alarmautomatika.com\/sl\/stranke\/industrijski-ter-veliki-infrastrukturni-objekti\/\"> <strong>kot so elektrarne, rafinerije<\/strong><\/a>, veleposlani\u0161tva in druga kriti\u010dna infrastruktura ter <a href=\"https:\/\/www.alarmautomatika.com\/sl\/stranke\/javne-povrsine-in-objekti\/\"><strong>javni prostori<\/strong><\/a>. Napadi na tovrstne objekte imajo lahko resne posledice za \u017eivljenja, zdravje in varnost ljudi, premo\u017eenje in okolje ter lahko ogrozijo stabilnost delovanja dr\u017eave, v kateri so se zgodili.<\/em><\/p>\n<p><em>Kakovost opreme, ki se uporablja za prisilno zaustavitev vozila, je dokazana z izdajo potrdila (certifikatom) o skladnosti z zahtevanimi produktnimi standardi. Odpornost opreme (zmo\u017enost zaustavitve naleta vozila) se preverja s t.i. \u201ecrash testi\u201c, pri katerih se v realnih pogojih preverjajo lastnosti za\u0161\u010ditne opreme. V teh primerih se upo\u0161teva masa naletnega vozila in hitrosti ob trku na protiteroristi\u010dne ovire.<\/em>[\/et_pb_text][\/et_pb_column][\/et_pb_row][et_pb_row _builder_version=&#8221;4.14.6&#8243; _module_preset=&#8221;default&#8221; vertical_offset=&#8221;-50px&#8221; global_colors_info=&#8221;{}&#8221;][et_pb_column type=&#8221;4_4&#8243; _builder_version=&#8221;4.14.6&#8243; _module_preset=&#8221;default&#8221; global_colors_info=&#8221;{}&#8221;][et_pb_text _builder_version=&#8221;4.14.7&#8243; _module_preset=&#8221;default&#8221; global_colors_info=&#8221;{}&#8221;]<\/p>\n<blockquote>\n<h3 id=\"podizne-barijere\">Dvi\u017ene (wedge) pregrade<\/h3>\n<\/blockquote>\n<p>[\/et_pb_text][et_pb_image src=&#8221;https:\/\/www.alarmautomatika.com\/wp-content\/uploads\/2022\/01\/PPG-podizne-wedge-barijere.jpg&#8221; align=&#8221;center&#8221; _builder_version=&#8221;4.14.6&#8243; _module_preset=&#8221;default&#8221; global_colors_info=&#8221;{}&#8221;][\/et_pb_image][et_pb_text _builder_version=&#8221;4.14.7&#8243; _module_preset=&#8221;default&#8221; hover_enabled=&#8221;0&#8243; global_colors_info=&#8221;{}&#8221; sticky_enabled=&#8221;0&#8243;]Dvi\u017ene pregrade se uporabljajo za za\u0161\u010dito pred nepoobla\u0161\u010denim vdorom v <a href=\"https:\/\/www.alarmautomatika.com\/sl\/stranke\/industrijski-ter-veliki-infrastrukturni-objekti\/\"><strong>visoko tvegane objekte<\/strong><\/a> (elektrarne, \u010distilne naprave, rafinerije in petrokemi\u010dne tovarne, voja\u0161ke objekte, veleposlani\u0161tva, podatkovne centre, pristani\u0161\u010da, letali\u0161\u010da, druge kriti\u010dne infrastrukturne objekte), ki potrebujejo maksimalno zanesljivo za\u0161\u010dito. Dvi\u017ene pregrade skupine Perimeter Protection Group so bile preizku\u0161ene s testi trka in certificirane po ve\u010d mednarodnih standardih &#8211; britanski PAS 68 (masa vozila 7,5 tone pri hitrosti 80 km\/h), ameri\u0161ki ASTM F 2656 (te\u017ea vozila 6,8 tone pri hitrost 80 km\/h) in mednarodni IWA 14-1 (te\u017ea vozila 7,2 tone pri hitrosti 80 km\/h).[\/et_pb_text][et_pb_text _builder_version=&#8221;4.14.6&#8243; _module_preset=&#8221;default&#8221; global_colors_info=&#8221;{}&#8221;]Globina, potrebna za vgradnjo pregrade, je zelo pomemben dejavnik pri name\u0161\u010danju tovrstnih pregrad. Manj\u0161a globina pomeni manj stro\u0161kov, saj ne bo potrebno prestavljati obstoje\u010dih infrastrukturnih in\u0161talacij, kot so vodovod, elektrika ali kanalizacija. Pomembna je tudi hitrost dvigovanja\/spu\u0161\u010danja pregrade, da se promet ne upo\u010dasni ve\u010d kot je to potrebno. [\/et_pb_text][\/et_pb_column][\/et_pb_row][et_pb_row column_structure=&#8221;1_2,1_2&#8243; _builder_version=&#8221;4.14.6&#8243; _module_preset=&#8221;default&#8221; global_colors_info=&#8221;{}&#8221;][et_pb_column type=&#8221;1_2&#8243; _builder_version=&#8221;4.14.6&#8243; _module_preset=&#8221;default&#8221; global_colors_info=&#8221;{}&#8221;][et_pb_video src=&#8221;https:\/\/www.youtube.com\/watch?v=BJ0U4EBD79I&#8221; _builder_version=&#8221;4.14.6&#8243; _module_preset=&#8221;default&#8221; global_colors_info=&#8221;{}&#8221;][\/et_pb_video][\/et_pb_column][et_pb_column type=&#8221;1_2&#8243; _builder_version=&#8221;4.14.6&#8243; _module_preset=&#8221;default&#8221; global_colors_info=&#8221;{}&#8221;][et_pb_text _builder_version=&#8221;4.14.6&#8243; _module_preset=&#8221;default&#8221; global_colors_info=&#8221;{}&#8221;]<\/p>\n<ul>\n<li>Maksimalna za\u0161\u010dita nepoobla\u0161\u010denih vhodov vozil na kriti\u010dna obmo\u010dja, kot so elektrarne, objekti kriti\u010dne infrastrukture, voja\u0161ke cone, letali\u0161\u010da, podatkovni centri in podobno.<\/li>\n<li>Varujejo pred napadi vozil vseh velikosti in te\u017ee &#8211; stopnja odpornosti K12<\/li>\n<li>Velika izbira standardnih dimenzij pregrad omogo\u010da la\u017ejo odlo\u010ditev glede izbire ustrezne pregrade za najoptimalnej\u0161o re\u0161itev.<\/li>\n<li>Inovativna zasnova pregrade &#8211; izkop za vgradnjo pregrade je lahko globok le 30 cm<\/li>\n<li>Hitrost dviganja in spu\u0161\u010danja pregrade &#8211; 3 do 4 sekunde.<\/li>\n<\/ul>\n<p>[\/et_pb_text][\/et_pb_column][\/et_pb_row][et_pb_row _builder_version=&#8221;4.14.6&#8243; _module_preset=&#8221;default&#8221; global_colors_info=&#8221;{}&#8221;][et_pb_column type=&#8221;4_4&#8243; _builder_version=&#8221;4.14.6&#8243; _module_preset=&#8221;default&#8221; global_colors_info=&#8221;{}&#8221;][et_pb_text _builder_version=&#8221;4.14.7&#8243; _module_preset=&#8221;default&#8221; global_colors_info=&#8221;{}&#8221;]<\/p>\n<blockquote>\n<h3 id=\"fiksni-stupici\">Fiksni in dvi\u017eni stebri<\/h3>\n<\/blockquote>\n<p>[\/et_pb_text][et_pb_image src=&#8221;https:\/\/www.alarmautomatika.com\/wp-content\/uploads\/2022\/01\/PPG-Fiksni-i-podizni-stupici.jpg&#8221; align=&#8221;center&#8221; _builder_version=&#8221;4.14.6&#8243; _module_preset=&#8221;default&#8221; global_colors_info=&#8221;{}&#8221;][\/et_pb_image][et_pb_text _builder_version=&#8221;4.14.7&#8243; _module_preset=&#8221;default&#8221; hover_enabled=&#8221;0&#8243; global_colors_info=&#8221;{}&#8221; sticky_enabled=&#8221;0&#8243;]Fiksni in dvi\u017eni stebri se uporabljajo za za\u0161\u010dito <a href=\"https:\/\/www.alarmautomatika.com\/sl\/stranke\/javne-povrsine-in-objekti\/\"><strong>mestnih sredi\u0161\u010d<\/strong><\/a>in drugih obmo\u010dij, kot so <a href=\"https:\/\/www.alarmautomatika.com\/sl\/stranke\/javni-in-poslovni-objekti\/\"><strong>stadionov<\/strong><\/a> ali <a href=\"https:\/\/www.alarmautomatika.com\/sl\/stranke\/nakupovalni-centri\/\"><strong>nakupovalnih sredi\u0161\u010d<\/strong><\/a> in kjer je mo\u017een teroristi\u010dni napad. Njihov glavni namen je za\u0161\u010dita pred napadi vozil na obmo\u010djih, kjer se giblje veliko ljudi, ne da bi ovirali njihovo prosto gibanje. Uporabljajo se tudi za stalno ali za\u010dasno prometno ureditev, torej na na\u010din, da je dostop do nekaterih obmo\u010dij dovoljen le vozilom z dovoljenjem.[\/et_pb_text][et_pb_text _builder_version=&#8221;4.14.6&#8243; _module_preset=&#8221;default&#8221; global_colors_info=&#8221;{}&#8221;]<\/p>\n<ul>\n<li>Hitra in enostavna namestitev.<\/li>\n<li>Za namestitev fiksnih nosilcev stebrov je potrebna majhna globina &#8211; 20 cm<\/li>\n<li>Dvi\u017eni drogovi &#8211; hitrost dviganja od 5 do 6 sekund, hitrost spu\u0161\u010danja od 3 do 4 sekunde.<\/li>\n<li>Najvi\u0161ji razred odpornosti na udarce M50 7,5 tone pri 80 km\/h, certificiran po PAS 68: 2013 V \/ 7500 [N3] \/80\/90:5.2\/7.8, IWA 14-1: 2013 V \/ 7200 [N3C] \/80 \/90:5,5 in ASTM F 2656-07 M50 \/ P2.<\/li>\n<li>Stebre je mogo\u010de hitro odstraniti.<\/li>\n<li>Posebnega vzdr\u017eevanja stebrov se ne potrebuje, razen ob\u010dasnega barvanja ali dodajanja okrasnih pokrovov iz nerjave\u010dega jekla.<\/li>\n<li>Trpe\u017eni materiali.<\/li>\n<li>Sodoben dizajn in ve\u010dnamenska uporaba v skladu s potrebami ob\u010danov.<\/li>\n<\/ul>\n<p>[\/et_pb_text][et_pb_text _builder_version=&#8221;4.14.6&#8243; _module_preset=&#8221;default&#8221; global_colors_info=&#8221;{}&#8221;]Stebri so sodobnega dizajna in videza ter se prilegajo urbanim naseljem. Delujejo lahko kot en sam steber ali niz stebrov, ki sledijo meji varovanega obmo\u010dja, ne da bi ustvarili ob\u010dutek nevarnosti. Na voljo so tudi razli\u010dice, ki se uporabljajo za potrebe ob\u010danov, na primer za privezovanje koles, kot cvetli\u010dni lonci ali z vgrajeno posodo z razku\u017eilom za roke.[\/et_pb_text][\/et_pb_column][\/et_pb_row][et_pb_row _builder_version=&#8221;4.14.6&#8243; _module_preset=&#8221;default&#8221; global_colors_info=&#8221;{}&#8221;][et_pb_column type=&#8221;4_4&#8243; _builder_version=&#8221;4.14.6&#8243; _module_preset=&#8221;default&#8221; global_colors_info=&#8221;{}&#8221;][et_pb_image src=&#8221;https:\/\/www.alarmautomatika.com\/wp-content\/uploads\/2022\/01\/PPG-stupici-varijacije.jpg&#8221; align=&#8221;center&#8221; _builder_version=&#8221;4.14.6&#8243; _module_preset=&#8221;default&#8221; global_colors_info=&#8221;{}&#8221;][\/et_pb_image][et_pb_video src=&#8221;https:\/\/www.youtube.com\/watch?v=AKkVhKm7iEM&#8221; _builder_version=&#8221;4.14.6&#8243; _module_preset=&#8221;default&#8221; global_colors_info=&#8221;{}&#8221;][\/et_pb_video][\/et_pb_column][\/et_pb_row][et_pb_row _builder_version=&#8221;4.14.6&#8243; _module_preset=&#8221;default&#8221; global_colors_info=&#8221;{}&#8221;][et_pb_column type=&#8221;4_4&#8243; _builder_version=&#8221;4.14.6&#8243; _module_preset=&#8221;default&#8221; global_colors_info=&#8221;{}&#8221;][et_pb_text _builder_version=&#8221;4.14.7&#8243; _module_preset=&#8221;default&#8221; global_colors_info=&#8221;{}&#8221;]<\/p>\n<blockquote>\n<h3 id=\"cityprotector\">CityProtector<\/h3>\n<\/blockquote>\n<p>[\/et_pb_text][et_pb_image src=&#8221;https:\/\/www.alarmautomatika.com\/wp-content\/uploads\/2022\/01\/PPG-CityProtector.jpg&#8221; align=&#8221;center&#8221; _builder_version=&#8221;4.14.6&#8243; _module_preset=&#8221;default&#8221; global_colors_info=&#8221;{}&#8221;][\/et_pb_image][et_pb_text _builder_version=&#8221;4.14.7&#8243; _module_preset=&#8221;default&#8221; global_colors_info=&#8221;{}&#8221;]PePerimeter Protection Group je razvila inovativno re\u0161itev za za\u0161\u010dito<a href=\"https:\/\/www.alarmautomatika.com\/sl\/stranke\/javne-povrsine-in-objekti\/\"> <strong>mestnih sredi\u0161\u010d<\/strong><\/a> pred teroristi\u010dnimi napadi z vozili &#8211; CityProtector. Izjemna odpornost na udarce vozila je bila dokazana s testi trka (po standardih PAS 68 in\/ali IWA 14-1), zato lahko z gotovostjo trdimo, da bo CityProtector ob poskusu napada za\u0161\u010ditil \u010dlove\u0161ka \u017eivljenja.<br \/>\nZa izdelavo temeljev za namestitev za\u0161\u010dite CityProtector je potrebna globina izkopa le 22 cm. To je \u0161e posebej pomembno v mestih, kjer je pod cesto ali plo\u010dnikom razvejano omre\u017eje razli\u010dnih in\u0161talacij (elektrika, voda, plin, kanalizacija, telefon), ki ne smejo biti po\u0161kodovane. Monta\u017ea je izjemno enostavna in jo lahko izvede le ena oseba, brez uporabe te\u017eje gradbene mehanizacije.<br \/>\nCityProtector se zlahka prilagodi potrebam ob\u010danov. Uporablja se ga lahko kot klopi za po\u010ditek, mesto za priklepanje koles, kot ko\u0161i za smeti ali cvetli\u010dni lonci.[\/et_pb_text][\/et_pb_column][\/et_pb_row][et_pb_row column_structure=&#8221;1_2,1_2&#8243; _builder_version=&#8221;4.14.6&#8243; _module_preset=&#8221;default&#8221; global_colors_info=&#8221;{}&#8221;][et_pb_column type=&#8221;1_2&#8243; _builder_version=&#8221;4.14.6&#8243; _module_preset=&#8221;default&#8221; global_colors_info=&#8221;{}&#8221;][et_pb_text _builder_version=&#8221;4.14.7&#8243; _module_preset=&#8221;default&#8221; global_colors_info=&#8221;{}&#8221;]&nbsp;<\/p>\n<p>&nbsp;<\/p>\n<ul>\n<li>Inovativen dizajn<\/li>\n<li>Dokazana odpornost na poskuse vdora z vozili.<\/li>\n<li>Plitvi temelji.<\/li>\n<li>Enostaven za namestitev.<\/li>\n<li>Enostavno prilagajanje potrebam ob\u010danov.<\/li>\n<\/ul>\n<p>[\/et_pb_text][\/et_pb_column][et_pb_column type=&#8221;1_2&#8243; _builder_version=&#8221;4.14.6&#8243; _module_preset=&#8221;default&#8221; global_colors_info=&#8221;{}&#8221;][et_pb_video src=&#8221;https:\/\/www.youtube.com\/watch?v=JSwSSaBSjP4&#8243; _builder_version=&#8221;4.14.6&#8243; _module_preset=&#8221;default&#8221; global_colors_info=&#8221;{}&#8221;][\/et_pb_video][\/et_pb_column][\/et_pb_row][et_pb_row _builder_version=&#8221;4.14.7&#8243; _module_preset=&#8221;default&#8221; global_colors_info=&#8221;{}&#8221;][et_pb_column type=&#8221;4_4&#8243; _builder_version=&#8221;4.14.7&#8243; _module_preset=&#8221;default&#8221; global_colors_info=&#8221;{}&#8221;][et_pb_text _builder_version=&#8221;4.14.7&#8243; _module_preset=&#8221;default&#8221; global_colors_info=&#8221;{}&#8221;]<\/p>\n<blockquote>\n<h3>Upravljanje s pomo\u010djo programske opreme za integracijo ABsistemDCi<\/h3>\n<\/blockquote>\n<p>[\/et_pb_text][et_pb_text _builder_version=&#8221;4.14.7&#8243; _module_preset=&#8221;default&#8221; global_colors_info=&#8221;{}&#8221;]<img loading=\"lazy\" decoding=\"async\" class=\"wp-image-28199 alignleft\" src=\"https:\/\/www.alarmautomatika.com\/wp-content\/uploads\/2022\/01\/absistem-dci-300x180.jpg\" alt=\"\" width=\"286\" height=\"172\" \/>Upravljanje protiteroristi\u010dnih ovir za vozila (dvi\u017ene pregrade in stebri) je mogo\u010de opravljati tudi s pomo\u010djo <a href=\"https:\/\/www.alarmautomatika.com\/sl\/programska-oprema\/nadzor-in-upravljanje-varnostnih-sistemov\/\"><strong>programske opreme za integracijo ABsistemDCi<\/strong><\/a>, razvite v Alarm automatiki, ki omogo\u010da upravljanje vseh varnostnih in BMS sistemov na lokaciji preko enega vmesnika.[\/et_pb_text][\/et_pb_column][\/et_pb_row][et_pb_row _builder_version=&#8221;4.14.6&#8243; _module_preset=&#8221;default&#8221; global_colors_info=&#8221;{}&#8221;][et_pb_column type=&#8221;4_4&#8243; _builder_version=&#8221;4.14.6&#8243; _module_preset=&#8221;default&#8221; global_colors_info=&#8221;{}&#8221;][et_pb_text _builder_version=&#8221;4.14.7&#8243; _module_preset=&#8221;default&#8221; global_colors_info=&#8221;{}&#8221;]<\/p>\n<blockquote>\n<h3>Perimeter Protection Germany GmbH, Germany<\/h3>\n<\/blockquote>\n<p>[\/et_pb_text][et_pb_text _builder_version=&#8221;4.14.7&#8243; _module_preset=&#8221;default&#8221; global_colors_info=&#8221;{}&#8221;]<a href=\"https:\/\/www.perimeterprotection.net\/\" target=\"_blank\" rel=\"noopener\"><img loading=\"lazy\" decoding=\"async\" class=\"wp-image-28132 size-full alignleft\" src=\"https:\/\/www.alarmautomatika.com\/wp-content\/uploads\/2022\/01\/PPG-logo.png\" alt=\"\" width=\"106\" height=\"71\" \/><strong>Perimeter Protection Group<\/strong><\/a> je vodilni svetovni proizvajalec izdelkov in re\u0161itev za za\u0161\u010dito okolice in za nadzor dostopa vozil in ljudi. Nabor njihovih re\u0161itev vklju\u010duje <a href=\"https:\/\/www.perimeterprotection.net\/wp-content\/uploads\/2020\/11\/PPG-Crash-test-certification-1.pdf\" target=\"_blank\" rel=\"noopener\"><strong>po mednarodnih standardih certificirane dvi\u017ene pregrade<\/strong><\/a>, vrata, stebre in cestne ovire, namenjene protiteroristi\u010dni za\u0161\u010diti visoko tveganih objektov. Podjetje je bilo ustanovljeno leta 1951 v Nem\u010diji. Ima podru\u017enice v petih dr\u017eavah in deluje po vsem svetu prek mre\u017ee partnerskih podjetij, ki lahko strankam z razli\u010dnimi gospodarskimi dejavnostmi zagotovijo ustrezno re\u0161itev za\u0161\u010dite, prilagojeno potrebam naro\u010dnikov. Alarm automatika je partner skupine Perimeter Protection Group za regijo, kar pomeni, da so zaposleni usposobljeni in certificirani za implementacijo re\u0161itev tega eminentnega proizvajalca.[\/et_pb_text][\/et_pb_column][\/et_pb_row][\/et_pb_section]<\/p>\n","protected":false},"excerpt":{"rendered":"<p>Protiteroristi\u010dne ovire za vozila Zaradi pove\u010danega tveganja teroristi\u010dnih napadov v zadnjih letih nara\u0161\u010da povpra\u0161evanje po zanesljivih na\u010dinih za\u0161\u010dite pred nepoobla\u0161\u010denimi dostopi vozil do visoko tveganih objektov, kot so elektrarne, rafinerije, veleposlani\u0161tva in druga kriti\u010dna infrastruktura ter javni prostori. Napadi na tovrstne objekte imajo lahko resne posledice za \u017eivljenja, zdravje in varnost ljudi, premo\u017eenje in okolje [&hellip;]<\/p>\n","protected":false},"author":15,"featured_media":0,"parent":0,"menu_order":0,"comment_status":"closed","ping_status":"closed","template":"","meta":{"_et_pb_use_builder":"on","_et_pb_old_content":"","_et_gb_content_width":"","footnotes":""},"class_list":["post-31336","page","type-page","status-publish","hentry"],"_links":{"self":[{"href":"https:\/\/www.alarmautomatika.com\/sl\/wp-json\/wp\/v2\/pages\/31336","targetHints":{"allow":["GET"]}}],"collection":[{"href":"https:\/\/www.alarmautomatika.com\/sl\/wp-json\/wp\/v2\/pages"}],"about":[{"href":"https:\/\/www.alarmautomatika.com\/sl\/wp-json\/wp\/v2\/types\/page"}],"author":[{"embeddable":true,"href":"https:\/\/www.alarmautomatika.com\/sl\/wp-json\/wp\/v2\/users\/15"}],"replies":[{"embeddable":true,"href":"https:\/\/www.alarmautomatika.com\/sl\/wp-json\/wp\/v2\/comments?post=31336"}],"version-history":[{"count":0,"href":"https:\/\/www.alarmautomatika.com\/sl\/wp-json\/wp\/v2\/pages\/31336\/revisions"}],"wp:attachment":[{"href":"https:\/\/www.alarmautomatika.com\/sl\/wp-json\/wp\/v2\/media?parent=31336"}],"curies":[{"name":"wp","href":"https:\/\/api.w.org\/{rel}","templated":true}]}}