{"id":35722,"date":"2022-09-09T09:46:13","date_gmt":"2022-09-09T07:46:13","guid":{"rendered":"https:\/\/www.alarmautomatika.com\/aplikacija-za-zbiranje-shranjevanje-analizo-in-vizualizacijo-podatakov-o-porabi-energije-absistemenergy\/"},"modified":"2022-12-14T15:45:07","modified_gmt":"2022-12-14T14:45:07","slug":"aplikacija-za-zbiranje-shranjevanje-analizo-in-vizualizacijo-podatakov-o-porabi-energije-absistemenergy","status":"publish","type":"page","link":"https:\/\/www.alarmautomatika.com\/sl\/aplikacija-za-zbiranje-shranjevanje-analizo-in-vizualizacijo-podatakov-o-porabi-energije-absistemenergy\/","title":{"rendered":"Aplikacija za zbiranje, shranjevanje, analizo in vizualizacijo podatakov o porabi energije ABsistemEnergy"},"content":{"rendered":"<p>[et_pb_section fb_built=&#8221;1&#8243; _builder_version=&#8221;4.18.0&#8243; _module_preset=&#8221;default&#8221; vertical_offset=&#8221;-70px&#8221; global_colors_info=&#8221;{}&#8221;][et_pb_row _builder_version=&#8221;4.18.0&#8243; _module_preset=&#8221;default&#8221; global_colors_info=&#8221;{}&#8221;][et_pb_column type=&#8221;4_4&#8243; _builder_version=&#8221;4.18.0&#8243; _module_preset=&#8221;default&#8221; global_colors_info=&#8221;{}&#8221;][et_pb_text _builder_version=&#8221;4.18.0&#8243; _module_preset=&#8221;default&#8221; header_line_height=&#8221;1.4em&#8221; global_colors_info=&#8221;{}&#8221;]<\/p>\n<blockquote>\n<h1>Aplikacija za zbiranje, shranjevanje, analizo in vizualizacijo podatakov o porabi energije ABsistemEnergy<\/h1>\n<\/blockquote>\n<p>[\/et_pb_text][et_pb_text _builder_version=&#8221;4.18.0&#8243; _module_preset=&#8221;default&#8221; global_colors_info=&#8221;{}&#8221;]<\/p>\n<p><em>Globalna  lestvica onesna\u017eevanja okolja, zmanj\u0161ani energetski viri in podnebne spremembe so v sredi\u0161\u010du interesov dru\u017ebe, znanstvenikov, poslovne\u017eev in posameznikov. Vsi segmenti dru\u017ebe i\u0161\u010dejo re\u0161itve, ki bodo pove\u010dale energetsko u\u010dinkovitost in zmanj\u0161ale oglji\u010dni odtis s trajnostnimi re\u0161itvami, uspeh pri prizadevanjih za trajnost porabe pa je v veliki meri odvisen od to\u010dnosti in aktualnosti podatkov o porabi energije in vode. <\/em><\/p>\n<p>[\/et_pb_text][et_pb_image src=&#8221;https:\/\/www.alarmautomatika.com\/wp-content\/uploads\/2022\/09\/banner-absistemenergy-1400&#215;444-v2.jpg&#8221; align=&#8221;center&#8221; _builder_version=&#8221;4.18.0&#8243; _module_preset=&#8221;default&#8221; hover_enabled=&#8221;0&#8243; global_colors_info=&#8221;{}&#8221; sticky_enabled=&#8221;0&#8243;][\/et_pb_image][et_pb_text _builder_version=&#8221;4.18.0&#8243; _module_preset=&#8221;default&#8221; global_colors_info=&#8221;{}&#8221;]<\/p>\n<p>ABsistemEnergy je aplikacija za centralizirano zbiranje, shranjevanje, analizo in vizualizacijo podatakov o porabi energije in vode v objektih na eni ali ve\u010d geografsko oddaljenih lokacijah. Cilj je omogo\u010diti preprosto in hitro analizo podatkov o porabi, da lahko uporabniki na njihovi podlagi izvajajo ukrepe, ki bodo vodili do ve\u010dje energetske u\u010dinkovitosti objektov, s katerimi upravljajo.<\/p>\n<p>[\/et_pb_text][et_pb_image src=&#8221;https:\/\/www.alarmautomatika.com\/wp-content\/uploads\/2022\/12\/ilustracija_1-absistemenergy-1400&#215;444-HR.jpg&#8221; align=&#8221;center&#8221; _builder_version=&#8221;4.19.3&#8243; _module_preset=&#8221;default&#8221; hover_enabled=&#8221;0&#8243; global_colors_info=&#8221;{}&#8221; sticky_enabled=&#8221;0&#8243;][\/et_pb_image][\/et_pb_column][\/et_pb_row][et_pb_row column_structure=&#8221;1_2,1_2&#8243; _builder_version=&#8221;4.18.0&#8243; _module_preset=&#8221;default&#8221; global_colors_info=&#8221;{}&#8221;][et_pb_column type=&#8221;1_2&#8243; _builder_version=&#8221;4.18.0&#8243; _module_preset=&#8221;default&#8221; global_colors_info=&#8221;{}&#8221;][et_pb_text _builder_version=&#8221;4.18.0&#8243; _module_preset=&#8221;default&#8221; global_colors_info=&#8221;{}&#8221;]<\/p>\n<ul>\n<li>Centralizirano spremljanje porabe energije na geografsko oddaljenih objektih<\/li>\n<li>Enostavno dodajanje in posodabljanje novih objektov, podatkov o objektih, meritvenih mest in parametrov<\/li>\n<li>Popolna svoboda pri izbiri merilnih naprav<\/li>\n<li>Takoj\u0161nje obve\u0161\u010danje o porabi izven referen\u010dnih vrednosti<\/li>\n<li>Benchmarking  za hitro opa\u017eevanje mo\u017enosti izbolj\u0161anja energetske u\u010dinkovitosti, uporabniku prijazna merila primerjave porabe<\/li>\n<\/ul>\n<p>[\/et_pb_text][\/et_pb_column][et_pb_column type=&#8221;1_2&#8243; _builder_version=&#8221;4.18.0&#8243; _module_preset=&#8221;default&#8221; global_colors_info=&#8221;{}&#8221;][et_pb_text _builder_version=&#8221;4.18.0&#8243; _module_preset=&#8221;default&#8221; global_colors_info=&#8221;{}&#8221;]<\/p>\n<ul>\n<li>Mo\u017enost primerjave podatkov, zbranih z merilnimi instrumenti, s podatki o porabi iz ra\u010dunov za razli\u010dne energente<\/li>\n<li>Uporabniku nastavljivo \/ Prilagoditev potrebam uporabnika<\/li>\n<li>Poro\u010dila in analiza<\/li>\n<li>Vizualizacija podatakov za la\u017eje razumevanje<\/li>\n<li>V skladu z zahtevami ISO 50001<\/li>\n<\/ul>\n<p>[\/et_pb_text][\/et_pb_column][\/et_pb_row][et_pb_row column_structure=&#8221;1_2,1_2&#8243; _builder_version=&#8221;4.18.0&#8243; _module_preset=&#8221;default&#8221; global_colors_info=&#8221;{}&#8221;][et_pb_column type=&#8221;1_2&#8243; _builder_version=&#8221;4.18.0&#8243; _module_preset=&#8221;default&#8221; global_colors_info=&#8221;{}&#8221;][et_pb_text _builder_version=&#8221;4.18.0&#8243; _module_preset=&#8221;default&#8221; global_colors_info=&#8221;{}&#8221;]<\/p>\n<h3>Poraba energije<\/h3>\n<ul>\n<li>Elektri\u010dna energija<\/li>\n<li>Voda<\/li>\n<li>Plin<\/li>\n<li>Gorivo<\/li>\n<li>Energenti za ogrevanje in hlajenje<\/li>\n<\/ul>\n<p>[\/et_pb_text][et_pb_text _builder_version=&#8221;4.18.0&#8243; _module_preset=&#8221;default&#8221; global_colors_info=&#8221;{}&#8221;]<\/p>\n<h3>Spremljanje stanja okolja<\/h3>\n<ul>\n<li>Vlaga<\/li>\n<li>Koncentracija CO<sub>2<\/sub> v prostorih<\/li>\n<li>Temperatura zunaj \/ znotraj<\/li>\n<li>Zra\u010dni tlak<\/li>\n<\/ul>\n<p>[\/et_pb_text][et_pb_text _builder_version=&#8221;4.18.0&#8243; _module_preset=&#8221;default&#8221; global_colors_info=&#8221;{}&#8221;]<\/p>\n<h3>Specifi\u010dne meritve<\/h3>\n<ul>\n<li>Potro\u0161nja energije posameznih strojev in\/ali proizvodnih procesov<\/li>\n<\/ul>\n<p>[\/et_pb_text][\/et_pb_column][et_pb_column type=&#8221;1_2&#8243; _builder_version=&#8221;4.18.0&#8243; _module_preset=&#8221;default&#8221; global_colors_info=&#8221;{}&#8221;][et_pb_image src=&#8221;https:\/\/www.alarmautomatika.com\/wp-content\/uploads\/2022\/09\/ilustracija_2-absistemenergy-1440px.jpg&#8221; show_in_lightbox=&#8221;on&#8221; _builder_version=&#8221;4.18.0&#8243; _module_preset=&#8221;default&#8221; z_index=&#8221;50&#8243; width=&#8221;75%&#8221; global_colors_info=&#8221;{}&#8221;][\/et_pb_image][\/et_pb_column][\/et_pb_row][\/et_pb_section]<\/p>\n","protected":false},"excerpt":{"rendered":"<p>Aplikacija za zbiranje, shranjevanje, analizo in vizualizacijo podatakov o porabi energije ABsistemEnergy Globalna lestvica onesna\u017eevanja okolja, zmanj\u0161ani energetski viri in podnebne spremembe so v sredi\u0161\u010du interesov dru\u017ebe, znanstvenikov, poslovne\u017eev in posameznikov. Vsi segmenti dru\u017ebe i\u0161\u010dejo re\u0161itve, ki bodo pove\u010dale energetsko u\u010dinkovitost in zmanj\u0161ale oglji\u010dni odtis s trajnostnimi re\u0161itvami, uspeh pri prizadevanjih za trajnost porabe pa [&hellip;]<\/p>\n","protected":false},"author":15,"featured_media":0,"parent":0,"menu_order":0,"comment_status":"closed","ping_status":"closed","template":"","meta":{"_et_pb_use_builder":"on","_et_pb_old_content":"","_et_gb_content_width":"","footnotes":""},"class_list":["post-35722","page","type-page","status-publish","hentry"],"_links":{"self":[{"href":"https:\/\/www.alarmautomatika.com\/sl\/wp-json\/wp\/v2\/pages\/35722","targetHints":{"allow":["GET"]}}],"collection":[{"href":"https:\/\/www.alarmautomatika.com\/sl\/wp-json\/wp\/v2\/pages"}],"about":[{"href":"https:\/\/www.alarmautomatika.com\/sl\/wp-json\/wp\/v2\/types\/page"}],"author":[{"embeddable":true,"href":"https:\/\/www.alarmautomatika.com\/sl\/wp-json\/wp\/v2\/users\/15"}],"replies":[{"embeddable":true,"href":"https:\/\/www.alarmautomatika.com\/sl\/wp-json\/wp\/v2\/comments?post=35722"}],"version-history":[{"count":0,"href":"https:\/\/www.alarmautomatika.com\/sl\/wp-json\/wp\/v2\/pages\/35722\/revisions"}],"wp:attachment":[{"href":"https:\/\/www.alarmautomatika.com\/sl\/wp-json\/wp\/v2\/media?parent=35722"}],"curies":[{"name":"wp","href":"https:\/\/api.w.org\/{rel}","templated":true}]}}