{"id":48010,"date":"2023-10-06T10:17:20","date_gmt":"2023-10-06T08:17:20","guid":{"rendered":"https:\/\/www.alarmautomatika.com\/?page_id=48010"},"modified":"2023-10-06T12:09:16","modified_gmt":"2023-10-06T10:09:16","slug":"projektiranje-sistema-alarmnega-ozvocenja-evac-kot-del-integrirane-pozarne-zascite","status":"publish","type":"page","link":"https:\/\/www.alarmautomatika.com\/sl\/projektiranje-sistema-alarmnega-ozvocenja-evac-kot-del-integrirane-pozarne-zascite\/","title":{"rendered":"Projektiranje sistema alarmnega ozvo\u010denja (EVAC) kot del integrirane po\u017earne za\u0161\u010dite"},"content":{"rendered":"<p>[et_pb_section fb_built=&#8221;1&#8243; _builder_version=&#8221;4.22.2&#8243; _module_preset=&#8221;default&#8221; global_colors_info=&#8221;{}&#8221;][et_pb_row _builder_version=&#8221;4.22.2&#8243; _module_preset=&#8221;default&#8221; global_colors_info=&#8221;{}&#8221;][et_pb_column type=&#8221;4_4&#8243; _builder_version=&#8221;4.22.2&#8243; _module_preset=&#8221;default&#8221; global_colors_info=&#8221;{}&#8221;][et_pb_text admin_label=&#8221;Naslov&#8221; _builder_version=&#8221;4.22.2&#8243; _module_preset=&#8221;default&#8221; global_colors_info=&#8221;{}&#8221;]<\/p>\n<blockquote>\n<h2>Strokovno predavanje Projektiranje sistema alarmnega ozvo\u010denja (EVAC) kot del integrirane po\u017earne za\u0161\u010dite<\/h2>\n<\/blockquote>\n<p>[\/et_pb_text][et_pb_image src=&#8221;https:\/\/www.alarmautomatika.com\/wp-content\/uploads\/2023\/10\/2023-10_EVAC_Predavanje_SLO_FullHD.jpg&#8221; title_text=&#8221;2023-10_EVAC_Predavanje_SLO_FullHD&#8221; _builder_version=&#8221;4.22.2&#8243; _module_preset=&#8221;default&#8221; global_colors_info=&#8221;{}&#8221;][\/et_pb_image][et_pb_text admin_label=&#8221;Zanimanje za implementacijo sistema &#8221; _builder_version=&#8221;4.22.2&#8243; _module_preset=&#8221;default&#8221; global_colors_info=&#8221;{}&#8221;]<\/p>\n<p>Zanimanje za implementacijo sistema za najavo evakuacije alarmnega ozvo\u010denja (EVAC) se pove\u010duje, saj \u017eelijo investitorji pove\u010dati raven varnosti in uskladiti varnostne standarde s tistimi, ki so obi\u010dajni v EU. Alarmno ozvo\u010denje (EVAC) se najpogosteje izvaja v objektih, kjer se giblje ve\u010dje \u0161tevilo ljudi, kot so hoteli, javni objekti, trgovski centri, bolni\u0161nice, \u0161ole ali poslovne zgradbe.<\/p>\n<p>[\/et_pb_text][et_pb_button button_url=&#8221;https:\/\/forms.office.com\/e\/c38Hm00CUD&#8221; url_new_window=&#8221;on&#8221; button_text=&#8221;Spletna prijava&#8221; button_alignment=&#8221;center&#8221; _builder_version=&#8221;4.22.2&#8243; _module_preset=&#8221;default&#8221; global_colors_info=&#8221;{}&#8221;][\/et_pb_button][et_pb_text admin_label=&#8221;Alarmno ozvo\u010denje (EVAC) se obravnava &#8221; _builder_version=&#8221;4.22.2&#8243; _module_preset=&#8221;default&#8221; hover_enabled=&#8221;0&#8243; global_colors_info=&#8221;{}&#8221; sticky_enabled=&#8221;0&#8243;]<\/p>\n<p>Alarmno ozvo\u010denje (EVAC) se obravnava kot izvr\u0161ilni element po\u017earnega alarmnega sistema, kar pomeni, da za vse elemente sistema veljajo dolo\u010dila, ki veljajo tudi za po\u017earne sisteme \u2013 uporaba standardov in predpisov pri projektiranju, periodi\u010dno testiranje in redno vzdr\u017eevanje.<\/p>\n<p>[\/et_pb_text][et_pb_text admin_label=&#8221;Komu je predavanje namenjeno?&#8221; _builder_version=&#8221;4.22.2&#8243; _module_preset=&#8221;default&#8221; global_colors_info=&#8221;{}&#8221;]<\/p>\n<blockquote>\n<h3>Komu je predavanje namenjeno?<\/h3>\n<\/blockquote>\n<p>[\/et_pb_text][et_pb_text admin_label=&#8221;Predavanje Projektiranje alarmnih sistemov (EVAC) kot del &#8221; _builder_version=&#8221;4.22.2&#8243; _module_preset=&#8221;default&#8221; hover_enabled=&#8221;0&#8243; global_colors_info=&#8221;{}&#8221; sticky_enabled=&#8221;0&#8243;]<\/p>\n<p>Predavanje Projektiranje alarmnih sistemov (EVAC) kot del integrirane po\u017earne za\u0161\u010dite je namenjeno predvsem projektantom, preglednikom in sistemskim integratorjem varnostnih sistemov. Prav tako tudi vsem ostalim dele\u017enikom v procesu projektiranja in gradnje.<\/p>\n<p>[\/et_pb_text][et_pb_text admin_label=&#8221;Vpis to\u010dk za \u010dlane In\u017eenirske zveze Slovenije (IZS)&#8221; _builder_version=&#8221;4.22.2&#8243; _module_preset=&#8221;default&#8221; global_colors_info=&#8221;{}&#8221;]<\/p>\n<blockquote>\n<h3>Vpis to\u010dk za \u010dlane In\u017eenirske zveze Slovenije (IZS)<\/h3>\n<\/blockquote>\n<p>[\/et_pb_text][et_pb_text admin_label=&#8221;Predavanje poteka ob podpori IZS&#8221; _builder_version=&#8221;4.22.2&#8243; _module_preset=&#8221;default&#8221; global_colors_info=&#8221;{}&#8221;]<\/p>\n<p>Predavanje poteka ob podpori IZS. Poobla\u0161\u010deni in nadzorni in\u017eenirji za udele\u017ebo na izobra\u017eevanju pridobijo 1 kreditno to\u010dko iz izbirnih predmetov v skladu s Splo\u0161nim aktom o stalnem strokovnem usposabljanju poobla\u0161\u010denih in\u017eenirjev.<\/p>\n<p>Udele\u017eencem, ki so \u010dlani IZS za dodelitev kreditnih to\u010dk ni treba vlo\u017eiti pro\u0161nje na IZS, saj bomo vlogo oddali mi, kot organizator. To\u010dke bodo pripisane avtomatsko.<\/p>\n<p>Po kon\u010danem predavanju bo organizator predavanja poslal zahtevo za dodelitev to\u010dk na IZS, tako da \u010dlanom IZS pro\u0161enj ni treba vlagati posami\u010dno. IZS ne bo po\u0161iljal dodatnih obvestil o podelitvi to\u010dk.<\/p>\n<p>[\/et_pb_text][et_pb_text admin_label=&#8221;Kotizacija&#8221; _builder_version=&#8221;4.22.2&#8243; _module_preset=&#8221;default&#8221; global_colors_info=&#8221;{}&#8221;]<\/p>\n<blockquote>\n<h3>Kotizacija<\/h3>\n<\/blockquote>\n<p>[\/et_pb_text][et_pb_text admin_label=&#8221;Kotizacije za udele\u017ebo na predavanju &#8221; _builder_version=&#8221;4.22.2&#8243; _module_preset=&#8221;default&#8221; global_colors_info=&#8221;{}&#8221;]<\/p>\n<p>Kotizacije za udele\u017ebo na predavanju ni, prav tako ne za vstop na Adria Security Summit.<\/p>\n<p>[\/et_pb_text][et_pb_text admin_label=&#8221;Kdaj in kje bo predavanje?&#8221; _builder_version=&#8221;4.22.2&#8243; _module_preset=&#8221;default&#8221; global_colors_info=&#8221;{}&#8221;]<\/p>\n<blockquote>\n<h3>Kdaj in kje bo predavanje?<\/h3>\n<\/blockquote>\n<p>[\/et_pb_text][et_pb_text admin_label=&#8221;Predavanje bo 25.10.2023 od 13.00 &#8221; _builder_version=&#8221;4.22.2&#8243; _module_preset=&#8221;default&#8221; hover_enabled=&#8221;0&#8243; global_colors_info=&#8221;{}&#8221; sticky_enabled=&#8221;0&#8243;]<\/p>\n<p>Predavanje bo 25.10.2023 od 13.00 do 14.20 v dvorani James Bond, <a href=\"https:\/\/www.gr-sejem.si\/\" target=\"_blank\" rel=\"noopener\">Gospodarsko razstavi\u0161\u010de, Dunajska cesta 18, Ljubljana.<\/a><\/p>\n<p><a href=\"https:\/\/www.adriasecuritysummit.com\/\" target=\"_blank\" rel=\"noopener\">Adria Security Summit 2023<\/a> je del programa, najve\u010djega in najbolj obiskanega mesta profesionalcev v varnostni industriji.<\/p>\n<p>[\/et_pb_text][et_pb_text admin_label=&#8221;Do kdaj in kako se lahko prijavite?&#8221; _builder_version=&#8221;4.22.2&#8243; _module_preset=&#8221;default&#8221; global_colors_info=&#8221;{}&#8221;]<\/p>\n<blockquote>\n<h3>Do kdaj in kako se lahko prijavite?<\/h3>\n<\/blockquote>\n<p>[\/et_pb_text][et_pb_text admin_label=&#8221;Zaradi zagotavljanja zadostne koli\u010dine &#8221; _builder_version=&#8221;4.22.2&#8243; _module_preset=&#8221;default&#8221; global_colors_info=&#8221;{}&#8221;]<\/p>\n<p>Zaradi zagotavljanja zadostne koli\u010dine gradiva vas prosimo, da svoj prihod na predavanje najavite najkasneje tri dni pred predavanjem, preko <a href=\"https:\/\/forms.office.com\/e\/c38Hm00CUD\" target=\"_blank\" rel=\"noopener\">spletne prijave<\/a>.<\/p>\n<p>[\/et_pb_text][et_pb_button button_url=&#8221;https:\/\/forms.office.com\/e\/c38Hm00CUD&#8221; url_new_window=&#8221;on&#8221; button_text=&#8221;Spletna prijava&#8221; button_alignment=&#8221;center&#8221; _builder_version=&#8221;4.22.2&#8243; _module_preset=&#8221;default&#8221; global_colors_info=&#8221;{}&#8221;][\/et_pb_button][et_pb_text admin_label=&#8221;Za hiter vstop na Adria Security Summit &#8221; _builder_version=&#8221;4.22.2&#8243; _module_preset=&#8221;default&#8221; global_colors_info=&#8221;{}&#8221;]<\/p>\n<p>Za hiter vstop na Adria Security Summit se lahko dodatno registrirate kot obiskovalec na spletni strani organizatorja, na povezavi <a href=\"https:\/\/www.b2match.com\/e\/adria-security-summit-2023\/sign-up\" target=\"_blank\" rel=\"noopener\">Prijava prihoda na Adria Security Summit 2023<\/a>.<\/p>\n<p>[\/et_pb_text][et_pb_text admin_label=&#8221;Kaj vsebujejo materiali?&#8221; _builder_version=&#8221;4.22.2&#8243; _module_preset=&#8221;default&#8221; global_colors_info=&#8221;{}&#8221;]<\/p>\n<blockquote>\n<h3>Kaj vsebujejo materiali?<\/h3>\n<\/blockquote>\n<p>[\/et_pb_text][et_pb_text admin_label=&#8221;Po predavanju bodo udele\u017eencem &#8221; _builder_version=&#8221;4.22.2&#8243; _module_preset=&#8221;default&#8221; global_colors_info=&#8221;{}&#8221;]<\/p>\n<p>Po predavanju bodo udele\u017eencem poslane power point predstavitve in pdf bro\u0161ure.<\/p>\n<p>[\/et_pb_text][et_pb_text admin_label=&#8221;Dnevni razpored&#8221; _builder_version=&#8221;4.22.2&#8243; _module_preset=&#8221;default&#8221; global_colors_info=&#8221;{}&#8221;]<\/p>\n<blockquote>\n<h3>Dnevni razpored<\/h3>\n<\/blockquote>\n<p>[\/et_pb_text][et_pb_code admin_label=&#8221;Tablica&#8221; _builder_version=&#8221;4.22.2&#8243; _module_preset=&#8221;default&#8221; global_colors_info=&#8221;{}&#8221;]<!DOCTYPE html><!-- [et_pb_line_break_holder] --><html><!-- [et_pb_line_break_holder] --><head><!-- [et_pb_line_break_holder] --><\/p>\n<style><!-- [et_pb_line_break_holder] -->#customers {<!-- [et_pb_line_break_holder] -->  font-family: Arial, Helvetica, sans-serif;<!-- [et_pb_line_break_holder] -->  border-collapse: collapse;<!-- [et_pb_line_break_holder] -->  width: 100%;<!-- [et_pb_line_break_holder] -->}<!-- [et_pb_line_break_holder] --><!-- [et_pb_line_break_holder] -->#customers td, #customers th {<!-- [et_pb_line_break_holder] -->  border: 1px solid #ddd;<!-- [et_pb_line_break_holder] -->  padding: 10px;<!-- [et_pb_line_break_holder] -->}<!-- [et_pb_line_break_holder] --><!-- [et_pb_line_break_holder] -->#customers tr:nth-child(even){background-color: #f2f2f2;}<!-- [et_pb_line_break_holder] --><!-- [et_pb_line_break_holder] -->#customers tr:hover {background-color: #ddd;}<!-- [et_pb_line_break_holder] --><!-- [et_pb_line_break_holder] -->#customers th {<!-- [et_pb_line_break_holder] -->  padding-top: 12px;<!-- [et_pb_line_break_holder] -->  padding-bottom: 12px;<!-- [et_pb_line_break_holder] -->  text-align: left;<!-- [et_pb_line_break_holder] -->  background-color: #04AA6D;<!-- [et_pb_line_break_holder] -->  color: white;<!-- [et_pb_line_break_holder] -->}<!-- [et_pb_line_break_holder] --><\/style>\n<p><!-- [et_pb_line_break_holder] --><\/head><!-- [et_pb_line_break_holder] --><body><!-- [et_pb_line_break_holder] --><\/p>\n<table id=\"customers\"><!-- [et_pb_line_break_holder] -->  <\/p>\n<tr><!-- [et_pb_line_break_holder] -->    <\/p>\n<td>13:00 \u2013 13:05<\/td>\n<p><!-- [et_pb_line_break_holder] -->    <\/p>\n<td>Pozdravni govor,<!-- [et_pb_line_break_holder] -->Jani \u010co\u017e, Alarm automatika Ljubljana<!-- [et_pb_line_break_holder] --><\/td>\n<p><!-- [et_pb_line_break_holder] -->  <\/tr>\n<p><!-- [et_pb_line_break_holder] -->  <\/p>\n<tr><!-- [et_pb_line_break_holder] -->    <\/p>\n<td>13:05 \u2013 13:20<\/td>\n<p><!-- [et_pb_line_break_holder] -->    <\/p>\n<td>Predpisi, ki urejajo na\u010drtovanje in izvedbo sistema govornega alarmiranja v Sloveniji, mag. Ale\u0161 Drnov\u0161ek, univ.dipl.in\u017e.el., EKOSYSTEM d.o.o.<\/td>\n<p><!-- [et_pb_line_break_holder] -->  <\/tr>\n<p><!-- [et_pb_line_break_holder] -->  <\/p>\n<tr><!-- [et_pb_line_break_holder] -->     <\/p>\n<td>13:20 \u2013 13:50<\/td>\n<p><!-- [et_pb_line_break_holder] -->     <\/p>\n<td>Osnove na\u010drtovanja sistema EVAC, Vedran Mihaljevi\u0107, Alarm automatika Split<\/td>\n<p><!-- [et_pb_line_break_holder] -->  <\/tr>\n<p><!-- [et_pb_line_break_holder] -->  <\/p>\n<tr><!-- [et_pb_line_break_holder] -->    <\/p>\n<td>13:50 \u2013 14:05<\/td>\n<p><!-- [et_pb_line_break_holder] -->    <\/p>\n<td>Re\u0161itve Ambient System EVAC s primeri izvedbe, Sebastian Dy\u0142a, Ambient System, Gdansk<\/td>\n<p><!-- [et_pb_line_break_holder] -->  <\/tr>\n<p><!-- [et_pb_line_break_holder] -->   <\/p>\n<tr><!-- [et_pb_line_break_holder] -->    <\/p>\n<td>14:05 \u2013 14:20<\/td>\n<p><!-- [et_pb_line_break_holder] -->    <\/p>\n<td>EVAC kot del integralne po\u017earne za\u0161\u010dite, Jani \u010co\u017e, Alarm automatika Ljubljana<\/td>\n<p><!-- [et_pb_line_break_holder] -->  <\/tr>\n<p><!-- [et_pb_line_break_holder] --> <!-- [et_pb_line_break_holder] --><\/table>\n<p><!-- [et_pb_line_break_holder] --><!-- [et_pb_line_break_holder] --><\/body><!-- [et_pb_line_break_holder] --><\/html>[\/et_pb_code][et_pb_text admin_label=&#8221;Teme in predavatelji&#8221; _builder_version=&#8221;4.22.2&#8243; _module_preset=&#8221;default&#8221; global_colors_info=&#8221;{}&#8221;]<\/p>\n<blockquote>\n<h3>Teme in predavatelji<\/h3>\n<\/blockquote>\n<p>[\/et_pb_text][et_pb_text admin_label=&#8221;Predpisi, ki urejajo&#8221; _builder_version=&#8221;4.22.2&#8243; _module_preset=&#8221;default&#8221; global_colors_info=&#8221;{}&#8221;]<\/p>\n<h4>Predpisi, ki urejajo na\u010drtovanje in izvedbo govornega alarmiranja (EVAC) v Sloveniji<\/h4>\n<p>[\/et_pb_text][et_pb_text admin_label=&#8221;Mag. Ale\u0161 Drnov\u0161ek&#8221; _builder_version=&#8221;4.22.2&#8243; _module_preset=&#8221;default&#8221; global_colors_info=&#8221;{}&#8221;]<\/p>\n<p>Mag. Ale\u0161 Drnov\u0161ek, univ.dipl.in\u017e.el., je zaposlen v podjetju EKOSYSTEM d.o.o.<\/p>\n<p>Predpisi, ki urejajo na\u010drtovanje in izvedbo sistema govornega alarmiranja v Sloveniji<\/p>\n<p>[\/et_pb_text][et_pb_text admin_label=&#8221;Osnove projektiranja EVAC-a&#8221; _builder_version=&#8221;4.22.2&#8243; _module_preset=&#8221;default&#8221; global_colors_info=&#8221;{}&#8221;]<\/p>\n<blockquote>\n<h3>Osnove projektiranja EVAC-a*<\/h3>\n<\/blockquote>\n<p>[\/et_pb_text][et_pb_text admin_label=&#8221;Vedran Mihaljevi\u0107, Alarm automatika Split&#8221; _builder_version=&#8221;4.22.2&#8243; _module_preset=&#8221;default&#8221; global_colors_info=&#8221;{}&#8221;]<\/p>\n<p>Vedran Mihaljevi\u0107, Alarm automatika Split<\/p>\n<p>Funkcije sistema EVAC. Elementi sistema EVAC. EVAC \u2013 izvr\u0161ilni element po\u017earnega alarma. Kaj je treba upo\u0161tevati pri projektiranju EVAC \u2013 ogro\u017eenost prostora, akusti\u010dno izolirani prostori, akustika prostora, razumljivost govora, hrup v ozadju. Izbira zvo\u010dnikov in razporeditev elementa sistema EVAC v prostoru. Programska oprema v zasnovi EVAC. Zvo\u010dni zemljevid vesolja. Testiranje sistema EVAC.<\/p>\n<p><em>*predavanje bo potekalo v hrva\u0161kem jeziku<\/em> <\/p>\n<p>[\/et_pb_text][et_pb_text admin_label=&#8221;Ambient System EVAC re\u0161itve in primeri izvedbe*&#8221; _builder_version=&#8221;4.22.2&#8243; _module_preset=&#8221;default&#8221; global_colors_info=&#8221;{}&#8221;]<\/p>\n<blockquote>\n<h3>Ambient System EVAC re\u0161itve in primeri izvedbe*<\/h3>\n<\/blockquote>\n<p>[\/et_pb_text][et_pb_text admin_label=&#8221;Sebastian Dy\u0142a, Ambient System, Gdansk&#8221; _builder_version=&#8221;4.22.2&#8243; _module_preset=&#8221;default&#8221; global_colors_info=&#8221;{}&#8221;]<\/p>\n<p>Sebastian Dy\u0142a, Ambient System, Gdansk<br \/>Ambient System ponuja obseg in primere izvedbe<\/p>\n<p><em>*predavanje bo potekalo v angle\u0161kem jeziku<\/em><\/p>\n<p>[\/et_pb_text][et_pb_text admin_label=&#8221;EVAC kot del integralne po\u017earne za\u0161\u010dite&#8221; _builder_version=&#8221;4.22.2&#8243; _module_preset=&#8221;default&#8221; global_colors_info=&#8221;{}&#8221;]<\/p>\n<blockquote>\n<h3>EVAC kot del integralne po\u017earne za\u0161\u010dite<\/h3>\n<\/blockquote>\n<p>[\/et_pb_text][et_pb_text admin_label=&#8221;Jani \u010co\u017e, Alarm automatika Ljubljana&#8221; _builder_version=&#8221;4.22.2&#8243; _module_preset=&#8221;default&#8221; global_colors_info=&#8221;{}&#8221;]<\/p>\n<p>Jani \u010co\u017e, Alarm automatika Ljubljana<\/p>\n<p>Po\u017earni alarm \u2013 centralni sistem celostne re\u0161itve po\u017earne za\u0161\u010dite. Varnostne re\u0161itve, ki jih ponuja Alarm Automatika.<\/p>\n<p>[\/et_pb_text][et_pb_text admin_label=&#8221;Od koga lahko dobite dodatne informacije?&#8221; _builder_version=&#8221;4.22.2&#8243; _module_preset=&#8221;default&#8221; global_colors_info=&#8221;{}&#8221;]<\/p>\n<blockquote>\n<h3>Od koga lahko dobite dodatne informacije?<\/h3>\n<\/blockquote>\n<p>[\/et_pb_text][et_pb_text admin_label=&#8221;Jani \u010co\u017e, Alarm automatika Ljubljana&#8221; _builder_version=&#8221;4.22.2&#8243; _module_preset=&#8221;default&#8221; global_colors_info=&#8221;{}&#8221;]<\/p>\n<p>Jani \u010co\u017e, vodja projektne prodaje Alarm automatike d.o.o. Ljubljana<\/p>\n<p>E-mail: <a href=\"mailto:jani@alarmautomatika.com\">jani@alarmautomatika.com<\/a><\/p>\n<p>Tel: +386 51 637 910<\/p>\n<p>[\/et_pb_text][et_pb_button button_url=&#8221;https:\/\/forms.office.com\/e\/c38Hm00CUD&#8221; url_new_window=&#8221;on&#8221; button_text=&#8221;Spletna prijava&#8221; button_alignment=&#8221;center&#8221; _builder_version=&#8221;4.22.2&#8243; _module_preset=&#8221;default&#8221; global_colors_info=&#8221;{}&#8221;][\/et_pb_button][et_pb_text admin_label=&#8221;Organizator predavanj&#8221; _builder_version=&#8221;4.22.2&#8243; _module_preset=&#8221;default&#8221; global_colors_info=&#8221;{}&#8221;]<\/p>\n<blockquote>\n<h3>Organizator predavanj<\/h3>\n<\/blockquote>\n<p>[\/et_pb_text][et_pb_text admin_label=&#8221;Alarm automatika d.o.o. je regionalno &#8221; _builder_version=&#8221;4.22.2&#8243; _module_preset=&#8221;default&#8221; global_colors_info=&#8221;{}&#8221;]<\/p>\n<p>Alarm automatika d.o.o. je regionalno vodilno podjetje na podro\u010dju tehni\u010dne za\u0161\u010dite z ve\u010d kot 30-letnimi izku\u0161njami in delovanjem, razvitim v 11 dr\u017eavah. V zadnjih letih je podjetje intenzivno razvijalo projektno dejavnost \u2013 nabavo, dobavo, projektiranje in monta\u017eo varnostnih sistemov. Podjetje v Ljubljani je bilo ustanovljeno leta 2011, od takrat je razvilo sodelovanje s \u0161tevilnimi naro\u010dniki in izvedlo veliko \u0161tevilo projektov na podro\u010dju varnosti in varovanja.<\/p>\n<p>[\/et_pb_text][\/et_pb_column][\/et_pb_row][\/et_pb_section]<\/p>\n","protected":false},"excerpt":{"rendered":"<p>Strokovno predavanje Projektiranje sistema alarmnega ozvo\u010denja (EVAC) kot del integrirane po\u017earne za\u0161\u010dite Zanimanje za implementacijo sistema za najavo evakuacije alarmnega ozvo\u010denja (EVAC) se pove\u010duje, saj \u017eelijo investitorji pove\u010dati raven varnosti in uskladiti varnostne standarde s tistimi, ki so obi\u010dajni v EU. Alarmno ozvo\u010denje (EVAC) se najpogosteje izvaja v objektih, kjer se giblje ve\u010dje \u0161tevilo ljudi, [&hellip;]<\/p>\n","protected":false},"author":14,"featured_media":0,"parent":0,"menu_order":0,"comment_status":"closed","ping_status":"closed","template":"","meta":{"_et_pb_use_builder":"on","_et_pb_old_content":"","_et_gb_content_width":"","footnotes":""},"class_list":["post-48010","page","type-page","status-publish","hentry"],"_links":{"self":[{"href":"https:\/\/www.alarmautomatika.com\/sl\/wp-json\/wp\/v2\/pages\/48010","targetHints":{"allow":["GET"]}}],"collection":[{"href":"https:\/\/www.alarmautomatika.com\/sl\/wp-json\/wp\/v2\/pages"}],"about":[{"href":"https:\/\/www.alarmautomatika.com\/sl\/wp-json\/wp\/v2\/types\/page"}],"author":[{"embeddable":true,"href":"https:\/\/www.alarmautomatika.com\/sl\/wp-json\/wp\/v2\/users\/14"}],"replies":[{"embeddable":true,"href":"https:\/\/www.alarmautomatika.com\/sl\/wp-json\/wp\/v2\/comments?post=48010"}],"version-history":[{"count":0,"href":"https:\/\/www.alarmautomatika.com\/sl\/wp-json\/wp\/v2\/pages\/48010\/revisions"}],"wp:attachment":[{"href":"https:\/\/www.alarmautomatika.com\/sl\/wp-json\/wp\/v2\/media?parent=48010"}],"curies":[{"name":"wp","href":"https:\/\/api.w.org\/{rel}","templated":true}]}}