{"id":4860,"date":"2020-08-26T15:11:20","date_gmt":"2020-08-26T13:11:20","guid":{"rendered":"https:\/\/www.alarmautomatika.com\/platforma-2\/"},"modified":"2022-02-03T10:19:20","modified_gmt":"2022-02-03T09:19:20","slug":"platforma","status":"publish","type":"page","link":"https:\/\/www.alarmautomatika.com\/sl\/platforma\/","title":{"rendered":"Platforma"},"content":{"rendered":"<p>[et_pb_section fb_built=&#8221;1&#8243; _builder_version=&#8221;4.6.2&#8243; _module_preset=&#8221;default&#8221; background_image=&#8221;https:\/\/www.alarmautomatika.com\/wp-content\/uploads\/2020\/09\/platforme.jpg&#8221; background_size=&#8221;initial&#8221; background_position=&#8221;top_center&#8221;][et_pb_row _builder_version=&#8221;4.6.0&#8243; _module_preset=&#8221;default&#8221; width=&#8221;95%&#8221;][et_pb_column type=&#8221;4_4&#8243; _builder_version=&#8221;4.6.0&#8243; _module_preset=&#8221;default&#8221;][et_pb_text _builder_version=&#8221;4.6.0&#8243; _dynamic_attributes=&#8221;content&#8221; _module_preset=&#8221;default&#8221; text_font=&#8221;|600|||||||&#8221; text_text_color=&#8221;#ffffff&#8221; text_font_size=&#8221;48px&#8221; text_line_height=&#8221;1.2em&#8221; custom_padding=&#8221;80px|50px||50px|false|true&#8221; text_font_size_tablet=&#8221;40px&#8221; text_font_size_phone=&#8221;32px&#8221; text_font_size_last_edited=&#8221;on|desktop&#8221; text_line_height_tablet=&#8221;&#8221; text_line_height_phone=&#8221;&#8221; text_line_height_last_edited=&#8221;on|phone&#8221; header_font_tablet=&#8221;&#8221; header_font_phone=&#8221;&#8221; header_font_last_edited=&#8221;on|phone&#8221; header_font_size_tablet=&#8221;&#8221; header_font_size_phone=&#8221;&#8221; header_font_size_last_edited=&#8221;on|phone&#8221; header_line_height_tablet=&#8221;&#8221; header_line_height_phone=&#8221;&#8221; header_line_height_last_edited=&#8221;on|desktop&#8221;]@ET-DC@eyJkeW5hbWljIjp0cnVlLCJjb250ZW50IjoicG9zdF90aXRsZSIsInNldHRpbmdzIjp7ImJlZm9yZSI6IiIsImFmdGVyIjoiIn19@[\/et_pb_text][\/et_pb_column][\/et_pb_row][et_pb_row column_structure=&#8221;3_4,1_4&#8243; _builder_version=&#8221;4.6.0&#8243; _module_preset=&#8221;default&#8221; background_color=&#8221;#ffffff&#8221; width=&#8221;95%&#8221; custom_margin=&#8221;20px||||false|false&#8221; custom_margin_tablet=&#8221;10px||||false|false&#8221; custom_margin_phone=&#8221;10px||||false|false&#8221; custom_margin_last_edited=&#8221;on|desktop&#8221; custom_padding=&#8221;50px|50px|50px|50px|true|true&#8221; box_shadow_style=&#8221;preset2&#8243;][et_pb_column type=&#8221;3_4&#8243; _builder_version=&#8221;4.6.0&#8243; _module_preset=&#8221;default&#8221;][et_pb_text _builder_version=&#8221;4.7.7&#8243; _module_preset=&#8221;default&#8221; link_font=&#8221;|600|||||||&#8221; header_2_text_align=&#8221;left&#8221; header_2_font_size=&#8221;30px&#8221; header_2_line_height=&#8221;1.2em&#8221; header_font_size_tablet=&#8221;48px&#8221; header_font_size_phone=&#8221;&#8221; header_font_size_last_edited=&#8221;on|tablet&#8221; header_2_font_size_tablet=&#8221;&#8221; header_2_font_size_phone=&#8221;25px&#8221; header_2_font_size_last_edited=&#8221;on|phone&#8221;]<\/p>\n<blockquote>\n<h2>Izmenjava znanja udele\u017eencev v procesu izgradnje<\/h2>\n<\/blockquote>\n<p>Platforma omogo\u010da izobra\u017eevanje uporabnikom, projektantom in svetovalcem. Kot dodatek k referencam in obstoje\u010dim projektnim re\u0161itvam, vsebuje tudi merila, ki se jih lahko preveri.<\/p>\n<blockquote>\n<h2>B2B platforma s kompletno dokumentacijo<\/h2>\n<\/blockquote>\n<p><a href=\"https:\/\/b2b.alarmautomatika.com\/\">Alarm automatika B2B<\/a> platforma omogo\u010da iskanje najbolj\u0161ih produktov in re\u0161itev za razli\u010dne tipe in\u0161talacij. Vsebuje kompleten nabor opreme s podrobno dokumentacijo o izgledu, monta\u017ei, integraciji ter vzdr\u017eevanju pametnih varnostnih sistemov.<\/p>\n<blockquote>\n<h2>Unikatna B2B platforma, ki prihrani \u010das<\/h2>\n<\/blockquote>\n<p><a href=\"https:\/\/b2b.alarmautomatika.com\/\">B2B spletna platforma<\/a> , je bila narejena, da omogo\u010di uporabnikom pripravo vsega kar potrebujejo za svoje kon\u010dne stranke \u2013 priprava ponudb, dostava opreme in ra\u010dunov \u2013 brez ponavljanja dodatnih korakov. Ponudba se lahko spremeni v nabavni nalog, nabavni nalog pa v ra\u010dun. To pove\u010duje fleksibilnost in natan\u010dnost, prihrani \u010das in denar ter pove\u010da u\u010dinkovitost medtem, ko prepre\u010duje procesne napake.<\/p>\n<p>[\/et_pb_text][\/et_pb_column][et_pb_column type=&#8221;1_4&#8243; _builder_version=&#8221;4.6.0&#8243; _module_preset=&#8221;default&#8221; custom_padding_tablet=&#8221;&#8221; custom_padding_phone=&#8221;&#8221; custom_padding_last_edited=&#8221;on|phone&#8221;][\/et_pb_column][\/et_pb_row][\/et_pb_section]<\/p>\n","protected":false},"excerpt":{"rendered":"<p>Izmenjava znanja udele\u017eencev v procesu izgradnje Platforma omogo\u010da izobra\u017eevanje uporabnikom, projektantom in svetovalcem. Kot dodatek k referencam in obstoje\u010dim projektnim re\u0161itvam, vsebuje tudi merila, ki se jih lahko preveri. B2B platforma s kompletno dokumentacijo Alarm automatika B2B platforma omogo\u010da iskanje najbolj\u0161ih produktov in re\u0161itev za razli\u010dne tipe in\u0161talacij. Vsebuje kompleten nabor opreme s podrobno dokumentacijo [&hellip;]<\/p>\n","protected":false},"author":15,"featured_media":0,"parent":0,"menu_order":0,"comment_status":"closed","ping_status":"closed","template":"","meta":{"_et_pb_use_builder":"on","_et_pb_old_content":"","_et_gb_content_width":"","footnotes":""},"class_list":["post-4860","page","type-page","status-publish","hentry"],"_links":{"self":[{"href":"https:\/\/www.alarmautomatika.com\/sl\/wp-json\/wp\/v2\/pages\/4860","targetHints":{"allow":["GET"]}}],"collection":[{"href":"https:\/\/www.alarmautomatika.com\/sl\/wp-json\/wp\/v2\/pages"}],"about":[{"href":"https:\/\/www.alarmautomatika.com\/sl\/wp-json\/wp\/v2\/types\/page"}],"author":[{"embeddable":true,"href":"https:\/\/www.alarmautomatika.com\/sl\/wp-json\/wp\/v2\/users\/15"}],"replies":[{"embeddable":true,"href":"https:\/\/www.alarmautomatika.com\/sl\/wp-json\/wp\/v2\/comments?post=4860"}],"version-history":[{"count":0,"href":"https:\/\/www.alarmautomatika.com\/sl\/wp-json\/wp\/v2\/pages\/4860\/revisions"}],"wp:attachment":[{"href":"https:\/\/www.alarmautomatika.com\/sl\/wp-json\/wp\/v2\/media?parent=4860"}],"curies":[{"name":"wp","href":"https:\/\/api.w.org\/{rel}","templated":true}]}}