{"id":4893,"date":"2020-08-20T14:54:23","date_gmt":"2020-08-20T12:54:23","guid":{"rendered":"https:\/\/www.alarmautomatika.com\/stranke\/lastniki-stanovanjskih-ter-manjsih-poslovnih-prostorov\/"},"modified":"2023-11-10T08:59:38","modified_gmt":"2023-11-10T07:59:38","slug":"lastniki-stanovanjskih-ter-manjsih-poslovnih-prostorov","status":"publish","type":"page","link":"https:\/\/www.alarmautomatika.com\/sl\/stranke\/lastniki-stanovanjskih-ter-manjsih-poslovnih-prostorov\/","title":{"rendered":"Lastniki stanovanjskih ter manj\u0161ih poslovnih prostorov"},"content":{"rendered":"<p>[et_pb_section fb_built=&#8221;1&#8243; _builder_version=&#8221;4.6.2&#8243; _module_preset=&#8221;default&#8221; background_image=&#8221;https:\/\/www.alarmautomatika.com\/wp-content\/uploads\/2020\/09\/Vlasnici-stambenih-i-manjih-poslovnih-objekata.jpg&#8221; background_size=&#8221;initial&#8221; background_position=&#8221;top_center&#8221;][et_pb_row _builder_version=&#8221;4.6.0&#8243; _module_preset=&#8221;default&#8221; width=&#8221;95%&#8221;][et_pb_column type=&#8221;4_4&#8243; _builder_version=&#8221;4.6.0&#8243; _module_preset=&#8221;default&#8221;][et_pb_text _builder_version=&#8221;4.6.0&#8243; _dynamic_attributes=&#8221;content&#8221; _module_preset=&#8221;default&#8221; text_font=&#8221;|600|||||||&#8221; text_text_color=&#8221;#ffffff&#8221; text_font_size=&#8221;48px&#8221; text_line_height=&#8221;1.2em&#8221; custom_padding=&#8221;80px|50px||50px|false|true&#8221; text_font_size_tablet=&#8221;40px&#8221; text_font_size_phone=&#8221;32px&#8221; text_font_size_last_edited=&#8221;on|desktop&#8221; text_line_height_tablet=&#8221;&#8221; text_line_height_phone=&#8221;&#8221; text_line_height_last_edited=&#8221;on|phone&#8221; header_font_tablet=&#8221;&#8221; header_font_phone=&#8221;&#8221; header_font_last_edited=&#8221;on|phone&#8221; header_font_size_tablet=&#8221;&#8221; header_font_size_phone=&#8221;&#8221; header_font_size_last_edited=&#8221;on|phone&#8221; header_line_height_tablet=&#8221;&#8221; header_line_height_phone=&#8221;&#8221; header_line_height_last_edited=&#8221;on|desktop&#8221;]@ET-DC@eyJkeW5hbWljIjp0cnVlLCJjb250ZW50IjoicG9zdF90aXRsZSIsInNldHRpbmdzIjp7ImJlZm9yZSI6IiIsImFmdGVyIjoiIn19@[\/et_pb_text][\/et_pb_column][\/et_pb_row][et_pb_row column_structure=&#8221;3_4,1_4&#8243; _builder_version=&#8221;4.6.0&#8243; _module_preset=&#8221;default&#8221; background_color=&#8221;#ffffff&#8221; width=&#8221;95%&#8221; custom_margin=&#8221;20px||||false|false&#8221; custom_margin_tablet=&#8221;10px||||false|false&#8221; custom_margin_phone=&#8221;10px||||false|false&#8221; custom_margin_last_edited=&#8221;on|desktop&#8221; custom_padding=&#8221;50px|50px|50px|50px|true|true&#8221; box_shadow_style=&#8221;preset2&#8243;][et_pb_column type=&#8221;3_4&#8243; _builder_version=&#8221;4.6.0&#8243; _module_preset=&#8221;default&#8221;][et_pb_text _builder_version=&#8221;4.8.1&#8243; _module_preset=&#8221;default&#8221; link_font=&#8221;|600|||||||&#8221; header_2_text_align=&#8221;left&#8221; header_2_font_size=&#8221;30px&#8221; header_2_line_height=&#8221;1.2em&#8221; header_font_size_tablet=&#8221;48px&#8221; header_font_size_phone=&#8221;&#8221; header_font_size_last_edited=&#8221;on|tablet&#8221; header_2_font_size_tablet=&#8221;&#8221; header_2_font_size_phone=&#8221;25px&#8221; header_2_font_size_last_edited=&#8221;on|phone&#8221;]<\/p>\n<blockquote>\n<h2>Brez\u017ei\u010dne DIY re\u0161itve za pameten in varen dom<\/h2>\n<\/blockquote>\n<p>DIY (do-it-yourself) <a href=\"https:\/\/alex.shop\" target=\"_blank\" rel=\"noopener noreferrer\">re\u0161itve za pameten in siguren dom<\/a> lahko vsakdo samostojno vgradi in nastavi sistem, ki bo njihov dom ali pisarno \u0161\u010ditil pred vlomom. Ker temeljijo na brez\u017ei\u010dnem konceptu, te re\u0161itve ne vklju\u010dujejo in\u0161talacijskih del.<\/p>\n<blockquote>\n<h2>Nadzor in upravljanje preko mobilne naprave<\/h2>\n<\/blockquote>\n<p><a href=\"https:\/\/alex.shop\" target=\"_blank\" rel=\"noopener noreferrer\">Re\u0161itve za pameten in varen dom<\/a> se enostavno upravljajo preko mobilne aplikacije. Vsa obvestila iz naprave se avtomatsko posredujejo na mobilno napravo, uporabniki pa lahko preko mobilne naprave tudi upravljajo s sistemom.<\/p>\n<blockquote>\n<h2>Panik tipka za otroke in starej\u0161e osebe<\/h2>\n<\/blockquote>\n<p>Brez\u017ei\u010dne panik tipke omogo\u010dajo otrokom in starej\u0161im osebam, da hitro obvestijo dru\u017einske \u010dlane v kolikor potrebujejo pomo\u010d. Signal alarma je takoj poslan na mobilne naprave dru\u017einskih \u010dlanov, s tem pa lahko takoj prisko\u010dijo na pomo\u010d.<\/p>\n<blockquote>\n<h2>Ogled videa v realnem \u010dasu<\/h2>\n<\/blockquote>\n<p>Uporabniki lahko na svojem mobilni napravi takoj v realnem \u010dasu spremljajo dogajanje v varovanem prostoru.<\/p>\n<blockquote>\n<h2>Video in foto verifikacija alarma<\/h2>\n<\/blockquote>\n<p>Dostopne so re\u0161itve, ki omogo\u010dajo <a href=\"https:\/\/alex.shop\" target=\"_blank\" rel=\"noopener noreferrer\">video (preko kamer povezanih v sistem hi\u0161ne avtomatike) in foto (preko vlomnega detektorja z vgrajeno kamero) verifikacije alarma<\/a> poslanega na mobilno napravo.<\/p>\n<blockquote>\n<h2>Nadzorni center na dlani<\/h2>\n<\/blockquote>\n<p>Kada korisnik primi obavijest alarma sa sustava za\u0161tite na mobilni ure\u0111aj, putem <a href=\"https:\/\/www.alarmautomatika.com\/sl\/programska-oprema\/mobilna-aplikacija-za-potvrdu-zastitarske-intervencije\/\">ALEX mobilne aplikacije<\/a> mo\u017ee odabrati da li \u017eeli o tome obavijestiti za\u0161titarski dojavni centar. Tako se izbjegavaju nepotrebne i skupe intervencije.<\/p>\n<blockquote>\n<h2>Uporabni\u0161ki paketi<\/h2>\n<\/blockquote>\n<p>Uporabni\u0161ki paket je odvisen od velikosti sistema in izbranih storitev. Vsak uporabnik lahko izbere paket, ki je primeren za njegove trenutne potrebe.<\/p>\n<blockquote>\n<h2>Hi\u0161na avtomatika<\/h2>\n<\/blockquote>\n<p>Integracija naprav v <a href=\"https:\/\/alex.shop\" target=\"_blank\" rel=\"noopener noreferrer\">hi\u0161no avtomatiko<\/a> omogo\u010da enostavno upravljanje s porabo energije, gretjem, razsvetljavo in klimo preko mobilne naprave.<\/p>\n<p>[\/et_pb_text][\/et_pb_column][et_pb_column type=&#8221;1_4&#8243; _builder_version=&#8221;4.6.0&#8243; _module_preset=&#8221;default&#8221; custom_padding_tablet=&#8221;&#8221; custom_padding_phone=&#8221;&#8221; custom_padding_last_edited=&#8221;on|phone&#8221;][et_pb_image src=&#8221;https:\/\/www.alarmautomatika.com\/wp-content\/uploads\/2020\/10\/idea-express-logo-home-banner.png&#8221; alt=&#8221;iDEA Express&#8221; title_text=&#8221;iDEA Express&#8221; align=&#8221;center&#8221; _builder_version=&#8221;4.7.4&#8243; _module_preset=&#8221;default&#8221;][\/et_pb_image][et_pb_accordion module_class=&#8221;idea-value-propositions&#8221; _builder_version=&#8221;4.9.0&#8243; _module_preset=&#8221;default&#8221; global_module=&#8221;8296&#8243;][et_pb_accordion_item title=&#8221;Blank&#8221; open=&#8221;on&#8221; _builder_version=&#8221;4.9.0&#8243; _module_preset=&#8221;default&#8221; custom_css_main_element=&#8221;display:none;&#8221;][\/et_pb_accordion_item][et_pb_accordion_item title=&#8221;Stranke&#8221; _builder_version=&#8221;4.9.0&#8243; _module_preset=&#8221;default&#8221; open=&#8221;off&#8221;]<\/p>\n<p><a href=\"https:\/\/www.alarmautomatika.com\/sl\/stranke\/lastniki-stanovanjskih-ter-manjsih-poslovnih-prostorov\/\">Vlasnici stambenih i manjih poslovnih objekata<\/a><\/p>\n<p>[\/et_pb_accordion_item][et_pb_accordion_item title=&#8221;Izdelki&#8221; _builder_version=&#8221;4.9.0&#8243; _module_preset=&#8221;default&#8221; open=&#8221;off&#8221;]<\/p>\n<p><a href=\"https:\/\/www.alarmautomatika.com\/sl\/izdelki\/upravljanje-s-porabo-energije\/\">Upravljanje potro\u0161njom energije<\/a><\/p>\n<p><a href=\"https:\/\/www.alarmautomatika.com\/sl\/izdelki\/upravljanje-z-razsvetljavo\/\">Upravljanje rasvjetom<\/a><\/p>\n<p><a href=\"https:\/\/www.alarmautomatika.com\/sl\/izdelki\/protivlom-z-video-verifikacijo\/\">Protuprovala s videoverifikacijom<\/a><\/p>\n<p><a href=\"https:\/\/www.alarmautomatika.com\/sl\/izdelki\/prevencija-pozara-poplave-in-izpusta-plina\/\">Prevencija po\u017eara, poplave i istjecanja plina<\/a><\/p>\n<p><a href=\"https:\/\/www.alarmautomatika.com\/sl\/izdelki\/zaklepanje-vrat\/\">Pametne brave<\/a><\/p>\n<p><a href=\"https:\/\/www.alarmautomatika.com\/sl\/izdelki\/sos-medicinski-alarmi\/\">SOS medicinski alarmi<\/a><\/p>\n<p><a href=\"https:\/\/www.alarmautomatika.com\/sl\/izdelki\/videonadzor-pametnega-doma\/\">Videonadzor pametnog doma<\/a><\/p>\n<p>[\/et_pb_accordion_item][et_pb_accordion_item title=&#8221;Programska oprema&#8221; _builder_version=&#8221;4.9.0&#8243; _module_preset=&#8221;default&#8221; open=&#8221;off&#8221;]<\/p>\n<p><a href=\"https:\/\/www.alarmautomatika.com\/sl\/programska-oprema\/mobilna-aplikacija-za-potvrdu-zastitarske-intervencije\/\">Mobilna aplikacija za potvrdu za\u0161titarske intervencije<\/a><\/p>\n<p>[\/et_pb_accordion_item][et_pb_accordion_item title=&#8221;Storitve&#8221; _builder_version=&#8221;4.9.0&#8243; _module_preset=&#8221;default&#8221; open=&#8221;off&#8221;]<\/p>\n<p><a href=\"https:\/\/www.alarmautomatika.com\/sl\/storitve\/po-meri-uporabnika\/#paketi-prilagodjeni-potrebama-korisnika\" data-et-has-event-already=\"true\">Paketi prilago\u0111eni potrebama korisnika<\/a><\/p>\n<p><a href=\"https:\/\/www.alarmautomatika.com\/sl\/storitve\/po-meri-uporabnika\/#dojava-alarma-na-mobitel\" data-et-has-event-already=\"true\">Dojava alarma na mobitel<\/a><\/p>\n<p><a href=\"https:\/\/www.alarmautomatika.com\/sl\/storitve\/po-meri-uporabnika\/#servis-uredjaja\" data-et-has-event-already=\"true\">Servis ure\u0111aja<\/a><\/p>\n<p><a href=\"https:\/\/www.alarmautomatika.com\/sl\/storitve\/po-meri-uporabnika\/#monitoring-sustava\" data-et-has-event-already=\"true\">Monitoring sustava<\/a><\/p>\n<p><a href=\"https:\/\/www.alarmautomatika.com\/sl\/storitve\/po-meri-uporabnika\/#zastitarska-intervencija\" data-et-has-event-already=\"true\">Za\u0161titarska intervencija<\/a><\/p>\n<p>[\/et_pb_accordion_item][et_pb_accordion_item title=&#8221;Platforma&#8221; _builder_version=&#8221;4.9.0&#8243; _module_preset=&#8221;default&#8221; open=&#8221;off&#8221;]<\/p>\n<p><a href=\"https:\/\/www.alarmautomatika.com\/sl\/platforma\/#b2c-platforma\" data-et-has-event-already=\"true\">Interaktivna B2C platforma<\/a><\/p>\n<p>[\/et_pb_accordion_item][\/et_pb_accordion][\/et_pb_column][\/et_pb_row][\/et_pb_section]<\/p>\n","protected":false},"excerpt":{"rendered":"<p>Brez\u017ei\u010dne DIY re\u0161itve za pameten in varen dom DIY (do-it-yourself) re\u0161itve za pameten in siguren dom lahko vsakdo samostojno vgradi in nastavi sistem, ki bo njihov dom ali pisarno \u0161\u010ditil pred vlomom. Ker temeljijo na brez\u017ei\u010dnem konceptu, te re\u0161itve ne vklju\u010dujejo in\u0161talacijskih del. Nadzor in upravljanje preko mobilne naprave Re\u0161itve za pameten in varen dom [&hellip;]<\/p>\n","protected":false},"author":15,"featured_media":0,"parent":4868,"menu_order":0,"comment_status":"closed","ping_status":"closed","template":"","meta":{"_et_pb_use_builder":"on","_et_pb_old_content":"","_et_gb_content_width":"","footnotes":""},"class_list":["post-4893","page","type-page","status-publish","hentry"],"_links":{"self":[{"href":"https:\/\/www.alarmautomatika.com\/sl\/wp-json\/wp\/v2\/pages\/4893","targetHints":{"allow":["GET"]}}],"collection":[{"href":"https:\/\/www.alarmautomatika.com\/sl\/wp-json\/wp\/v2\/pages"}],"about":[{"href":"https:\/\/www.alarmautomatika.com\/sl\/wp-json\/wp\/v2\/types\/page"}],"author":[{"embeddable":true,"href":"https:\/\/www.alarmautomatika.com\/sl\/wp-json\/wp\/v2\/users\/15"}],"replies":[{"embeddable":true,"href":"https:\/\/www.alarmautomatika.com\/sl\/wp-json\/wp\/v2\/comments?post=4893"}],"version-history":[{"count":1,"href":"https:\/\/www.alarmautomatika.com\/sl\/wp-json\/wp\/v2\/pages\/4893\/revisions"}],"predecessor-version":[{"id":49915,"href":"https:\/\/www.alarmautomatika.com\/sl\/wp-json\/wp\/v2\/pages\/4893\/revisions\/49915"}],"up":[{"embeddable":true,"href":"https:\/\/www.alarmautomatika.com\/sl\/wp-json\/wp\/v2\/pages\/4868"}],"wp:attachment":[{"href":"https:\/\/www.alarmautomatika.com\/sl\/wp-json\/wp\/v2\/media?parent=4893"}],"curies":[{"name":"wp","href":"https:\/\/api.w.org\/{rel}","templated":true}]}}