{"id":4896,"date":"2020-08-20T14:46:51","date_gmt":"2020-08-20T12:46:51","guid":{"rendered":"https:\/\/www.alarmautomatika.com\/programska-oprema\/prijem-i-obrada-alarma\/"},"modified":"2022-02-03T10:21:18","modified_gmt":"2022-02-03T09:21:18","slug":"prijem-i-obrada-alarma","status":"publish","type":"page","link":"https:\/\/www.alarmautomatika.com\/sl\/programska-oprema\/prijem-i-obrada-alarma\/","title":{"rendered":"ABsistemDC(NG)v2 programska oprema za centralizacijo alarmnih sistemov"},"content":{"rendered":"<p>[et_pb_section fb_built=&#8221;1&#8243; _builder_version=&#8221;4.6.2&#8243; _module_preset=&#8221;default&#8221; background_image=&#8221;https:\/\/www.alarmautomatika.com\/wp-content\/uploads\/2020\/09\/centralizacija.jpg&#8221; background_size=&#8221;initial&#8221; background_position=&#8221;top_center&#8221; global_colors_info=&#8221;{}&#8221;][et_pb_row _builder_version=&#8221;4.7.4&#8243; _module_preset=&#8221;default&#8221; width=&#8221;95%&#8221; global_colors_info=&#8221;{}&#8221;][et_pb_column type=&#8221;4_4&#8243; _builder_version=&#8221;4.6.0&#8243; _module_preset=&#8221;default&#8221; global_colors_info=&#8221;{}&#8221;][et_pb_text _builder_version=&#8221;4.6.0&#8243; _dynamic_attributes=&#8221;content&#8221; _module_preset=&#8221;default&#8221; text_font=&#8221;|600|||||||&#8221; text_text_color=&#8221;#ffffff&#8221; text_font_size=&#8221;48px&#8221; text_line_height=&#8221;1.2em&#8221; custom_padding=&#8221;80px|50px||50px|false|true&#8221; text_font_size_tablet=&#8221;40px&#8221; text_font_size_phone=&#8221;32px&#8221; text_font_size_last_edited=&#8221;on|desktop&#8221; text_line_height_tablet=&#8221;&#8221; text_line_height_phone=&#8221;&#8221; text_line_height_last_edited=&#8221;on|phone&#8221; header_font_tablet=&#8221;&#8221; header_font_phone=&#8221;&#8221; header_font_last_edited=&#8221;on|phone&#8221; header_font_size_tablet=&#8221;&#8221; header_font_size_phone=&#8221;&#8221; header_font_size_last_edited=&#8221;on|phone&#8221; header_line_height_tablet=&#8221;&#8221; header_line_height_phone=&#8221;&#8221; header_line_height_last_edited=&#8221;on|desktop&#8221; global_colors_info=&#8221;{}&#8221;]@ET-DC@eyJkeW5hbWljIjp0cnVlLCJjb250ZW50IjoicG9zdF90aXRsZSIsInNldHRpbmdzIjp7ImJlZm9yZSI6IiIsImFmdGVyIjoiIn19@[\/et_pb_text][\/et_pb_column][\/et_pb_row][et_pb_row column_structure=&#8221;3_4,1_4&#8243; _builder_version=&#8221;4.6.0&#8243; _module_preset=&#8221;default&#8221; background_color=&#8221;#ffffff&#8221; width=&#8221;95%&#8221; custom_margin=&#8221;20px||||false|false&#8221; custom_margin_tablet=&#8221;10px||||false|false&#8221; custom_margin_phone=&#8221;10px||||false|false&#8221; custom_margin_last_edited=&#8221;on|desktop&#8221; custom_padding=&#8221;43px|50px|43px|50px|true|true&#8221; box_shadow_style=&#8221;preset2&#8243; global_colors_info=&#8221;{}&#8221;][et_pb_column type=&#8221;3_4&#8243; _builder_version=&#8221;4.6.0&#8243; _module_preset=&#8221;default&#8221; global_colors_info=&#8221;{}&#8221;][et_pb_text _builder_version=&#8221;4.10.5&#8243; _module_preset=&#8221;default&#8221; hover_enabled=&#8221;0&#8243; global_colors_info=&#8221;{}&#8221; sticky_enabled=&#8221;0&#8243;]<\/p>\n<p>ABsistemDC(NG)v2 je programska oprema, ki omogo\u010da centralizacijo alarmnih signalov z za\u0161\u010ditenih predmetov v centru za obvestila. Njegov namen je zagotoviti zanesljiv sprejem in kakovostno obdelavo alarmnih signalov ter olaj\u0161ati delo operaterju klicnega centra. Uporablja se v varnostnih alarmnih centrih za nadzor za\u0161\u010ditenih objektov, po\u017earno -alarmnih centrov za sprejem alarmov iz po\u017earnega alarmnega sistema in v ve\u010djih podjetjih, ki imajo svoj alarmni center.<\/p>\n<p>R&#038;D Oddelek za raziskave in razvoj Alarm automatike od leta 1992 nenehno razvija programsko opremo ABsistemDC (NG)v2 in jo prilagaja novim tehnologijam in potrebam uporabnikov. Izveden je bil v stotinah centrov za opozarjanje v regiji in je bil ve\u010dkrat nagrajen za inovacijo Video Verification of Alarm Signal.\n<\/p>\n<p>[\/et_pb_text][et_pb_image src=&#8221;https:\/\/www.alarmautomatika.com\/wp-content\/uploads\/2021\/08\/DCNG-monitori-2021-header-web.jpg&#8221; alt=&#8221;ABsistemDC(NG)v2&#8243; align=&#8221;center&#8221; _builder_version=&#8221;4.10.5&#8243; _module_preset=&#8221;default&#8221; global_colors_info=&#8221;{}&#8221;][\/et_pb_image][et_pb_text _builder_version=&#8221;4.10.5&#8243; _module_preset=&#8221;default&#8221; link_font=&#8221;|600|||||||&#8221; header_2_text_align=&#8221;left&#8221; header_2_font_size=&#8221;30px&#8221; header_2_line_height=&#8221;1.2em&#8221; header_font_size_tablet=&#8221;48px&#8221; header_font_size_phone=&#8221;&#8221; header_font_size_last_edited=&#8221;on|tablet&#8221; header_2_font_size_tablet=&#8221;&#8221; header_2_font_size_phone=&#8221;25px&#8221; header_2_font_size_last_edited=&#8221;on|phone&#8221; global_colors_info=&#8221;{}&#8221;]<\/p>\n<blockquote>\n<h2>Prednosti ABsistemDC(NG)v2 programske opreme<\/h2>\n<\/blockquote>\n<p><strong>Video verifikacija <\/strong><br \/>\nOmogo\u010da skoraj takoj\u0161en, avtomati\u010den, prikaz video signala iz lokacije, kjer se je spro\u017eil alarm in tako prepre\u010duje nepotrebne intervencije varnostnih slu\u017eb.<\/p>\n<p><img loading=\"lazy\" decoding=\"async\" class=\"wp-image-22384 aligncenter \" src=\"https:\/\/www.alarmautomatika.com\/wp-content\/uploads\/2021\/08\/zlatna-kuna-za-inovaciju-2009.png\" alt=\"\" width=\"192\" height=\"107\" srcset=\"https:\/\/www.alarmautomatika.com\/wp-content\/uploads\/2021\/08\/zlatna-kuna-za-inovaciju-2009.png 360w, https:\/\/www.alarmautomatika.com\/wp-content\/uploads\/2021\/08\/zlatna-kuna-za-inovaciju-2009-300x167.png 300w\" sizes=\"(max-width: 192px) 100vw, 192px\" \/><\/p>\n<p style=\"text-align: center;\"><em>Zlatna kuna za inovaciju 2009<\/em><\/p>\n<p><strong>Podpira \u0161tevilne komunikacijske formate \u00a0\u00a0 \u00a0\u00a0 <\/strong><br \/>\nABsistemDC(NG)v2 programska oprema podpira vse znane komunikacijske formate in je tako kompatibilna s sprejemniki razli\u010dnih proizvajalcev varnostnih sistemov: SurGard, Visonic, Paradox, Enigma, Ademco, AMC, Eldes, Bosch, Satel, Inim, S-Link, in drugih MLR kompatibilnih sprejemnikov.<\/p>\n<p><strong>Verzija z oblakom<br \/>\n<\/strong>ABsistemDCcloud je storitev, ki omogo\u010da sprejem alarmnih signalov v varnostno <a href=\"https:\/\/www.alarmautomatika.com\/sl\/stranke\/centralni-nadzorni-sistemi\/\">nadzornih centrih<\/a> preko Cloud tehnologije. Vklju\u010duje stre\u017eni\u0161ko aplikacijo, ki procesira alarmne dogodke, na lokaciji Alarm automatike ter uporabni\u0161ko aplikacijo, na kateri se sprejemajo \u017ee obdelani dogodki na ra\u010dunalniku nadzornega centra.<\/p>\n<p><img loading=\"lazy\" decoding=\"async\" class=\"aligncenter wp-image-19157 size-full\" src=\"https:\/\/www.alarmautomatika.com\/wp-content\/uploads\/2021\/07\/esif-hamag-logo.jpg\" alt=\"\" width=\"430\" height=\"70\" srcset=\"https:\/\/www.alarmautomatika.com\/wp-content\/uploads\/2021\/07\/esif-hamag-logo.jpg 430w, https:\/\/www.alarmautomatika.com\/wp-content\/uploads\/2021\/07\/esif-hamag-logo-300x49.jpg 300w\" sizes=\"(max-width: 430px) 100vw, 430px\" \/><\/p>\n<p style=\"text-align: center;\"><em>Uz potporu Hamag invest<\/em><\/p>\n<p><strong>Ve\u010djezi\u010dnost<br \/>\n<\/strong>Operaterji v <a href=\"https:\/\/www.alarmautomatika.com\/sl\/stranke\/centralni-nadzorni-sistemi\/\">nadzornih centrih<\/a> sprejemajo vsa sporo\u010dila v jeziku, ki jim je najbolj poznan, s terminologijo, ki jo uporabljajo.<\/p>\n<p><strong>WatchDog<br \/>\n<\/strong>Nadzorovanje razli\u010dnih tipov snemalnikov preko omre\u017eja (napajanje, kamere ter statusi trdega diska), lokalno ali preko spleta.<\/p>\n<p><strong>Verifikacija alarmov z Ajax MotionCam detektorjem<\/strong><\/p>\n<p><a href=\"https:\/\/ajax.systems\/blog\/absistemdc-monitoring-software\/\" target=\"_blank\" rel=\"noopener noreferrer\">Ko je aktiviran Ajax MotionCam detektor, ta avtomati\u010dno po\u0161lje serijo slik dogodka v nadzorni center<\/a>, kar omogo\u010da verifikacijo alarma v realnem \u010dasu.<\/p>\n<blockquote>\n<h2>Modularni koncept, za popolno adaptacijo potreb uporabnika<\/h2>\n<\/blockquote>\n<p><strong>Osnovna programska oprema<\/strong><\/p>\n<p>Osnovna programska oprema, omogo\u010da nadzor do 500 lokacij in enega operaterja, v kolikor je potrebno, se lahko raz\u0161iri za dodatnih 500 lokacij (License 500) in za dodatnega operaterja (License Additional Operator).<\/p>\n<ul>\n<li><strong>Procesiranje dogodkov<\/strong><br \/>\nModul omogo\u010da prikaz in procesiranje alarmnih dogodkov.<\/li>\n<li><strong>Imenik<\/strong><br \/>\nModul za urejanje kontaktnih informacij o lastnikih varovanih lokacij.<\/li>\n<li><strong>Poro\u010dila<\/strong><br \/>\nModul za samodejno po\u0161iljanje poro\u010dil in obvestil.<\/li>\n<li><strong>Namestitev<\/strong><br \/>\nModul za sistemske nastavitve ter nadzor storitev.<\/li>\n<li><strong>Urniki (izjeme)<\/strong><br \/>\nModul za nadziranje odpiranj \/ zapiranj in testov iz nadzorovanih lokacij.<\/li>\n<\/ul>\n<p><strong>Dodatni moduli<\/strong><\/p>\n<ul>\n<li><strong>Video verifikacija<\/strong><br \/>\nOmogo\u010da avtomati\u010dni prikaz zajema kamer iz nadzorovanih lokacij.<\/li>\n<li><strong>ABsistemGuardPatrol<\/strong><br \/>\nV kombinaciji z ABsistemGuardPatrol mobilno aplikacijo zagotavlja nadzor nad varnostniki v realnem \u010dasu.<\/li>\n<li><strong>WEB\u00a0dostop<\/strong><br \/>\nOmogo\u010da uporabnikom dostop do njihovih ra\u010dunov preko spleta.<\/li>\n<li><strong>Na\u010drt objekta<\/strong><br \/>\nPrikazuje grafi\u010dno prezentacijo statusa nadzorovanih con.<\/li>\n<li><strong>Postopki<\/strong><br \/>\nModul zagotavlja vodenje po korakih, za vsak definiran proces ter za vsak dolo\u010den ra\u010dun in opozori operaterja kak\u0161en korak naj stori.<\/li>\n<li><strong>SMS modul<\/strong><br \/>\nOmogo\u010da po\u0161iljanje sms sporo\u010dil z vnaprej definiranimi dogodki na naro\u010dnikov mobilni telefon.<\/li>\n<\/ul>\n<p>[\/et_pb_text][\/et_pb_column][et_pb_column type=&#8221;1_4&#8243; _builder_version=&#8221;4.6.0&#8243; _module_preset=&#8221;default&#8221; custom_padding_tablet=&#8221;&#8221; custom_padding_phone=&#8221;&#8221; custom_padding_last_edited=&#8221;on|phone&#8221; global_colors_info=&#8221;{}&#8221;][et_pb_image src=&#8221;https:\/\/www.alarmautomatika.com\/wp-content\/uploads\/2020\/10\/idea-classic-logo-home-banner.png&#8221; alt=&#8221;iDEA Classic&#8221; title_text=&#8221;iDEA Classic&#8221; align=&#8221;center&#8221; _builder_version=&#8221;4.7.4&#8243; _module_preset=&#8221;default&#8221; global_colors_info=&#8221;{}&#8221;][\/et_pb_image][et_pb_accordion module_class=&#8221;idea-value-propositions&#8221; _builder_version=&#8221;4.9.0&#8243; _module_preset=&#8221;default&#8221; global_module=&#8221;8295&#8243; global_colors_info=&#8221;{}&#8221;][et_pb_accordion_item title=&#8221;Blank&#8221; open=&#8221;on&#8221; _builder_version=&#8221;4.9.0&#8243; _module_preset=&#8221;default&#8221; custom_css_main_element=&#8221;display:none;&#8221; global_colors_info=&#8221;{}&#8221;][\/et_pb_accordion_item][et_pb_accordion_item title=&#8221;Stranke&#8221; _builder_version=&#8221;4.9.0&#8243; _module_preset=&#8221;default&#8221; global_colors_info=&#8221;{}&#8221; open=&#8221;off&#8221;]<\/p>\n<p><a href=\"https:\/\/www.alarmautomatika.com\/sl\/stranke\/licencirani-instalaterji-varnostnih-sistemov\/\">Instalateri tehni\u010dke za\u0161tite<\/a><\/p>\n<p><a href=\"https:\/\/www.alarmautomatika.com\/sl\/stranke\/centralni-nadzorni-sistemi\/\">Dojavni centri<\/a><\/p>\n<p><a href=\"https:\/\/www.alarmautomatika.com\/sl\/stranke\/elektricarji\/\">Elektri\u010dari<\/a><\/p>\n<p><a href=\"https:\/\/www.alarmautomatika.com\/sl\/stranke\/tehnicne-ter-racunalniske-trgovine-in-spletne-trgovine\/\">Trgovine elektromaterijalom i IT opremom, internet trgovine<\/a><\/p>\n<p>[\/et_pb_accordion_item][et_pb_accordion_item title=&#8221;Izdelki&#8221; _builder_version=&#8221;4.9.0&#8243; _module_preset=&#8221;default&#8221; global_colors_info=&#8221;{}&#8221; open=&#8221;off&#8221;]<\/p>\n<p><a href=\"https:\/\/www.alarmautomatika.com\/sl\/izdelki\/video-nadzor\/\">Videonadzor<\/a><\/p>\n<p><a href=\"https:\/\/www.alarmautomatika.com\/sl\/izdelki\/protivlomni-sistemi\/\">Protuprovala i protuprepad<\/a><\/p>\n<p><a href=\"https:\/\/www.alarmautomatika.com\/sl\/izdelki\/video-domofoni\/\">Videointerfoni<\/a><\/p>\n<p><a href=\"https:\/\/www.alarmautomatika.com\/sl\/izdelki\/kontrola-pristopa-ter-registracija-delovnega-casa\/\">Kontrola pristupa i evidencija radnog vremena<\/a><\/p>\n<p><a href=\"https:\/\/www.alarmautomatika.com\/sl\/izdelki\/avdio-resitve\/\">Audio rje\u0161enja<\/a><\/p>\n<p><a href=\"https:\/\/www.alarmautomatika.com\/sl\/izdelki\/motorizirane-zapornice-in-vrata\/\">Automatske rampe i vrata<\/a><\/p>\n<p><a href=\"https:\/\/www.alarmautomatika.com\/sl\/izdelki\/oprema-za-centralne-nadzorne-sisteme\/\">Oprema za dojavne centre<\/a><\/p>\n<p><a href=\"https:\/\/www.alarmautomatika.com\/sl\/izdelki\/sistemi-avtomatskega-javljanja-pozara-in-plina\/\">Dojava po\u017eara i plina<\/a><\/p>\n<p>[\/et_pb_accordion_item][et_pb_accordion_item title=&#8221;Programska oprema&#8221; _builder_version=&#8221;4.9.0&#8243; _module_preset=&#8221;default&#8221; global_colors_info=&#8221;{}&#8221; open=&#8221;off&#8221;]<\/p>\n<p><a href=\"https:\/\/www.alarmautomatika.com\/sl\/programska-oprema\/prijem-i-obrada-alarma\/\">Prijem i obrada signala alarma<\/a><\/p>\n<p>[\/et_pb_accordion_item][et_pb_accordion_item title=&#8221;Storitve&#8221; _builder_version=&#8221;4.9.0&#8243; _module_preset=&#8221;default&#8221; global_colors_info=&#8221;{}&#8221; open=&#8221;off&#8221;]<\/p>\n<p><a href=\"https:\/\/www.alarmautomatika.com\/sl\/storitve\/koncept-vse-na-enem-mestu\/#prodajna-i-tehnicka-podrska\" data-et-has-event-already=\"true\">Prodajna i tehni\u010dka podr\u0161ka<\/a><\/p>\n<p><a href=\"https:\/\/www.alarmautomatika.com\/sl\/storitve\/koncept-vse-na-enem-mestu\/#oprema-na-skladistu\" data-et-has-event-already=\"true\">Oprema na skladi\u0161tu<\/a><\/p>\n<p><a href=\"https:\/\/www.alarmautomatika.com\/sl\/storitve\/koncept-vse-na-enem-mestu\/#edukacija-instalatera\" data-et-has-event-already=\"true\">Edukacija instalatera<\/a><\/p>\n<p><a href=\"https:\/\/www.alarmautomatika.com\/sl\/storitve\/koncept-vse-na-enem-mestu\/#b2b-online-platforma\" data-et-has-event-already=\"true\">B2B online platforma<\/a><\/p>\n<p><a href=\"https:\/\/www.alarmautomatika.com\/sl\/storitve\/koncept-vse-na-enem-mestu\/#servis\" data-et-has-event-already=\"true\">Servis<\/a><\/p>\n<p><a href=\"https:\/\/www.alarmautomatika.com\/sl\/storitve\/koncept-vse-na-enem-mestu\/#idea-classic-katalog\" data-et-has-event-already=\"true\">iDEA Classic katalog<\/a><\/p>\n<p>[\/et_pb_accordion_item][et_pb_accordion_item title=&#8221;Platforma&#8221; _builder_version=&#8221;4.9.0&#8243; _module_preset=&#8221;default&#8221; global_colors_info=&#8221;{}&#8221; open=&#8221;off&#8221;]<\/p>\n<p><a href=\"https:\/\/www.alarmautomatika.com\/sl\/platforma\/#b2b-platforma\" data-et-has-event-already=\"true\">Jedinstvena B2B platforma koja \u0161tedi vrijeme<\/a><\/p>\n<p>[\/et_pb_accordion_item][\/et_pb_accordion][\/et_pb_column][\/et_pb_row][\/et_pb_section]<\/p>\n","protected":false},"excerpt":{"rendered":"<p>ABsistemDC(NG)v2 je programska oprema, ki omogo\u010da centralizacijo alarmnih signalov z za\u0161\u010ditenih predmetov v centru za obvestila. Njegov namen je zagotoviti zanesljiv sprejem in kakovostno obdelavo alarmnih signalov ter olaj\u0161ati delo operaterju klicnega centra. Uporablja se v varnostnih alarmnih centrih za nadzor za\u0161\u010ditenih objektov, po\u017earno -alarmnih centrov za sprejem alarmov iz po\u017earnega alarmnega sistema in v [&hellip;]<\/p>\n","protected":false},"author":15,"featured_media":0,"parent":4863,"menu_order":0,"comment_status":"closed","ping_status":"closed","template":"","meta":{"_et_pb_use_builder":"on","_et_pb_old_content":"","_et_gb_content_width":"","footnotes":""},"class_list":["post-4896","page","type-page","status-publish","hentry"],"_links":{"self":[{"href":"https:\/\/www.alarmautomatika.com\/sl\/wp-json\/wp\/v2\/pages\/4896","targetHints":{"allow":["GET"]}}],"collection":[{"href":"https:\/\/www.alarmautomatika.com\/sl\/wp-json\/wp\/v2\/pages"}],"about":[{"href":"https:\/\/www.alarmautomatika.com\/sl\/wp-json\/wp\/v2\/types\/page"}],"author":[{"embeddable":true,"href":"https:\/\/www.alarmautomatika.com\/sl\/wp-json\/wp\/v2\/users\/15"}],"replies":[{"embeddable":true,"href":"https:\/\/www.alarmautomatika.com\/sl\/wp-json\/wp\/v2\/comments?post=4896"}],"version-history":[{"count":0,"href":"https:\/\/www.alarmautomatika.com\/sl\/wp-json\/wp\/v2\/pages\/4896\/revisions"}],"up":[{"embeddable":true,"href":"https:\/\/www.alarmautomatika.com\/sl\/wp-json\/wp\/v2\/pages\/4863"}],"wp:attachment":[{"href":"https:\/\/www.alarmautomatika.com\/sl\/wp-json\/wp\/v2\/media?parent=4896"}],"curies":[{"name":"wp","href":"https:\/\/api.w.org\/{rel}","templated":true}]}}