{"id":4911,"date":"2020-08-20T14:32:02","date_gmt":"2020-08-20T12:32:02","guid":{"rendered":"https:\/\/www.alarmautomatika.com\/izdelki\/video-domofoni\/"},"modified":"2024-04-22T09:00:53","modified_gmt":"2024-04-22T07:00:53","slug":"video-domofoni","status":"publish","type":"page","link":"https:\/\/www.alarmautomatika.com\/sl\/izdelki\/video-domofoni\/","title":{"rendered":"Video domofoni"},"content":{"rendered":"<p>[et_pb_section fb_built=&#8221;1&#8243; _builder_version=&#8221;4.16&#8243; _module_preset=&#8221;default&#8221; background_image=&#8221;https:\/\/www.alarmautomatika.com\/wp-content\/uploads\/2020\/09\/Videointerfoni.jpg&#8221; background_size=&#8221;initial&#8221; background_position=&#8221;top_center&#8221; global_colors_info=&#8221;{}&#8221;][et_pb_row _builder_version=&#8221;4.16&#8243; _module_preset=&#8221;default&#8221; width=&#8221;95%&#8221; global_colors_info=&#8221;{}&#8221;][et_pb_column type=&#8221;4_4&#8243; _builder_version=&#8221;4.16&#8243; _module_preset=&#8221;default&#8221; global_colors_info=&#8221;{}&#8221;][et_pb_text _builder_version=&#8221;4.16&#8243; _dynamic_attributes=&#8221;content&#8221; _module_preset=&#8221;default&#8221; text_font=&#8221;|600|||||||&#8221; text_text_color=&#8221;#ffffff&#8221; text_font_size=&#8221;48px&#8221; text_line_height=&#8221;1.2em&#8221; custom_padding=&#8221;80px|50px||50px|false|true&#8221; text_font_size_tablet=&#8221;40px&#8221; text_font_size_phone=&#8221;32px&#8221; text_font_size_last_edited=&#8221;on|desktop&#8221; text_line_height_tablet=&#8221;&#8221; text_line_height_phone=&#8221;&#8221; text_line_height_last_edited=&#8221;on|phone&#8221; header_font_tablet=&#8221;&#8221; header_font_phone=&#8221;&#8221; header_font_last_edited=&#8221;on|phone&#8221; header_font_size_tablet=&#8221;&#8221; header_font_size_phone=&#8221;&#8221; header_font_size_last_edited=&#8221;on|phone&#8221; header_line_height_tablet=&#8221;&#8221; header_line_height_phone=&#8221;&#8221; header_line_height_last_edited=&#8221;on|desktop&#8221; global_colors_info=&#8221;{}&#8221;]@ET-DC@eyJkeW5hbWljIjp0cnVlLCJjb250ZW50IjoicG9zdF90aXRsZSIsInNldHRpbmdzIjp7ImJlZm9yZSI6IiIsImFmdGVyIjoiIn19@[\/et_pb_text][\/et_pb_column][\/et_pb_row][et_pb_row column_structure=&#8221;3_4,1_4&#8243; _builder_version=&#8221;4.16&#8243; _module_preset=&#8221;default&#8221; background_color=&#8221;#ffffff&#8221; width=&#8221;95%&#8221; custom_margin=&#8221;20px||||false|false&#8221; custom_margin_tablet=&#8221;10px||||false|false&#8221; custom_margin_phone=&#8221;10px||||false|false&#8221; custom_margin_last_edited=&#8221;on|desktop&#8221; custom_padding=&#8221;50px|50px|50px|50px|true|true&#8221; box_shadow_style=&#8221;preset2&#8243; global_colors_info=&#8221;{}&#8221;][et_pb_column type=&#8221;3_4&#8243; _builder_version=&#8221;4.16&#8243; _module_preset=&#8221;default&#8221; global_colors_info=&#8221;{}&#8221;][et_pb_text _builder_version=&#8221;4.24.3&#8243; _module_preset=&#8221;default&#8221; link_font=&#8221;|600|||||||&#8221; header_2_text_align=&#8221;left&#8221; header_2_font_size=&#8221;30px&#8221; header_2_line_height=&#8221;1.2em&#8221; hover_enabled=&#8221;0&#8243; header_font_size_tablet=&#8221;48px&#8221; header_font_size_phone=&#8221;&#8221; header_font_size_last_edited=&#8221;on|tablet&#8221; header_2_font_size_tablet=&#8221;&#8221; header_2_font_size_phone=&#8221;25px&#8221; header_2_font_size_last_edited=&#8221;on|phone&#8221; global_colors_info=&#8221;{}&#8221; sticky_enabled=&#8221;0&#8243;]<\/p>\n<blockquote>\n<h2>Fleksibilnost DVC monitorjev in vhodnih panelov<\/h2>\n<\/blockquote>\n<p><a href=\"https:\/\/www.dvc.video\/\" target=\"_blank\" rel=\"noopener noreferrer\">DVC<\/a> notranji monitorji so fleksibilni tako v velikosti kot tudi v zmogljivosti, zaradi tega je mogo\u010de prilagoditi sistem razli\u010dnim potrebam strank. Najbolj napredna enota omogo\u010da Wi-Fi internetni dostop, tako ni potrebnih dodatnih naprav. Upravlja se preko zaslona na dotik, podprto je tudi upravljanje preko mobilnega telefona, lahko pa se dodajo pomo\u017eni monitorji, kot raz\u0161iritev sistema.<\/p>\n<p><a href=\"https:\/\/www.dvc.video\/\" target=\"_blank\" rel=\"noopener noreferrer\">DVC<\/a> vhodne enote karakterizira visoka kvaliteta kot tudi oblika. Narejeni so iz nerjave\u010dega jekla ali obdelanega aluminija, kar pove\u010da odpornost na atmosferske vplive. Novi modeli ponujajo tudi napredno kvaliteto slike, z napredno barvno fisheye kamero, majhne dimenzije pa dodajo fleksibilnost pri izbiri lokacije monta\u017ee.<\/p>\n<blockquote>\n<h2>DVC 2Easy video domofonski sistemi<\/h2>\n<\/blockquote>\n<p>S samo dvema \u017eicama (brez polaritete) na celotni in\u0161talaciji, 2Easy sistem je poenostavljen, omogo\u010da, da se lahko obstoje\u010di avdio sistemi, sploh v ve\u010djih stanovanjskih objektih, zamenjajo z modernimi <a href=\"https:\/\/www.dvc.video\/\" target=\"_blank\" rel=\"noopener noreferrer\">DVC<\/a> video sistemi, brez dodatnih stro\u0161kov.<\/p>\n<blockquote>\n<h2>DVC IP video-domofonski sistemi<\/h2>\n<\/blockquote>\n<p><a href=\"https:\/\/www.dvc.video\/\" target=\"_blank\" rel=\"noopener noreferrer\">DVC<\/a> IP video-domofonski sistemi so stabilna, fleksibilna, cenovno ugodna in in\u0161talacijsko preprosta re\u0161itev. Enostavno se lahko integrira z drugimi sistemi. Do 32 monitorjev se lahko programira na naslovih, z neomejenimi razdaljami. Hitre in preproste in\u0161talacije, brez dodatnih napajalnikov, distributerjev ali drugih modulov. Tako je to idealna re\u0161itev za vse vrste objektov, majhne, srednje ali velike. IP sistemi zagotavljajo visoko kvaliteto video in avdio signalov, ki uporabljajo obstoje\u010do mre\u017eno infrastrukturo, mogo\u010da je integracija z Wi-Fi antenami in 2 \u017eilnimi sistemi, kot tudi uporabo univerzalnih PoE napajalnikov ter vklju\u010ditev IP kamer.<\/p>\n<blockquote>\n<h2>DVC modularne vhodne enote<\/h2>\n<\/blockquote>\n<p>Kot dodatno funkcionalnost vsake <a href=\"https:\/\/www.dvc.video\/\" target=\"_blank\" rel=\"noopener noreferrer\">DVC<\/a> vhodne enote, modularni sistem omogo\u010da maksimalno prilagodljivost specifi\u010dnim potrebam objektov. Povsem modularni sistem omogo\u010da kombiniranje 4-tipkovne module v okvirjih, ki sprejmejo 2, 3, 4 ali 6 modulov. Mogo\u010da je tudi uporaba blindiranih tipk, za neporabljene tipke. Sistem je povsem fleksibilen in prilagodljiv za razli\u010dne potrebe uporabnikov, vse te funkcije pa prispevajo k splo\u0161nem izgledu.<\/p>\n<blockquote>\n<h2>DVC 2Easy aplikacija za video domofonske sisteme<\/h2>\n<\/blockquote>\n<p>DVC 2Easy mobilna aplikacija je enostavna za uporabo in ponuja uporabnikom prijazen sistem za upravljanje z domofonom. Iz aplikacijskega menija uporabnik lahko odgovarja na klice iz zunanje enote, govori z obiskovalci preko mobilne naprave, sprejema video klice in dovoljuje dostop do objekta preko mobilnega telefona ali tablice.[\/et_pb_text][\/et_pb_column][et_pb_column type=&#8221;1_4&#8243; _builder_version=&#8221;4.16&#8243; _module_preset=&#8221;default&#8221; custom_padding_tablet=&#8221;&#8221; custom_padding_phone=&#8221;&#8221; custom_padding_last_edited=&#8221;on|phone&#8221; global_colors_info=&#8221;{}&#8221;][et_pb_image src=&#8221;https:\/\/www.alarmautomatika.com\/wp-content\/uploads\/2020\/10\/idea-classic-logo-home-banner.png&#8221; alt=&#8221;iDEA Classic&#8221; title_text=&#8221;iDEA Classic&#8221; align=&#8221;center&#8221; _builder_version=&#8221;4.16&#8243; _module_preset=&#8221;default&#8221; global_colors_info=&#8221;{}&#8221;][\/et_pb_image][et_pb_accordion module_class=&#8221;idea-value-propositions&#8221; _builder_version=&#8221;4.9.0&#8243; _module_preset=&#8221;default&#8221; global_module=&#8221;8295&#8243; global_colors_info=&#8221;{}&#8221;][et_pb_accordion_item title=&#8221;Blank&#8221; open=&#8221;on&#8221; _builder_version=&#8221;4.16&#8243; _module_preset=&#8221;default&#8221; custom_css_main_element=&#8221;display:none;&#8221; global_colors_info=&#8221;{}&#8221;][\/et_pb_accordion_item][et_pb_accordion_item title=&#8221;Stranke&#8221; _builder_version=&#8221;4.16&#8243; _module_preset=&#8221;default&#8221; global_colors_info=&#8221;{}&#8221; open=&#8221;off&#8221;]<\/p>\n<p><a href=\"https:\/\/www.alarmautomatika.com\/sl\/stranke\/licencirani-instalaterji-varnostnih-sistemov\/\">Instalateri tehni\u010dke za\u0161tite<\/a><\/p>\n<p><a href=\"https:\/\/www.alarmautomatika.com\/sl\/stranke\/centralni-nadzorni-sistemi\/\">Dojavni centri<\/a><\/p>\n<p><a href=\"https:\/\/www.alarmautomatika.com\/sl\/stranke\/elektricarji\/\">Elektri\u010dari<\/a><\/p>\n<p><a href=\"https:\/\/www.alarmautomatika.com\/sl\/stranke\/tehnicne-ter-racunalniske-trgovine-in-spletne-trgovine\/\">Trgovine elektromaterijalom i IT opremom, internet trgovine<\/a><\/p>\n<p>[\/et_pb_accordion_item][et_pb_accordion_item title=&#8221;Izdelki&#8221; _builder_version=&#8221;4.16&#8243; _module_preset=&#8221;default&#8221; global_colors_info=&#8221;{}&#8221; open=&#8221;off&#8221;]<\/p>\n<p><a href=\"https:\/\/www.alarmautomatika.com\/sl\/izdelki\/video-nadzor\/\">Videonadzor<\/a><\/p>\n<p><a href=\"https:\/\/www.alarmautomatika.com\/sl\/izdelki\/protivlomni-sistemi\/\">Protuprovala i protuprepad<\/a><\/p>\n<p><a href=\"https:\/\/www.alarmautomatika.com\/sl\/izdelki\/video-domofoni\/\">Videointerfoni<\/a><\/p>\n<p><a href=\"https:\/\/www.alarmautomatika.com\/sl\/izdelki\/kontrola-pristopa-ter-registracija-delovnega-casa\/\">Kontrola pristupa i evidencija radnog vremena<\/a><\/p>\n<p><a href=\"https:\/\/www.alarmautomatika.com\/sl\/izdelki\/avdio-resitve\/\">Audio rje\u0161enja<\/a><\/p>\n<p><a href=\"https:\/\/www.alarmautomatika.com\/proizvodi\/automatske-rampe-i-vrata\/\">Automatske rampe i vrata<\/a><\/p>\n<p><a href=\"https:\/\/www.alarmautomatika.com\/sl\/izdelki\/oprema-za-centralne-nadzorne-sisteme\/\">Oprema za dojavne centre<\/a><\/p>\n<p><a href=\"https:\/\/www.alarmautomatika.com\/sl\/izdelki\/sistemi-avtomatskega-javljanja-pozara-in-plina\/\">Dojava po\u017eara i plina<\/a><\/p>\n<p>[\/et_pb_accordion_item][et_pb_accordion_item title=&#8221;Programska oprema&#8221; _builder_version=&#8221;4.16&#8243; _module_preset=&#8221;default&#8221; global_colors_info=&#8221;{}&#8221; open=&#8221;off&#8221;]<\/p>\n<p><a href=\"https:\/\/www.alarmautomatika.com\/sl\/programska-oprema\/prijem-i-obrada-alarma\/\">Prijem i obrada signala alarma<\/a><\/p>\n<p>[\/et_pb_accordion_item][et_pb_accordion_item title=&#8221;Storitve&#8221; _builder_version=&#8221;4.16&#8243; _module_preset=&#8221;default&#8221; global_colors_info=&#8221;{}&#8221; open=&#8221;off&#8221;]<\/p>\n<p><a href=\"https:\/\/www.alarmautomatika.com\/sl\/storitve\/koncept-vse-na-enem-mestu\/#prodajna-i-tehnicka-podrska\" data-et-has-event-already=\"true\">Prodajna i tehni\u010dka podr\u0161ka<\/a><\/p>\n<p><a href=\"https:\/\/www.alarmautomatika.com\/sl\/storitve\/koncept-vse-na-enem-mestu\/#oprema-na-skladistu\" data-et-has-event-already=\"true\">Oprema na skladi\u0161tu<\/a><\/p>\n<p><a href=\"https:\/\/www.alarmautomatika.com\/sl\/storitve\/koncept-vse-na-enem-mestu\/#edukacija-instalatera\" data-et-has-event-already=\"true\">Edukacija instalatera<\/a><\/p>\n<p><a href=\"https:\/\/www.alarmautomatika.com\/sl\/storitve\/koncept-vse-na-enem-mestu\/#b2b-online-platforma\" data-et-has-event-already=\"true\">B2B online platforma<\/a><\/p>\n<p><a href=\"https:\/\/www.alarmautomatika.com\/sl\/storitve\/koncept-vse-na-enem-mestu\/#servis\" data-et-has-event-already=\"true\">Servis<\/a><\/p>\n<p><a href=\"https:\/\/www.alarmautomatika.com\/sl\/storitve\/koncept-vse-na-enem-mestu\/#idea-classic-katalog\" data-et-has-event-already=\"true\">iDEA Classic katalog<\/a><\/p>\n<p>[\/et_pb_accordion_item][et_pb_accordion_item title=&#8221;Platforma&#8221; _builder_version=&#8221;4.16&#8243; _module_preset=&#8221;default&#8221; global_colors_info=&#8221;{}&#8221; open=&#8221;off&#8221;]<\/p>\n<p><a href=\"https:\/\/www.alarmautomatika.com\/sl\/platforma\/#b2b-platforma\" data-et-has-event-already=\"true\">Jedinstvena B2B platforma koja \u0161tedi vrijeme<\/a><\/p>\n<p>[\/et_pb_accordion_item][\/et_pb_accordion][\/et_pb_column][\/et_pb_row][\/et_pb_section]<\/p>\n","protected":false},"excerpt":{"rendered":"<p>Fleksibilnost DVC monitorjev in vhodnih panelov DVC notranji monitorji so fleksibilni tako v velikosti kot tudi v zmogljivosti, zaradi tega je mogo\u010de prilagoditi sistem razli\u010dnim potrebam strank. Najbolj napredna enota omogo\u010da Wi-Fi internetni dostop, tako ni potrebnih dodatnih naprav. Upravlja se preko zaslona na dotik, podprto je tudi upravljanje preko mobilnega telefona, lahko pa se [&hellip;]<\/p>\n","protected":false},"author":15,"featured_media":0,"parent":4866,"menu_order":0,"comment_status":"closed","ping_status":"closed","template":"","meta":{"_et_pb_use_builder":"on","_et_pb_old_content":"","_et_gb_content_width":"","footnotes":""},"class_list":["post-4911","page","type-page","status-publish","hentry"],"_links":{"self":[{"href":"https:\/\/www.alarmautomatika.com\/sl\/wp-json\/wp\/v2\/pages\/4911","targetHints":{"allow":["GET"]}}],"collection":[{"href":"https:\/\/www.alarmautomatika.com\/sl\/wp-json\/wp\/v2\/pages"}],"about":[{"href":"https:\/\/www.alarmautomatika.com\/sl\/wp-json\/wp\/v2\/types\/page"}],"author":[{"embeddable":true,"href":"https:\/\/www.alarmautomatika.com\/sl\/wp-json\/wp\/v2\/users\/15"}],"replies":[{"embeddable":true,"href":"https:\/\/www.alarmautomatika.com\/sl\/wp-json\/wp\/v2\/comments?post=4911"}],"version-history":[{"count":2,"href":"https:\/\/www.alarmautomatika.com\/sl\/wp-json\/wp\/v2\/pages\/4911\/revisions"}],"predecessor-version":[{"id":53569,"href":"https:\/\/www.alarmautomatika.com\/sl\/wp-json\/wp\/v2\/pages\/4911\/revisions\/53569"}],"up":[{"embeddable":true,"href":"https:\/\/www.alarmautomatika.com\/sl\/wp-json\/wp\/v2\/pages\/4866"}],"wp:attachment":[{"href":"https:\/\/www.alarmautomatika.com\/sl\/wp-json\/wp\/v2\/media?parent=4911"}],"curies":[{"name":"wp","href":"https:\/\/api.w.org\/{rel}","templated":true}]}}