{"id":4914,"date":"2020-08-20T14:30:52","date_gmt":"2020-08-20T12:30:52","guid":{"rendered":"https:\/\/www.alarmautomatika.com\/stranke\/tehnicne-ter-racunalniske-trgovine-in-spletne-trgovine\/"},"modified":"2023-11-02T11:30:32","modified_gmt":"2023-11-02T10:30:32","slug":"tehnicne-ter-racunalniske-trgovine-in-spletne-trgovine","status":"publish","type":"page","link":"https:\/\/www.alarmautomatika.com\/sl\/stranke\/tehnicne-ter-racunalniske-trgovine-in-spletne-trgovine\/","title":{"rendered":"Tehni\u010dne ter ra\u010dunalni\u0161ke trgovine in spletne trgovine"},"content":{"rendered":"<p>[et_pb_section fb_built=&#8221;1&#8243; _builder_version=&#8221;4.6.2&#8243; _module_preset=&#8221;default&#8221; background_image=&#8221;https:\/\/www.alarmautomatika.com\/wp-content\/uploads\/2020\/09\/Trgovine-elektromaterijalom-i-ICT-opremom.jpg&#8221; background_size=&#8221;initial&#8221; background_position=&#8221;top_center&#8221;][et_pb_row _builder_version=&#8221;4.6.0&#8243; _module_preset=&#8221;default&#8221; width=&#8221;95%&#8221;][et_pb_column type=&#8221;4_4&#8243; _builder_version=&#8221;4.6.0&#8243; _module_preset=&#8221;default&#8221;][et_pb_text _builder_version=&#8221;4.6.0&#8243; _dynamic_attributes=&#8221;content&#8221; _module_preset=&#8221;default&#8221; text_font=&#8221;|600|||||||&#8221; text_text_color=&#8221;#ffffff&#8221; text_font_size=&#8221;48px&#8221; text_line_height=&#8221;1.2em&#8221; custom_padding=&#8221;80px|50px||50px|false|true&#8221; text_font_size_tablet=&#8221;40px&#8221; text_font_size_phone=&#8221;32px&#8221; text_font_size_last_edited=&#8221;on|desktop&#8221; text_line_height_tablet=&#8221;&#8221; text_line_height_phone=&#8221;&#8221; text_line_height_last_edited=&#8221;on|phone&#8221; header_font_tablet=&#8221;&#8221; header_font_phone=&#8221;&#8221; header_font_last_edited=&#8221;on|phone&#8221; header_font_size_tablet=&#8221;&#8221; header_font_size_phone=&#8221;&#8221; header_font_size_last_edited=&#8221;on|phone&#8221; header_line_height_tablet=&#8221;&#8221; header_line_height_phone=&#8221;&#8221; header_line_height_last_edited=&#8221;on|desktop&#8221;]@ET-DC@eyJkeW5hbWljIjp0cnVlLCJjb250ZW50IjoicG9zdF90aXRsZSIsInNldHRpbmdzIjp7ImJlZm9yZSI6IiIsImFmdGVyIjoiIn19@[\/et_pb_text][\/et_pb_column][\/et_pb_row][et_pb_row column_structure=&#8221;3_4,1_4&#8243; _builder_version=&#8221;4.6.0&#8243; _module_preset=&#8221;default&#8221; background_color=&#8221;#ffffff&#8221; width=&#8221;95%&#8221; custom_margin=&#8221;20px||||false|false&#8221; custom_margin_tablet=&#8221;10px||||false|false&#8221; custom_margin_phone=&#8221;10px||||false|false&#8221; custom_margin_last_edited=&#8221;on|desktop&#8221; custom_padding=&#8221;50px|50px|50px|50px|true|true&#8221; box_shadow_style=&#8221;preset2&#8243;][et_pb_column type=&#8221;3_4&#8243; _builder_version=&#8221;4.6.0&#8243; _module_preset=&#8221;default&#8221;][et_pb_text _builder_version=&#8221;4.7.4&#8243; _module_preset=&#8221;default&#8221; link_font=&#8221;|600|||||||&#8221; header_2_text_align=&#8221;left&#8221; header_2_font_size=&#8221;30px&#8221; header_2_line_height=&#8221;1.2em&#8221; header_font_size_tablet=&#8221;48px&#8221; header_font_size_phone=&#8221;&#8221; header_font_size_last_edited=&#8221;on|tablet&#8221; header_2_font_size_tablet=&#8221;&#8221; header_2_font_size_phone=&#8221;25px&#8221; header_2_font_size_last_edited=&#8221;on|phone&#8221;]<\/p>\n<blockquote>\n<h2>\u00bbDo it yourself\u00ab re\u0161itve<\/h2>\n<\/blockquote>\n<p>Razli\u010dne re\u0161itve, ki jih lahko kon\u010dna stranka sama uporabi, so primerne za tehni\u010dne ter ra\u010dunalni\u0161ke trgovine \u2013 samostojni detektorji, <a href=\"https:\/\/www.alarmautomatika.com\/sl\/izdelki\/video-nadzor\/\">kamere<\/a>, <a href=\"https:\/\/www.alarmautomatika.com\/sl\/izdelki\/video-domofoni\/\">video domofoni<\/a>, <a href=\"https:\/\/www.alarmautomatika.com\/sl\/izdelki\/protivlomni-sistemi\/\">brez\u017ei\u010dni alarmni sistemi<\/a> s katerimi se lahko za\u0161\u010ditijo manj\u0161i stanovanjski ter poslovni objekti.<\/p>\n<blockquote>\n<h2>Spletni katalog<\/h2>\n<\/blockquote>\n<p><a href=\"https:\/\/b2b.alarmautomatika.com\/\">Spletni katalog<\/a> vsebuje informacije o cenah, razpolo\u017eljivosti zaloge ter predviden \u010das dobave za vsako napravo. Deluje kot prodajno orodje, ker omogo\u010da strankam, da lahko vidijo slike produktov in tehni\u010dne karakteristike.<\/p>\n<blockquote>\n<h2>Promocijski materiali<\/h2>\n<\/blockquote>\n<p>Promocijski material, demo primerki in paneli z aktivno demo opremo se lahko pripravijo glede na zahteve tehni\u010dnih ali ra\u010dunalni\u0161kih trgovin, v dogovoru z odgovornim prodajalcem.<\/p>\n<blockquote>\n<h2>B2B platforma<\/h2>\n<\/blockquote>\n<p>Preko <a href=\"https:\/\/b2b.alarmautomatika.com\/\">B2B platforme<\/a> imajo tehni\u010dne in ra\u010dunalni\u0161ke trgovine takoj\u0161nji dostop do podatkov o dostopnosti artiklov, prav tako je enostavno naro\u010diti opremo. Proces naro\u010dila in priprave ponudbe je izjemno poenostavljen, vsa potrebna dokumentacija je na voljo preko spleta, z mobilnim telefonom ali pa preko tablice.<\/p>\n<blockquote>\n<h2>Servisiranje in menjava opreme<\/h2>\n<\/blockquote>\n<p>Kot proizvajalec in uradni <a href=\"https:\/\/www.alarmautomatika.com\/sl\/dobavitelji\/\">distributer<\/a> Alarm automatika zagotavlja <a href=\"https:\/\/www.alarmautomatika.com\/sl\/storitve\/koncept-vse-na-enem-mestu\/#servis\">servisiranje vseh elementov v naboru<\/a>, znotraj ali zunaj garancijske dobe. Servisiranje se izvaja glede na ocenjeno trajanje in ceno popravila. V kolikor je potrebno, se zagotovi tudi zamenjava elementa.<\/p>\n<blockquote>\n<h2>Tehni\u010dna dokumentacija in dokumentacija za kon\u010dne uporabnike<\/h2>\n<\/blockquote>\n<p>Celovita dokumentacija je zagotovljena za vse produkte \u2013 o karakteristikah, proizvajal\u010devih certifikatih, <a href=\"https:\/\/ce.alarmautomatika.com\/\" target=\"_blank\" rel=\"noopener noreferrer\">izjave o skladnostih<\/a> in in\u0161talacijah ter uporabni\u0161ka navodila za kon\u010dne stranke.[\/et_pb_text][\/et_pb_column][et_pb_column type=&#8221;1_4&#8243; _builder_version=&#8221;4.6.0&#8243; _module_preset=&#8221;default&#8221; custom_padding_tablet=&#8221;&#8221; custom_padding_phone=&#8221;&#8221; custom_padding_last_edited=&#8221;on|phone&#8221;][et_pb_image src=&#8221;https:\/\/www.alarmautomatika.com\/wp-content\/uploads\/2020\/10\/idea-classic-logo-home-banner.png&#8221; alt=&#8221;iDEA Classic&#8221; title_text=&#8221;iDEA Classic&#8221; align=&#8221;center&#8221; _builder_version=&#8221;4.7.4&#8243; _module_preset=&#8221;default&#8221;][\/et_pb_image][et_pb_accordion module_class=&#8221;idea-value-propositions&#8221; _builder_version=&#8221;4.9.0&#8243; _module_preset=&#8221;default&#8221; global_module=&#8221;8295&#8243;][et_pb_accordion_item title=&#8221;Blank&#8221; open=&#8221;on&#8221; _builder_version=&#8221;4.9.0&#8243; _module_preset=&#8221;default&#8221; custom_css_main_element=&#8221;display:none;&#8221;][\/et_pb_accordion_item][et_pb_accordion_item title=&#8221;Stranke&#8221; _builder_version=&#8221;4.9.0&#8243; _module_preset=&#8221;default&#8221; open=&#8221;off&#8221;]<\/p>\n<p><a href=\"https:\/\/www.alarmautomatika.com\/sl\/stranke\/licencirani-instalaterji-varnostnih-sistemov\/\">Instalateri tehni\u010dke za\u0161tite<\/a><\/p>\n<p><a href=\"https:\/\/www.alarmautomatika.com\/sl\/stranke\/centralni-nadzorni-sistemi\/\">Dojavni centri<\/a><\/p>\n<p><a href=\"https:\/\/www.alarmautomatika.com\/sl\/stranke\/elektricarji\/\">Elektri\u010dari<\/a><\/p>\n<p><a href=\"https:\/\/www.alarmautomatika.com\/sl\/stranke\/tehnicne-ter-racunalniske-trgovine-in-spletne-trgovine\/\">Trgovine elektromaterijalom i IT opremom, internet trgovine<\/a><\/p>\n<p>[\/et_pb_accordion_item][et_pb_accordion_item title=&#8221;Izdelki&#8221; _builder_version=&#8221;4.9.0&#8243; _module_preset=&#8221;default&#8221; open=&#8221;off&#8221;]<\/p>\n<p><a href=\"https:\/\/www.alarmautomatika.com\/sl\/izdelki\/video-nadzor\/\">Videonadzor<\/a><\/p>\n<p><a href=\"https:\/\/www.alarmautomatika.com\/sl\/izdelki\/protivlomni-sistemi\/\">Protuprovala i protuprepad<\/a><\/p>\n<p><a href=\"https:\/\/www.alarmautomatika.com\/sl\/izdelki\/video-domofoni\/\">Videointerfoni<\/a><\/p>\n<p><a href=\"https:\/\/www.alarmautomatika.com\/sl\/izdelki\/kontrola-pristopa-ter-registracija-delovnega-casa\/\">Kontrola pristupa i evidencija radnog vremena<\/a><\/p>\n<p><a href=\"https:\/\/www.alarmautomatika.com\/sl\/izdelki\/avdio-resitve\/\">Audio rje\u0161enja<\/a><\/p>\n<p><a href=\"https:\/\/www.alarmautomatika.com\/sl\/izdelki\/motorizirane-zapornice-in-vrata\/\">Automatske rampe i vrata<\/a><\/p>\n<p><a href=\"https:\/\/www.alarmautomatika.com\/sl\/izdelki\/oprema-za-centralne-nadzorne-sisteme\/\">Oprema za dojavne centre<\/a><\/p>\n<p><a href=\"https:\/\/www.alarmautomatika.com\/sl\/izdelki\/sistemi-avtomatskega-javljanja-pozara-in-plina\/\">Dojava po\u017eara i plina<\/a><\/p>\n<p>[\/et_pb_accordion_item][et_pb_accordion_item title=&#8221;Programska oprema&#8221; _builder_version=&#8221;4.9.0&#8243; _module_preset=&#8221;default&#8221; open=&#8221;off&#8221;]<\/p>\n<p><a href=\"https:\/\/www.alarmautomatika.com\/sl\/programska-oprema\/prijem-i-obrada-alarma\/\">Prijem i obrada signala alarma<\/a><\/p>\n<p>[\/et_pb_accordion_item][et_pb_accordion_item title=&#8221;Storitve&#8221; _builder_version=&#8221;4.9.0&#8243; _module_preset=&#8221;default&#8221; open=&#8221;off&#8221;]<\/p>\n<p><a href=\"https:\/\/www.alarmautomatika.com\/sl\/storitve\/koncept-vse-na-enem-mestu\/#prodajna-i-tehnicka-podrska\" data-et-has-event-already=\"true\">Prodajna i tehni\u010dka podr\u0161ka<\/a><\/p>\n<p><a href=\"https:\/\/www.alarmautomatika.com\/sl\/storitve\/koncept-vse-na-enem-mestu\/#oprema-na-skladistu\" data-et-has-event-already=\"true\">Oprema na skladi\u0161tu<\/a><\/p>\n<p><a href=\"https:\/\/www.alarmautomatika.com\/sl\/storitve\/koncept-vse-na-enem-mestu\/#edukacija-instalatera\" data-et-has-event-already=\"true\">Edukacija instalatera<\/a><\/p>\n<p><a href=\"https:\/\/www.alarmautomatika.com\/sl\/storitve\/koncept-vse-na-enem-mestu\/#b2b-online-platforma\" data-et-has-event-already=\"true\">B2B online platforma<\/a><\/p>\n<p><a href=\"https:\/\/www.alarmautomatika.com\/sl\/storitve\/koncept-vse-na-enem-mestu\/#servis\" data-et-has-event-already=\"true\">Servis<\/a><\/p>\n<p><a href=\"https:\/\/www.alarmautomatika.com\/sl\/storitve\/koncept-vse-na-enem-mestu\/#idea-classic-katalog\" data-et-has-event-already=\"true\">iDEA Classic katalog<\/a><\/p>\n<p>[\/et_pb_accordion_item][et_pb_accordion_item title=&#8221;Platforma&#8221; _builder_version=&#8221;4.9.0&#8243; _module_preset=&#8221;default&#8221; open=&#8221;off&#8221;]<\/p>\n<p><a href=\"https:\/\/www.alarmautomatika.com\/sl\/platforma\/#b2b-platforma\" data-et-has-event-already=\"true\">Jedinstvena B2B platforma koja \u0161tedi vrijeme<\/a><\/p>\n<p>[\/et_pb_accordion_item][\/et_pb_accordion][\/et_pb_column][\/et_pb_row][\/et_pb_section]<\/p>\n","protected":false},"excerpt":{"rendered":"<p>\u00bbDo it yourself\u00ab re\u0161itve Razli\u010dne re\u0161itve, ki jih lahko kon\u010dna stranka sama uporabi, so primerne za tehni\u010dne ter ra\u010dunalni\u0161ke trgovine \u2013 samostojni detektorji, kamere, video domofoni, brez\u017ei\u010dni alarmni sistemi s katerimi se lahko za\u0161\u010ditijo manj\u0161i stanovanjski ter poslovni objekti. Spletni katalog Spletni katalog vsebuje informacije o cenah, razpolo\u017eljivosti zaloge ter predviden \u010das dobave za vsako [&hellip;]<\/p>\n","protected":false},"author":15,"featured_media":0,"parent":4868,"menu_order":0,"comment_status":"closed","ping_status":"closed","template":"","meta":{"_et_pb_use_builder":"on","_et_pb_old_content":"","_et_gb_content_width":"","footnotes":""},"class_list":["post-4914","page","type-page","status-publish","hentry"],"_links":{"self":[{"href":"https:\/\/www.alarmautomatika.com\/sl\/wp-json\/wp\/v2\/pages\/4914","targetHints":{"allow":["GET"]}}],"collection":[{"href":"https:\/\/www.alarmautomatika.com\/sl\/wp-json\/wp\/v2\/pages"}],"about":[{"href":"https:\/\/www.alarmautomatika.com\/sl\/wp-json\/wp\/v2\/types\/page"}],"author":[{"embeddable":true,"href":"https:\/\/www.alarmautomatika.com\/sl\/wp-json\/wp\/v2\/users\/15"}],"replies":[{"embeddable":true,"href":"https:\/\/www.alarmautomatika.com\/sl\/wp-json\/wp\/v2\/comments?post=4914"}],"version-history":[{"count":1,"href":"https:\/\/www.alarmautomatika.com\/sl\/wp-json\/wp\/v2\/pages\/4914\/revisions"}],"predecessor-version":[{"id":48711,"href":"https:\/\/www.alarmautomatika.com\/sl\/wp-json\/wp\/v2\/pages\/4914\/revisions\/48711"}],"up":[{"embeddable":true,"href":"https:\/\/www.alarmautomatika.com\/sl\/wp-json\/wp\/v2\/pages\/4868"}],"wp:attachment":[{"href":"https:\/\/www.alarmautomatika.com\/sl\/wp-json\/wp\/v2\/media?parent=4914"}],"curies":[{"name":"wp","href":"https:\/\/api.w.org\/{rel}","templated":true}]}}