{"id":4917,"date":"2020-08-20T14:27:47","date_gmt":"2020-08-20T12:27:47","guid":{"rendered":"https:\/\/www.alarmautomatika.com\/stranke\/elektricarji\/"},"modified":"2023-11-02T11:30:31","modified_gmt":"2023-11-02T10:30:31","slug":"elektricarji","status":"publish","type":"page","link":"https:\/\/www.alarmautomatika.com\/sl\/stranke\/elektricarji\/","title":{"rendered":"Elektri\u010darji"},"content":{"rendered":"<p>[et_pb_section fb_built=&#8221;1&#8243; _builder_version=&#8221;4.6.2&#8243; _module_preset=&#8221;default&#8221; background_image=&#8221;https:\/\/www.alarmautomatika.com\/wp-content\/uploads\/2020\/09\/Instalateri-slabe-struje.jpg&#8221; background_size=&#8221;initial&#8221; background_position=&#8221;top_center&#8221;][et_pb_row _builder_version=&#8221;4.6.0&#8243; _module_preset=&#8221;default&#8221; width=&#8221;95%&#8221;][et_pb_column type=&#8221;4_4&#8243; _builder_version=&#8221;4.6.0&#8243; _module_preset=&#8221;default&#8221;][et_pb_text _builder_version=&#8221;4.6.0&#8243; _dynamic_attributes=&#8221;content&#8221; _module_preset=&#8221;default&#8221; text_font=&#8221;|600|||||||&#8221; text_text_color=&#8221;#ffffff&#8221; text_font_size=&#8221;48px&#8221; text_line_height=&#8221;1.2em&#8221; custom_padding=&#8221;80px|50px||50px|false|true&#8221; text_font_size_tablet=&#8221;40px&#8221; text_font_size_phone=&#8221;32px&#8221; text_font_size_last_edited=&#8221;on|desktop&#8221; text_line_height_tablet=&#8221;&#8221; text_line_height_phone=&#8221;&#8221; text_line_height_last_edited=&#8221;on|phone&#8221; header_font_tablet=&#8221;&#8221; header_font_phone=&#8221;&#8221; header_font_last_edited=&#8221;on|phone&#8221; header_font_size_tablet=&#8221;&#8221; header_font_size_phone=&#8221;&#8221; header_font_size_last_edited=&#8221;on|phone&#8221; header_line_height_tablet=&#8221;&#8221; header_line_height_phone=&#8221;&#8221; header_line_height_last_edited=&#8221;on|desktop&#8221;]@ET-DC@eyJkeW5hbWljIjp0cnVlLCJjb250ZW50IjoicG9zdF90aXRsZSIsInNldHRpbmdzIjp7ImJlZm9yZSI6IiIsImFmdGVyIjoiIn19@[\/et_pb_text][\/et_pb_column][\/et_pb_row][et_pb_row column_structure=&#8221;3_4,1_4&#8243; _builder_version=&#8221;4.6.0&#8243; _module_preset=&#8221;default&#8221; background_color=&#8221;#ffffff&#8221; width=&#8221;95%&#8221; custom_margin=&#8221;20px||||false|false&#8221; custom_margin_tablet=&#8221;10px||||false|false&#8221; custom_margin_phone=&#8221;10px||||false|false&#8221; custom_margin_last_edited=&#8221;on|desktop&#8221; custom_padding=&#8221;50px|50px|50px|50px|true|true&#8221; box_shadow_style=&#8221;preset2&#8243;][et_pb_column type=&#8221;3_4&#8243; _builder_version=&#8221;4.6.0&#8243; _module_preset=&#8221;default&#8221;][et_pb_text _builder_version=&#8221;4.7.4&#8243; _module_preset=&#8221;default&#8221; link_font=&#8221;|600|||||||&#8221; header_2_text_align=&#8221;left&#8221; header_2_font_size=&#8221;30px&#8221; header_2_line_height=&#8221;1.2em&#8221; header_font_size_tablet=&#8221;48px&#8221; header_font_size_phone=&#8221;&#8221; header_font_size_last_edited=&#8221;on|tablet&#8221; header_2_font_size_tablet=&#8221;&#8221; header_2_font_size_phone=&#8221;25px&#8221; header_2_font_size_last_edited=&#8221;on|phone&#8221;]<\/p>\n<blockquote>\n<h2>\u0160irok nabor modernih varnostnih sistemov, ki temeljijo na tehnologiji<\/h2>\n<\/blockquote>\n<p>Koncept vse na enem mestu s <a href=\"https:\/\/www.alarmautomatika.com\/sl\/storitve\/koncept-vse-na-enem-mestu\/#oprema-na-skladistu\">\u0161irokim naborom varnostnih naprav<\/a> in opreme garantira elektri\u010darjem, da bodo na\u0161li na enem mestu, vse kar je potrebno za polno funkcionalen sistem tehni\u010dnega varovanja. Trenutna ponudba je dosegljiva na <a href=\"https:\/\/b2b.alarmautomatika.com\/\">B2B spletni strani<\/a> ali v tiskani obliki <strong>iDEA Classic kataloga, preverjenih varnostnih re\u0161itev<\/strong>.<\/p>\n<blockquote>\n<h2>Tehni\u010dna podpora<\/h2>\n<\/blockquote>\n<p>Elektri\u010darji imajo dostop do celovite <a href=\"https:\/\/www.alarmautomatika.com\/sl\/storitve\/koncept-vse-na-enem-mestu\/#prodajna-i-tehnicka-podrska\">tehni\u010dne podpore<\/a>, za vse sisteme, ki jih ponuja Alarm automatika. Poleg telefonske podpore in podpore preko spleta, se lahko organizira tudi podpora direktno na objektu, kjer prihaja do monta\u017ee.<\/p>\n<blockquote>\n<h2>Izobra\u017eevanje o pravilni vezavi<\/h2>\n<\/blockquote>\n<p>Pravilna vezava elementov je klju\u010dna za stabilno funkcionalnost tehni\u010dnih sistemov varovanja, predvsem v primeru po\u017earnih alarmov. Elektri\u010darji imajo dostop do <a href=\"https:\/\/www.alarmautomatika.com\/sl\/storitve\/koncept-vse-na-enem-mestu\/#edukacija-instalatera\">delavnic in webinarjev<\/a>, kjer se jih izobrazi o pravem na\u010dinu vezave sistemov, ki jih Alarm automatika ponuja.<\/p>\n<blockquote>\n<h2>B2B spletna platforma<\/h2>\n<\/blockquote>\n<p>Preko <a href=\"https:\/\/b2b.alarmautomatika.com\/\">spletne B2B platforme<\/a> lahko elektri\u010darji takoj dobijo vpogled v dostopnost produktov in jih lahko z lahkoto tudi naro\u010dijo. Proces naro\u010danja in priprava ponudb je maksimalno poenostavljen, vsa potrebna dokumentacija pa je na voljo na spletu, preko mobilnega telefona ali tablice.<\/p>\n<blockquote>\n<h2>Servisiranje in menjava opreme<\/h2>\n<\/blockquote>\n<p>Kot proizvajalec in <a href=\"https:\/\/www.alarmautomatika.com\/sl\/dobavitelji\/\">uradni distributer<\/a> Alarm automatika zagotavlja <a href=\"https:\/\/www.alarmautomatika.com\/sl\/storitve\/koncept-vse-na-enem-mestu\/#servis\">servisiranje vseh elementov v naboru<\/a>, znotraj ali zunaj garancijske dobe. Servisiranje se izvaja glede na ocenjeno trajanje in ceno popravila. V kolikor je potrebno, se zagotovi tudi zamenjava elementa.<\/p>\n<blockquote>\n<h2>Tehni\u010dna dokumentacija in dokumentacija za kon\u010dne uporabnike<\/h2>\n<\/blockquote>\n<p>Celovita dokumentacija je zagotovljena za vse produkte \u2013 o karakteristikah, proizvajal\u010devih certifikatih, <a href=\"https:\/\/ce.alarmautomatika.com\" target=\"_blank\" rel=\"noopener noreferrer\">izjave o skladnostih<\/a> in in\u0161talacijah ter uporabni\u0161ka navodila za kon\u010dne stranke.[\/et_pb_text][\/et_pb_column][et_pb_column type=&#8221;1_4&#8243; _builder_version=&#8221;4.6.0&#8243; _module_preset=&#8221;default&#8221; custom_padding_tablet=&#8221;&#8221; custom_padding_phone=&#8221;&#8221; custom_padding_last_edited=&#8221;on|phone&#8221;][et_pb_image src=&#8221;https:\/\/www.alarmautomatika.com\/wp-content\/uploads\/2020\/10\/idea-classic-logo-home-banner.png&#8221; alt=&#8221;iDEA Classic&#8221; title_text=&#8221;iDEA Classic&#8221; align=&#8221;center&#8221; _builder_version=&#8221;4.7.4&#8243; _module_preset=&#8221;default&#8221;][\/et_pb_image][et_pb_accordion module_class=&#8221;idea-value-propositions&#8221; _builder_version=&#8221;4.9.0&#8243; _module_preset=&#8221;default&#8221; global_module=&#8221;8295&#8243;][et_pb_accordion_item title=&#8221;Blank&#8221; open=&#8221;on&#8221; _builder_version=&#8221;4.9.0&#8243; _module_preset=&#8221;default&#8221; custom_css_main_element=&#8221;display:none;&#8221;][\/et_pb_accordion_item][et_pb_accordion_item title=&#8221;Stranke&#8221; _builder_version=&#8221;4.9.0&#8243; _module_preset=&#8221;default&#8221; open=&#8221;off&#8221;]<\/p>\n<p><a href=\"https:\/\/www.alarmautomatika.com\/sl\/stranke\/licencirani-instalaterji-varnostnih-sistemov\/\">Instalateri tehni\u010dke za\u0161tite<\/a><\/p>\n<p><a href=\"https:\/\/www.alarmautomatika.com\/sl\/stranke\/centralni-nadzorni-sistemi\/\">Dojavni centri<\/a><\/p>\n<p><a href=\"https:\/\/www.alarmautomatika.com\/sl\/stranke\/elektricarji\/\">Elektri\u010dari<\/a><\/p>\n<p><a href=\"https:\/\/www.alarmautomatika.com\/sl\/stranke\/tehnicne-ter-racunalniske-trgovine-in-spletne-trgovine\/\">Trgovine elektromaterijalom i IT opremom, internet trgovine<\/a><\/p>\n<p>[\/et_pb_accordion_item][et_pb_accordion_item title=&#8221;Izdelki&#8221; _builder_version=&#8221;4.9.0&#8243; _module_preset=&#8221;default&#8221; open=&#8221;off&#8221;]<\/p>\n<p><a href=\"https:\/\/www.alarmautomatika.com\/sl\/izdelki\/video-nadzor\/\">Videonadzor<\/a><\/p>\n<p><a href=\"https:\/\/www.alarmautomatika.com\/sl\/izdelki\/protivlomni-sistemi\/\">Protuprovala i protuprepad<\/a><\/p>\n<p><a href=\"https:\/\/www.alarmautomatika.com\/sl\/izdelki\/video-domofoni\/\">Videointerfoni<\/a><\/p>\n<p><a href=\"https:\/\/www.alarmautomatika.com\/sl\/izdelki\/kontrola-pristopa-ter-registracija-delovnega-casa\/\">Kontrola pristupa i evidencija radnog vremena<\/a><\/p>\n<p><a href=\"https:\/\/www.alarmautomatika.com\/sl\/izdelki\/avdio-resitve\/\">Audio rje\u0161enja<\/a><\/p>\n<p><a href=\"https:\/\/www.alarmautomatika.com\/sl\/izdelki\/motorizirane-zapornice-in-vrata\/\">Automatske rampe i vrata<\/a><\/p>\n<p><a href=\"https:\/\/www.alarmautomatika.com\/sl\/izdelki\/oprema-za-centralne-nadzorne-sisteme\/\">Oprema za dojavne centre<\/a><\/p>\n<p><a href=\"https:\/\/www.alarmautomatika.com\/sl\/izdelki\/sistemi-avtomatskega-javljanja-pozara-in-plina\/\">Dojava po\u017eara i plina<\/a><\/p>\n<p>[\/et_pb_accordion_item][et_pb_accordion_item title=&#8221;Programska oprema&#8221; _builder_version=&#8221;4.9.0&#8243; _module_preset=&#8221;default&#8221; open=&#8221;off&#8221;]<\/p>\n<p><a href=\"https:\/\/www.alarmautomatika.com\/sl\/programska-oprema\/prijem-i-obrada-alarma\/\">Prijem i obrada signala alarma<\/a><\/p>\n<p>[\/et_pb_accordion_item][et_pb_accordion_item title=&#8221;Storitve&#8221; _builder_version=&#8221;4.9.0&#8243; _module_preset=&#8221;default&#8221; open=&#8221;off&#8221;]<\/p>\n<p><a href=\"https:\/\/www.alarmautomatika.com\/sl\/storitve\/koncept-vse-na-enem-mestu\/#prodajna-i-tehnicka-podrska\" data-et-has-event-already=\"true\">Prodajna i tehni\u010dka podr\u0161ka<\/a><\/p>\n<p><a href=\"https:\/\/www.alarmautomatika.com\/sl\/storitve\/koncept-vse-na-enem-mestu\/#oprema-na-skladistu\" data-et-has-event-already=\"true\">Oprema na skladi\u0161tu<\/a><\/p>\n<p><a href=\"https:\/\/www.alarmautomatika.com\/sl\/storitve\/koncept-vse-na-enem-mestu\/#edukacija-instalatera\" data-et-has-event-already=\"true\">Edukacija instalatera<\/a><\/p>\n<p><a href=\"https:\/\/www.alarmautomatika.com\/sl\/storitve\/koncept-vse-na-enem-mestu\/#b2b-online-platforma\" data-et-has-event-already=\"true\">B2B online platforma<\/a><\/p>\n<p><a href=\"https:\/\/www.alarmautomatika.com\/sl\/storitve\/koncept-vse-na-enem-mestu\/#servis\" data-et-has-event-already=\"true\">Servis<\/a><\/p>\n<p><a href=\"https:\/\/www.alarmautomatika.com\/sl\/storitve\/koncept-vse-na-enem-mestu\/#idea-classic-katalog\" data-et-has-event-already=\"true\">iDEA Classic katalog<\/a><\/p>\n<p>[\/et_pb_accordion_item][et_pb_accordion_item title=&#8221;Platforma&#8221; _builder_version=&#8221;4.9.0&#8243; _module_preset=&#8221;default&#8221; open=&#8221;off&#8221;]<\/p>\n<p><a href=\"https:\/\/www.alarmautomatika.com\/sl\/platforma\/#b2b-platforma\" data-et-has-event-already=\"true\">Jedinstvena B2B platforma koja \u0161tedi vrijeme<\/a><\/p>\n<p>[\/et_pb_accordion_item][\/et_pb_accordion][\/et_pb_column][\/et_pb_row][\/et_pb_section]<\/p>\n","protected":false},"excerpt":{"rendered":"<p>\u0160irok nabor modernih varnostnih sistemov, ki temeljijo na tehnologiji Koncept vse na enem mestu s \u0161irokim naborom varnostnih naprav in opreme garantira elektri\u010darjem, da bodo na\u0161li na enem mestu, vse kar je potrebno za polno funkcionalen sistem tehni\u010dnega varovanja. Trenutna ponudba je dosegljiva na B2B spletni strani ali v tiskani obliki iDEA Classic kataloga, preverjenih [&hellip;]<\/p>\n","protected":false},"author":15,"featured_media":0,"parent":4868,"menu_order":0,"comment_status":"closed","ping_status":"closed","template":"","meta":{"_et_pb_use_builder":"on","_et_pb_old_content":"","_et_gb_content_width":"","footnotes":""},"class_list":["post-4917","page","type-page","status-publish","hentry"],"_links":{"self":[{"href":"https:\/\/www.alarmautomatika.com\/sl\/wp-json\/wp\/v2\/pages\/4917","targetHints":{"allow":["GET"]}}],"collection":[{"href":"https:\/\/www.alarmautomatika.com\/sl\/wp-json\/wp\/v2\/pages"}],"about":[{"href":"https:\/\/www.alarmautomatika.com\/sl\/wp-json\/wp\/v2\/types\/page"}],"author":[{"embeddable":true,"href":"https:\/\/www.alarmautomatika.com\/sl\/wp-json\/wp\/v2\/users\/15"}],"replies":[{"embeddable":true,"href":"https:\/\/www.alarmautomatika.com\/sl\/wp-json\/wp\/v2\/comments?post=4917"}],"version-history":[{"count":1,"href":"https:\/\/www.alarmautomatika.com\/sl\/wp-json\/wp\/v2\/pages\/4917\/revisions"}],"predecessor-version":[{"id":48700,"href":"https:\/\/www.alarmautomatika.com\/sl\/wp-json\/wp\/v2\/pages\/4917\/revisions\/48700"}],"up":[{"embeddable":true,"href":"https:\/\/www.alarmautomatika.com\/sl\/wp-json\/wp\/v2\/pages\/4868"}],"wp:attachment":[{"href":"https:\/\/www.alarmautomatika.com\/sl\/wp-json\/wp\/v2\/media?parent=4917"}],"curies":[{"name":"wp","href":"https:\/\/api.w.org\/{rel}","templated":true}]}}