{"id":4935,"date":"2020-08-20T14:07:08","date_gmt":"2020-08-20T12:07:08","guid":{"rendered":"https:\/\/www.alarmautomatika.com\/izdelki\/evakuacijski-sistemi-ter-sistemi-javnega-nagovora\/"},"modified":"2023-12-21T11:27:45","modified_gmt":"2023-12-21T10:27:45","slug":"evakuacijsko-ozvocenje","status":"publish","type":"page","link":"https:\/\/www.alarmautomatika.com\/sl\/izdelki\/evakuacijsko-ozvocenje\/","title":{"rendered":"Evakuacijsko ozvo\u010denje (EVAC)"},"content":{"rendered":"<p>[et_pb_section fb_built=&#8221;1&#8243; _builder_version=&#8221;4.16&#8243; _module_preset=&#8221;default&#8221; custom_padding=&#8221;0px||||false|false&#8221; global_colors_info=&#8221;{}&#8221;][et_pb_row _builder_version=&#8221;4.16&#8243; _module_preset=&#8221;default&#8221; global_colors_info=&#8221;{}&#8221;][et_pb_column type=&#8221;4_4&#8243; _builder_version=&#8221;4.16&#8243; _module_preset=&#8221;default&#8221; global_colors_info=&#8221;{}&#8221;][et_pb_text _builder_version=&#8221;4.23&#8243; _module_preset=&#8221;default&#8221; global_colors_info=&#8221;{}&#8221;]<\/p>\n<blockquote>\n<h1>Evakuacijsko ozvo\u010denje (EVAC)<\/h1>\n<\/blockquote>\n<p><em>Zanimanje za izvajanje EVAC sistemov nara\u0161\u010da, ker \u017eelijo investitorji pove\u010dati raven varnosti in uskladiti varnostne standarde s tistimi, ki so obi\u010dajni v EU. Najve\u010dje \u0161tevilo izvedb je v objektih, kjer je veliko ljudi, kot so hoteli, javni objekti, trgovski centri, bolni\u0161nice, \u0161ole ali poslovne zgradbe.<\/em><\/p>\n<p>[\/et_pb_text][et_pb_image src=&#8221;https:\/\/www.alarmautomatika.com\/wp-content\/uploads\/2021\/02\/evac-eflyer-banner.jpg&#8221; title_text=&#8221;evac-eflyer-banner&#8221; _builder_version=&#8221;4.16&#8243; _module_preset=&#8221;default&#8221; global_colors_info=&#8221;{}&#8221;][\/et_pb_image][et_pb_text _builder_version=&#8221;4.23&#8243; _module_preset=&#8221;default&#8221; global_colors_info=&#8221;{}&#8221;]<\/p>\n<blockquote>\n<h2 id=\"prednosti\">Prednosti EVAC-a<\/h2>\n<\/blockquote>\n<p>Te\u017eava vseh velikih objektov v katerih se nahaja veliko \u0161tevilo ljudi je, da se v primeru evakuacije ne znajdejo v prostoru in ne poznajo evakuacijskih poti. Evakuacijo ote\u017euje tudi razli\u010dna starost oseb in mo\u017ene te\u017eave s sluhom. Da bi evakuacijo pospe\u0161ili, se izognili gne\u010di na evakuacijskih poteh, prepre\u010dili zmedenost (tavanje po prostoru) in paniko ljudi, se v sodobnih zgradbah vse pogosteje uporablja EVAC (Voice Evacuation System).<\/p>\n<p>&nbsp;<\/p>\n<ul>\n<li>Jasna signalizacija alarmnih situacij<\/li>\n<li>Hitrej\u0161a evakuacija \u2013 ljudje bolj\u0161e reagirajo na glasovna sporo\u010dila<\/li>\n<li>Usmerjanje ljudi proti varnemu izhodu, najprej se evakuirajo cone (nadstropja) v katerih je bil zaznan alarm in vsa nadstropja nad to cono<\/li>\n<li>Vodenje\/upravljanje evakuacije &#8211; avtomatsko, vnaprej programirana sporo\u010dila in preko evakuacijskih mikrofonov<\/li>\n<li>Hearing loops, re\u0161itev za osebe s slabim sluhom<\/li>\n<li>Ambientalno in evakuacijsko ozvo\u010denje kot en sistem, visoka u\u010dinkovitost nalo\u017ebe<\/li>\n<\/ul>\n<p>[\/et_pb_text][\/et_pb_column][\/et_pb_row][et_pb_row _builder_version=&#8221;4.16&#8243; _module_preset=&#8221;default&#8221; global_colors_info=&#8221;{}&#8221;][et_pb_column type=&#8221;4_4&#8243; _builder_version=&#8221;4.16&#8243; _module_preset=&#8221;default&#8221; global_colors_info=&#8221;{}&#8221;][et_pb_text _builder_version=&#8221;4.23&#8243; _module_preset=&#8221;default&#8221; global_colors_info=&#8221;{}&#8221;]<\/p>\n<h3 style=\"text-align: center;\">Zakaj potrebujemo glasovno evakuacijo?<\/h3>\n<p>[\/et_pb_text][\/et_pb_column][\/et_pb_row][et_pb_row column_structure=&#8221;1_3,1_3,1_3&#8243; make_equal=&#8221;on&#8221; _builder_version=&#8221;4.16&#8243; _module_preset=&#8221;default&#8221; global_colors_info=&#8221;{}&#8221; max_width__hover_enabled=&#8221;off|desktop&#8221;][et_pb_column type=&#8221;1_3&#8243; _builder_version=&#8221;4.16&#8243; _module_preset=&#8221;default&#8221; global_colors_info=&#8221;{}&#8221;][et_pb_circle_counter title=&#8221;ljudi reagira na SIRENE&#8221; number=&#8221;13&#8243; bar_bg_color=&#8221;#00b16a&#8221; circle_color=&#8221;#000000&#8243; _builder_version=&#8221;4.16&#8243; _module_preset=&#8221;default&#8221; title_level=&#8221;h2&#8243; title_line_height=&#8221;1.2em&#8221; number_font=&#8221;|600|||||||&#8221; global_colors_info=&#8221;{}&#8221;][\/et_pb_circle_counter][\/et_pb_column][et_pb_column type=&#8221;1_3&#8243; _builder_version=&#8221;4.16&#8243; _module_preset=&#8221;default&#8221; global_colors_info=&#8221;{}&#8221;][et_pb_circle_counter title=&#8221;ljudi reagira na BESEDILNA SPORO\u010cILA&#8221; number=&#8221;45&#8243; bar_bg_color=&#8221;#00b16a&#8221; circle_color=&#8221;#000000&#8243; _builder_version=&#8221;4.16&#8243; _module_preset=&#8221;default&#8221; title_level=&#8221;h2&#8243; title_line_height=&#8221;1.2em&#8221; number_font=&#8221;|600|||||||&#8221; global_colors_info=&#8221;{}&#8221;][\/et_pb_circle_counter][\/et_pb_column][et_pb_column type=&#8221;1_3&#8243; _builder_version=&#8221;4.16&#8243; _module_preset=&#8221;default&#8221; global_colors_info=&#8221;{}&#8221;][et_pb_circle_counter title=&#8221;ljudi reagira na GLASOVNA SPORO\u010cILA&#8221; number=&#8221;75&#8243; bar_bg_color=&#8221;#00b16a&#8221; circle_color=&#8221;#000000&#8243; _builder_version=&#8221;4.16&#8243; _module_preset=&#8221;default&#8221; title_level=&#8221;h2&#8243; title_font=&#8221;||||||||&#8221; title_line_height=&#8221;1.2em&#8221; number_font=&#8221;|600|||||||&#8221; global_colors_info=&#8221;{}&#8221;][\/et_pb_circle_counter][\/et_pb_column][\/et_pb_row][et_pb_row _builder_version=&#8221;4.16&#8243; _module_preset=&#8221;default&#8221; custom_padding=&#8221;0px||||false|false&#8221; global_colors_info=&#8221;{}&#8221;][et_pb_column type=&#8221;4_4&#8243; _builder_version=&#8221;4.16&#8243; _module_preset=&#8221;default&#8221; global_colors_info=&#8221;{}&#8221;][et_pb_text _builder_version=&#8221;4.16&#8243; _module_preset=&#8221;default&#8221; text_font_size=&#8221;14px&#8221; global_colors_info=&#8221;{}&#8221;]<\/p>\n<p><em>* Vir:<\/em><br \/><em> Guyl\u010dne Proulx, Ph.D,\u2019Misconceptions about human behaviour in fire emergencies\u2019 published in Canadian Consulting Engineer, March 1997, pp36, 38.<\/em><br \/><em> David Cantor, \u2018Studies of Human Behaviour in Fire: Empirical results and their implications for education and design.\u2019 Published by BRE, July 1985.<\/em><\/p>\n<p>[\/et_pb_text][et_pb_text _builder_version=&#8221;4.23&#8243; _module_preset=&#8221;default&#8221; custom_padding=&#8221;10px|10px|10px|10px|true|true&#8221; border_radii=&#8221;on|2px|2px|2px|2px&#8221; border_width_all=&#8221;3px&#8221; border_color_all=&#8221;#00b16a&#8221; global_colors_info=&#8221;{}&#8221;]<\/p>\n<p><strong>Zaradi sodobnih lastnosti in modernosti se EVAC sistem uporablja tudi kot ambientalni sistem za reprodukcijo glasbe v ozadju ali za promocijska sporo\u010dila. EVAC sistem v ve\u010dini objektov popolnoma zamenjuje sisteme ambientalnega ozvo\u010denja (PA-Public Address), ker je to cenovno ugodnej\u0161a re\u0161itev.<\/strong><\/p>\n<p>[\/et_pb_text][\/et_pb_column][\/et_pb_row][et_pb_row column_structure=&#8221;1_4,1_4,1_4,1_4&#8243; make_equal=&#8221;on&#8221; _builder_version=&#8221;4.16&#8243; _module_preset=&#8221;default&#8221; background_color=&#8221;#f1f5f9&#8243; global_colors_info=&#8221;{}&#8221;][et_pb_column type=&#8221;1_4&#8243; _builder_version=&#8221;4.16&#8243; _module_preset=&#8221;default&#8221; global_colors_info=&#8221;{}&#8221;][et_pb_image src=&#8221;https:\/\/www.alarmautomatika.com\/wp-content\/uploads\/2021\/02\/mockup-evac-hr.jpg&#8221; title_text=&#8221;mockup-evac-hr&#8221; url=&#8221;https:\/\/drive.google.com\/file\/d\/1z4RxewEv_M_AbMDD18SImZGGpOenJ3AF\/view?usp=sharing&#8221; url_new_window=&#8221;on&#8221; align=&#8221;center&#8221; _builder_version=&#8221;4.23&#8243; _module_preset=&#8221;default&#8221; global_colors_info=&#8221;{}&#8221;][\/et_pb_image][et_pb_text _builder_version=&#8221;4.23&#8243; _module_preset=&#8221;default&#8221; global_colors_info=&#8221;{}&#8221;]<\/p>\n<p style=\"text-align: center;\"><em>EVAC \u2013 sistem evakuacijskega ozvo\u010denja<\/em><br \/><a href=\"https:\/\/drive.google.com\/file\/d\/1z4RxewEv_M_AbMDD18SImZGGpOenJ3AF\/view?usp=sharing\" target=\"_blank\" rel=\"noopener noreferrer\">Prenesite bro\u0161uro<\/a><\/p>\n<p>[\/et_pb_text][\/et_pb_column][et_pb_column type=&#8221;1_4&#8243; _builder_version=&#8221;4.16&#8243; _module_preset=&#8221;default&#8221; global_colors_info=&#8221;{}&#8221;][et_pb_image src=&#8221;https:\/\/www.alarmautomatika.com\/wp-content\/uploads\/2021\/02\/mockup-integrirana-safety-rjesenja-hr.jpg&#8221; title_text=&#8221;mockup-integrirana-safety-rjesenja-hr&#8221; url=&#8221;https:\/\/drive.google.com\/file\/d\/1h-O-uQ6n4f2CNbPZDYAm8E6hL1k99kod\/view?usp=sharing&#8221; url_new_window=&#8221;on&#8221; align=&#8221;center&#8221; _builder_version=&#8221;4.16&#8243; _module_preset=&#8221;default&#8221; global_colors_info=&#8221;{}&#8221;][\/et_pb_image][et_pb_text _builder_version=&#8221;4.23&#8243; _module_preset=&#8221;default&#8221; global_colors_info=&#8221;{}&#8221;]<\/p>\n<p style=\"text-align: center;\"><em>Integrirane safety re\u0161itve<\/em><a href=\"https:\/\/drive.google.com\/file\/d\/1h-O-uQ6n4f2CNbPZDYAm8E6hL1k99kod\/view?usp=sharing\" target=\"_blank\" rel=\"noopener noreferrer\"><br \/>Prenesite bro\u0161uro<\/a><\/p>\n<p>[\/et_pb_text][\/et_pb_column][et_pb_column type=&#8221;1_4&#8243; _builder_version=&#8221;4.16&#8243; _module_preset=&#8221;default&#8221; global_colors_info=&#8221;{}&#8221;][et_pb_image src=&#8221;https:\/\/www.alarmautomatika.com\/wp-content\/uploads\/2021\/02\/mockup-absistem-dci-en.jpg&#8221; title_text=&#8221;mockup-absistem-dci-en&#8221; url=&#8221;https:\/\/drive.google.com\/file\/d\/1ilxImOdA2Ne1joQe3I-TtNB6h-uQKWue\/view?usp=sharing&#8221; url_new_window=&#8221;on&#8221; align=&#8221;center&#8221; _builder_version=&#8221;4.16&#8243; _module_preset=&#8221;default&#8221; global_colors_info=&#8221;{}&#8221;][\/et_pb_image][et_pb_text _builder_version=&#8221;4.16&#8243; _module_preset=&#8221;default&#8221; global_colors_info=&#8221;{}&#8221;]<\/p>\n<p style=\"text-align: center;\"><em>ABsistemDCi &#8211; programska integracija sistemov tehni\u010dne za\u0161\u010dite<\/em><a href=\"https:\/\/drive.google.com\/file\/d\/1ilxImOdA2Ne1joQe3I-TtNB6h-uQKWue\/view?usp=sharing\" target=\"_blank\" rel=\"noopener noreferrer\"><br \/>Prenesite bro\u0161uro<\/a><\/p>\n<p>[\/et_pb_text][\/et_pb_column][et_pb_column type=&#8221;1_4&#8243; _builder_version=&#8221;4.16&#8243; _module_preset=&#8221;default&#8221; global_colors_info=&#8221;{}&#8221;][et_pb_image src=&#8221;https:\/\/www.alarmautomatika.com\/wp-content\/uploads\/2021\/02\/mockup-inim-previdia-tablet-hr.jpg&#8221; title_text=&#8221;mockup-inim-previdia-tablet-hr&#8221; url=&#8221;@ET-DC@eyJkeW5hbWljIjp0cnVlLCJjb250ZW50IjoicG9zdF9saW5rX3VybF9wYWdlIiwic2V0dGluZ3MiOnsicG9zdF9pZCI6Ijg1In19@&#8221; url_new_window=&#8221;on&#8221; align=&#8221;center&#8221; _builder_version=&#8221;4.16&#8243; _dynamic_attributes=&#8221;url&#8221; _module_preset=&#8221;default&#8221; global_colors_info=&#8221;{}&#8221;][\/et_pb_image][et_pb_text _builder_version=&#8221;4.23&#8243; _module_preset=&#8221;default&#8221; global_colors_info=&#8221;{}&#8221;]<\/p>\n<p style=\"text-align: center;\"><em>INIM Previdia re\u0161itve javljanja po\u017eara<br \/><\/em><a href=\"https:\/\/www.alarmautomatika.com\/sl\/izdelki\/pozarni-alarm\/\" rel=\"noreferrer\">Saznajte vi\u0161e<\/a><\/p>\n<p>[\/et_pb_text][\/et_pb_column][\/et_pb_row][et_pb_row column_structure=&#8221;1_3,1_3,1_3&#8243; make_equal=&#8221;on&#8221; _builder_version=&#8221;4.16&#8243; _module_preset=&#8221;default&#8221; motion_trigger_start=&#8221;top&#8221; custom_css_main_element=&#8221;.et_pb_equal_columns >.et_pb_column {||\tmargin-top:auto;||\tmargin-bottom:auto;||}&#8221; global_colors_info=&#8221;{}&#8221;][et_pb_column type=&#8221;1_3&#8243; _builder_version=&#8221;4.16&#8243; _module_preset=&#8221;default&#8221; background_color=&#8221;#00b16a&#8221; global_colors_info=&#8221;{}&#8221;][et_pb_text _builder_version=&#8221;4.16&#8243; _module_preset=&#8221;default&#8221; text_font=&#8221;|600|||||||&#8221; text_text_color=&#8221;#FFFFFF&#8221; text_orientation=&#8221;center&#8221; height=&#8221;50px&#8221; link_option_url=&#8221;#element&#8221; custom_css_main_element=&#8221;min-height: 75px;||display: flex;||align-items: center;||justify-content: center;&#8221; global_colors_info=&#8221;{}&#8221;]<\/p>\n<p>EVAC &#8211; izvr\u0161ni element dojave po\u017eara<\/p>\n<p>[\/et_pb_text][\/et_pb_column][et_pb_column type=&#8221;1_3&#8243; _builder_version=&#8221;4.16&#8243; _module_preset=&#8221;default&#8221; background_color=&#8221;#00b16a&#8221; global_colors_info=&#8221;{}&#8221;][et_pb_text _builder_version=&#8221;4.16&#8243; _module_preset=&#8221;default&#8221; text_font=&#8221;|600|||||||&#8221; text_text_color=&#8221;#FFFFFF&#8221; text_orientation=&#8221;center&#8221; height=&#8221;50px&#8221; link_option_url=&#8221;#jedinice&#8221; custom_css_main_element=&#8221;min-height: 75px;||display: flex;||align-items: center;||justify-content: center;&#8221; global_colors_info=&#8221;{}&#8221;]<\/p>\n<p>Krmilne enote za razli\u010dne aplikacije<\/p>\n<p>[\/et_pb_text][\/et_pb_column][et_pb_column type=&#8221;1_3&#8243; _builder_version=&#8221;4.16&#8243; _module_preset=&#8221;default&#8221; background_color=&#8221;#00b16a&#8221; global_colors_info=&#8221;{}&#8221;][et_pb_text _builder_version=&#8221;4.16&#8243; _module_preset=&#8221;default&#8221; text_font=&#8221;|600|||||||&#8221; text_text_color=&#8221;#FFFFFF&#8221; background_color=&#8221;#00b16a&#8221; text_orientation=&#8221;center&#8221; link_option_url=&#8221;#projektiranje&#8221; custom_css_main_element=&#8221;min-height: 75px;||display: flex;||align-items: center;||justify-content: center;&#8221; global_colors_info=&#8221;{}&#8221;]<\/p>\n<p>Projektiranje EVAC-a<\/p>\n<p>[\/et_pb_text][\/et_pb_column][\/et_pb_row][et_pb_row _builder_version=&#8221;4.16&#8243; _module_preset=&#8221;default&#8221; global_colors_info=&#8221;{}&#8221;][et_pb_column type=&#8221;4_4&#8243; _builder_version=&#8221;4.16&#8243; _module_preset=&#8221;default&#8221; global_colors_info=&#8221;{}&#8221;][et_pb_text _builder_version=&#8221;4.23&#8243; _module_preset=&#8221;default&#8221; global_colors_info=&#8221;{}&#8221;]<\/p>\n<blockquote>\n<h2 id=\"element\">EVAC \u2013 izvr\u0161ni element javljanja po\u017eara<\/h2>\n<\/blockquote>\n<p>V primeru po\u017eara ali druge nevarne situacije, EVAC sistem in tudi vse druge safety sisteme upravlja protipo\u017earna centrala. EVAC velja za <strong>izvr\u0161ilni element <a href=\"&quot;https:\/\/www.alarmautomatika.com\/sl\/izdelki\/pozarni-alarm\/\">javljanja po\u017eara,<\/a> kar pomeni, da za vse elemente sistema veljajo pravila, ki veljajo za protipo\u017earni sistem \u2013 uporaba standardov, projektiranje, periodi\u010dno preizku\u0161anje in redno vzdr\u017eevanje.<\/strong><\/p>\n<p>[\/et_pb_text][\/et_pb_column][\/et_pb_row][et_pb_row _builder_version=&#8221;4.16&#8243; _module_preset=&#8221;default&#8221; global_colors_info=&#8221;{}&#8221;][et_pb_column type=&#8221;4_4&#8243; _builder_version=&#8221;4.16&#8243; _module_preset=&#8221;default&#8221; global_colors_info=&#8221;{}&#8221;][et_pb_image src=&#8221;https:\/\/www.alarmautomatika.com\/wp-content\/uploads\/2021\/02\/elementi-evac-sustava.jpg&#8221; title_text=&#8221;elementi-evac-sustava&#8221; show_in_lightbox=&#8221;on&#8221; align=&#8221;center&#8221; _builder_version=&#8221;4.16&#8243; _module_preset=&#8221;default&#8221; width=&#8221;50%&#8221; width_tablet=&#8221;100%&#8221; width_phone=&#8221;&#8221; width_last_edited=&#8221;on|desktop&#8221; min_height_tablet=&#8221;&#8221; min_height_phone=&#8221;&#8221; min_height_last_edited=&#8221;on|desktop&#8221; global_colors_info=&#8221;{}&#8221;][\/et_pb_image][et_pb_text _builder_version=&#8221;4.23&#8243; _module_preset=&#8221;default&#8221; text_orientation=&#8221;center&#8221; hover_enabled=&#8221;0&#8243; global_colors_info=&#8221;{}&#8221; sticky_enabled=&#8221;0&#8243;]<\/p>\n<p><span style=\"color: #f48347;\"><b>EVAC<\/b><\/span> | <span style=\"color: #bc3143;\"><b>Javljanje po\u017eara in plina<\/b><\/span> | <span style=\"color: #179f5d;\"><b>Zasilna razsvetljava<\/b><\/span> | <span style=\"color: #633e97;\"><b>Odvod dima in toplote<\/b><\/span> | <span style=\"color: #83c443;\"><b>Upravljanje z ga\u0161enjem<\/b><\/span> | <span style=\"color: #4b7abd;\"><b>Kontrola vstopa<\/b><\/span><\/p>\n<p>[\/et_pb_text][et_pb_text _builder_version=&#8221;4.16&#8243; _module_preset=&#8221;default&#8221; global_colors_info=&#8221;{}&#8221;]<\/p>\n<blockquote>\n<h3>Elementi EVAC sistema<\/h3>\n<\/blockquote>\n<ol>\n<li><strong>Centralna enota EVAC sistema<\/strong> &#8211; upravlja in nadzoruje vse dele sistema in komunicira z zunanjimi napravami \u2013 protipo\u017earna centrala, izvori zvoka in podobno.<\/li>\n<li><strong>Zvo\u010dni\u0161ka kontrolna kartica<\/strong> \u2013 nadzoruje ustreznost zvo\u010dni\u0161kih linij in opravlja distribucijo avdio signala iz avdio oja\u010devalnika v ustrezne cone<\/li>\n<li><strong>Oja\u010devalniki<\/strong> \u2013 osnovni in rezervni, zagotaljajo avdio signal za zvo\u010dni\u0161ke linije<\/li>\n<li><strong>Centralna enota napajanja<\/strong> \u2013 zagotavlja glavno in rezervno (preko baterij) napajanje, opravlja nadzor in polnjenje baterij ter distribucijo napajanja v razli\u010dnih na\u010dinih delovanja<\/li>\n<li><strong>Mikrofon za evakuacijo; gasilce<\/strong> \u2013 omogo\u010da, da gasilci (ali druge poobla\u0161\u010dene osebe) ro\u010dno upravljajo z EVAC sistemom in neposredno dajejo navodila osebam v ogro\u017eenem prostoru<\/li>\n<li><strong>Zvo\u010dniki<\/strong> \u2013 za razli\u010dne situacije se koristijo razli\u010dni tipi zvo\u010dnikov<\/li>\n<li><strong>Zvo\u010dni\u0161ke linije<\/strong> \u2013 zagotavljajo neprekinjeno delovanje signala v primeru po\u017eara<\/li>\n<li><strong>Dodatna oprema<\/strong> \u2013 avdio viri, conski klicni mikrofoni in podobno<\/li>\n<\/ol>\n<p>[\/et_pb_text][et_pb_text _builder_version=&#8221;4.23&#8243; _module_preset=&#8221;default&#8221; custom_padding=&#8221;10px|10px|10px|10px|true|true&#8221; border_radii=&#8221;on|2px|2px|2px|2px&#8221; border_width_all=&#8221;3px&#8221; border_color_all=&#8221;#00b16a&#8221; global_colors_info=&#8221;{}&#8221;]<a href=\"https:\/\/www.alarmautomatika.com\/sl\/programska-oprema\/nadzor-in-upravljanje-varnostnih-sistemov\/\"><strong>ABsistemDCi<\/strong><\/a> je programski paket, ki omogo\u010da nadzor in upravljanje nad vsemi integriranimi sistemi tehni\u010dnega varovanja preko posebnega vmesnika.[\/et_pb_text][\/et_pb_column][\/et_pb_row][et_pb_row _builder_version=&#8221;4.16&#8243; _module_preset=&#8221;default&#8221; global_colors_info=&#8221;{}&#8221;][et_pb_column type=&#8221;4_4&#8243; _builder_version=&#8221;4.16&#8243; _module_preset=&#8221;default&#8221; global_colors_info=&#8221;{}&#8221;][et_pb_text _builder_version=&#8221;4.16&#8243; _module_preset=&#8221;default&#8221; global_colors_info=&#8221;{}&#8221;]<\/p>\n<blockquote>\n<h2 id=\"jedinice\">Krmilne enote za razli\u010dne aplikacije<\/h2>\n<\/blockquote>\n<p>Izbira krmilne enote je v prvi vrsti odvisna od velikosti in zahtevnosti objekta in na\u010deloma lo\u010dimo modularne in kompaktne krmilne enote, kot jih ponuja Ambient System.<\/p>\n<p>Sistem <strong>MULTIVES<\/strong> je zasnovan tako <strong>za srednje velike objekte kot tudi za bolj zapletene komercialne objekte<\/strong> (\u017eelezni\u0161ke postaje, letali\u0161\u010da, rafinerije, \u0161portni stadioni, nakupovalna sredi\u0161\u010da, itd.). Omogo\u010da mre\u017eno, raz\u0161irljivo in modularno strukturo z <strong>do 44 zvo\u010dni\u0161kimi linijami<\/strong>, predvajanjem <strong>do 12 sporo\u010dil hkrati<\/strong>, povezovanjem <strong>12 oja\u010devalcev v sistem<\/strong>.<\/p>\n<p>[\/et_pb_text][et_pb_image src=&#8221;https:\/\/www.alarmautomatika.com\/wp-content\/uploads\/2021\/02\/ambient-system-multives-scheme-hr-scaled.jpg&#8221; title_text=&#8221;ambient-system-multives-scheme-hr&#8221; show_in_lightbox=&#8221;on&#8221; align=&#8221;center&#8221; _builder_version=&#8221;4.16&#8243; _module_preset=&#8221;default&#8221; max_width=&#8221;50%&#8221; global_colors_info=&#8221;{}&#8221;][\/et_pb_image][et_pb_text _builder_version=&#8221;4.16&#8243; _module_preset=&#8221;default&#8221; global_colors_info=&#8221;{}&#8221;]<\/p>\n<p><strong>MINIVES<\/strong> je <strong>kompakten in prilagodljiv sistem PA&amp;VA za manj\u0161e objekte<\/strong>, z mo\u017enostjo <strong>do 8 zvo\u010dni\u0161kih linij<\/strong> in <strong>oja\u010devalcem 2x320W<\/strong>, z <strong>vklju\u010denim rezervnim oja\u010devalnikom<\/strong>. Povezava ve\u010d enot je mo\u017ena preko FO in vsaka enota pa je opremljena s po\u017earnim mikrofonom, zaslonom ob\u010dutljivim na dotik, DSP-jem, ter programabilnimi vhodi in tipkami v ohi\u0161ju IP30.<\/p>\n<p>[\/et_pb_text][\/et_pb_column][\/et_pb_row][et_pb_row column_structure=&#8221;2_5,3_5&#8243; _builder_version=&#8221;4.16&#8243; _module_preset=&#8221;default&#8221; global_colors_info=&#8221;{}&#8221;][et_pb_column type=&#8221;2_5&#8243; _builder_version=&#8221;4.16&#8243; _module_preset=&#8221;default&#8221; global_colors_info=&#8221;{}&#8221;][et_pb_image src=&#8221;https:\/\/www.alarmautomatika.com\/wp-content\/uploads\/2021\/02\/ambient-system-minives-scheme-en.jpg&#8221; title_text=&#8221;ambient-system-minives-scheme-en&#8221; show_in_lightbox=&#8221;on&#8221; align=&#8221;center&#8221; _builder_version=&#8221;4.16&#8243; _module_preset=&#8221;default&#8221; global_colors_info=&#8221;{}&#8221;][\/et_pb_image][\/et_pb_column][et_pb_column type=&#8221;3_5&#8243; _builder_version=&#8221;4.16&#8243; _module_preset=&#8221;default&#8221; global_colors_info=&#8221;{}&#8221;][et_pb_video src=&#8221;https:\/\/youtu.be\/kHLmF7eTI0Y&#8221; _builder_version=&#8221;4.16&#8243; _module_preset=&#8221;default&#8221; global_colors_info=&#8221;{}&#8221;][\/et_pb_video][\/et_pb_column][\/et_pb_row][et_pb_row _builder_version=&#8221;4.16&#8243; _module_preset=&#8221;default&#8221; custom_padding=&#8221;||0px||false|false&#8221; global_colors_info=&#8221;{}&#8221;][et_pb_column type=&#8221;4_4&#8243; _builder_version=&#8221;4.16&#8243; _module_preset=&#8221;default&#8221; global_colors_info=&#8221;{}&#8221;][et_pb_text _builder_version=&#8221;4.16&#8243; _module_preset=&#8221;default&#8221; custom_padding=&#8221;0px||0px||false|false&#8221; global_colors_info=&#8221;{}&#8221;]<\/p>\n<blockquote>\n<h2 id=\"projektiranje\">Projektiranje EVAC-a<\/h2>\n<\/blockquote>\n<p>&nbsp;<\/p>\n<p>[\/et_pb_text][\/et_pb_column][\/et_pb_row][et_pb_row column_structure=&#8221;3_4,1_4&#8243; _builder_version=&#8221;4.16&#8243; _module_preset=&#8221;default&#8221; custom_padding=&#8221;0px||||false|false&#8221; global_colors_info=&#8221;{}&#8221;][et_pb_column type=&#8221;3_4&#8243; _builder_version=&#8221;4.16&#8243; _module_preset=&#8221;default&#8221; global_colors_info=&#8221;{}&#8221;][et_pb_text _builder_version=&#8221;4.16&#8243; _module_preset=&#8221;default&#8221; global_colors_info=&#8221;{}&#8221;]<\/p>\n<p>Funkcionalnost sistema je odvisna od \u0161tevilnih parametrov, ki jih je potrebno izra\u010dunati, zato se EVAC projektira s pomo\u010djo razli\u010dne programske opreme, ki omogo\u010da hitrej\u0161e izra\u010dune in simulacije glede na akustiko prostora in izbrane zvo\u010dnike. Programska oprema pospe\u0161i tudi izbiro zvo\u010dnikov, ker vsebujejo podatkovne baze zvo\u010dnikov ve\u010d proizvajalcev in so zdru\u017eljivi z drugimi CAD orodji.<\/p>\n<p>Poleg hrupa v ozadju ter ogro\u017eenosti in akusti\u010dnosti prostora je treba posebno pozornost nameniti razumljivosti govora (STI \u2013 Speech Transmission Index), ker je pomembno, da oseba jasno in nedvomno razume sporo\u010dilo posredovano prek EVAC sistema.<\/p>\n<p>[\/et_pb_text][\/et_pb_column][et_pb_column type=&#8221;1_4&#8243; _builder_version=&#8221;4.16&#8243; _module_preset=&#8221;default&#8221; global_colors_info=&#8221;{}&#8221;][et_pb_image src=&#8221;https:\/\/www.alarmautomatika.com\/wp-content\/uploads\/2021\/02\/sound-map.jpg&#8221; title_text=&#8221;sound-map&#8221; show_in_lightbox=&#8221;on&#8221; _builder_version=&#8221;4.16&#8243; _module_preset=&#8221;default&#8221; global_colors_info=&#8221;{}&#8221;][\/et_pb_image][\/et_pb_column][\/et_pb_row][et_pb_row _builder_version=&#8221;4.16&#8243; _module_preset=&#8221;default&#8221; background_enable_color=&#8221;off&#8221; global_colors_info=&#8221;{}&#8221;][et_pb_column type=&#8221;4_4&#8243; _builder_version=&#8221;4.16&#8243; _module_preset=&#8221;default&#8221; global_colors_info=&#8221;{}&#8221;][et_pb_text _builder_version=&#8221;4.23&#8243; _module_preset=&#8221;default&#8221; global_colors_info=&#8221;{}&#8221;]<\/p>\n<h3><strong>Ambient System vsakdanje \u017eivljenje naredimo varnej\u0161e<\/strong><\/h3>\n<p><strong><a href=\"http:\/\/ambientsystem.eu\/\" target=\"_blank\" rel=\"noopener noreferrer\">Ambient System<\/a><\/strong> ima ve\u010d kot 20 let izku\u0161enj s proizvodnjo inovativnih in tehnolo\u0161ko naprednih EVAC re\u0161itev. Vsi elementi sistema Ambient System EVAC sistema so v skladu z obveznimi standardi EU.[\/et_pb_text][et_pb_video src=&#8221;https:\/\/youtu.be\/TeJInYj_KJs&#8221; _builder_version=&#8221;4.16&#8243; _module_preset=&#8221;default&#8221; max_width=&#8221;600px&#8221; module_alignment=&#8221;center&#8221; global_colors_info=&#8221;{}&#8221;][\/et_pb_video][\/et_pb_column][\/et_pb_row][\/et_pb_section]<\/p>\n","protected":false},"excerpt":{"rendered":"<p>Evakuacijsko ozvo\u010denje (EVAC) Zanimanje za izvajanje EVAC sistemov nara\u0161\u010da, ker \u017eelijo investitorji pove\u010dati raven varnosti in uskladiti varnostne standarde s tistimi, ki so obi\u010dajni v EU. Najve\u010dje \u0161tevilo izvedb je v objektih, kjer je veliko ljudi, kot so hoteli, javni objekti, trgovski centri, bolni\u0161nice, \u0161ole ali poslovne zgradbe.Prednosti EVAC-a Te\u017eava vseh velikih objektov v katerih [&hellip;]<\/p>\n","protected":false},"author":15,"featured_media":0,"parent":4866,"menu_order":0,"comment_status":"closed","ping_status":"closed","template":"","meta":{"_et_pb_use_builder":"on","_et_pb_old_content":"","_et_gb_content_width":"","footnotes":""},"class_list":["post-4935","page","type-page","status-publish","hentry"],"_links":{"self":[{"href":"https:\/\/www.alarmautomatika.com\/sl\/wp-json\/wp\/v2\/pages\/4935","targetHints":{"allow":["GET"]}}],"collection":[{"href":"https:\/\/www.alarmautomatika.com\/sl\/wp-json\/wp\/v2\/pages"}],"about":[{"href":"https:\/\/www.alarmautomatika.com\/sl\/wp-json\/wp\/v2\/types\/page"}],"author":[{"embeddable":true,"href":"https:\/\/www.alarmautomatika.com\/sl\/wp-json\/wp\/v2\/users\/15"}],"replies":[{"embeddable":true,"href":"https:\/\/www.alarmautomatika.com\/sl\/wp-json\/wp\/v2\/comments?post=4935"}],"version-history":[{"count":2,"href":"https:\/\/www.alarmautomatika.com\/sl\/wp-json\/wp\/v2\/pages\/4935\/revisions"}],"predecessor-version":[{"id":49337,"href":"https:\/\/www.alarmautomatika.com\/sl\/wp-json\/wp\/v2\/pages\/4935\/revisions\/49337"}],"up":[{"embeddable":true,"href":"https:\/\/www.alarmautomatika.com\/sl\/wp-json\/wp\/v2\/pages\/4866"}],"wp:attachment":[{"href":"https:\/\/www.alarmautomatika.com\/sl\/wp-json\/wp\/v2\/media?parent=4935"}],"curies":[{"name":"wp","href":"https:\/\/api.w.org\/{rel}","templated":true}]}}