{"id":4956,"date":"2020-08-20T13:52:40","date_gmt":"2020-08-20T11:52:40","guid":{"rendered":"https:\/\/www.alarmautomatika.com\/stranke\/arhitekti\/"},"modified":"2023-12-21T11:28:00","modified_gmt":"2023-12-21T10:28:00","slug":"arhitekti","status":"publish","type":"page","link":"https:\/\/www.alarmautomatika.com\/sl\/stranke\/arhitekti\/","title":{"rendered":"Arhitekti"},"content":{"rendered":"<p>[et_pb_section fb_built=&#8221;1&#8243; _builder_version=&#8221;4.6.2&#8243; _module_preset=&#8221;default&#8221; background_image=&#8221;https:\/\/www.alarmautomatika.com\/wp-content\/uploads\/2020\/09\/arhitekti.jpg&#8221; background_size=&#8221;initial&#8221; background_position=&#8221;top_center&#8221; global_colors_info=&#8221;{}&#8221;][et_pb_row _builder_version=&#8221;4.6.0&#8243; _module_preset=&#8221;default&#8221; width=&#8221;95%&#8221; global_colors_info=&#8221;{}&#8221;][et_pb_column type=&#8221;4_4&#8243; _builder_version=&#8221;4.6.0&#8243; _module_preset=&#8221;default&#8221; global_colors_info=&#8221;{}&#8221;][et_pb_text _builder_version=&#8221;4.6.0&#8243; _dynamic_attributes=&#8221;content&#8221; _module_preset=&#8221;default&#8221; text_font=&#8221;|600|||||||&#8221; text_text_color=&#8221;#ffffff&#8221; text_font_size=&#8221;48px&#8221; text_line_height=&#8221;1.2em&#8221; custom_padding=&#8221;80px|50px||50px|false|true&#8221; text_font_size_tablet=&#8221;40px&#8221; text_font_size_phone=&#8221;32px&#8221; text_font_size_last_edited=&#8221;on|desktop&#8221; text_line_height_tablet=&#8221;&#8221; text_line_height_phone=&#8221;&#8221; text_line_height_last_edited=&#8221;on|phone&#8221; header_font_tablet=&#8221;&#8221; header_font_phone=&#8221;&#8221; header_font_last_edited=&#8221;on|phone&#8221; header_font_size_tablet=&#8221;&#8221; header_font_size_phone=&#8221;&#8221; header_font_size_last_edited=&#8221;on|phone&#8221; header_line_height_tablet=&#8221;&#8221; header_line_height_phone=&#8221;&#8221; header_line_height_last_edited=&#8221;on|desktop&#8221; global_colors_info=&#8221;{}&#8221;]@ET-DC@eyJkeW5hbWljIjp0cnVlLCJjb250ZW50IjoicG9zdF90aXRsZSIsInNldHRpbmdzIjp7ImJlZm9yZSI6IiIsImFmdGVyIjoiIn19@[\/et_pb_text][\/et_pb_column][\/et_pb_row][et_pb_row column_structure=&#8221;3_4,1_4&#8243; _builder_version=&#8221;4.6.0&#8243; _module_preset=&#8221;default&#8221; background_color=&#8221;#ffffff&#8221; width=&#8221;95%&#8221; custom_margin=&#8221;20px||||false|false&#8221; custom_margin_tablet=&#8221;10px||||false|false&#8221; custom_margin_phone=&#8221;10px||||false|false&#8221; custom_margin_last_edited=&#8221;on|desktop&#8221; custom_padding=&#8221;50px|50px|50px|50px|true|true&#8221; box_shadow_style=&#8221;preset2&#8243; global_colors_info=&#8221;{}&#8221;][et_pb_column type=&#8221;3_4&#8243; _builder_version=&#8221;4.6.0&#8243; _module_preset=&#8221;default&#8221; global_colors_info=&#8221;{}&#8221;][et_pb_text _builder_version=&#8221;4.10.2&#8243; _module_preset=&#8221;default&#8221; link_font=&#8221;|600|||||||&#8221; header_2_text_align=&#8221;left&#8221; header_2_font_size=&#8221;30px&#8221; header_2_line_height=&#8221;1.2em&#8221; hover_enabled=&#8221;0&#8243; header_font_size_tablet=&#8221;48px&#8221; header_font_size_phone=&#8221;&#8221; header_font_size_last_edited=&#8221;on|tablet&#8221; header_2_font_size_tablet=&#8221;&#8221; header_2_font_size_phone=&#8221;25px&#8221; header_2_font_size_last_edited=&#8221;on|phone&#8221; global_colors_info=&#8221;{}&#8221; sticky_enabled=&#8221;0&#8243;]<\/p>\n<blockquote>\n<h2>Oprema in tehni\u010dna dokumentacija<\/h2>\n<\/blockquote>\n<p>Vsa <a href=\"https:\/\/www.alarmautomatika.com\/sl\/izdelki\/pozarni-alarm\/\">varnostna<\/a> in <a href=\"https:\/\/www.alarmautomatika.com\/sl\/izdelki\/tehnicno-varovanje\/\">varovalna<\/a> oprema v ponudbi Alarm automatika, je v skladu s potrebnimi standardi in zakonodajo ter jo tako spremlja vsa potrebna <a href=\"https:\/\/www.alarmautomatika.com\/sl\/platforma\/#b2b-projektna-dokumentacija\">tehni\u010dna dokumentacija<\/a>, kot tudi potrebni <a href=\"https:\/\/www.alarmautomatika.com\/sl\/storitve\/visok-nivo-profesionalnosti-v-vseh-fazah-projekta\/#certificiranje\">certifikati<\/a>.<\/p>\n<blockquote>\n<h2>Svetovanje in podpora v procesu iskanja re\u0161itev<\/h2>\n<\/blockquote>\n<p>Arhitekturne zna\u010dilnosti stavbe mo\u010dno vplivajo na funkcionalnost in varnost varnostnega sistema. Zato je potrebno, \u017ee v za\u010detnih fazah <a href=\"https:\/\/www.alarmautomatika.com\/sl\/storitve\/visok-nivo-profesionalnosti-v-vseh-fazah-projekta\/#projektiranje-i-projektna-podrska\">arhitekturnega na\u010drtovanja<\/a>, upo\u0161tevati nalogo in postavitev varnostnih sistemov.<\/p>\n<blockquote>\n<h2>Izbira elementov sistema, v harmoniji z notranjostjo<\/h2>\n<\/blockquote>\n<p>\u0160irok nabor opreme razli\u010dnih proizvajalcev zagotavlja \u0161irok nabor alternativnih produktov, kar omogo\u010da da vidni elementi (kamere, detektorji) dobro dopolnjujejo specifi\u010dno notranjost objekta.<\/p>\n<blockquote>\n<h2>Seminarji, dogodki in konference na temo uporabe varnostnih ter varovalnih re\u0161itev<\/h2>\n<\/blockquote>\n<p>Seminarji in konference so mesta za izmenjavo informacij ter znanja o izvedenih varnostnih re\u0161itvah v razli\u010dnih aplikacijah (hoteli, prodajne verige, stanovanjski prostori in ve\u010dji poslovni ali industrijski kompleksi), kot tudi o novih tehnologijah in re\u0161itvah, ki predvidevajo investitorjeve potrebe.<\/p>\n<blockquote>\n<h2>Katalog kompletnega razpona ponujene opreme in sistemov<\/h2>\n<\/blockquote>\n<p>Ponudba varnostnih in varovalnih sistemov Alarm automatike je integrirana in podrobno predstavljena v <a href=\"https:\/\/www.alarmautomatika.com\/sl\/storitve\/visok-nivo-profesionalnosti-v-vseh-fazah-projekta\/#idea-project-katalog-i-b2b-platforma\">iDEA Project katalogu<\/a>. Katalog vklju\u010duje izdelke, za katere so bili \u017ee razviti komunikacijski moduli in integracijske re\u0161itve. Ponudba je delno na voljo kot del BIM objektov.[\/et_pb_text][\/et_pb_column][et_pb_column type=&#8221;1_4&#8243; _builder_version=&#8221;4.6.0&#8243; _module_preset=&#8221;default&#8221; custom_padding_tablet=&#8221;&#8221; custom_padding_phone=&#8221;&#8221; custom_padding_last_edited=&#8221;on|phone&#8221; global_colors_info=&#8221;{}&#8221;][et_pb_image src=&#8221;https:\/\/www.alarmautomatika.com\/wp-content\/uploads\/2020\/10\/idea-project-logo-home-banner.png&#8221; alt=&#8221;iDEA Project&#8221; title_text=&#8221;iDEA Project&#8221; align=&#8221;center&#8221; _builder_version=&#8221;4.7.4&#8243; _module_preset=&#8221;default&#8221; global_colors_info=&#8221;{}&#8221;][\/et_pb_image][et_pb_accordion module_class=&#8221;idea-value-propositions&#8221; _builder_version=&#8221;4.9.4&#8243; _module_preset=&#8221;default&#8221; global_module=&#8221;8294&#8243; global_colors_info=&#8221;{}&#8221;][et_pb_accordion_item title=&#8221;Blank&#8221; open=&#8221;on&#8221; _builder_version=&#8221;4.9.4&#8243; _module_preset=&#8221;default&#8221; custom_css_main_element=&#8221;display:none;&#8221; global_colors_info=&#8221;{}&#8221;][\/et_pb_accordion_item][et_pb_accordion_item title=&#8221;Stranke&#8221; _builder_version=&#8221;4.9.0&#8243; _module_preset=&#8221;default&#8221; global_colors_info=&#8221;{}&#8221; open=&#8221;off&#8221;]<\/p>\n<p><a href=\"https:\/\/www.alarmautomatika.com\/sl\/stranke\/arhitekti\/\">Arhitekti<\/a><\/p>\n<p><a href=\"https:\/\/www.alarmautomatika.com\/sl\/stranke\/elektro-projektanti\/\">Elektro projektanti<\/a><\/p>\n<p><a href=\"https:\/\/www.alarmautomatika.com\/sl\/stranke\/gradbeni-segment\/\">Gra\u0111evinari<\/a><\/p>\n<p><a href=\"https:\/\/www.alarmautomatika.com\/sl\/stranke\/elektro-instalaterji\/\">Elektro instalateri<\/a><\/p>\n<p><a href=\"https:\/\/www.alarmautomatika.com\/sl\/stranke\/sistemski-integratorji\/\">Sistem integratori<\/a><\/p>\n<p>[\/et_pb_accordion_item][et_pb_accordion_item title=&#8221;Izdelki&#8221; _builder_version=&#8221;4.9.4&#8243; _module_preset=&#8221;default&#8221; global_colors_info=&#8221;{}&#8221; open=&#8221;off&#8221;]<\/p>\n<p><a href=\"https:\/\/www.alarmautomatika.com\/proizvodi\/inim-previdia\/\">Dojava po\u017eara<\/a><\/p>\n<p><a href=\"https:\/\/www.alarmautomatika.com\/sl\/izdelki\/plinski-alarm\/\">Dojava plina<\/a><\/p>\n<p><a href=\"https:\/\/www.alarmautomatika.com\/sl\/izdelki\/sistem-gasenja-pozara\/\">Sustavi ga\u0161enja po\u017eara<\/a><\/p>\n<p><a href=\"https:\/\/www.alarmautomatika.com\/sl\/izdelki\/evakuacijsko-ozvocenje\/\">Evakuacijski (EVAC) i javni (PA) razglas<\/a><\/p>\n<p><a href=\"https:\/\/www.alarmautomatika.com\/sl\/izdelki\/sistemi-odvoda-dima-in-toplote-ter-ventilacijski-sistemi\/\">Odvo\u0111enje dima i topline i upravljanje po\u017earnim sektorima<\/a><\/p>\n<p><a href=\"https:\/\/www.alarmautomatika.com\/sl\/izdelki\/zasilna-razsvetljava\/\">Panik rasvjeta<\/a><\/p>\n<p><a href=\"https:\/\/www.alarmautomatika.com\/sl\/izdelki\/tehnicno-varovanje\/\">Tehni\u010dka za\u0161tita<\/a><\/p>\n<p>[\/et_pb_accordion_item][et_pb_accordion_item title=&#8221;Programska oprema&#8221; _builder_version=&#8221;4.9.0&#8243; _module_preset=&#8221;default&#8221; global_colors_info=&#8221;{}&#8221; open=&#8221;off&#8221;]<\/p>\n<p><a href=\"https:\/\/www.alarmautomatika.com\/sl\/programska-oprema\/pameten-nadzor-in-upravljanje\/\">Nadzor i upravljanje sustavima za\u0161tite<\/a><\/p>\n<p>[\/et_pb_accordion_item][et_pb_accordion_item title=&#8221;Storitve&#8221; _builder_version=&#8221;4.9.0&#8243; _module_preset=&#8221;default&#8221; global_colors_info=&#8221;{}&#8221; open=&#8221;off&#8221;]<\/p>\n<p><a href=\"https:\/\/www.alarmautomatika.com\/sl\/storitve\/visok-nivo-profesionalnosti-v-vseh-fazah-projekta\/#projektiranje-i-projektna-podrska\" data-et-has-event-already=\"true\">Projektiranje i projektna podr\u0161ka<\/a><\/p>\n<p><a href=\"https:\/\/www.alarmautomatika.com\/sl\/storitve\/visok-nivo-profesionalnosti-v-vseh-fazah-projekta\/#vodjenje-projekata\" data-et-has-event-already=\"true\">Vo\u0111enje projekata<\/a><\/p>\n<p><a href=\"https:\/\/www.alarmautomatika.com\/sl\/storitve\/visok-nivo-profesionalnosti-v-vseh-fazah-projekta\/#programiranje-i-integracija-sustava\" data-et-has-event-already=\"true\">Programiranje i integracija sustava<\/a><\/p>\n<p><a href=\"https:\/\/www.alarmautomatika.com\/sl\/storitve\/visok-nivo-profesionalnosti-v-vseh-fazah-projekta\/#pustanje-sustava-u-rad\">Pu\u0161tanje sustava u rad<\/a><\/p>\n<p><a href=\"https:\/\/www.alarmautomatika.com\/sl\/storitve\/visok-nivo-profesionalnosti-v-vseh-fazah-projekta\/#certificiranje\" data-et-has-event-already=\"true\">Certificiranje<\/a><\/p>\n<p><a href=\"https:\/\/www.alarmautomatika.com\/sl\/storitve\/visok-nivo-profesionalnosti-v-vseh-fazah-projekta\/#idea-project-katalog-i-b2b-platforma\" data-et-has-event-already=\"true\">Projektni katalog i B2B platforma<\/a><\/p>\n<p>[\/et_pb_accordion_item][et_pb_accordion_item title=&#8221;Platforma&#8221; _builder_version=&#8221;4.9.0&#8243; _module_preset=&#8221;default&#8221; global_colors_info=&#8221;{}&#8221; open=&#8221;off&#8221;]<\/p>\n<p><a href=\"https:\/\/www.alarmautomatika.com\/sl\/platforma\/#b2b-projektna-dokumentacija\" data-et-has-event-already=\"true\">B2B platforma s cjelokupnom dokumentacijom<\/a><\/p>\n<p>[\/et_pb_accordion_item][\/et_pb_accordion][\/et_pb_column][\/et_pb_row][\/et_pb_section]<\/p>\n","protected":false},"excerpt":{"rendered":"<p>Oprema in tehni\u010dna dokumentacija Vsa varnostna in varovalna oprema v ponudbi Alarm automatika, je v skladu s potrebnimi standardi in zakonodajo ter jo tako spremlja vsa potrebna tehni\u010dna dokumentacija, kot tudi potrebni certifikati. Svetovanje in podpora v procesu iskanja re\u0161itev Arhitekturne zna\u010dilnosti stavbe mo\u010dno vplivajo na funkcionalnost in varnost varnostnega sistema. Zato je potrebno, \u017ee [&hellip;]<\/p>\n","protected":false},"author":15,"featured_media":0,"parent":4868,"menu_order":0,"comment_status":"closed","ping_status":"closed","template":"","meta":{"_et_pb_use_builder":"on","_et_pb_old_content":"","_et_gb_content_width":"","footnotes":""},"class_list":["post-4956","page","type-page","status-publish","hentry"],"_links":{"self":[{"href":"https:\/\/www.alarmautomatika.com\/sl\/wp-json\/wp\/v2\/pages\/4956","targetHints":{"allow":["GET"]}}],"collection":[{"href":"https:\/\/www.alarmautomatika.com\/sl\/wp-json\/wp\/v2\/pages"}],"about":[{"href":"https:\/\/www.alarmautomatika.com\/sl\/wp-json\/wp\/v2\/types\/page"}],"author":[{"embeddable":true,"href":"https:\/\/www.alarmautomatika.com\/sl\/wp-json\/wp\/v2\/users\/15"}],"replies":[{"embeddable":true,"href":"https:\/\/www.alarmautomatika.com\/sl\/wp-json\/wp\/v2\/comments?post=4956"}],"version-history":[{"count":2,"href":"https:\/\/www.alarmautomatika.com\/sl\/wp-json\/wp\/v2\/pages\/4956\/revisions"}],"predecessor-version":[{"id":51567,"href":"https:\/\/www.alarmautomatika.com\/sl\/wp-json\/wp\/v2\/pages\/4956\/revisions\/51567"}],"up":[{"embeddable":true,"href":"https:\/\/www.alarmautomatika.com\/sl\/wp-json\/wp\/v2\/pages\/4868"}],"wp:attachment":[{"href":"https:\/\/www.alarmautomatika.com\/sl\/wp-json\/wp\/v2\/media?parent=4956"}],"curies":[{"name":"wp","href":"https:\/\/api.w.org\/{rel}","templated":true}]}}