{"id":4974,"date":"2020-08-20T13:25:29","date_gmt":"2020-08-20T11:25:29","guid":{"rendered":"https:\/\/www.alarmautomatika.com\/izdelki\/napredna-kontrola-pristopa\/"},"modified":"2023-11-02T11:28:36","modified_gmt":"2023-11-02T10:28:36","slug":"napredna-kontrola-pristopa","status":"publish","type":"page","link":"https:\/\/www.alarmautomatika.com\/sl\/izdelki\/napredna-kontrola-pristopa\/","title":{"rendered":"Napredna kontrola pristopa"},"content":{"rendered":"<p>[et_pb_section fb_built=&#8221;1&#8243; _builder_version=&#8221;4.6.2&#8243; _module_preset=&#8221;default&#8221; background_image=&#8221;https:\/\/www.alarmautomatika.com\/wp-content\/uploads\/2020\/09\/napredni-sustavi-kontrole-pristupa.jpg&#8221; background_size=&#8221;initial&#8221; background_position=&#8221;top_center&#8221; global_colors_info=&#8221;{}&#8221;][et_pb_row _builder_version=&#8221;4.6.0&#8243; _module_preset=&#8221;default&#8221; width=&#8221;95%&#8221; global_colors_info=&#8221;{}&#8221;][et_pb_column type=&#8221;4_4&#8243; _builder_version=&#8221;4.6.0&#8243; _module_preset=&#8221;default&#8221; global_colors_info=&#8221;{}&#8221;][et_pb_text _builder_version=&#8221;4.6.0&#8243; _dynamic_attributes=&#8221;content&#8221; _module_preset=&#8221;default&#8221; text_font=&#8221;|600|||||||&#8221; text_text_color=&#8221;#ffffff&#8221; text_font_size=&#8221;48px&#8221; text_line_height=&#8221;1.2em&#8221; custom_padding=&#8221;80px|50px||50px|false|true&#8221; text_font_size_tablet=&#8221;40px&#8221; text_font_size_phone=&#8221;32px&#8221; text_font_size_last_edited=&#8221;on|desktop&#8221; text_line_height_tablet=&#8221;&#8221; text_line_height_phone=&#8221;&#8221; text_line_height_last_edited=&#8221;on|phone&#8221; header_font_tablet=&#8221;&#8221; header_font_phone=&#8221;&#8221; header_font_last_edited=&#8221;on|phone&#8221; header_font_size_tablet=&#8221;&#8221; header_font_size_phone=&#8221;&#8221; header_font_size_last_edited=&#8221;on|phone&#8221; header_line_height_tablet=&#8221;&#8221; header_line_height_phone=&#8221;&#8221; header_line_height_last_edited=&#8221;on|desktop&#8221; global_colors_info=&#8221;{}&#8221;]@ET-DC@eyJkeW5hbWljIjp0cnVlLCJjb250ZW50IjoicG9zdF90aXRsZSIsInNldHRpbmdzIjp7ImJlZm9yZSI6IiIsImFmdGVyIjoiIn19@[\/et_pb_text][\/et_pb_column][\/et_pb_row][et_pb_row column_structure=&#8221;3_4,1_4&#8243; _builder_version=&#8221;4.6.0&#8243; _module_preset=&#8221;default&#8221; background_color=&#8221;#ffffff&#8221; width=&#8221;95%&#8221; custom_margin=&#8221;20px||||false|false&#8221; custom_margin_tablet=&#8221;10px||||false|false&#8221; custom_margin_phone=&#8221;10px||||false|false&#8221; custom_margin_last_edited=&#8221;on|desktop&#8221; custom_padding=&#8221;50px|50px|50px|50px|true|true&#8221; box_shadow_style=&#8221;preset2&#8243; global_colors_info=&#8221;{}&#8221;][et_pb_column type=&#8221;3_4&#8243; _builder_version=&#8221;4.6.0&#8243; _module_preset=&#8221;default&#8221; global_colors_info=&#8221;{}&#8221;][et_pb_text _builder_version=&#8221;4.14.7&#8243; _module_preset=&#8221;default&#8221; link_font=&#8221;|600|||||||&#8221; header_2_text_align=&#8221;left&#8221; header_2_font_size=&#8221;30px&#8221; header_2_line_height=&#8221;1.2em&#8221; hover_enabled=&#8221;0&#8243; header_font_size_tablet=&#8221;48px&#8221; header_font_size_phone=&#8221;&#8221; header_font_size_last_edited=&#8221;on|tablet&#8221; header_2_font_size_tablet=&#8221;&#8221; header_2_font_size_phone=&#8221;25px&#8221; header_2_font_size_last_edited=&#8221;on|phone&#8221; global_colors_info=&#8221;{}&#8221; sticky_enabled=&#8221;0&#8243;]<\/p>\n<blockquote>\n<h2>Identifikacija otiskom prsta<\/h2>\n<\/blockquote>\n<p>Identifikacija otiskom prsta je zbog prakti\u010dnosti i brzine identifikacije osobe naj\u010de\u0161\u0107e kori\u0161tena metoda biometrijske kontrole pristupa. Primjenjuje se u objektima u kojima je bitno to\u010dno identificirati osobu koja ulazi u \u0161ti\u0107eni prostor.<\/p>\n<blockquote>\n<h2>Prepoznavanje lica<\/h2>\n<\/blockquote>\n<p>Prepoznavanje lica putem <a href=\"https:\/\/www.alarmautomatika.com\/sl\/izdelki\/video-analitika-in-umetna-inteligenca\/\">IP videonadzora<\/a> se koristi za kontrolu pristupa u visoko rizi\u010dne prostore. Sustav uspore\u0111uje snimku lica sa u bazu pohranjenim fotografijama osoba koje imaju dozvolu ulaska. To je va\u017eno i zbog prevencije zloupotrebe identifikacijskih kartica.<\/p>\n<blockquote>\n<h2>Centralizirana kontrola pristupa i evidencija radnog vremena<\/h2>\n<\/blockquote>\n<p>IP bazirana kontrola pristupa i evidencija radnog vremena omogu\u0107uju centralizirano upravljanje sustavima sa vi\u0161e dislociranih objekata. Dodavanje korisnika i dodjela ovlasti (razine pristupa) se provode daljinski, a podatci o evidentiranom radnom vremenu se prikupljaju centralizirano. Tako se zna\u010dajno ubrzavaju mnogi administrativni poslovi kao \u0161to je npr. obra\u010dun pla\u0107a. Po potrebi se mo\u017ee integrirati sa <a href=\"https:\/\/www.alarmautomatika.com\/sl\/programska-oprema\/absistem-guest-manager\/\">ABsistemGuestManager<\/a> softverom.<\/p>\n<blockquote>\n<h2>Barijere za ljude i vozila<\/h2>\n<\/blockquote>\n<p>Kada se \u017eeli osigurati da kroz sustav kontrole pristupa prolazi samo jedna osoba pomo\u0107u jedne kartice, koriste se razli\u010dite sekvencijalizacijske barijere ili, za vi\u0161u razinu sigurnosti, prolazne rotacijske kabine pune visine. Kolne rampe su naj\u010de\u0161\u0107e sredstvo kontrole pristupa vozila i pri njihovu odabiru treba paziti na pouzdanost i trajnost opreme, brzinu propu\u0161tanja i sigurnost kori\u0161tenja. Barijere se po potrebi integriraju u razli\u010dite softvere za kontrolu ulaza, primjerice <a href=\"https:\/\/www.alarmautomatika.com\/sl\/programska-oprema\/absistem-park\/\">ABsistemPark<\/a>, <a href=\"https:\/\/www.alarmautomatika.com\/sl\/programska-oprema\/absistem-green\/\">ABsistemGreen<\/a>, <a href=\"https:\/\/www.alarmautomatika.com\/sl\/programska-oprema\/absistem-guest-manager\/\">ABsistemGuestManager<\/a> ili <a href=\"https:\/\/www.alarmautomatika.com\/sl\/programska-oprema\/absistem-ticketing\/\">ABsistemTicketing<\/a>. Objekte visokog rizika \u0161titi se i <a href=\"https:\/\/www.alarmautomatika.com\/sl\/protiteroristicne-ovire-za-vozila\/\">protuteroristi\u010dkim barijerama za vozila<\/a>.<\/p>\n<blockquote>\n<h2>Izdavanje ulaznica<\/h2>\n<\/blockquote>\n<p>Postupak izdavanja ulaznica mo\u017ee se zna\u010dajno ubrzati online prodajom i upotrebom kartomata. <a href=\"https:\/\/www.alarmautomatika.com\/sl\/programska-oprema\/absistem-ticketing\/#smart_kiosk\" target=\"_blank\" rel=\"noopener noreferrer\">ABsmartKiosk<\/a> omogu\u0107uje naplatu i izdavanje ulaznica gotovinom ili karticama te o\u010ditanje barkodova za online izdane ulaznice. Integracijom putem <a href=\"https:\/\/www.alarmautomatika.com\/sl\/programska-oprema\/absistem-ticketing\/#ticketing_sale\">ABsistemTicketing<\/a> softvera omogu\u0107uje se dodatna integracija sa sustavima kontrole pristupa na ulazima, videonadzorom i softverima za vo\u0111enje poslovanja.<\/p>\n<p>[\/et_pb_text][\/et_pb_column][et_pb_column type=&#8221;1_4&#8243; _builder_version=&#8221;4.6.0&#8243; _module_preset=&#8221;default&#8221; custom_padding_tablet=&#8221;&#8221; custom_padding_phone=&#8221;&#8221; custom_padding_last_edited=&#8221;on|phone&#8221; global_colors_info=&#8221;{}&#8221;][et_pb_image src=&#8221;https:\/\/www.alarmautomatika.com\/wp-content\/uploads\/2020\/10\/idea-solution-logo-home-banner.png&#8221; alt=&#8221;iDEA Solution&#8221; title_text=&#8221;iDEA Solution&#8221; align=&#8221;center&#8221; _builder_version=&#8221;4.7.4&#8243; _module_preset=&#8221;default&#8221; global_colors_info=&#8221;{}&#8221;][\/et_pb_image][et_pb_accordion module_class=&#8221;idea-value-propositions&#8221; _builder_version=&#8221;4.9.0&#8243; _module_preset=&#8221;default&#8221; global_module=&#8221;8292&#8243; global_colors_info=&#8221;{}&#8221;][et_pb_accordion_item title=&#8221;Blank&#8221; open=&#8221;on&#8221; _builder_version=&#8221;4.9.0&#8243; _module_preset=&#8221;default&#8221; custom_css_main_element=&#8221;display:none;&#8221; global_colors_info=&#8221;{}&#8221;][\/et_pb_accordion_item][et_pb_accordion_item title=&#8221;Stranke&#8221; _builder_version=&#8221;4.9.0&#8243; _module_preset=&#8221;default&#8221; global_colors_info=&#8221;{}&#8221; open=&#8221;off&#8221;]<\/p>\n<p><a href=\"https:\/\/www.alarmautomatika.com\/sl\/stranke\/banke-in-poslovne-institucije\/\">Banke i financijske institucije<\/a><\/p>\n<p><a href=\"https:\/\/www.alarmautomatika.com\/sl\/stranke\/hoteli\/\">Hoteli<\/a><\/p>\n<p><a href=\"https:\/\/www.alarmautomatika.com\/sl\/stranke\/nakupovalni-centri\/\">Trgova\u010dki centri<\/a><\/p>\n<p><a href=\"https:\/\/www.alarmautomatika.com\/sl\/stranke\/javni-in-poslovni-objekti\/\">Javni i poslovni objekti<\/a><\/p>\n<p><a href=\"https:\/\/www.alarmautomatika.com\/sl\/stranke\/industrijski-ter-veliki-infrastrukturni-objekti\/\">Industrija i kriti\u010dna infrastruktura<\/a><\/p>\n<p><a href=\"https:\/\/www.alarmautomatika.com\/sl\/stranke\/javne-povrsine-in-objekti\/\">Javne povr\u0161ine i prostori<\/a><\/p>\n<p>[\/et_pb_accordion_item][et_pb_accordion_item title=&#8221;Izdelki&#8221; _builder_version=&#8221;4.9.0&#8243; _module_preset=&#8221;default&#8221; global_colors_info=&#8221;{}&#8221; open=&#8221;off&#8221;]<\/p>\n<p><a href=\"https:\/\/www.alarmautomatika.com\/sl\/izdelki\/video-analitika-in-umetna-inteligenca\/\">Videoanalitika i umjetna inteligencija<\/a><\/p>\n<p><a href=\"https:\/\/www.alarmautomatika.com\/sl\/izdelki\/termalne-slike-ter-zascita-parametra\/\">Termovizija i za\u0161tita perimetra<\/a><\/p>\n<p><a href=\"https:\/\/www.alarmautomatika.com\/sl\/izdelki\/napredna-kontrola-pristopa\/\">Napredni sustavi kontrole pristupa<\/a><\/p>\n<p><a href=\"https:\/\/www.alarmautomatika.com\/sl\/izdelki\/elektronska-zascita-artiklov-pred-krajo\/\">Elektroni\u010dka za\u0161tita artikala od kra\u0111e<\/a><\/p>\n<p><a href=\"https:\/\/www.alarmautomatika.com\/sl\/izdelki\/inteligentno-opravljanje-s-prometom-in-parkiranjem\/\">Inteligentno upravljanje prometom i parkingom<\/a><\/p>\n<p><a href=\"https:\/\/www.alarmautomatika.com\/sl\/izdelki\/bms-in-sistemi-za-opravljanje-z-objekti\/\">BMS i upravljanje sustavima na objektu<\/a><\/p>\n<p>[\/et_pb_accordion_item][et_pb_accordion_item title=&#8221;Programska oprema&#8221; _builder_version=&#8221;4.9.0&#8243; _module_preset=&#8221;default&#8221; global_colors_info=&#8221;{}&#8221; open=&#8221;off&#8221;]<\/p>\n<p><a href=\"https:\/\/www.alarmautomatika.com\/sl\/programska-oprema\/pameten-nadzor-in-upravljanje\/#izdavanje-ulaznica\" data-et-has-event-already=\"true\">Izdavanje ulaznica<\/a><\/p>\n<p><a href=\"https:\/\/www.alarmautomatika.com\/sl\/programska-oprema\/pameten-nadzor-in-upravljanje\/#brojanje-ljudi\" data-et-has-event-already=\"true\">Brojanje ljudi<\/a><\/p>\n<p><a href=\"https:\/\/www.alarmautomatika.com\/sl\/programska-oprema\/pameten-nadzor-in-upravljanje\/#rezervacija-soba\" data-et-has-event-already=\"true\">Rezervacija soba<\/a><\/p>\n<p><a href=\"https:\/\/www.alarmautomatika.com\/sl\/programska-oprema\/pameten-nadzor-in-upravljanje\/#parking-rjesenja\" data-et-has-event-already=\"true\">Parking rje\u0161enja<\/a><\/p>\n<p><a href=\"https:\/\/www.alarmautomatika.com\/sl\/programska-oprema\/pameten-nadzor-in-upravljanje\/#upravljanje-prometom\" data-et-has-event-already=\"true\">Upravljanje prometom<\/a><\/p>\n<p><a href=\"https:\/\/www.alarmautomatika.com\/sl\/programska-oprema\/pameten-nadzor-in-upravljanje\/#upravljanje-posjetiteljima\" data-et-has-event-already=\"true\">Upravljanje posjetiteljima<\/a><\/p>\n<p><a href=\"https:\/\/www.alarmautomatika.com\/sl\/programska-oprema\/pameten-nadzor-in-upravljanje\/#nadzor-na-pretovarnim-stanicama\" data-et-has-event-already=\"true\">Nadzor na pretovarnim stanicama<\/a><\/p>\n<p>[\/et_pb_accordion_item][et_pb_accordion_item title=&#8221;Storitve&#8221; _builder_version=&#8221;4.9.0&#8243; _module_preset=&#8221;default&#8221; global_colors_info=&#8221;{}&#8221; open=&#8221;off&#8221;]<\/p>\n<p><a href=\"https:\/\/www.alarmautomatika.com\/sl\/storitve\/profesionalne-storitve-za-kompleksne-projekte\/#projektiranje\" data-et-has-event-already=\"true\">Projektiranje<\/a><\/p>\n<p><a href=\"https:\/\/www.alarmautomatika.com\/sl\/storitve\/profesionalne-storitve-za-kompleksne-projekte\/#prosudba-ugrozenosti-i-elaborat-mjera-sigurnosti\" data-et-has-event-already=\"true\">Prosudba ugro\u017eenosti i elaborat mjera sigurnosti<\/a><\/p>\n<p><a href=\"https:\/\/www.alarmautomatika.com\/sl\/storitve\/profesionalne-storitve-za-kompleksne-projekte\/#konzalting\" data-et-has-event-already=\"true\">Konzalting<\/a><\/p>\n<p><a href=\"https:\/\/www.alarmautomatika.com\/sl\/storitve\/profesionalne-storitve-za-kompleksne-projekte\/#nadzor-nad-izvodjenjem\" data-et-has-event-already=\"true\">Nadzor nad izvo\u0111enjem<\/a><\/p>\n<p><a href=\"https:\/\/www.alarmautomatika.com\/sl\/storitve\/profesionalne-storitve-za-kompleksne-projekte\/#koordinacija-i-vodjenje-projekata\" data-et-has-event-already=\"true\">Koordinacija i vo\u0111enje projekata<\/a><\/p>\n<p><a href=\"https:\/\/www.alarmautomatika.com\/sl\/storitve\/profesionalne-storitve-za-kompleksne-projekte\/#softverska-integracija\" data-et-has-event-already=\"true\">Softverska integracija i ukla\u0161anje u IKT<\/a><\/p>\n<p>[\/et_pb_accordion_item][et_pb_accordion_item title=&#8221;Platforma&#8221; _builder_version=&#8221;4.9.0&#8243; _module_preset=&#8221;default&#8221; global_colors_info=&#8221;{}&#8221; open=&#8221;off&#8221;]<\/p>\n<p><a href=\"https:\/\/www.alarmautomatika.com\/sl\/platforma\/#razmjena-znanja\" data-et-has-event-already=\"true\">Platforma za razmjenu znanja sudionika procesa gra\u0111enja<\/a><\/p>\n<p>[\/et_pb_accordion_item][\/et_pb_accordion][\/et_pb_column][\/et_pb_row][\/et_pb_section]<\/p>\n","protected":false},"excerpt":{"rendered":"<p>Identifikacija otiskom prsta Identifikacija otiskom prsta je zbog prakti\u010dnosti i brzine identifikacije osobe naj\u010de\u0161\u0107e kori\u0161tena metoda biometrijske kontrole pristupa. Primjenjuje se u objektima u kojima je bitno to\u010dno identificirati osobu koja ulazi u \u0161ti\u0107eni prostor. Prepoznavanje lica Prepoznavanje lica putem IP videonadzora se koristi za kontrolu pristupa u visoko rizi\u010dne prostore. Sustav uspore\u0111uje snimku lica [&hellip;]<\/p>\n","protected":false},"author":15,"featured_media":0,"parent":4866,"menu_order":0,"comment_status":"closed","ping_status":"closed","template":"","meta":{"_et_pb_use_builder":"on","_et_pb_old_content":"","_et_gb_content_width":"","footnotes":""},"class_list":["post-4974","page","type-page","status-publish","hentry"],"_links":{"self":[{"href":"https:\/\/www.alarmautomatika.com\/sl\/wp-json\/wp\/v2\/pages\/4974","targetHints":{"allow":["GET"]}}],"collection":[{"href":"https:\/\/www.alarmautomatika.com\/sl\/wp-json\/wp\/v2\/pages"}],"about":[{"href":"https:\/\/www.alarmautomatika.com\/sl\/wp-json\/wp\/v2\/types\/page"}],"author":[{"embeddable":true,"href":"https:\/\/www.alarmautomatika.com\/sl\/wp-json\/wp\/v2\/users\/15"}],"replies":[{"embeddable":true,"href":"https:\/\/www.alarmautomatika.com\/sl\/wp-json\/wp\/v2\/comments?post=4974"}],"version-history":[{"count":1,"href":"https:\/\/www.alarmautomatika.com\/sl\/wp-json\/wp\/v2\/pages\/4974\/revisions"}],"predecessor-version":[{"id":48535,"href":"https:\/\/www.alarmautomatika.com\/sl\/wp-json\/wp\/v2\/pages\/4974\/revisions\/48535"}],"up":[{"embeddable":true,"href":"https:\/\/www.alarmautomatika.com\/sl\/wp-json\/wp\/v2\/pages\/4866"}],"wp:attachment":[{"href":"https:\/\/www.alarmautomatika.com\/sl\/wp-json\/wp\/v2\/media?parent=4974"}],"curies":[{"name":"wp","href":"https:\/\/api.w.org\/{rel}","templated":true}]}}