{"id":4980,"date":"2020-08-20T13:24:50","date_gmt":"2020-08-20T11:24:50","guid":{"rendered":"https:\/\/www.alarmautomatika.com\/izdelki\/video-analitika-in-umetna-inteligenca\/"},"modified":"2023-11-02T11:28:34","modified_gmt":"2023-11-02T10:28:34","slug":"video-analitika-in-umetna-inteligenca","status":"publish","type":"page","link":"https:\/\/www.alarmautomatika.com\/sl\/izdelki\/video-analitika-in-umetna-inteligenca\/","title":{"rendered":"Video analitika in umetna inteligenca"},"content":{"rendered":"<p>[et_pb_section fb_built=&#8221;1&#8243; _builder_version=&#8221;4.6.2&#8243; _module_preset=&#8221;default&#8221; background_image=&#8221;https:\/\/www.alarmautomatika.com\/wp-content\/uploads\/2020\/09\/video-analitika-umjetna-inteligencija.jpg&#8221; background_size=&#8221;initial&#8221; background_position=&#8221;top_center&#8221; global_colors_info=&#8221;{}&#8221;][et_pb_row _builder_version=&#8221;4.6.0&#8243; _module_preset=&#8221;default&#8221; width=&#8221;95%&#8221; global_colors_info=&#8221;{}&#8221;][et_pb_column type=&#8221;4_4&#8243; _builder_version=&#8221;4.6.0&#8243; _module_preset=&#8221;default&#8221; global_colors_info=&#8221;{}&#8221;][et_pb_text _builder_version=&#8221;4.6.0&#8243; _dynamic_attributes=&#8221;content&#8221; _module_preset=&#8221;default&#8221; text_font=&#8221;|600|||||||&#8221; text_text_color=&#8221;#ffffff&#8221; text_font_size=&#8221;48px&#8221; text_line_height=&#8221;1.2em&#8221; custom_padding=&#8221;80px|50px||50px|false|true&#8221; text_font_size_tablet=&#8221;40px&#8221; text_font_size_phone=&#8221;32px&#8221; text_font_size_last_edited=&#8221;on|desktop&#8221; text_line_height_tablet=&#8221;&#8221; text_line_height_phone=&#8221;&#8221; text_line_height_last_edited=&#8221;on|phone&#8221; header_font_tablet=&#8221;&#8221; header_font_phone=&#8221;&#8221; header_font_last_edited=&#8221;on|phone&#8221; header_font_size_tablet=&#8221;&#8221; header_font_size_phone=&#8221;&#8221; header_font_size_last_edited=&#8221;on|phone&#8221; header_line_height_tablet=&#8221;&#8221; header_line_height_phone=&#8221;&#8221; header_line_height_last_edited=&#8221;on|desktop&#8221; global_colors_info=&#8221;{}&#8221;]@ET-DC@eyJkeW5hbWljIjp0cnVlLCJjb250ZW50IjoicG9zdF90aXRsZSIsInNldHRpbmdzIjp7ImJlZm9yZSI6IiIsImFmdGVyIjoiIn19@[\/et_pb_text][\/et_pb_column][\/et_pb_row][et_pb_row column_structure=&#8221;3_4,1_4&#8243; _builder_version=&#8221;4.6.0&#8243; _module_preset=&#8221;default&#8221; background_color=&#8221;#ffffff&#8221; width=&#8221;95%&#8221; custom_margin=&#8221;20px||||false|false&#8221; custom_margin_tablet=&#8221;10px||||false|false&#8221; custom_margin_phone=&#8221;10px||||false|false&#8221; custom_margin_last_edited=&#8221;on|desktop&#8221; custom_padding=&#8221;50px|50px|50px|50px|true|true&#8221; box_shadow_style=&#8221;preset2&#8243; global_colors_info=&#8221;{}&#8221;][et_pb_column type=&#8221;3_4&#8243; _builder_version=&#8221;4.6.0&#8243; _module_preset=&#8221;default&#8221; global_colors_info=&#8221;{}&#8221;][et_pb_text _builder_version=&#8221;4.10.2&#8243; _module_preset=&#8221;default&#8221; link_font=&#8221;|600|||||||&#8221; header_2_text_align=&#8221;left&#8221; header_2_font_size=&#8221;30px&#8221; header_2_line_height=&#8221;1.2em&#8221; hover_enabled=&#8221;0&#8243; header_font_size_tablet=&#8221;48px&#8221; header_font_size_phone=&#8221;&#8221; header_font_size_last_edited=&#8221;on|tablet&#8221; header_2_font_size_tablet=&#8221;&#8221; header_2_font_size_phone=&#8221;25px&#8221; header_2_font_size_last_edited=&#8221;on|phone&#8221; global_colors_info=&#8221;{}&#8221; sticky_enabled=&#8221;0&#8243;]<\/p>\n<blockquote>\n<h2>Programska ali edge zasnovana video analitika<\/h2>\n<\/blockquote>\n<p>Video analitika je lahko vgrajena v snemalno napravo, kar potrebuje \u0161irokopasovno infrastrukturo ali pa se uporablja v kamerah z bolj\u0161imi specifikacijami.<\/p>\n<blockquote>\n<h2>Napredna prostorska analitika<\/h2>\n<\/blockquote>\n<p>Napredna prostorska analitika temelji na Deep Learning in AI tehnologiji, kar omogo\u010da vi\u0161jo zanesljivost detekcije brez napa\u010dnih alarmov. Omogo\u010da natan\u010dno bele\u017eenje vhodov in obstankov predmetov v dolo\u010denih conah, izhodov ali izginotja predmetov v gne\u010dah. Ima tudi visoko natan\u010dnost v prepoznavanju oseb v primerjavi z \u017eivalmi, de\u017ejem ali svetlobnimi spremembami.<\/p>\n<blockquote>\n<h2>Forenzi\u010dno iskanje<\/h2>\n<\/blockquote>\n<p>Meta podatki omogo\u010dajo hitro iskanje shranjenih posnetkov z uporabo klju\u010dnih informacij, kot na primer iskanje vseh vozil dolo\u010dene barve.<\/p>\n<blockquote>\n<h2>Analiza prometa<\/h2>\n<\/blockquote>\n<p>Napredna prometna analitika omogo\u010da detekcijo situacij, ki so nenavadne na cestah \u2013 vo\u017enja po napa\u010dnem pasu, prehitra vo\u017enja, postanki vozil na nedovoljenih mestih, obve\u0161\u010danje o vozilih, ki se ne smejo premikati po cesti ali pa so na cesti ob nepravem \u010dasu. Mogo\u010da je tudi prepoznava in snemanje registrskih tablic vozil ter procesiranje vseh podatkov v video nadzornem centru, na katerega se podatki nana\u0161ajo.<\/p>\n<blockquote>\n<h2>Prepoznavanje registrskih tablic vozil (LPR)<\/h2>\n<\/blockquote>\n<p>Prepoznavanje registrskih tablic vozil (LPR) omogo\u010dajo specialne IP kamere. Posneta registrska oznaka se preko OCR programa pretvori v digitalni zapis, kar omogo\u010da iskanje po bazah podatkov o vozilih. LPR funkcija je pomembna za razli\u010dne integravije sistemov tehni\u010dne za\u0161\u010dite, kjer je pomembna hitra kontrola pristopa vozila in se koristi v ve\u010d specialnih programih Alarm automatike. Primer: <a href=\"https:\/\/www.alarmautomatika.com\/sl\/programska-oprema\/absistem-park\/\">ABsistemPark<\/a> in njegovih nadgradnjah, <a href=\"https:\/\/www.alarmautomatika.com\/sl\/programska-oprema\/absistem-green\/\">ABsistemGreen<\/a> in <a href=\"https:\/\/www.alarmautomatika.com\/sl\/programska-oprema\/absistem-park\/#kontrola_pristupa\">ABsistemMultiport<\/a>.<\/p>\n<blockquote>\n<h2>\u0160tetje ljudi in obiskovalcev<\/h2>\n<\/blockquote>\n<p>Preko IP kamer je mogo\u010de \u0161teti stranke in obiskovalce v objektu in v bazo podatkov zabele\u017eiti, koliko ljudi je vstopilo in zapustilo prostor. Da bi zagotovili kar 98% natan\u010dnost \u0161tetja, se uporabljajo mre\u017ene stereo kamere Vivotek za \u0161tetje oseb z vgrajeno tehnologijo <a href=\"https:\/\/www.alarmautomatika.com\/sl\/programska-oprema\/stetje-ljudi\/#vivotek_3d_brojenje\">3D Depth<\/a>. Integracija s programsko opremo <a href=\"https:\/\/www.alarmautomatika.com\/sl\/programska-oprema\/stetje-ljudi\/\">ABsistemCounter<\/a> omogo\u010da centraliziran pregled zbranih podatkov v realnem \u010dasu in med nadaljnjimi analizami.<\/p>\n<blockquote>\n<h2>To\u010dke zbiranj<\/h2>\n<\/blockquote>\n<p>Fisheye kamere se po navadi uporabljajo za nadzor ve\u010djih povr\u0161in. Omogo\u010dajo tudi analizo obna\u0161anja oseb v obliki zbirnih to\u010dk. Pozna kje se ljudje najbolj zadr\u017eujejo in kje se pri\u010dnejo delati skupine, kar so pomembne informacije za bolj\u0161o organiziranost objektov ter poslovanja. Programska oprema <a href=\"https:\/\/www.alarmautomatika.com\/sl\/programska-oprema\/stetje-ljudi\/#analitika_za_trgovine\">ABsistemSmartRetail<\/a> vklju\u010duje tudi funkcijo analize vedenja kupcev v trgovinah s pomo\u010djo toplotnih zemljevidov.<\/p>\n<p>[\/et_pb_text][\/et_pb_column][et_pb_column type=&#8221;1_4&#8243; _builder_version=&#8221;4.6.0&#8243; _module_preset=&#8221;default&#8221; custom_padding_tablet=&#8221;&#8221; custom_padding_phone=&#8221;&#8221; custom_padding_last_edited=&#8221;on|phone&#8221; global_colors_info=&#8221;{}&#8221;][et_pb_image src=&#8221;https:\/\/www.alarmautomatika.com\/wp-content\/uploads\/2020\/10\/idea-solution-logo-home-banner.png&#8221; alt=&#8221;iDEA Solution&#8221; title_text=&#8221;iDEA Solution&#8221; align=&#8221;center&#8221; _builder_version=&#8221;4.7.4&#8243; _module_preset=&#8221;default&#8221; global_colors_info=&#8221;{}&#8221;][\/et_pb_image][et_pb_accordion module_class=&#8221;idea-value-propositions&#8221; _builder_version=&#8221;4.9.0&#8243; _module_preset=&#8221;default&#8221; global_module=&#8221;8292&#8243; global_colors_info=&#8221;{}&#8221;][et_pb_accordion_item title=&#8221;Blank&#8221; open=&#8221;on&#8221; _builder_version=&#8221;4.9.0&#8243; _module_preset=&#8221;default&#8221; custom_css_main_element=&#8221;display:none;&#8221; global_colors_info=&#8221;{}&#8221;][\/et_pb_accordion_item][et_pb_accordion_item title=&#8221;Stranke&#8221; _builder_version=&#8221;4.9.0&#8243; _module_preset=&#8221;default&#8221; global_colors_info=&#8221;{}&#8221; open=&#8221;off&#8221;]<\/p>\n<p><a href=\"https:\/\/www.alarmautomatika.com\/sl\/stranke\/banke-in-poslovne-institucije\/\">Banke i financijske institucije<\/a><\/p>\n<p><a href=\"https:\/\/www.alarmautomatika.com\/sl\/stranke\/hoteli\/\">Hoteli<\/a><\/p>\n<p><a href=\"https:\/\/www.alarmautomatika.com\/sl\/stranke\/nakupovalni-centri\/\">Trgova\u010dki centri<\/a><\/p>\n<p><a href=\"https:\/\/www.alarmautomatika.com\/sl\/stranke\/javni-in-poslovni-objekti\/\">Javni i poslovni objekti<\/a><\/p>\n<p><a href=\"https:\/\/www.alarmautomatika.com\/sl\/stranke\/industrijski-ter-veliki-infrastrukturni-objekti\/\">Industrija i kriti\u010dna infrastruktura<\/a><\/p>\n<p><a href=\"https:\/\/www.alarmautomatika.com\/sl\/stranke\/javne-povrsine-in-objekti\/\">Javne povr\u0161ine i prostori<\/a><\/p>\n<p>[\/et_pb_accordion_item][et_pb_accordion_item title=&#8221;Izdelki&#8221; _builder_version=&#8221;4.9.0&#8243; _module_preset=&#8221;default&#8221; global_colors_info=&#8221;{}&#8221; open=&#8221;off&#8221;]<\/p>\n<p><a href=\"https:\/\/www.alarmautomatika.com\/sl\/izdelki\/video-analitika-in-umetna-inteligenca\/\">Videoanalitika i umjetna inteligencija<\/a><\/p>\n<p><a href=\"https:\/\/www.alarmautomatika.com\/sl\/izdelki\/termalne-slike-ter-zascita-parametra\/\">Termovizija i za\u0161tita perimetra<\/a><\/p>\n<p><a href=\"https:\/\/www.alarmautomatika.com\/sl\/izdelki\/napredna-kontrola-pristopa\/\">Napredni sustavi kontrole pristupa<\/a><\/p>\n<p><a href=\"https:\/\/www.alarmautomatika.com\/sl\/izdelki\/elektronska-zascita-artiklov-pred-krajo\/\">Elektroni\u010dka za\u0161tita artikala od kra\u0111e<\/a><\/p>\n<p><a href=\"https:\/\/www.alarmautomatika.com\/sl\/izdelki\/inteligentno-opravljanje-s-prometom-in-parkiranjem\/\">Inteligentno upravljanje prometom i parkingom<\/a><\/p>\n<p><a href=\"https:\/\/www.alarmautomatika.com\/sl\/izdelki\/bms-in-sistemi-za-opravljanje-z-objekti\/\">BMS i upravljanje sustavima na objektu<\/a><\/p>\n<p>[\/et_pb_accordion_item][et_pb_accordion_item title=&#8221;Programska oprema&#8221; _builder_version=&#8221;4.9.0&#8243; _module_preset=&#8221;default&#8221; global_colors_info=&#8221;{}&#8221; open=&#8221;off&#8221;]<\/p>\n<p><a href=\"https:\/\/www.alarmautomatika.com\/sl\/programska-oprema\/pameten-nadzor-in-upravljanje\/#izdavanje-ulaznica\" data-et-has-event-already=\"true\">Izdavanje ulaznica<\/a><\/p>\n<p><a href=\"https:\/\/www.alarmautomatika.com\/sl\/programska-oprema\/pameten-nadzor-in-upravljanje\/#brojanje-ljudi\" data-et-has-event-already=\"true\">Brojanje ljudi<\/a><\/p>\n<p><a href=\"https:\/\/www.alarmautomatika.com\/sl\/programska-oprema\/pameten-nadzor-in-upravljanje\/#rezervacija-soba\" data-et-has-event-already=\"true\">Rezervacija soba<\/a><\/p>\n<p><a href=\"https:\/\/www.alarmautomatika.com\/sl\/programska-oprema\/pameten-nadzor-in-upravljanje\/#parking-rjesenja\" data-et-has-event-already=\"true\">Parking rje\u0161enja<\/a><\/p>\n<p><a href=\"https:\/\/www.alarmautomatika.com\/sl\/programska-oprema\/pameten-nadzor-in-upravljanje\/#upravljanje-prometom\" data-et-has-event-already=\"true\">Upravljanje prometom<\/a><\/p>\n<p><a href=\"https:\/\/www.alarmautomatika.com\/sl\/programska-oprema\/pameten-nadzor-in-upravljanje\/#upravljanje-posjetiteljima\" data-et-has-event-already=\"true\">Upravljanje posjetiteljima<\/a><\/p>\n<p><a href=\"https:\/\/www.alarmautomatika.com\/sl\/programska-oprema\/pameten-nadzor-in-upravljanje\/#nadzor-na-pretovarnim-stanicama\" data-et-has-event-already=\"true\">Nadzor na pretovarnim stanicama<\/a><\/p>\n<p>[\/et_pb_accordion_item][et_pb_accordion_item title=&#8221;Storitve&#8221; _builder_version=&#8221;4.9.0&#8243; _module_preset=&#8221;default&#8221; global_colors_info=&#8221;{}&#8221; open=&#8221;off&#8221;]<\/p>\n<p><a href=\"https:\/\/www.alarmautomatika.com\/sl\/storitve\/profesionalne-storitve-za-kompleksne-projekte\/#projektiranje\" data-et-has-event-already=\"true\">Projektiranje<\/a><\/p>\n<p><a href=\"https:\/\/www.alarmautomatika.com\/sl\/storitve\/profesionalne-storitve-za-kompleksne-projekte\/#prosudba-ugrozenosti-i-elaborat-mjera-sigurnosti\" data-et-has-event-already=\"true\">Prosudba ugro\u017eenosti i elaborat mjera sigurnosti<\/a><\/p>\n<p><a href=\"https:\/\/www.alarmautomatika.com\/sl\/storitve\/profesionalne-storitve-za-kompleksne-projekte\/#konzalting\" data-et-has-event-already=\"true\">Konzalting<\/a><\/p>\n<p><a href=\"https:\/\/www.alarmautomatika.com\/sl\/storitve\/profesionalne-storitve-za-kompleksne-projekte\/#nadzor-nad-izvodjenjem\" data-et-has-event-already=\"true\">Nadzor nad izvo\u0111enjem<\/a><\/p>\n<p><a href=\"https:\/\/www.alarmautomatika.com\/sl\/storitve\/profesionalne-storitve-za-kompleksne-projekte\/#koordinacija-i-vodjenje-projekata\" data-et-has-event-already=\"true\">Koordinacija i vo\u0111enje projekata<\/a><\/p>\n<p><a href=\"https:\/\/www.alarmautomatika.com\/sl\/storitve\/profesionalne-storitve-za-kompleksne-projekte\/#softverska-integracija\" data-et-has-event-already=\"true\">Softverska integracija i ukla\u0161anje u IKT<\/a><\/p>\n<p>[\/et_pb_accordion_item][et_pb_accordion_item title=&#8221;Platforma&#8221; _builder_version=&#8221;4.9.0&#8243; _module_preset=&#8221;default&#8221; global_colors_info=&#8221;{}&#8221; open=&#8221;off&#8221;]<\/p>\n<p><a href=\"https:\/\/www.alarmautomatika.com\/sl\/platforma\/#razmjena-znanja\" data-et-has-event-already=\"true\">Platforma za razmjenu znanja sudionika procesa gra\u0111enja<\/a><\/p>\n<p>[\/et_pb_accordion_item][\/et_pb_accordion][\/et_pb_column][\/et_pb_row][\/et_pb_section]<\/p>\n","protected":false},"excerpt":{"rendered":"<p>Programska ali edge zasnovana video analitika Video analitika je lahko vgrajena v snemalno napravo, kar potrebuje \u0161irokopasovno infrastrukturo ali pa se uporablja v kamerah z bolj\u0161imi specifikacijami. Napredna prostorska analitika Napredna prostorska analitika temelji na Deep Learning in AI tehnologiji, kar omogo\u010da vi\u0161jo zanesljivost detekcije brez napa\u010dnih alarmov. Omogo\u010da natan\u010dno bele\u017eenje vhodov in obstankov predmetov [&hellip;]<\/p>\n","protected":false},"author":15,"featured_media":0,"parent":4866,"menu_order":0,"comment_status":"closed","ping_status":"closed","template":"","meta":{"_et_pb_use_builder":"on","_et_pb_old_content":"","_et_gb_content_width":"","footnotes":""},"class_list":["post-4980","page","type-page","status-publish","hentry"],"_links":{"self":[{"href":"https:\/\/www.alarmautomatika.com\/sl\/wp-json\/wp\/v2\/pages\/4980","targetHints":{"allow":["GET"]}}],"collection":[{"href":"https:\/\/www.alarmautomatika.com\/sl\/wp-json\/wp\/v2\/pages"}],"about":[{"href":"https:\/\/www.alarmautomatika.com\/sl\/wp-json\/wp\/v2\/types\/page"}],"author":[{"embeddable":true,"href":"https:\/\/www.alarmautomatika.com\/sl\/wp-json\/wp\/v2\/users\/15"}],"replies":[{"embeddable":true,"href":"https:\/\/www.alarmautomatika.com\/sl\/wp-json\/wp\/v2\/comments?post=4980"}],"version-history":[{"count":1,"href":"https:\/\/www.alarmautomatika.com\/sl\/wp-json\/wp\/v2\/pages\/4980\/revisions"}],"predecessor-version":[{"id":48517,"href":"https:\/\/www.alarmautomatika.com\/sl\/wp-json\/wp\/v2\/pages\/4980\/revisions\/48517"}],"up":[{"embeddable":true,"href":"https:\/\/www.alarmautomatika.com\/sl\/wp-json\/wp\/v2\/pages\/4866"}],"wp:attachment":[{"href":"https:\/\/www.alarmautomatika.com\/sl\/wp-json\/wp\/v2\/media?parent=4980"}],"curies":[{"name":"wp","href":"https:\/\/api.w.org\/{rel}","templated":true}]}}