{"id":5051,"date":"2020-08-20T14:19:43","date_gmt":"2020-08-20T12:19:43","guid":{"rendered":"https:\/\/www.alarmautomatika.com\/programska-oprema\/nadzor-in-upravljanje-varnostnih-sistemov\/"},"modified":"2023-11-10T09:26:30","modified_gmt":"2023-11-10T08:26:30","slug":"nadzor-in-upravljanje-varnostnih-sistemov","status":"publish","type":"page","link":"https:\/\/www.alarmautomatika.com\/sl\/programska-oprema\/nadzor-in-upravljanje-varnostnih-sistemov\/","title":{"rendered":"Programska oprema za integracijo za\u0161\u010ditnega sistema ABsistemDCi"},"content":{"rendered":"<p>[et_pb_section fb_built=&#8221;1&#8243; _builder_version=&#8221;4.16&#8243; _module_preset=&#8221;default&#8221; background_image=&#8221;https:\/\/www.alarmautomatika.com\/wp-content\/uploads\/2020\/09\/Integracija-Softveri.jpg&#8221; background_size=&#8221;initial&#8221; background_position=&#8221;top_center&#8221; global_colors_info=&#8221;{}&#8221;][et_pb_row _builder_version=&#8221;4.16&#8243; _module_preset=&#8221;default&#8221; width=&#8221;95%&#8221; global_colors_info=&#8221;{}&#8221;][et_pb_column type=&#8221;4_4&#8243; _builder_version=&#8221;4.16&#8243; _module_preset=&#8221;default&#8221; global_colors_info=&#8221;{}&#8221;][et_pb_text _builder_version=&#8221;4.16&#8243; _dynamic_attributes=&#8221;content&#8221; _module_preset=&#8221;default&#8221; text_font=&#8221;|600|||||||&#8221; text_text_color=&#8221;#ffffff&#8221; text_font_size=&#8221;48px&#8221; text_line_height=&#8221;1.2em&#8221; custom_padding=&#8221;80px|50px||50px|false|true&#8221; text_font_size_tablet=&#8221;40px&#8221; text_font_size_phone=&#8221;32px&#8221; text_font_size_last_edited=&#8221;on|desktop&#8221; text_line_height_tablet=&#8221;&#8221; text_line_height_phone=&#8221;&#8221; text_line_height_last_edited=&#8221;on|phone&#8221; header_font_tablet=&#8221;&#8221; header_font_phone=&#8221;&#8221; header_font_last_edited=&#8221;on|phone&#8221; header_font_size_tablet=&#8221;&#8221; header_font_size_phone=&#8221;&#8221; header_font_size_last_edited=&#8221;on|phone&#8221; header_line_height_tablet=&#8221;&#8221; header_line_height_phone=&#8221;&#8221; header_line_height_last_edited=&#8221;on|desktop&#8221; global_colors_info=&#8221;{}&#8221;]@ET-DC@eyJkeW5hbWljIjp0cnVlLCJjb250ZW50IjoicG9zdF90aXRsZSIsInNldHRpbmdzIjp7ImJlZm9yZSI6IiIsImFmdGVyIjoiIn19@[\/et_pb_text][\/et_pb_column][\/et_pb_row][et_pb_row _builder_version=&#8221;4.17.6&#8243; _module_preset=&#8221;default&#8221; background_color=&#8221;#ffffff&#8221; width=&#8221;95%&#8221; custom_margin=&#8221;20px||||false|false&#8221; custom_margin_tablet=&#8221;10px||||false|false&#8221; custom_margin_phone=&#8221;10px||||false|false&#8221; custom_margin_last_edited=&#8221;on|desktop&#8221; custom_padding=&#8221;50px|50px|50px|50px|true|true&#8221; hover_enabled=&#8221;0&#8243; global_colors_info=&#8221;{}&#8221; column_structure=&#8221;3_4,1_4&#8243; box_shadow_style=&#8221;preset2&#8243; sticky_enabled=&#8221;0&#8243;][et_pb_column type=&#8221;3_4&#8243; _builder_version=&#8221;4.16&#8243; _module_preset=&#8221;default&#8221; global_colors_info=&#8221;{}&#8221;][et_pb_text admin_label=&#8221;Text&#8221; _builder_version=&#8221;4.16&#8243; _module_preset=&#8221;default&#8221; link_font=&#8221;|600|||||||&#8221; header_2_text_align=&#8221;left&#8221; header_2_font_size=&#8221;30px&#8221; header_2_line_height=&#8221;1.2em&#8221; header_font_size_tablet=&#8221;48px&#8221; header_font_size_phone=&#8221;&#8221; header_font_size_last_edited=&#8221;on|tablet&#8221; header_2_font_size_tablet=&#8221;&#8221; header_2_font_size_phone=&#8221;25px&#8221; header_2_font_size_last_edited=&#8221;on|phone&#8221; global_colors_info=&#8221;{}&#8221;]<\/p>\n<blockquote>\n<h2>ABsistemDCi programska oprema za integracijo sistemov na objektu<\/h2>\n<\/blockquote>\n<p>ABsistemDCi je programska oprema, ki omogo\u010da nadzor, upravljanje in integracijo varnostnih sistemov preko enega vmesnika. Namen je zagotavljati povezano in u\u010dinkovito varovanje ve\u010djih poslovnih objektov, komercialnih objektov, hotelov, industrijskih objektov ali drugih kompleksnih objektov, ki jih varuje ve\u010dje \u0161tevilo sistemov, zaradi njihove izpostavljenosti ve\u010djim tveganjem za ljudi in premo\u017eenje. Na voljo je tudi integracija BMS sistemov.<\/p>\n<p>V Alarm automatiki smo razvili serijo ABSistem programov za pametno upravljanje in nadzor s katerimi se sistemi integrirani preko ABSistemDCi programske opreme vklju\u010dujejo v informacijsko \u2013 komunikacijsko strukturo, ki jo uporabniki koristijo pri vodenju poslovanja. <\/p>\n<blockquote>\n<h2>Modularna zasnova programske opreme<\/h2>\n<\/blockquote>\n<p>Uporabnik odlo\u010da kateri moduli naj bodo implementirani. Licence so prilagojene potrebam uporabnika, zato uporabnik pla\u010da zgolj za storitve, ki jih potrebuje. Osnovni moduli pokrivajo sisteme, ki so najbolj pogosto uporabljeni.<\/p>\n<p>&nbsp;<\/p>\n<p>[\/et_pb_text][et_pb_image src=&#8221;https:\/\/www.alarmautomatika.com\/wp-content\/uploads\/2022\/07\/ABsistemDCi-shema-slo.jpg&#8221; align=&#8221;center&#8221; admin_label=&#8221;Image&#8221; _builder_version=&#8221;4.17.6&#8243; _module_preset=&#8221;default&#8221; positioning=&#8221;relative&#8221; vertical_offset=&#8221;-60px&#8221; z_index=&#8221;auto&#8221; hover_enabled=&#8221;0&#8243; global_colors_info=&#8221;{}&#8221; sticky_enabled=&#8221;0&#8243;][\/et_pb_image][et_pb_text admin_label=&#8221;Text&#8221; _builder_version=&#8221;4.16&#8243; _module_preset=&#8221;default&#8221; link_font=&#8221;|600|||||||&#8221; header_2_text_align=&#8221;left&#8221; header_2_font_size=&#8221;30px&#8221; header_2_line_height=&#8221;1.2em&#8221; header_font_size_tablet=&#8221;48px&#8221; header_font_size_phone=&#8221;&#8221; header_font_size_last_edited=&#8221;on|tablet&#8221; header_2_font_size_tablet=&#8221;&#8221; header_2_font_size_phone=&#8221;25px&#8221; header_2_font_size_last_edited=&#8221;on|phone&#8221; global_colors_info=&#8221;{}&#8221;]<\/p>\n<blockquote>\n<h2>Prednosti integracije preko ABsistemDCi programske opreme<\/h2>\n<\/blockquote>\n<p><strong>Razli\u010dni proizvajalci in skupinska integracija <\/strong><\/p>\n<p>ABsistemDCi re\u0161uje te\u017eavo nekompatibilnih digitalnih komunikacijskih protokolov, razli\u010dnih proizvajalcev opreme in omogo\u010da integracijo opreme proizvajalcev, ki imajo digitalne protokole.<\/p>\n<p><strong>Modularni koncept<\/strong><\/p>\n<p>Uporabnik odlo\u010da kateri moduli naj bodo implementirani. Licence so prilagojene potrebam uporabnika, zato uporabnik pla\u010da zgolj za storitve, ki jih potrebuje.<\/p>\n<p><strong>Integrirani sistemi ostanejo avtonomni <\/strong><\/p>\n<p>Integracija preko ABsistemDCi programske opreme deluje kot nadgradnja v celoto, a vsak individualni sistem ostane avtonomen. Za bolj kompleksne objekte je tako redundanca zagotovljena.<\/p>\n<p><strong>Grafi\u010dne mape zagotavljajo preglednost<\/strong><\/p>\n<p>Dinami\u010dni simboli vseh pomembnih sistemskih elementov so postavljeni na grafi\u010dni prikaz prostora, ki se nadzoruje. Programska oprema prikazuje njihov status ter omogo\u010da upravljanje preko teh dinami\u010dnih simbolov.<\/p>\n<p><strong>Enostavno upravljanje povezanih sistemov <\/strong>Sistemski elementi so kontrolirani preko grafi\u010dnih objektov na zaslonu. Operater lahko odpre sliko kamere, vklopi protivlomni sistem ali dovoli dostop do varovanega podro\u010dja. Spremljanje dogodkov ter shranjevanje v arhiv na enem mestu Vsi uporabni\u0161ki dogodki ter aktivnosti so nadzorovani na enem mestu in v enem formatu, ki temelji na eni izmed Microsoft SQL Server podatkovnih baz.<\/p>\n<p><strong>Integracija varnostnih ter drugih tehni\u010dnih sistemov<\/strong> Integracija z varnostnimi sistemi na objektu (prezra\u010devanje, ventilacija, osvetlitev, dvigala) pove\u010da varnostno stopnjo varovanega objekta (npr. ustavljanje dvigal v primeru po\u017earnega alarma), omogo\u010da upravljanje s sistemi ter var\u010devanje energije.<\/p>\n<p><strong>Proaktivno vzdr\u017eevanje<\/strong><\/p>\n<p>Programska oprema signalizira delovanje ali nedelovanje naprav, kar je pomembno za organiziranje vzdr\u017eevanja sistema, preden se le ta pokvari in objekt ostane nevarovan.<\/p>\n<p><strong>Delo v Windows okolju<\/strong><\/p>\n<p>Programska oprema deluje na sistemu \u00bbclient-sever\u00ab, kjer stre\u017enik sprejema in analizira dogodke iz ra\u010duna, uporabni\u0161ki program pa upravlja s sistemom preko Windows aplikacije.<\/p>\n<p>[\/et_pb_text][\/et_pb_column][et_pb_column type=&#8221;1_4&#8243; _builder_version=&#8221;4.16&#8243; _module_preset=&#8221;default&#8221; global_colors_info=&#8221;{}&#8221;][et_pb_image _builder_version=&#8221;4.17.6&#8243; _module_preset=&#8221;default&#8221; alt=&#8221;iDEA PROJECT&#8221; title_text=&#8221;idea-project-menu-logo&#8221; src=&#8221;https:\/\/www.alarmautomatika.com\/wp-content\/uploads\/2020\/08\/idea-project-menu-logo.png&#8221; align=&#8221;center&#8221; hover_enabled=&#8221;0&#8243; sticky_enabled=&#8221;0&#8243;][\/et_pb_image][et_pb_accordion disabled_on=&#8221;off|off|off&#8221; module_class=&#8221;idea-value-propositions&#8221; _builder_version=&#8221;4.17.4&#8243; _module_preset=&#8221;default&#8221; global_colors_info=&#8221;{}&#8221; global_module=&#8221;9534&#8243; theme_builder_area=&#8221;post_content&#8221;][et_pb_accordion_item title=&#8221;Blank&#8221; open=&#8221;on&#8221; _builder_version=&#8221;4.16&#8243; _module_preset=&#8221;default&#8221; custom_css_main_element=&#8221;display:none;&#8221; global_colors_info=&#8221;{}&#8221; theme_builder_area=&#8221;post_content&#8221;][\/et_pb_accordion_item][et_pb_accordion_item title=&#8221;Stranke&#8221; _builder_version=&#8221;4.16&#8243; _module_preset=&#8221;default&#8221; global_colors_info=&#8221;{}&#8221; theme_builder_area=&#8221;post_content&#8221; open=&#8221;off&#8221;]<\/p>\n<p><a href=\"https:\/\/www.alarmautomatika.com\/sl\/stranke\/arhitekti\/\">Arhitekti<\/a><\/p>\n<p><a href=\"https:\/\/www.alarmautomatika.com\/sl\/stranke\/elektro-projektanti\/\">Elektro projektanti<\/a><\/p>\n<p><a href=\"https:\/\/www.alarmautomatika.com\/sl\/stranke\/gradbeni-segment\/\">Gradbeni segment<\/a><\/p>\n<p><a href=\"https:\/\/www.alarmautomatika.com\/sl\/stranke\/elektro-instalaterji\/\">Elektro in\u0161talaterji<\/a><\/p>\n<p><a href=\"https:\/\/www.alarmautomatika.com\/sl\/stranke\/sistemski-integratorji\/\">Sistemski integratorji<\/a><\/p>\n<p>[\/et_pb_accordion_item][et_pb_accordion_item title=&#8221;Izdelki&#8221; _builder_version=&#8221;4.16&#8243; _module_preset=&#8221;default&#8221; global_colors_info=&#8221;{}&#8221; theme_builder_area=&#8221;post_content&#8221; open=&#8221;off&#8221;]<\/p>\n<p><a href=\"https:\/\/www.alarmautomatika.com\/sl\/izdelki\/inim-previdia\/\">Po\u017earni alarm<\/a><\/p>\n<p><a href=\"https:\/\/www.alarmautomatika.com\/sl\/izdelki\/plinski-alarm\/\">Plinski alarm<\/a><\/p>\n<p><a href=\"https:\/\/www.alarmautomatika.com\/sl\/izdelki\/sistem-gasenja-pozara\/\">Sistem ga\u0161enja po\u017eara<\/a><\/p>\n<p><a href=\"https:\/\/www.alarmautomatika.com\/sl\/izdelki\/evakuacijsko-ozvocenje\/\">Evakuacijski sistemi (EVAC) ter sistemi javnega nagovora (PA)<\/a><\/p>\n<p><a href=\"https:\/\/www.alarmautomatika.com\/sl\/izdelki\/sistemi-odvoda-dima-in-toplote-ter-ventilacijski-sistemi\/\">Sistemi odvoda dima in toplote ter ventilacijski sistemi<\/a><\/p>\n<p><a href=\"https:\/\/www.alarmautomatika.com\/sl\/izdelki\/zasilna-razsvetljava\/\">Zasilna razsvetljava<\/a><\/p>\n<p><a href=\"https:\/\/www.alarmautomatika.com\/sl\/izdelki\/tehnicno-varovanje\/\">Tehni\u010dno varovanje<\/a><\/p>\n<p>[\/et_pb_accordion_item][et_pb_accordion_item title=&#8221;Programska oprema&#8221; _builder_version=&#8221;4.17.4&#8243; _module_preset=&#8221;default&#8221; global_colors_info=&#8221;{}&#8221; theme_builder_area=&#8221;post_content&#8221; open=&#8221;off&#8221;]<\/p>\n<p><a href=\"https:\/\/www.alarmautomatika.com\/sl\/programska-oprema\/nadzor-in-upravljanje-varnostnih-sistemov\/\">ABsistemDCi integracijska programska oprema<\/a><\/p>\n<p>[\/et_pb_accordion_item][et_pb_accordion_item title=&#8221;Storitve&#8221; _builder_version=&#8221;4.16&#8243; _module_preset=&#8221;default&#8221; global_colors_info=&#8221;{}&#8221; theme_builder_area=&#8221;post_content&#8221; open=&#8221;off&#8221;]<\/p>\n<p><a href=\"https:\/\/www.alarmautomatika.com\/sl\/storitve\/visok-nivo-profesionalnosti-v-vseh-fazah-projekta\/#projektiranje-i-projektna-podrska\" data-et-has-event-already=\"true\">Projektiranje in projektna podpora<\/a><\/p>\n<p><a href=\"https:\/\/www.alarmautomatika.com\/sl\/storitve\/visok-nivo-profesionalnosti-v-vseh-fazah-projekta\/#vodjenje-projekata\" data-et-has-event-already=\"true\">Upravljanje projektov<\/a><\/p>\n<p><a href=\"https:\/\/www.alarmautomatika.com\/sl\/storitve\/visok-nivo-profesionalnosti-v-vseh-fazah-projekta\/#programiranje-i-integracija-sustava\" data-et-has-event-already=\"true\">Programiranje sistemov in integracija<\/a><\/p>\n<p><a href=\"https:\/\/www.alarmautomatika.com\/sl\/storitve\/visok-nivo-profesionalnosti-v-vseh-fazah-projekta\/#pustanje-sustava-u-rad\" data-et-has-event-already=\"true\">Izvedba sistemov<\/a><\/p>\n<p><a href=\"https:\/\/www.alarmautomatika.com\/sl\/storitve\/visok-nivo-profesionalnosti-v-vseh-fazah-projekta\/#certificiranje\" data-et-has-event-already=\"true\">Certificiranje<\/a><\/p>\n<p><a href=\"https:\/\/www.alarmautomatika.com\/sl\/storitve\/visok-nivo-profesionalnosti-v-vseh-fazah-projekta\/#idea-project-katalog-i-b2b-platforma\" data-et-has-event-already=\"true\">Projektni katalogi in B2B platforma<\/a><\/p>\n<p>[\/et_pb_accordion_item][et_pb_accordion_item title=&#8221;Platforma&#8221; _builder_version=&#8221;4.16&#8243; _module_preset=&#8221;default&#8221; global_colors_info=&#8221;{}&#8221; theme_builder_area=&#8221;post_content&#8221; open=&#8221;off&#8221;]<\/p>\n<p><a href=\"https:\/\/www.alarmautomatika.com\/sl\/platforma\/#b2b-projektna-dokumentacija\" data-et-has-event-already=\"true\">B2B platforma s kompletno dokumentacijo<\/a><\/p>\n<p>[\/et_pb_accordion_item][\/et_pb_accordion][\/et_pb_column][\/et_pb_row][\/et_pb_section]<\/p>\n","protected":false},"excerpt":{"rendered":"<p>ABsistemDCi programska oprema za integracijo sistemov na objektu ABsistemDCi je programska oprema, ki omogo\u010da nadzor, upravljanje in integracijo varnostnih sistemov preko enega vmesnika. Namen je zagotavljati povezano in u\u010dinkovito varovanje ve\u010djih poslovnih objektov, komercialnih objektov, hotelov, industrijskih objektov ali drugih kompleksnih objektov, ki jih varuje ve\u010dje \u0161tevilo sistemov, zaradi njihove izpostavljenosti ve\u010djim tveganjem za ljudi [&hellip;]<\/p>\n","protected":false},"author":15,"featured_media":0,"parent":4863,"menu_order":0,"comment_status":"closed","ping_status":"closed","template":"","meta":{"_et_pb_use_builder":"on","_et_pb_old_content":"","_et_gb_content_width":"","footnotes":""},"class_list":["post-5051","page","type-page","status-publish","hentry"],"_links":{"self":[{"href":"https:\/\/www.alarmautomatika.com\/sl\/wp-json\/wp\/v2\/pages\/5051","targetHints":{"allow":["GET"]}}],"collection":[{"href":"https:\/\/www.alarmautomatika.com\/sl\/wp-json\/wp\/v2\/pages"}],"about":[{"href":"https:\/\/www.alarmautomatika.com\/sl\/wp-json\/wp\/v2\/types\/page"}],"author":[{"embeddable":true,"href":"https:\/\/www.alarmautomatika.com\/sl\/wp-json\/wp\/v2\/users\/15"}],"replies":[{"embeddable":true,"href":"https:\/\/www.alarmautomatika.com\/sl\/wp-json\/wp\/v2\/comments?post=5051"}],"version-history":[{"count":1,"href":"https:\/\/www.alarmautomatika.com\/sl\/wp-json\/wp\/v2\/pages\/5051\/revisions"}],"predecessor-version":[{"id":50157,"href":"https:\/\/www.alarmautomatika.com\/sl\/wp-json\/wp\/v2\/pages\/5051\/revisions\/50157"}],"up":[{"embeddable":true,"href":"https:\/\/www.alarmautomatika.com\/sl\/wp-json\/wp\/v2\/pages\/4863"}],"wp:attachment":[{"href":"https:\/\/www.alarmautomatika.com\/sl\/wp-json\/wp\/v2\/media?parent=5051"}],"curies":[{"name":"wp","href":"https:\/\/api.w.org\/{rel}","templated":true}]}}