{"id":58152,"date":"2025-09-02T12:32:25","date_gmt":"2025-09-02T10:32:25","guid":{"rendered":"https:\/\/www.alarmautomatika.com\/alarm-automatika-na-adria-security-summitu-na-valu-varnosti\/"},"modified":"2025-09-18T13:57:55","modified_gmt":"2025-09-18T11:57:55","slug":"alarm-automatika-na-adria-security-summitu-na-valu-varnosti","status":"publish","type":"page","link":"https:\/\/www.alarmautomatika.com\/sl\/alarm-automatika-na-adria-security-summitu-na-valu-varnosti\/","title":{"rendered":"Alarm automatika na Adria Security Summitu \u2013 Na valu varnosti"},"content":{"rendered":"<p>[et_pb_section fb_built=&#8221;1&#8243; _builder_version=&#8221;4.27.4&#8243; _module_preset=&#8221;default&#8221; global_colors_info=&#8221;{}&#8221;][et_pb_row _builder_version=&#8221;4.27.4&#8243; _module_preset=&#8221;default&#8221; global_colors_info=&#8221;{}&#8221;][et_pb_column type=&#8221;4_4&#8243; _builder_version=&#8221;4.27.4&#8243; _module_preset=&#8221;default&#8221; global_colors_info=&#8221;{}&#8221;][et_pb_text _builder_version=&#8221;4.27.4&#8243; _module_preset=&#8221;default&#8221; global_colors_info=&#8221;{}&#8221;]<\/p>\n<blockquote>\n<h1>Alarm automatika na Adria Security Summitu \u2013 Na valu varnosti<\/h1>\n<\/blockquote>\n<p>[\/et_pb_text][et_pb_image src=&#8221;https:\/\/www.alarmautomatika.com\/wp-content\/uploads\/2025\/09\/ASS_2025_Main-Banner-SI.jpg&#8221; title_text=&#8221;ASS_2025_Main-Banner-HR&#8221; align=&#8221;center&#8221; _builder_version=&#8221;4.27.4&#8243; _module_preset=&#8221;default&#8221; global_colors_info=&#8221;{}&#8221;][\/et_pb_image][et_pb_text _builder_version=&#8221;4.27.4&#8243; _module_preset=&#8221;default&#8221; global_colors_info=&#8221;{}&#8221;]<\/p>\n<p>Tudi letos je Alarm automatika partner in diamantni sponzor najve\u010djega regijskega dogodka v industriji varovanja \u2013 <strong>Adria Security Summit 2025<\/strong>.<\/p>\n<p><\/p>\n<p>\u017de ve\u010d kot 35 let skupaj s svojimi zanesljivimi partnerji plujemo na valu varnosti. Z njihovo podporo bomo tudi letos predstavili niz inovativnih in zanesljivih <strong>safety<\/strong> in <strong>security<\/strong> re\u0161itev za vse udele\u017eence varnostnega procesa \u2013 <strong>in\u0161talaterje, alarmne centre, projektante in kon\u010dne uporabnike<\/strong>.<\/p>\n<p><\/p>\n<p>Ne zamudite prilo\u017enosti \u2013 obi\u0161\u010dite na\u0161 razstavni prostor in si oglejte predstavitve najnovej\u0161ih re\u0161itev Alarm automatike s podro\u010dja tehni\u010dne in po\u017earne varnosti<\/p>\n<p><\/p>\n<blockquote>\n<h2>Uvodno predavanje \u2013 Trendi v safety in security re\u0161itvah<\/h2>\n<\/blockquote>\n<p><\/p>\n<blockquote>\n<h5>8.10.2025., 10:50 -11:10, Glavna konferen\u010dna dvorana<\/h5>\n<\/blockquote>\n<p>[\/et_pb_text][et_pb_team_member name=&#8221;Boris Popovi\u0107, MBA, CEO i Tijana Kocevska, dipl. ing. el., Izvr\u0161ni direktor, Alarm automatika d.o.o.&#8221; image_url=&#8221;https:\/\/www.alarmautomatika.com\/wp-content\/uploads\/2025\/09\/2025-09_ASS_Boris_i_Tijana.png&#8221; _builder_version=&#8221;4.27.4&#8243; _module_preset=&#8221;default&#8221; global_colors_info=&#8221;{}&#8221;]<\/p>\n<p>Hiter tehnolo\u0161ki razvoj je strokovnjakom v industriji <strong>safety<\/strong> in <strong>security<\/strong> omogo\u010dil visoko raven kreativnosti pri vsakodnevnem oblikovanju varnostnih re\u0161itev za svoje stranke.<br \/>Interoperabilnost vseh tehni\u010dnih sistemov v objektih se je mo\u010dno pove\u010dala, kar odpira skoraj neomejene mo\u017enosti za raz\u0161iritev uporabe tehni\u010dnih varnostnih sistemov tudi na podro\u010dja upravljanja poslovanja \u2013 npr. porabe energije in vode, prodaje vstopnic, parkiranja ali prometa. Primeri iz prakse ka\u017eejo, da se elementi sistemov, ki so bili prvotno namenjeni tehni\u010dnemu varovanju, lahko uporabijo za <strong>veliko ve\u010d kot zgolj osnovno za\u0161\u010dito<\/strong>.<\/p>\n<p>[\/et_pb_team_member][et_pb_text _builder_version=&#8221;4.27.4&#8243; _module_preset=&#8221;default&#8221; global_colors_info=&#8221;{}&#8221;]<\/p>\n<blockquote>\n<h2>Strokovno predavanje: Za\u0161\u010dita pred po\u017earom \u2013 zakonodaja in tehni\u010dni vidiki<\/h2>\n<\/blockquote>\n<p><\/p>\n<blockquote>\n<h5>8.10.2025., 14:30 do 17:15, Glavna konferen\u010dna dvorana<\/h5>\n<p><strong>Za projektante, preizku\u0161evalce in sistemske integratorje safety sistemov<\/strong><\/p>\n<\/blockquote>\n<p>[\/et_pb_text][et_pb_team_member name=&#8221;Vedran Mihaljevi\u0107, in\u017e. el., razvojni in\u017eenir i Renata Don\u010devi\u0107, mag. in\u017e. el., \u010dlanica Uprave za projektno poslovanje&#8221; image_url=&#8221;https:\/\/www.alarmautomatika.com\/wp-content\/uploads\/2025\/09\/2025-09_ASS_Vedran_i_Renata.png&#8221; _builder_version=&#8221;4.27.4&#8243; _module_preset=&#8221;default&#8221; global_colors_info=&#8221;{}&#8221;]<\/p>\n<p><strong>Ukrepi za za\u0161\u010dito pred po\u017earom<\/strong> posegajo na razli\u010dna podro\u010dja gradnje in uporabe objektov. Poleg gradbenih in organizacijskih ukrepov vklju\u010dujejo tudi <strong>elektronske sisteme<\/strong>, namenjene zgodnjemu odkrivanju po\u017eara, hitremu alarmiranju prisotnih oseb in gasilcev ter varni evakuaciji.<\/p>\n<p><\/p>\n<p>Predavanje bo osvetlilo klju\u010dne vidike vzpostavljanja ukrepov za za\u0161\u010dito pred po\u017earom \u2013 od <strong>predpisov<\/strong>, ki to urejajo, do <strong>tehni\u010dnih vidikov<\/strong>, pomembnih za pravilen izbor opreme in re\u0161itev.<\/p>\n<p>[\/et_pb_team_member][et_pb_button button_url=&#8221;https:\/\/www.alarmautomatika.com\/hr\/strucno-predavanje-zastita-od-pozara-regulativa-i-tehnicki-aspekti\/&#8221; url_new_window=&#8221;on&#8221; button_text=&#8221;Ve\u010d informacij!&#8221; button_alignment=&#8221;center&#8221; disabled_on=&#8221;off|off|off&#8221; _builder_version=&#8221;4.27.4&#8243; _module_preset=&#8221;default&#8221; custom_button=&#8221;on&#8221; button_text_size=&#8221;14px&#8221; button_font=&#8221;|600|||||||&#8221; button_use_icon=&#8221;off&#8221; custom_padding=&#8221;14px|53px|14px|53px|true|true&#8221; global_colors_info=&#8221;{}&#8221;][\/et_pb_button][et_pb_text _builder_version=&#8221;4.27.4&#8243; _module_preset=&#8221;default&#8221; global_colors_info=&#8221;{}&#8221;]<\/p>\n<p>Prijavite se na predavanje in si zagotovite svoj izvod <strong><a href=\"https:\/\/www.alarmautomatika.com\/hr\/projektiranje-integriranog-rjesenja-zastite-od-pozara\/\">Priro\u010dnika za projektiranje integriranih sistemov za za\u0161\u010dito pred po\u017earom<\/a><\/strong>!<\/p>\n<p>[\/et_pb_text][et_pb_button button_url=&#8221;https:\/\/forms.office.com\/e\/wtVuxXfVNg?lang=sl&#8221; url_new_window=&#8221;on&#8221; button_text=&#8221;Napovejte svojo udele\u017ebo na predstavitvi!&#8221; button_alignment=&#8221;center&#8221; disabled_on=&#8221;off|off|off&#8221; _builder_version=&#8221;4.27.4&#8243; _module_preset=&#8221;default&#8221; custom_button=&#8221;on&#8221; button_text_size=&#8221;14px&#8221; button_font=&#8221;|600|||||||&#8221; button_use_icon=&#8221;off&#8221; custom_padding=&#8221;14px|53px|14px|53px|true|true&#8221; global_colors_info=&#8221;{}&#8221;][\/et_pb_button][et_pb_text _builder_version=&#8221;4.27.4&#8243; _module_preset=&#8221;default&#8221; global_colors_info=&#8221;{}&#8221;]<\/p>\n<blockquote>\n<h2>Panelna razprava: Za\u0161\u010dita pred po\u017earom \u2013 zakonodaja in njeno izvajanje<\/h2>\n<\/blockquote>\n<p><\/p>\n<blockquote>\n<h5>8.10.2025., 17:15 \u2013 18:00, Glavna konferen\u010dna dvorana<\/h5>\n<\/blockquote>\n<p><\/p>\n<p>Izvajanje ukrepov po\u017earne za\u0161\u010dite je v vseh dr\u017eavah regije urejeno s posebnimi predpisi in podvr\u017eeno in\u0161pekcijskemu nadzoru. Na panelni razpravi <strong>\u00bbZa\u0161\u010dita pred po\u017earom \u2013 zakonodaja in njeno izvajanje\u00ab<\/strong> bo poudarek predvsem na prakti\u010dni uporabi veljavnih zakonov, pravilnikov in tehni\u010dnih standardov, na u\u010dinkih posameznih dolo\u010dil na po\u017earno varnost ter na potrebi po posodobitvi obstoje\u010dih predpisov.<\/p>\n<p><\/p>\n<p>Panelna razprava smiselno dopolnjuje strokovno predavanje <strong>\u00bbZa\u0161\u010dita pred po\u017earom \u2013 zakonodaja in tehni\u010dni vidiki\u00ab<\/strong>, ki ji neposredno sledi.<br \/>Med panelisti bodo predstavniki razli\u010dnih institucij, pristojnih za izvajanje in nadzor po\u017earne za\u0161\u010dite \u2013 Ministrstva za notranje zadeve Makedonije, Ministrstva za notranje zadeve Hrva\u0161ke, Zbornice poobla\u0161\u010denih arhitektov in in\u017eenirjev Makedonije ter Zbornice za tehni\u010dno in zasebno varovanje Makedonije.<\/p>\n<p>[\/et_pb_text][et_pb_text _builder_version=&#8221;4.27.4&#8243; _module_preset=&#8221;default&#8221; hover_enabled=&#8221;0&#8243; global_colors_info=&#8221;{}&#8221; sticky_enabled=&#8221;0&#8243;]<\/p>\n<blockquote>\n<h2>Predstavitev: Nova re\u0161itev za strokovnjake v tehni\u010dnem varovanju<\/h2>\n<\/blockquote>\n<p><\/p>\n<blockquote>\n<h5>9.10.2025., 11:00 \u2013 12:00, dvorana James Bond<\/h5>\n<p><strong>Za in\u0161talaterje in nadzorne centre<\/strong><\/p>\n<\/blockquote>\n<p>[\/et_pb_text][et_pb_image src=&#8221;https:\/\/www.alarmautomatika.com\/wp-content\/uploads\/2025\/09\/DVC-AJAX-Ruijie-1920&#215;225-1.jpg&#8221; title_text=&#8221;DVC-AJAX-Ruijie-1920&#215;225&#8243; align=&#8221;center&#8221; _builder_version=&#8221;4.27.4&#8243; _module_preset=&#8221;default&#8221; width=&#8221;80%&#8221; global_colors_info=&#8221;{}&#8221;][\/et_pb_image][et_pb_text _builder_version=&#8221;4.27.4&#8243; _module_preset=&#8221;default&#8221; global_colors_info=&#8221;{}&#8221;]<\/p>\n<p>Strokovnjaki s podro\u010dja tehni\u010dnega varovanja \u2013 in\u0161talaterji in nadzorni centri \u2013 nenehno i\u0161\u010dejo nove re\u0161itve, ki jim omogo\u010dajo ponudbo inovativnih, prilagodljivih in zanesljivih varnostnih sistemov svojim strankam.<\/p>\n<p><\/p>\n<p>Na predstavitvi \u00bbNova re\u0161itev za strokovnjake v tehni\u010dnem varovanju\u00ab bodo prikazane re\u0161itve iz ponudbe Alarm automatike, zasnovane na opremi priznanih proizvajalcev. Gre za re\u0161itve, ki omogo\u010dajo prilagodljivost razli\u010dnim aplikacijam, enostavno upravljanje in namestitev, hiter oddaljen dostop za potrebe nadzora in vzdr\u017eevanja, ter stro\u0161kovno u\u010dinkovitost.<\/p>\n<p>[\/et_pb_text][et_pb_button button_url=&#8221;https:\/\/forms.office.com\/e\/wtVuxXfVNg?lang=sl&#8221; url_new_window=&#8221;on&#8221; button_text=&#8221;Napovejte svojo udele\u017ebo na predstavitvi!&#8221; button_alignment=&#8221;center&#8221; disabled_on=&#8221;off|off|off&#8221; _builder_version=&#8221;4.27.4&#8243; _module_preset=&#8221;default&#8221; custom_button=&#8221;on&#8221; button_text_size=&#8221;14px&#8221; button_font=&#8221;|600|||||||&#8221; button_use_icon=&#8221;off&#8221; custom_padding=&#8221;14px|53px|14px|53px|true|true&#8221; global_colors_info=&#8221;{}&#8221;][\/et_pb_button][et_pb_text _builder_version=&#8221;4.27.4&#8243; _module_preset=&#8221;default&#8221; hover_enabled=&#8221;0&#8243; global_colors_info=&#8221;{}&#8221; sticky_enabled=&#8221;0&#8243;]<\/p>\n<blockquote>\n<h2>Razstava<\/h2>\n<\/blockquote>\n<p><\/p>\n<p>Na razstavnem prostoru bomo predstavili lastne novosti iz na\u0161e ponudbe ter inovacije dolgoletnih zanesljivih partnerjev Alarm automatike.<\/p>\n<p>[\/et_pb_text][et_pb_image src=&#8221;https:\/\/www.alarmautomatika.com\/wp-content\/uploads\/2025\/09\/logotipi-ASS-2025-landing-600px-final.jpg&#8221; title_text=&#8221;logotipi-ASS-2025-landing-600px-final&#8221; align=&#8221;center&#8221; _builder_version=&#8221;4.27.4&#8243; _module_preset=&#8221;default&#8221; global_colors_info=&#8221;{}&#8221;][\/et_pb_image][et_pb_text _builder_version=&#8221;4.27.4&#8243; _module_preset=&#8221;default&#8221; global_colors_info=&#8221;{}&#8221;]<\/p>\n<p><a href=\"https:\/\/adriasecuritysummit.com\/\" target=\"_blank\" rel=\"noopener\"><strong>Adria Security Summit 2025.<\/strong><\/a><strong> se odr\u017eava 8. in 9. oktober 2025, <\/strong><a href=\"https:\/\/aleksandarpalace.com.mk\/\" target=\"_blank\" rel=\"noopener\"><strong>Hotel Aleksandar Palace<\/strong><\/a><strong>, Blvd. 8. septembra \u0161t. 15, Skopje<\/strong><\/p>\n<p><\/p>\n<p><strong>Vstop na Summit je brezpla\u010den, ob predhodni registraciji na uradni spletni strani organizatorja. <\/strong><a href=\"https:\/\/drive.google.com\/file\/d\/1WMv--D0HdsOPg5p4rupYAyt-m4Z-LZx0\/view?usp=sharing\" target=\"_blank\" rel=\"noopener\"><strong>Navodila za registracijo so na voljo tukaj<\/strong><\/a><strong>! <\/strong><\/p>\n<p>[\/et_pb_text][\/et_pb_column][\/et_pb_row][\/et_pb_section]<\/p>\n","protected":false},"excerpt":{"rendered":"<p>Alarm automatika na Adria Security Summitu \u2013 Na valu varnosti Tudi letos je Alarm automatika partner in diamantni sponzor najve\u010djega regijskega dogodka v industriji varovanja \u2013 Adria Security Summit 2025.\u017de ve\u010d kot 35 let skupaj s svojimi zanesljivimi partnerji plujemo na valu varnosti. Z njihovo podporo bomo tudi letos predstavili niz inovativnih in zanesljivih safety [&hellip;]<\/p>\n","protected":false},"author":14,"featured_media":0,"parent":0,"menu_order":0,"comment_status":"closed","ping_status":"closed","template":"","meta":{"_et_pb_use_builder":"on","_et_pb_old_content":"","_et_gb_content_width":"","footnotes":""},"class_list":["post-58152","page","type-page","status-publish","hentry"],"_links":{"self":[{"href":"https:\/\/www.alarmautomatika.com\/sl\/wp-json\/wp\/v2\/pages\/58152","targetHints":{"allow":["GET"]}}],"collection":[{"href":"https:\/\/www.alarmautomatika.com\/sl\/wp-json\/wp\/v2\/pages"}],"about":[{"href":"https:\/\/www.alarmautomatika.com\/sl\/wp-json\/wp\/v2\/types\/page"}],"author":[{"embeddable":true,"href":"https:\/\/www.alarmautomatika.com\/sl\/wp-json\/wp\/v2\/users\/14"}],"replies":[{"embeddable":true,"href":"https:\/\/www.alarmautomatika.com\/sl\/wp-json\/wp\/v2\/comments?post=58152"}],"version-history":[{"count":2,"href":"https:\/\/www.alarmautomatika.com\/sl\/wp-json\/wp\/v2\/pages\/58152\/revisions"}],"predecessor-version":[{"id":58401,"href":"https:\/\/www.alarmautomatika.com\/sl\/wp-json\/wp\/v2\/pages\/58152\/revisions\/58401"}],"wp:attachment":[{"href":"https:\/\/www.alarmautomatika.com\/sl\/wp-json\/wp\/v2\/media?parent=58152"}],"curies":[{"name":"wp","href":"https:\/\/api.w.org\/{rel}","templated":true}]}}