{"id":59868,"date":"2026-04-28T08:43:36","date_gmt":"2026-04-28T06:43:36","guid":{"rendered":"https:\/\/www.alarmautomatika.com\/idea-solution-edinstven-in-celovit-pameten-nadzor\/"},"modified":"2026-04-28T10:53:36","modified_gmt":"2026-04-28T08:53:36","slug":"idea-solution-edinstven-in-celovit-pameten-nadzor","status":"publish","type":"page","link":"https:\/\/www.alarmautomatika.com\/sl\/idea-solution-edinstven-in-celovit-pameten-nadzor\/","title":{"rendered":"iDEA Solution &#8211; edinstven in celovit pameten nadzor"},"content":{"rendered":"<p>[et_pb_section fb_built=&#8221;1&#8243; _builder_version=&#8221;4.27.6&#8243; _module_preset=&#8221;default&#8221; background_image=&#8221;https:\/\/www.alarmautomatika.com\/wp-content\/uploads\/2020\/09\/idea-rjesenja.jpg&#8221; background_size=&#8221;initial&#8221; background_position=&#8221;top_center&#8221; global_colors_info=&#8221;{}&#8221;][et_pb_row _builder_version=&#8221;4.16&#8243; _module_preset=&#8221;default&#8221; width=&#8221;95%&#8221; global_colors_info=&#8221;{}&#8221;][et_pb_column type=&#8221;4_4&#8243; _builder_version=&#8221;4.16&#8243; _module_preset=&#8221;default&#8221; global_colors_info=&#8221;{}&#8221;][et_pb_text _builder_version=&#8221;4.16&#8243; _dynamic_attributes=&#8221;content&#8221; _module_preset=&#8221;default&#8221; text_font=&#8221;|600|||||||&#8221; text_text_color=&#8221;#ffffff&#8221; text_font_size=&#8221;48px&#8221; text_line_height=&#8221;1.2em&#8221; header_font=&#8221;||||||||&#8221; custom_padding=&#8221;80px|50px||50px|false|true&#8221; text_font_size_tablet=&#8221;40px&#8221; text_font_size_phone=&#8221;32px&#8221; text_font_size_last_edited=&#8221;on|desktop&#8221; text_line_height_tablet=&#8221;&#8221; text_line_height_phone=&#8221;&#8221; text_line_height_last_edited=&#8221;on|phone&#8221; header_font_tablet=&#8221;&#8221; header_font_phone=&#8221;&#8221; header_font_last_edited=&#8221;on|phone&#8221; header_font_size_tablet=&#8221;&#8221; header_font_size_phone=&#8221;&#8221; header_font_size_last_edited=&#8221;on|phone&#8221; header_line_height_tablet=&#8221;&#8221; header_line_height_phone=&#8221;&#8221; header_line_height_last_edited=&#8221;on|desktop&#8221; global_colors_info=&#8221;{}&#8221;]@ET-DC@eyJkeW5hbWljIjp0cnVlLCJjb250ZW50IjoicG9zdF90aXRsZSIsInNldHRpbmdzIjp7ImJlZm9yZSI6IiIsImFmdGVyIjoiIn19@[\/et_pb_text][\/et_pb_column][\/et_pb_row][et_pb_row _builder_version=&#8221;4.16&#8243; _module_preset=&#8221;default&#8221; background_color=&#8221;#ffffff&#8221; width=&#8221;95%&#8221; custom_margin=&#8221;20px||||false|false&#8221; custom_margin_tablet=&#8221;10px||||false|false&#8221; custom_margin_phone=&#8221;10px||||false|false&#8221; custom_margin_last_edited=&#8221;on|desktop&#8221; custom_padding=&#8221;50px|50px|50px|50px|true|true&#8221; box_shadow_style=&#8221;preset2&#8243; global_colors_info=&#8221;{}&#8221;][et_pb_column type=&#8221;4_4&#8243; _builder_version=&#8221;4.16&#8243; _module_preset=&#8221;default&#8221; global_colors_info=&#8221;{}&#8221;][et_pb_toggle title=&#8221;Stranke&#8221; icon_color=&#8221;#33A44D&#8221; toggle_icon=&#8221;&#x22;||divi||400&#8243; open_icon_color=&#8221;#33A44D&#8221; open_toggle_icon=&#8221;&#x21;||divi||400&#8243; _builder_version=&#8221;4.27.6&#8243; _module_preset=&#8221;default&#8221; hover_enabled=&#8221;0&#8243; global_colors_info=&#8221;{}&#8221; sticky_enabled=&#8221;0&#8243;]<\/p>\n<ul>\n<li><a href=\"https:\/\/www.alarmautomatika.com\/sl\/stranke\/banke-in-poslovne-institucije\/\">Banke in poslovne institucije<\/a><\/li>\n<li><a href=\"https:\/\/www.alarmautomatika.com\/sl\/stranke\/hoteli\/\">Hoteli<\/a><\/li>\n<li><a href=\"https:\/\/www.alarmautomatika.com\/sl\/stranke\/nakupovalni-centri\/\">Nakupovalni centri<\/a><\/li>\n<li><a href=\"https:\/\/www.alarmautomatika.com\/sl\/stranke\/javni-in-poslovni-objekti\/\">Javni in poslovni objekti<\/a><\/li>\n<li><a href=\"https:\/\/www.alarmautomatika.com\/sl\/stranke\/industrijski-ter-veliki-infrastrukturni-objekti\/\">Industrijski ter veliki infrastrukturni objekti<\/a><\/li>\n<li><a href=\"https:\/\/www.alarmautomatika.com\/sl\/stranke\/javne-povrsine-in-objekti\/\">Javne povr\u0161ine in objekti<\/a><\/li>\n<\/ul>\n<p>[\/et_pb_toggle][et_pb_toggle title=&#8221;Izdelki&#8221; icon_color=&#8221;#33A44D&#8221; toggle_icon=&#8221;&#x22;||divi||400&#8243; open_icon_color=&#8221;#33A44D&#8221; open_toggle_icon=&#8221;&#x21;||divi||400&#8243; _builder_version=&#8221;4.27.6&#8243; _module_preset=&#8221;default&#8221; hover_enabled=&#8221;0&#8243; global_colors_info=&#8221;{}&#8221; sticky_enabled=&#8221;0&#8243;]<\/p>\n<ul>\n<li><a href=\"https:\/\/www.alarmautomatika.com\/sl\/izdelki\/video-analitika-in-umetna-inteligenca\/\">Video analitika in umetna inteligenca<\/a><\/li>\n<li><a href=\"https:\/\/www.alarmautomatika.com\/sl\/izdelki\/termalne-slike-ter-zascita-parametra\/\">Termalne slike ter za\u0161\u010dita parametra<\/a><\/li>\n<li><a href=\"https:\/\/www.alarmautomatika.com\/sl\/izdelki\/napredna-kontrola-pristopa\/\">Napredna kontrola pristopa<\/a><\/li>\n<li><a href=\"https:\/\/www.alarmautomatika.com\/sl\/?page_id=4971\">Elektronsko varovanje blaga<\/a><\/li>\n<li><a href=\"https:\/\/www.alarmautomatika.com\/sl\/izdelki\/inteligentno-opravljanje-s-prometom-in-parkiranjem\/\">Inteligentno opravljanje s prometom in parkiranjem<\/a><\/li>\n<li><a href=\"https:\/\/www.alarmautomatika.com\/sl\/izdelki\/bms-in-sistemi-za-opravljanje-z-objekti\/\">BMS in sistemi za opravljanje z objekti<\/a><\/li>\n<\/ul>\n<p>[\/et_pb_toggle][et_pb_toggle title=&#8221;Storitve&#8221; icon_color=&#8221;#33A44D&#8221; toggle_icon=&#8221;&#x22;||divi||400&#8243; open_icon_color=&#8221;#33A44D&#8221; open_toggle_icon=&#8221;&#x21;||divi||400&#8243; _builder_version=&#8221;4.27.6&#8243; _module_preset=&#8221;default&#8221; hover_enabled=&#8221;0&#8243; global_colors_info=&#8221;{}&#8221; sticky_enabled=&#8221;0&#8243;]<\/p>\n<ul>\n<li><a href=\"https:\/\/www.alarmautomatika.com\/sl\/storitve\/profesionalne-storitve-za-kompleksne-projekte\/#projektiranje\" data-et-has-event-already=\"true\">Projektiranje<\/a><\/li>\n<li><a href=\"https:\/\/www.alarmautomatika.com\/sl\/storitve\/profesionalne-storitve-za-kompleksne-projekte\/#prosudba-ugrozenosti-i-elaborat-mjera-sigurnosti\" data-et-has-event-already=\"true\">Ocena tveganja ter \u0160tudija varnostnih re\u0161itev<\/a><\/li>\n<li><a href=\"https:\/\/www.alarmautomatika.com\/sl\/storitve\/profesionalne-storitve-za-kompleksne-projekte\/#konzalting\" data-et-has-event-already=\"true\">Svetovanje<\/a><\/li>\n<li><a href=\"https:\/\/www.alarmautomatika.com\/sl\/storitve\/profesionalne-storitve-za-kompleksne-projekte\/#nadzor-nad-izvodjenjem\" data-et-has-event-already=\"true\">Nadzor projektov<\/a><\/li>\n<li><a href=\"https:\/\/www.alarmautomatika.com\/sl\/storitve\/profesionalne-storitve-za-kompleksne-projekte\/#koordinacija-i-vodjenje-projekata\" data-et-has-event-already=\"true\">Koordinacija in projektno upravljanje<\/a><\/li>\n<li><a href=\"https:\/\/www.alarmautomatika.com\/sl\/storitve\/profesionalne-storitve-za-kompleksne-projekte\/#softverska-integracija\" data-et-has-event-already=\"true\">Programska integracija in integracija z uporabnikovo poslovno strukturo<\/a><\/li>\n<li><a href=\"https:\/\/www.alarmautomatika.com\/sl\/storitve\/profesionalne-storitve-za-kompleksne-projekte\/#odrzavanje\" data-et-has-event-already=\"true\">Vzdr\u017eevanje<\/a><\/li>\n<\/ul>\n<p>[\/et_pb_toggle][et_pb_toggle title=&#8221;Programska oprema&#8221; icon_color=&#8221;#33A44D&#8221; toggle_icon=&#8221;&#x22;||divi||400&#8243; open_icon_color=&#8221;#33A44D&#8221; open_toggle_icon=&#8221;&#x21;||divi||400&#8243; _builder_version=&#8221;4.27.6&#8243; _module_preset=&#8221;default&#8221; hover_enabled=&#8221;0&#8243; global_colors_info=&#8221;{}&#8221; sticky_enabled=&#8221;0&#8243;]<\/p>\n<ul>\n<li><a href=\"https:\/\/www.alarmautomatika.com\/sl\/programska-oprema\/pameten-nadzor-in-upravljanje\/#izdavanje-ulaznica\" data-et-has-event-already=\"true\">Izdaja kart<\/a><\/li>\n<li><a href=\"https:\/\/www.alarmautomatika.com\/sl\/programska-oprema\/pameten-nadzor-in-upravljanje\/#brojanje-ljudi\" data-et-has-event-already=\"true\">\u0160tetje oseb<\/a><\/li>\n<li><a href=\"https:\/\/www.alarmautomatika.com\/sl\/programska-oprema\/pameten-nadzor-in-upravljanje\/#rezervacija-soba\" data-et-has-event-already=\"true\">Rezervacija sob<\/a><\/li>\n<li><a href=\"https:\/\/www.alarmautomatika.com\/sl\/programska-oprema\/pameten-nadzor-in-upravljanje\/#parking-rjesenja\" data-et-has-event-already=\"true\">Parkirne re\u0161itve<\/a><\/li>\n<li><a href=\"https:\/\/www.alarmautomatika.com\/sl\/programska-oprema\/pameten-nadzor-in-upravljanje\/#upravljanje-prometom\" data-et-has-event-already=\"true\">Upravljanje s prometom<\/a><\/li>\n<li><a href=\"https:\/\/www.alarmautomatika.com\/sl\/programska-oprema\/pameten-nadzor-in-upravljanje\/#upravljanje-posjetiteljima\" data-et-has-event-already=\"true\">Upravljanje in vstopni dnevniki<\/a><\/li>\n<li><a href=\"https:\/\/www.alarmautomatika.com\/sl\/programska-oprema\/pameten-nadzor-in-upravljanje\/#nadzor-na-pretovarnim-stanicama\" data-et-has-event-already=\"true\">Nadzor na pre-tovornih postajah<\/a><\/li>\n<\/ul>\n<p>[\/et_pb_toggle][et_pb_toggle title=&#8221;Platforma&#8221; icon_color=&#8221;#33A44D&#8221; toggle_icon=&#8221;&#x22;||divi||400&#8243; open_icon_color=&#8221;#33A44D&#8221; open_toggle_icon=&#8221;&#x21;||divi||400&#8243; _builder_version=&#8221;4.27.6&#8243; _module_preset=&#8221;default&#8221; hover_enabled=&#8221;0&#8243; global_colors_info=&#8221;{}&#8221; sticky_enabled=&#8221;0&#8243;]<\/p>\n<ul>\n<li><a href=\"https:\/\/www.alarmautomatika.com\/sl\/platforma\/#razmjena-znanja\" data-et-has-event-already=\"true\">Izmenjava znanja udele\u017eencev v procesu izgradnje<\/a><\/li>\n<\/ul>\n<p>[\/et_pb_toggle][\/et_pb_column][\/et_pb_row][\/et_pb_section]<\/p>\n","protected":false},"excerpt":{"rendered":"<p>Banke in poslovne institucije Hoteli Nakupovalni centri Javni in poslovni objekti Industrijski ter veliki infrastrukturni objekti Javne povr\u0161ine in objekti Video analitika in umetna inteligenca Termalne slike ter za\u0161\u010dita parametra Napredna kontrola pristopa Elektronsko varovanje blaga Inteligentno opravljanje s prometom in parkiranjem BMS in sistemi za opravljanje z objekti Projektiranje Ocena tveganja ter \u0160tudija varnostnih [&hellip;]<\/p>\n","protected":false},"author":15,"featured_media":0,"parent":0,"menu_order":0,"comment_status":"closed","ping_status":"closed","template":"","meta":{"_et_pb_use_builder":"on","_et_pb_old_content":"","_et_gb_content_width":"","footnotes":""},"class_list":["post-59868","page","type-page","status-publish","hentry"],"_links":{"self":[{"href":"https:\/\/www.alarmautomatika.com\/sl\/wp-json\/wp\/v2\/pages\/59868","targetHints":{"allow":["GET"]}}],"collection":[{"href":"https:\/\/www.alarmautomatika.com\/sl\/wp-json\/wp\/v2\/pages"}],"about":[{"href":"https:\/\/www.alarmautomatika.com\/sl\/wp-json\/wp\/v2\/types\/page"}],"author":[{"embeddable":true,"href":"https:\/\/www.alarmautomatika.com\/sl\/wp-json\/wp\/v2\/users\/15"}],"replies":[{"embeddable":true,"href":"https:\/\/www.alarmautomatika.com\/sl\/wp-json\/wp\/v2\/comments?post=59868"}],"version-history":[{"count":2,"href":"https:\/\/www.alarmautomatika.com\/sl\/wp-json\/wp\/v2\/pages\/59868\/revisions"}],"predecessor-version":[{"id":59873,"href":"https:\/\/www.alarmautomatika.com\/sl\/wp-json\/wp\/v2\/pages\/59868\/revisions\/59873"}],"wp:attachment":[{"href":"https:\/\/www.alarmautomatika.com\/sl\/wp-json\/wp\/v2\/media?parent=59868"}],"curies":[{"name":"wp","href":"https:\/\/api.w.org\/{rel}","templated":true}]}}