{"id":7878,"date":"2020-10-26T15:24:17","date_gmt":"2020-10-26T14:24:17","guid":{"rendered":"https:\/\/www.alarmautomatika.com\/izobrazevanje\/"},"modified":"2026-04-07T09:54:46","modified_gmt":"2026-04-07T07:54:46","slug":"izobrazevanje","status":"publish","type":"page","link":"https:\/\/www.alarmautomatika.com\/sl\/izobrazevanje\/","title":{"rendered":"Izobra\u017eevanje za delo s sistemi in programsko opremo"},"content":{"rendered":"<p>[et_pb_section fb_built=&#8221;1&#8243; _builder_version=&#8221;4.16&#8243; _module_preset=&#8221;default&#8221; background_image=&#8221;https:\/\/www.alarmautomatika.com\/wp-content\/uploads\/2020\/10\/edukacija.jpg&#8221; background_size=&#8221;initial&#8221; background_position=&#8221;top_center&#8221; width=&#8221;100%&#8221; global_colors_info=&#8221;{}&#8221;][et_pb_row _builder_version=&#8221;4.16&#8243; _module_preset=&#8221;default&#8221; width=&#8221;95%&#8221; global_colors_info=&#8221;{}&#8221;][et_pb_column type=&#8221;4_4&#8243; _builder_version=&#8221;4.16&#8243; _module_preset=&#8221;default&#8221; global_colors_info=&#8221;{}&#8221;][et_pb_text _builder_version=&#8221;4.16&#8243; _dynamic_attributes=&#8221;content&#8221; _module_preset=&#8221;default&#8221; text_font=&#8221;|600|||||||&#8221; text_text_color=&#8221;#ffffff&#8221; text_font_size=&#8221;48px&#8221; text_line_height=&#8221;1.2em&#8221; custom_padding=&#8221;80px|50px||50px|false|true&#8221; text_font_size_tablet=&#8221;40px&#8221; text_font_size_phone=&#8221;32px&#8221; text_font_size_last_edited=&#8221;on|desktop&#8221; text_line_height_tablet=&#8221;&#8221; text_line_height_phone=&#8221;&#8221; text_line_height_last_edited=&#8221;on|phone&#8221; header_font_tablet=&#8221;&#8221; header_font_phone=&#8221;&#8221; header_font_last_edited=&#8221;on|phone&#8221; header_font_size_tablet=&#8221;&#8221; header_font_size_phone=&#8221;&#8221; header_font_size_last_edited=&#8221;on|phone&#8221; header_line_height_tablet=&#8221;&#8221; header_line_height_phone=&#8221;&#8221; header_line_height_last_edited=&#8221;on|desktop&#8221; global_colors_info=&#8221;{}&#8221;]@ET-DC@eyJkeW5hbWljIjp0cnVlLCJjb250ZW50IjoicG9zdF90aXRsZSIsInNldHRpbmdzIjp7ImJlZm9yZSI6IiIsImFmdGVyIjoiIn19@[\/et_pb_text][\/et_pb_column][\/et_pb_row][et_pb_row _builder_version=&#8221;4.16&#8243; _module_preset=&#8221;default&#8221; background_color=&#8221;#ffffff&#8221; width=&#8221;95%&#8221; custom_margin=&#8221;20px||||false|false&#8221; custom_margin_tablet=&#8221;10px||||false|false&#8221; custom_margin_phone=&#8221;10px||||false|false&#8221; custom_margin_last_edited=&#8221;on|desktop&#8221; custom_padding=&#8221;50px|50px|50px|50px|true|true&#8221; box_shadow_style=&#8221;preset2&#8243; global_colors_info=&#8221;{}&#8221;][et_pb_column type=&#8221;4_4&#8243; _builder_version=&#8221;4.16&#8243; _module_preset=&#8221;default&#8221; global_colors_info=&#8221;{}&#8221;][et_pb_text _builder_version=&#8221;4.27.6&#8243; _module_preset=&#8221;default&#8221; header_2_text_align=&#8221;left&#8221; header_2_font_size=&#8221;30px&#8221; header_2_line_height=&#8221;1.2em&#8221; header_3_text_color=&#8221;#33A44D&#8221; hover_enabled=&#8221;0&#8243; header_font_size_tablet=&#8221;48px&#8221; header_font_size_phone=&#8221;&#8221; header_font_size_last_edited=&#8221;on|tablet&#8221; header_2_font_size_tablet=&#8221;&#8221; header_2_font_size_phone=&#8221;25px&#8221; header_2_font_size_last_edited=&#8221;on|phone&#8221; global_colors_info=&#8221;{}&#8221; sticky_enabled=&#8221;0&#8243;]<\/p>\n<p>&nbsp;<\/p>\n<p>Alarm automatika periodi\u010dno organizira izobra\u017eevanja za uporabo in programiranje sistemov tehni\u010dnega varovanje za svoje kupce in partnerje. Glavni namen je dvig kvalitete storitev, ki so namenjene kon\u010dnemu uporabniku. V osnovi so izobra\u017eevanja povezana z dolo\u010denim proizvajalcem opreme (DVC, Inim, Ajax, Paradox, Jantar, itd.) in prilagojena glede na potrebe, s katerimi se udele\u017eenci sre\u010dujejo pri svojem delu (varnostni tehniki, CSM operaterji, elektri\u010darji).<\/p>\n<h2>Modeli izobra\u017eevanj ter \u0161tevilo udele\u017eencev<\/h2>\n<p>Izobra\u017eevalni modeli so izdelani s poudarkom na zahtevah udele\u017eencev, ki se usmerjajo na prakti\u010dno delo s produkti, sistemi in programsko opremo. V ve\u010dini primerov so izobra\u017eevanja izvedena kot delavnice. Ko predavatelj zaklju\u010di svojo uvodno prezentacijo lahko udele\u017eenci za\u010dnejo sami delati z napravami in programsko opremo. Pove\u017eejo se lahko z napravo, jo programirajo in po potrebi tudi prilagajajo. Da lahko vsi delajo samostojno na dolo\u010deni opremi je \u0161tevilo udele\u017eencev omejeno na 8 oseb.<\/p>\n<h2>Prijave<\/h2>\n<p>Izvedba vsakega izobra\u017eevanja je organizirana na podlagi zadostnega \u0161tevila prijav udele\u017eencev. Kadarkoli med letom lahko izrazite \u017eeljo za izvedbo posameznega izobra\u017eevanja. To storite z najavo va\u0161i kontaktni osebi v Alarm automatika, s katero se dogovorite za termnin izvedbe oziroma pridobite informacijo o prvem mo\u017enem terminu izvedbe usposabljanja. Prosta mesta na delavnici se polnijo glede na vrstni red prejetih prijav.<\/p>\n<h2>Potrdilo o usposabljanju<\/h2>\n<p>Udele\u017eenci dobijo potrdilo o usposabljanju po uspe\u0161nem zaklju\u010dku izobra\u017eevanja.<\/p>\n<h2>Razpisani termini:<\/h2>\n<p>Obve\u0161\u010damo vas, da smo na na\u0161i spletni strani objavili <strong>nov seznam spomladanskih izobra\u017eevanj iDEA Classic 2026<\/strong>.<\/p>\n<p>Na izobra\u017eevanjih bo poudarek na prakti\u010dni uporabi sistemov in napotki pri konfiguraciji sistemov.Izobra\u017eevanja bodo potekala v na\u0161ih poslovnih prostorih na istem naslovu in z uporabo opreme, ki jo imamo v aktualnem prodajnem programu, ob tem pa boste spoznali tudi tehni\u010dne novosti na\u0161ih sistemov.<\/p>\n<p>&nbsp;<\/p>\n<h2><span style=\"font-size: 30px;\">Razpisani termini:<\/span><span style=\"font-size: 30px;\"><\/span><\/h2>\n<p><strong>1. <span style=\"text-decoration: line-through;\">AJAX FIBRA\u00a0 5.3.2026\u00a0 \u010das 9.00-13.00<\/span><\/strong><\/p>\n<ul>\n<li>Predstavitev\u00a0 produktov Ajax Fibra<\/li>\n<li>Predstavitev virtualnega prostora na ajax ra\u010dunu (Spaces)<\/li>\n<li>Napredne nastavitve ustvarjanje razli\u010dnih scenarijev<\/li>\n<li>Prikaz delovanja scenarijev v praksi<\/li>\n<li>Prikaz delovanja scenarija preko NVR-ja ajax kamer<\/li>\n<li>Predstavitev delovanja Yalle sistema integracija z Ajax-om<\/li>\n<li>Prikaz scenarija preko smart home automatization naprav<\/li>\n<li>Izobra\u017eevanje po programu Ajax FIBRA in predstavitev novosti<\/li>\n<li>Test za pridobitev certifikata FIBRA<\/li>\n<\/ul>\n<p><strong>\u00a0<\/strong><\/p>\n<p><strong>2. <span style=\"text-decoration: line-through;\">AJAX Jeweller 12.3.2026\u00a0 \u010das 9.00-15.00<\/span><\/strong><\/p>\n<ul>\n<li>Predstavitev produktov AJAX in novosti<\/li>\n<li>Predstavitev virtualnega prostora na ajax ra\u010dunu (Spaces)<\/li>\n<li>Ustvarjanje ajax ra\u010duna<\/li>\n<li>Tehni\u010dna delavnica prisotnih z Ajax sistemom<\/li>\n<li>Osnove konfiguracije Hub-a<\/li>\n<li>Dodajanje ajax elementov v sistem<\/li>\n<li>Dodajanje uporabnikov v sistem<\/li>\n<li>Nastavitve povezav na VNC<\/li>\n<li>Napredne nastavitve ustvarjanje razli\u010dnih scenarijev<\/li>\n<li>Prikaz delovanja scenarijev v praksi<\/li>\n<li>Prikaz delovanja scenarija preko NVR-ja ajax kamer<\/li>\n<li>Predstavitev delovanja Yalle sistema integracija z Ajax-om<\/li>\n<li>Prikaz scenarija preko smart home automatization naprav<\/li>\n<li>Posodobitev programske opreme<\/li>\n<\/ul>\n<p>&nbsp;<\/p>\n<p><strong>3. <span style=\"text-decoration: line-through;\">AJAX Po\u017ear EN 54 Linija\u00a0 19.3.2026\u00a0\u00a0 \u010das 9.00-12.00 <\/span><\/strong><\/p>\n<ul>\n<li>Predstavitev produktov linije EN 54 \u00a0strojne opreme in arhitekture<\/li>\n<li>Napotki za namestitev in testiranje opreme<\/li>\n<li>Povezava po\u017earne centrale v obla\u010dno storitev<\/li>\n<li>Programiranje po\u017earne centrale in preizkus delovanja v praksi<\/li>\n<li>Uporaba aplikacij Ajax in Ajax pro desktop<\/li>\n<\/ul>\n<p>&nbsp;<\/p>\n<p><strong>4. <span style=\"text-decoration: line-through;\">AJAX Video 26.3.2026\u00a0\u00a0 \u010das 9.00-15.00 <\/span><\/strong><\/p>\n<ul>\n<li>Predstavitev produktov video AJAX<\/li>\n<li>Predstavitev virtualnega prostora Ajax ra\u010duna<\/li>\n<li>Napredne konfiguracije kamere,<\/li>\n<li>obve\u0161\u010danje uporabnika alarmni dogodki zunanja parametrija, pre\u010dkanje \u010drte<\/li>\n<li>Osnovne konfiguracija NVR-a<\/li>\n<li>Osnovne konfiguracije kamere<\/li>\n<li>Napredne konfiguracije kamere, obve\u0161\u010danje uporabnika zunanja parametrija, pre\u010dkanje \u010drte<\/li>\n<li>Na\u010dini snemanja<\/li>\n<li>Na\u010dini pregleda in izvoza video posnetkov<\/li>\n<li>Na\u010dini dodelavanja uporabni\u0161kih pravic za dostop do arhiva posnetkov in \u017eive slike<\/li>\n<\/ul>\n<p>&nbsp;<\/p>\n<p><strong>5. <span style=\"text-decoration: line-through;\">DVC IP Video\u00a0 <\/span><\/strong><span style=\"text-decoration: line-through;\"><strong>2.4.202<\/strong><strong>6<\/strong><strong>\u00a0\u00a0\u00a0 <\/strong><strong>\u010das 9.00-15.00<\/strong><\/span><\/p>\n<ul>\n<li>Predstavitev produktov iz DVC video segmenta<\/li>\n<li>Predstavitev novosti in funkcionalnosti NVR snemalne naprave (FW 1.4.13)<\/li>\n<li>Konfiguracija snemalne naprave<\/li>\n<li>Dodajanje kamere, aktivacija, konfiguracija kamer preko web vmesnika<\/li>\n<li>Na\u010dini snemanja<\/li>\n<li>Pregled in izvoz posnetkov<\/li>\n<li>Nastavitve analitike ( line crossing, intrussion, face recognition, Meta data AI)<\/li>\n<li>Dodajanje skupin in uporabnikov<\/li>\n<li>Povezava snemalne naprave v obla\u010dno storitev<\/li>\n<li>Predstavitev\u00a0mobilne aplikacije DVC Connect<\/li>\n<li>Na\u010dini posodobitve strojne opreme kamere in snemalne naprave<\/li>\n<li>Na\u010dini ponastavitve pozabljenega \u00a0uporabni\u0161kega gesla<\/li>\n<li>Predstavitev aplikacije NVMS lite<\/li>\n<li>Predstavitev dostopa do snemalnika preko web vmesnika\u00a0 in ob\u010dlane storiteve<\/li>\n<\/ul>\n<p>&nbsp;<\/p>\n<p><strong>6. PARADOX\u00a0 vlom\u00a0 EVO\/SP\/MG \u00a0\u00a0 <\/strong><strong>16<\/strong><strong>.4.202<\/strong><strong>6<\/strong><strong>\u00a0\u00a0 <\/strong><strong>\u010das 9.00-15.00<\/strong><\/p>\n<ul>\n<li>Predstavitev novih produktov Paradox<\/li>\n<li>Predstavitev aplikacije Babyware<\/li>\n<li>Tehni\u010dna delavnica prisotnih z sistemi paradox<\/li>\n<li>Programiranje centrale,vezava elementov,nastavitev uporabni\u0161kih kod, dodajanje<\/li>\n<li>sistema na mobilno aplikacijo\u2026<\/li>\n<\/ul>\n<p>&nbsp;<\/p>\n<p><strong>7. HIVISION IP Intercom\u00a0 <\/strong><strong>23.4.202<\/strong><strong>6<\/strong><strong>\u00a0\u00a0\u00a0 <\/strong><strong>\u010das 9.00-14.00<\/strong><\/p>\n<ul>\n<li>Predstavitev produktov ip domofonije<\/li>\n<li>Nastavitev delovanja zunanjih in notranjih enot<\/li>\n<li>Povezava na mobilno aplikacijo Hik Connect<\/li>\n<li>Predstavitev IVMS 4200 , SADP tool delovanje<\/li>\n<\/ul>\n<p>&nbsp;<\/p>\n<p><strong>8. HIKVISION IP Video <\/strong><strong>30<\/strong><strong>.4.202<\/strong><strong>6<\/strong><strong>\u00a0\u00a0 <\/strong><strong>\u010das 9.00-14.00<\/strong><\/p>\n<ul>\n<li>Predstavitev serij snemalnih naprav in kamer &#8211; splo\u0161no<\/li>\n<li>Konfiguracija snemalne naprave<\/li>\n<li>Nastavitve snemanja, dodajanja uporabnikov, na\u010dini nastavitve AI analitike<\/li>\n<li>Pregled posnetkov in izvoza arhiva<\/li>\n<li>Posodobitev programske opreme<\/li>\n<li>Dodajanje naprave v obla\u010dno storitev Hikconnect<\/li>\n<\/ul>\n<p>[\/et_pb_text][\/et_pb_column][\/et_pb_row][\/et_pb_section]<\/p>\n","protected":false},"excerpt":{"rendered":"<p>&nbsp; Alarm automatika periodi\u010dno organizira izobra\u017eevanja za uporabo in programiranje sistemov tehni\u010dnega varovanje za svoje kupce in partnerje. Glavni namen je dvig kvalitete storitev, ki so namenjene kon\u010dnemu uporabniku. V osnovi so izobra\u017eevanja povezana z dolo\u010denim proizvajalcem opreme (DVC, Inim, Ajax, Paradox, Jantar, itd.) in prilagojena glede na potrebe, s katerimi se udele\u017eenci sre\u010dujejo pri [&hellip;]<\/p>\n","protected":false},"author":15,"featured_media":0,"parent":0,"menu_order":0,"comment_status":"closed","ping_status":"closed","template":"","meta":{"_et_pb_use_builder":"on","_et_pb_old_content":"","_et_gb_content_width":"","footnotes":""},"class_list":["post-7878","page","type-page","status-publish","hentry"],"_links":{"self":[{"href":"https:\/\/www.alarmautomatika.com\/sl\/wp-json\/wp\/v2\/pages\/7878","targetHints":{"allow":["GET"]}}],"collection":[{"href":"https:\/\/www.alarmautomatika.com\/sl\/wp-json\/wp\/v2\/pages"}],"about":[{"href":"https:\/\/www.alarmautomatika.com\/sl\/wp-json\/wp\/v2\/types\/page"}],"author":[{"embeddable":true,"href":"https:\/\/www.alarmautomatika.com\/sl\/wp-json\/wp\/v2\/users\/15"}],"replies":[{"embeddable":true,"href":"https:\/\/www.alarmautomatika.com\/sl\/wp-json\/wp\/v2\/comments?post=7878"}],"version-history":[{"count":3,"href":"https:\/\/www.alarmautomatika.com\/sl\/wp-json\/wp\/v2\/pages\/7878\/revisions"}],"predecessor-version":[{"id":59666,"href":"https:\/\/www.alarmautomatika.com\/sl\/wp-json\/wp\/v2\/pages\/7878\/revisions\/59666"}],"wp:attachment":[{"href":"https:\/\/www.alarmautomatika.com\/sl\/wp-json\/wp\/v2\/media?parent=7878"}],"curies":[{"name":"wp","href":"https:\/\/api.w.org\/{rel}","templated":true}]}}