{"id":8233,"date":"2020-08-20T13:08:01","date_gmt":"2020-08-20T11:08:01","guid":{"rendered":"https:\/\/www.alarmautomatika.com\/kariere\/"},"modified":"2026-03-16T08:32:24","modified_gmt":"2026-03-16T07:32:24","slug":"kariere","status":"publish","type":"page","link":"https:\/\/www.alarmautomatika.com\/sl\/kariere\/","title":{"rendered":"Kariere"},"content":{"rendered":"<p>[et_pb_section fb_built=&#8221;1&#8243; _builder_version=&#8221;4.16&#8243; _module_preset=&#8221;default&#8221; background_color=&#8221;rgba(0,0,0,0)&#8221; background_image=&#8221;https:\/\/www.alarmautomatika.com\/wp-content\/uploads\/2020\/09\/karijere.jpg&#8221; background_size=&#8221;initial&#8221; background_position=&#8221;top_center&#8221; global_colors_info=&#8221;{}&#8221;][et_pb_row _builder_version=&#8221;4.16&#8243; _module_preset=&#8221;default&#8221; width=&#8221;95%&#8221; global_colors_info=&#8221;{}&#8221;][et_pb_column type=&#8221;4_4&#8243; _builder_version=&#8221;4.16&#8243; _module_preset=&#8221;default&#8221; global_colors_info=&#8221;{}&#8221;][et_pb_text _builder_version=&#8221;4.16&#8243; _dynamic_attributes=&#8221;content&#8221; _module_preset=&#8221;default&#8221; text_font=&#8221;|600|||||||&#8221; text_text_color=&#8221;#ffffff&#8221; text_font_size=&#8221;48px&#8221; text_line_height=&#8221;1.2em&#8221; custom_padding=&#8221;80px|50px||50px|false|true&#8221; text_font_size_tablet=&#8221;40px&#8221; text_font_size_phone=&#8221;32px&#8221; text_font_size_last_edited=&#8221;on|desktop&#8221; text_line_height_tablet=&#8221;&#8221; text_line_height_phone=&#8221;&#8221; text_line_height_last_edited=&#8221;on|phone&#8221; header_font_tablet=&#8221;&#8221; header_font_phone=&#8221;&#8221; header_font_last_edited=&#8221;on|phone&#8221; header_font_size_tablet=&#8221;&#8221; header_font_size_phone=&#8221;&#8221; header_font_size_last_edited=&#8221;on|phone&#8221; header_line_height_tablet=&#8221;&#8221; header_line_height_phone=&#8221;&#8221; header_line_height_last_edited=&#8221;on|desktop&#8221; global_colors_info=&#8221;{}&#8221;]@ET-DC@eyJkeW5hbWljIjp0cnVlLCJjb250ZW50IjoicG9zdF90aXRsZSIsInNldHRpbmdzIjp7ImJlZm9yZSI6IiIsImFmdGVyIjoiIn19@[\/et_pb_text][\/et_pb_column][\/et_pb_row][et_pb_row column_structure=&#8221;3_4,1_4&#8243; _builder_version=&#8221;4.16&#8243; _module_preset=&#8221;default&#8221; background_color=&#8221;#ffffff&#8221; width=&#8221;95%&#8221; custom_margin=&#8221;20px||||false|false&#8221; custom_margin_tablet=&#8221;10px||||false|false&#8221; custom_margin_phone=&#8221;10px||||false|false&#8221; custom_margin_last_edited=&#8221;on|desktop&#8221; custom_padding=&#8221;50px|50px|50px|50px|true|true&#8221; box_shadow_style=&#8221;preset2&#8243; global_colors_info=&#8221;{}&#8221;][et_pb_column type=&#8221;3_4&#8243; _builder_version=&#8221;4.16&#8243; _module_preset=&#8221;default&#8221; global_colors_info=&#8221;{}&#8221;][et_pb_text _builder_version=&#8221;4.16&#8243; _module_preset=&#8221;default&#8221; header_2_text_color=&#8221;#ffffff&#8221; header_2_font_size=&#8221;30px&#8221; background_color=&#8221;#00B16A&#8221; custom_padding=&#8221;15px|15px|7px|15px|false|true&#8221; global_colors_info=&#8221;{}&#8221;]<\/p>\n<h2>Stalno iskanje kvalitetnih zaposlenih<\/h2>\n<p>[\/et_pb_text][et_pb_text _builder_version=&#8221;4.16&#8243; _module_preset=&#8221;default&#8221; header_2_text_align=&#8221;left&#8221; header_2_font_size=&#8221;30px&#8221; header_2_line_height=&#8221;1.2em&#8221; header_font_size_tablet=&#8221;48px&#8221; header_font_size_phone=&#8221;&#8221; header_font_size_last_edited=&#8221;on|tablet&#8221; header_2_font_size_tablet=&#8221;&#8221; header_2_font_size_phone=&#8221;25px&#8221; header_2_font_size_last_edited=&#8221;on|phone&#8221; global_colors_info=&#8221;{}&#8221;]<\/p>\n<p>Kaj je kvaliteten zaposlen za nas? Predvsem cenimo prodajne sposobnosti, tehni\u010dno znanje ter poznavanje trga tehni\u010dnega varovanja. Poleg profesionalnih kompetenc, i\u0161\u010demo proaktivne, samoiniciativne, pozitivne in ekipno usmerjene zaposlene.<\/p>\n<p>Fokus na rezultatih, proaktivnosti, sodelovanju, obojestranskem zaupanju in spo\u0161tovanju je temelj za rast in razvoj podjetja. Poslovni razvoj v 10-ih dr\u017eavah v regiji, pomeni da je delovno okolje dinami\u010dno, z unikatno poslovno kulturo, ki omogo\u010da profesionalni razvoj s stimulativnim prihodkom.<\/p>\n<p>\u017delimo, da na\u0161i zaposleni konstantno razvijajo svoje znanje, izku\u0161nje ter strokovnost in da se u\u010dijo ter raziskujejo, z zdravo mero relaksacije in zabave \u2013 torej da u\u017eivajo v svojem delu!<\/p>\n<p>[\/et_pb_text][et_pb_text _builder_version=&#8221;4.16&#8243; _module_preset=&#8221;default&#8221; header_2_text_color=&#8221;#ffffff&#8221; header_2_font_size=&#8221;30px&#8221; background_color=&#8221;#00B16A&#8221; custom_padding=&#8221;15px|15px|7px|15px|false|true&#8221; global_colors_info=&#8221;{}&#8221;]<\/p>\n<h2>Trenutna prosta delovna mesta<\/h2>\n<p>[\/et_pb_text][et_pb_text disabled_on=&#8221;off|off|off&#8221; _builder_version=&#8221;4.16&#8243; _module_preset=&#8221;default&#8221; text_font=&#8221;|600|||||||&#8221; header_2_text_align=&#8221;left&#8221; header_2_font_size=&#8221;30px&#8221; header_2_line_height=&#8221;1.2em&#8221; text_orientation=&#8221;center&#8221; header_font_size_tablet=&#8221;48px&#8221; header_font_size_phone=&#8221;&#8221; header_font_size_last_edited=&#8221;on|tablet&#8221; header_2_font_size_tablet=&#8221;&#8221; header_2_font_size_phone=&#8221;25px&#8221; header_2_font_size_last_edited=&#8221;on|phone&#8221; global_colors_info=&#8221;{}&#8221;]<\/p>\n<p>Trenutno nimamo prostih delovnih mest.<\/p>\n<p>[\/et_pb_text][et_pb_text disabled_on=&#8221;on|on|on&#8221; _builder_version=&#8221;4.27.6&#8243; _module_preset=&#8221;default&#8221; text_font=&#8221;|600|||||||&#8221; header_2_text_align=&#8221;left&#8221; header_2_font_size=&#8221;30px&#8221; header_2_line_height=&#8221;1.2em&#8221; text_orientation=&#8221;center&#8221; hover_enabled=&#8221;0&#8243; header_font_size_tablet=&#8221;48px&#8221; header_font_size_phone=&#8221;&#8221; header_font_size_last_edited=&#8221;on|tablet&#8221; header_2_font_size_tablet=&#8221;&#8221; header_2_font_size_phone=&#8221;25px&#8221; header_2_font_size_last_edited=&#8221;on|phone&#8221; global_colors_info=&#8221;{}&#8221; sticky_enabled=&#8221;0&#8243; disabled=&#8221;on&#8221;]<\/p>\n<p><strong>Tehni\u010dni koordinator projektov (m\/\u017e)<\/strong><\/p>\n<p>Rok za prijavo: <strong>13. 03. 2026<\/strong><\/p>\n<p>[\/et_pb_text][et_pb_text disabled_on=&#8221;off|off|off&#8221; _builder_version=&#8221;4.16&#8243; _module_preset=&#8221;default&#8221; text_font=&#8221;|600|||||||&#8221; header_2_text_align=&#8221;left&#8221; header_2_font_size=&#8221;30px&#8221; header_2_line_height=&#8221;1.2em&#8221; text_orientation=&#8221;center&#8221; header_font_size_tablet=&#8221;48px&#8221; header_font_size_phone=&#8221;&#8221; header_font_size_last_edited=&#8221;on|tablet&#8221; header_2_font_size_tablet=&#8221;&#8221; header_2_font_size_phone=&#8221;25px&#8221; header_2_font_size_last_edited=&#8221;on|phone&#8221; global_colors_info=&#8221;{}&#8221;]<\/p>\n<p><a href=\"https:\/\/www.alarmautomatika.com\/wp-content\/uploads\/2021\/04\/Inzenjer-projektant-sistema-tehnicnog-varovanja-SLO.pdf\" target=\"_blank\" rel=\"noopener noreferrer\">In\u017eenjer\/projektant sistema tehni\u010dnog varovanja SLO<\/a><\/p>\n<p>[\/et_pb_text][et_pb_text _builder_version=&#8221;4.16&#8243; _module_preset=&#8221;default&#8221; header_2_text_color=&#8221;#ffffff&#8221; header_2_font_size=&#8221;30px&#8221; background_color=&#8221;#00B16A&#8221; custom_padding=&#8221;15px|15px|7px|15px|false|true&#8221; global_colors_info=&#8221;{}&#8221;]<\/p>\n<h2>\u017delite postati del na\u0161e ekipe?<\/h2>\n<p>[\/et_pb_text][et_pb_text _builder_version=&#8221;4.16&#8243; _module_preset=&#8221;default&#8221; global_colors_info=&#8221;{}&#8221;]\n<div class=\"wpcf7 no-js\" id=\"wpcf7-f8236-o1\" lang=\"sl-SI\" dir=\"ltr\" data-wpcf7-id=\"8236\">\n<div class=\"screen-reader-response\"><p role=\"status\" aria-live=\"polite\" aria-atomic=\"true\"><\/p> <ul><\/ul><\/div>\n<form action=\"\/sl\/wp-json\/wp\/v2\/pages\/8233#wpcf7-f8236-o1\" method=\"post\" class=\"wpcf7-form init\" aria-label=\"Kontaktni obrazec\" enctype=\"multipart\/form-data\" novalidate=\"novalidate\" data-status=\"init\">\n<fieldset class=\"hidden-fields-container\"><input type=\"hidden\" name=\"_wpcf7\" value=\"8236\" \/><input type=\"hidden\" name=\"_wpcf7_version\" value=\"6.1.5\" \/><input type=\"hidden\" name=\"_wpcf7_locale\" value=\"sl_SI\" \/><input type=\"hidden\" name=\"_wpcf7_unit_tag\" value=\"wpcf7-f8236-o1\" \/><input type=\"hidden\" name=\"_wpcf7_container_post\" value=\"0\" \/><input type=\"hidden\" name=\"_wpcf7_posted_data_hash\" value=\"\" \/>\n<\/fieldset>\n<p><label> Vnesite naziv delovnega mesta, ki vas zanima *<br \/>\n<span class=\"wpcf7-form-control-wrap\" data-name=\"workplace\"><input size=\"40\" maxlength=\"400\" class=\"wpcf7-form-control wpcf7-text wpcf7-validates-as-required\" aria-required=\"true\" aria-invalid=\"false\" value=\"\" type=\"text\" name=\"workplace\" \/><\/span> <\/label>\n<\/p>\n<p><label> Ime in priimek *<br \/>\n<span class=\"wpcf7-form-control-wrap\" data-name=\"contact-name\"><input size=\"40\" maxlength=\"400\" class=\"wpcf7-form-control wpcf7-text wpcf7-validates-as-required\" aria-required=\"true\" aria-invalid=\"false\" value=\"\" type=\"text\" name=\"contact-name\" \/><\/span> <\/label>\n<\/p>\n<p><label> Naslov bivali\u0161\u010da *<br \/>\n<span class=\"wpcf7-form-control-wrap\" data-name=\"place\"><input size=\"40\" maxlength=\"400\" class=\"wpcf7-form-control wpcf7-text wpcf7-validates-as-required\" aria-required=\"true\" aria-invalid=\"false\" value=\"\" type=\"text\" name=\"place\" \/><\/span> <\/label>\n<\/p>\n<p><label> E-mail naslov *<br \/>\n<span class=\"wpcf7-form-control-wrap\" data-name=\"email\"><input size=\"40\" maxlength=\"400\" class=\"wpcf7-form-control wpcf7-email wpcf7-validates-as-required wpcf7-text wpcf7-validates-as-email\" aria-required=\"true\" aria-invalid=\"false\" value=\"\" type=\"email\" name=\"email\" \/><\/span> <\/label>\n<\/p>\n<p><label> Telefonska \u0161tevilka *<br \/>\n<span class=\"wpcf7-form-control-wrap\" data-name=\"phone\"><input size=\"40\" maxlength=\"400\" class=\"wpcf7-form-control wpcf7-text wpcf7-validates-as-required\" aria-required=\"true\" aria-invalid=\"false\" value=\"\" type=\"text\" name=\"phone\" \/><\/span> <\/label>\n<\/p>\n<p><label> Dodajte \u017eivotopis (pdf, Word, zip - max 10MB)<\/label><br \/>\n<span class=\"wpcf7-form-control-wrap\" data-name=\"cv-file\"><input size=\"40\" class=\"wpcf7-form-control wpcf7-file\" accept=\".pdf,.doc,.docx\" aria-invalid=\"false\" type=\"file\" name=\"cv-file\" \/><\/span>\n<\/p>\n<p><label> Poruka<br \/>\n<span class=\"wpcf7-form-control-wrap\" data-name=\"message\"><textarea cols=\"40\" rows=\"10\" maxlength=\"2000\" class=\"wpcf7-form-control wpcf7-textarea\" aria-invalid=\"false\" name=\"message\"><\/textarea><\/span> <\/label>\n<\/p>\n<div class=\"wpcf7-turnstile cf-turnstile\" data-sitekey=\"0x4AAAAAACal9s7_sd7CzLTM\" data-response-field-name=\"_wpcf7_turnstile_response\"><\/div>\n<p><input class=\"wpcf7-form-control wpcf7-submit has-spinner\" type=\"submit\" value=\"Po\u0161lji\" \/>\n<\/p><div class=\"wpcf7-response-output\" aria-hidden=\"true\"><\/div>\n<\/form>\n<\/div>\n[\/et_pb_text][et_pb_text _builder_version=&#8221;4.16&#8243; _module_preset=&#8221;default&#8221; header_2_text_color=&#8221;#ffffff&#8221; header_2_font_size=&#8221;30px&#8221; background_color=&#8221;#00B16A&#8221; custom_padding=&#8221;15px|15px|7px|15px|false|true&#8221; global_colors_info=&#8221;{}&#8221;]<\/p>\n<h2>Prednosti za na\u0161e zaposlene<\/h2>\n<p>[\/et_pb_text][et_pb_text _builder_version=&#8221;4.16&#8243; _module_preset=&#8221;default&#8221; link_font=&#8221;|600|||||||&#8221; header_2_text_align=&#8221;left&#8221; header_2_font_size=&#8221;30px&#8221; header_2_line_height=&#8221;1.2em&#8221; header_font_size_tablet=&#8221;48px&#8221; header_font_size_phone=&#8221;&#8221; header_font_size_last_edited=&#8221;on|tablet&#8221; header_2_font_size_tablet=&#8221;&#8221; header_2_font_size_phone=&#8221;25px&#8221; header_2_font_size_last_edited=&#8221;on|phone&#8221; global_colors_info=&#8221;{}&#8221;]<\/p>\n<ul>\n<li>Sistemati\u010dna vklju\u010ditev v delo<\/li>\n<li>Sistemati\u010dno nadziranje in stimulacija dela zaposlenih<\/li>\n<li>Izobra\u017eevanje in treningi<\/li>\n<li>Napredek in razvoj<\/li>\n<li>Delo v prijazni in dinami\u010dni ekipi<\/li>\n<li>Delo v internacionalnem okolju<\/li>\n<\/ul>\n<p>[\/et_pb_text][\/et_pb_column][et_pb_column type=&#8221;1_4&#8243; _builder_version=&#8221;4.16&#8243; _module_preset=&#8221;default&#8221; custom_padding_tablet=&#8221;&#8221; custom_padding_phone=&#8221;&#8221; custom_padding_last_edited=&#8221;on|phone&#8221; global_colors_info=&#8221;{}&#8221;][et_pb_video src=&#8221;https:\/\/www.youtube.com\/watch?v=SHnkE67Wsz0&#8243; image_src=&#8221;\/\/i.ytimg.com\/vi\/tZQbebRFgqQ\/hqdefault.jpg&#8221; thumbnail_overlay_color=&#8221;rgba(0,0,0,0.6)&#8221; _builder_version=&#8221;4.16&#8243; _module_preset=&#8221;default&#8221; global_colors_info=&#8221;{}&#8221;][\/et_pb_video][et_pb_cta button_url=&#8221;https:\/\/drive.google.com\/file\/d\/1YmvMRydnvCxwiK8LTIpV4StZrhof2ldc\/view?usp=sharing&#8221; url_new_window=&#8221;on&#8221; button_text=&#8221;Prenesite profil podjetja&#8221; _builder_version=&#8221;4.16&#8243; _module_preset=&#8221;default&#8221; header_font_size=&#8221;22px&#8221; body_font_size=&#8221;14px&#8221; use_background_color_gradient=&#8221;on&#8221; background_color_gradient_stops=&#8221;#000000 0%|#604949 100%&#8221; background_color_gradient_start=&#8221;#000000&#8243; background_color_gradient_end=&#8221;#604949&#8243; background_image=&#8221;https:\/\/www.alarmautomatika.com\/wp-content\/uploads\/2020\/12\/company-profil-bcg-1.jpg&#8221; custom_button=&#8221;on&#8221; button_text_size=&#8221;14px&#8221; button_font=&#8221;|600|||||||&#8221; button_use_icon=&#8221;off&#8221; button_alignment=&#8221;center&#8221; button_custom_margin=&#8221;120px||||false|false&#8221; button_custom_padding=&#8221;14px|24px|14px|24px|true|true&#8221; text_orientation=&#8221;left&#8221; module_alignment=&#8221;center&#8221; min_height=&#8221;250px&#8221; custom_padding=&#8221;20px|20px|20px|20px|true|true&#8221; saved_tabs=&#8221;all&#8221; global_colors_info=&#8221;{}&#8221;][\/et_pb_cta][\/et_pb_column][\/et_pb_row][\/et_pb_section]<\/p>\n","protected":false},"excerpt":{"rendered":"<p>Stalno iskanje kvalitetnih zaposlenihKaj je kvaliteten zaposlen za nas? Predvsem cenimo prodajne sposobnosti, tehni\u010dno znanje ter poznavanje trga tehni\u010dnega varovanja. Poleg profesionalnih kompetenc, i\u0161\u010demo proaktivne, samoiniciativne, pozitivne in ekipno usmerjene zaposlene. Fokus na rezultatih, proaktivnosti, sodelovanju, obojestranskem zaupanju in spo\u0161tovanju je temelj za rast in razvoj podjetja. Poslovni razvoj v 10-ih dr\u017eavah v regiji, pomeni [&hellip;]<\/p>\n","protected":false},"author":15,"featured_media":0,"parent":0,"menu_order":0,"comment_status":"closed","ping_status":"closed","template":"","meta":{"_et_pb_use_builder":"on","_et_pb_old_content":"","_et_gb_content_width":"","footnotes":""},"class_list":["post-8233","page","type-page","status-publish","hentry"],"_links":{"self":[{"href":"https:\/\/www.alarmautomatika.com\/sl\/wp-json\/wp\/v2\/pages\/8233","targetHints":{"allow":["GET"]}}],"collection":[{"href":"https:\/\/www.alarmautomatika.com\/sl\/wp-json\/wp\/v2\/pages"}],"about":[{"href":"https:\/\/www.alarmautomatika.com\/sl\/wp-json\/wp\/v2\/types\/page"}],"author":[{"embeddable":true,"href":"https:\/\/www.alarmautomatika.com\/sl\/wp-json\/wp\/v2\/users\/15"}],"replies":[{"embeddable":true,"href":"https:\/\/www.alarmautomatika.com\/sl\/wp-json\/wp\/v2\/comments?post=8233"}],"version-history":[{"count":2,"href":"https:\/\/www.alarmautomatika.com\/sl\/wp-json\/wp\/v2\/pages\/8233\/revisions"}],"predecessor-version":[{"id":59626,"href":"https:\/\/www.alarmautomatika.com\/sl\/wp-json\/wp\/v2\/pages\/8233\/revisions\/59626"}],"wp:attachment":[{"href":"https:\/\/www.alarmautomatika.com\/sl\/wp-json\/wp\/v2\/media?parent=8233"}],"curies":[{"name":"wp","href":"https:\/\/api.w.org\/{rel}","templated":true}]}}