{"id":11777,"date":"2021-02-22T08:15:16","date_gmt":"2021-02-22T07:15:16","guid":{"rendered":"https:\/\/www.alarmautomatika.com\/softveri\/brojenje-ljudi\/"},"modified":"2022-02-03T10:18:30","modified_gmt":"2022-02-03T09:18:30","slug":"brojenje-ljudi","status":"publish","type":"page","link":"https:\/\/www.alarmautomatika.com\/sr\/softveri\/brojenje-ljudi\/","title":{"rendered":"Softver za brojenje ljudi ABsistemCounter"},"content":{"rendered":"<p>[et_pb_section fb_built=&#8220;1&#8243; _builder_version=&#8220;4.9.4&#8243; _module_preset=&#8220;default&#8220; custom_padding=&#8220;0px||||false|false&#8220;][et_pb_row _builder_version=&#8220;4.9.4&#8243; _module_preset=&#8220;default&#8220;][et_pb_column type=&#8220;4_4&#8243; _builder_version=&#8220;4.9.4&#8243; _module_preset=&#8220;default&#8220;][et_pb_text _builder_version=&#8220;4.9.4&#8243; _dynamic_attributes=&#8220;content&#8220; _module_preset=&#8220;default&#8220; header_line_height=&#8220;1.3em&#8220;]@ET-DC@eyJkeW5hbWljIjp0cnVlLCJjb250ZW50IjoicG9zdF90aXRsZSIsInNldHRpbmdzIjp7ImJlZm9yZSI6IjxibG9ja3F1b3RlPjxoMT4iLCJhZnRlciI6IjxcL2gxPjxcL2Jsb2NrcXVvdGU+In19@[\/et_pb_text][et_pb_text _builder_version=&#8220;4.9.4&#8243; _module_preset=&#8220;default&#8220; link_font=&#8220;|600|||||||&#8220; header_2_text_align=&#8220;left&#8220; header_2_font_size=&#8220;30px&#8220; header_2_line_height=&#8220;1.2em&#8220; header_font_size_tablet=&#8220;48px&#8220; header_font_size_phone=&#8220;&#8220; header_font_size_last_edited=&#8220;on|tablet&#8220; header_2_font_size_tablet=&#8220;&#8220; header_2_font_size_phone=&#8220;25px&#8220; header_2_font_size_last_edited=&#8220;on|phone&#8220;]<\/p>\n<p><em>Ta\u010dni podaci o broju kupaca i posetioca predstavljaju klju\u010dnu informaciju za bolje upravljanje poslovanjem u razli\u010ditim delatnostima \u2013 trgovinama, klubovima, muzejima, sredstvima javnog prevoza, javnim ustanovama, poslovnim zgradama.<\/em><\/p>\n<p>[\/et_pb_text][et_pb_image src=&#8220;https:\/\/www.alarmautomatika.com\/wp-content\/uploads\/2021\/07\/absistemcounter-header.jpg&#8220; _builder_version=&#8220;4.9.7&#8243; _module_preset=&#8220;default&#8220; alt=&#8220;ABsistemCounter&#8220; hover_enabled=&#8220;0&#8243; sticky_enabled=&#8220;0&#8243;][\/et_pb_image][et_pb_text _builder_version=&#8220;4.9.4&#8243; _module_preset=&#8220;default&#8220;]<\/p>\n<p>ABsistemCounter je specijalisti\u010dki softver koji pomo\u0107u IP kamera broji i u bazu podataka bele\u017ei koliko je ljudi u\u0161lo u, ili iza\u0161lo iz prostora. Softver omogu\u0107ava centralizovani pregled prikupljenih podataka u realnom vremenu i njihovu naknadnu analizu. Dostupna je i web verzija koja omogu\u0107ava pregled podataka putem web interfejsa i na svim mobilnim ure\u0111ajima. Softver se mo\u017ee prilagoditi konkretnim potrebama korisnika.<\/p>\n<p>[\/et_pb_text][\/et_pb_column][\/et_pb_row][et_pb_row column_structure=&#8220;1_3,1_3,1_3&#8243; use_custom_gutter=&#8220;on&#8220; gutter_width=&#8220;2&#8243; make_equal=&#8220;on&#8220; _builder_version=&#8220;4.9.4&#8243; _module_preset=&#8220;default&#8220;][et_pb_column type=&#8220;1_3&#8243; _builder_version=&#8220;4.9.4&#8243; _module_preset=&#8220;default&#8220;][et_pb_button button_url=&#8220;#brojenje_ljudi&#8220; url_new_window=&#8220;on&#8220; button_text=&#8220;Brojenje ljudi ABsistemCounter&#8220; button_alignment=&#8220;center&#8220; disabled_on=&#8220;off|off|off&#8220; _builder_version=&#8220;4.9.4&#8243; _module_preset=&#8220;default&#8220; custom_button=&#8220;on&#8220; button_text_size=&#8220;14px&#8220; button_font=&#8220;|600|||||||&#8220; button_use_icon=&#8220;off&#8220; custom_padding=&#8220;14px|53px|14px|53px|true|true&#8220;][\/et_pb_button][\/et_pb_column][et_pb_column type=&#8220;1_3&#8243; _builder_version=&#8220;4.9.4&#8243; _module_preset=&#8220;default&#8220;][et_pb_button button_url=&#8220;#analitika_za_trgovine&#8220; url_new_window=&#8220;on&#8220; button_text=&#8220;Analitika za trgovine ABSmartRetail&#8220; button_alignment=&#8220;center&#8220; disabled_on=&#8220;off|off|off&#8220; _builder_version=&#8220;4.9.4&#8243; _module_preset=&#8220;default&#8220; custom_button=&#8220;on&#8220; button_text_size=&#8220;14px&#8220; button_font=&#8220;|600|||||||&#8220; button_use_icon=&#8220;off&#8220; custom_padding=&#8220;14px|53px|14px|53px|true|true&#8220;][\/et_pb_button][\/et_pb_column][et_pb_column type=&#8220;1_3&#8243; _builder_version=&#8220;4.9.4&#8243; _module_preset=&#8220;default&#8220;][et_pb_button button_url=&#8220;#odredjivanje_broja_ljudi&#8220; url_new_window=&#8220;on&#8220; button_text=&#8220;Odre\u0111ivanje broja ljudi u prostoru&#8220; button_alignment=&#8220;center&#8220; disabled_on=&#8220;off|off|off&#8220; _builder_version=&#8220;4.9.4&#8243; _module_preset=&#8220;default&#8220; custom_button=&#8220;on&#8220; button_text_size=&#8220;14px&#8220; button_font=&#8220;|600|||||||&#8220; button_use_icon=&#8220;off&#8220; custom_padding=&#8220;14px|53px|14px|53px|true|true&#8220;][\/et_pb_button][\/et_pb_column][\/et_pb_row][et_pb_row column_structure=&#8220;1_3,1_3,1_3&#8243; use_custom_gutter=&#8220;on&#8220; gutter_width=&#8220;2&#8243; _builder_version=&#8220;4.9.4&#8243; _module_preset=&#8220;default&#8220; custom_margin=&#8220;||||false|false&#8220; custom_padding=&#8220;0px||||false|false&#8220;][et_pb_column type=&#8220;1_3&#8243; _builder_version=&#8220;4.9.4&#8243; _module_preset=&#8220;default&#8220;][et_pb_button button_url=&#8220;#brojenje_putnika&#8220; url_new_window=&#8220;on&#8220; button_text=&#8220;Brojenje putnika u javnom prevozu&#8220; button_alignment=&#8220;center&#8220; disabled_on=&#8220;off|off|off&#8220; _builder_version=&#8220;4.9.4&#8243; _module_preset=&#8220;default&#8220; custom_button=&#8220;on&#8220; button_text_size=&#8220;14px&#8220; button_font=&#8220;|600|||||||&#8220; button_use_icon=&#8220;off&#8220; custom_padding=&#8220;14px|53px|14px|53px|true|true&#8220;][\/et_pb_button][\/et_pb_column][et_pb_column type=&#8220;1_3&#8243; _builder_version=&#8220;4.9.4&#8243; _module_preset=&#8220;default&#8220;][et_pb_button button_url=&#8220;#vivotek_3d_brojenje&#8220; url_new_window=&#8220;on&#8220; button_text=&#8220;Vivotek 3D brojenje &#8211; ta\u010dnost 98%&#8220; button_alignment=&#8220;center&#8220; disabled_on=&#8220;off|off|off&#8220; _builder_version=&#8220;4.9.4&#8243; _module_preset=&#8220;default&#8220; custom_button=&#8220;on&#8220; button_text_size=&#8220;14px&#8220; button_font=&#8220;|600|||||||&#8220; button_use_icon=&#8220;off&#8220; custom_padding=&#8220;14px|53px|14px|53px|true|true&#8220;][\/et_pb_button][\/et_pb_column][et_pb_column type=&#8220;1_3&#8243; _builder_version=&#8220;4.9.4&#8243; _module_preset=&#8220;default&#8220;][\/et_pb_column][\/et_pb_row][et_pb_row _builder_version=&#8220;4.9.4&#8243; _module_preset=&#8220;default&#8220; custom_padding=&#8220;||0px||false|false&#8220;][et_pb_column type=&#8220;4_4&#8243; _builder_version=&#8220;4.9.4&#8243; _module_preset=&#8220;default&#8220;][et_pb_text _builder_version=&#8220;4.9.4&#8243; _module_preset=&#8220;default&#8220; header_2_line_height=&#8220;1.3em&#8220;]<\/p>\n<blockquote>\n<h2 id=\"brojenje_ljudi\">Brojenje ljudi ABsistemCounter<\/h2>\n<\/blockquote>\n<p>[\/et_pb_text][\/et_pb_column][\/et_pb_row][et_pb_row _builder_version=&#8220;4.9.4&#8243; _module_preset=&#8220;default&#8220;][et_pb_column type=&#8220;4_4&#8243; _builder_version=&#8220;4.9.4&#8243; _module_preset=&#8220;default&#8220;][et_pb_text _builder_version=&#8220;4.9.4&#8243; _module_preset=&#8220;default&#8220; header_3_font_size=&#8220;26px&#8220;]<\/p>\n<h3>Primena<\/h3>\n<ul>\n<li><strong>Organizacija poslovanja<\/strong> (optimizacija broja radnika u smeni; odabir vremena za popravke ili \u010di\u0161\u0107enje)<\/li>\n<li><strong>Unapre\u0111enje prodaje<\/strong> (efikasnost marketin\u0161kih kampanja)<\/li>\n<li><strong>Pove\u0107anje nivoa sigurnosti<\/strong> (upravljanje evakuacijom u incidentnim situacijama)<\/li>\n<li><strong>Nadzor nad poslovanjem<\/strong> (kontrola naplate ulaznica)<\/li>\n<li><strong>Prevencija \u0161irenja epidemije<\/strong> (broj ljudi u prostoru)<\/li>\n<\/ul>\n<p>[\/et_pb_text][et_pb_text _builder_version=&#8220;4.9.4&#8243; _module_preset=&#8220;default&#8220; header_3_font_size=&#8220;26px&#8220;]<\/p>\n<h3>Funkcije<\/h3>\n<ul>\n<li>Pregled stanja broja\u010da preko Google Maps<\/li>\n<li>Prikaz vremenskih prilika, zasebno za svaku lokaciju<\/li>\n<li>Jednostavan prikaz trenutnog broja ljudi u odre\u0111enom, kamerama nadziranom, prostoru<\/li>\n<li>Kreiranja automatskih izve\u0161taja<\/li>\n<li>Upravljanje kamerama putem softvera (ure\u0111ivanje kamera, broja\u010da i slike, testiranje)<\/li>\n<li>Izvoz podataka za daljnje analize<\/li>\n<\/ul>\n<p>[\/et_pb_text][et_pb_text _builder_version=&#8220;4.9.4&#8243; _module_preset=&#8220;default&#8220; header_3_font_size=&#8220;26px&#8220;]<\/p>\n<h3>Izve\u0161taji i analize<\/h3>\n<ul>\n<li>Sadr\u017eaj i izgled izve\u0161taja i analiza se defini\u0161u unapred<\/li>\n<li>Korisnik odre\u0111uje period za koji \u017eeli izve\u0161taj, rezoluciju podataka (10 minuta, sat, dan, mesec) i objekte obuhva\u0107ene analizom<\/li>\n<li>Dodavanje novih izve\u0161taja na zahtev<\/li>\n<li>Izvoz podataka za daljnje analize<\/li>\n<li>Automatski izve\u0161taji \u2013 dnevni, mese\u010dni ili godi\u0161nji; za odabranu lokaciju ili vi\u0161e njih<\/li>\n<\/ul>\n<p>[\/et_pb_text][et_pb_video src=&#8220;https:\/\/youtu.be\/V3Cz_MRnkOk&#8220; _builder_version=&#8220;4.9.4&#8243; _module_preset=&#8220;default&#8220; width=&#8220;50%&#8220; width_tablet=&#8220;100%&#8220; width_phone=&#8220;&#8220; width_last_edited=&#8220;on|desktop&#8220; module_alignment=&#8220;center&#8220;][\/et_pb_video][\/et_pb_column][\/et_pb_row][et_pb_row _builder_version=&#8220;4.9.4&#8243; _module_preset=&#8220;default&#8220;][et_pb_column type=&#8220;4_4&#8243; _builder_version=&#8220;4.9.4&#8243; _module_preset=&#8220;default&#8220;][et_pb_text _builder_version=&#8220;4.9.4&#8243; _module_preset=&#8220;default&#8220; header_2_line_height=&#8220;1.3em&#8220;]<\/p>\n<blockquote>\n<h2 id=\"analitika_za_trgovine\">Analitika za trgovine ABsistemSmartRetail<\/h2>\n<\/blockquote>\n<p>[\/et_pb_text][et_pb_image src=&#8220;https:\/\/www.alarmautomatika.com\/wp-content\/uploads\/2021\/04\/ABsistemSmartRetail-Heatmap.jpg&#8220; alt=&#8220;ABsistemSmartRetail&#8220; show_bottom_space=&#8220;off&#8220; align=&#8220;center&#8220; _builder_version=&#8220;4.9.4&#8243; _module_preset=&#8220;default&#8220;][\/et_pb_image][\/et_pb_column][\/et_pb_row][et_pb_row _builder_version=&#8220;4.9.4&#8243; _module_preset=&#8220;default&#8220;][et_pb_column type=&#8220;4_4&#8243; _builder_version=&#8220;4.9.4&#8243; _module_preset=&#8220;default&#8220;][et_pb_text _builder_version=&#8220;4.9.4&#8243; _module_preset=&#8220;default&#8220;]<\/p>\n<p>ABsistemSmartRetail je softver koji trgovcima omogu\u0107ava da prate pona\u0161anje kupaca i na jednom mestu imaju sve analiti\u010dke podatke &#8211; koliko je kupaca u\u0161lo u trgovinu, gde su proveli ve\u0107inu vremena u toku kupovine u obliku heat mapa, analiziraju pona\u0161anje kupaca i kontroli\u0161u gu\u017eve. Tako su omogu\u0107ene analize pona\u0161anja kupaca u odnosu na marketin\u0161ke kampanje, upore\u0111ivanje pona\u0161anja kupaca u trgovinama na razli\u010ditim lokacijama, analize odnosa vremenskih prilika i pona\u0161anja kupaca i sli\u010dno.<\/p>\n<p>[\/et_pb_text][et_pb_text _builder_version=&#8220;4.9.4&#8243; _module_preset=&#8220;default&#8220;]<\/p>\n<ul>\n<li>Heat mape \u2013 analiza kojom se pokazuje na kojim se mestima u trgovini kupci zadr\u017eavaju<\/li>\n<li>Prikaz podataka na Google Maps<\/li>\n<li>Automatsko slanje izve\u0161taja na e-mail, kreiranje izve\u0161taja od strane korisnika po potrebi<\/li>\n<li>Vi\u0161e mogu\u0107nosti grafi\u010dkog prikaza prikupljenih podataka<\/li>\n<li>Daljinsko upravljanje &#8211; broja\u010dima i ure\u0111ajima za generisanje heat mapa, kalibracija broja\u010da, pregled slike<\/li>\n<li>Softver je modularan<\/li>\n<li>Dostupan na hrvatskom i engleskom jeziku<\/li>\n<\/ul>\n<p>[\/et_pb_text][et_pb_video src=&#8220;https:\/\/youtu.be\/r4Ws3Dv55pI&#8220; _builder_version=&#8220;4.9.4&#8243; _module_preset=&#8220;default&#8220; width=&#8220;50%&#8220; width_tablet=&#8220;100%&#8220; width_phone=&#8220;&#8220; width_last_edited=&#8220;on|desktop&#8220; module_alignment=&#8220;center&#8220;][\/et_pb_video][\/et_pb_column][\/et_pb_row][et_pb_row _builder_version=&#8220;4.9.4&#8243; _module_preset=&#8220;default&#8220;][et_pb_column type=&#8220;4_4&#8243; _builder_version=&#8220;4.9.4&#8243; _module_preset=&#8220;default&#8220;][et_pb_text _builder_version=&#8220;4.9.4&#8243; _module_preset=&#8220;default&#8220; header_2_line_height=&#8220;1.3em&#8220;]<\/p>\n<blockquote>\n<h2 id=\"odredjivanje_broja_ljudi\">Softver za odre\u0111ivanje broja ljudi u prostoru ABsistemLimitPeople<\/h2>\n<\/blockquote>\n<p>[\/et_pb_text][et_pb_image src=&#8220;https:\/\/www.alarmautomatika.com\/wp-content\/uploads\/2021\/04\/ABsistemLimitPeople-banner.jpg&#8220; alt=&#8220;ABsistemLimitPeople&#8220; _builder_version=&#8220;4.9.4&#8243; _module_preset=&#8220;default&#8220;][\/et_pb_image][et_pb_text _builder_version=&#8220;4.9.4&#8243; _module_preset=&#8220;default&#8220;]<\/p>\n<p>ABsistemLimitPeople je softver koji omogu\u0107ava automatsko izra\u010dunavanje broja ljudi u objektu pomo\u0107u IP kamera i prikaz podataka o maksimalno dozvoljenom i trenutnom broju ljudi u objektu sa signalizacijom da li je ulaz dozvoljen ili nije. Koristi se u svim delatnostima u kojima je ograni\u010den broj ljudi u prostoru kako bi se spre\u010dilo \u0161irenje epidemije \u2013 trgovinama, hotelima, kampovima, poslovnim i javnim objektima \u2013 i za poslovne analize.<\/p>\n<p>[\/et_pb_text][\/et_pb_column][\/et_pb_row][et_pb_row _builder_version=&#8220;4.9.4&#8243; _module_preset=&#8220;default&#8220;][et_pb_column type=&#8220;4_4&#8243; _builder_version=&#8220;4.9.4&#8243; _module_preset=&#8220;default&#8220;][et_pb_text _builder_version=&#8220;4.9.4&#8243; _module_preset=&#8220;default&#8220;]<\/p>\n<ul>\n<li>98% ta\u010dnost brojanja<\/li>\n<li>Prikaz trenutnog i maksimalno dozvoljenog broja ljudi na displeju<\/li>\n<li>Jasna signalizacija statusa zauzetosti prostora<\/li>\n<li>Daljinski nadzor i upravljanje<\/li>\n<li>Jednostavno brendiranje prikaza na displeju (logotip, boje, poruke, odabir jezika)<\/li>\n<li>Jednostavna ugradnja<\/li>\n<\/ul>\n<p>[\/et_pb_text][et_pb_video src=&#8220;https:\/\/youtu.be\/8H7HuIQqMVI&#8220; _builder_version=&#8220;4.9.4&#8243; _module_preset=&#8220;default&#8220; width=&#8220;50%&#8220; width_tablet=&#8220;100%&#8220; width_phone=&#8220;&#8220; width_last_edited=&#8220;on|desktop&#8220; module_alignment=&#8220;center&#8220;][\/et_pb_video][\/et_pb_column][\/et_pb_row][et_pb_row _builder_version=&#8220;4.9.4&#8243; _module_preset=&#8220;default&#8220;][et_pb_column type=&#8220;4_4&#8243; _builder_version=&#8220;4.9.4&#8243; _module_preset=&#8220;default&#8220;][et_pb_text _builder_version=&#8220;4.9.4&#8243; _module_preset=&#8220;default&#8220; header_2_line_height=&#8220;1.3em&#8220;]<\/p>\n<blockquote>\n<h2 id=\"brojenje_putnika\">Brojenje putnika u javnom prevozu<\/h2>\n<\/blockquote>\n<p>[\/et_pb_text][et_pb_image src=&#8220;https:\/\/www.alarmautomatika.com\/wp-content\/uploads\/2021\/04\/absistemcounter-vivotek-brojenje-putnika.jpg&#8220; alt=&#8220;Brojenje putnika u javnom prevozu&#8220; align=&#8220;center&#8220; _builder_version=&#8220;4.9.4&#8243; _module_preset=&#8220;default&#8220;][\/et_pb_image][et_pb_text _builder_version=&#8220;4.9.4&#8243; _module_preset=&#8220;default&#8220;]<\/p>\n<p>Brojanje putnika koji ulaze u vozila javnog prevoza je u svetu uobi\u010dajeno zbog pra\u0107enja poslovnih parametara, a zbog ograni\u010denja vezanih za epidemiju korona virusa sve se \u010de\u0161\u0107e tra\u017ee re\u0161enja automatskog brojanja. Putnici koji ulaze \/ izlaze iz, na primer, autobusa se broje putem specijalnih kamera, a u softveru se unapred odre\u0111uje maksimalan broj putnika. Kada se u vozilu nalazi maksimalan broj putnika softver generi\u0161e svetlosnu i\/ili zvu\u010dnu signalizaciju. Mogu\u0107e je postaviti i monitor sa prikazom koliko je osoba trenutno u vozilu.<\/p>\n<p>[\/et_pb_text][\/et_pb_column][\/et_pb_row][et_pb_row _builder_version=&#8220;4.9.4&#8243; _module_preset=&#8220;default&#8220;][et_pb_column type=&#8220;4_4&#8243; _builder_version=&#8220;4.9.4&#8243; _module_preset=&#8220;default&#8220;][et_pb_text _builder_version=&#8220;4.9.4&#8243; _module_preset=&#8220;default&#8220;]<\/p>\n<ul>\n<li>Op\u0161ti nadzor u sredstvima javnog prevoza<\/li>\n<li>Unapre\u0111ivanje organizacije poslovanja<\/li>\n<li>Pra\u0107enje rute kretanja vozila<\/li>\n<li>Prevencija \u0161irenja epidemije<\/li>\n<li>Komunikacija sa nadzornim centrom u hitnim situacijama<\/li>\n<li>Upravljanje u alarmnim situacijama<\/li>\n<\/ul>\n<p>[\/et_pb_text][et_pb_video src=&#8220;https:\/\/youtu.be\/GPSA_xeyqRo&#8220; _builder_version=&#8220;4.9.4&#8243; _module_preset=&#8220;default&#8220; width=&#8220;50%&#8220; width_tablet=&#8220;100%&#8220; width_phone=&#8220;&#8220; width_last_edited=&#8220;on|desktop&#8220; module_alignment=&#8220;center&#8220;][\/et_pb_video][\/et_pb_column][\/et_pb_row][et_pb_row _builder_version=&#8220;4.9.4&#8243; _module_preset=&#8220;default&#8220;][et_pb_column type=&#8220;4_4&#8243; _builder_version=&#8220;4.9.4&#8243; _module_preset=&#8220;default&#8220;][et_pb_button button_url=&#8220;https:\/\/drive.google.com\/file\/d\/1fdS8sdYNU1t_i4O5PU3vHzYI6O2cYWN3\/view&#8220; url_new_window=&#8220;on&#8220; button_text=&#8220;Vi\u0161e informacija o re\u0161enju brojenja putnika u javnom prevozu&#8220; button_alignment=&#8220;center&#8220; disabled_on=&#8220;off|off|off&#8220; _builder_version=&#8220;4.9.4&#8243; _module_preset=&#8220;default&#8220; custom_button=&#8220;on&#8220; button_text_size=&#8220;14px&#8220; button_font=&#8220;|600|||||||&#8220; button_use_icon=&#8220;off&#8220; custom_padding=&#8220;14px|53px|14px|53px|true|true&#8220;][\/et_pb_button][\/et_pb_column][\/et_pb_row][et_pb_row _builder_version=&#8220;4.9.4&#8243; _module_preset=&#8220;default&#8220;][et_pb_column type=&#8220;4_4&#8243; _builder_version=&#8220;4.9.4&#8243; _module_preset=&#8220;default&#8220;][et_pb_text _builder_version=&#8220;4.9.4&#8243; _module_preset=&#8220;default&#8220; header_2_line_height=&#8220;1.3em&#8220;]<\/p>\n<blockquote>\n<h2 id=\"vivotek_3d_brojenje\">Vivotek 3D brojenje ljudi &#8211; ta\u010dnost 98%<\/h2>\n<\/blockquote>\n<p>[\/et_pb_text][et_pb_text _builder_version=&#8220;4.9.4&#8243; _module_preset=&#8220;default&#8220;]<\/p>\n<p>Pouzdanost brojanja od \u010dak 98% je postignuta zahvaljuju\u0107i Vivotek 3D Depth tehnologiji implementiranoj u mre\u017ene kamere za stereo brojanje. Omogu\u0107eno je precizno pra\u0107enje smera kretanja ljudi, \u201eU\u201c kretanja te detekcija promene smera u zoni brojanja.<\/p>\n<p>[\/et_pb_text][\/et_pb_column][\/et_pb_row][et_pb_row _builder_version=&#8220;4.9.4&#8243; _module_preset=&#8220;default&#8220;][et_pb_column type=&#8220;4_4&#8243; _builder_version=&#8220;4.9.4&#8243; _module_preset=&#8220;default&#8220;][et_pb_text _builder_version=&#8220;4.9.4&#8243; _module_preset=&#8220;default&#8220;]<\/p>\n<ul>\n<li>Jednostavna ugradnja i konfiguracija<\/li>\n<li>Daljinsko upravljanje sistemom<\/li>\n<li>Integracija s videoanaliti\u010dkim softverom Vivotek VAST za detaljnu analizu i razli\u010dite na\u010dine prikaza (grafikoni, tablice, linije) podataka<\/li>\n<li>Podatci dostupni u realnom vremenu<\/li>\n<li>Lokalno \u010duvanje podataka<\/li>\n<\/ul>\n<p>[\/et_pb_text][et_pb_video src=&#8220;https:\/\/youtu.be\/5sW0N_R_SGU&#8220; _builder_version=&#8220;4.9.4&#8243; _module_preset=&#8220;default&#8220; width=&#8220;50%&#8220; width_tablet=&#8220;100%&#8220; width_phone=&#8220;&#8220; width_last_edited=&#8220;on|desktop&#8220; module_alignment=&#8220;center&#8220;][\/et_pb_video][\/et_pb_column][\/et_pb_row][et_pb_row _builder_version=&#8220;4.9.4&#8243; _module_preset=&#8220;default&#8220;][et_pb_column type=&#8220;4_4&#8243; _builder_version=&#8220;4.9.4&#8243; _module_preset=&#8220;default&#8220;][et_pb_button button_url=&#8220;https:\/\/drive.google.com\/file\/d\/1C2VC9cEBGNxrDcLUAp9X0_rDFiJ0xNQe\/view&#8220; url_new_window=&#8220;on&#8220; button_text=&#8220;Vi\u0161e informacija o Vivotek re\u0161enju odre\u0111ivanja broja ljudi u prostoru&#8220; button_alignment=&#8220;center&#8220; disabled_on=&#8220;off|off|off&#8220; _builder_version=&#8220;4.9.4&#8243; _module_preset=&#8220;default&#8220; custom_button=&#8220;on&#8220; button_text_size=&#8220;14px&#8220; button_font=&#8220;|600|||||||&#8220; button_use_icon=&#8220;off&#8220; custom_padding=&#8220;14px|53px|14px|53px|true|true&#8220;][\/et_pb_button][\/et_pb_column][\/et_pb_row][\/et_pb_section]<\/p>\n","protected":false},"excerpt":{"rendered":"<p>Ta\u010dni podaci o broju kupaca i posetioca predstavljaju klju\u010dnu informaciju za bolje upravljanje poslovanjem u razli\u010ditim delatnostima \u2013 trgovinama, klubovima, muzejima, sredstvima javnog prevoza, javnim ustanovama, poslovnim zgradama.ABsistemCounter je specijalisti\u010dki softver koji pomo\u0107u IP kamera broji i u bazu podataka bele\u017ei koliko je ljudi u\u0161lo u, ili iza\u0161lo iz prostora. Softver omogu\u0107ava centralizovani pregled prikupljenih [&hellip;]<\/p>\n","protected":false},"author":15,"featured_media":0,"parent":4816,"menu_order":0,"comment_status":"closed","ping_status":"closed","template":"","meta":{"_et_pb_use_builder":"on","_et_pb_old_content":"","_et_gb_content_width":"","footnotes":""},"class_list":["post-11777","page","type-page","status-publish","hentry"],"_links":{"self":[{"href":"https:\/\/www.alarmautomatika.com\/sr\/wp-json\/wp\/v2\/pages\/11777","targetHints":{"allow":["GET"]}}],"collection":[{"href":"https:\/\/www.alarmautomatika.com\/sr\/wp-json\/wp\/v2\/pages"}],"about":[{"href":"https:\/\/www.alarmautomatika.com\/sr\/wp-json\/wp\/v2\/types\/page"}],"author":[{"embeddable":true,"href":"https:\/\/www.alarmautomatika.com\/sr\/wp-json\/wp\/v2\/users\/15"}],"replies":[{"embeddable":true,"href":"https:\/\/www.alarmautomatika.com\/sr\/wp-json\/wp\/v2\/comments?post=11777"}],"version-history":[{"count":0,"href":"https:\/\/www.alarmautomatika.com\/sr\/wp-json\/wp\/v2\/pages\/11777\/revisions"}],"up":[{"embeddable":true,"href":"https:\/\/www.alarmautomatika.com\/sr\/wp-json\/wp\/v2\/pages\/4816"}],"wp:attachment":[{"href":"https:\/\/www.alarmautomatika.com\/sr\/wp-json\/wp\/v2\/media?parent=11777"}],"curies":[{"name":"wp","href":"https:\/\/api.w.org\/{rel}","templated":true}]}}