{"id":20698,"date":"2021-08-03T09:12:49","date_gmt":"2021-08-03T07:12:49","guid":{"rendered":"https:\/\/www.alarmautomatika.com\/softveri\/absistem-green\/"},"modified":"2022-02-03T10:17:33","modified_gmt":"2022-02-03T09:17:33","slug":"absistem-green","status":"publish","type":"page","link":"https:\/\/www.alarmautomatika.com\/sr\/softveri\/absistem-green\/","title":{"rendered":"ABsistemGreen"},"content":{"rendered":"<p>[et_pb_section fb_built=&#8220;1&#8243; _builder_version=&#8220;4.9.10&#8243; _module_preset=&#8220;default&#8220; vertical_offset=&#8220;-65px&#8220; global_colors_info=&#8220;{}&#8220;][et_pb_row _builder_version=&#8220;4.9.10&#8243; _module_preset=&#8220;default&#8220; z_index=&#8220;0&#8243; global_colors_info=&#8220;{}&#8220;][et_pb_column type=&#8220;4_4&#8243; _builder_version=&#8220;4.9.10&#8243; _module_preset=&#8220;default&#8220; global_colors_info=&#8220;{}&#8220;][et_pb_text _builder_version=&#8220;4.9.10&#8243; _module_preset=&#8220;default&#8220; text_letter_spacing=&#8220;1px&#8220; header_line_height=&#8220;1.3em&#8220; header_2_line_height=&#8220;1.3em&#8220; global_colors_info=&#8220;{}&#8220;]<\/p>\n<blockquote>\n<h2>ABsistemGreen  softver za integraciju kontrole pristupa, identifikacije, merenja i ispisa dokumenata na pretovarnim stanicama<\/h2>\n<\/blockquote>\n<p>[\/et_pb_text][et_pb_text _builder_version=&#8220;4.9.10&#8243; _module_preset=&#8220;default&#8220; global_colors_info=&#8220;{}&#8220;]<\/p>\n<p><em>Pretovarne stanice su izlo\u017eene mnogobrojnim rizicima u slu\u010daju ulaska neidentifikovanih vozila i voza\u010da i pretovara nepoznatog tereta. ABsistemGreen softver omogu\u0107uje sigurnije, i i automatski evidentirano  kretanje kroz pretovarne stanice.<\/em><\/p>\n<p>[\/et_pb_text][et_pb_image src=&#8220;https:\/\/www.alarmautomatika.com\/wp-content\/uploads\/2021\/07\/ABSistem-Green-header.jpg&#8220; alt=&#8220;ABsistemGreen&#8220; _builder_version=&#8220;4.9.10&#8243; _module_preset=&#8220;default&#8220; global_colors_info=&#8220;{}&#8220;][\/et_pb_image][et_pb_text _builder_version=&#8220;4.9.10&#8243; _module_preset=&#8220;default&#8220; global_colors_info=&#8220;{}&#8220;]<\/p>\n<p>ABsistemGreen  je softver za upravljane integrisanim sistemima kontrole pristupa na pretovarnim stanicama, merenje vozila, prepoznavanja registarskih tablica vozila, rampi s detekcijskim petljama, semafora za signalizacijom i softvera za ispis dokumenata. ABsistemGreen se koristi na pretovarnim stanicama i na mestima gde se odla\u017ee otpad, na kojima je potrebna identifikacija vozila i merenje tereta, nezavisno od njegove vrste, kako bi se integrisao sa informacijskim sistemima za ispis vezanih dokumenata.<\/p>\n<p>[\/et_pb_text][\/et_pb_column][\/et_pb_row][et_pb_row _builder_version=&#8220;4.9.10&#8243; _module_preset=&#8220;default&#8220; global_colors_info=&#8220;{}&#8220;][et_pb_column type=&#8220;4_4&#8243; _builder_version=&#8220;4.9.10&#8243; _module_preset=&#8220;default&#8220; global_colors_info=&#8220;{}&#8220;][et_pb_text _builder_version=&#8220;4.9.10&#8243; _module_preset=&#8220;default&#8220; text_font_size=&#8220;15px&#8220; text_line_height=&#8220;1.3em&#8220; header_2_line_height=&#8220;1.3em&#8220; width=&#8220;75%&#8220; global_colors_info=&#8220;{}&#8220;]<\/p>\n<h4>Funkcije<\/h4>\n<ul>\n<li>Br\u017ei, sigurniji i automatski kontrolisano kretanje vozila kroz pretovarne stanice<\/li>\n<li>Spre\u010davanje manipulacije podacima i dokumentima<\/li>\n<li>Identifikacija voza\u010da putem kartica kontrole pristupa<\/li>\n<li>Identifikacija vozila putem LPR kamera<\/li>\n<li>Integracija sa sistemom semafora koji signaliziraju da je dozvoljen pristup mernoj vagi<\/li>\n<li>Automatsko podizanje i spu\u0161tanje rampi za pristup mernoj vagi<\/li>\n<li>Automatska evidencija podataka o voza\u010du i vozilu u pretra\u017eivu bazu podatka<\/li>\n<li>Automatska evidencija podataka o te\u017eini vozila izmerenoj na mernoj vagi prilikom ulaza i izlaza<\/li>\n<li>Automatski ispis potrebnih dokumenata prilikom izlaza (podatci o vozilu, voza\u010du, te\u017eini vozila pri ulazu i izlazu)<\/li>\n<\/ul>\n<p>[\/et_pb_text][\/et_pb_column][\/et_pb_row][et_pb_row column_structure=&#8220;1_2,1_2&#8243; _builder_version=&#8220;4.9.10&#8243; _module_preset=&#8220;default&#8220; global_colors_info=&#8220;{}&#8220;][et_pb_column type=&#8220;1_2&#8243; _builder_version=&#8220;4.9.10&#8243; _module_preset=&#8220;default&#8220; global_colors_info=&#8220;{}&#8220;][et_pb_text _builder_version=&#8220;4.9.10&#8243; _module_preset=&#8220;default&#8220; text_font_size=&#8220;15px&#8220; global_colors_info=&#8220;{}&#8220;]<\/p>\n<h4>Integrisani sistemi i softveri<\/h4>\n<ul>\n<li>Kontrola pristupa voza\u010da putem \u010dita\u010da kontrole pristupa<\/li>\n<li>Kontrola pristupa vozila putem LPR kamera<\/li>\n<li>Semafori za signalizaciju<\/li>\n<li>Mosna vaga<\/li>\n<li>Softver za ispis dokumenata<\/li>\n<\/ul>\n<p>[\/et_pb_text][\/et_pb_column][et_pb_column type=&#8220;1_2&#8243; _builder_version=&#8220;4.9.10&#8243; _module_preset=&#8220;default&#8220; global_colors_info=&#8220;{}&#8220;][et_pb_video src=&#8220;https:\/\/www.youtube.com\/watch?v=ydoYpl_74jc&#8220; _builder_version=&#8220;4.9.10&#8243; _module_preset=&#8220;default&#8220; vertical_offset=&#8220;0px&#8220; horizontal_offset=&#8220;0px&#8220; width=&#8220;100%&#8220; global_colors_info=&#8220;{}&#8220;][\/et_pb_video][\/et_pb_column][\/et_pb_row][\/et_pb_section]<\/p>\n","protected":false},"excerpt":{"rendered":"<p>ABsistemGreen softver za integraciju kontrole pristupa, identifikacije, merenja i ispisa dokumenata na pretovarnim stanicama Pretovarne stanice su izlo\u017eene mnogobrojnim rizicima u slu\u010daju ulaska neidentifikovanih vozila i voza\u010da i pretovara nepoznatog tereta. ABsistemGreen softver omogu\u0107uje sigurnije, i i automatski evidentirano kretanje kroz pretovarne stanice.ABsistemGreen je softver za upravljane integrisanim sistemima kontrole pristupa na pretovarnim stanicama, merenje [&hellip;]<\/p>\n","protected":false},"author":15,"featured_media":0,"parent":4816,"menu_order":0,"comment_status":"closed","ping_status":"closed","template":"","meta":{"_et_pb_use_builder":"on","_et_pb_old_content":"","_et_gb_content_width":"","footnotes":""},"class_list":["post-20698","page","type-page","status-publish","hentry"],"_links":{"self":[{"href":"https:\/\/www.alarmautomatika.com\/sr\/wp-json\/wp\/v2\/pages\/20698","targetHints":{"allow":["GET"]}}],"collection":[{"href":"https:\/\/www.alarmautomatika.com\/sr\/wp-json\/wp\/v2\/pages"}],"about":[{"href":"https:\/\/www.alarmautomatika.com\/sr\/wp-json\/wp\/v2\/types\/page"}],"author":[{"embeddable":true,"href":"https:\/\/www.alarmautomatika.com\/sr\/wp-json\/wp\/v2\/users\/15"}],"replies":[{"embeddable":true,"href":"https:\/\/www.alarmautomatika.com\/sr\/wp-json\/wp\/v2\/comments?post=20698"}],"version-history":[{"count":0,"href":"https:\/\/www.alarmautomatika.com\/sr\/wp-json\/wp\/v2\/pages\/20698\/revisions"}],"up":[{"embeddable":true,"href":"https:\/\/www.alarmautomatika.com\/sr\/wp-json\/wp\/v2\/pages\/4816"}],"wp:attachment":[{"href":"https:\/\/www.alarmautomatika.com\/sr\/wp-json\/wp\/v2\/media?parent=20698"}],"curies":[{"name":"wp","href":"https:\/\/api.w.org\/{rel}","templated":true}]}}