{"id":20704,"date":"2021-08-02T13:03:39","date_gmt":"2021-08-02T11:03:39","guid":{"rendered":"https:\/\/www.alarmautomatika.com\/softveri\/absistem-guest-manager\/"},"modified":"2022-02-03T10:17:37","modified_gmt":"2022-02-03T09:17:37","slug":"absistem-guest-manager","status":"publish","type":"page","link":"https:\/\/www.alarmautomatika.com\/sr\/softveri\/absistem-guest-manager\/","title":{"rendered":"ABsistemGuestManager"},"content":{"rendered":"<p>[et_pb_section fb_built=&#8220;1&#8243; _builder_version=&#8220;4.9.10&#8243; _module_preset=&#8220;default&#8220; vertical_offset=&#8220;-50px&#8220; global_colors_info=&#8220;{}&#8220;][et_pb_row _builder_version=&#8220;4.9.10&#8243; _module_preset=&#8220;default&#8220; global_colors_info=&#8220;{}&#8220;][et_pb_column type=&#8220;4_4&#8243; _builder_version=&#8220;4.9.10&#8243; _module_preset=&#8220;default&#8220; global_colors_info=&#8220;{}&#8220;][et_pb_text _builder_version=&#8220;4.9.10&#8243; _dynamic_attributes=&#8220;content&#8220; _module_preset=&#8220;default&#8220; header_line_height=&#8220;1.3em&#8220; global_colors_info=&#8220;{}&#8220;]@ET-DC@eyJkeW5hbWljIjp0cnVlLCJjb250ZW50IjoicG9zdF90aXRsZSIsInNldHRpbmdzIjp7ImJlZm9yZSI6IjxibG9ja3F1b3RlPjxoMT4iLCJhZnRlciI6IjxcL2gxPjxcL2Jsb2NrcXVvdGU+In19@[\/et_pb_text][et_pb_text _builder_version=&#8220;4.9.10&#8243; _module_preset=&#8220;default&#8220; global_colors_info=&#8220;{}&#8220;]<\/p>\n<p><em>Stepen sigurnosti javnih i poslovnih objekata u velikoj meri zavisi od ta\u010dne evidencije ljudi koji su u\u0161li u objekat i ograni\u010davanju njihovog kretanja samo na neke od prostora unutar objekta.<\/p>\n<p><\/em>[\/et_pb_text][et_pb_image src=&#8220;https:\/\/www.alarmautomatika.com\/wp-content\/uploads\/2021\/07\/ABSistem-GuestManager-header.jpg&#8220; alt=&#8220;ABsistemGuestManager&#8220; _builder_version=&#8220;4.9.10&#8243; _module_preset=&#8220;default&#8220; global_colors_info=&#8220;{}&#8220;][\/et_pb_image][et_pb_text _builder_version=&#8220;4.9.10&#8243; _module_preset=&#8220;default&#8220; global_colors_info=&#8220;{}&#8220;]ABsistemGuestManager je softver koji omogu\u0107uje brz ulazak ljudi u objekat, njihovu preciznu evidenciju i ograni\u010davanje njihovog kretanja samo na odre\u0111ene prostore unutar objekta.<br \/>\nNa recepciji objekta se dokumenti posetilaca skeniraju, a relevantni podaci (ime posetioca, vreme ulaza) automatski upisuju u ABsistemGuestManager softver. Recepcioneru je omogu\u0107eno da u softver upisuje dodatne bitne informacije, na primer ko \u0107e da primi posetioca ili  kojim poslom posetilac je do\u0161ao. Na osnovu tih informacija, recepcioner svakom posetiocu dodjeljuje neku od predvi\u0111enih stepena pristupa prostorima unutar objekta i ispisuje akreditaciju. ABsistemGuestManager je integrisan sa sistemom kontrole pristupa u objektu \u0161to omogu\u0107uje da posetilac u skladu sa svojom akreditacijom mo\u017ee da ide u samo u one prostore za koje mu je pristup dozvoljen, a o\u010ditavanje akreditiva na ulazu u prostor za koji nema dozvolu ne\u0107e pokrenuti barijeru niti otvoriti vrata.[\/et_pb_text][\/et_pb_column][\/et_pb_row][et_pb_row column_structure=&#8220;1_2,1_2&#8243; _builder_version=&#8220;4.9.10&#8243; _module_preset=&#8220;default&#8220; global_colors_info=&#8220;{}&#8220;][et_pb_column type=&#8220;1_2&#8243; _builder_version=&#8220;4.9.10&#8243; _module_preset=&#8220;default&#8220; global_colors_info=&#8220;{}&#8220;][et_pb_text _builder_version=&#8220;4.9.10&#8243; _module_preset=&#8220;default&#8220; width=&#8220;100%&#8220; global_colors_info=&#8220;{}&#8220;]<\/p>\n<ul>\n<li>Br\u017ei ulaz posetilaca<\/li>\n<li>Integracija sa skenerom dokumenata<\/li>\n<li>Ta\u010dna evidencija posetilaca<\/li>\n<li>Pretra\u017eiva\u010d baza podataka posetilaca<\/li>\n<li>Jednostavno definisanje razine pristupa u softveru<\/li>\n<li>Mogu\u0107nost da se upi\u0161u komentari od strane recepcionera<\/li>\n<li>Ograni\u010davanje kretanja posetilaca na dozvoljene prostore unutar objekta<\/li>\n<li>Jednostavan i brz ispis akreditiva<\/li>\n<\/ul>\n<p>[\/et_pb_text][\/et_pb_column][et_pb_column type=&#8220;1_2&#8243; _builder_version=&#8220;4.9.10&#8243; _module_preset=&#8220;default&#8220; global_colors_info=&#8220;{}&#8220;][et_pb_image src=&#8220;https:\/\/www.alarmautomatika.com\/wp-content\/uploads\/2021\/07\/ABsistemGuestManager-profile.jpg&#8220; alt=&#8220;ABsistemGuestManager&#8220; show_in_lightbox=&#8220;on&#8220; _builder_version=&#8220;4.9.10&#8243; _module_preset=&#8220;default&#8220; width=&#8220;60%&#8220; global_colors_info=&#8220;{}&#8220;][\/et_pb_image][\/et_pb_column][\/et_pb_row][\/et_pb_section]<\/p>\n","protected":false},"excerpt":{"rendered":"<p>Stepen sigurnosti javnih i poslovnih objekata u velikoj meri zavisi od ta\u010dne evidencije ljudi koji su u\u0161li u objekat i ograni\u010davanju njihovog kretanja samo na neke od prostora unutar objekta.ABsistemGuestManager je softver koji omogu\u0107uje brz ulazak ljudi u objekat, njihovu preciznu evidenciju i ograni\u010davanje njihovog kretanja samo na odre\u0111ene prostore unutar objekta. Na recepciji objekta [&hellip;]<\/p>\n","protected":false},"author":15,"featured_media":0,"parent":4816,"menu_order":0,"comment_status":"closed","ping_status":"closed","template":"","meta":{"_et_pb_use_builder":"on","_et_pb_old_content":"","_et_gb_content_width":"","footnotes":""},"class_list":["post-20704","page","type-page","status-publish","hentry"],"_links":{"self":[{"href":"https:\/\/www.alarmautomatika.com\/sr\/wp-json\/wp\/v2\/pages\/20704","targetHints":{"allow":["GET"]}}],"collection":[{"href":"https:\/\/www.alarmautomatika.com\/sr\/wp-json\/wp\/v2\/pages"}],"about":[{"href":"https:\/\/www.alarmautomatika.com\/sr\/wp-json\/wp\/v2\/types\/page"}],"author":[{"embeddable":true,"href":"https:\/\/www.alarmautomatika.com\/sr\/wp-json\/wp\/v2\/users\/15"}],"replies":[{"embeddable":true,"href":"https:\/\/www.alarmautomatika.com\/sr\/wp-json\/wp\/v2\/comments?post=20704"}],"version-history":[{"count":0,"href":"https:\/\/www.alarmautomatika.com\/sr\/wp-json\/wp\/v2\/pages\/20704\/revisions"}],"up":[{"embeddable":true,"href":"https:\/\/www.alarmautomatika.com\/sr\/wp-json\/wp\/v2\/pages\/4816"}],"wp:attachment":[{"href":"https:\/\/www.alarmautomatika.com\/sr\/wp-json\/wp\/v2\/media?parent=20704"}],"curies":[{"name":"wp","href":"https:\/\/api.w.org\/{rel}","templated":true}]}}