{"id":20710,"date":"2021-08-02T13:02:04","date_gmt":"2021-08-02T11:02:04","guid":{"rendered":"https:\/\/www.alarmautomatika.com\/softveri\/absistem-interlock\/"},"modified":"2022-02-03T10:17:38","modified_gmt":"2022-02-03T09:17:38","slug":"absistem-interlock","status":"publish","type":"page","link":"https:\/\/www.alarmautomatika.com\/sr\/softveri\/absistem-interlock\/","title":{"rendered":"ABsistemInterlock"},"content":{"rendered":"<p>[et_pb_section fb_built=&#8220;1&#8243; _builder_version=&#8220;4.9.10&#8243; _module_preset=&#8220;default&#8220; vertical_offset=&#8220;-70px&#8220; global_colors_info=&#8220;{}&#8220;][et_pb_row _builder_version=&#8220;4.9.10&#8243; _module_preset=&#8220;default&#8220; global_colors_info=&#8220;{}&#8220;][et_pb_column type=&#8220;4_4&#8243; _builder_version=&#8220;4.9.10&#8243; _module_preset=&#8220;default&#8220; global_colors_info=&#8220;{}&#8220;][et_pb_text _builder_version=&#8220;4.9.10&#8243; _module_preset=&#8220;default&#8220; header_line_height=&#8220;1.3em&#8220; global_colors_info=&#8220;{}&#8220;]<\/p>\n<blockquote>\n<h1>Daljinsko upravljanje i nadzor interlock kabinama ABsistemInterlock<\/h1>\n<\/blockquote>\n<p>[\/et_pb_text][et_pb_text _builder_version=&#8220;4.9.10&#8243; _module_preset=&#8220;default&#8220; global_colors_info=&#8220;{}&#8220;]<\/p>\n<p><em>Zbog visoke efikasnosti u prevenciji zlonamernih napada, interlock kabine se sve \u010de\u0161\u0107e koriste za kontrolu ulaza u javne i poslovne objekte, pogotovo one u kojima je pove\u0107ana opasnost od razbojni\u0161tva ili teroristi\u010dkog napada. Balisti\u010dki otporne kabine se koriste na ulazima u objekte visokog rizika.<\/em><\/p>\n<p>[\/et_pb_text][et_pb_image src=&#8220;https:\/\/www.alarmautomatika.com\/wp-content\/uploads\/2021\/08\/ABSistem-Interlock-header.jpg&#8220; alt=&#8220;ABsistemInterlock Header&#8220; _builder_version=&#8220;4.9.10&#8243; _module_preset=&#8220;default&#8220; global_colors_info=&#8220;{}&#8220;][\/et_pb_image][et_pb_text _builder_version=&#8220;4.9.10&#8243; _module_preset=&#8220;default&#8220; global_colors_info=&#8220;{}&#8220;]ABsistemInterlock je softver koji omogu\u0107uje nadzor, kao i lokalno i daljinsko upravljanje nad Interlock kabinama. Lokalno se kabinama upravlja putem kontrolera za otvaranje i zatvaranje vrata. Kabinom mo\u017ee da se upravlja automatski ili ru\u010dno od strane zaposlenih, tako da oni mogu samoinicijativno da blokiraju sumnjivu osobu u kabini, kao i da provere kakve su joj namere. [\/et_pb_text][et_pb_text _builder_version=&#8220;4.9.10&#8243; _module_preset=&#8220;default&#8220; global_colors_info=&#8220;{}&#8220;]<\/p>\n<p>ABsistemInterlock softver tako\u0111e, omogu\u0107uje daljinski nadzor i upravljanje kabinama na udaljenim lokacijama u realnom vremenu. Operater u monitoring centru vidi informacije o statusu svake pojedine kabine u sistemu (otvorena, zatvorena, u alarmu, blokirana). Tako mo\u017ee brzo da reaguje na eventualne nepravilnosti u radu i da osigura da kontrole pristupa pomo\u0107u interlock kabina uvek budu potpuno funkcionalne.<\/p>\n<p>[\/et_pb_text][\/et_pb_column][\/et_pb_row][et_pb_row column_structure=&#8220;1_2,1_2&#8243; _builder_version=&#8220;4.9.10&#8243; _module_preset=&#8220;default&#8220; global_colors_info=&#8220;{}&#8220;][et_pb_column type=&#8220;1_2&#8243; _builder_version=&#8220;4.9.10&#8243; _module_preset=&#8220;default&#8220; global_colors_info=&#8220;{}&#8220;][et_pb_text _builder_version=&#8220;4.9.10&#8243; _module_preset=&#8220;default&#8220; global_colors_info=&#8220;{}&#8220;]<\/p>\n<ul>\n<li>Lokalno upravljanje kabinama<\/li>\n<li>Automatski i ru\u010dni mod rada<\/li>\n<li>Brza reakcija osoblja na uo\u010denu opasnost<\/li>\n<li>Daljinski nadzor \u2013 u nadzornom centru se prati status<br \/>kabina, alarmi, poku\u0161aji provale, zaklju\u010danost van radnog vremena<\/li>\n<li>Upravljanje dislociranim kabinama iz nadzornog centra<\/li>\n<li>Daljinsko otkrivanje nepravilnosti u radu<\/li>\n<\/ul>\n<p>[\/et_pb_text][\/et_pb_column][et_pb_column type=&#8220;1_2&#8243; _builder_version=&#8220;4.9.10&#8243; _module_preset=&#8220;default&#8220; global_colors_info=&#8220;{}&#8220;][et_pb_image src=&#8220;https:\/\/www.alarmautomatika.com\/wp-content\/uploads\/2021\/08\/Interlock-monitor-1.png&#8220; alt=&#8220;ABsistemInterlocking map&#8220; _builder_version=&#8220;4.10.2&#8243; _module_preset=&#8220;default&#8220; global_colors_info=&#8220;{}&#8220;][\/et_pb_image][\/et_pb_column][\/et_pb_row][\/et_pb_section]<\/p>\n","protected":false},"excerpt":{"rendered":"<p>Daljinsko upravljanje i nadzor interlock kabinama ABsistemInterlock Zbog visoke efikasnosti u prevenciji zlonamernih napada, interlock kabine se sve \u010de\u0161\u0107e koriste za kontrolu ulaza u javne i poslovne objekte, pogotovo one u kojima je pove\u0107ana opasnost od razbojni\u0161tva ili teroristi\u010dkog napada. Balisti\u010dki otporne kabine se koriste na ulazima u objekte visokog rizika.ABsistemInterlock je softver koji omogu\u0107uje [&hellip;]<\/p>\n","protected":false},"author":15,"featured_media":0,"parent":4816,"menu_order":0,"comment_status":"closed","ping_status":"closed","template":"","meta":{"_et_pb_use_builder":"on","_et_pb_old_content":"","_et_gb_content_width":"","footnotes":""},"class_list":["post-20710","page","type-page","status-publish","hentry"],"_links":{"self":[{"href":"https:\/\/www.alarmautomatika.com\/sr\/wp-json\/wp\/v2\/pages\/20710","targetHints":{"allow":["GET"]}}],"collection":[{"href":"https:\/\/www.alarmautomatika.com\/sr\/wp-json\/wp\/v2\/pages"}],"about":[{"href":"https:\/\/www.alarmautomatika.com\/sr\/wp-json\/wp\/v2\/types\/page"}],"author":[{"embeddable":true,"href":"https:\/\/www.alarmautomatika.com\/sr\/wp-json\/wp\/v2\/users\/15"}],"replies":[{"embeddable":true,"href":"https:\/\/www.alarmautomatika.com\/sr\/wp-json\/wp\/v2\/comments?post=20710"}],"version-history":[{"count":0,"href":"https:\/\/www.alarmautomatika.com\/sr\/wp-json\/wp\/v2\/pages\/20710\/revisions"}],"up":[{"embeddable":true,"href":"https:\/\/www.alarmautomatika.com\/sr\/wp-json\/wp\/v2\/pages\/4816"}],"wp:attachment":[{"href":"https:\/\/www.alarmautomatika.com\/sr\/wp-json\/wp\/v2\/media?parent=20710"}],"curies":[{"name":"wp","href":"https:\/\/api.w.org\/{rel}","templated":true}]}}