{"id":30436,"date":"2022-01-21T10:30:02","date_gmt":"2022-01-21T09:30:02","guid":{"rendered":"https:\/\/www.alarmautomatika.com\/antiteroristicke-barijere-za-vozila\/"},"modified":"2022-03-03T12:59:06","modified_gmt":"2022-03-03T11:59:06","slug":"antiteroristicke-barijere-za-vozila","status":"publish","type":"page","link":"https:\/\/www.alarmautomatika.com\/sr\/antiteroristicke-barijere-za-vozila\/","title":{"rendered":"Antiteroristi\u010dke barijere za vozila"},"content":{"rendered":"<p>[et_pb_section fb_built=&#8220;1&#8243; _builder_version=&#8220;4.14.6&#8243; _module_preset=&#8220;default&#8220; vertical_offset=&#8220;-75px&#8220; global_colors_info=&#8220;{}&#8220;][et_pb_row _builder_version=&#8220;4.14.6&#8243; _module_preset=&#8220;default&#8220; global_colors_info=&#8220;{}&#8220;][et_pb_column type=&#8220;4_4&#8243; _builder_version=&#8220;4.14.6&#8243; _module_preset=&#8220;default&#8220; global_colors_info=&#8220;{}&#8220;][et_pb_text _builder_version=&#8220;4.14.7&#8243; _module_preset=&#8220;default&#8220; header_font_size=&#8220;66px&#8220; header_line_height=&#8220;1.5em&#8220; header_3_font_size=&#8220;44px&#8220; header_3_line_height=&#8220;1.5em&#8220; global_colors_info=&#8220;{}&#8220;]<\/p>\n<blockquote>\n<h3>Antiteroristi\u010dke barijere za vozila<\/h3>\n<\/blockquote>\n<p>[\/et_pb_text][et_pb_text _builder_version=&#8220;4.14.7&#8243; _module_preset=&#8220;default&#8220; global_colors_info=&#8220;{}&#8220;]<em>Zbog pove\u0107ane opasnosti od teroristi\u010dkih napada, zadnjih godina raste potra\u017enja za pouzdanim na\u010dinima za\u0161tite od napada vozilima visoko rizi\u010dnih objekata, na primer elektrana, rafinerija, ambasada i drugih objekata <strong><a href=\"https:\/\/www.alarmautomatika.com\/sr\/klijenti\/industrija-i-kriticna-infrastruktura\/\">kriti\u010dne infrastrukture<\/a><\/strong>, i <strong><a href=\"https:\/\/www.alarmautomatika.com\/sr\/klijenti\/javne-povrsine-i-prostori\/\">javnih prostora<\/a><\/strong>. Napadi na takve objekte mogu da imaju ozbiljne posledice na \u017eivote, zdravlje i sigurnost ljudi, imovine i okoline, i da ugroze stabilnost funkcionisanja zemlje u kojoj se dogodio. <\/em><\/p>\n<p><em>Kvalitet opreme koja se koristi za zaustavljanje vozila se dokazuje sertifikatima. Otpornost opreme (sposobnost da zaustavi nalet vozilom) se proverava tzv. crash testovima prilikom kojih se proveravaju karakteristike opreme u realnim uslovima, u ovom slu\u010daju naletom vozila zadane mase i brzine na barijere i stubi\u0107e. <\/em>[\/et_pb_text][\/et_pb_column][\/et_pb_row][et_pb_row _builder_version=&#8220;4.14.6&#8243; _module_preset=&#8220;default&#8220; vertical_offset=&#8220;-50px&#8220; global_colors_info=&#8220;{}&#8220;][et_pb_column type=&#8220;4_4&#8243; _builder_version=&#8220;4.14.6&#8243; _module_preset=&#8220;default&#8220; global_colors_info=&#8220;{}&#8220;][et_pb_text _builder_version=&#8220;4.14.7&#8243; _module_preset=&#8220;default&#8220; global_colors_info=&#8220;{}&#8220;]<\/p>\n<blockquote>\n<h3 id=\"podizne-barijere\">Klinaste ( wedge)  barijere koje se podi\u017eu<\/h3>\n<\/blockquote>\n<p>[\/et_pb_text][et_pb_image src=&#8220;https:\/\/www.alarmautomatika.com\/wp-content\/uploads\/2022\/01\/PPG-podizne-wedge-barijere.jpg&#8220; align=&#8220;center&#8220; _builder_version=&#8220;4.14.6&#8243; _module_preset=&#8220;default&#8220; global_colors_info=&#8220;{}&#8220;][\/et_pb_image][et_pb_text _builder_version=&#8220;4.14.7&#8243; _module_preset=&#8220;default&#8220; hover_enabled=&#8220;0&#8243; global_colors_info=&#8220;{}&#8220; sticky_enabled=&#8220;0&#8243;]Klinaste (wedge) barijere se koriste za za\u0161titu od upada vozilom u <strong><a href=\"https:\/\/www.alarmautomatika.com\/sr\/klijenti\/industrija-i-kriticna-infrastruktura\/\">objekte visokog rizika<\/a><\/strong> (energetska postrojenja, postrojenja za pre\u010di\u0161\u0107avanje vode, rafinerije nafte i petrohemijska postrojenja, vojni objekti, ambasade, data centri, luke, aerodromi, ostali objekti kriti\u010dne infrastrukture) kojima je potrebna maksimalno pouzdana za\u0161titu. Klinaste (wedge) barijere Perimeter Protection Grupe su proverene crash testovima i sertifikovane u skladu sa vi\u0161e me\u0111unarodnih normi \u2013 britanskom PAS 68 (masa vozila 7,5 tona pri brzini od 80 km\/h), ameri\u010dkom ASTM F 2656 (masa vozila 6,8 tona pri brzini od 80 km\/h) i me\u0111unarodnom IWA 14-1 (masa vozila 7,2 tone pri brzini od 80 km\/h).[\/et_pb_text][et_pb_text _builder_version=&#8220;4.14.6&#8243; _module_preset=&#8220;default&#8220; global_colors_info=&#8220;{}&#8220;]Dubina potrebna za ugradnju je kriti\u010dan moment tokom ugradnje ove barijere. Manja dubina zna\u010di i manje tro\u0161kove jer ne\u0107e biti potrebno da se  izmeste postoje\u0107e instalacije, na primer vode, struje ili kanalizacije. Bitna je i brzina podizanja \/ spu\u0161tanja barijere kako se saobra\u0107aj ne bi usporavao vi\u0161e nego \u0161to je potrebno. [\/et_pb_text][\/et_pb_column][\/et_pb_row][et_pb_row column_structure=&#8220;1_2,1_2&#8243; _builder_version=&#8220;4.14.6&#8243; _module_preset=&#8220;default&#8220; global_colors_info=&#8220;{}&#8220;][et_pb_column type=&#8220;1_2&#8243; _builder_version=&#8220;4.14.6&#8243; _module_preset=&#8220;default&#8220; global_colors_info=&#8220;{}&#8220;][et_pb_video src=&#8220;https:\/\/www.youtube.com\/watch?v=BJ0U4EBD79I&#8220; _builder_version=&#8220;4.14.6&#8243; _module_preset=&#8220;default&#8220; global_colors_info=&#8220;{}&#8220;][\/et_pb_video][\/et_pb_column][et_pb_column type=&#8220;1_2&#8243; _builder_version=&#8220;4.14.6&#8243; _module_preset=&#8220;default&#8220; global_colors_info=&#8220;{}&#8220;][et_pb_text _builder_version=&#8220;4.14.6&#8243; _module_preset=&#8220;default&#8220; global_colors_info=&#8220;{}&#8220;]<\/p>\n<ul>\n<li>Maksimalna za\u0161tita ulaza vozilom u kriti\u010dna podru\u010dja kao \u0161to su energetska postrojenja, objekti kriti\u010dne infrastrukture, vojne zone, aerodrom, data centri i sli\u010dno<\/li>\n<li>\u0160tite od napada vozilom bilo koje veli\u010dine i te\u017eine \u2013 K12 stepen otpornosti<\/li>\n<li>Jednostavnija ugradnja jer se barijera proizvodi u vi\u0161e standardnih dimenzija \u0161to poma\u017ee kod izbora optimalnog re\u0161enja<\/li>\n<li>Inovativni dizajn barijere \u2013 iskop za ugradnju samo 30 cm dubine<\/li>\n<li>Brzina podizanja i spu\u0161tanja barijere \u2013 3 do 4 sekunde<\/li>\n<\/ul>\n<p>[\/et_pb_text][\/et_pb_column][\/et_pb_row][et_pb_row _builder_version=&#8220;4.14.6&#8243; _module_preset=&#8220;default&#8220; global_colors_info=&#8220;{}&#8220;][et_pb_column type=&#8220;4_4&#8243; _builder_version=&#8220;4.14.6&#8243; _module_preset=&#8220;default&#8220; global_colors_info=&#8220;{}&#8220;][et_pb_text _builder_version=&#8220;4.14.7&#8243; _module_preset=&#8220;default&#8220; global_colors_info=&#8220;{}&#8220;]<\/p>\n<blockquote>\n<h3 id=\"fiksni-stupici\">Fiksni i potapaju\u0107i stubi\u0107i<\/h3>\n<\/blockquote>\n<p>[\/et_pb_text][et_pb_image src=&#8220;https:\/\/www.alarmautomatika.com\/wp-content\/uploads\/2022\/01\/PPG-Fiksni-i-podizni-stupici.jpg&#8220; align=&#8220;center&#8220; _builder_version=&#8220;4.14.6&#8243; _module_preset=&#8220;default&#8220; global_colors_info=&#8220;{}&#8220;][\/et_pb_image][et_pb_text _builder_version=&#8220;4.14.7&#8243; _module_preset=&#8220;default&#8220; hover_enabled=&#8220;0&#8243; global_colors_info=&#8220;{}&#8220; sticky_enabled=&#8220;0&#8243;]Fiksni i potapaju\u0107i stuibi\u0107i se koriste za za\u0161titu <strong><a href=\"https:\/\/www.alarmautomatika.com\/sr\/klijenti\/javne-povrsine-i-prostori\/\">gradskih sredi\u0161ta<\/a><\/strong> i drugih prostora, na primer prilaza <strong><a href=\"https:\/\/www.alarmautomatika.com\/sr\/klijenti\/javni-i-poslovni-objekti\/#rjesenja-za-stadione\">stadionima<\/a><\/strong> ili <strong><a href=\"https:\/\/www.alarmautomatika.com\/sr\/klijenti\/trgovacki-centri\/\">tr\u017enim centrima<\/a><\/strong>, i na kojima je mogu\u0107 teroristi\u010dki napad. Glavna svrha im je za\u0161tita od napada vozilom podru\u010dja kojima se kre\u0107e puno ljudi, a da se pri tome ne remeti njihovo slobodno kretanje. Koriste se i za trajnu ili privremenu regulaciju prometa, odnosno na na\u010din da je u neka podru\u010dja dozvoljen pristup samo vozilima s dozvolom.[\/et_pb_text][et_pb_text _builder_version=&#8220;4.14.6&#8243; _module_preset=&#8220;default&#8220; global_colors_info=&#8220;{}&#8220;]<\/p>\n<ul>\n<li>Brza i jednostavna ugradnja<\/li>\n<li>Mala dubina potrebna za ugradnju postolja fiksnih stubi\u0107a \u2013 20 cm<\/li>\n<li>Potapaju\u0107i stubi\u0107i &#8211; brzina podizanja 5 \u2013 6 sekundi, brzina spu\u0161tanja 3 \u2013 4 sekunde<\/li>\n<li>Najvi\u0161a klasa otpornosti M50 na udar vozila mase 7,5 tona pri brzini 80 km\/h, sertifikovani prema  PAS 68:2013 V\/7500[N3]\/80\/90:5.2\/7.8, IWA 14-1:2013 V\/7200[N3C]\/80\/90:5.5 i ASTM F 2656-07 M50\/P2<\/li>\n<li>Stubi\u0107i mogu brzo da se uklone<\/li>\n<li>Nema potrebe za odr\u017eavanjem stubi\u0107a, osim povremenog bojenja ili dodavanja dekorativnih navlaka od mekog ili ner\u0111aju\u0107eg \u010delika<\/li>\n<li>Trajni materijali<\/li>\n<li>Savremen dizajn i vi\u0161estruka namena u skladu sa potrebama gra\u0111ana<\/li>\n<\/ul>\n<p>[\/et_pb_text][et_pb_text _builder_version=&#8220;4.14.6&#8243; _module_preset=&#8220;default&#8220; global_colors_info=&#8220;{}&#8220;]Stubi\u0107i su savremenog dizajna i izgledom se uklapaju u <a href=\"https:\/\/www.alarmautomatika.com\/sr\/klijenti\/javne-povrsine-i-prostori\/\"><strong>urbana naselja<\/strong>.<\/a> Mogu biti u funkciji kao pojedina\u010dni stubi\u0107 ili niz stubi\u0107a koji prati liniju perimetra \u0161ti\u0107enog prostora bez izazivanja utiska opasnosti. Dostupne su izrade koje mogu da se koriste i za zadovoljavanje potreba gra\u0111ana, na primer za privezivanje bicikala, kao \u017eardinjere za cve\u0107e, ili sa ugra\u0111enim rezervoarom sa sredstvom za dezinfekciju ruku.[\/et_pb_text][\/et_pb_column][\/et_pb_row][et_pb_row _builder_version=&#8220;4.14.6&#8243; _module_preset=&#8220;default&#8220; global_colors_info=&#8220;{}&#8220;][et_pb_column type=&#8220;4_4&#8243; _builder_version=&#8220;4.14.6&#8243; _module_preset=&#8220;default&#8220; global_colors_info=&#8220;{}&#8220;][et_pb_image src=&#8220;https:\/\/www.alarmautomatika.com\/wp-content\/uploads\/2022\/01\/PPG-stupici-varijacije.jpg&#8220; align=&#8220;center&#8220; _builder_version=&#8220;4.14.6&#8243; _module_preset=&#8220;default&#8220; global_colors_info=&#8220;{}&#8220;][\/et_pb_image][et_pb_video src=&#8220;https:\/\/www.youtube.com\/watch?v=AKkVhKm7iEM&#8220; _builder_version=&#8220;4.14.6&#8243; _module_preset=&#8220;default&#8220; global_colors_info=&#8220;{}&#8220;][\/et_pb_video][\/et_pb_column][\/et_pb_row][et_pb_row _builder_version=&#8220;4.14.6&#8243; _module_preset=&#8220;default&#8220; global_colors_info=&#8220;{}&#8220;][et_pb_column type=&#8220;4_4&#8243; _builder_version=&#8220;4.14.6&#8243; _module_preset=&#8220;default&#8220; global_colors_info=&#8220;{}&#8220;][et_pb_text _builder_version=&#8220;4.14.7&#8243; _module_preset=&#8220;default&#8220; global_colors_info=&#8220;{}&#8220;]<\/p>\n<blockquote>\n<h3 id=\"cityprotector\">CityProtector <\/h3>\n<\/blockquote>\n<p>[\/et_pb_text][et_pb_image src=&#8220;https:\/\/www.alarmautomatika.com\/wp-content\/uploads\/2022\/01\/PPG-CityProtector.jpg&#8220; align=&#8220;center&#8220; _builder_version=&#8220;4.14.6&#8243; _module_preset=&#8220;default&#8220; global_colors_info=&#8220;{}&#8220;][\/et_pb_image][et_pb_text _builder_version=&#8220;4.14.7&#8243; _module_preset=&#8220;default&#8220; global_colors_info=&#8220;{}&#8220;]<\/p>\n<p>Perimeter Protection Grupa je razvila inovativno re\u0161enje za\u0161tite urbanih sredi\u0161ta od teroristi\u010dkih napada vozilom \u2013 CityProtector. Izuzetna otpornost na udar vozila je dokazana crash testovima (prema PAS 68 i \/ ili IWA 14-1 normama), pa mo\u017ee da se ka\u017ee  sa sigurno\u0161\u0107u  da \u0107e CityProtector za\u0161titi ljudske \u017eivote pri poku\u0161aju napada.<br \/>\nZa izradu temelja za ugradnju CityProtector za\u0161tite potreban je iskop od svega 22 cm. To je posebno va\u017eno u gradovima gde se ispod ulice ili trotoara nalazi gusta mre\u017ea raznih instalacija (struje, vode, gasa, kanalizacije, telefona) koje ne smeju da se o\u0161tete. Ugradnja je izuzetno jednostavna i mo\u017ee da je izvede samo jedna osoba, bez upotrebe gra\u0111evinske mehanizacije, na primer dizalica ili vilju\u0161kara.<br \/>\nCityProtector mo\u017ee jednostavno da se prilagodi potrebama stanovnika gradova i i da im slu\u017ee na primer,   kao klupice za odmor, mesta za privezivanje bicikala, kante za otpatke ili \u017earidnjere za cve\u0107e.\n<\/p>\n<p>[\/et_pb_text][\/et_pb_column][\/et_pb_row][et_pb_row column_structure=&#8220;1_2,1_2&#8243; _builder_version=&#8220;4.14.6&#8243; _module_preset=&#8220;default&#8220; global_colors_info=&#8220;{}&#8220;][et_pb_column type=&#8220;1_2&#8243; _builder_version=&#8220;4.14.6&#8243; _module_preset=&#8220;default&#8220; global_colors_info=&#8220;{}&#8220;][et_pb_text _builder_version=&#8220;4.14.7&#8243; _module_preset=&#8220;default&#8220; global_colors_info=&#8220;{}&#8220;]<\/p>\n<p>&nbsp;<\/p>\n<p>&nbsp;<\/p>\n<ul>\n<li>Inovativan dizajn<\/li>\n<li>Proverena otpornost na poku\u0161aj prodora vozilima<\/li>\n<li>Plitki temelji<\/li>\n<li>Jednostavna ugradnja<\/li>\n<li>Jednostavna prilagodba potrebama gra\u0111ana<\/li>\n<\/ul>\n<p>[\/et_pb_text][\/et_pb_column][et_pb_column type=&#8220;1_2&#8243; _builder_version=&#8220;4.14.6&#8243; _module_preset=&#8220;default&#8220; global_colors_info=&#8220;{}&#8220;][et_pb_video src=&#8220;https:\/\/www.youtube.com\/watch?v=JSwSSaBSjP4&#8243; _builder_version=&#8220;4.14.6&#8243; _module_preset=&#8220;default&#8220; global_colors_info=&#8220;{}&#8220;][\/et_pb_video][\/et_pb_column][\/et_pb_row][et_pb_row _builder_version=&#8220;4.14.7&#8243; _module_preset=&#8220;default&#8220; global_colors_info=&#8220;{}&#8220;][et_pb_column type=&#8220;4_4&#8243; _builder_version=&#8220;4.14.7&#8243; _module_preset=&#8220;default&#8220; global_colors_info=&#8220;{}&#8220;][et_pb_text _builder_version=&#8220;4.14.7&#8243; _module_preset=&#8220;default&#8220; global_colors_info=&#8220;{}&#8220;]<\/p>\n<blockquote>\n<h3>Upravljanje putem ABsistemDCi softvera za integraciju<\/h3>\n<\/blockquote>\n<p>[\/et_pb_text][et_pb_text _builder_version=&#8220;4.14.7&#8243; _module_preset=&#8220;default&#8220; global_colors_info=&#8220;{}&#8220;]<img loading=\"lazy\" decoding=\"async\" class=\"wp-image-28197 alignleft\" src=\"https:\/\/www.alarmautomatika.com\/wp-content\/uploads\/2022\/01\/absistem-dci-300x180.jpg\" alt=\"\" width=\"286\" height=\"172\" \/>Upravljivim antiteroristi\u010dkim barijerama za vozila (klinastim (wedge) barijerama i potapaju\u0107im stubi\u0107ima) mo\u017ee da se upravlja pomo\u0107u <strong><a href=\"https:\/\/www.alarmautomatika.com\/sr\/softveri\/nadzor-i-upravljanje-zastitnim-sistemima\/\">ABsistemDCi softvera za integraciju<\/a><\/strong>, razvijenog u Alarm automatici koji omogu\u0107uje da se sa svim safety, security i BMS sistemima na objektu upravlja pomo\u0107u jedinstvenog interfejsa.[\/et_pb_text][\/et_pb_column][\/et_pb_row][et_pb_row _builder_version=&#8220;4.14.6&#8243; _module_preset=&#8220;default&#8220; global_colors_info=&#8220;{}&#8220;][et_pb_column type=&#8220;4_4&#8243; _builder_version=&#8220;4.14.6&#8243; _module_preset=&#8220;default&#8220; global_colors_info=&#8220;{}&#8220;][et_pb_text _builder_version=&#8220;4.14.7&#8243; _module_preset=&#8220;default&#8220; global_colors_info=&#8220;{}&#8220;]<\/p>\n<blockquote>\n<h3>Perimeter Protection Germany GmbH, Germany<\/h3>\n<\/blockquote>\n<p>[\/et_pb_text][et_pb_text _builder_version=&#8220;4.14.7&#8243; _module_preset=&#8220;default&#8220; global_colors_info=&#8220;{}&#8220;]<\/p>\n<p><a href=\"https:\/\/www.perimeterprotection.net\/\" target=\"_blank\" rel=\"noopener\"><img loading=\"lazy\" decoding=\"async\" class=\"wp-image-28130 size-full alignleft\" src=\"https:\/\/www.alarmautomatika.com\/wp-content\/uploads\/2022\/01\/PPG-logo.png\" alt=\"\" width=\"106\" height=\"71\" \/><strong>Perimeter Protection Group<\/strong><\/a> je u svetu vode\u0107i proizvo\u0111a\u010d proizvoda i re\u0161enja za za\u0161titu perimetra i kontrolu pristupa vozila i ljudi. Raspon njihovih re\u0161enja obuhvata i po <a href=\"https:\/\/www.perimeterprotection.net\/wp-content\/uploads\/2020\/11\/PPG-Crash-test-certification-1.pdf\" target=\"_blank\" rel=\"noopener\"><strong>me\u0111unarodnim crash normama<\/strong><\/a> sertifikovane klinaste (wedge) barijere, vrata, stubi\u0107e i uli\u010dne blokatore namenjene za antiteroristi\u010dku za\u0161titu objekata visokog rizika. Firma je osnovana 1951. u Nema\u010dkoj, ima svoje firme u pet zemalja, a na svetskom nivou posluje kroz mre\u017eu partnerskih firmi koje klijentima koji se bave razli\u010ditim delatnostima privrednog dru\u0161tva mogu da obezbede re\u0161enje za\u0161tite u skladu sa njihovim potrebama. Alarm automatika je partner Perimeter Protection Grupe za regiju \u0161to zna\u010di da su radnici edukovani i sertifikovani za ugradnju re\u0161enja ovog eminentnog proizvo\u0111a\u010da.<\/p>\n<p>[\/et_pb_text][\/et_pb_column][\/et_pb_row][\/et_pb_section]<\/p>\n","protected":false},"excerpt":{"rendered":"<p>Antiteroristi\u010dke barijere za vozila Zbog pove\u0107ane opasnosti od teroristi\u010dkih napada, zadnjih godina raste potra\u017enja za pouzdanim na\u010dinima za\u0161tite od napada vozilima visoko rizi\u010dnih objekata, na primer elektrana, rafinerija, ambasada i drugih objekata kriti\u010dne infrastrukture, i javnih prostora. Napadi na takve objekte mogu da imaju ozbiljne posledice na \u017eivote, zdravlje i sigurnost ljudi, imovine i okoline, [&hellip;]<\/p>\n","protected":false},"author":15,"featured_media":0,"parent":0,"menu_order":0,"comment_status":"closed","ping_status":"closed","template":"","meta":{"_et_pb_use_builder":"on","_et_pb_old_content":"","_et_gb_content_width":"","footnotes":""},"class_list":["post-30436","page","type-page","status-publish","hentry"],"_links":{"self":[{"href":"https:\/\/www.alarmautomatika.com\/sr\/wp-json\/wp\/v2\/pages\/30436","targetHints":{"allow":["GET"]}}],"collection":[{"href":"https:\/\/www.alarmautomatika.com\/sr\/wp-json\/wp\/v2\/pages"}],"about":[{"href":"https:\/\/www.alarmautomatika.com\/sr\/wp-json\/wp\/v2\/types\/page"}],"author":[{"embeddable":true,"href":"https:\/\/www.alarmautomatika.com\/sr\/wp-json\/wp\/v2\/users\/15"}],"replies":[{"embeddable":true,"href":"https:\/\/www.alarmautomatika.com\/sr\/wp-json\/wp\/v2\/comments?post=30436"}],"version-history":[{"count":0,"href":"https:\/\/www.alarmautomatika.com\/sr\/wp-json\/wp\/v2\/pages\/30436\/revisions"}],"wp:attachment":[{"href":"https:\/\/www.alarmautomatika.com\/sr\/wp-json\/wp\/v2\/media?parent=30436"}],"curies":[{"name":"wp","href":"https:\/\/api.w.org\/{rel}","templated":true}]}}