{"id":36163,"date":"2022-09-09T09:46:13","date_gmt":"2022-09-09T07:46:13","guid":{"rendered":"https:\/\/www.alarmautomatika.com\/aplikacija-za-prikupljanje-pohranu-analizu-i-vizualizaciju-podataka-o-potrosnji-energenata-absistemenergy\/"},"modified":"2022-12-14T15:45:07","modified_gmt":"2022-12-14T14:45:07","slug":"aplikacija-za-prikupljanje-pohranu-analizu-i-vizualizaciju-podataka-o-potrosnji-energenata-absistemenergy","status":"publish","type":"page","link":"https:\/\/www.alarmautomatika.com\/sr\/aplikacija-za-prikupljanje-pohranu-analizu-i-vizualizaciju-podataka-o-potrosnji-energenata-absistemenergy\/","title":{"rendered":"Aplikacija za prikupljanje, pohranu, analizu i vizualizaciju podataka o potro\u0161nji energenata ABsistemEnergy"},"content":{"rendered":"<p>[et_pb_section fb_built=&#8220;1&#8243; _builder_version=&#8220;4.18.0&#8243; _module_preset=&#8220;default&#8220; vertical_offset=&#8220;-70px&#8220; global_colors_info=&#8220;{}&#8220;][et_pb_row _builder_version=&#8220;4.18.0&#8243; _module_preset=&#8220;default&#8220; global_colors_info=&#8220;{}&#8220;][et_pb_column type=&#8220;4_4&#8243; _builder_version=&#8220;4.18.0&#8243; _module_preset=&#8220;default&#8220; global_colors_info=&#8220;{}&#8220;][et_pb_text _builder_version=&#8220;4.18.0&#8243; _module_preset=&#8220;default&#8220; header_line_height=&#8220;1.4em&#8220; global_colors_info=&#8220;{}&#8220;]<\/p>\n<blockquote>\n<h1>Aplikacija za prikupljanje, pohranu, analizu i vizualizaciju podataka o potro\u0161nji energenata ABsistemEnergy<\/h1>\n<\/blockquote>\n<p>[\/et_pb_text][et_pb_text _builder_version=&#8220;4.18.0&#8243; _module_preset=&#8220;default&#8220; global_colors_info=&#8220;{}&#8220;]<\/p>\n<p><em>Globalne razmere zaga\u0111enja okoline, smanjeni energetski resursi i klimatske promene su energetsku efikasnost doveli u fokus interesa dru\u0161tva, nau\u010dnika, preduzetnika i pojedinaca. Svi segmenti dru\u0161tva su u potrazi za re\u0161enjima koja \u0107e pove\u0107ati energetsku efikasnost i smanjiti emisiju gasova odr\u017eivim re\u0161enjima, a uspe\u0161nost u naporima da potro\u0161nja bude odr\u017eiva u velikoj meri zavisi od ta\u010dnosti i aktuelnosti podataka o potro\u0161nji energenata i vode.  <\/em><\/p>\n<p>[\/et_pb_text][et_pb_image src=&#8220;https:\/\/www.alarmautomatika.com\/wp-content\/uploads\/2022\/09\/banner-absistemenergy-1400&#215;444-v2.jpg&#8220; align=&#8220;center&#8220; _builder_version=&#8220;4.18.0&#8243; _module_preset=&#8220;default&#8220; hover_enabled=&#8220;0&#8243; global_colors_info=&#8220;{}&#8220; sticky_enabled=&#8220;0&#8243;][\/et_pb_image][et_pb_text _builder_version=&#8220;4.18.0&#8243; _module_preset=&#8220;default&#8220; global_colors_info=&#8220;{}&#8220;]<\/p>\n<p>ABsistemEnergy je aplikacija za centralizovano prikupljanje, \u010duvanje, analizu i vizualizaciju podataka o potro\u0161nji energenata i vode u objektima na jednoj ili vi\u0161e geografski udaljenih lokacija. Svrha mu je da omogu\u0107i jednostavnu i brzu analizu podataka o potro\u0161nji, kako bi korisnici na temelju njih primenili mere koje \u0107e dovesti do ve\u0107e energetske efikasnosti objekata kojima upravljaju.<\/p>\n<p>[\/et_pb_text][et_pb_image src=&#8220;https:\/\/www.alarmautomatika.com\/wp-content\/uploads\/2022\/12\/ilustracija_1-absistemenergy-1400&#215;444-HR.jpg&#8220; align=&#8220;center&#8220; _builder_version=&#8220;4.19.3&#8243; _module_preset=&#8220;default&#8220; hover_enabled=&#8220;0&#8243; global_colors_info=&#8220;{}&#8220; sticky_enabled=&#8220;0&#8243;][\/et_pb_image][\/et_pb_column][\/et_pb_row][et_pb_row column_structure=&#8220;1_2,1_2&#8243; _builder_version=&#8220;4.18.0&#8243; _module_preset=&#8220;default&#8220; global_colors_info=&#8220;{}&#8220;][et_pb_column type=&#8220;1_2&#8243; _builder_version=&#8220;4.18.0&#8243; _module_preset=&#8220;default&#8220; global_colors_info=&#8220;{}&#8220;][et_pb_text _builder_version=&#8220;4.18.0&#8243; _module_preset=&#8220;default&#8220; global_colors_info=&#8220;{}&#8220;]<\/p>\n<ul>\n<li>Centralizovano pra\u0107enje potro\u0161nje energenata na geografski udaljenim objektima<\/li>\n<li>Jednostavno dodavanje i a\u017euriranje novih objekata, podataka o objektima, mernih mesta i parametara<\/li>\n<li>Potpuna sloboda u izboru mernih ure\u0111aja<\/li>\n<li>Trenutno obave\u0161tavanje o potro\u0161nji izvan referentnih vrednosti<\/li>\n<li>Benchmarking za brzo uo\u010davanje mogu\u0107nosti pobolj\u0161anja energetske efikasnosti, korisnicima prilago\u0111eni kriterijumi uporedjivanja potro\u0161nje<\/li>\n<\/ul>\n<p>[\/et_pb_text][\/et_pb_column][et_pb_column type=&#8220;1_2&#8243; _builder_version=&#8220;4.18.0&#8243; _module_preset=&#8220;default&#8220; global_colors_info=&#8220;{}&#8220;][et_pb_text _builder_version=&#8220;4.18.0&#8243; _module_preset=&#8220;default&#8220; global_colors_info=&#8220;{}&#8220;]<\/p>\n<ul>\n<li>Mogu\u0107nost uporedjivanja podataka prikupljenih mernim instrumentima sa podacima o potro\u0161nji sa ra\u010duna za razne energente<\/li>\n<li>Korisni\u010dki podesivo \/ Prilagodjeno potrebama korisnika<\/li>\n<li>Izve\u0161taji i analize<\/li>\n<li>Vizualizacija podataka za njihovo lak\u0161e razumevanje<\/li>\n<li>U skladu sa zahtevima ISO 50001<\/li>\n<\/ul>\n<p>[\/et_pb_text][\/et_pb_column][\/et_pb_row][et_pb_row column_structure=&#8220;1_2,1_2&#8243; _builder_version=&#8220;4.18.0&#8243; _module_preset=&#8220;default&#8220; global_colors_info=&#8220;{}&#8220;][et_pb_column type=&#8220;1_2&#8243; _builder_version=&#8220;4.18.0&#8243; _module_preset=&#8220;default&#8220; global_colors_info=&#8220;{}&#8220;][et_pb_text _builder_version=&#8220;4.18.0&#8243; _module_preset=&#8220;default&#8220; global_colors_info=&#8220;{}&#8220;]<\/p>\n<h3>Potro\u0161nja energenata<\/h3>\n<ul>\n<li>Elektri\u010dna energija<\/li>\n<li>Voda<\/li>\n<li>Gas<\/li>\n<li>Gorivo<\/li>\n<li>Energenti za grejanje i hla\u0111enje<\/li>\n<\/ul>\n<p>[\/et_pb_text][et_pb_text _builder_version=&#8220;4.18.0&#8243; _module_preset=&#8220;default&#8220; global_colors_info=&#8220;{}&#8220;]<\/p>\n<h3>Pra\u0107enje stanje okoline<\/h3>\n<ul>\n<li>Vlaga<\/li>\n<li>Koncentracija CO<sub>2<\/sub> u prostorijama<\/li>\n<li>Temperatura spoljna \/ unutra\u0161nja<\/li>\n<li>Atmosferski pritisak<\/li>\n<\/ul>\n<p>[\/et_pb_text][et_pb_text _builder_version=&#8220;4.18.0&#8243; _module_preset=&#8220;default&#8220; global_colors_info=&#8220;{}&#8220;]<\/p>\n<h3>Specifi\u010dna mjerenja<\/h3>\n<ul>\n<li>Potro\u0161nja energije pojedinih ma\u0161ina i\/ili proizvodnih procesa<\/li>\n<\/ul>\n<p>[\/et_pb_text][\/et_pb_column][et_pb_column type=&#8220;1_2&#8243; _builder_version=&#8220;4.18.0&#8243; _module_preset=&#8220;default&#8220; global_colors_info=&#8220;{}&#8220;][et_pb_image src=&#8220;https:\/\/www.alarmautomatika.com\/wp-content\/uploads\/2022\/09\/ilustracija_2-absistemenergy-1440px.jpg&#8220; show_in_lightbox=&#8220;on&#8220; _builder_version=&#8220;4.18.0&#8243; _module_preset=&#8220;default&#8220; z_index=&#8220;50&#8243; width=&#8220;75%&#8220; global_colors_info=&#8220;{}&#8220;][\/et_pb_image][\/et_pb_column][\/et_pb_row][\/et_pb_section]<\/p>\n","protected":false},"excerpt":{"rendered":"<p>Aplikacija za prikupljanje, pohranu, analizu i vizualizaciju podataka o potro\u0161nji energenata ABsistemEnergy Globalne razmere zaga\u0111enja okoline, smanjeni energetski resursi i klimatske promene su energetsku efikasnost doveli u fokus interesa dru\u0161tva, nau\u010dnika, preduzetnika i pojedinaca. Svi segmenti dru\u0161tva su u potrazi za re\u0161enjima koja \u0107e pove\u0107ati energetsku efikasnost i smanjiti emisiju gasova odr\u017eivim re\u0161enjima, a uspe\u0161nost [&hellip;]<\/p>\n","protected":false},"author":15,"featured_media":0,"parent":0,"menu_order":0,"comment_status":"closed","ping_status":"closed","template":"","meta":{"_et_pb_use_builder":"on","_et_pb_old_content":"","_et_gb_content_width":"","footnotes":""},"class_list":["post-36163","page","type-page","status-publish","hentry"],"_links":{"self":[{"href":"https:\/\/www.alarmautomatika.com\/sr\/wp-json\/wp\/v2\/pages\/36163","targetHints":{"allow":["GET"]}}],"collection":[{"href":"https:\/\/www.alarmautomatika.com\/sr\/wp-json\/wp\/v2\/pages"}],"about":[{"href":"https:\/\/www.alarmautomatika.com\/sr\/wp-json\/wp\/v2\/types\/page"}],"author":[{"embeddable":true,"href":"https:\/\/www.alarmautomatika.com\/sr\/wp-json\/wp\/v2\/users\/15"}],"replies":[{"embeddable":true,"href":"https:\/\/www.alarmautomatika.com\/sr\/wp-json\/wp\/v2\/comments?post=36163"}],"version-history":[{"count":0,"href":"https:\/\/www.alarmautomatika.com\/sr\/wp-json\/wp\/v2\/pages\/36163\/revisions"}],"wp:attachment":[{"href":"https:\/\/www.alarmautomatika.com\/sr\/wp-json\/wp\/v2\/media?parent=36163"}],"curies":[{"name":"wp","href":"https:\/\/api.w.org\/{rel}","templated":true}]}}