{"id":3773,"date":"2020-08-20T14:54:23","date_gmt":"2020-08-20T12:54:23","guid":{"rendered":"https:\/\/www.alarmautomatika.com\/vlasnici-stambenih-i-manjih-poslovnih-objekata\/"},"modified":"2023-11-10T08:59:34","modified_gmt":"2023-11-10T07:59:34","slug":"vlasnici-stambenih-i-manjih-poslovnih-objekata","status":"publish","type":"page","link":"https:\/\/www.alarmautomatika.com\/sr\/klijenti\/vlasnici-stambenih-i-manjih-poslovnih-objekata\/","title":{"rendered":"Vlasnici stambenih i manjih poslovnih objekata"},"content":{"rendered":"<p>[et_pb_section fb_built=&#8220;1&#8243; _builder_version=&#8220;4.6.2&#8243; _module_preset=&#8220;default&#8220; background_image=&#8220;https:\/\/www.alarmautomatika.com\/wp-content\/uploads\/2020\/09\/Vlasnici-stambenih-i-manjih-poslovnih-objekata.jpg&#8220; background_size=&#8220;initial&#8220; background_position=&#8220;top_center&#8220;][et_pb_row _builder_version=&#8220;4.6.0&#8243; _module_preset=&#8220;default&#8220; width=&#8220;95%&#8220;][et_pb_column type=&#8220;4_4&#8243; _builder_version=&#8220;4.6.0&#8243; _module_preset=&#8220;default&#8220;][et_pb_text _builder_version=&#8220;4.6.0&#8243; _dynamic_attributes=&#8220;content&#8220; _module_preset=&#8220;default&#8220; text_font=&#8220;|600|||||||&#8220; text_text_color=&#8220;#ffffff&#8220; text_font_size=&#8220;48px&#8220; text_line_height=&#8220;1.2em&#8220; custom_padding=&#8220;80px|50px||50px|false|true&#8220; text_font_size_tablet=&#8220;40px&#8220; text_font_size_phone=&#8220;32px&#8220; text_font_size_last_edited=&#8220;on|desktop&#8220; text_line_height_tablet=&#8220;&#8220; text_line_height_phone=&#8220;&#8220; text_line_height_last_edited=&#8220;on|phone&#8220; header_font_tablet=&#8220;&#8220; header_font_phone=&#8220;&#8220; header_font_last_edited=&#8220;on|phone&#8220; header_font_size_tablet=&#8220;&#8220; header_font_size_phone=&#8220;&#8220; header_font_size_last_edited=&#8220;on|phone&#8220; header_line_height_tablet=&#8220;&#8220; header_line_height_phone=&#8220;&#8220; header_line_height_last_edited=&#8220;on|desktop&#8220;]@ET-DC@eyJkeW5hbWljIjp0cnVlLCJjb250ZW50IjoicG9zdF90aXRsZSIsInNldHRpbmdzIjp7ImJlZm9yZSI6IiIsImFmdGVyIjoiIn19@[\/et_pb_text][\/et_pb_column][\/et_pb_row][et_pb_row column_structure=&#8220;3_4,1_4&#8243; _builder_version=&#8220;4.6.0&#8243; _module_preset=&#8220;default&#8220; background_color=&#8220;#ffffff&#8220; width=&#8220;95%&#8220; custom_margin=&#8220;20px||||false|false&#8220; custom_margin_tablet=&#8220;10px||||false|false&#8220; custom_margin_phone=&#8220;10px||||false|false&#8220; custom_margin_last_edited=&#8220;on|desktop&#8220; custom_padding=&#8220;50px|50px|50px|50px|true|true&#8220; box_shadow_style=&#8220;preset2&#8243;][et_pb_column type=&#8220;3_4&#8243; _builder_version=&#8220;4.6.0&#8243; _module_preset=&#8220;default&#8220;][et_pb_text _builder_version=&#8220;4.8.1&#8243; _module_preset=&#8220;default&#8220; link_font=&#8220;|600|||||||&#8220; header_2_text_align=&#8220;left&#8220; header_2_font_size=&#8220;30px&#8220; header_2_line_height=&#8220;1.2em&#8220; header_font_size_tablet=&#8220;48px&#8220; header_font_size_phone=&#8220;&#8220; header_font_size_last_edited=&#8220;on|tablet&#8220; header_2_font_size_tablet=&#8220;&#8220; header_2_font_size_phone=&#8220;25px&#8220; header_2_font_size_last_edited=&#8220;on|phone&#8220;]<\/p>\n<blockquote>\n<h2>Be\u017ei\u010dna DIY re\u0161enja za pametan i siguran dom<\/h2>\n<\/blockquote>\n<p>Uz DIY (do-it-yourself) re\u0161enja za pametan i siguran dom svako mo\u017ee samostalno da ugradi i podesi sistem, koji \u0107e njihov dom ili kancelariju \u010diniti sigurnim od provale. Budu\u0107i da funkcioni\u0161u be\u017ei\u010dno, ova re\u0161enja ne uklju\u010duju radove na instalaciji.<\/p>\n<blockquote>\n<h2>Nadzor i upravljanje putem mobilnih ure\u0111aja<\/h2>\n<\/blockquote>\n<p>Re\u0161enjima za pametan i siguran dom jednostavno se upravlja putem mobilnih aplikacija. Sva obave\u0161tenja sa ure\u0111aja automatski se prosle\u0111uju na mobilne telefone, a korisnici putem mobilnog telefona ure\u0111ajima mogu daljinski da upravljaju.<\/p>\n<blockquote>\n<h2>Panik tasteri za decu i starije osobe<\/h2>\n<\/blockquote>\n<p>Be\u017ei\u010dni panik tasteri omogu\u0107avaju deci ili starijim osobama da brzo i lako obaveste \u010dlanove familije da im je potrebna pomo\u0107. Signal alarma odmah \u0107e biti poslat na mobilne telefone \u010dlanova familije i oni \u0107e biti u mogu\u0107nosti da brzo prisko\u010de u pomo\u0107. <\/p>\n<blockquote>\n<h2>Pregled videa u realnom vremenu<\/h2>\n<\/blockquote>\n<p>Korisnici na svojim mobilnim ure\u0111ajima mogu u realnom vremenu pratiti \u0161to se doga\u0111a na nadziranom prostoru.<\/p>\n<blockquote>\n<h2>Video i foto verifikacija alarma<\/h2>\n<\/blockquote>\n<p>Dostupna su re\u0161enja koja omogu\u0107avaju video (putem kamera spojenih u sistem ku\u0107ne automatike) i foto (putem protivprovalnih detektora sa ugra\u0111enim kamerama) verifikaciju alarma primljenog na mobilni telefon.<\/p>\n<blockquote>\n<h2>Dojavni centar na dlanu<\/h2>\n<\/blockquote>\n<p>Kada korisnik primi obave\u0161tenje alarma sa sistema za\u0161tite na mobilni ure\u0111aj, putem mobilne ALEX aplikacije mo\u017ee odabrati da li \u017eeli o tome obavestiti sigurnosni dojavni centar. Tako se izbegavaju nepotrebne i skupe intervencije.<\/p>\n<blockquote>\n<h2>Korisni\u010dki paketi<\/h2>\n<\/blockquote>\n<p>Korisni\u010dki paketi zavise od veli\u010dine sistema i odabranih usluga pa svaki korisnik mo\u017ee odabrati paket koji je primeren trenutnim potrebama pa ga s vremenom mo\u017ee i menjati.<\/p>\n<blockquote>\n<h2>Ku\u0107na automatika<\/h2>\n<\/blockquote>\n<p>Integracijom ure\u0111aja za ku\u0107nu automatiku omogu\u0107ava se jednostavno upravljanje potro\u0161njom energije, grejanjem, rasvetom i klimatizacijom putem mobilnih ure\u0111aja.<\/p>\n<blockquote>\n<h2>alex.shop<\/h2>\n<\/blockquote>\n<p>alex.shop omogu\u0107ava brz i siguran izbor, kupovinu i dostavu sigurnosnog re\u0161enja korisniku. Webshop transakcija je potpuno sigurna.<\/p>\n<blockquote>\n<h2>Live-chat podr\u0161ka<\/h2>\n<\/blockquote>\n<p>Osigurana je live-chat podr\u0161ka pri izboru ure\u0111aja, njihovom pode\u0161avanju i kori\u0161\u0107enju.<\/p>\n<p>[\/et_pb_text][\/et_pb_column][et_pb_column type=&#8220;1_4&#8243; _builder_version=&#8220;4.6.0&#8243; _module_preset=&#8220;default&#8220; custom_padding_tablet=&#8220;&#8220; custom_padding_phone=&#8220;&#8220; custom_padding_last_edited=&#8220;on|phone&#8220;][et_pb_image src=&#8220;https:\/\/www.alarmautomatika.com\/wp-content\/uploads\/2020\/10\/idea-express-logo-home-banner.png&#8220; alt=&#8220;iDEA Express&#8220; title_text=&#8220;iDEA Express&#8220; align=&#8220;center&#8220; _builder_version=&#8220;4.7.4&#8243; _module_preset=&#8220;default&#8220;][\/et_pb_image][et_pb_accordion module_class=&#8220;idea-value-propositions&#8220; _builder_version=&#8220;4.9.0&#8243; _module_preset=&#8220;default&#8220; global_module=&#8220;8296&#8243;][et_pb_accordion_item title=&#8220;Blank&#8220; open=&#8220;on&#8220; _builder_version=&#8220;4.9.0&#8243; _module_preset=&#8220;default&#8220; custom_css_main_element=&#8220;display:none;&#8220;][\/et_pb_accordion_item][et_pb_accordion_item title=&#8220;Klijenti&#8220; _builder_version=&#8220;4.9.0&#8243; _module_preset=&#8220;default&#8220; open=&#8220;off&#8220;]<\/p>\n<p><a href=\"https:\/\/www.alarmautomatika.com\/sr\/klijenti\/vlasnici-stambenih-i-manjih-poslovnih-objekata\/\">Vlasnici stambenih i manjih poslovnih objekata<\/a><\/p>\n<p>[\/et_pb_accordion_item][et_pb_accordion_item title=&#8220;Proizvodi&#8220; _builder_version=&#8220;4.9.0&#8243; _module_preset=&#8220;default&#8220; open=&#8220;off&#8220;]<\/p>\n<p><a href=\"https:\/\/www.alarmautomatika.com\/sr\/proizvodi\/upravljanje-potrosnjom-energije\/\">Upravljanje potro\u0161njom energije<\/a><\/p>\n<p><a href=\"https:\/\/www.alarmautomatika.com\/sr\/proizvodi\/upravljanje-rasvetom\/\">Upravljanje rasvjetom<\/a><\/p>\n<p><a href=\"https:\/\/www.alarmautomatika.com\/sr\/proizvodi\/protivprovala-sa-videoverifikacijom\/\">Protuprovala s videoverifikacijom<\/a><\/p>\n<p><a href=\"https:\/\/www.alarmautomatika.com\/sr\/proizvodi\/prevencija-pozara-poplave-i-isticanja-plina\/\">Prevencija po\u017eara, poplave i istjecanja plina<\/a><\/p>\n<p><a href=\"https:\/\/www.alarmautomatika.com\/sr\/proizvodi\/zakljucavanje-vrata\/\">Pametne brave<\/a><\/p>\n<p><a href=\"https:\/\/www.alarmautomatika.com\/sr\/proizvodi\/sos-medicinski-alarmi\/\">SOS medicinski alarmi<\/a><\/p>\n<p><a href=\"https:\/\/www.alarmautomatika.com\/sr\/proizvodi\/videonadzor-pametnog-doma\/\">Videonadzor pametnog doma<\/a><\/p>\n<p>[\/et_pb_accordion_item][et_pb_accordion_item title=&#8220;Softveri&#8220; _builder_version=&#8220;4.9.0&#8243; _module_preset=&#8220;default&#8220; open=&#8220;off&#8220;]<\/p>\n<p><a href=\"https:\/\/www.alarmautomatika.com\/sr\/softveri\/mobilna-aplikacija-za-potvrdu-intervencije-fto-sluzbe\/\">Mobilna aplikacija za potvrdu za\u0161titarske intervencije<\/a><\/p>\n<p>[\/et_pb_accordion_item][et_pb_accordion_item title=&#8220;Usluge&#8220; _builder_version=&#8220;4.9.0&#8243; _module_preset=&#8220;default&#8220; open=&#8220;off&#8220;]<\/p>\n<p><a href=\"https:\/\/www.alarmautomatika.com\/sr\/usluge\/po-meri-korisnika\/#paketi-prilagodjeni-potrebama-korisnika\" data-et-has-event-already=\"true\">Paketi prilago\u0111eni potrebama korisnika<\/a><\/p>\n<p><a href=\"https:\/\/www.alarmautomatika.com\/sr\/usluge\/po-meri-korisnika\/#dojava-alarma-na-mobitel\" data-et-has-event-already=\"true\">Dojava alarma na mobitel<\/a><\/p>\n<p><a href=\"https:\/\/www.alarmautomatika.com\/sr\/usluge\/po-meri-korisnika\/#servis-uredjaja\" data-et-has-event-already=\"true\">Servis ure\u0111aja<\/a><\/p>\n<p><a href=\"https:\/\/www.alarmautomatika.com\/sr\/usluge\/po-meri-korisnika\/#monitoring-sustava\" data-et-has-event-already=\"true\">Monitoring sustava<\/a><\/p>\n<p><a href=\"https:\/\/www.alarmautomatika.com\/sr\/usluge\/po-meri-korisnika\/#zastitarska-intervencija\" data-et-has-event-already=\"true\">Za\u0161titarska intervencija<\/a><\/p>\n<p>[\/et_pb_accordion_item][et_pb_accordion_item title=&#8220;Platforma&#8220; _builder_version=&#8220;4.9.0&#8243; _module_preset=&#8220;default&#8220; open=&#8220;off&#8220;]<\/p>\n<p><a href=\"https:\/\/www.alarmautomatika.com\/sr\/platforma\/#b2c-platforma\" data-et-has-event-already=\"true\">Interaktivna B2C platforma<\/a><\/p>\n<p>[\/et_pb_accordion_item][\/et_pb_accordion][\/et_pb_column][\/et_pb_row][\/et_pb_section]<\/p>\n","protected":false},"excerpt":{"rendered":"<p>Be\u017ei\u010dna DIY re\u0161enja za pametan i siguran dom Uz DIY (do-it-yourself) re\u0161enja za pametan i siguran dom svako mo\u017ee samostalno da ugradi i podesi sistem, koji \u0107e njihov dom ili kancelariju \u010diniti sigurnim od provale. Budu\u0107i da funkcioni\u0161u be\u017ei\u010dno, ova re\u0161enja ne uklju\u010duju radove na instalaciji. Nadzor i upravljanje putem mobilnih ure\u0111aja Re\u0161enjima za pametan [&hellip;]<\/p>\n","protected":false},"author":15,"featured_media":0,"parent":4665,"menu_order":0,"comment_status":"closed","ping_status":"closed","template":"","meta":{"_et_pb_use_builder":"on","_et_pb_old_content":"","_et_gb_content_width":"","footnotes":""},"class_list":["post-3773","page","type-page","status-publish","hentry"],"_links":{"self":[{"href":"https:\/\/www.alarmautomatika.com\/sr\/wp-json\/wp\/v2\/pages\/3773","targetHints":{"allow":["GET"]}}],"collection":[{"href":"https:\/\/www.alarmautomatika.com\/sr\/wp-json\/wp\/v2\/pages"}],"about":[{"href":"https:\/\/www.alarmautomatika.com\/sr\/wp-json\/wp\/v2\/types\/page"}],"author":[{"embeddable":true,"href":"https:\/\/www.alarmautomatika.com\/sr\/wp-json\/wp\/v2\/users\/15"}],"replies":[{"embeddable":true,"href":"https:\/\/www.alarmautomatika.com\/sr\/wp-json\/wp\/v2\/comments?post=3773"}],"version-history":[{"count":1,"href":"https:\/\/www.alarmautomatika.com\/sr\/wp-json\/wp\/v2\/pages\/3773\/revisions"}],"predecessor-version":[{"id":49874,"href":"https:\/\/www.alarmautomatika.com\/sr\/wp-json\/wp\/v2\/pages\/3773\/revisions\/49874"}],"up":[{"embeddable":true,"href":"https:\/\/www.alarmautomatika.com\/sr\/wp-json\/wp\/v2\/pages\/4665"}],"wp:attachment":[{"href":"https:\/\/www.alarmautomatika.com\/sr\/wp-json\/wp\/v2\/media?parent=3773"}],"curies":[{"name":"wp","href":"https:\/\/api.w.org\/{rel}","templated":true}]}}