{"id":3821,"date":"2020-08-20T14:22:10","date_gmt":"2020-08-20T12:22:10","guid":{"rendered":"https:\/\/www.alarmautomatika.com\/dojavni-centri\/"},"modified":"2023-12-21T09:27:41","modified_gmt":"2023-12-21T08:27:41","slug":"dojavni-centri","status":"publish","type":"page","link":"https:\/\/www.alarmautomatika.com\/sr\/klijenti\/dojavni-centri\/","title":{"rendered":"Dojavni centri"},"content":{"rendered":"<p>[et_pb_section fb_built=&#8220;1&#8243; _builder_version=&#8220;4.6.2&#8243; _module_preset=&#8220;default&#8220; background_image=&#8220;https:\/\/www.alarmautomatika.com\/wp-content\/uploads\/2020\/09\/dojavni-centri.jpg&#8220; background_size=&#8220;initial&#8220; background_position=&#8220;top_center&#8220;][et_pb_row _builder_version=&#8220;4.6.0&#8243; _module_preset=&#8220;default&#8220; width=&#8220;95%&#8220;][et_pb_column type=&#8220;4_4&#8243; _builder_version=&#8220;4.6.0&#8243; _module_preset=&#8220;default&#8220;][et_pb_text _builder_version=&#8220;4.6.0&#8243; _dynamic_attributes=&#8220;content&#8220; _module_preset=&#8220;default&#8220; text_font=&#8220;|600|||||||&#8220; text_text_color=&#8220;#ffffff&#8220; text_font_size=&#8220;48px&#8220; text_line_height=&#8220;1.2em&#8220; custom_padding=&#8220;80px|50px||50px|false|true&#8220; text_font_size_tablet=&#8220;40px&#8220; text_font_size_phone=&#8220;32px&#8220; text_font_size_last_edited=&#8220;on|desktop&#8220; text_line_height_tablet=&#8220;&#8220; text_line_height_phone=&#8220;&#8220; text_line_height_last_edited=&#8220;on|phone&#8220; header_font_tablet=&#8220;&#8220; header_font_phone=&#8220;&#8220; header_font_last_edited=&#8220;on|phone&#8220; header_font_size_tablet=&#8220;&#8220; header_font_size_phone=&#8220;&#8220; header_font_size_last_edited=&#8220;on|phone&#8220; header_line_height_tablet=&#8220;&#8220; header_line_height_phone=&#8220;&#8220; header_line_height_last_edited=&#8220;on|desktop&#8220;]@ET-DC@eyJkeW5hbWljIjp0cnVlLCJjb250ZW50IjoicG9zdF90aXRsZSIsInNldHRpbmdzIjp7ImJlZm9yZSI6IiIsImFmdGVyIjoiIn19@[\/et_pb_text][\/et_pb_column][\/et_pb_row][et_pb_row column_structure=&#8220;3_4,1_4&#8243; _builder_version=&#8220;4.6.0&#8243; _module_preset=&#8220;default&#8220; background_color=&#8220;#ffffff&#8220; width=&#8220;95%&#8220; custom_margin=&#8220;20px||||false|false&#8220; custom_margin_tablet=&#8220;10px||||false|false&#8220; custom_margin_phone=&#8220;10px||||false|false&#8220; custom_margin_last_edited=&#8220;on|desktop&#8220; custom_padding=&#8220;50px|50px|50px|50px|true|true&#8220; box_shadow_style=&#8220;preset2&#8243;][et_pb_column type=&#8220;3_4&#8243; _builder_version=&#8220;4.6.0&#8243; _module_preset=&#8220;default&#8220;][et_pb_text _builder_version=&#8220;4.7.4&#8243; _module_preset=&#8220;default&#8220; link_font=&#8220;|600|||||||&#8220; header_2_text_align=&#8220;left&#8220; header_2_font_size=&#8220;30px&#8220; header_2_line_height=&#8220;1.2em&#8220; header_font_size_tablet=&#8220;48px&#8220; header_font_size_phone=&#8220;&#8220; header_font_size_last_edited=&#8220;on|tablet&#8220; header_2_font_size_tablet=&#8220;&#8220; header_2_font_size_phone=&#8220;25px&#8220; header_2_font_size_last_edited=&#8220;on|phone&#8220;]<\/p>\n<blockquote>\n<h3>ABsistemDC(NG) softver za centralizaciju signala alarma<\/h3>\n<\/blockquote>\n<p>ABsistemDC(NG) softver osigurava pouzdan prijem i obradu signala alarma u dojavnim centrima. Zbog mogu\u0107nosti prilago\u0111avanja potrebama korisnika i naprednih funkcionalnosti (videoverifikacija, vi\u0161ejezi\u010dnost, nadzor obilaska \u010duvara), koristi ga ve\u0107ina dojavnih centara u regiji.<\/p>\n<blockquote>\n<h3>B2B online platforma<\/h3>\n<\/blockquote>\n<p>B2B online platforma dojavnim centrima olak\u0161ava pru\u017eanje usluge ugradnje tehni\u010dke za\u0161tite. Postupci naru\u010divanja i izrade ponuda su maksimalno pojednostavljeni, a sva potrebna dokumentacija je dostupna online, na svim ure\u0111ajima i operativnim sistemima, 24\/7\/365.<\/p>\n<blockquote>\n<h3>A\u017euriranje ABsistemDC(NG)\u00a0softvera<\/h3>\n<\/blockquote>\n<p>A\u017euriranje ABsistemDC(NG) softvera novim verzijama i funkcionalnostima mo\u017ee se sprovesti online ili u samom dojavnom centru. Modularan koncept omogu\u0107ava dojavnim centrima da softver pro\u0161iruju novim funkcijama istom kada se za njima uka\u017ee potreba.<\/p>\n<blockquote>\n<h3>Edukacija operatera za rad s ABsistemDC(NG) softverom<\/h3>\n<\/blockquote>\n<p>Prilikom implementacije ABsistemDC(NG) softvera se sprovodi i edukacija operatera. Po potrebi se organizuje obuka za kasnije zaposlene operatere kao i u svrhu implementacije novih modula i funkcionalnosti.<\/p>\n<blockquote>\n<h3>Tehni\u010dka podr\u0161ka<\/h3>\n<\/blockquote>\n<p>Slu\u017ebama tehni\u010dke za\u0161tite koje deluju unutar dojavnih centara je dostupna tehni\u010dka podr\u0161ka za rad sa svim sistemima u ponudi Alarm automatike. Uz telefonsku i online podr\u0161ku, organizuje se i podr\u0161ka na objektima krajnjih korisnika.<\/p>\n<blockquote>\n<h3>\u0160irok raspon sistema tehni\u010dke za\u0161tite\u00a0 baziranih na savremenim tehnologijama<\/h3>\n<\/blockquote>\n<p>\u0160irok raspon ure\u0111aja i opreme dojavnim centrima garantuje da \u0107e na jednom mestu na\u0107i sve \u0161to im je potrebno za uspostavljanje potpuno funkcionalnog sistema tehni\u010dke za\u0161tite. Tehni\u010dki sektor testira pouzdanost opreme i funkcionalnost sistema pa se u prodaju stavljaju samo proverena re\u0161enja za\u0161tite.\u00a0 Ponuda se jednom godi\u0161nje sistematizuje u obliku \u0161tampanog <strong>iDEA Classic kataloga proverenih re\u0161enja za\u0161tite.<\/strong><\/p>\n<blockquote>\n<h3>Servis i zamenska oprema<\/h3>\n<\/blockquote>\n<p>Kao proizvo\u0111a\u010d i ovla\u0161\u0107eni distributer ure\u0111aja, Alarm automatika osigurava servis sve opreme u ponudi u i van garantnog roka. Servis se radi na temelju procena trajanja i tro\u0161ka popravka, a osigurana je i zamenska oprema kada je to potrebno.<\/p>\n<blockquote>\n<h3>Tehni\u010dka dokumentacija<\/h3>\n<\/blockquote>\n<p>Za svu opremu u ponudi je osigurana kompletna dokumentacija \u2013 o karakteristikama ure\u0111aja, sertifikati proizvo\u0111a\u010da, izjave o uskla\u0111enosti kao i instalaterske i korisni\u010dke upute.<\/p>\n<p>[\/et_pb_text][\/et_pb_column][et_pb_column type=&#8220;1_4&#8243; _builder_version=&#8220;4.6.0&#8243; _module_preset=&#8220;default&#8220; custom_padding_tablet=&#8220;&#8220; custom_padding_phone=&#8220;&#8220; custom_padding_last_edited=&#8220;on|phone&#8220;][et_pb_image src=&#8220;https:\/\/www.alarmautomatika.com\/wp-content\/uploads\/2020\/10\/idea-classic-logo-home-banner.png&#8220; alt=&#8220;iDEA Classic&#8220; title_text=&#8220;iDEA Classic&#8220; align=&#8220;center&#8220; _builder_version=&#8220;4.7.4&#8243; _module_preset=&#8220;default&#8220;][\/et_pb_image][et_pb_accordion module_class=&#8220;idea-value-propositions&#8220; _builder_version=&#8220;4.9.0&#8243; _module_preset=&#8220;default&#8220; global_module=&#8220;8295&#8243;][et_pb_accordion_item title=&#8220;Blank&#8220; open=&#8220;on&#8220; _builder_version=&#8220;4.9.0&#8243; _module_preset=&#8220;default&#8220; custom_css_main_element=&#8220;display:none;&#8220;][\/et_pb_accordion_item][et_pb_accordion_item title=&#8220;Klijenti&#8220; _builder_version=&#8220;4.9.0&#8243; _module_preset=&#8220;default&#8220;]<\/p>\n<p><a href=\"https:\/\/www.alarmautomatika.com\/sr\/klijenti\/instalateri-tehnicke-zastite\/\">Instalateri tehni\u010dke za\u0161tite<\/a><\/p>\n<p><a href=\"https:\/\/www.alarmautomatika.com\/sr\/klijenti\/dojavni-centri\/\">Dojavni centri<\/a><\/p>\n<p><a href=\"https:\/\/www.alarmautomatika.com\/sr\/klijenti\/elektricari\/\">Elektri\u010dari<\/a><\/p>\n<p><a href=\"https:\/\/www.alarmautomatika.com\/sr\/klijenti\/trgovine-elektromaterijalom-i-it-opremom-internet-trgovine\/\">Trgovine elektromaterijalom i IT opremom, internet trgovine<\/a><\/p>\n<p>[\/et_pb_accordion_item][et_pb_accordion_item title=&#8220;Proizvodi&#8220; _builder_version=&#8220;4.9.0&#8243; _module_preset=&#8220;default&#8220;]<\/p>\n<p><a href=\"https:\/\/www.alarmautomatika.com\/sr\/proizvodi\/videonadzor\/\">Videonadzor<\/a><\/p>\n<p><a href=\"https:\/\/www.alarmautomatika.com\/sr\/proizvodi\/protivprovala-i-protivprepad\/\">Protuprovala i protuprepad<\/a><\/p>\n<p><a href=\"https:\/\/www.alarmautomatika.com\/sr\/proizvodi\/videointerfoni\/\">Videointerfoni<\/a><\/p>\n<p><a href=\"https:\/\/www.alarmautomatika.com\/sr\/proizvodi\/kontrola-pristupa-i-evidencija-radnog-vremena\/\">Kontrola pristupa i evidencija radnog vremena<\/a><\/p>\n<p><a href=\"https:\/\/www.alarmautomatika.com\/sr\/proizvodi\/audio-resenja\/\">Audio rje\u0161enja<\/a><\/p>\n<p><a href=\"https:\/\/www.alarmautomatika.com\/sr\/proizvodi\/automatika-za-vrata-i-rampe\/\">Automatske rampe i vrata<\/a><\/p>\n<p><a href=\"https:\/\/www.alarmautomatika.com\/sr\/proizvodi\/oprema-za-dojavne-centre\/\">Oprema za dojavne centre<\/a><\/p>\n<p><a href=\"https:\/\/www.alarmautomatika.com\/sr\/proizvodi\/dojava-pozara-i-plina\/\">Dojava po\u017eara i plina<\/a><\/p>\n<p>[\/et_pb_accordion_item][et_pb_accordion_item title=&#8220;Softveri&#8220; _builder_version=&#8220;4.9.0&#8243; _module_preset=&#8220;default&#8220;]<\/p>\n<p><a href=\"https:\/\/www.alarmautomatika.com\/sr\/softveri\/prijem-i-obrada-alarma\/\">Prijem i obrada signala alarma<\/a><\/p>\n<p>[\/et_pb_accordion_item][et_pb_accordion_item title=&#8220;Usluge&#8220; _builder_version=&#8220;4.9.0&#8243; _module_preset=&#8220;default&#8220;]<\/p>\n<p><a href=\"https:\/\/www.alarmautomatika.com\/sr\/usluge\/sve-na-jednom-mestu\/#prodajna-i-tehnicka-podrska\" data-et-has-event-already=\"true\">Prodajna i tehni\u010dka podr\u0161ka<\/a><\/p>\n<p><a href=\"https:\/\/www.alarmautomatika.com\/sr\/usluge\/sve-na-jednom-mestu\/#oprema-na-skladistu\" data-et-has-event-already=\"true\">Oprema na skladi\u0161tu<\/a><\/p>\n<p><a href=\"https:\/\/www.alarmautomatika.com\/sr\/usluge\/sve-na-jednom-mestu\/#edukacija-instalatera\" data-et-has-event-already=\"true\">Edukacija instalatera<\/a><\/p>\n<p><a href=\"https:\/\/www.alarmautomatika.com\/sr\/usluge\/sve-na-jednom-mestu\/#b2b-online-platforma\" data-et-has-event-already=\"true\">B2B online platforma<\/a><\/p>\n<p><a href=\"https:\/\/www.alarmautomatika.com\/sr\/usluge\/sve-na-jednom-mestu\/#servis\" data-et-has-event-already=\"true\">Servis<\/a><\/p>\n<p><a href=\"https:\/\/www.alarmautomatika.com\/sr\/usluge\/sve-na-jednom-mestu\/#idea-classic-katalog\" data-et-has-event-already=\"true\">iDEA Classic katalog<\/a><\/p>\n<p>[\/et_pb_accordion_item][et_pb_accordion_item title=&#8220;Platforma&#8220; _builder_version=&#8220;4.9.0&#8243; _module_preset=&#8220;default&#8220;]<\/p>\n<p><a href=\"https:\/\/www.alarmautomatika.com\/sr\/platforma\/#b2b-platforma\" data-et-has-event-already=\"true\">Jedinstvena B2B platforma koja \u0161tedi vrijeme<\/a><\/p>\n<p>[\/et_pb_accordion_item][\/et_pb_accordion][\/et_pb_column][\/et_pb_row][\/et_pb_section]<\/p>\n","protected":false},"excerpt":{"rendered":"<p>ABsistemDC(NG) softver za centralizaciju signala alarma ABsistemDC(NG) softver osigurava pouzdan prijem i obradu signala alarma u dojavnim centrima. Zbog mogu\u0107nosti prilago\u0111avanja potrebama korisnika i naprednih funkcionalnosti (videoverifikacija, vi\u0161ejezi\u010dnost, nadzor obilaska \u010duvara), koristi ga ve\u0107ina dojavnih centara u regiji. B2B online platforma B2B online platforma dojavnim centrima olak\u0161ava pru\u017eanje usluge ugradnje tehni\u010dke za\u0161tite. Postupci naru\u010divanja i [&hellip;]<\/p>\n","protected":false},"author":15,"featured_media":0,"parent":4665,"menu_order":0,"comment_status":"closed","ping_status":"closed","template":"","meta":{"_et_pb_use_builder":"on","_et_pb_old_content":"","_et_gb_content_width":"","footnotes":""},"class_list":["post-3821","page","type-page","status-publish","hentry"],"_links":{"self":[{"href":"https:\/\/www.alarmautomatika.com\/sr\/wp-json\/wp\/v2\/pages\/3821","targetHints":{"allow":["GET"]}}],"collection":[{"href":"https:\/\/www.alarmautomatika.com\/sr\/wp-json\/wp\/v2\/pages"}],"about":[{"href":"https:\/\/www.alarmautomatika.com\/sr\/wp-json\/wp\/v2\/types\/page"}],"author":[{"embeddable":true,"href":"https:\/\/www.alarmautomatika.com\/sr\/wp-json\/wp\/v2\/users\/15"}],"replies":[{"embeddable":true,"href":"https:\/\/www.alarmautomatika.com\/sr\/wp-json\/wp\/v2\/comments?post=3821"}],"version-history":[{"count":2,"href":"https:\/\/www.alarmautomatika.com\/sr\/wp-json\/wp\/v2\/pages\/3821\/revisions"}],"predecessor-version":[{"id":51507,"href":"https:\/\/www.alarmautomatika.com\/sr\/wp-json\/wp\/v2\/pages\/3821\/revisions\/51507"}],"up":[{"embeddable":true,"href":"https:\/\/www.alarmautomatika.com\/sr\/wp-json\/wp\/v2\/pages\/4665"}],"wp:attachment":[{"href":"https:\/\/www.alarmautomatika.com\/sr\/wp-json\/wp\/v2\/media?parent=3821"}],"curies":[{"name":"wp","href":"https:\/\/api.w.org\/{rel}","templated":true}]}}