{"id":3824,"date":"2020-08-20T14:27:47","date_gmt":"2020-08-20T12:27:47","guid":{"rendered":"https:\/\/www.alarmautomatika.com\/elektricari\/"},"modified":"2023-12-21T09:27:41","modified_gmt":"2023-12-21T08:27:41","slug":"elektricari","status":"publish","type":"page","link":"https:\/\/www.alarmautomatika.com\/sr\/klijenti\/elektricari\/","title":{"rendered":"Elektri\u010dari"},"content":{"rendered":"<p>[et_pb_section fb_built=&#8220;1&#8243; _builder_version=&#8220;4.6.2&#8243; _module_preset=&#8220;default&#8220; background_image=&#8220;https:\/\/www.alarmautomatika.com\/wp-content\/uploads\/2020\/09\/Instalateri-slabe-struje.jpg&#8220; background_size=&#8220;initial&#8220; background_position=&#8220;top_center&#8220;][et_pb_row _builder_version=&#8220;4.6.0&#8243; _module_preset=&#8220;default&#8220; width=&#8220;95%&#8220;][et_pb_column type=&#8220;4_4&#8243; _builder_version=&#8220;4.6.0&#8243; _module_preset=&#8220;default&#8220;][et_pb_text _builder_version=&#8220;4.6.0&#8243; _dynamic_attributes=&#8220;content&#8220; _module_preset=&#8220;default&#8220; text_font=&#8220;|600|||||||&#8220; text_text_color=&#8220;#ffffff&#8220; text_font_size=&#8220;48px&#8220; text_line_height=&#8220;1.2em&#8220; custom_padding=&#8220;80px|50px||50px|false|true&#8220; text_font_size_tablet=&#8220;40px&#8220; text_font_size_phone=&#8220;32px&#8220; text_font_size_last_edited=&#8220;on|desktop&#8220; text_line_height_tablet=&#8220;&#8220; text_line_height_phone=&#8220;&#8220; text_line_height_last_edited=&#8220;on|phone&#8220; header_font_tablet=&#8220;&#8220; header_font_phone=&#8220;&#8220; header_font_last_edited=&#8220;on|phone&#8220; header_font_size_tablet=&#8220;&#8220; header_font_size_phone=&#8220;&#8220; header_font_size_last_edited=&#8220;on|phone&#8220; header_line_height_tablet=&#8220;&#8220; header_line_height_phone=&#8220;&#8220; header_line_height_last_edited=&#8220;on|desktop&#8220;]@ET-DC@eyJkeW5hbWljIjp0cnVlLCJjb250ZW50IjoicG9zdF90aXRsZSIsInNldHRpbmdzIjp7ImJlZm9yZSI6IiIsImFmdGVyIjoiIn19@[\/et_pb_text][\/et_pb_column][\/et_pb_row][et_pb_row column_structure=&#8220;3_4,1_4&#8243; _builder_version=&#8220;4.6.0&#8243; _module_preset=&#8220;default&#8220; background_color=&#8220;#ffffff&#8220; width=&#8220;95%&#8220; custom_margin=&#8220;20px||||false|false&#8220; custom_margin_tablet=&#8220;10px||||false|false&#8220; custom_margin_phone=&#8220;10px||||false|false&#8220; custom_margin_last_edited=&#8220;on|desktop&#8220; custom_padding=&#8220;50px|50px|50px|50px|true|true&#8220; box_shadow_style=&#8220;preset2&#8243;][et_pb_column type=&#8220;3_4&#8243; _builder_version=&#8220;4.6.0&#8243; _module_preset=&#8220;default&#8220;][et_pb_text _builder_version=&#8220;4.7.4&#8243; _module_preset=&#8220;default&#8220; link_font=&#8220;|600|||||||&#8220; header_2_text_align=&#8220;left&#8220; header_2_font_size=&#8220;30px&#8220; header_2_line_height=&#8220;1.2em&#8220; header_font_size_tablet=&#8220;48px&#8220; header_font_size_phone=&#8220;&#8220; header_font_size_last_edited=&#8220;on|tablet&#8220; header_2_font_size_tablet=&#8220;&#8220; header_2_font_size_phone=&#8220;25px&#8220; header_2_font_size_last_edited=&#8220;on|phone&#8220;]<\/p>\n<blockquote>\n<h2>\u0160irok raspon ponude ure\u0111aja i opreme<\/h2>\n<\/blockquote>\n<p>\u0160irok raspon ure\u0111aja i opreme garantuje instalaterima slabe struje da \u0107e na jednom mestu na\u0107i sve potrebno za ugradnju funkcionalnih sistema. Aktualna ponuda dostupna je na B2B stranicama, u obliku \u0161tampanog <strong>iDEA Classic kataloga proverenih re\u0161enja za\u0161tite.<\/strong><\/p>\n<blockquote>\n<h2>Tehni\u010dka podr\u0161ka<\/h2>\n<\/blockquote>\n<p>Slu\u017ebama tehni\u010dke za\u0161tite koje deluju unutar dojavnih centara je dostupna tehni\u010dka podr\u0161ka za rad sa svim sistemima u ponudi Alarm automatike. Uz telefonsku i online podr\u0161ku, organizuje se i podr\u0161ka na objektima krajnjih korisnika.<\/p>\n<blockquote>\n<h2>Edukacija za pravilno o\u017ei\u010denje<\/h2>\n<\/blockquote>\n<p>Pravilno o\u017ei\u010denje je presudno za funkcionalnost sistema tehni\u010dke za\u0161tite, posebno dojave po\u017eara. Instalaterima slabe struje su dostupne radionice i webinari kroz koje se oni osposobljavaju za pravilno o\u017ei\u010denje sistema u ponudi Alarm automatike.<\/p>\n<blockquote>\n<h2>B2B online platforma<\/h2>\n<\/blockquote>\n<p>Putem B2B online platforme instalateri slabe struje imaju trenutni uvid u dostupnost opreme i mogu je veoma jednostavno naru\u010diti. Proces naru\u010divanja i izrade ponuda su maksimalno pojednostavljeni, a sva potrebna dokumentacija je dostupna online, putem mobilnih telefona ili tableta.<\/p>\n<blockquote>\n<h2>Servis i zamenska oprema<\/h2>\n<\/blockquote>\n<p>Kao proizvo\u0111a\u010d i ovla\u0161\u0107eni distributer ure\u0111aja, Alarm automatika osigurava servis sve opreme u ponudi u i van garantnog roka. Servis se radi na temelju procena trajanja i tro\u0161ka popravke, a osigurana je i zamenska oprema kada je to instalateru potrebno.<\/p>\n<blockquote>\n<h2>Tehni\u010dka dokumentacija<\/h2>\n<\/blockquote>\n<p>Za svu opremu u ponudi je osigurana kompletna dokumentacija \u2013 o karakteristikama ure\u0111aja, sertifikati proizvo\u0111a\u010da, izjave o uskla\u0111enosti kao i instalaterska i korisni\u010dka uputstva.<\/p>\n<p>[\/et_pb_text][\/et_pb_column][et_pb_column type=&#8220;1_4&#8243; _builder_version=&#8220;4.6.0&#8243; _module_preset=&#8220;default&#8220; custom_padding_tablet=&#8220;&#8220; custom_padding_phone=&#8220;&#8220; custom_padding_last_edited=&#8220;on|phone&#8220;][et_pb_image src=&#8220;https:\/\/www.alarmautomatika.com\/wp-content\/uploads\/2020\/10\/idea-classic-logo-home-banner.png&#8220; alt=&#8220;iDEA Classic&#8220; title_text=&#8220;iDEA Classic&#8220; align=&#8220;center&#8220; _builder_version=&#8220;4.7.4&#8243; _module_preset=&#8220;default&#8220;][\/et_pb_image][et_pb_accordion module_class=&#8220;idea-value-propositions&#8220; _builder_version=&#8220;4.9.0&#8243; _module_preset=&#8220;default&#8220; global_module=&#8220;8295&#8243;][et_pb_accordion_item title=&#8220;Blank&#8220; open=&#8220;on&#8220; _builder_version=&#8220;4.9.0&#8243; _module_preset=&#8220;default&#8220; custom_css_main_element=&#8220;display:none;&#8220;][\/et_pb_accordion_item][et_pb_accordion_item title=&#8220;Klijenti&#8220; _builder_version=&#8220;4.9.0&#8243; _module_preset=&#8220;default&#8220; open=&#8220;off&#8220;]<\/p>\n<p><a href=\"https:\/\/www.alarmautomatika.com\/sr\/klijenti\/instalateri-tehnicke-zastite\/\">Instalateri tehni\u010dke za\u0161tite<\/a><\/p>\n<p><a href=\"https:\/\/www.alarmautomatika.com\/sr\/klijenti\/dojavni-centri\/\">Dojavni centri<\/a><\/p>\n<p><a href=\"https:\/\/www.alarmautomatika.com\/sr\/klijenti\/elektricari\/\">Elektri\u010dari<\/a><\/p>\n<p><a href=\"https:\/\/www.alarmautomatika.com\/sr\/klijenti\/trgovine-elektromaterijalom-i-it-opremom-internet-trgovine\/\">Trgovine elektromaterijalom i IT opremom, internet trgovine<\/a><\/p>\n<p>[\/et_pb_accordion_item][et_pb_accordion_item title=&#8220;Proizvodi&#8220; _builder_version=&#8220;4.9.0&#8243; _module_preset=&#8220;default&#8220; open=&#8220;off&#8220;]<\/p>\n<p><a href=\"https:\/\/www.alarmautomatika.com\/sr\/proizvodi\/videonadzor\/\">Videonadzor<\/a><\/p>\n<p><a href=\"https:\/\/www.alarmautomatika.com\/sr\/proizvodi\/protivprovala-i-protivprepad\/\">Protuprovala i protuprepad<\/a><\/p>\n<p><a href=\"https:\/\/www.alarmautomatika.com\/sr\/proizvodi\/videointerfoni\/\">Videointerfoni<\/a><\/p>\n<p><a href=\"https:\/\/www.alarmautomatika.com\/sr\/proizvodi\/kontrola-pristupa-i-evidencija-radnog-vremena\/\">Kontrola pristupa i evidencija radnog vremena<\/a><\/p>\n<p><a href=\"https:\/\/www.alarmautomatika.com\/sr\/proizvodi\/audio-resenja\/\">Audio rje\u0161enja<\/a><\/p>\n<p><a href=\"https:\/\/www.alarmautomatika.com\/sr\/proizvodi\/automatika-za-vrata-i-rampe\/\">Automatske rampe i vrata<\/a><\/p>\n<p><a href=\"https:\/\/www.alarmautomatika.com\/sr\/proizvodi\/oprema-za-dojavne-centre\/\">Oprema za dojavne centre<\/a><\/p>\n<p><a href=\"https:\/\/www.alarmautomatika.com\/sr\/proizvodi\/dojava-pozara-i-plina\/\">Dojava po\u017eara i plina<\/a><\/p>\n<p>[\/et_pb_accordion_item][et_pb_accordion_item title=&#8220;Softveri&#8220; _builder_version=&#8220;4.9.0&#8243; _module_preset=&#8220;default&#8220; open=&#8220;off&#8220;]<\/p>\n<p><a href=\"https:\/\/www.alarmautomatika.com\/sr\/softveri\/prijem-i-obrada-alarma\/\">Prijem i obrada signala alarma<\/a><\/p>\n<p>[\/et_pb_accordion_item][et_pb_accordion_item title=&#8220;Usluge&#8220; _builder_version=&#8220;4.9.0&#8243; _module_preset=&#8220;default&#8220; open=&#8220;off&#8220;]<\/p>\n<p><a href=\"https:\/\/www.alarmautomatika.com\/sr\/usluge\/sve-na-jednom-mestu\/#prodajna-i-tehnicka-podrska\" data-et-has-event-already=\"true\">Prodajna i tehni\u010dka podr\u0161ka<\/a><\/p>\n<p><a href=\"https:\/\/www.alarmautomatika.com\/sr\/usluge\/sve-na-jednom-mestu\/#oprema-na-skladistu\" data-et-has-event-already=\"true\">Oprema na skladi\u0161tu<\/a><\/p>\n<p><a href=\"https:\/\/www.alarmautomatika.com\/sr\/usluge\/sve-na-jednom-mestu\/#edukacija-instalatera\" data-et-has-event-already=\"true\">Edukacija instalatera<\/a><\/p>\n<p><a href=\"https:\/\/www.alarmautomatika.com\/sr\/usluge\/sve-na-jednom-mestu\/#b2b-online-platforma\" data-et-has-event-already=\"true\">B2B online platforma<\/a><\/p>\n<p><a href=\"https:\/\/www.alarmautomatika.com\/sr\/usluge\/sve-na-jednom-mestu\/#servis\" data-et-has-event-already=\"true\">Servis<\/a><\/p>\n<p><a href=\"https:\/\/www.alarmautomatika.com\/sr\/usluge\/sve-na-jednom-mestu\/#idea-classic-katalog\" data-et-has-event-already=\"true\">iDEA Classic katalog<\/a><\/p>\n<p>[\/et_pb_accordion_item][et_pb_accordion_item title=&#8220;Platforma&#8220; _builder_version=&#8220;4.9.0&#8243; _module_preset=&#8220;default&#8220; open=&#8220;off&#8220;]<\/p>\n<p><a href=\"https:\/\/www.alarmautomatika.com\/sr\/platforma\/#b2b-platforma\" data-et-has-event-already=\"true\">Jedinstvena B2B platforma koja \u0161tedi vrijeme<\/a><\/p>\n<p>[\/et_pb_accordion_item][\/et_pb_accordion][\/et_pb_column][\/et_pb_row][\/et_pb_section]<\/p>\n","protected":false},"excerpt":{"rendered":"<p>\u0160irok raspon ponude ure\u0111aja i opreme \u0160irok raspon ure\u0111aja i opreme garantuje instalaterima slabe struje da \u0107e na jednom mestu na\u0107i sve potrebno za ugradnju funkcionalnih sistema. Aktualna ponuda dostupna je na B2B stranicama, u obliku \u0161tampanog iDEA Classic kataloga proverenih re\u0161enja za\u0161tite. Tehni\u010dka podr\u0161ka Slu\u017ebama tehni\u010dke za\u0161tite koje deluju unutar dojavnih centara je dostupna [&hellip;]<\/p>\n","protected":false},"author":15,"featured_media":0,"parent":4665,"menu_order":0,"comment_status":"closed","ping_status":"closed","template":"","meta":{"_et_pb_use_builder":"on","_et_pb_old_content":"","_et_gb_content_width":"","footnotes":""},"class_list":["post-3824","page","type-page","status-publish","hentry"],"_links":{"self":[{"href":"https:\/\/www.alarmautomatika.com\/sr\/wp-json\/wp\/v2\/pages\/3824","targetHints":{"allow":["GET"]}}],"collection":[{"href":"https:\/\/www.alarmautomatika.com\/sr\/wp-json\/wp\/v2\/pages"}],"about":[{"href":"https:\/\/www.alarmautomatika.com\/sr\/wp-json\/wp\/v2\/types\/page"}],"author":[{"embeddable":true,"href":"https:\/\/www.alarmautomatika.com\/sr\/wp-json\/wp\/v2\/users\/15"}],"replies":[{"embeddable":true,"href":"https:\/\/www.alarmautomatika.com\/sr\/wp-json\/wp\/v2\/comments?post=3824"}],"version-history":[{"count":2,"href":"https:\/\/www.alarmautomatika.com\/sr\/wp-json\/wp\/v2\/pages\/3824\/revisions"}],"predecessor-version":[{"id":51508,"href":"https:\/\/www.alarmautomatika.com\/sr\/wp-json\/wp\/v2\/pages\/3824\/revisions\/51508"}],"up":[{"embeddable":true,"href":"https:\/\/www.alarmautomatika.com\/sr\/wp-json\/wp\/v2\/pages\/4665"}],"wp:attachment":[{"href":"https:\/\/www.alarmautomatika.com\/sr\/wp-json\/wp\/v2\/media?parent=3824"}],"curies":[{"name":"wp","href":"https:\/\/api.w.org\/{rel}","templated":true}]}}