{"id":3879,"date":"2020-08-20T14:07:08","date_gmt":"2020-08-20T12:07:08","guid":{"rendered":"https:\/\/www.alarmautomatika.com\/evakuacijski-i-javni-razglas\/"},"modified":"2023-11-07T10:04:12","modified_gmt":"2023-11-07T09:04:12","slug":"evakuacioni-razglas","status":"publish","type":"page","link":"https:\/\/www.alarmautomatika.com\/sr\/proizvodi\/evakuacioni-razglas\/","title":{"rendered":"Evakuacioni razglas (EVAC)"},"content":{"rendered":"<p>[et_pb_section fb_built=&#8220;1&#8243; _builder_version=&#8220;4.16&#8243; _module_preset=&#8220;default&#8220; custom_padding=&#8220;0px||||false|false&#8220; global_colors_info=&#8220;{}&#8220;][et_pb_row _builder_version=&#8220;4.16&#8243; _module_preset=&#8220;default&#8220; global_colors_info=&#8220;{}&#8220;][et_pb_column type=&#8220;4_4&#8243; _builder_version=&#8220;4.16&#8243; _module_preset=&#8220;default&#8220; global_colors_info=&#8220;{}&#8220;][et_pb_text _builder_version=&#8220;4.16&#8243; _module_preset=&#8220;default&#8220; global_colors_info=&#8220;{}&#8220;]<\/p>\n<blockquote>\n<h1>Evakuacioni razglas (EVAC)<\/h1>\n<\/blockquote>\n<p><em>Interes za implementacijom EVAC sistema u zemljama regiona je sve ve\u0107i jer investitori \u017eele pove\u0107ati nivo sigurnosti i uskladiti safety standarde sa onima koji su uobi\u010dajeni u EU. Najve\u0107i broj implementacija je u objektima u kojima se kre\u0107e veliki broj ljudi kao \u0161to su hoteli, javni objekti, tr\u017eni centri, bolnice, \u0161kole ili poslovne zgrade.<\/em><\/p>\n<p>[\/et_pb_text][et_pb_image src=&#8220;https:\/\/www.alarmautomatika.com\/wp-content\/uploads\/2021\/02\/evac-eflyer-banner.jpg&#8220; title_text=&#8220;evac-eflyer-banner&#8220; _builder_version=&#8220;4.16&#8243; _module_preset=&#8220;default&#8220; global_colors_info=&#8220;{}&#8220;][\/et_pb_image][et_pb_text _builder_version=&#8220;4.23&#8243; _module_preset=&#8220;default&#8220; global_colors_info=&#8220;{}&#8220;]<\/p>\n<blockquote>\n<h2 id=\"prednosti\">Prednosti EVAC-a<\/h2>\n<\/blockquote>\n<p>Problem svih velikih objekata u kojima se okuplja veliki broj ljudi je \u0161to se u slu\u010daju potrebe za evakuacijom ljudi ne snalaze u prostoru, ne poznaju puteve evakuacije, a ote\u017eavaju\u0107a \u010dinjenica je i razli\u010dita starost te mogu\u0107i problemi sa sluhom. Da bi se evakuacija ubrzala, izbegla gu\u017eva na evakuacionim putevima, lutanje po prostoru i panika ljudi, u savremenim javnim objektima se sve \u010de\u0161\u0107e koristi EVAC (Voice Evacuation System).<\/p>\n<p>&nbsp;<\/p>\n<ul>\n<li>Jasna signalizacija alarmnih situacija<\/li>\n<li>Br\u017ea evakuacija &#8211; ljudi bolje reagiraju na glasovne poruke<\/li>\n<li>Usmeravanje ljudi prema sigurnom izlazu, prvo se evakui\u0161u zone (spratovi) u kojima je detektovan alarm i svi spratovi iznad te zone<\/li>\n<li>Upravljanje evakuacijom &#8211; automatsko, unapred programirane poruke i putem vatrogasnih mikrofona<\/li>\n<li>Hearing loops, re\u0161enje za osobe slabog sluha<\/li>\n<li>Ambijentalni i evakuacioni razglas kao jedan sistem, visoka isplativost ulaganja<\/li>\n<\/ul>\n<p>[\/et_pb_text][\/et_pb_column][\/et_pb_row][et_pb_row _builder_version=&#8220;4.16&#8243; _module_preset=&#8220;default&#8220; global_colors_info=&#8220;{}&#8220;][et_pb_column type=&#8220;4_4&#8243; _builder_version=&#8220;4.16&#8243; _module_preset=&#8220;default&#8220; global_colors_info=&#8220;{}&#8220;][et_pb_text _builder_version=&#8220;4.16&#8243; _module_preset=&#8220;default&#8220; global_colors_info=&#8220;{}&#8220;]<\/p>\n<h3 style=\"text-align: center;\">Za\u0161to trebamo glasovnu evakuaciju?<\/h3>\n<p>[\/et_pb_text][\/et_pb_column][\/et_pb_row][et_pb_row column_structure=&#8220;1_3,1_3,1_3&#8243; make_equal=&#8220;on&#8220; _builder_version=&#8220;4.16&#8243; _module_preset=&#8220;default&#8220; global_colors_info=&#8220;{}&#8220; max_width__hover_enabled=&#8220;off|desktop&#8220;][et_pb_column type=&#8220;1_3&#8243; _builder_version=&#8220;4.16&#8243; _module_preset=&#8220;default&#8220; global_colors_info=&#8220;{}&#8220;][et_pb_circle_counter title=&#8220;ljudi reaguje na SIRENE&#8220; number=&#8220;13&#8243; bar_bg_color=&#8220;#00b16a&#8220; circle_color=&#8220;#000000&#8243; _builder_version=&#8220;4.16&#8243; _module_preset=&#8220;default&#8220; title_level=&#8220;h2&#8243; title_line_height=&#8220;1.2em&#8220; number_font=&#8220;|600|||||||&#8220; global_colors_info=&#8220;{}&#8220;][\/et_pb_circle_counter][\/et_pb_column][et_pb_column type=&#8220;1_3&#8243; _builder_version=&#8220;4.16&#8243; _module_preset=&#8220;default&#8220; global_colors_info=&#8220;{}&#8220;][et_pb_circle_counter title=&#8220;ljudi reaguje na TEKSTUALNE PORUKE&#8220; number=&#8220;45&#8243; bar_bg_color=&#8220;#00b16a&#8220; circle_color=&#8220;#000000&#8243; _builder_version=&#8220;4.16&#8243; _module_preset=&#8220;default&#8220; title_level=&#8220;h2&#8243; title_line_height=&#8220;1.2em&#8220; number_font=&#8220;|600|||||||&#8220; global_colors_info=&#8220;{}&#8220;][\/et_pb_circle_counter][\/et_pb_column][et_pb_column type=&#8220;1_3&#8243; _builder_version=&#8220;4.16&#8243; _module_preset=&#8220;default&#8220; global_colors_info=&#8220;{}&#8220;][et_pb_circle_counter title=&#8220;ljudi reaguje na GLASOVNE PORUKE&#8220; number=&#8220;75&#8243; bar_bg_color=&#8220;#00b16a&#8220; circle_color=&#8220;#000000&#8243; _builder_version=&#8220;4.16&#8243; _module_preset=&#8220;default&#8220; title_level=&#8220;h2&#8243; title_font=&#8220;||||||||&#8220; title_line_height=&#8220;1.2em&#8220; number_font=&#8220;|600|||||||&#8220; global_colors_info=&#8220;{}&#8220;][\/et_pb_circle_counter][\/et_pb_column][\/et_pb_row][et_pb_row _builder_version=&#8220;4.16&#8243; _module_preset=&#8220;default&#8220; custom_padding=&#8220;0px||||false|false&#8220; global_colors_info=&#8220;{}&#8220;][et_pb_column type=&#8220;4_4&#8243; _builder_version=&#8220;4.16&#8243; _module_preset=&#8220;default&#8220; global_colors_info=&#8220;{}&#8220;][et_pb_text _builder_version=&#8220;4.16&#8243; _module_preset=&#8220;default&#8220; text_font_size=&#8220;14px&#8220; global_colors_info=&#8220;{}&#8220;]<\/p>\n<p><em>* Izvor:<\/em><br \/><em> Guyl\u010dne Proulx, Ph.D,\u2019Misconceptions about human behaviour in fire emergencies\u2019 published in Canadian Consulting Engineer, March 1997, pp36, 38.<\/em><br \/><em> David Cantor, \u2018Studies of Human Behaviour in Fire: Empirical results and their implications for education and design.\u2019 Published by BRE, July 1985.<\/em><\/p>\n<p>[\/et_pb_text][et_pb_text _builder_version=&#8220;4.16&#8243; _module_preset=&#8220;default&#8220; custom_padding=&#8220;10px|10px|10px|10px|true|true&#8220; border_radii=&#8220;on|2px|2px|2px|2px&#8220; border_width_all=&#8220;3px&#8220; border_color_all=&#8220;#00b16a&#8220; global_colors_info=&#8220;{}&#8220;]<\/p>\n<p><strong>Zbog karakteristika i modernog dizajna EVAC se koristiti i kao ambijentalni razglas za reprodukciju pozadinske muzike ili za promotivne poruke. EVAC u ve\u0107ini objekata u potpunosti menja PA (Public Address) sisteme i u krajnjoj liniji je povoljnije rje\u0161enje.<\/strong><\/p>\n<p>[\/et_pb_text][\/et_pb_column][\/et_pb_row][et_pb_row column_structure=&#8220;1_4,1_4,1_4,1_4&#8243; make_equal=&#8220;on&#8220; _builder_version=&#8220;4.16&#8243; _module_preset=&#8220;default&#8220; background_color=&#8220;#f1f5f9&#8243; global_colors_info=&#8220;{}&#8220;][et_pb_column type=&#8220;1_4&#8243; _builder_version=&#8220;4.16&#8243; _module_preset=&#8220;default&#8220; global_colors_info=&#8220;{}&#8220;][et_pb_image src=&#8220;https:\/\/www.alarmautomatika.com\/wp-content\/uploads\/2021\/02\/mockup-evac-hr.jpg&#8220; title_text=&#8220;mockup-evac-hr&#8220; url=&#8220;https:\/\/drive.google.com\/file\/d\/1z4RxewEv_M_AbMDD18SImZGGpOenJ3AF\/view?usp=sharing&#8220; url_new_window=&#8220;on&#8220; align=&#8220;center&#8220; _builder_version=&#8220;4.16&#8243; _module_preset=&#8220;default&#8220; global_colors_info=&#8220;{}&#8220;][\/et_pb_image][et_pb_text _builder_version=&#8220;4.23&#8243; _module_preset=&#8220;default&#8220; global_colors_info=&#8220;{}&#8220;]<\/p>\n<p style=\"text-align: center;\"><em>EVAC &#8211; Sistem evakuacijskog razglasa<\/em><br \/><a href=\"https:\/\/drive.google.com\/file\/d\/1z4RxewEv_M_AbMDD18SImZGGpOenJ3AF\/view?usp=sharing\" target=\"_blank\" rel=\"noopener noreferrer\">Preuzmite materijal<\/a><\/p>\n<p>[\/et_pb_text][\/et_pb_column][et_pb_column type=&#8220;1_4&#8243; _builder_version=&#8220;4.16&#8243; _module_preset=&#8220;default&#8220; global_colors_info=&#8220;{}&#8220;][et_pb_image src=&#8220;https:\/\/www.alarmautomatika.com\/wp-content\/uploads\/2021\/02\/mockup-integrirana-safety-rjesenja-hr.jpg&#8220; title_text=&#8220;mockup-integrirana-safety-rjesenja-hr&#8220; url=&#8220;https:\/\/drive.google.com\/file\/d\/1h-O-uQ6n4f2CNbPZDYAm8E6hL1k99kod\/view?usp=sharing&#8220; url_new_window=&#8220;on&#8220; align=&#8220;center&#8220; _builder_version=&#8220;4.16&#8243; _module_preset=&#8220;default&#8220; global_colors_info=&#8220;{}&#8220;][\/et_pb_image][et_pb_text _builder_version=&#8220;4.23&#8243; _module_preset=&#8220;default&#8220; global_colors_info=&#8220;{}&#8220;]<\/p>\n<p style=\"text-align: center;\"><em>Integrisana safety re\u0161enja<\/em><a href=\"https:\/\/drive.google.com\/file\/d\/1h-O-uQ6n4f2CNbPZDYAm8E6hL1k99kod\/view?usp=sharing\" target=\"_blank\" rel=\"noopener noreferrer\"><br \/>Preuzmite materijal<\/a><\/p>\n<p>[\/et_pb_text][\/et_pb_column][et_pb_column type=&#8220;1_4&#8243; _builder_version=&#8220;4.16&#8243; _module_preset=&#8220;default&#8220; global_colors_info=&#8220;{}&#8220;][et_pb_image src=&#8220;https:\/\/www.alarmautomatika.com\/wp-content\/uploads\/2021\/02\/mockup-absistem-dci-en.jpg&#8220; title_text=&#8220;mockup-absistem-dci-en&#8220; url=&#8220;https:\/\/drive.google.com\/file\/d\/1ilxImOdA2Ne1joQe3I-TtNB6h-uQKWue\/view?usp=sharing&#8220; url_new_window=&#8220;on&#8220; align=&#8220;center&#8220; _builder_version=&#8220;4.16&#8243; _module_preset=&#8220;default&#8220; global_colors_info=&#8220;{}&#8220;][\/et_pb_image][et_pb_text _builder_version=&#8220;4.23&#8243; _module_preset=&#8220;default&#8220; global_colors_info=&#8220;{}&#8220;]<\/p>\n<p style=\"text-align: center;\"><em>ABsistemDCi &#8211; softverska integracija sistema tehni\u010dke za\u0161tite<\/em><a href=\"https:\/\/drive.google.com\/file\/d\/1ilxImOdA2Ne1joQe3I-TtNB6h-uQKWue\/view?usp=sharing\" target=\"_blank\" rel=\"noopener noreferrer\"><br \/>Preuzmite materijal<\/a><\/p>\n<p>[\/et_pb_text][\/et_pb_column][et_pb_column type=&#8220;1_4&#8243; _builder_version=&#8220;4.16&#8243; _module_preset=&#8220;default&#8220; global_colors_info=&#8220;{}&#8220;][et_pb_image src=&#8220;https:\/\/www.alarmautomatika.com\/wp-content\/uploads\/2021\/02\/mockup-inim-previdia-tablet-hr.jpg&#8220; title_text=&#8220;mockup-inim-previdia-tablet-hr&#8220; url=&#8220;@ET-DC@eyJkeW5hbWljIjp0cnVlLCJjb250ZW50IjoicG9zdF9saW5rX3VybF9wYWdlIiwic2V0dGluZ3MiOnsicG9zdF9pZCI6Ijg1In19@&#8220; url_new_window=&#8220;on&#8220; align=&#8220;center&#8220; _builder_version=&#8220;4.16&#8243; _dynamic_attributes=&#8220;url&#8220; _module_preset=&#8220;default&#8220; global_colors_info=&#8220;{}&#8220;][\/et_pb_image][et_pb_text _builder_version=&#8220;4.23&#8243; _module_preset=&#8220;default&#8220; global_colors_info=&#8220;{}&#8220;]<\/p>\n<p style=\"text-align: center;\"><em>INIM Previdia re\u0161enja dojave po\u017eara<br \/><\/em><a href=\"https:\/\/www.alarmautomatika.com\/sr\/proizvodi\/dojava-pozara\/\" rel=\"noreferrer\">Saznajte vi\u0161e<\/a><\/p>\n<p>[\/et_pb_text][\/et_pb_column][\/et_pb_row][et_pb_row column_structure=&#8220;1_3,1_3,1_3&#8243; make_equal=&#8220;on&#8220; _builder_version=&#8220;4.16&#8243; _module_preset=&#8220;default&#8220; motion_trigger_start=&#8220;top&#8220; custom_css_main_element=&#8220;.et_pb_equal_columns >.et_pb_column {||\tmargin-top:auto;||\tmargin-bottom:auto;||}&#8220; global_colors_info=&#8220;{}&#8220;][et_pb_column type=&#8220;1_3&#8243; _builder_version=&#8220;4.16&#8243; _module_preset=&#8220;default&#8220; background_color=&#8220;#00b16a&#8220; global_colors_info=&#8220;{}&#8220;][et_pb_text _builder_version=&#8220;4.16&#8243; _module_preset=&#8220;default&#8220; text_font=&#8220;|600|||||||&#8220; text_text_color=&#8220;#FFFFFF&#8220; text_orientation=&#8220;center&#8220; height=&#8220;50px&#8220; link_option_url=&#8220;#element&#8220; custom_css_main_element=&#8220;min-height: 75px;||display: flex;||align-items: center;||justify-content: center;&#8220; global_colors_info=&#8220;{}&#8220;]<\/p>\n<p>EVAC &#8211; izvr\u0161ni element dojave po\u017eara<\/p>\n<p>[\/et_pb_text][\/et_pb_column][et_pb_column type=&#8220;1_3&#8243; _builder_version=&#8220;4.16&#8243; _module_preset=&#8220;default&#8220; background_color=&#8220;#00b16a&#8220; global_colors_info=&#8220;{}&#8220;][et_pb_text _builder_version=&#8220;4.16&#8243; _module_preset=&#8220;default&#8220; text_font=&#8220;|600|||||||&#8220; text_text_color=&#8220;#FFFFFF&#8220; text_orientation=&#8220;center&#8220; height=&#8220;50px&#8220; link_option_url=&#8220;#jedinice&#8220; custom_css_main_element=&#8220;min-height: 75px;||display: flex;||align-items: center;||justify-content: center;&#8220; global_colors_info=&#8220;{}&#8220;]<\/p>\n<p>Upravlja\u010dke jedinice za razli\u010dite aplikacije<\/p>\n<p>[\/et_pb_text][\/et_pb_column][et_pb_column type=&#8220;1_3&#8243; _builder_version=&#8220;4.16&#8243; _module_preset=&#8220;default&#8220; background_color=&#8220;#00b16a&#8220; global_colors_info=&#8220;{}&#8220;][et_pb_text _builder_version=&#8220;4.16&#8243; _module_preset=&#8220;default&#8220; text_font=&#8220;|600|||||||&#8220; text_text_color=&#8220;#FFFFFF&#8220; background_color=&#8220;#00b16a&#8220; text_orientation=&#8220;center&#8220; link_option_url=&#8220;#projektiranje&#8220; custom_css_main_element=&#8220;min-height: 75px;||display: flex;||align-items: center;||justify-content: center;&#8220; global_colors_info=&#8220;{}&#8220;]<\/p>\n<p>Projektovanje EVAC-a<\/p>\n<p>[\/et_pb_text][\/et_pb_column][\/et_pb_row][et_pb_row _builder_version=&#8220;4.16&#8243; _module_preset=&#8220;default&#8220; global_colors_info=&#8220;{}&#8220;][et_pb_column type=&#8220;4_4&#8243; _builder_version=&#8220;4.16&#8243; _module_preset=&#8220;default&#8220; global_colors_info=&#8220;{}&#8220;][et_pb_text _builder_version=&#8220;4.23&#8243; _module_preset=&#8220;default&#8220; hover_enabled=&#8220;0&#8243; global_colors_info=&#8220;{}&#8220; sticky_enabled=&#8220;0&#8243;]<\/p>\n<blockquote>\n<h2 id=\"element\">EVAC \u2013 izvr\u0161ni element dojave po\u017eara<\/h2>\n<\/blockquote>\n<p>U slu\u010daju po\u017eara ili neke druge incidentne situacije EVAC-om, kao i svim drugim integrisanim safety sistemima, upravlja vatrodojavna centrala. EVAC se smatra <strong>izvr\u0161nim elementom <a href=\"https:\/\/www.alarmautomatika.com\/sr\/proizvodi\/dojava-pozara\/\">dojave po\u017eara<\/a><\/strong> <strong>\u0161to zna\u010di da se na sve elemente sistema primenjuju odredbe koje va\u017ee i za vatrodojavu &#8211; primena normi te obaveza projektovanja, periodi\u010dnog ispitivanja i redovnog odr\u017eavanja.<\/strong><\/p>\n<p>[\/et_pb_text][\/et_pb_column][\/et_pb_row][et_pb_row _builder_version=&#8220;4.16&#8243; _module_preset=&#8220;default&#8220; global_colors_info=&#8220;{}&#8220;][et_pb_column type=&#8220;4_4&#8243; _builder_version=&#8220;4.16&#8243; _module_preset=&#8220;default&#8220; global_colors_info=&#8220;{}&#8220;][et_pb_image src=&#8220;https:\/\/www.alarmautomatika.com\/wp-content\/uploads\/2021\/02\/elementi-evac-sustava.jpg&#8220; title_text=&#8220;elementi-evac-sustava&#8220; show_in_lightbox=&#8220;on&#8220; align=&#8220;center&#8220; _builder_version=&#8220;4.16&#8243; _module_preset=&#8220;default&#8220; width=&#8220;50%&#8220; width_tablet=&#8220;100%&#8220; width_phone=&#8220;&#8220; width_last_edited=&#8220;on|desktop&#8220; min_height_tablet=&#8220;&#8220; min_height_phone=&#8220;&#8220; min_height_last_edited=&#8220;on|desktop&#8220; global_colors_info=&#8220;{}&#8220;][\/et_pb_image][et_pb_text _builder_version=&#8220;4.16&#8243; _module_preset=&#8220;default&#8220; text_orientation=&#8220;center&#8220; global_colors_info=&#8220;{}&#8220;]<\/p>\n<p><span style=\"color: #f48347;\"><b>EVAC<\/b><\/span> | <span style=\"color: #bc3143;\"><b>Dojava po\u017eara i gasa<\/b><\/span> | <span style=\"color: #179f5d;\"><b>Panik rasveta<\/b><\/span> | <span style=\"color: #633e97;\"><b>Odvo\u0111enje dima i toplote<\/b><\/span> | <span style=\"color: #83c443;\"><b>Upravljanje ga\u0161enjem<\/b><\/span> | <span style=\"color: #4b7abd;\"><b>Kontrola pristupa<\/b><\/span><\/p>\n<p>[\/et_pb_text][et_pb_text _builder_version=&#8220;4.16&#8243; _module_preset=&#8220;default&#8220; global_colors_info=&#8220;{}&#8220;]<\/p>\n<blockquote>\n<h3>Elementi EVAC sistema<\/h3>\n<\/blockquote>\n<ol>\n<li><strong>Centralna jedinica sistema<\/strong> &#8211; upravlja i nadzire svim delovima EVAC sistema te komunicira sa spoljnjim ure\u0111ajima (vatrodojavna centrala, izvori zvuka i sl.)<\/li>\n<li><strong>Zvu\u010dni\u010dka kontrolna kartica<\/strong> &#8211; nadzire ispravnost zvu\u010dni\u010dkih linija te vr\u0161i distribuciju audio signala sa audio poja\u010dala u odgovaraju\u0107e zone<\/li>\n<li><strong>Poja\u010dala<\/strong> &#8211; osnovna i rezervna, osiguravaju audio signal za zvu\u010dni\u010dke linije<\/li>\n<li><strong>Centralna jedinica napajanja<\/strong> &#8211; osigurava glavno i rezervno (putem baterija) napajanje, vr\u0161i nadzor i punjenje baterija, distribuciju energije u razli\u010ditim na\u010dinima rada<\/li>\n<li><strong>Mikrofon za vatrogasce<\/strong> &#8211; omogu\u0107ava da vatrogasci (ili druge ovla\u0161\u0107ene osobe) ru\u010dno upravljaju EVAC sistemom i izravno daju upute ljudima u ugro\u017eenom prostoru<\/li>\n<li><strong>Zvu\u010dnici<\/strong> &#8211; za razli\u010dite situacije se koriste razli\u010diti tipovi zvu\u010dnika<\/li>\n<li><strong>Zvu\u010dni\u010dke linije<\/strong> &#8211; osiguravaju neprekinutost puta audio signala u slu\u010daju po\u017eara<\/li>\n<li><strong>Dodatni delovi<\/strong> &#8211; audio izvori, zonski pozivni mikrofoni i sl.<\/li>\n<\/ol>\n<p>[\/et_pb_text][et_pb_text _builder_version=&#8220;4.23&#8243; _module_preset=&#8220;default&#8220; custom_padding=&#8220;10px|10px|10px|10px|true|true&#8220; border_radii=&#8220;on|2px|2px|2px|2px&#8220; border_width_all=&#8220;3px&#8220; border_color_all=&#8220;#00b16a&#8220; global_colors_info=&#8220;{}&#8220;]<\/p>\n<p><a href=\"https:\/\/www.alarmautomatika.com\/sr\/softveri\/nadzor-i-upravljanje-zastitnim-sistemima\/\"><strong>ABsistemDCi<\/strong><\/a> je programski paket koji omogu\u0107ava nadzor i upravljanje nad svim integrisanim sistemima tehni\u010dke za\u0161tite putem jedinstvenog interfejsa.<\/p>\n<p>[\/et_pb_text][\/et_pb_column][\/et_pb_row][et_pb_row _builder_version=&#8220;4.16&#8243; _module_preset=&#8220;default&#8220; global_colors_info=&#8220;{}&#8220;][et_pb_column type=&#8220;4_4&#8243; _builder_version=&#8220;4.16&#8243; _module_preset=&#8220;default&#8220; global_colors_info=&#8220;{}&#8220;][et_pb_text _builder_version=&#8220;4.16&#8243; _module_preset=&#8220;default&#8220; global_colors_info=&#8220;{}&#8220;]<\/p>\n<blockquote>\n<h2 id=\"jedinice\">Upravlja\u010dke jedinice za razli\u010dite aplikacije<\/h2>\n<\/blockquote>\n<p>Odabir upravlja\u010dke jedinice prvenstveno zavisi od veli\u010dine i kompleksnosti objekta i u na\u010delu razlikujemo modularne i kompaktne upravlja\u010dke jedinice kakve u ponudi ima Ambient System.<\/p>\n<p><strong>MULTIVES<\/strong> sistem je dizajniran <strong>za srednje velike objekte kao i za slo\u017eenije komercijalne objekte<\/strong> (\u017eelezni\u010dke stanice, aerodrome, rafinerije, sportske stadione, tr\u017ene centre, itd.). Omogu\u0107ava\u00a0 umre\u017eivu, skalabilnu i modularnu strukturu sa <strong>do 44 zvu\u010dni\u010dke linije<\/strong>, reprodukciju <strong>do 12 poruka istovremeno<\/strong>, povezivanje <strong>12 poja\u010dala u sistem<\/strong>.<\/p>\n<p>[\/et_pb_text][et_pb_image src=&#8220;https:\/\/www.alarmautomatika.com\/wp-content\/uploads\/2021\/02\/ambient-system-multives-scheme-hr-scaled.jpg&#8220; title_text=&#8220;ambient-system-multives-scheme-hr&#8220; show_in_lightbox=&#8220;on&#8220; align=&#8220;center&#8220; _builder_version=&#8220;4.16&#8243; _module_preset=&#8220;default&#8220; max_width=&#8220;50%&#8220; global_colors_info=&#8220;{}&#8220;][\/et_pb_image][et_pb_text _builder_version=&#8220;4.16&#8243; _module_preset=&#8220;default&#8220; global_colors_info=&#8220;{}&#8220;]<\/p>\n<p><strong>MINIVES<\/strong> predstavlja <strong>kompaktan i skalabilan PA&amp;VA sistem za manje objekte<\/strong>, sa mogu\u0107no\u0161\u0107u <strong>do 8 zvu\u010dni\u010dkih linija<\/strong> te <strong>2x320W poja\u010dalo<\/strong>, uz <strong>uklju\u010deno rezervno poja\u010dalo<\/strong>. Povezivanje vi\u0161e jedinica je mogu\u0107e umre\u017eavanjem putem FO, a svaka jedinica je opremljena sa vatrogasnim mikrofonom, zaslonom osetljivim na dodir, DSP-om, te programabilnim ulazima i tasterima sme\u0161tenim u IP30 ku\u0107i\u0161te.<\/p>\n<p>[\/et_pb_text][\/et_pb_column][\/et_pb_row][et_pb_row column_structure=&#8220;2_5,3_5&#8243; _builder_version=&#8220;4.16&#8243; _module_preset=&#8220;default&#8220; global_colors_info=&#8220;{}&#8220;][et_pb_column type=&#8220;2_5&#8243; _builder_version=&#8220;4.16&#8243; _module_preset=&#8220;default&#8220; global_colors_info=&#8220;{}&#8220;][et_pb_image src=&#8220;https:\/\/www.alarmautomatika.com\/wp-content\/uploads\/2021\/02\/ambient-system-minives-scheme-en.jpg&#8220; title_text=&#8220;ambient-system-minives-scheme-en&#8220; show_in_lightbox=&#8220;on&#8220; align=&#8220;center&#8220; _builder_version=&#8220;4.16&#8243; _module_preset=&#8220;default&#8220; global_colors_info=&#8220;{}&#8220;][\/et_pb_image][\/et_pb_column][et_pb_column type=&#8220;3_5&#8243; _builder_version=&#8220;4.16&#8243; _module_preset=&#8220;default&#8220; global_colors_info=&#8220;{}&#8220;][et_pb_video src=&#8220;https:\/\/youtu.be\/kHLmF7eTI0Y&#8220; _builder_version=&#8220;4.16&#8243; _module_preset=&#8220;default&#8220; global_colors_info=&#8220;{}&#8220;][\/et_pb_video][\/et_pb_column][\/et_pb_row][et_pb_row _builder_version=&#8220;4.16&#8243; _module_preset=&#8220;default&#8220; custom_padding=&#8220;||0px||false|false&#8220; global_colors_info=&#8220;{}&#8220;][et_pb_column type=&#8220;4_4&#8243; _builder_version=&#8220;4.16&#8243; _module_preset=&#8220;default&#8220; global_colors_info=&#8220;{}&#8220;][et_pb_text _builder_version=&#8220;4.16&#8243; _module_preset=&#8220;default&#8220; custom_padding=&#8220;0px||0px||false|false&#8220; global_colors_info=&#8220;{}&#8220;]<\/p>\n<blockquote>\n<h2 id=\"projektiranje\">Projektovanje EVAC-a<\/h2>\n<\/blockquote>\n<p>&nbsp;<\/p>\n<p>[\/et_pb_text][\/et_pb_column][\/et_pb_row][et_pb_row column_structure=&#8220;3_4,1_4&#8243; _builder_version=&#8220;4.16&#8243; _module_preset=&#8220;default&#8220; custom_padding=&#8220;0px||||false|false&#8220; global_colors_info=&#8220;{}&#8220;][et_pb_column type=&#8220;3_4&#8243; _builder_version=&#8220;4.16&#8243; _module_preset=&#8220;default&#8220; global_colors_info=&#8220;{}&#8220;][et_pb_text _builder_version=&#8220;4.16&#8243; _module_preset=&#8220;default&#8220; global_colors_info=&#8220;{}&#8220;]<\/p>\n<p>Funkcionalnost sistema zavisi od niz parametara koje je potrebno prora\u010dunati pa se EVAC projektuje pomo\u0107u specijalizovanih softvera koji omogu\u0107avaju br\u017ee prora\u010dune i simulacije u skladu sa akusti\u010dnim svojstvima prostora i odabranim zvu\u010dnicima. Ubrzavaju i odabir zvu\u010dnika jer sadr\u017ee baze podataka o zvu\u010dnicima vi\u0161e proizvo\u0111a\u010da, a i kompatibilni su sa ostalim CAD alatima<\/p>\n<p>Osim o pozadinskoj buci te ugro\u017eenosti i akusti\u010dnosti prostora, posebno treba voditi ra\u010duna o razumljivosti govora (STI &#8211; Speech Transmission Index) jer je va\u017eno da osoba jasno i bez sumnje razume poruku emitovanu putem EVAC-a.<\/p>\n<p>[\/et_pb_text][\/et_pb_column][et_pb_column type=&#8220;1_4&#8243; _builder_version=&#8220;4.16&#8243; _module_preset=&#8220;default&#8220; global_colors_info=&#8220;{}&#8220;][et_pb_image src=&#8220;https:\/\/www.alarmautomatika.com\/wp-content\/uploads\/2021\/02\/sound-map.jpg&#8220; title_text=&#8220;sound-map&#8220; show_in_lightbox=&#8220;on&#8220; _builder_version=&#8220;4.16&#8243; _module_preset=&#8220;default&#8220; global_colors_info=&#8220;{}&#8220;][\/et_pb_image][\/et_pb_column][\/et_pb_row][et_pb_row _builder_version=&#8220;4.16&#8243; _module_preset=&#8220;default&#8220; background_enable_color=&#8220;off&#8220; global_colors_info=&#8220;{}&#8220;][et_pb_column type=&#8220;4_4&#8243; _builder_version=&#8220;4.16&#8243; _module_preset=&#8220;default&#8220; global_colors_info=&#8220;{}&#8220;][et_pb_text _builder_version=&#8220;4.16&#8243; _module_preset=&#8220;default&#8220; global_colors_info=&#8220;{}&#8220;]<\/p>\n<h3><strong>Ambient System we make everyday life safer<\/strong><\/h3>\n<p><a href=\"http:\/\/ambientsystem.eu\/\" target=\"_blank\" rel=\"noopener noreferrer\">Ambient System<\/a> ima vi\u0161e od 20 godina iskustva u proizvodnji inovativnih i tehnolo\u0161ki naprednih EVAC re\u0161enja. Svi elementi Ambient System EVAC sustava u uskla\u0111eni sa u EU obaveznim normama.<\/p>\n<p>[\/et_pb_text][et_pb_video src=&#8220;https:\/\/youtu.be\/TeJInYj_KJs&#8220; _builder_version=&#8220;4.16&#8243; _module_preset=&#8220;default&#8220; max_width=&#8220;600px&#8220; module_alignment=&#8220;center&#8220; global_colors_info=&#8220;{}&#8220;][\/et_pb_video][\/et_pb_column][\/et_pb_row][\/et_pb_section]<\/p>\n","protected":false},"excerpt":{"rendered":"<p>Evakuacioni razglas (EVAC) Interes za implementacijom EVAC sistema u zemljama regiona je sve ve\u0107i jer investitori \u017eele pove\u0107ati nivo sigurnosti i uskladiti safety standarde sa onima koji su uobi\u010dajeni u EU. Najve\u0107i broj implementacija je u objektima u kojima se kre\u0107e veliki broj ljudi kao \u0161to su hoteli, javni objekti, tr\u017eni centri, bolnice, \u0161kole ili [&hellip;]<\/p>\n","protected":false},"author":15,"featured_media":0,"parent":4717,"menu_order":0,"comment_status":"closed","ping_status":"closed","template":"","meta":{"_et_pb_use_builder":"on","_et_pb_old_content":"","_et_gb_content_width":"","footnotes":""},"class_list":["post-3879","page","type-page","status-publish","hentry"],"_links":{"self":[{"href":"https:\/\/www.alarmautomatika.com\/sr\/wp-json\/wp\/v2\/pages\/3879","targetHints":{"allow":["GET"]}}],"collection":[{"href":"https:\/\/www.alarmautomatika.com\/sr\/wp-json\/wp\/v2\/pages"}],"about":[{"href":"https:\/\/www.alarmautomatika.com\/sr\/wp-json\/wp\/v2\/types\/page"}],"author":[{"embeddable":true,"href":"https:\/\/www.alarmautomatika.com\/sr\/wp-json\/wp\/v2\/users\/15"}],"replies":[{"embeddable":true,"href":"https:\/\/www.alarmautomatika.com\/sr\/wp-json\/wp\/v2\/comments?post=3879"}],"version-history":[{"count":2,"href":"https:\/\/www.alarmautomatika.com\/sr\/wp-json\/wp\/v2\/pages\/3879\/revisions"}],"predecessor-version":[{"id":49331,"href":"https:\/\/www.alarmautomatika.com\/sr\/wp-json\/wp\/v2\/pages\/3879\/revisions\/49331"}],"up":[{"embeddable":true,"href":"https:\/\/www.alarmautomatika.com\/sr\/wp-json\/wp\/v2\/pages\/4717"}],"wp:attachment":[{"href":"https:\/\/www.alarmautomatika.com\/sr\/wp-json\/wp\/v2\/media?parent=3879"}],"curies":[{"name":"wp","href":"https:\/\/api.w.org\/{rel}","templated":true}]}}