{"id":3920,"date":"2020-08-20T14:19:43","date_gmt":"2020-08-20T12:19:43","guid":{"rendered":"https:\/\/www.alarmautomatika.com\/nadzor-i-upravljanje-zastitnim-sistemima\/"},"modified":"2023-12-21T09:38:03","modified_gmt":"2023-12-21T08:38:03","slug":"nadzor-i-upravljanje-zastitnim-sistemima","status":"publish","type":"page","link":"https:\/\/www.alarmautomatika.com\/sr\/softveri\/nadzor-i-upravljanje-zastitnim-sistemima\/","title":{"rendered":"Softver za integraciju sistema za\u0161tite &#8211; ABsistemDCi"},"content":{"rendered":"<p>[et_pb_section fb_built=&#8220;1&#8243; _builder_version=&#8220;4.16&#8243; _module_preset=&#8220;default&#8220; background_image=&#8220;https:\/\/www.alarmautomatika.com\/wp-content\/uploads\/2020\/09\/Integracija-Softveri.jpg&#8220; background_size=&#8220;initial&#8220; background_position=&#8220;top_center&#8220; global_colors_info=&#8220;{}&#8220;][et_pb_row _builder_version=&#8220;4.16&#8243; _module_preset=&#8220;default&#8220; width=&#8220;95%&#8220; global_colors_info=&#8220;{}&#8220;][et_pb_column type=&#8220;4_4&#8243; _builder_version=&#8220;4.16&#8243; _module_preset=&#8220;default&#8220; global_colors_info=&#8220;{}&#8220;][et_pb_text _builder_version=&#8220;4.16&#8243; _dynamic_attributes=&#8220;content&#8220; _module_preset=&#8220;default&#8220; text_font=&#8220;|600|||||||&#8220; text_text_color=&#8220;#ffffff&#8220; text_font_size=&#8220;48px&#8220; text_line_height=&#8220;1.2em&#8220; custom_padding=&#8220;80px|50px||50px|false|true&#8220; text_font_size_tablet=&#8220;40px&#8220; text_font_size_phone=&#8220;32px&#8220; text_font_size_last_edited=&#8220;on|desktop&#8220; text_line_height_tablet=&#8220;&#8220; text_line_height_phone=&#8220;&#8220; text_line_height_last_edited=&#8220;on|phone&#8220; header_font_tablet=&#8220;&#8220; header_font_phone=&#8220;&#8220; header_font_last_edited=&#8220;on|phone&#8220; header_font_size_tablet=&#8220;&#8220; header_font_size_phone=&#8220;&#8220; header_font_size_last_edited=&#8220;on|phone&#8220; header_line_height_tablet=&#8220;&#8220; header_line_height_phone=&#8220;&#8220; header_line_height_last_edited=&#8220;on|desktop&#8220; global_colors_info=&#8220;{}&#8220;]@ET-DC@eyJkeW5hbWljIjp0cnVlLCJjb250ZW50IjoicG9zdF90aXRsZSIsInNldHRpbmdzIjp7ImJlZm9yZSI6IiIsImFmdGVyIjoiIn19@[\/et_pb_text][\/et_pb_column][\/et_pb_row][et_pb_row column_structure=&#8220;3_4,1_4&#8243; _builder_version=&#8220;4.17.6&#8243; _module_preset=&#8220;default&#8220; background_color=&#8220;#ffffff&#8220; width=&#8220;95%&#8220; custom_margin=&#8220;20px||||false|false&#8220; custom_margin_tablet=&#8220;10px||||false|false&#8220; custom_margin_phone=&#8220;10px||||false|false&#8220; custom_margin_last_edited=&#8220;on|desktop&#8220; custom_padding=&#8220;50px|50px|50px|50px|true|true&#8220; box_shadow_style=&#8220;preset2&#8243; global_colors_info=&#8220;{}&#8220;][et_pb_column type=&#8220;3_4&#8243; _builder_version=&#8220;4.16&#8243; _module_preset=&#8220;default&#8220; global_colors_info=&#8220;{}&#8220;][et_pb_text admin_label=&#8220;Text&#8220; _builder_version=&#8220;4.16&#8243; _module_preset=&#8220;default&#8220; link_font=&#8220;|600|||||||&#8220; header_2_text_align=&#8220;left&#8220; header_2_font_size=&#8220;30px&#8220; header_2_line_height=&#8220;1.2em&#8220; header_font_size_tablet=&#8220;48px&#8220; header_font_size_phone=&#8220;&#8220; header_font_size_last_edited=&#8220;on|tablet&#8220; header_2_font_size_tablet=&#8220;&#8220; header_2_font_size_phone=&#8220;25px&#8220; header_2_font_size_last_edited=&#8220;on|phone&#8220; global_colors_info=&#8220;{}&#8220;]<\/p>\n<blockquote>\n<h2>ABsistemDCi softver za integraciju sistema na objektu<\/h2>\n<\/blockquote>\n<p>ABsistemDCi je programski paket koji omogu\u0107ava nadzor i upravljanje nad svim integrisanim sistemima za\u0161tite putem jedinstvenog su\u010delja. Svrha mu je osigurati koordiniranu i efikasnu za\u0161titu ve\u0107ih poslovnih, trgovinskih, hotelskih i industrijskih objekata ili kompleksa objekata koji se, zbog svoje velike povr\u0161ine i izlo\u017eenosti ve\u0107im rizicima za ljude i imovinu, \u0161tite s vi\u0161e razli\u010ditih sistema. Omogu\u0107ena je i integracija BMS sistema.<\/p>\n<p>U Alarm automatici je razvijena i serija <a href=\"https:\/\/www.alarmautomatika.com\/sr\/softveri\/inteligentno-upravljanje-i-kontrola\/\">ABsistem softvera za inteligentno upravljanje i kontrolu<\/a> kojima se sistem integrirani putem ABsistemDCi softvera integriraju u informacijsko \u2013 komunikacijsku strukturu koju korisnici koriste za vo\u0111enje poslovanja.<\/p>\n<blockquote>\n<h2>Modularan koncept softvera<\/h2>\n<\/blockquote>\n<p>Korisnici ABsistemDCi softvera biraju module koje \u017eele implementirati. Tome je prilago\u0111eno i licenciranje pa se pla\u0107aju samo potrebne funkcije. Osnovni moduli obuhva\u0107aju sisteme koji se naj\u010de\u0161\u0107e integriraju. Lista proizvo\u0111a\u010da \u010dija oprema se mo\u017ee integrirati putem ABsistemDCi softvera nama ograni\u010denja i neprestano se dopunjava novim proizvo\u0111a\u010dima.<\/p>\n<p>&nbsp;<\/p>\n<p>&nbsp;<\/p>\n<p>[\/et_pb_text][et_pb_image src=&#8220;https:\/\/www.alarmautomatika.com\/wp-content\/uploads\/2022\/07\/ABsistemDCi-shema-srb.jpg&#8220; align=&#8220;center&#8220; admin_label=&#8220;Image&#8220; _builder_version=&#8220;4.17.6&#8243; _module_preset=&#8220;default&#8220; positioning=&#8220;relative&#8220; vertical_offset=&#8220;-60px&#8220; z_index=&#8220;auto&#8220; hover_enabled=&#8220;0&#8243; global_colors_info=&#8220;{}&#8220; sticky_enabled=&#8220;0&#8243;][\/et_pb_image][et_pb_text admin_label=&#8220;Text&#8220; _builder_version=&#8220;4.16&#8243; _module_preset=&#8220;default&#8220; link_font=&#8220;|600|||||||&#8220; header_2_text_align=&#8220;left&#8220; header_2_font_size=&#8220;30px&#8220; header_2_line_height=&#8220;1.2em&#8220; header_font_size_tablet=&#8220;48px&#8220; header_font_size_phone=&#8220;&#8220; header_font_size_last_edited=&#8220;on|tablet&#8220; header_2_font_size_tablet=&#8220;&#8220; header_2_font_size_phone=&#8220;25px&#8220; header_2_font_size_last_edited=&#8220;on|phone&#8220; global_colors_info=&#8220;{}&#8220;]<\/p>\n<blockquote>\n<h2>Prednosti integracije putem ABsistemDCi softvera<\/h2>\n<\/blockquote>\n<p><strong>Integracija opreme razli\u010ditih proizvo\u0111a\u010da<br \/><\/strong>ABsistemDCi re\u0161ava problem neuskla\u0111enih digitalnih protokola komunikacije razli\u010ditih proizvo\u0111a\u010da oprema i omogu\u0107ava povezivanje opreme proizvo\u0111a\u010da koji ustupe svoje digitalne protokole.<\/p>\n<p><strong>Modularni koncept<br \/><\/strong>Korisnik bira koje module \u017eeli da implementira. Licenciranje je tome prilago\u0111eno, i\u00a0 korisnik pla\u0107a samo one funkcije koje su mu potrebne.<\/p>\n<p><strong>Integrisani sistemi ostaju anonimni<br \/><\/strong>Integracija putem ABsistemDCi softvera funkcioni\u0161e kao nadgradnja, a svaki pojedini sistem funkcioni\u0161e autonomno. Rizi\u010dne aplikacije se izvode sa redundancijom.<\/p>\n<p><strong>Grafi\u010dke mape osiguravaju preglednost<br \/><\/strong>Na grafi\u010dkim mapama nadziranog prostora se postavljaju dinami\u010dki simboli svih relevantnih elemenata sistema. Softver signalizira njihov status i omogu\u0107ava upravljanje putem istih dinami\u010dkih simbola.<\/p>\n<p><strong>Jednostavno upravljanje integrisanim sistemima<br \/><\/strong>Elementima sistema se upravlja putem grafi\u010dkih objekata na ekranu. Operater mo\u017ee pokrenuti sliku sa neke kamere, uklju\u010diti protivprovalu ili omogu\u0107iti pristup \u0161ti\u0107enom prostoru.<\/p>\n<p><strong>Pra\u0107enje i arhiviranje doga\u0111aja na jednom mestu<br \/><\/strong>Svi doga\u0111aji i akcije korisnika se prate i arhiviraju na jednom mestu i u jednom formatu. Za to softver koristi razne varijante Microsoft SQL Server baze podataka.<\/p>\n<p><strong>Integracija za\u0161titnih i ostalih tehni\u010dkih sistema<br \/><\/strong>Integracijom ostalih sistema na objektu (klimatizacija, ventilacija, rasveta, liftovi) se pove\u0107ava sigurnost objekta (npr. blokiranje kori\u0161\u0107enja lifta u slu\u010daju po\u017earnog alarma), olak\u0161ava upravljanje, i \u0161tedi energiju.<\/p>\n<p><strong>Proaktivno odr\u017eavanje<br \/><\/strong>Softver signalizira i informacije o ispravnosti ili kvaru ure\u0111aja \u0161to je va\u017eno za organizaciju popravka pre nego sistem bude izvan funkcije, a objekat neza\u0161ti\u0107en.<\/p>\n<p><strong>Rad u Windows okru\u017eenju<br \/><\/strong>Softver radi na \u201eClient \u2013 server\u201c principu gde server prima i analizira doga\u0111aje sa sistema, a klijent upravlja sistemom putem Windows aplikacije.<\/p>\n<p>[\/et_pb_text][\/et_pb_column][et_pb_column type=&#8220;1_4&#8243; _builder_version=&#8220;4.16&#8243; _module_preset=&#8220;default&#8220; global_colors_info=&#8220;{}&#8220;][et_pb_image src=&#8220;https:\/\/www.alarmautomatika.com\/wp-content\/uploads\/2020\/08\/idea-project-menu-logo.png&#8220; alt=&#8220;iDEA PROJECT&#8220; title_text=&#8220;idea-project-menu-logo&#8220; align=&#8220;center&#8220; _builder_version=&#8220;4.17.6&#8243; _module_preset=&#8220;default&#8220; global_colors_info=&#8220;{}&#8220;][\/et_pb_image][et_pb_accordion disabled_on=&#8220;off|off|off&#8220; module_class=&#8220;idea-value-propositions&#8220; _builder_version=&#8220;4.17.4&#8243; _module_preset=&#8220;default&#8220; global_module=&#8220;9530&#8243; global_colors_info=&#8220;{}&#8220;][et_pb_accordion_item title=&#8220;Blank&#8220; open=&#8220;on&#8220; _builder_version=&#8220;4.16&#8243; _module_preset=&#8220;default&#8220; custom_css_main_element=&#8220;display:none;&#8220; global_colors_info=&#8220;{}&#8220;][\/et_pb_accordion_item][et_pb_accordion_item title=&#8220;Klijenti&#8220; _builder_version=&#8220;4.16&#8243; _module_preset=&#8220;default&#8220; global_colors_info=&#8220;{}&#8220; open=&#8220;off&#8220;]<\/p>\n<p><a href=\"https:\/\/www.alarmautomatika.com\/sr\/klijenti\/arhitekti\/\">Arhitekti<\/a><\/p>\n<p><a href=\"https:\/\/www.alarmautomatika.com\/sr\/klijenti\/elektro-projektanti\/\">Elektro projektanti<\/a><\/p>\n<p><a href=\"https:\/\/www.alarmautomatika.com\/sr\/klijenti\/gradevinari\/\">Gra\u0111evinari<\/a><\/p>\n<p><a href=\"https:\/\/www.alarmautomatika.com\/sr\/klijenti\/elektro-instalateri\/\">Elektro instalateri<\/a><\/p>\n<p><a href=\"https:\/\/www.alarmautomatika.com\/sr\/klijenti\/sistem-integratori\/\">Sistem integratori<\/a><\/p>\n<p>[\/et_pb_accordion_item][et_pb_accordion_item title=&#8220;Proizvodi&#8220; _builder_version=&#8220;4.16&#8243; _module_preset=&#8220;default&#8220; global_colors_info=&#8220;{}&#8220; open=&#8220;off&#8220;]<\/p>\n<p><a href=\"https:\/\/www.alarmautomatika.com\/sr\/proizvodi\/dojava-pozara\/\">Dojava po\u017eara<\/a><\/p>\n<p><a href=\"https:\/\/www.alarmautomatika.com\/sr\/proizvodi\/detekcija-gasa\/\">Detekcija gasa<\/a><\/p>\n<p><a href=\"https:\/\/www.alarmautomatika.com\/sr\/proizvodi\/sistemi-gasenja-pozara\/\">Sistemi ga\u0161enja po\u017eara<\/a><\/p>\n<p><a href=\"https:\/\/www.alarmautomatika.com\/sr\/proizvodi\/evakuacioni-razglas\/\">Evakuacioni (EVAC) i javni (PA) razglas<\/a><\/p>\n<p><a href=\"https:\/\/www.alarmautomatika.com\/sr\/proizvodi\/odvodjenje-dima-i-toplote-i-upravljanje-pozarnim-sektorima\/\">Odvo\u0111enje dima i toplote i upravljanje po\u017earnim sektorima<\/a><\/p>\n<p><a href=\"https:\/\/www.alarmautomatika.com\/sr\/proizvodi\/panik-rasveta\/\">Panik rasveta<\/a><\/p>\n<p><a href=\"https:\/\/www.alarmautomatika.com\/sr\/proizvodi\/tehnicka-zastita\/\">Tehni\u010dka za\u0161tita<\/a><\/p>\n<p>[\/et_pb_accordion_item][et_pb_accordion_item title=&#8220;Softveri&#8220; _builder_version=&#8220;4.17.4&#8243; _module_preset=&#8220;default&#8220; global_colors_info=&#8220;{}&#8220; open=&#8220;off&#8220;]<\/p>\n<p><a href=\"https:\/\/www.alarmautomatika.com\/sr\/softveri\/nadzor-i-upravljanje-zastitnim-sistemima\/\">ABsistemDCi softver za integraciju<\/a><\/p>\n<p>[\/et_pb_accordion_item][et_pb_accordion_item title=&#8220;Usluge&#8220; _builder_version=&#8220;4.16&#8243; _module_preset=&#8220;default&#8220; global_colors_info=&#8220;{}&#8220; open=&#8220;off&#8220;]<\/p>\n<p><a href=\"https:\/\/www.alarmautomatika.com\/sr\/usluge\/profesionalnost-u-svim-fazama-projekta\/#projektiranje-i-projektna-podrska\" data-et-has-event-already=\"true\">Projektovanje i projektna podr\u0161ka<\/a><\/p>\n<p><a href=\"https:\/\/www.alarmautomatika.com\/sr\/usluge\/profesionalnost-u-svim-fazama-projekta\/#vodjenje-projekata\" data-et-has-event-already=\"true\">Vo\u0111enje projekata<\/a><\/p>\n<p><a href=\"https:\/\/www.alarmautomatika.com\/sr\/usluge\/profesionalnost-u-svim-fazama-projekta\/#programiranje-i-integracija-sustava\" data-et-has-event-already=\"true\">Programiranje i integracija sistema<\/a><\/p>\n<p><a href=\"https:\/\/www.alarmautomatika.com\/sr\/usluge\/profesionalnost-u-svim-fazama-projekta\/#pustanje-sustava-u-rad\" data-et-has-event-already=\"true\">Pu\u0161tanje sistema u rad<\/a><\/p>\n<p><a href=\"https:\/\/www.alarmautomatika.com\/sr\/usluge\/profesionalnost-u-svim-fazama-projekta\/#certificiranje\" data-et-has-event-already=\"true\">Sertifikovanje<\/a><\/p>\n<p><a href=\"https:\/\/www.alarmautomatika.com\/sr\/usluge\/profesionalnost-u-svim-fazama-projekta\/#idea-project-katalog-i-b2b-platforma\" data-et-has-event-already=\"true\">Projektni katalog i B2B platforma<\/a><\/p>\n<p>[\/et_pb_accordion_item][et_pb_accordion_item title=&#8220;Platforma&#8220; _builder_version=&#8220;4.16&#8243; _module_preset=&#8220;default&#8220; global_colors_info=&#8220;{}&#8220; open=&#8220;off&#8220;]<\/p>\n<p><a href=\"https:\/\/www.alarmautomatika.com\/sr\/platforma\/#b2b-projektna-dokumentacija\" data-et-has-event-already=\"true\">B2B platforma sa celokupnom dokumentacijom<\/a><\/p>\n<p>[\/et_pb_accordion_item][\/et_pb_accordion][\/et_pb_column][\/et_pb_row][\/et_pb_section]<\/p>\n","protected":false},"excerpt":{"rendered":"<p>ABsistemDCi softver za integraciju sistema na objektu ABsistemDCi je programski paket koji omogu\u0107ava nadzor i upravljanje nad svim integrisanim sistemima za\u0161tite putem jedinstvenog su\u010delja. Svrha mu je osigurati koordiniranu i efikasnu za\u0161titu ve\u0107ih poslovnih, trgovinskih, hotelskih i industrijskih objekata ili kompleksa objekata koji se, zbog svoje velike povr\u0161ine i izlo\u017eenosti ve\u0107im rizicima za ljude i [&hellip;]<\/p>\n","protected":false},"author":15,"featured_media":0,"parent":4816,"menu_order":0,"comment_status":"closed","ping_status":"closed","template":"","meta":{"_et_pb_use_builder":"on","_et_pb_old_content":"","_et_gb_content_width":"","footnotes":""},"class_list":["post-3920","page","type-page","status-publish","hentry"],"_links":{"self":[{"href":"https:\/\/www.alarmautomatika.com\/sr\/wp-json\/wp\/v2\/pages\/3920","targetHints":{"allow":["GET"]}}],"collection":[{"href":"https:\/\/www.alarmautomatika.com\/sr\/wp-json\/wp\/v2\/pages"}],"about":[{"href":"https:\/\/www.alarmautomatika.com\/sr\/wp-json\/wp\/v2\/types\/page"}],"author":[{"embeddable":true,"href":"https:\/\/www.alarmautomatika.com\/sr\/wp-json\/wp\/v2\/users\/15"}],"replies":[{"embeddable":true,"href":"https:\/\/www.alarmautomatika.com\/sr\/wp-json\/wp\/v2\/comments?post=3920"}],"version-history":[{"count":2,"href":"https:\/\/www.alarmautomatika.com\/sr\/wp-json\/wp\/v2\/pages\/3920\/revisions"}],"predecessor-version":[{"id":51534,"href":"https:\/\/www.alarmautomatika.com\/sr\/wp-json\/wp\/v2\/pages\/3920\/revisions\/51534"}],"up":[{"embeddable":true,"href":"https:\/\/www.alarmautomatika.com\/sr\/wp-json\/wp\/v2\/pages\/4816"}],"wp:attachment":[{"href":"https:\/\/www.alarmautomatika.com\/sr\/wp-json\/wp\/v2\/media?parent=3920"}],"curies":[{"name":"wp","href":"https:\/\/api.w.org\/{rel}","templated":true}]}}