{"id":3926,"date":"2020-08-20T13:21:32","date_gmt":"2020-08-20T11:21:32","guid":{"rendered":"https:\/\/www.alarmautomatika.com\/hoteli\/"},"modified":"2025-03-18T11:53:37","modified_gmt":"2025-03-18T10:53:37","slug":"hoteli","status":"publish","type":"page","link":"https:\/\/www.alarmautomatika.com\/sr\/klijenti\/hoteli\/","title":{"rendered":"Hoteli i kampovi"},"content":{"rendered":"<p>[et_pb_section fb_built=&#8220;1&#8243; _builder_version=&#8220;4.6.2&#8243; _module_preset=&#8220;default&#8220; background_image=&#8220;https:\/\/www.alarmautomatika.com\/wp-content\/uploads\/2020\/09\/hoteli-solution.jpg&#8220; background_size=&#8220;initial&#8220; background_position=&#8220;top_center&#8220; global_colors_info=&#8220;{}&#8220;][et_pb_row _builder_version=&#8220;4.6.0&#8243; _module_preset=&#8220;default&#8220; width=&#8220;95%&#8220; global_colors_info=&#8220;{}&#8220;][et_pb_column type=&#8220;4_4&#8243; _builder_version=&#8220;4.6.0&#8243; _module_preset=&#8220;default&#8220; global_colors_info=&#8220;{}&#8220;][et_pb_text _builder_version=&#8220;4.6.0&#8243; _dynamic_attributes=&#8220;content&#8220; _module_preset=&#8220;default&#8220; text_font=&#8220;|600|||||||&#8220; text_text_color=&#8220;#ffffff&#8220; text_font_size=&#8220;48px&#8220; text_line_height=&#8220;1.2em&#8220; custom_padding=&#8220;80px|50px||50px|false|true&#8220; text_font_size_tablet=&#8220;40px&#8220; text_font_size_phone=&#8220;32px&#8220; text_font_size_last_edited=&#8220;on|desktop&#8220; text_line_height_tablet=&#8220;&#8220; text_line_height_phone=&#8220;&#8220; text_line_height_last_edited=&#8220;on|phone&#8220; header_font_tablet=&#8220;&#8220; header_font_phone=&#8220;&#8220; header_font_last_edited=&#8220;on|phone&#8220; header_font_size_tablet=&#8220;&#8220; header_font_size_phone=&#8220;&#8220; header_font_size_last_edited=&#8220;on|phone&#8220; header_line_height_tablet=&#8220;&#8220; header_line_height_phone=&#8220;&#8220; header_line_height_last_edited=&#8220;on|desktop&#8220; global_colors_info=&#8220;{}&#8220;]@ET-DC@eyJkeW5hbWljIjp0cnVlLCJjb250ZW50IjoicG9zdF90aXRsZSIsInNldHRpbmdzIjp7ImJlZm9yZSI6IiIsImFmdGVyIjoiIn19@[\/et_pb_text][\/et_pb_column][\/et_pb_row][et_pb_row column_structure=&#8220;3_4,1_4&#8243; _builder_version=&#8220;4.6.0&#8243; _module_preset=&#8220;default&#8220; background_color=&#8220;#ffffff&#8220; width=&#8220;95%&#8220; custom_margin=&#8220;20px||||false|false&#8220; custom_margin_tablet=&#8220;10px||||false|false&#8220; custom_margin_phone=&#8220;10px||||false|false&#8220; custom_margin_last_edited=&#8220;on|desktop&#8220; custom_padding=&#8220;50px|50px|50px|50px|true|true&#8220; box_shadow_style=&#8220;preset2&#8243; global_colors_info=&#8220;{}&#8220;][et_pb_column type=&#8220;3_4&#8243; _builder_version=&#8220;4.6.0&#8243; _module_preset=&#8220;default&#8220; global_colors_info=&#8220;{}&#8220;][et_pb_text _builder_version=&#8220;4.14.7&#8243; _module_preset=&#8220;default&#8220; link_font=&#8220;|600|||||||&#8220; header_2_text_align=&#8220;left&#8220; header_2_font_size=&#8220;30px&#8220; header_2_line_height=&#8220;1.2em&#8220; hover_enabled=&#8220;0&#8243; header_font_size_tablet=&#8220;48px&#8220; header_font_size_phone=&#8220;&#8220; header_font_size_last_edited=&#8220;on|tablet&#8220; header_2_font_size_tablet=&#8220;&#8220; header_2_font_size_phone=&#8220;25px&#8220; header_2_font_size_last_edited=&#8220;on|phone&#8220; global_colors_info=&#8220;{}&#8220; sticky_enabled=&#8220;0&#8243;]<\/p>\n<blockquote>\n<h2>Brza prijava i odjava gostiju hotela<\/h2>\n<\/blockquote>\n<p><a href=\"https:\/\/www.alarmautomatika.com\/sr\/softveri\/absistem-ticketing\/#smart_kiosk\" target=\"_blank\" rel=\"noopener noreferrer\">ABsmartKiosk<\/a> omogu\u0107uje brzi check-in i check-out gostiju hotela, jer omogu\u0107uje provjeru dokumenata, izdavanje kartice, kontrolu ulaza u sobu i pla\u0107anje tro\u0161kova. Koristiti se i za reklamiranje dodatne ponude i kupnju ulaznica ili vau\u010dera za odabrane doga\u0111aje.<\/p>\n<blockquote>\n<h2>LPR i kontrola pristupa vozila<\/h2>\n<\/blockquote>\n<p><a href=\"https:\/\/www.alarmautomatika.com\/sr\/proizvodi\/inteligentno-upravljanje-saobracajem-i-parkingom\/\">Kontrola ulaska vozila<\/a> gostiju i dobavlja\u010da se mo\u017ee ubrzati primjenom <a href=\"https:\/\/www.alarmautomatika.com\/sr\/softveri\/absistem-park\/\">ABsistemPark softvera<\/a>. Registarske oznake vozila se o\u010ditavaju putem LPR kamera, a softver uspore\u0111uju o\u010ditanu registraciju s bazom podataka te automatski propu\u0161ta vozila s dozvolom ulaska.<\/p>\n<blockquote>\n<h2>Panoramske kamere za nadzor velikih prostora<\/h2>\n<\/blockquote>\n<p>Megapikselne panoramske kamere omogu\u0107avaju nadzor velikih povr\u0161ina (parkirali\u0161ta, predvorja, stubi\u0161ta), a live video stream mo\u017ee poslu\u017eiti za promociju. Panoramska kamera mijenja vi\u0161e standardnih kamera.<\/p>\n<blockquote>\n<h2>Evidencija \u00a0radnog vremena i kontrola pristupa<\/h2>\n<\/blockquote>\n<p><a href=\"https:\/\/www.alarmautomatika.com\/sr\/proizvodi\/napredni-sistemi-kontrole-pristupa\/\">Sustav kontrole pristupa i evidencije radnog vremena<\/a> treba podr\u017eavati nadzor pristupa pojedinim prostorima te razne modele radnog odnosa (redovni, sezonski) \u00a0i radnog vremena (prekovremeno, klizno, smjensko).<\/p>\n<div>\n<blockquote>\n<h2><span lang=\"HR\">Ograni\u010davanje broja ljudi u zasebnim prostorima hotela<\/span><\/h2>\n<\/blockquote>\n<\/div>\n<div><span lang=\"HR\"><a href=\"https:\/\/www.alarmautomatika.com\/sr\/softveri\/brojenje-ljudi\/#odredjivanje_broja_ljudi\">ABsistemLimitPeople<\/a>\u00a0<\/span>softver omogu\u0107uje jednostavan prikaz broja ljudi koji se nalaze u prostoru, primjerice u hotelskom restoranu, ili na bazenu. To gostima omogu\u0107uje da izbjegnu mjesta na kojima je trenuta\u010dno gu\u017eva te da socijalni kontakt zadr\u017ei u granicama po\u017eeljnog. Ljudi se broje putem IP kamera na ulazu, a na displeju se prikazuje koliko ljudi trenuta\u010dno u prostoru i koliki je maksimalno dozvoljen broj.<\/div>\n<div>\u00a0<\/div>\n<blockquote>\n<h2>Pametne sobe, SOS i energy management<\/h2>\n<\/blockquote>\n<p>Uspje\u0161nost poslovanja ovisi o tro\u0161kovima za grijanje, hla\u0111enje, rasvjetu i vodu i o njima treba voditi ra\u010duna. Kroz sustav inteligentnih soba jednostavno se upravlja potro\u0161njom u sobama. <a href=\"https:\/\/www.alarmautomatika.com\/sr\/sos-sistemi-za-poziv-u-nuzdi\/\">IP bazirani SOS sustavi<\/a> omogu\u0107uju da osoblje SOS poziv primi i putem mobilne aplikacije, dok obavlja ostale poslove.<\/p>\n<blockquote>\n<h2>Integracija safety rje\u0161enja i automatike<\/h2>\n<\/blockquote>\n<p>U hotelima se koristi velik broj sustava za upravljanje, nadzor i za\u0161titu. Safety sustavi sustavi (<a href=\"https:\/\/www.alarmautomatika.com\/sr\/proizvodi\/dojava-pozara\/\">dojave po\u017eara<\/a>, <a href=\"https:\/\/www.alarmautomatika.com\/sr\/proizvodi\/detekcija-gasa\/\">dojave plina<\/a>, <a href=\"https:\/\/www.alarmautomatika.com\/sr\/proizvodi\/evakuacioni-razglas\/\">evakuacijskog razglasa<\/a>, <a href=\"https:\/\/www.alarmautomatika.com\/sr\/proizvodi\/panik-rasveta\/\">panik rasvjete<\/a> i <a href=\"https:\/\/www.alarmautomatika.com\/sr\/proizvodi\/odvodjenje-dima-i-toplote-i-upravljanje-pozarnim-sektorima\/\">odvo\u0111enja dima i topline<\/a>) su obavezni u vi\u0161im kategorijama, i u na\u010delu se integriraju sa <a href=\"https:\/\/www.alarmautomatika.com\/sr\/proizvodi\/bms-i-upravljanje-sistemima-na-objektu\/\">BMS sustavima<\/a> (grijanje, hla\u0111enje, rasvjeta, zasjenjivanje) kako bi se objektom upravljalo u\u010dinkovitije i smanjili tro\u0161kovi. Implementacijom <a href=\"https:\/\/www.alarmautomatika.com\/sr\/softveri\/nadzor-i-upravljanje-zastitnim-sistemima\/\">ABsistemDCi<\/a> softvera omogu\u0107uje se integracija svih tehni\u010dkih sustava na objektu &#8211; tehni\u010dke za\u0161tite, safety i BMS sustava.<\/p>\n<blockquote>\n<h2>Dokumentacija o primijenjenim mjerama za\u0161tite<\/h2>\n<\/blockquote>\n<p>Prosudba ugro\u017eenosti i projekt tehni\u010dke za\u0161tite su osnova za kasnije nadogradnje i odr\u017eavanje sustava. Dokumentacija obuhva\u0107a i certifikate za opremu te zapisnike i radne naloge vezane za popravke i servise.<\/p>\n<blockquote>\n<h2>Odr\u017eavanje i Centralni tehni\u010dki nadzor (CTN)<\/h2>\n<\/blockquote>\n<p><a href=\"https:\/\/www.alarmautomatika.com\/sr\/usluge\/strucne-usluge-za-slozene-projekte\/#odrzavanje\">Daljinski nadzor nad ispravno\u0161\u0107u tehni\u010dke za\u0161tite putem CTN-a<\/a> omogu\u0107ava brzo otklanjanje kvarova. Tehni\u010dku podr\u0161ku i organizaciju popravaka osigurava slu\u017eba odr\u017eavanja.<\/p>\n<p>[\/et_pb_text][\/et_pb_column][et_pb_column type=&#8220;1_4&#8243; _builder_version=&#8220;4.6.0&#8243; _module_preset=&#8220;default&#8220; custom_padding_tablet=&#8220;&#8220; custom_padding_phone=&#8220;&#8220; custom_padding_last_edited=&#8220;on|phone&#8220; global_colors_info=&#8220;{}&#8220;][et_pb_image src=&#8220;https:\/\/www.alarmautomatika.com\/wp-content\/uploads\/2020\/10\/idea-solution-logo-home-banner.png&#8220; alt=&#8220;iDEA Solution&#8220; title_text=&#8220;iDEA Solution&#8220; align=&#8220;center&#8220; _builder_version=&#8220;4.7.4&#8243; _module_preset=&#8220;default&#8220; global_colors_info=&#8220;{}&#8220;][\/et_pb_image][et_pb_accordion module_class=&#8220;idea-value-propositions&#8220; _builder_version=&#8220;4.9.0&#8243; _module_preset=&#8220;default&#8220; global_module=&#8220;8292&#8243; global_colors_info=&#8220;{}&#8220;][et_pb_accordion_item title=&#8220;Blank&#8220; open=&#8220;on&#8220; _builder_version=&#8220;4.9.0&#8243; _module_preset=&#8220;default&#8220; custom_css_main_element=&#8220;display:none;&#8220; global_colors_info=&#8220;{}&#8220;][\/et_pb_accordion_item][et_pb_accordion_item title=&#8220;Klijenti&#8220; _builder_version=&#8220;4.9.0&#8243; _module_preset=&#8220;default&#8220; global_colors_info=&#8220;{}&#8220; open=&#8220;off&#8220;]<\/p>\n<p><a href=\"https:\/\/www.alarmautomatika.com\/sr\/klijenti\/banke-i-finansijske-institucije\/\">Banke i financijske institucije<\/a><\/p>\n<p><\/p>\n<p><a href=\"https:\/\/www.alarmautomatika.com\/sr\/klijenti\/hoteli\/\">Hoteli<\/a><\/p>\n<p><\/p>\n<p><a href=\"https:\/\/www.alarmautomatika.com\/sr\/klijenti\/trgovacki-centri\/\">Trgova\u010dki centri<\/a><\/p>\n<p><\/p>\n<p><a href=\"https:\/\/www.alarmautomatika.com\/sr\/klijenti\/javni-i-poslovni-objekti\/\">Javni i poslovni objekti<\/a><\/p>\n<p><\/p>\n<p><a href=\"https:\/\/www.alarmautomatika.com\/sr\/klijenti\/industrija-i-kriticna-infrastruktura\/\">Industrija i kriti\u010dna infrastruktura<\/a><\/p>\n<p><\/p>\n<p><a href=\"https:\/\/www.alarmautomatika.com\/sr\/klijenti\/javne-povrsine-i-prostori\/\">Javne povr\u0161ine i prostori<\/a><\/p>\n<p>[\/et_pb_accordion_item][et_pb_accordion_item title=&#8220;Proizvodi&#8220; _builder_version=&#8220;4.9.0&#8243; _module_preset=&#8220;default&#8220; global_colors_info=&#8220;{}&#8220; open=&#8220;off&#8220;]<\/p>\n<p><a href=\"https:\/\/www.alarmautomatika.com\/sr\/klijenti\/banke-i-finansijske-institucije\/\">Banke i financijske institucije<\/a><\/p>\n<p><\/p>\n<p><a href=\"https:\/\/www.alarmautomatika.com\/sr\/klijenti\/hoteli\/\">Hoteli<\/a><\/p>\n<p><\/p>\n<p><a href=\"https:\/\/www.alarmautomatika.com\/sr\/klijenti\/trgovacki-centri\/\">Trgova\u010dki centri<\/a><\/p>\n<p><\/p>\n<p><a href=\"https:\/\/www.alarmautomatika.com\/sr\/klijenti\/javni-i-poslovni-objekti\/\">Javni i poslovni objekti<\/a><\/p>\n<p><\/p>\n<p><a href=\"https:\/\/www.alarmautomatika.com\/sr\/klijenti\/industrija-i-kriticna-infrastruktura\/\">Industrija i kriti\u010dna infrastruktura<\/a><\/p>\n<p><\/p>\n<p><a href=\"https:\/\/www.alarmautomatika.com\/sr\/klijenti\/javne-povrsine-i-prostori\/\">Javne povr\u0161ine i prostori<\/a><\/p>\n<p>[\/et_pb_accordion_item][et_pb_accordion_item title=&#8220;Softveri&#8220; _builder_version=&#8220;4.9.0&#8243; _module_preset=&#8220;default&#8220; global_colors_info=&#8220;{}&#8220; open=&#8220;off&#8220;]<\/p>\n<p><a href=\"https:\/\/www.alarmautomatika.com\/sr\/klijenti\/banke-i-finansijske-institucije\/\">Banke i financijske institucije<\/a><\/p>\n<p><\/p>\n<p><a href=\"https:\/\/www.alarmautomatika.com\/sr\/klijenti\/hoteli\/\">Hoteli<\/a><\/p>\n<p><\/p>\n<p><a href=\"https:\/\/www.alarmautomatika.com\/sr\/klijenti\/trgovacki-centri\/\">Trgova\u010dki centri<\/a><\/p>\n<p><\/p>\n<p><a href=\"https:\/\/www.alarmautomatika.com\/sr\/klijenti\/javni-i-poslovni-objekti\/\">Javni i poslovni objekti<\/a><\/p>\n<p><\/p>\n<p><a href=\"https:\/\/www.alarmautomatika.com\/sr\/klijenti\/industrija-i-kriticna-infrastruktura\/\">Industrija i kriti\u010dna infrastruktura<\/a><\/p>\n<p><\/p>\n<p><a href=\"https:\/\/www.alarmautomatika.com\/sr\/klijenti\/javne-povrsine-i-prostori\/\">Javne povr\u0161ine i prostori<\/a><\/p>\n<p>[\/et_pb_accordion_item][et_pb_accordion_item title=&#8220;Usluge&#8220; _builder_version=&#8220;4.9.0&#8243; _module_preset=&#8220;default&#8220; global_colors_info=&#8220;{}&#8220; open=&#8220;off&#8220;]<\/p>\n<p><a href=\"https:\/\/www.alarmautomatika.com\/sr\/klijenti\/banke-i-finansijske-institucije\/\">Banke i financijske institucije<\/a><\/p>\n<p><\/p>\n<p><a href=\"https:\/\/www.alarmautomatika.com\/sr\/klijenti\/hoteli\/\">Hoteli<\/a><\/p>\n<p><\/p>\n<p><a href=\"https:\/\/www.alarmautomatika.com\/sr\/klijenti\/trgovacki-centri\/\">Trgova\u010dki centri<\/a><\/p>\n<p><\/p>\n<p><a href=\"https:\/\/www.alarmautomatika.com\/sr\/klijenti\/javni-i-poslovni-objekti\/\">Javni i poslovni objekti<\/a><\/p>\n<p><\/p>\n<p><a href=\"https:\/\/www.alarmautomatika.com\/sr\/klijenti\/industrija-i-kriticna-infrastruktura\/\">Industrija i kriti\u010dna infrastruktura<\/a><\/p>\n<p><\/p>\n<p><a href=\"https:\/\/www.alarmautomatika.com\/sr\/klijenti\/javne-povrsine-i-prostori\/\">Javne povr\u0161ine i prostori<\/a><\/p>\n<p>[\/et_pb_accordion_item][et_pb_accordion_item title=&#8220;Platforma&#8220; _builder_version=&#8220;4.9.0&#8243; _module_preset=&#8220;default&#8220; global_colors_info=&#8220;{}&#8220; open=&#8220;off&#8220;]<\/p>\n<p><a href=\"https:\/\/www.alarmautomatika.com\/sr\/klijenti\/banke-i-finansijske-institucije\/\">Banke i financijske institucije<\/a><\/p>\n<p><\/p>\n<p><a href=\"https:\/\/www.alarmautomatika.com\/sr\/klijenti\/hoteli\/\">Hoteli<\/a><\/p>\n<p><\/p>\n<p><a href=\"https:\/\/www.alarmautomatika.com\/sr\/klijenti\/trgovacki-centri\/\">Trgova\u010dki centri<\/a><\/p>\n<p><\/p>\n<p><a href=\"https:\/\/www.alarmautomatika.com\/sr\/klijenti\/javni-i-poslovni-objekti\/\">Javni i poslovni objekti<\/a><\/p>\n<p><\/p>\n<p><a href=\"https:\/\/www.alarmautomatika.com\/sr\/klijenti\/industrija-i-kriticna-infrastruktura\/\">Industrija i kriti\u010dna infrastruktura<\/a><\/p>\n<p><\/p>\n<p><a href=\"https:\/\/www.alarmautomatika.com\/sr\/klijenti\/javne-povrsine-i-prostori\/\">Javne povr\u0161ine i prostori<\/a><\/p>\n<p>[\/et_pb_accordion_item][\/et_pb_accordion][\/et_pb_column][\/et_pb_row][\/et_pb_section]<\/p>\n","protected":false},"excerpt":{"rendered":"<p>Brza prijava i odjava gostiju hotela ABsmartKiosk omogu\u0107uje brzi check-in i check-out gostiju hotela, jer omogu\u0107uje provjeru dokumenata, izdavanje kartice, kontrolu ulaza u sobu i pla\u0107anje tro\u0161kova. Koristiti se i za reklamiranje dodatne ponude i kupnju ulaznica ili vau\u010dera za odabrane doga\u0111aje. LPR i kontrola pristupa vozila Kontrola ulaska vozila gostiju i dobavlja\u010da se mo\u017ee [&hellip;]<\/p>\n","protected":false},"author":15,"featured_media":0,"parent":4665,"menu_order":0,"comment_status":"closed","ping_status":"closed","template":"","meta":{"_et_pb_use_builder":"on","_et_pb_old_content":"","_et_gb_content_width":"","footnotes":""},"class_list":["post-3926","page","type-page","status-publish","hentry"],"_links":{"self":[{"href":"https:\/\/www.alarmautomatika.com\/sr\/wp-json\/wp\/v2\/pages\/3926","targetHints":{"allow":["GET"]}}],"collection":[{"href":"https:\/\/www.alarmautomatika.com\/sr\/wp-json\/wp\/v2\/pages"}],"about":[{"href":"https:\/\/www.alarmautomatika.com\/sr\/wp-json\/wp\/v2\/types\/page"}],"author":[{"embeddable":true,"href":"https:\/\/www.alarmautomatika.com\/sr\/wp-json\/wp\/v2\/users\/15"}],"replies":[{"embeddable":true,"href":"https:\/\/www.alarmautomatika.com\/sr\/wp-json\/wp\/v2\/comments?post=3926"}],"version-history":[{"count":2,"href":"https:\/\/www.alarmautomatika.com\/sr\/wp-json\/wp\/v2\/pages\/3926\/revisions"}],"predecessor-version":[{"id":56728,"href":"https:\/\/www.alarmautomatika.com\/sr\/wp-json\/wp\/v2\/pages\/3926\/revisions\/56728"}],"up":[{"embeddable":true,"href":"https:\/\/www.alarmautomatika.com\/sr\/wp-json\/wp\/v2\/pages\/4665"}],"wp:attachment":[{"href":"https:\/\/www.alarmautomatika.com\/sr\/wp-json\/wp\/v2\/media?parent=3926"}],"curies":[{"name":"wp","href":"https:\/\/api.w.org\/{rel}","templated":true}]}}