{"id":3945,"date":"2020-08-20T13:24:22","date_gmt":"2020-08-20T11:24:22","guid":{"rendered":"https:\/\/www.alarmautomatika.com\/javne-povrsine-i-prostori\/"},"modified":"2025-03-21T09:06:08","modified_gmt":"2025-03-21T08:06:08","slug":"javne-povrsine-i-prostori","status":"publish","type":"page","link":"https:\/\/www.alarmautomatika.com\/sr\/klijenti\/javne-povrsine-i-prostori\/","title":{"rendered":"Javne povr\u0161ine i prostori"},"content":{"rendered":"<p>[et_pb_section fb_built=&#8220;1&#8243; _builder_version=&#8220;4.6.2&#8243; _module_preset=&#8220;default&#8220; background_image=&#8220;https:\/\/www.alarmautomatika.com\/wp-content\/uploads\/2020\/09\/gradovi-javne-povrsine.jpg&#8220; background_size=&#8220;initial&#8220; background_position=&#8220;top_center&#8220; global_colors_info=&#8220;{}&#8220;][et_pb_row _builder_version=&#8220;4.6.0&#8243; _module_preset=&#8220;default&#8220; width=&#8220;95%&#8220; global_colors_info=&#8220;{}&#8220;][et_pb_column type=&#8220;4_4&#8243; _builder_version=&#8220;4.6.0&#8243; _module_preset=&#8220;default&#8220; global_colors_info=&#8220;{}&#8220;][et_pb_text _builder_version=&#8220;4.6.0&#8243; _dynamic_attributes=&#8220;content&#8220; _module_preset=&#8220;default&#8220; text_font=&#8220;|600|||||||&#8220; text_text_color=&#8220;#ffffff&#8220; text_font_size=&#8220;48px&#8220; text_line_height=&#8220;1.2em&#8220; custom_padding=&#8220;80px|50px||50px|false|true&#8220; text_font_size_tablet=&#8220;40px&#8220; text_font_size_phone=&#8220;32px&#8220; text_font_size_last_edited=&#8220;on|desktop&#8220; text_line_height_tablet=&#8220;&#8220; text_line_height_phone=&#8220;&#8220; text_line_height_last_edited=&#8220;on|phone&#8220; header_font_tablet=&#8220;&#8220; header_font_phone=&#8220;&#8220; header_font_last_edited=&#8220;on|phone&#8220; header_font_size_tablet=&#8220;&#8220; header_font_size_phone=&#8220;&#8220; header_font_size_last_edited=&#8220;on|phone&#8220; header_line_height_tablet=&#8220;&#8220; header_line_height_phone=&#8220;&#8220; header_line_height_last_edited=&#8220;on|desktop&#8220; global_colors_info=&#8220;{}&#8220;]@ET-DC@eyJkeW5hbWljIjp0cnVlLCJjb250ZW50IjoicG9zdF90aXRsZSIsInNldHRpbmdzIjp7ImJlZm9yZSI6IiIsImFmdGVyIjoiIn19@[\/et_pb_text][\/et_pb_column][\/et_pb_row][et_pb_row column_structure=&#8220;3_4,1_4&#8243; _builder_version=&#8220;4.6.0&#8243; _module_preset=&#8220;default&#8220; background_color=&#8220;#ffffff&#8220; width=&#8220;95%&#8220; custom_margin=&#8220;20px||||false|false&#8220; custom_margin_tablet=&#8220;10px||||false|false&#8220; custom_margin_phone=&#8220;10px||||false|false&#8220; custom_margin_last_edited=&#8220;on|desktop&#8220; custom_padding=&#8220;50px|50px|50px|50px|true|true&#8220; box_shadow_style=&#8220;preset2&#8243; global_colors_info=&#8220;{}&#8220;][et_pb_column type=&#8220;3_4&#8243; _builder_version=&#8220;4.6.0&#8243; _module_preset=&#8220;default&#8220; global_colors_info=&#8220;{}&#8220;][et_pb_text _builder_version=&#8220;4.14.7&#8243; _module_preset=&#8220;default&#8220; link_font=&#8220;|600|||||||&#8220; header_2_text_align=&#8220;left&#8220; header_2_font_size=&#8220;30px&#8220; header_2_line_height=&#8220;1.2em&#8220; hover_enabled=&#8220;0&#8243; header_font_size_tablet=&#8220;48px&#8220; header_font_size_phone=&#8220;&#8220; header_font_size_last_edited=&#8220;on|tablet&#8220; header_2_font_size_tablet=&#8220;&#8220; header_2_font_size_phone=&#8220;25px&#8220; header_2_font_size_last_edited=&#8220;on|phone&#8220; global_colors_info=&#8220;{}&#8220; sticky_enabled=&#8220;0&#8243;]<\/p>\n<blockquote>\n<h2>Dokumentacija u skladu s propisima i GDPR uredbom<\/h2>\n<\/blockquote>\n<p>Za\u0161tita javnih povr\u0161ina je regulisana raznim propisima o kojima treba voditi ra\u010duna pri izradi dokumentacije kao \u0161to su sigurnosne procene, tehni\u010dka re\u0161enja i projekti tehni\u010dke za\u0161tite.<\/p>\n<blockquote>\n<h2>Saobra\u0107ajna analitika<\/h2>\n<\/blockquote>\n<p><a href=\"https:\/\/www.alarmautomatika.com\/sr\/proizvodi\/videoanalitika-i-vestacka-inteligencija\/\">Videoanalitka<\/a> je va\u017ean alat nadzora, <a href=\"https:\/\/www.alarmautomatika.com\/sr\/softveri\/inteligentno-upravljanje-i-kontrola\/\">regulacije i automatske detekcije opasnih doga\u0111aja<\/a> u saobra\u0107aju kao \u0161to su vo\u017enja u pogre\u0161nom smeru, kamioni u nedozvoljenim podru\u010djima, prebrza vo\u017enja, detekcija saobra\u0107ajnih zastoja i zagu\u0161enosti. <\/p>\n<blockquote>\n<h2>Parking re\u0161enja<\/h2>\n<\/blockquote>\n<p>Za <a href=\"https:\/\/www.alarmautomatika.com\/sr\/softveri\/inteligentno-upravljanje-i-kontrola\/#parking-rjesenja\">upravljanje parkingom<\/a> se koriste re\u0161enja za ubrzavanje ulaza\/izlaza, obave\u0161tavanje o slobodnim parking mestima, usmeravanje saobra\u0107aja i naplatu parkinga, koja obuhvata serija <a href=\"https:\/\/www.alarmautomatika.com\/sr\/softveri\/absistem-park\/\">ABsistemPark softvera<\/a>. Obuhvataju i kategorizaciju vozila, identifikaciju vozila LPR kamerama, identifikaciju voza\u010da i naplatu.<\/p>\n<blockquote>\n<h2>Brojanje putnika<\/h2>\n<\/blockquote>\n<p><a href=\"https:\/\/www.alarmautomatika.com\/sr\/softveri\/brojenje-ljudi\/#brojenje_putnika\">Brojanje putnika u javnom prevozu<\/a> je bitno za poslovne analize. Koristi se specijalna oprema koja mora biti otporna na vibracije. Mogu\u0107e je spajanje vi\u0161e kamera za vi\u0161e ulaza\/izlaza, a mogu\u0107 je lokalni nadzor i prenos podataka u centar.<\/p>\n<blockquote>\n<h2>Po\u017ear otvorenog prostora<\/h2>\n<\/blockquote>\n<p>Po\u017ear otvorenog prostora se automatski detektuje putem <a href=\"https:\/\/www.alarmautomatika.com\/sr\/proizvodi\/termovizija-i-zastita-perimetra\/\">termalnih kamera sa videoanalitikom<\/a> koja prepoznaje spektar karakteristi\u010dan za plamen i tako upozorava operatera.<\/p>\n<blockquote>\n<h2>Re\u0161enja za deponije<\/h2>\n<\/blockquote>\n<p>Za upravljanje deponijama namenjen je softver <a href=\"https:\/\/www.alarmautomatika.com\/sr\/softveri\/absistem-green\/\">ABsistemGreen<\/a> koji integri\u0161e kontrolu pristupa, identifikaciju vozila i voza\u010da, signalizaciju, vaganje tereta, videonadzor i automatski ispis svih potrebnih dokumenata.<\/p>\n<blockquote>\n<h2>Za\u0161tita od teroristi\u010dkog napada vozilom<\/h2>\n<\/blockquote>\n<p>Zbog pove\u0107ane opasnosti od teroristi\u010dkog napada, javni prostori se sve \u010de\u0161\u0107e \u0161tite <a href=\"https:\/\/www.alarmautomatika.com\/sr\/antiteroristicke-barijere-za-vozila\/\">antiteroristi\u010dkim barijerama<\/a> koje efikasno spre\u010davaju poku\u0161aj napada vozilom. Naj\u010de\u0161\u0107e se koriste <a href=\"https:\/\/www.alarmautomatika.com\/sr\/antiteroristicke-barijere-za-vozila\/#fiksni-stupici\">fiksni i potapaju\u0107i stubi\u0107i<\/a>  kao i barijere <a href=\"https:\/\/www.alarmautomatika.com\/sr\/antiteroristicke-barijere-za-vozila\/#cityprotector\">CityProtector<\/a> \u010dija otpornost je dokazana na crash testovima. Dostupni su u razli\u010ditim  izradama, i prilago\u0111eni potrebama stanovnika gradova, i mogu  da slu\u017ee kao klupice za odmor, mesta za privezivanje bicikala, kante za otpatke, ili kao saksije za cve\u0107e. <\/p>\n<p>[\/et_pb_text][\/et_pb_column][et_pb_column type=&#8220;1_4&#8243; _builder_version=&#8220;4.6.0&#8243; _module_preset=&#8220;default&#8220; custom_padding_tablet=&#8220;&#8220; custom_padding_phone=&#8220;&#8220; custom_padding_last_edited=&#8220;on|phone&#8220; global_colors_info=&#8220;{}&#8220;][et_pb_image src=&#8220;https:\/\/www.alarmautomatika.com\/wp-content\/uploads\/2020\/10\/idea-solution-logo-home-banner.png&#8220; alt=&#8220;iDEA Solution&#8220; title_text=&#8220;iDEA Solution&#8220; align=&#8220;center&#8220; _builder_version=&#8220;4.7.4&#8243; _module_preset=&#8220;default&#8220; global_colors_info=&#8220;{}&#8220;][\/et_pb_image][et_pb_accordion module_class=&#8220;idea-value-propositions&#8220; _builder_version=&#8220;4.9.0&#8243; _module_preset=&#8220;default&#8220; global_module=&#8220;8292&#8243; global_colors_info=&#8220;{}&#8220;][et_pb_accordion_item title=&#8220;Blank&#8220; open=&#8220;on&#8220; _builder_version=&#8220;4.9.0&#8243; _module_preset=&#8220;default&#8220; custom_css_main_element=&#8220;display:none;&#8220; global_colors_info=&#8220;{}&#8220;][\/et_pb_accordion_item][et_pb_accordion_item title=&#8220;Klijenti&#8220; _builder_version=&#8220;4.9.0&#8243; _module_preset=&#8220;default&#8220; global_colors_info=&#8220;{}&#8220; open=&#8220;off&#8220;]<\/p>\n<p><a href=\"https:\/\/www.alarmautomatika.com\/sr\/klijenti\/banke-i-finansijske-institucije\/\">Banke i financijske institucije<\/a><\/p>\n<p><a href=\"https:\/\/www.alarmautomatika.com\/sr\/klijenti\/hoteli\/\">Hoteli<\/a><\/p>\n<p><a href=\"https:\/\/www.alarmautomatika.com\/sr\/klijenti\/trgovacki-centri\/\">Trgova\u010dki centri<\/a><\/p>\n<p><a href=\"https:\/\/www.alarmautomatika.com\/sr\/klijenti\/javni-i-poslovni-objekti\/\">Javni i poslovni objekti<\/a><\/p>\n<p><a href=\"https:\/\/www.alarmautomatika.com\/sr\/klijenti\/industrija-i-kriticna-infrastruktura\/\">Industrija i kriti\u010dna infrastruktura<\/a><\/p>\n<p><a href=\"https:\/\/www.alarmautomatika.com\/sr\/klijenti\/javne-povrsine-i-prostori\/\">Javne povr\u0161ine i prostori<\/a><\/p>\n<p>[\/et_pb_accordion_item][et_pb_accordion_item title=&#8220;Proizvodi&#8220; _builder_version=&#8220;4.9.0&#8243; _module_preset=&#8220;default&#8220; global_colors_info=&#8220;{}&#8220; open=&#8220;off&#8220;]<\/p>\n<p><a href=\"https:\/\/www.alarmautomatika.com\/sr\/proizvodi\/videoanalitika-i-vestacka-inteligencija\/\">Videoanalitika i umjetna inteligencija<\/a><\/p>\n<p><a href=\"https:\/\/www.alarmautomatika.com\/sr\/proizvodi\/termovizija-i-zastita-perimetra\/\">Termovizija i za\u0161tita perimetra<\/a><\/p>\n<p><a href=\"https:\/\/www.alarmautomatika.com\/sr\/proizvodi\/napredni-sistemi-kontrole-pristupa\/\">Napredni sustavi kontrole pristupa<\/a><\/p>\n<p>Elektroni\u010dka za\u0161tita artikala od kra\u0111e<\/p>\n<p><a href=\"https:\/\/www.alarmautomatika.com\/sr\/proizvodi\/inteligentno-upravljanje-saobracajem-i-parkingom\/\">Inteligentno upravljanje prometom i parkingom<\/a><\/p>\n<p><a href=\"https:\/\/www.alarmautomatika.com\/sr\/proizvodi\/bms-i-upravljanje-sistemima-na-objektu\/\">BMS i upravljanje sustavima na objektu<\/a><\/p>\n<p>[\/et_pb_accordion_item][et_pb_accordion_item title=&#8220;Softveri&#8220; _builder_version=&#8220;4.9.0&#8243; _module_preset=&#8220;default&#8220; global_colors_info=&#8220;{}&#8220; open=&#8220;off&#8220;]<\/p>\n<p><a href=\"https:\/\/www.alarmautomatika.com\/sr\/softveri\/inteligentno-upravljanje-i-kontrola\/#izdavanje-ulaznica\" data-et-has-event-already=\"true\">Izdavanje ulaznica<\/a><\/p>\n<p><a href=\"https:\/\/www.alarmautomatika.com\/sr\/softveri\/inteligentno-upravljanje-i-kontrola\/#brojanje-ljudi\" data-et-has-event-already=\"true\">Brojanje ljudi<\/a><\/p>\n<p><a href=\"https:\/\/www.alarmautomatika.com\/sr\/softveri\/inteligentno-upravljanje-i-kontrola\/#rezervacija-soba\" data-et-has-event-already=\"true\">Rezervacija soba<\/a><\/p>\n<p><a href=\"https:\/\/www.alarmautomatika.com\/sr\/softveri\/inteligentno-upravljanje-i-kontrola\/#parking-rjesenja\" data-et-has-event-already=\"true\">Parking rje\u0161enja<\/a><\/p>\n<p><a href=\"https:\/\/www.alarmautomatika.com\/sr\/softveri\/inteligentno-upravljanje-i-kontrola\/#upravljanje-prometom\" data-et-has-event-already=\"true\">Upravljanje prometom<\/a><\/p>\n<p><a href=\"https:\/\/www.alarmautomatika.com\/sr\/softveri\/inteligentno-upravljanje-i-kontrola\/#upravljanje-posjetiteljima\" data-et-has-event-already=\"true\">Upravljanje posjetiteljima<\/a><\/p>\n<p><a href=\"https:\/\/www.alarmautomatika.com\/sr\/softveri\/inteligentno-upravljanje-i-kontrola\/#nadzor-na-pretovarnim-stanicama\" data-et-has-event-already=\"true\">Nadzor na pretovarnim stanicama<\/a><\/p>\n<p>[\/et_pb_accordion_item][et_pb_accordion_item title=&#8220;Usluge&#8220; _builder_version=&#8220;4.9.0&#8243; _module_preset=&#8220;default&#8220; global_colors_info=&#8220;{}&#8220; open=&#8220;off&#8220;]<\/p>\n<p><a href=\"https:\/\/www.alarmautomatika.com\/sr\/usluge\/strucne-usluge-za-slozene-projekte\/#projektiranje\" data-et-has-event-already=\"true\">Projektiranje<\/a><\/p>\n<p><a href=\"https:\/\/www.alarmautomatika.com\/sr\/usluge\/strucne-usluge-za-slozene-projekte\/#prosudba-ugrozenosti-i-elaborat-mjera-sigurnosti\" data-et-has-event-already=\"true\">Prosudba ugro\u017eenosti i elaborat mjera sigurnosti<\/a><\/p>\n<p><a href=\"https:\/\/www.alarmautomatika.com\/sr\/usluge\/strucne-usluge-za-slozene-projekte\/#konzalting\" data-et-has-event-already=\"true\">Konzalting<\/a><\/p>\n<p><a href=\"https:\/\/www.alarmautomatika.com\/sr\/usluge\/strucne-usluge-za-slozene-projekte\/#nadzor-nad-izvodjenjem\" data-et-has-event-already=\"true\">Nadzor nad izvo\u0111enjem<\/a><\/p>\n<p><a href=\"https:\/\/www.alarmautomatika.com\/sr\/usluge\/strucne-usluge-za-slozene-projekte\/#koordinacija-i-vodjenje-projekata\" data-et-has-event-already=\"true\">Koordinacija i vo\u0111enje projekata<\/a><\/p>\n<p><a href=\"https:\/\/www.alarmautomatika.com\/sr\/usluge\/strucne-usluge-za-slozene-projekte\/#softverska-integracija\" data-et-has-event-already=\"true\">Softverska integracija i ukla\u0161anje u IKT<\/a><\/p>\n<p>[\/et_pb_accordion_item][et_pb_accordion_item title=&#8220;Platforma&#8220; _builder_version=&#8220;4.9.0&#8243; _module_preset=&#8220;default&#8220; global_colors_info=&#8220;{}&#8220; open=&#8220;off&#8220;]<\/p>\n<p><a href=\"https:\/\/www.alarmautomatika.com\/sr\/platforma\/#razmjena-znanja\" data-et-has-event-already=\"true\">Platforma za razmjenu znanja sudionika procesa gra\u0111enja<\/a><\/p>\n<p>[\/et_pb_accordion_item][\/et_pb_accordion][\/et_pb_column][\/et_pb_row][\/et_pb_section]<\/p>\n","protected":false},"excerpt":{"rendered":"<p>Dokumentacija u skladu s propisima i GDPR uredbom Za\u0161tita javnih povr\u0161ina je regulisana raznim propisima o kojima treba voditi ra\u010duna pri izradi dokumentacije kao \u0161to su sigurnosne procene, tehni\u010dka re\u0161enja i projekti tehni\u010dke za\u0161tite. Saobra\u0107ajna analitika Videoanalitka je va\u017ean alat nadzora, regulacije i automatske detekcije opasnih doga\u0111aja u saobra\u0107aju kao \u0161to su vo\u017enja u pogre\u0161nom [&hellip;]<\/p>\n","protected":false},"author":15,"featured_media":0,"parent":4665,"menu_order":0,"comment_status":"closed","ping_status":"closed","template":"","meta":{"_et_pb_use_builder":"on","_et_pb_old_content":"","_et_gb_content_width":"","footnotes":""},"class_list":["post-3945","page","type-page","status-publish","hentry"],"_links":{"self":[{"href":"https:\/\/www.alarmautomatika.com\/sr\/wp-json\/wp\/v2\/pages\/3945","targetHints":{"allow":["GET"]}}],"collection":[{"href":"https:\/\/www.alarmautomatika.com\/sr\/wp-json\/wp\/v2\/pages"}],"about":[{"href":"https:\/\/www.alarmautomatika.com\/sr\/wp-json\/wp\/v2\/types\/page"}],"author":[{"embeddable":true,"href":"https:\/\/www.alarmautomatika.com\/sr\/wp-json\/wp\/v2\/users\/15"}],"replies":[{"embeddable":true,"href":"https:\/\/www.alarmautomatika.com\/sr\/wp-json\/wp\/v2\/comments?post=3945"}],"version-history":[{"count":2,"href":"https:\/\/www.alarmautomatika.com\/sr\/wp-json\/wp\/v2\/pages\/3945\/revisions"}],"predecessor-version":[{"id":56766,"href":"https:\/\/www.alarmautomatika.com\/sr\/wp-json\/wp\/v2\/pages\/3945\/revisions\/56766"}],"up":[{"embeddable":true,"href":"https:\/\/www.alarmautomatika.com\/sr\/wp-json\/wp\/v2\/pages\/4665"}],"wp:attachment":[{"href":"https:\/\/www.alarmautomatika.com\/sr\/wp-json\/wp\/v2\/media?parent=3945"}],"curies":[{"name":"wp","href":"https:\/\/api.w.org\/{rel}","templated":true}]}}